{"id":736,"date":"2022-04-20T05:30:49","date_gmt":"2022-04-20T05:30:49","guid":{"rendered":"https:\/\/tonkincraft.vn\/vn\/?post_type=product&#038;p=736"},"modified":"2025-10-10T22:44:46","modified_gmt":"2025-10-10T15:44:46","slug":"kep-sach-cham-hoa-tiet-trong-dong-dong-son","status":"publish","type":"product","link":"https:\/\/tonkincraft.vn\/vn\/product\/kep-sach-cham-hoa-tiet-trong-dong-dong-son\/","title":{"rendered":"K\u1eb9p S\u00e1ch Ch\u1ea1m Tr\u1ed1ng \u0110\u1ed3ng \u0110\u00f4ng S\u01a1n"},"content":{"rendered":"<p data-start=\"0\" data-end=\"98\"><strong data-start=\"0\" data-end=\"96\">K\u1eb9p S\u00e1ch \u0110\u1ed3ng Ch\u1ea1m Tr\u1ed1ng \u0110\u1ed3ng \u0110\u00f4ng S\u01a1n \u2013 Bi\u1ec3u t\u01b0\u1ee3ng c\u1ee7a c\u1ed9i ngu\u1ed3n, tr\u00ed tu\u1ec7 v\u00e0 tinh th\u1ea7n Vi\u1ec7t<\/strong><\/p>\n<p data-start=\"100\" data-end=\"345\">L\u1ea5y c\u1ea3m h\u1ee9ng t\u1eeb <strong data-start=\"116\" data-end=\"139\">Tr\u1ed1ng \u0110\u1ed3ng \u0110\u00f4ng S\u01a1n<\/strong> \u2013 bi\u1ec3u t\u01b0\u1ee3ng r\u1ef1c r\u1ee1 c\u1ee7a n\u1ec1n v\u0103n minh Vi\u1ec7t c\u1ed5, chi\u1ebfc <strong data-start=\"192\" data-end=\"234\">K\u1eb9p S\u00e1ch \u0110\u1ed3ng Ch\u1ea1m Tr\u1ed1ng \u0110\u1ed3ng \u0110\u00f4ng S\u01a1n<\/strong> t\u00e1i hi\u1ec7n v\u1ebb \u0111\u1eb9p huy\u1ec1n tho\u1ea1i c\u1ee7a d\u00e2n t\u1ed9c qua t\u1eebng h\u1ecda ti\u1ebft \u0111\u01b0\u1ee3c g\u00f2 ch\u1ea1m t\u1ec9 m\u1ec9 tr\u00ean n\u1ec1n \u0111\u1ed3ng v\u00e0ng nguy\u00ean ch\u1ea5t.<\/p>\n<p data-start=\"347\" data-end=\"633\">Tr\u00ean m\u1eb7t k\u1eb9p l\u00e0 h\u00ecnh \u1ea3nh <strong data-start=\"372\" data-end=\"426\">m\u1eb7t tr\u1eddi, chim L\u1ea1c, chi\u1ebfn binh v\u00e0 hoa v\u0103n h\u00ecnh h\u1ecdc<\/strong> \u2013 nh\u1eefng bi\u1ec3u t\u01b0\u1ee3ng thi\u00eang li\u00eang c\u1ee7a ng\u01b0\u1eddi Vi\u1ec7t x\u01b0a, th\u1ec3 hi\u1ec7n <strong data-start=\"488\" data-end=\"532\">s\u1ee9c m\u1ea1nh, ni\u1ec1m tin v\u00e0 kh\u00e1t v\u1ecdng v\u01b0\u01a1n l\u00ean<\/strong>. T\u1eebng \u0111\u01b0\u1eddng ch\u1ea1m n\u1ed5i m\u1ec1m m\u1ea1i ph\u1ea3n chi\u1ebfu \u00e1nh \u0111\u1ed3ng tr\u1ea7m \u1ea5m, g\u1ee3i c\u1ea3m gi\u00e1c v\u1eeba c\u1ed5 k\u00ednh v\u1eeba sang tr\u1ecdng.<\/p>\n<p data-start=\"635\" data-end=\"662\">\ud83c\udf1e <strong data-start=\"638\" data-end=\"660\">C\u1ea3m h\u1ee9ng &amp; \u00fd ngh\u0129a<\/strong><\/p>\n<p data-start=\"664\" data-end=\"1022\">Tr\u1ed1ng \u0110\u1ed3ng \u0110\u00f4ng S\u01a1n t\u01b0\u1ee3ng tr\u01b0ng cho <strong data-start=\"700\" data-end=\"739\">quy\u1ec1n l\u1ef1c, tr\u00ed tu\u1ec7 v\u00e0 s\u1ef1 ph\u1ed3n th\u1ecbnh<\/strong> \u2013 l\u00e0 linh h\u1ed3n c\u1ee7a n\u1ec1n v\u0103n h\u00f3a Vi\u1ec7t.<br data-start=\"775\" data-end=\"778\" \/>H\u00ecnh \u1ea3nh <strong data-start=\"787\" data-end=\"811\">chim L\u1ea1c v\u00e0 m\u1eb7t tr\u1eddi<\/strong> bi\u1ec3u tr\u01b0ng cho <strong data-start=\"827\" data-end=\"888\">kh\u00e1t v\u1ecdng bay cao, tinh th\u1ea7n \u0111o\u00e0n k\u1ebft v\u00e0 \u00fd ch\u00ed tr\u01b0\u1eddng t\u1ed3n<\/strong>.<br data-start=\"889\" data-end=\"892\" \/>Chi\u1ebfc k\u1eb9p s\u00e1ch v\u00ec th\u1ebf kh\u00f4ng ch\u1ec9 l\u00e0 v\u1eadt ph\u1ea9m trang nh\u00e3 m\u00e0 c\u00f2n l\u00e0 <strong data-start=\"956\" data-end=\"1019\">bi\u1ec3u t\u01b0\u1ee3ng c\u1ee7a l\u00f2ng t\u1ef1 h\u00e0o d\u00e2n t\u1ed9c v\u00e0 k\u1ebft n\u1ed1i v\u1edbi c\u1ed9i ngu\u1ed3n<\/strong>.<\/p>\n<p data-start=\"1024\" data-end=\"1060\">\ud83d\udcd6 <strong data-start=\"1027\" data-end=\"1058\">Ph\u1ee5 ki\u1ec7n &amp; qu\u00e0 t\u1eb7ng \u00fd ngh\u0129a<\/strong><\/p>\n<p data-start=\"1062\" data-end=\"1322\">K\u1eb9p s\u00e1ch th\u1ee7 c\u00f4ng tinh x\u1ea3o, ph\u00f9 h\u1ee3p v\u1edbi <strong data-start=\"1102\" data-end=\"1159\">ng\u01b0\u1eddi y\u00eau v\u0103n h\u00f3a, l\u1ecbch s\u1eed v\u00e0 ngh\u1ec7 thu\u1eadt truy\u1ec1n th\u1ed1ng<\/strong>.<br data-start=\"1160\" data-end=\"1163\" \/>L\u00e0 <strong data-start=\"1166\" data-end=\"1187\">m\u00f3n qu\u00e0 trang nh\u00e3<\/strong> d\u00e0nh t\u1eb7ng th\u1ea7y c\u00f4, b\u1ea1n b\u00e8, \u0111\u1ed1i t\u00e1c, hay ng\u01b0\u1eddi n\u01b0\u1edbc ngo\u00e0i y\u00eau Vi\u1ec7t Nam \u2013 mang \u00fd ngh\u0129a <strong data-start=\"1273\" data-end=\"1319\">tri th\u1ee9c, g\u1eafn k\u1ebft v\u00e0 t\u00f4n vinh b\u1ea3n s\u1eafc Vi\u1ec7t<\/strong>.<\/p>\n<p data-start=\"1324\" data-end=\"1358\">\u2692\ufe0f <strong data-start=\"1327\" data-end=\"1356\">Ch\u1ebf t\u00e1c th\u1ee7 c\u00f4ng tinh x\u1ea3o<\/strong><\/p>\n<p data-start=\"1360\" data-end=\"1666\">\u0110\u01b0\u1ee3c <strong data-start=\"1365\" data-end=\"1390\">ch\u1ebf t\u00e1c 100% th\u1ee7 c\u00f4ng<\/strong> b\u1edfi ngh\u1ec7 nh\u00e2n Tonkin Craft \u2013 t\u1eeb vi\u1ec7c t\u1ea1o d\u00e1ng, ch\u1ea1m kh\u1eafc hoa v\u0103n, \u0111\u1ebfn \u0111\u00e1nh b\u00f3ng m\u1edd t\u1ef1 nhi\u00ean \u0111\u1ec3 gi\u1eef l\u1ea1i \u00e1nh v\u00e0ng tr\u1ea7m \u1ea5m \u0111\u1eb7c tr\u01b0ng c\u1ee7a \u0111\u1ed3ng.<br data-start=\"1530\" data-end=\"1533\" \/><strong data-start=\"1533\" data-end=\"1571\">Kh\u00f4ng khu\u00f4n \u0111\u00fac, kh\u00f4ng c\u00f4ng nghi\u1ec7p<\/strong>, m\u1ed7i chi\u1ebfc k\u1eb9p l\u00e0 <strong data-start=\"1590\" data-end=\"1614\">m\u1ed9t t\u00e1c ph\u1ea9m \u0111\u1ed9c b\u1ea3n<\/strong>, l\u01b0u gi\u1eef tinh hoa g\u00f2 ch\u1ea1m \u0111\u1ed3ng truy\u1ec1n th\u1ed1ng Vi\u1ec7t.<\/p>\n<p data-start=\"1668\" data-end=\"1695\">\ud83c\udf81 <strong data-start=\"1671\" data-end=\"1693\">Gi\u00e1 tr\u1ecb &amp; \u1ee9ng d\u1ee5ng<\/strong><\/p>\n<p data-start=\"1697\" data-end=\"1911\">Ph\u1ee5 ki\u1ec7n \u0111\u1ecdc s\u00e1ch \u0111\u1ed9c \u0111\u00e1o, b\u1ec1n b\u1ec9 v\u00e0 mang gi\u00e1 tr\u1ecb v\u0103n h\u00f3a.<br data-start=\"1755\" data-end=\"1758\" \/>Qu\u00e0 t\u1eb7ng \u00fd ngh\u0129a t\u01b0\u1ee3ng tr\u01b0ng cho <strong data-start=\"1791\" data-end=\"1836\">tri th\u1ee9c, t\u1ef1 h\u00e0o d\u00e2n t\u1ed9c v\u00e0 s\u1ef1 tr\u01b0\u1eddng t\u1ed3n<\/strong> \u2013 th\u00edch h\u1ee3p trong c\u00e1c d\u1ecbp tri \u00e2n, l\u1ec5 h\u1ed9i, ho\u1eb7c l\u00e0m qu\u00e0 l\u01b0u ni\u1ec7m cao c\u1ea5p.<\/p>\n<p data-start=\"1913\" data-end=\"1950\">\u2728 <strong data-start=\"1915\" data-end=\"1948\">S\u1ef1 kh\u00e1c bi\u1ec7t c\u1ee7a Tonkin Craft<\/strong><\/p>\n<ul data-start=\"1952\" data-end=\"2165\">\n<li data-start=\"1952\" data-end=\"1994\">\n<p data-start=\"1954\" data-end=\"1994\">Th\u1ee7 c\u00f4ng ho\u00e0n to\u00e0n, \u0111\u1ed9c b\u1ea3n, b\u1ec1n v\u1eefng.<\/p>\n<\/li>\n<li data-start=\"1995\" data-end=\"2081\">\n<p data-start=\"1997\" data-end=\"2081\">K\u1ebft h\u1ee3p <strong data-start=\"2005\" data-end=\"2048\">ngh\u1ec7 thu\u1eadt \u00c1 \u0110\u00f4ng v\u00e0 tinh th\u1ea7n hi\u1ec7n \u0111\u1ea1i<\/strong>, mang gi\u00e1 tr\u1ecb v\u0103n h\u00f3a l\u00e2u d\u00e0i.<\/p>\n<\/li>\n<li data-start=\"2082\" data-end=\"2165\">\n<p data-start=\"2084\" data-end=\"2165\">M\u1ed7i s\u1ea3n ph\u1ea9m kh\u00f4ng ch\u1ec9 l\u00e0 v\u1eadt d\u1ee5ng, m\u00e0 l\u00e0 <strong data-start=\"2126\" data-end=\"2162\">m\u1ed9t bi\u1ec3u t\u01b0\u1ee3ng v\u0103n h\u00f3a s\u1ed1ng \u0111\u1ed9ng<\/strong>.<\/p>\n<\/li>\n<\/ul>\n<p data-start=\"2167\" data-end=\"2195\">\ud83d\udd38 <strong data-start=\"2170\" data-end=\"2193\">Ch\u1ea5t l\u01b0\u1ee3ng &amp; \u0111\u1ed9 b\u1ec1n<\/strong><\/p>\n<p data-start=\"2197\" data-end=\"2320\">\u0110\u1ed3ng Tonkin Craft <strong data-start=\"2215\" data-end=\"2237\">c\u00e0ng d\u00f9ng c\u00e0ng \u0111\u1eb9p<\/strong>, \u00e1nh v\u00e0ng tr\u1ea7m d\u1ea7n theo th\u1eddi gian, t\u1ea1o n\u00ean v\u1ebb c\u1ed5 \u0111i\u1ec3n, s\u00e2u l\u1eafng v\u00e0 gi\u00e0u c\u1ea3m x\u00fac.<\/p>\n<p data-start=\"2322\" data-end=\"2350\">\ud83d\udca7 <strong data-start=\"2325\" data-end=\"2348\">Ch\u0103m s\u00f3c &amp; b\u1ea3o qu\u1ea3n<\/strong><\/p>\n<p data-start=\"2352\" data-end=\"2540\">Lau nh\u1eb9 b\u1eb1ng v\u1ea3i m\u1ec1m sau khi s\u1eed d\u1ee5ng.<br data-start=\"2389\" data-end=\"2392\" \/>C\u00f3 th\u1ec3 \u0111\u00e1nh s\u00e1ng b\u1eb1ng chanh ho\u1eb7c baking soda khi \u0111\u1ed3ng x\u1ec9n m\u00e0u.<br data-start=\"2454\" data-end=\"2457\" \/>Tr\u00e1nh ti\u1ebfp x\u00fac v\u1edbi h\u00f3a ch\u1ea5t, n\u01b0\u1edbc hoa, m\u1ef9 ph\u1ea9m; b\u1ea3o qu\u1ea3n n\u01a1i kh\u00f4 r\u00e1o, tho\u00e1ng m\u00e1t.<\/p>\n<p data-start=\"2542\" data-end=\"2775\" data-is-last-node=\"\" data-is-only-node=\"\">\ud83c\udf3f<br data-start=\"2544\" data-end=\"2547\" \/><strong data-start=\"2547\" data-end=\"2589\">K\u1eb9p S\u00e1ch \u0110\u1ed3ng Ch\u1ea1m Tr\u1ed1ng \u0110\u1ed3ng \u0110\u00f4ng S\u01a1n<\/strong> kh\u00f4ng ch\u1ec9 l\u00e0 ph\u1ee5 ki\u1ec7n \u0111\u1ecdc s\u00e1ch tinh x\u1ea3o, m\u00e0 c\u00f2n l\u00e0 <strong data-start=\"2641\" data-end=\"2669\">t\u00e1c ph\u1ea9m v\u0103n h\u00f3a thu nh\u1ecf<\/strong>, mang trong m\u00ecnh <strong data-start=\"2687\" data-end=\"2719\">linh h\u1ed3n v\u00e0 ni\u1ec1m t\u1ef1 h\u00e0o Vi\u1ec7t<\/strong>, \u0111\u01b0\u1ee3c Tonkin Craft g\u1eedi g\u1eafm qua b\u00e0n tay ng\u01b0\u1eddi ngh\u1ec7 nh\u00e2n.<\/p>\n","protected":false},"excerpt":{"rendered":"<p>K\u1eb9p S\u00e1ch Ch\u1ea1m H\u1ecda Ti\u1ebft Tr\u1ed1ng \u0110\u1ed3ng \u0110\u00f4ng S\u01a1n thi\u1ebft k\u1ebf m\u1ed9c m\u1ea1c, \u0111\u1ed9c l\u1ea1, \u0111\u01a1n gi\u1ea3n, \u0111\u1ed3ng v\u00e0ng theo th\u1eddi gian. S\u1ea3n ph\u1ea9m \u0111\u01b0\u1ee3c ch\u1ebf t\u00e1c c\u1ef1c k\u1ef3 tinh x\u1ea3o tr\u00ean ch\u1ea5t li\u1ec7u \u0111\u1ed3ng \u0111\u1ecf v\u00e0 thau \u0111\u00f2i h\u1ecfi s\u1ef1 t\u1ec9 m\u1ec9 cao trong t\u1eebng \u0111\u01b0\u1eddng n\u00e9t b\u1edfi c\u00e1c ngh\u1ec7 nh\u00e2n.<\/p>\n<p>Th\u00f4ng tin chi ti\u1ebft SP:<\/p>\n<p>&#8211; Ch\u1ea5t li\u1ec7u: \u0110\u1ed3ng \u0111\u1ecf, thau nguy\u00ean ch\u1ea5t<\/p>\n<p>&#8211; K\u00edch th\u01b0\u1edbc: ( chi\u1ec1u d\u00e0i x chi\u1ec1u r\u1ed9ng): 5x15cm<\/p>\n<p>&#8211; Nh\u1eadn l\u00e0m theo m\u1eabu, k\u00edch th\u01b0\u1edbc y\u00eau c\u1ea7u<\/p>\n<p>&#8212;&#8212;&#8212;&#8212;&#8211;<\/p>\n<div dir=\"auto\">\u0110\u1ed3 \u0111\u1ed3ng c\u1ee7a Tonkin Craft \u0111\u00e3 \u0111\u01b0\u1ee3c nghi\u00ean c\u1ee9u, c\u1ea3i ti\u1ebfn m\u1eabu m\u00e3 r\u1ea5t nhi\u1ec1u sao cho \u0111\u01a1n gi\u1ea3n, tinh t\u1ebf v\u00e0 d\u1ec5 d\u00e0ng ph\u00f9 h\u1ee3p v\u1edbi cu\u1ed9c s\u1ed1ng hi\u1ec7n \u0111\u1ea1i.<\/div>\n<div dir=\"auto\">\u0110\u1ed3 \u0111\u1ed3ng s\u1ebd xu\u1ed1ng m\u00e0u theo th\u1eddi gian, v\u00e0 v\u1eabn mang m\u1ed9t v\u1ebb \u0111\u1eb9p \u0111\u1eb7c tr\u01b0ng d\u00f9 kh\u00f4ng s\u00e1ng b\u00f3ng v\u00e0ng nh\u01b0 m\u1edbi. B\u1ea1n c\u00f3 th\u1ec3 \u0111\u00e1nh l\u1ea1i \u0111\u1ed3 \u0111\u1ed3ng b\u1eb1ng chanh ho\u1eb7c gi\u1ea5m \u0111\u1ec3 \u0111\u1ed3 \u0111\u1ed3ng s\u00e1ng h\u01a1n.<\/div>\n","protected":false},"featured_media":738,"comment_status":"open","ping_status":"closed","template":"","meta":[],"product_brand":[],"product_cat":[285,133],"product_tag":[136,137,72,76,135],"class_list":{"0":"post-736","1":"product","2":"type-product","3":"status-publish","4":"has-post-thumbnail","6":"product_cat-bst-trong-dong","7":"product_cat-kep-sach","8":"product_tag-bookmark","9":"product_tag-dau-trang","10":"product_tag-do-dong-noi-that","11":"product_tag-do-dong-thu-cong","12":"product_tag-kep-sach","14":"first","15":"instock","16":"shipping-taxable","17":"product-type-simple"},"aioseo_notices":[],"_links":{"self":[{"href":"https:\/\/tonkincraft.vn\/vn\/wp-json\/wp\/v2\/product\/736","targetHints":{"allow":["GET"]}}],"collection":[{"href":"https:\/\/tonkincraft.vn\/vn\/wp-json\/wp\/v2\/product"}],"about":[{"href":"https:\/\/tonkincraft.vn\/vn\/wp-json\/wp\/v2\/types\/product"}],"replies":[{"embeddable":true,"href":"https:\/\/tonkincraft.vn\/vn\/wp-json\/wp\/v2\/comments?post=736"}],"wp:featuredmedia":[{"embeddable":true,"href":"https:\/\/tonkincraft.vn\/vn\/wp-json\/wp\/v2\/media\/738"}],"wp:attachment":[{"href":"https:\/\/tonkincraft.vn\/vn\/wp-json\/wp\/v2\/media?parent=736"}],"wp:term":[{"taxonomy":"product_brand","embeddable":true,"href":"https:\/\/tonkincraft.vn\/vn\/wp-json\/wp\/v2\/product_brand?post=736"},{"taxonomy":"product_cat","embeddable":true,"href":"https:\/\/tonkincraft.vn\/vn\/wp-json\/wp\/v2\/product_cat?post=736"},{"taxonomy":"product_tag","embeddable":true,"href":"https:\/\/tonkincraft.vn\/vn\/wp-json\/wp\/v2\/product_tag?post=736"}],"curies":[{"name":"wp","href":"https:\/\/api.w.org\/{rel}","templated":true}]}}