{"id":3424,"date":"2025-10-10T21:27:51","date_gmt":"2025-10-10T14:27:51","guid":{"rendered":"https:\/\/tonkincraft.vn\/vn\/?post_type=product&#038;p=3424"},"modified":"2025-10-10T21:29:55","modified_gmt":"2025-10-10T14:29:55","slug":"kieng-ma-bac-hoa-lily-thu-cong","status":"publish","type":"product","link":"https:\/\/tonkincraft.vn\/vn\/product\/kieng-ma-bac-hoa-lily-thu-cong\/","title":{"rendered":"Ki\u1ec1ng M\u1ea1 B\u1ea1c Hoa Lily Th\u1ee7 C\u00f4ng"},"content":{"rendered":"<p data-start=\"0\" data-end=\"65\"><strong data-start=\"0\" data-end=\"63\">Ki\u1ec1ng c\u1ed5 Hoa Calla Lily \u2013 Thanh l\u1ecbch, tinh kh\u00f4i v\u00e0 hi\u1ec7n \u0111\u1ea1i<\/strong><\/p>\n<p data-start=\"67\" data-end=\"386\">L\u1ea5y c\u1ea3m h\u1ee9ng t\u1eeb <strong data-start=\"83\" data-end=\"101\">hoa Calla Lily<\/strong> \u2013 lo\u00e0i hoa t\u01b0\u1ee3ng tr\u01b0ng cho <strong data-start=\"129\" data-end=\"182\">v\u1ebb \u0111\u1eb9p thanh khi\u1ebft, s\u1ef1 t\u1ef1 tin v\u00e0 t\u00ecnh y\u00eau cao qu\u00fd<\/strong>, <strong data-start=\"184\" data-end=\"211\">Ki\u1ec1ng c\u1ed5 Hoa Calla Lily<\/strong> \u0111\u01b0\u1ee3c <strong data-start=\"217\" data-end=\"267\">ch\u1ebf t\u00e1c th\u1ee7 c\u00f4ng 100% t\u1eeb \u0111\u1ed3ng v\u00e0ng nguy\u00ean ch\u1ea5t<\/strong> b\u1edfi <strong data-start=\"272\" data-end=\"298\">ngh\u1ec7 nh\u00e2n Tonkin Craft<\/strong>, k\u1ebft h\u1ee3p gi\u1eefa <strong data-start=\"313\" data-end=\"344\">\u0111\u01b0\u1eddng n\u00e9t t\u1ed1i gi\u1ea3n hi\u1ec7n \u0111\u1ea1i<\/strong> v\u00e0 <strong data-start=\"348\" data-end=\"383\">tinh th\u1ea7n th\u1ee7 c\u00f4ng truy\u1ec1n th\u1ed1ng<\/strong>.<\/p>\n<p data-start=\"388\" data-end=\"702\">C\u00e1nh hoa u\u1ed1n cong m\u1ec1m m\u1ea1i, nh\u1ee5y n\u1ed5i kh\u1ebd tr\u00ean n\u1ec1n \u0111\u1ed3ng \u00e1nh m\u1edd c\u1ed5 \u0111i\u1ec3n \u2013 t\u1eebng chi ti\u1ebft nh\u1ecf \u0111\u1ec1u \u0111\u01b0\u1ee3c g\u00f2 ch\u1ea1m t\u1ec9 m\u1ec9, mang \u0111\u1ebfn <strong data-start=\"510\" data-end=\"542\">v\u1ebb \u0111\u1eb9p sang tr\u1ecdng m\u00e0 tinh t\u1ebf<\/strong>, v\u1eeba n\u1eef t\u00ednh, v\u1eeba m\u1ea1nh m\u1ebd.<br data-start=\"569\" data-end=\"572\" \/>M\u1ed7i chi\u1ebfc ki\u1ec1ng l\u00e0 <strong data-start=\"591\" data-end=\"615\">m\u1ed9t t\u00e1c ph\u1ea9m \u0111\u1ed9c b\u1ea3n<\/strong>, l\u01b0u d\u1ea5u v\u00e2n b\u00faa c\u1ee7a ng\u01b0\u1eddi th\u1ee3 \u2013 minh ch\u1ee9ng cho <strong data-start=\"664\" data-end=\"699\">linh h\u1ed3n c\u1ee7a ngh\u1ec1 th\u1ee7 c\u00f4ng Vi\u1ec7t<\/strong>.<\/p>\n<p data-start=\"704\" data-end=\"720\">\ud83d\udee0 <strong data-start=\"707\" data-end=\"718\">Ch\u1ebf t\u00e1c<\/strong><\/p>\n<ul data-start=\"721\" data-end=\"886\">\n<li data-start=\"721\" data-end=\"765\">\n<p data-start=\"723\" data-end=\"765\">Th\u1ee7 c\u00f4ng 100% b\u1edfi ngh\u1ec7 nh\u00e2n Tonkin Craft<\/p>\n<\/li>\n<li data-start=\"766\" data-end=\"825\">\n<p data-start=\"768\" data-end=\"825\">G\u00f2 ch\u1ea1m, t\u1ea1o h\u00ecnh c\u00e1nh hoa Calla Lily n\u1ed5i kh\u1ed1i t\u1ef1 nhi\u00ean<\/p>\n<\/li>\n<li data-start=\"826\" data-end=\"886\">\n<p data-start=\"828\" data-end=\"886\">\u00c1nh \u0111\u1ed3ng c\u1ed5 \u0111i\u1ec3n, b\u1ec1n b\u1ec9, c\u00e0ng d\u00f9ng c\u00e0ng l\u00ean m\u00e0u tr\u1ea7m \u1ea5m<\/p>\n<\/li>\n<\/ul>\n<p data-start=\"888\" data-end=\"1184\">\ud83c\udf38 <strong data-start=\"891\" data-end=\"911\">Khi n\u00e0o n\u00ean \u0111eo?<\/strong><br data-start=\"911\" data-end=\"914\" \/>Ki\u1ec1ng Hoa Calla Lily ph\u00f9 h\u1ee3p cho <strong data-start=\"947\" data-end=\"988\">s\u1ef1 ki\u1ec7n, l\u1ec5 T\u1ebft, tri\u1ec3n l\u00e3m ngh\u1ec7 thu\u1eadt<\/strong> ho\u1eb7c <strong data-start=\"994\" data-end=\"1016\">nh\u1eefng d\u1ecbp \u0111\u1eb7c bi\u1ec7t<\/strong> khi b\u1ea1n mu\u1ed1n th\u1ec3 hi\u1ec7n phong th\u00e1i <strong data-start=\"1050\" data-end=\"1074\">t\u1ef1 tin v\u00e0 thanh l\u1ecbch<\/strong>.<br data-start=\"1075\" data-end=\"1078\" \/>Tr\u00ean n\u1ec1n <strong data-start=\"1087\" data-end=\"1115\">\u00e1o d\u00e0i ho\u1eb7c v\u00e1y t\u1ed1i gi\u1ea3n<\/strong>, \u00e1nh \u0111\u1ed3ng tr\u1edf th\u00e0nh \u0111i\u1ec3m nh\u1ea5n sang tr\u1ecdng, tinh t\u1ebf v\u00e0 \u0111\u1ea7y kh\u00ed ch\u1ea5t.<\/p>\n<p data-start=\"1186\" data-end=\"1220\">\ud83c\udf3f <strong data-start=\"1189\" data-end=\"1218\">C\u00e1ch ph\u1ed1i c\u00f9ng trang ph\u1ee5c<\/strong><\/p>\n<ul data-start=\"1221\" data-end=\"1418\">\n<li data-start=\"1221\" data-end=\"1289\">\n<p data-start=\"1223\" data-end=\"1289\"><strong data-start=\"1223\" data-end=\"1259\">\u00c1o d\u00e0i l\u1ee5a ho\u1eb7c \u00e1o y\u1ebfm c\u00e1ch t\u00e2n:<\/strong> Gi\u1eef n\u00e9t duy\u00ean d\u00e1ng c\u1ed5 \u0111i\u1ec3n.<\/p>\n<\/li>\n<li data-start=\"1290\" data-end=\"1353\">\n<p data-start=\"1292\" data-end=\"1353\"><strong data-start=\"1292\" data-end=\"1321\">\u0110\u1ea7m satin ho\u1eb7c v\u00e1y linen:<\/strong> G\u1ee3i v\u1ebb \u0111\u1eb9p t\u1ef1 nhi\u00ean, m\u1ec1m m\u1ea1i.<\/p>\n<\/li>\n<li data-start=\"1354\" data-end=\"1418\">\n<p data-start=\"1356\" data-end=\"1418\"><strong data-start=\"1356\" data-end=\"1380\">Trang ph\u1ee5c t\u1ed1i gi\u1ea3n:<\/strong> T\u1ea1o \u0111i\u1ec3m nh\u1ea5n hi\u1ec7n \u0111\u1ea1i, thanh l\u1ecbch.<\/p>\n<\/li>\n<\/ul>\n<p data-start=\"1420\" data-end=\"1448\">\ud83d\udc9b <strong data-start=\"1423\" data-end=\"1446\">Ch\u0103m s\u00f3c &amp; b\u1ea3o qu\u1ea3n<\/strong><\/p>\n<ul data-start=\"1449\" data-end=\"1682\">\n<li data-start=\"1449\" data-end=\"1487\">\n<p data-start=\"1451\" data-end=\"1487\">Lau kh\u00f4 b\u1eb1ng kh\u0103n m\u1ec1m sau khi \u0111eo.<\/p>\n<\/li>\n<li data-start=\"1488\" data-end=\"1551\">\n<p data-start=\"1490\" data-end=\"1551\">Tr\u00e1nh ti\u1ebfp x\u00fac tr\u1ef1c ti\u1ebfp v\u1edbi n\u01b0\u1edbc hoa, chlorine, n\u01b0\u1edbc bi\u1ec3n.<\/p>\n<\/li>\n<li data-start=\"1552\" data-end=\"1621\">\n<p data-start=\"1554\" data-end=\"1621\">B\u1ea3o qu\u1ea3n n\u01a1i kh\u00f4 tho\u00e1ng, trong t\u00fai v\u1ea3i ho\u1eb7c h\u1ed9p g\u1ed7 c\u00f3 g\u00f3i h\u00fat \u1ea9m.<\/p>\n<\/li>\n<li data-start=\"1622\" data-end=\"1682\">\n<p data-start=\"1624\" data-end=\"1682\">Khi h\u01a1i x\u1ec9n, \u0111\u00e1nh b\u00f3ng nh\u1eb9 \u0111\u1ec3 \u00e1nh \u0111\u1ed3ng tr\u1edf l\u1ea1i t\u1ef1 nhi\u00ean.<\/p>\n<\/li>\n<\/ul>\n<p data-start=\"1684\" data-end=\"1899\" data-is-last-node=\"\" data-is-only-node=\"\"><strong data-start=\"1684\" data-end=\"1711\">Ki\u1ec1ng c\u1ed5 Hoa Calla Lily<\/strong> kh\u00f4ng ch\u1ec9 l\u00e0 m\u00f3n trang s\u1ee9c, m\u00e0 c\u00f2n l\u00e0 <strong data-start=\"1750\" data-end=\"1798\">tuy\u00ean ng\u00f4n c\u1ee7a v\u1ebb \u0111\u1eb9p thanh tho\u00e1t v\u00e0 tinh t\u1ebf<\/strong>, n\u01a1i <strong data-start=\"1804\" data-end=\"1838\">b\u00e0n tay ngh\u1ec7 nh\u00e2n Tonkin Craft<\/strong> g\u1eedi g\u1eafm <strong data-start=\"1847\" data-end=\"1899\" data-is-last-node=\"\">h\u1ed3n Vi\u1ec7t trong phong c\u00e1ch hi\u1ec7n \u0111\u1ea1i \u0111\u1ea7y c\u1ea3m h\u1ee9ng.<\/strong><\/p>\n","protected":false},"excerpt":{"rendered":"<p>V\u00f2ng c\u1ed5 hoa Lily thi\u1ebft k\u1ebf m\u1ed9c m\u1ea1c, \u0111\u1ed9c l\u1ea1, m\u1edbi m\u1ebb v\u1edbi h\u00ecnh \u1ea3nh m\u1eb7t tr\u1eddi \u0111\u01b0\u1ee3c ch\u1ea1m tay, l\u00e0 m\u1ed9t m\u00f3n ph\u1ee5 ki\u1ec7n \u0111\u01b0\u1ee3c c\u00e1c ch\u1ecb em \u01b0a th\u00edch r\u1ea5t ph\u00f9 h\u1ee3p v\u1edbi c\u00e1c trang ph\u1ee5c \u00e1o d\u00e0i, \u00e1o l\u1ee5a, c\u1ed5 ph\u1ee5c, truy\u1ec1n th\u1ed1ng,&#8230;S\u1ea3n ph\u1ea9m \u0111\u01b0\u1ee3c ch\u1ebf t\u00e1c c\u1ef1c k\u1ef3 tinh x\u1ea3o tr\u00ean ch\u1ea5t li\u1ec7u \u0111\u1ed3ng thau \u0111\u00f2i h\u1ecfi s\u1ef1 t\u1ec9 m\u1ec9 cao trong t\u1eebng \u0111\u01b0\u1eddng n\u00e9t b\u1edfi c\u00e1c ngh\u1ec7 nh\u00e2n.<\/p>\n<p>Th\u00f4ng tin chi ti\u1ebft SP:<\/p>\n<p>\u2013 Ch\u1ea5t li\u1ec7u: \u0110\u1ed3ng thau nguy\u00ean ch\u1ea5t\/ M\u1ea1 b\u1ea1c<\/p>\n<p>\u2013 Nh\u1eadn l\u00e0m theo m\u1eabu, k\u00edch th\u01b0\u1edbc y\u00eau c\u1ea7u<\/p>\n<p>Kh\u00e1c bi\u1ec7t v\u1edbi nh\u1eefng m\u1eabu v\u00f2ng hi\u1ec7n \u0111\u1ea1i, v\u00f2ng ki\u1ec1ng l\u00e1 t\u1ea1i Tonkin Craft ch\u00ednh l\u00e0 \u201c\u0111\u1eb7c s\u1ea3n\u201d, l\u00e0m t\u00f4n l\u00ean n\u00e9t \u0111\u1eb9p truy\u1ec1n th\u1ed1ng v\u1ed1n c\u00f3 c\u1ee7a t\u00e0 \u00e1o d\u00e0i, \u00e1o l\u1ee5a. V\u1edbi k\u1ebft c\u1ea5u l\u00e0 chi\u1ebfc ki\u1ec1ng m\u1edf v\u00e0 l\u00e1, l\u00e0m \u0111i\u1ec3m nh\u1ea5n cho trang ph\u1ee5c th\u00eam ph\u1ea7n kh\u00e1c bi\u1ec7t v\u00e0 n\u1ed5i b\u1eadt g\u01b0\u01a1ng m\u1eb7t.<\/p>\n","protected":false},"featured_media":3404,"comment_status":"open","ping_status":"closed","template":"","meta":[],"product_brand":[],"product_cat":[283,286,204],"product_tag":[212,222,237,239,219,216,220,236,240,221,218,241,217,238],"class_list":{"0":"post-3424","1":"product","2":"type-product","3":"status-publish","4":"has-post-thumbnail","6":"product_cat-bst-hoa-calla-lily","7":"product_cat-kieng","8":"product_cat-kieng-vong-co","9":"product_tag-brass-hair-pin","10":"product_tag-kieng-ao-dai","11":"product_tag-kieng-ao-lua","12":"product_tag-kieng-bac","13":"product_tag-kieng-deo-co","14":"product_tag-kieng-dong","15":"product_tag-kieng-hoa-sen","16":"product_tag-kieng-la","17":"product_tag-kieng-tron","18":"product_tag-phu-kien-dong","19":"product_tag-vong-co","20":"product_tag-vong-co-tron","21":"product_tag-vong-dong","22":"product_tag-vong-ginkgo","24":"first","25":"instock","26":"shipping-taxable","27":"product-type-simple"},"aioseo_notices":[],"_links":{"self":[{"href":"https:\/\/tonkincraft.vn\/vn\/wp-json\/wp\/v2\/product\/3424","targetHints":{"allow":["GET"]}}],"collection":[{"href":"https:\/\/tonkincraft.vn\/vn\/wp-json\/wp\/v2\/product"}],"about":[{"href":"https:\/\/tonkincraft.vn\/vn\/wp-json\/wp\/v2\/types\/product"}],"replies":[{"embeddable":true,"href":"https:\/\/tonkincraft.vn\/vn\/wp-json\/wp\/v2\/comments?post=3424"}],"wp:featuredmedia":[{"embeddable":true,"href":"https:\/\/tonkincraft.vn\/vn\/wp-json\/wp\/v2\/media\/3404"}],"wp:attachment":[{"href":"https:\/\/tonkincraft.vn\/vn\/wp-json\/wp\/v2\/media?parent=3424"}],"wp:term":[{"taxonomy":"product_brand","embeddable":true,"href":"https:\/\/tonkincraft.vn\/vn\/wp-json\/wp\/v2\/product_brand?post=3424"},{"taxonomy":"product_cat","embeddable":true,"href":"https:\/\/tonkincraft.vn\/vn\/wp-json\/wp\/v2\/product_cat?post=3424"},{"taxonomy":"product_tag","embeddable":true,"href":"https:\/\/tonkincraft.vn\/vn\/wp-json\/wp\/v2\/product_tag?post=3424"}],"curies":[{"name":"wp","href":"https:\/\/api.w.org\/{rel}","templated":true}]}}