{"id":3281,"date":"2025-10-07T21:30:02","date_gmt":"2025-10-07T14:30:02","guid":{"rendered":"https:\/\/tonkincraft.vn\/vn\/?post_type=product&#038;p=3281"},"modified":"2025-10-07T21:41:36","modified_gmt":"2025-10-07T14:41:36","slug":"kieng-dong-cham-hoa-tiet-trang-song-nuoc","status":"publish","type":"product","link":"https:\/\/tonkincraft.vn\/vn\/product\/kieng-dong-cham-hoa-tiet-trang-song-nuoc\/","title":{"rendered":"Ki\u1ec1ng \u0110\u1ed3ng Ch\u1ea1m H\u1ecda Ti\u1ebft Tr\u0103ng S\u00f3ng N\u01b0\u1edbc"},"content":{"rendered":"<article class=\"text-token-text-primary w-full focus:outline-none scroll-mt-[calc(var(--header-height)+min(200px,max(70px,20svh)))]\" dir=\"auto\" tabindex=\"-1\" data-turn-id=\"request-68e49a41-2c98-8320-9551-82c65397f7b8-58\" data-testid=\"conversation-turn-124\" data-scroll-anchor=\"true\" data-turn=\"assistant\">\n<div class=\"text-base my-auto mx-auto pb-10 [--thread-content-margin:--spacing(4)] thread-sm:[--thread-content-margin:--spacing(6)] thread-lg:[--thread-content-margin:--spacing(16)] px-(--thread-content-margin)\">\n<div class=\"[--thread-content-max-width:40rem] thread-lg:[--thread-content-max-width:48rem] mx-auto max-w-(--thread-content-max-width) flex-1 group\/turn-messages focus-visible:outline-hidden relative flex w-full min-w-0 flex-col agent-turn\" tabindex=\"-1\">\n<div class=\"flex max-w-full flex-col grow\">\n<div class=\"min-h-8 text-message relative flex w-full flex-col items-end gap-2 text-start break-words whitespace-normal [.text-message+&amp;]:mt-5\" dir=\"auto\" data-message-author-role=\"assistant\" data-message-id=\"2c646fbe-320c-4e3b-aa0c-fad19d85b5c7\" data-message-model-slug=\"gpt-5\">\n<div class=\"flex w-full flex-col gap-1 empty:hidden first:pt-[1px]\">\n<div class=\"markdown prose dark:prose-invert w-full break-words light markdown-new-styling\">\n<p data-start=\"0\" data-end=\"84\"><strong data-start=\"0\" data-end=\"82\">Ki\u1ec1ng \u0110\u1ed3ng Tr\u0103ng S\u00f3ng N\u01b0\u1edbc C\u1ed5 \u2013 T\u0129nh t\u1ea1i v\u00e0 h\u00f2a h\u1ee3p nh\u01b0 \u00e1nh tr\u0103ng soi m\u1eb7t n\u01b0\u1edbc<\/strong><\/p>\n<p data-start=\"86\" data-end=\"334\">Ki\u1ec1ng \u0110\u1ed3ng Tr\u0103ng S\u00f3ng N\u01b0\u1edbc C\u1ed5 \u0111\u01b0\u1ee3c ch\u1ebf t\u00e1c th\u1ee7 c\u00f4ng 100% t\u1eeb \u0111\u1ed3ng v\u00e0ng nguy\u00ean kh\u1ed1i b\u1edfi ngh\u1ec7 nh\u00e2n Tonkin Craft, l\u1ea5y c\u1ea3m h\u1ee9ng t\u1eeb h\u00ecnh \u1ea3nh <strong data-start=\"221\" data-end=\"259\">m\u1eb7t tr\u0103ng ph\u1ea3n chi\u1ebfu tr\u00ean l\u00e0n n\u01b0\u1edbc<\/strong>, bi\u1ec3u t\u01b0\u1ee3ng c\u1ee7a <strong data-start=\"276\" data-end=\"310\">s\u1ef1 an y\u00ean, vi\u00ean m\u00e3n v\u00e0 h\u00f2a h\u1ee3p<\/strong> trong v\u0103n h\u00f3a \u00c1 \u0110\u00f4ng.<\/p>\n<p data-start=\"336\" data-end=\"584\">H\u1ecda ti\u1ebft <strong data-start=\"345\" data-end=\"361\">s\u00f3ng n\u01b0\u1edbc c\u1ed5<\/strong> \u0111\u01b0\u1ee3c g\u00f2 ch\u1ea1m t\u1ec9 m\u1ec9 b\u1eb1ng tay, h\u00f2a c\u00f9ng \u0111\u01b0\u1eddng cong m\u1ec1m m\u1ea1i c\u1ee7a ki\u1ec1ng, t\u1ea1o n\u00ean t\u1ed5ng th\u1ec3 thanh tho\u00e1t m\u00e0 s\u00e2u l\u1eafng. \u00c1nh \u0111\u1ed3ng m\u1edd c\u1ed5 \u0111i\u1ec3n ph\u1ea3n chi\u1ebfu \u00e1nh s\u00e1ng nh\u01b0 m\u1eb7t n\u01b0\u1edbc lung linh d\u01b0\u1edbi tr\u0103ng \u2013 d\u1ecbu d\u00e0ng, n\u1eef t\u00ednh v\u00e0 \u0111\u1ea7y ch\u1ea5t th\u01a1.<\/p>\n<p data-start=\"586\" data-end=\"761\">M\u1ed7i chi\u1ebfc ki\u1ec1ng l\u00e0 <strong data-start=\"605\" data-end=\"630\">m\u1ed9t phi\u00ean b\u1ea3n \u0111\u1ed9c b\u1ea3n<\/strong>, mang d\u1ea5u v\u00e2n b\u00faa th\u1ee7 c\u00f4ng ri\u00eang bi\u1ec7t \u2013 n\u01a1i l\u01b0u l\u1ea1i h\u01a1i th\u1edf c\u1ee7a ng\u01b0\u1eddi ngh\u1ec7 nh\u00e2n v\u00e0 tinh th\u1ea7n c\u1ee7a ngh\u1ec1 g\u00f2 ch\u1ea1m truy\u1ec1n th\u1ed1ng Vi\u1ec7t.<\/p>\n<p data-start=\"763\" data-end=\"1045\">\ud83c\udf19 <strong data-start=\"766\" data-end=\"786\">Khi n\u00e0o n\u00ean \u0111eo?<\/strong><br data-start=\"786\" data-end=\"789\" \/>Ph\u00f9 h\u1ee3p cho nh\u1eefng d\u1ecbp l\u1ec5 T\u1ebft, ti\u1ec7c ngh\u1ec7 thu\u1eadt, ho\u1eb7c nh\u1eefng kho\u1ea3nh kh\u1eafc \u0111\u1eddi th\u01b0\u1eddng khi b\u1ea1n mu\u1ed1n gi\u1eef cho m\u00ecnh m\u1ed9t chi ti\u1ebft tinh t\u1ebf. Ki\u1ec1ng c\u00f3 th\u1ec3 ph\u1ed1i c\u00f9ng <strong data-start=\"941\" data-end=\"1001\">\u00e1o d\u00e0i l\u1ee5a, v\u00e1y satin, ho\u1eb7c trang ph\u1ee5c t\u1ed1i gi\u1ea3n hi\u1ec7n \u0111\u1ea1i<\/strong> \u0111\u1ec3 t\u1ea1o \u0111i\u1ec3m nh\u1ea5n nh\u1eb9 nh\u00e0ng m\u00e0 sang tr\u1ecdng.<\/p>\n<p data-start=\"1047\" data-end=\"1075\">\ud83d\udc9b <strong data-start=\"1050\" data-end=\"1073\">Ch\u0103m s\u00f3c &amp; b\u1ea3o qu\u1ea3n<\/strong><\/p>\n<ul data-start=\"1076\" data-end=\"1315\">\n<li data-start=\"1076\" data-end=\"1114\">\n<p data-start=\"1078\" data-end=\"1114\">Lau kh\u00f4 b\u1eb1ng kh\u0103n m\u1ec1m sau khi \u0111eo.<\/p>\n<\/li>\n<li data-start=\"1115\" data-end=\"1178\">\n<p data-start=\"1117\" data-end=\"1178\">Tr\u00e1nh ti\u1ebfp x\u00fac tr\u1ef1c ti\u1ebfp v\u1edbi n\u01b0\u1edbc hoa, chlorine, n\u01b0\u1edbc bi\u1ec3n.<\/p>\n<\/li>\n<li data-start=\"1179\" data-end=\"1238\">\n<p data-start=\"1181\" data-end=\"1238\">C\u1ea5t n\u01a1i kh\u00f4 tho\u00e1ng, t\u00fai v\u1ea3i ho\u1eb7c h\u1ed9p g\u1ed7 k\u00e8m g\u00f3i h\u00fat \u1ea9m.<\/p>\n<\/li>\n<li data-start=\"1239\" data-end=\"1315\">\n<p data-start=\"1241\" data-end=\"1315\">Khi \u00e1nh \u0111\u1ed3ng h\u01a1i x\u1ec9n, c\u00f3 th\u1ec3 \u0111\u00e1nh b\u00f3ng nh\u1eb9 \u0111\u1ec3 ph\u1ee5c h\u1ed3i \u0111\u1ed9 s\u00e1ng t\u1ef1 nhi\u00ean.<\/p>\n<\/li>\n<\/ul>\n<p data-start=\"1317\" data-end=\"1548\" data-is-last-node=\"\" data-is-only-node=\"\"><strong data-start=\"1317\" data-end=\"1350\">Ki\u1ec1ng \u0110\u1ed3ng Tr\u0103ng S\u00f3ng N\u01b0\u1edbc C\u1ed5<\/strong> kh\u00f4ng ch\u1ec9 l\u00e0 m\u00f3n trang s\u1ee9c, m\u00e0 c\u00f2n l\u00e0 <strong data-start=\"1389\" data-end=\"1416\">m\u1ed9t t\u00e1c ph\u1ea9m ngh\u1ec7 thu\u1eadt<\/strong>, n\u01a1i \u00e1nh tr\u0103ng x\u01b0a v\u00e0 nh\u1ecbp n\u01b0\u1edbc c\u1ed5 \u0111\u01b0\u1ee3c t\u00e1i sinh trong b\u00e0n tay ng\u01b0\u1eddi th\u1ee3 Vi\u1ec7t, mang l\u1ea1i c\u1ea3m gi\u00e1c t\u0129nh t\u1ea1i v\u00e0 v\u1ebb \u0111\u1eb9p v\u01b0\u1ee3t th\u1eddi gian.<\/p>\n<\/div>\n<\/div>\n<\/div>\n<\/div>\n<\/div>\n<\/div>\n<\/article>\n","protected":false},"excerpt":{"rendered":"<p><strong data-start=\"0\" data-end=\"33\">Ki\u1ec1ng \u0110\u1ed3ng Tr\u0103ng S\u00f3ng N\u01b0\u1edbc C\u1ed5<\/strong> \u2013 \u0111\u01b0\u1ee3c ch\u1ebf t\u00e1c th\u1ee7 c\u00f4ng 100% t\u1eeb \u0111\u1ed3ng v\u00e0ng, l\u1ea5y c\u1ea3m h\u1ee9ng t\u1eeb h\u00ecnh \u1ea3nh <strong data-start=\"102\" data-end=\"128\" data-is-only-node=\"\">\u00e1nh tr\u0103ng soi m\u1eb7t n\u01b0\u1edbc<\/strong>, bi\u1ec3u t\u01b0\u1ee3ng c\u1ee7a <strong data-start=\"145\" data-end=\"169\">s\u1ef1 an y\u00ean v\u00e0 h\u00f2a h\u1ee3p<\/strong>. H\u1ecda ti\u1ebft s\u00f3ng n\u01b0\u1edbc c\u1ed5 \u0111\u01b0\u1ee3c g\u00f2 ch\u1ea1m t\u1ec9 m\u1ec9, \u00e1nh \u0111\u1ed3ng m\u1edd ph\u1ea3n chi\u1ebfu nh\u1eb9 nh\u00e0ng, mang v\u1ebb <strong data-start=\"255\" data-end=\"288\">d\u1ecbu d\u00e0ng, n\u1eef t\u00ednh v\u00e0 s\u00e2u l\u1eafng<\/strong>.<\/p>\n<p>Th\u00f4ng tin chi ti\u1ebft SP:<\/p>\n<p>\u2013 Ch\u1ea5t li\u1ec7u: \u0110\u1ed3ng thau nguy\u00ean ch\u1ea5t<\/p>\n<p>\u2013 Ph\u01b0\u01a1ng c\u00e1ch ch\u1ebf t\u1ea1o: Th\u1ee7 c\u00f4ng, g\u00f2 tay<\/p>\n<p>\u2013 Xu\u1ea5t x\u1ee9: Vi\u1ec7t Nam<\/p>\n<p>\u2013 M\u00e0u s\u1eafc: v\u00e0ng<\/p>\n<p>\u2013 Nh\u1eadn l\u00e0m theo m\u1eabu, k\u00edch th\u01b0\u1edbc y\u00eau c\u1ea7u<\/p>\n<p>Kh\u00e1c bi\u1ec7t v\u1edbi nh\u1eefng m\u1eabu v\u00f2ng hi\u1ec7n \u0111\u1ea1i, v\u00f2ng ki\u1ec1ng l\u00e1 t\u1ea1i Tonkin Craft ch\u00ednh l\u00e0 \u201c\u0111\u1eb7c s\u1ea3n\u201d, l\u00e0m t\u00f4n l\u00ean n\u00e9t \u0111\u1eb9p truy\u1ec1n th\u1ed1ng v\u1ed1n c\u00f3 c\u1ee7a t\u00e0 \u00e1o d\u00e0i, \u00e1o l\u1ee5a. V\u1edbi k\u1ebft c\u1ea5u l\u00e0 chi\u1ebfc ki\u1ec1ng m\u1edf v\u00e0 l\u00e1, l\u00e0m \u0111i\u1ec3m nh\u1ea5n cho trang ph\u1ee5c th\u00eam ph\u1ea7n kh\u00e1c bi\u1ec7t v\u00e0 n\u1ed5i b\u1eadt g\u01b0\u01a1ng m\u1eb7t.<\/p>\n","protected":false},"featured_media":3293,"comment_status":"open","ping_status":"closed","template":"","meta":[],"product_brand":[],"product_cat":[286,204],"product_tag":[212,222,237,239,219,216,220,236,221,218,217,238],"class_list":{"0":"post-3281","1":"product","2":"type-product","3":"status-publish","4":"has-post-thumbnail","6":"product_cat-kieng","7":"product_cat-kieng-vong-co","8":"product_tag-brass-hair-pin","9":"product_tag-kieng-ao-dai","10":"product_tag-kieng-ao-lua","11":"product_tag-kieng-bac","12":"product_tag-kieng-deo-co","13":"product_tag-kieng-dong","14":"product_tag-kieng-hoa-sen","15":"product_tag-kieng-la","16":"product_tag-phu-kien-dong","17":"product_tag-vong-co","18":"product_tag-vong-dong","19":"product_tag-vong-ginkgo","21":"first","22":"instock","23":"shipping-taxable","24":"product-type-simple"},"aioseo_notices":[],"_links":{"self":[{"href":"https:\/\/tonkincraft.vn\/vn\/wp-json\/wp\/v2\/product\/3281","targetHints":{"allow":["GET"]}}],"collection":[{"href":"https:\/\/tonkincraft.vn\/vn\/wp-json\/wp\/v2\/product"}],"about":[{"href":"https:\/\/tonkincraft.vn\/vn\/wp-json\/wp\/v2\/types\/product"}],"replies":[{"embeddable":true,"href":"https:\/\/tonkincraft.vn\/vn\/wp-json\/wp\/v2\/comments?post=3281"}],"wp:featuredmedia":[{"embeddable":true,"href":"https:\/\/tonkincraft.vn\/vn\/wp-json\/wp\/v2\/media\/3293"}],"wp:attachment":[{"href":"https:\/\/tonkincraft.vn\/vn\/wp-json\/wp\/v2\/media?parent=3281"}],"wp:term":[{"taxonomy":"product_brand","embeddable":true,"href":"https:\/\/tonkincraft.vn\/vn\/wp-json\/wp\/v2\/product_brand?post=3281"},{"taxonomy":"product_cat","embeddable":true,"href":"https:\/\/tonkincraft.vn\/vn\/wp-json\/wp\/v2\/product_cat?post=3281"},{"taxonomy":"product_tag","embeddable":true,"href":"https:\/\/tonkincraft.vn\/vn\/wp-json\/wp\/v2\/product_tag?post=3281"}],"curies":[{"name":"wp","href":"https:\/\/api.w.org\/{rel}","templated":true}]}}