{"id":3224,"date":"2025-10-07T20:38:27","date_gmt":"2025-10-07T13:38:27","guid":{"rendered":"https:\/\/tonkincraft.vn\/vn\/?post_type=product&#038;p=3224"},"modified":"2025-10-22T23:49:17","modified_gmt":"2025-10-22T16:49:17","slug":"kieng-dong-cham-trong-dong-thu-cong","status":"publish","type":"product","link":"https:\/\/tonkincraft.vn\/vn\/product\/kieng-dong-cham-trong-dong-thu-cong\/","title":{"rendered":"Ki\u1ec1ng \u0110\u1ed3ng Ch\u1ea1m Tr\u1ed1ng \u0110\u1ed3ng Th\u1ee7 C\u00f4ng"},"content":{"rendered":"<article class=\"text-token-text-primary w-full focus:outline-none scroll-mt-[calc(var(--header-height)+min(200px,max(70px,20svh)))]\" dir=\"auto\" tabindex=\"-1\" data-turn-id=\"request-68e49a41-2c98-8320-9551-82c65397f7b8-40\" data-testid=\"conversation-turn-88\" data-scroll-anchor=\"true\" data-turn=\"assistant\">\n<div class=\"text-base my-auto mx-auto pb-10 [--thread-content-margin:--spacing(4)] thread-sm:[--thread-content-margin:--spacing(6)] thread-lg:[--thread-content-margin:--spacing(16)] px-(--thread-content-margin)\">\n<div class=\"[--thread-content-max-width:40rem] thread-lg:[--thread-content-max-width:48rem] mx-auto max-w-(--thread-content-max-width) flex-1 group\/turn-messages focus-visible:outline-hidden relative flex w-full min-w-0 flex-col agent-turn\" tabindex=\"-1\">\n<div class=\"flex max-w-full flex-col grow\">\n<div class=\"min-h-8 text-message relative flex w-full flex-col items-end gap-2 text-start break-words whitespace-normal [.text-message+&amp;]:mt-5\" dir=\"auto\" data-message-author-role=\"assistant\" data-message-id=\"8f7add3c-ecdb-45c3-9432-ec9be6d395b4\" data-message-model-slug=\"gpt-5\">\n<div class=\"flex w-full flex-col gap-1 empty:hidden first:pt-[1px]\">\n<div class=\"markdown prose dark:prose-invert w-full break-words light markdown-new-styling\">\n<article class=\"text-token-text-primary w-full focus:outline-none scroll-mt-[calc(var(--header-height)+min(200px,max(70px,20svh)))]\" dir=\"auto\" tabindex=\"-1\" data-turn-id=\"request-68e49a41-2c98-8320-9551-82c65397f7b8-46\" data-testid=\"conversation-turn-100\" data-scroll-anchor=\"true\" data-turn=\"assistant\">\n<div class=\"text-base my-auto mx-auto pb-10 [--thread-content-margin:--spacing(4)] thread-sm:[--thread-content-margin:--spacing(6)] thread-lg:[--thread-content-margin:--spacing(16)] px-(--thread-content-margin)\">\n<div class=\"[--thread-content-max-width:40rem] thread-lg:[--thread-content-max-width:48rem] mx-auto max-w-(--thread-content-max-width) flex-1 group\/turn-messages focus-visible:outline-hidden relative flex w-full min-w-0 flex-col agent-turn\" tabindex=\"-1\">\n<div class=\"flex max-w-full flex-col grow\">\n<div class=\"min-h-8 text-message relative flex w-full flex-col items-end gap-2 text-start break-words whitespace-normal [.text-message+&amp;]:mt-5\" dir=\"auto\" data-message-author-role=\"assistant\" data-message-id=\"50c0a3b9-3c46-4de5-bc7e-40a582721d8f\" data-message-model-slug=\"gpt-5\">\n<div class=\"flex w-full flex-col gap-1 empty:hidden first:pt-[1px]\">\n<div class=\"markdown prose dark:prose-invert w-full break-words light markdown-new-styling\">\n<p data-start=\"0\" data-end=\"67\"><strong data-start=\"0\" data-end=\"65\">Ki\u1ec1ng \u0111\u1ed3ng ch\u1ea1m Tr\u1ed1ng \u0110\u1ed3ng \u2013 H\u1ed3n di s\u1ea3n trong d\u00e1ng ki\u1ec1ng Vi\u1ec7t<\/strong><\/p>\n<p data-start=\"69\" data-end=\"295\">L\u1ea5y c\u1ea3m h\u1ee9ng t\u1eeb <strong data-start=\"85\" data-end=\"116\">hoa v\u0103n tr\u1ed1ng \u0111\u1ed3ng \u0110\u00f4ng S\u01a1n<\/strong> \u2013 bi\u1ec3u t\u01b0\u1ee3ng c\u1ee7a <strong data-start=\"134\" data-end=\"154\">v\u0103n minh Vi\u1ec7t c\u1ed5<\/strong>, chi\u1ebfc <strong data-start=\"162\" data-end=\"192\">Ki\u1ec1ng \u0111\u1ed3ng ch\u1ea1m Tr\u1ed1ng \u0110\u1ed3ng<\/strong> l\u00e0 s\u1ef1 k\u1ebft h\u1ee3p h\u00e0i h\u00f2a gi\u1eefa <strong data-start=\"220\" data-end=\"256\">ngh\u1ec7 thu\u1eadt th\u1ee7 c\u00f4ng truy\u1ec1n th\u1ed1ng<\/strong> v\u00e0 <strong data-start=\"260\" data-end=\"292\">thi\u1ebft k\u1ebf \u0111\u01b0\u01a1ng \u0111\u1ea1i tinh gi\u1ea3n<\/strong>.<\/p>\n<p data-start=\"297\" data-end=\"659\">T\u1eebng h\u1ecda ti\u1ebft m\u1eb7t tr\u1eddi, chim L\u1ea1c, ng\u01b0\u1eddi gi\u00e3 g\u1ea1o&#8230; \u0111\u01b0\u1ee3c <strong data-start=\"353\" data-end=\"384\">g\u00f2 ch\u1ea1m t\u1ec9 m\u1ec9 th\u1ee7 c\u00f4ng 100%<\/strong> b\u1edfi <strong data-start=\"389\" data-end=\"415\">ngh\u1ec7 nh\u00e2n Tonkin Craft<\/strong>, l\u01b0u l\u1ea1i r\u00f5 n\u00e9t <strong data-start=\"432\" data-end=\"452\">v\u00e2n b\u00faa th\u1ee7 c\u00f4ng<\/strong> \u2013 minh ch\u1ee9ng cho k\u1ef9 ngh\u1ec7 v\u00e0 t\u00e2m huy\u1ebft c\u1ee7a ng\u01b0\u1eddi th\u1ee3. \u00c1nh \u0111\u1ed3ng v\u00e0ng m\u1edd c\u1ed5 \u0111i\u1ec3n ph\u1ea3n chi\u1ebfu \u00e1nh s\u00e1ng d\u1ecbu nh\u1eb9, mang \u0111\u1ebfn c\u1ea3m gi\u00e1c v\u1eeba <strong data-start=\"582\" data-end=\"611\">thi\u00eang li\u00eang, v\u1eeba g\u1ea7n g\u0169i<\/strong>, nh\u01b0 m\u1ed9t b\u1ea3n h\u00f2a ca gi\u1eefa qu\u00e1 kh\u1ee9 v\u00e0 hi\u1ec7n t\u1ea1i.<\/p>\n<p data-start=\"661\" data-end=\"677\">\ud83d\udee0 <strong data-start=\"664\" data-end=\"675\">Ch\u1ebf t\u00e1c<\/strong><\/p>\n<ul data-start=\"678\" data-end=\"830\">\n<li data-start=\"678\" data-end=\"721\">\n<p data-start=\"680\" data-end=\"721\">Th\u1ee7 c\u00f4ng 100% t\u1eeb \u0111\u1ed3ng v\u00e0ng nguy\u00ean ch\u1ea5t.<\/p>\n<\/li>\n<li data-start=\"722\" data-end=\"772\">\n<p data-start=\"724\" data-end=\"772\">H\u1ecda ti\u1ebft tr\u1ed1ng \u0111\u1ed3ng \u0111\u01b0\u1ee3c g\u00f2 ch\u1ea1m n\u1ed5i tinh x\u1ea3o.<\/p>\n<\/li>\n<li data-start=\"773\" data-end=\"830\">\n<p data-start=\"775\" data-end=\"830\">B\u1ec1 m\u1eb7t \u00e1nh \u0111\u1ed3ng tr\u1ea7m, c\u00e0ng d\u00f9ng c\u00e0ng l\u00ean m\u00e0u c\u1ed5 k\u00ednh.<\/p>\n<\/li>\n<\/ul>\n<p data-start=\"832\" data-end=\"1005\">\ud83c\udf3f <strong data-start=\"835\" data-end=\"854\">Khi n\u00e0o n\u00ean \u0111eo<\/strong><br data-start=\"854\" data-end=\"857\" \/>Ph\u00f9 h\u1ee3p cho <strong data-start=\"869\" data-end=\"918\">l\u1ec5 h\u1ed9i, s\u1ef1 ki\u1ec7n v\u0103n h\u00f3a, tri\u1ec3n l\u00e3m ngh\u1ec7 thu\u1eadt<\/strong> ho\u1eb7c khi b\u1ea1n mu\u1ed1n mang theo m\u1ed9t <strong data-start=\"951\" data-end=\"977\">chi ti\u1ebft mang h\u1ed3n Vi\u1ec7t<\/strong> trong \u0111\u1eddi s\u1ed1ng h\u00e0ng ng\u00e0y.<\/p>\n<p data-start=\"1007\" data-end=\"1041\">\ud83d\udc9b <strong data-start=\"1010\" data-end=\"1039\">C\u00e1ch ph\u1ed1i c\u00f9ng trang ph\u1ee5c<\/strong><\/p>\n<ul data-start=\"1042\" data-end=\"1237\">\n<li data-start=\"1042\" data-end=\"1091\">\n<p data-start=\"1044\" data-end=\"1091\"><strong data-start=\"1044\" data-end=\"1059\">\u00c1o d\u00e0i l\u1ee5a:<\/strong> t\u00f4n v\u1ebb thanh l\u1ecbch v\u00e0 ho\u00e0i c\u1ed5.<\/p>\n<\/li>\n<li data-start=\"1092\" data-end=\"1157\">\n<p data-start=\"1094\" data-end=\"1157\"><strong data-start=\"1094\" data-end=\"1120\">\u0110\u1ea7m hi\u1ec7n \u0111\u1ea1i t\u1ed1i gi\u1ea3n:<\/strong> t\u1ea1o \u0111i\u1ec3m nh\u1ea5n tinh t\u1ebf, sang tr\u1ecdng.<\/p>\n<\/li>\n<li data-start=\"1158\" data-end=\"1237\">\n<p data-start=\"1160\" data-end=\"1237\"><strong data-start=\"1160\" data-end=\"1191\">Trang ph\u1ee5c linen, th\u1ee7 c\u00f4ng:<\/strong> g\u1ee3i phong c\u00e1ch heritage hi\u1ec7n \u0111\u1ea1i, t\u1ef1 nhi\u00ean.<\/p>\n<\/li>\n<\/ul>\n<p data-start=\"1239\" data-end=\"1266\">\u2728 <strong data-start=\"1241\" data-end=\"1264\">Ch\u0103m s\u00f3c &amp; b\u1ea3o qu\u1ea3n<\/strong><\/p>\n<ul data-start=\"1267\" data-end=\"1431\">\n<li data-start=\"1267\" data-end=\"1319\">\n<p data-start=\"1269\" data-end=\"1319\">Lau kh\u00f4 sau khi \u0111eo, tr\u00e1nh n\u01b0\u1edbc hoa v\u00e0 h\u00f3a ch\u1ea5t.<\/p>\n<\/li>\n<li data-start=\"1320\" data-end=\"1372\">\n<p data-start=\"1322\" data-end=\"1372\">B\u1ea3o qu\u1ea3n n\u01a1i kh\u00f4 r\u00e1o, trong t\u00fai v\u1ea3i ho\u1eb7c h\u1ed9p g\u1ed7.<\/p>\n<\/li>\n<li data-start=\"1373\" data-end=\"1431\">\n<p data-start=\"1375\" data-end=\"1431\">Khi h\u01a1i x\u1ec9n, c\u00f3 th\u1ec3 \u0111\u00e1nh b\u00f3ng nh\u1eb9 \u0111\u1ec3 \u00e1nh \u0111\u1ed3ng tr\u1edf l\u1ea1i.<\/p>\n<\/li>\n<\/ul>\n<p data-start=\"1433\" data-end=\"1631\" data-is-last-node=\"\" data-is-only-node=\"\"><strong data-start=\"1433\" data-end=\"1463\">Ki\u1ec1ng \u0111\u1ed3ng ch\u1ea1m Tr\u1ed1ng \u0110\u1ed3ng<\/strong> kh\u00f4ng ch\u1ec9 l\u00e0 m\u00f3n trang s\u1ee9c, m\u00e0 l\u00e0 <strong data-start=\"1498\" data-end=\"1534\">m\u1ed9t bi\u1ec3u t\u01b0\u1ee3ng v\u0103n h\u00f3a s\u1ed1ng \u0111\u1ed9ng<\/strong>, n\u01a1i b\u00e0n tay ngh\u1ec7 nh\u00e2n Tonkin Craft kh\u1eafc h\u1ecda l\u1ea1i <strong data-start=\"1584\" data-end=\"1600\">h\u1ed3n c\u1ed1t Vi\u1ec7t<\/strong> qua t\u1eebng \u0111\u01b0\u1eddng g\u00f2 ch\u1ea1m c\u1ed5 x\u01b0a<\/p>\n<\/div>\n<\/div>\n<\/div>\n<\/div>\n<\/div>\n<\/div>\n<\/article>\n<\/div>\n<\/div>\n<\/div>\n<\/div>\n<\/div>\n<\/div>\n<\/article>\n","protected":false},"excerpt":{"rendered":"<p data-start=\"48\" data-end=\"207\">L\u1ea5y c\u1ea3m h\u1ee9ng t\u1eeb <strong data-start=\"87\" data-end=\"118\">hoa v\u0103n tr\u1ed1ng \u0111\u1ed3ng \u0110\u00f4ng S\u01a1n<\/strong>, chi\u1ebfc <strong data-start=\"126\" data-end=\"156\">ki\u1ec1ng \u0111\u1ed3ng ch\u1ea1m Tr\u1ed1ng \u0110\u1ed3ng<\/strong> \u0111\u01b0\u1ee3c <strong data-start=\"162\" data-end=\"200\">g\u00f2 ch\u1ea1m th\u1ee7 c\u00f4ng 100% t\u1eeb \u0111\u1ed3ng v\u00e0ng<\/strong> b\u1edfi <strong data-start=\"205\" data-end=\"231\">ngh\u1ec7 nh\u00e2n Tonkin Craft<\/strong>, t\u00e1i hi\u1ec7n h\u00ecnh \u1ea3nh <strong data-start=\"251\" data-end=\"288\">m\u1eb7t tr\u1eddi, chim L\u1ea1c, ng\u01b0\u1eddi gi\u00e3 g\u1ea1o<\/strong> \u2013 bi\u1ec3u t\u01b0\u1ee3ng c\u1ee7a v\u0103n h\u00f3a Vi\u1ec7t c\u1ed5.<\/p>\n<p>Th\u00f4ng tin chi ti\u1ebft SP:<\/p>\n<p>\u2013 Ch\u1ea5t li\u1ec7u: \u0110\u1ed3ng thau nguy\u00ean ch\u1ea5t<\/p>\n<p>\u2013 \u00a0\u0110\u01b0\u1eddng K\u00ednh: 15cm<\/p>\n<p>\u2013 Nh\u1eadn l\u00e0m theo m\u1eabu, k\u00edch th\u01b0\u1edbc y\u00eau c\u1ea7u<\/p>\n<p>Kh\u00e1c bi\u1ec7t v\u1edbi nh\u1eefng m\u1eabu v\u00f2ng hi\u1ec7n \u0111\u1ea1i, v\u00f2ng ki\u1ec1ng l\u00e1 t\u1ea1i Tonkin Craft ch\u00ednh l\u00e0 \u201c\u0111\u1eb7c s\u1ea3n\u201d, l\u00e0m t\u00f4n l\u00ean n\u00e9t \u0111\u1eb9p truy\u1ec1n th\u1ed1ng v\u1ed1n c\u00f3 c\u1ee7a t\u00e0 \u00e1o d\u00e0i, \u00e1o l\u1ee5a. V\u1edbi k\u1ebft c\u1ea5u l\u00e0 chi\u1ebfc ki\u1ec1ng m\u1edf v\u00e0 l\u00e1, l\u00e0m \u0111i\u1ec3m nh\u1ea5n cho trang ph\u1ee5c th\u00eam ph\u1ea7n kh\u00e1c bi\u1ec7t v\u00e0 n\u1ed5i b\u1eadt g\u01b0\u01a1ng m\u1eb7t.<\/p>\n","protected":false},"featured_media":3246,"comment_status":"open","ping_status":"closed","template":"","meta":[],"product_brand":[],"product_cat":[285,286,204],"product_tag":[212,222,237,239,219,216,220,236,240,221,218,241,217,238],"class_list":{"0":"post-3224","1":"product","2":"type-product","3":"status-publish","4":"has-post-thumbnail","6":"product_cat-bst-trong-dong","7":"product_cat-kieng","8":"product_cat-kieng-vong-co","9":"product_tag-brass-hair-pin","10":"product_tag-kieng-ao-dai","11":"product_tag-kieng-ao-lua","12":"product_tag-kieng-bac","13":"product_tag-kieng-deo-co","14":"product_tag-kieng-dong","15":"product_tag-kieng-hoa-sen","16":"product_tag-kieng-la","17":"product_tag-kieng-tron","18":"product_tag-phu-kien-dong","19":"product_tag-vong-co","20":"product_tag-vong-co-tron","21":"product_tag-vong-dong","22":"product_tag-vong-ginkgo","24":"first","25":"instock","26":"shipping-taxable","27":"product-type-simple"},"aioseo_notices":[],"_links":{"self":[{"href":"https:\/\/tonkincraft.vn\/vn\/wp-json\/wp\/v2\/product\/3224","targetHints":{"allow":["GET"]}}],"collection":[{"href":"https:\/\/tonkincraft.vn\/vn\/wp-json\/wp\/v2\/product"}],"about":[{"href":"https:\/\/tonkincraft.vn\/vn\/wp-json\/wp\/v2\/types\/product"}],"replies":[{"embeddable":true,"href":"https:\/\/tonkincraft.vn\/vn\/wp-json\/wp\/v2\/comments?post=3224"}],"wp:featuredmedia":[{"embeddable":true,"href":"https:\/\/tonkincraft.vn\/vn\/wp-json\/wp\/v2\/media\/3246"}],"wp:attachment":[{"href":"https:\/\/tonkincraft.vn\/vn\/wp-json\/wp\/v2\/media?parent=3224"}],"wp:term":[{"taxonomy":"product_brand","embeddable":true,"href":"https:\/\/tonkincraft.vn\/vn\/wp-json\/wp\/v2\/product_brand?post=3224"},{"taxonomy":"product_cat","embeddable":true,"href":"https:\/\/tonkincraft.vn\/vn\/wp-json\/wp\/v2\/product_cat?post=3224"},{"taxonomy":"product_tag","embeddable":true,"href":"https:\/\/tonkincraft.vn\/vn\/wp-json\/wp\/v2\/product_tag?post=3224"}],"curies":[{"name":"wp","href":"https:\/\/api.w.org\/{rel}","templated":true}]}}