{"id":3201,"date":"2025-10-07T20:32:58","date_gmt":"2025-10-07T13:32:58","guid":{"rendered":"https:\/\/tonkincraft.vn\/vn\/?post_type=product&#038;p=3201"},"modified":"2025-10-07T20:38:19","modified_gmt":"2025-10-07T13:38:19","slug":"kieng-dong-chim-lac-kieng-thu-cong","status":"publish","type":"product","link":"https:\/\/tonkincraft.vn\/vn\/product\/kieng-dong-chim-lac-kieng-thu-cong\/","title":{"rendered":"Ki\u1ec1ng \u0110\u1ed3ng Chim L\u1ea1c &#8211; Ki\u1ec1ng Th\u1ee7 C\u00f4ng"},"content":{"rendered":"<article class=\"text-token-text-primary w-full focus:outline-none scroll-mt-[calc(var(--header-height)+min(200px,max(70px,20svh)))]\" dir=\"auto\" tabindex=\"-1\" data-turn-id=\"request-68e49a41-2c98-8320-9551-82c65397f7b8-40\" data-testid=\"conversation-turn-88\" data-scroll-anchor=\"true\" data-turn=\"assistant\">\n<div class=\"text-base my-auto mx-auto pb-10 [--thread-content-margin:--spacing(4)] thread-sm:[--thread-content-margin:--spacing(6)] thread-lg:[--thread-content-margin:--spacing(16)] px-(--thread-content-margin)\">\n<div class=\"[--thread-content-max-width:40rem] thread-lg:[--thread-content-max-width:48rem] mx-auto max-w-(--thread-content-max-width) flex-1 group\/turn-messages focus-visible:outline-hidden relative flex w-full min-w-0 flex-col agent-turn\" tabindex=\"-1\">\n<div class=\"flex max-w-full flex-col grow\">\n<div class=\"min-h-8 text-message relative flex w-full flex-col items-end gap-2 text-start break-words whitespace-normal [.text-message+&amp;]:mt-5\" dir=\"auto\" data-message-author-role=\"assistant\" data-message-id=\"8f7add3c-ecdb-45c3-9432-ec9be6d395b4\" data-message-model-slug=\"gpt-5\">\n<div class=\"flex w-full flex-col gap-1 empty:hidden first:pt-[1px]\">\n<div class=\"markdown prose dark:prose-invert w-full break-words light markdown-new-styling\">\n<p data-start=\"0\" data-end=\"65\"><strong data-start=\"0\" data-end=\"63\">Ki\u1ec1ng \u0111\u1ed3ng Chim L\u1ea1c \u2013 Bi\u1ec3u t\u01b0\u1ee3ng di s\u1ea3n v\u00e0 ni\u1ec1m t\u1ef1 h\u00e0o Vi\u1ec7t<\/strong><\/p>\n<p data-start=\"67\" data-end=\"330\">L\u1ea5y c\u1ea3m h\u1ee9ng t\u1eeb h\u00ecnh t\u01b0\u1ee3ng <strong data-start=\"94\" data-end=\"106\">Chim L\u1ea1c<\/strong> tr\u00ean tr\u1ed1ng \u0111\u1ed3ng \u0110\u00f4ng S\u01a1n \u2013 bi\u1ec3u tr\u01b0ng cho <strong data-start=\"149\" data-end=\"216\">ngu\u1ed3n c\u1ed9i, kh\u00e1t v\u1ecdng t\u1ef1 do v\u00e0 tinh th\u1ea7n v\u01b0\u01a1n l\u00ean c\u1ee7a ng\u01b0\u1eddi Vi\u1ec7t<\/strong>, chi\u1ebfc <strong data-start=\"224\" data-end=\"247\">Ki\u1ec1ng \u0111\u1ed3ng Chim L\u1ea1c<\/strong> l\u00e0 s\u1ef1 k\u1ebft h\u1ee3p gi\u1eefa <strong data-start=\"267\" data-end=\"302\">ngh\u1ec7 thu\u1eadt g\u00f2 ch\u1ea1m truy\u1ec1n th\u1ed1ng<\/strong> v\u00e0 <strong data-start=\"306\" data-end=\"327\">th\u1ea9m m\u1ef9 \u0111\u01b0\u01a1ng \u0111\u1ea1i<\/strong>.<\/p>\n<p data-start=\"332\" data-end=\"695\">\u0110\u01b0\u1ee3c <strong data-start=\"337\" data-end=\"387\">ch\u1ebf t\u00e1c th\u1ee7 c\u00f4ng 100% t\u1eeb \u0111\u1ed3ng v\u00e0ng nguy\u00ean ch\u1ea5t<\/strong> b\u1edfi <strong data-start=\"392\" data-end=\"418\">ngh\u1ec7 nh\u00e2n Tonkin Craft<\/strong>, t\u1eebng h\u1ecda ti\u1ebft Chim L\u1ea1c \u0111\u01b0\u1ee3c ch\u1ea1m kh\u1eafc t\u1ec9 m\u1ec9, n\u1ed5i kh\u1ed1i m\u1ec1m m\u1ea1i, gi\u1eef nguy\u00ean v\u00e2n b\u00faa th\u1ee7 c\u00f4ng \u2013 d\u1ea5u \u1ea5n c\u1ee7a s\u1ef1 \u0111\u1ed9c b\u1ea3n. \u00c1nh \u0111\u1ed3ng m\u1edd c\u1ed5 \u0111i\u1ec3n mang l\u1ea1i c\u1ea3m gi\u00e1c \u1ea5m \u00e1p, tr\u1ea7m t\u0129nh, nh\u01b0 k\u1ec3 l\u1ea1i c\u00e2u chuy\u1ec7n v\u1ec1 v\u0103n h\u00f3a \u0110\u00f4ng S\u01a1n tr\u00ean m\u1ed9t h\u00ecnh h\u00e0i m\u1edbi \u2013 thanh tho\u00e1t, sang tr\u1ecdng v\u00e0 g\u1ea7n g\u0169i.<\/p>\n<p data-start=\"697\" data-end=\"713\">\ud83d\udee0 <strong data-start=\"700\" data-end=\"711\">Ch\u1ebf t\u00e1c<\/strong><\/p>\n<ul data-start=\"714\" data-end=\"867\">\n<li data-start=\"714\" data-end=\"759\">\n<p data-start=\"716\" data-end=\"759\">Th\u1ee7 c\u00f4ng 100% b\u1edfi ngh\u1ec7 nh\u00e2n Tonkin Craft.<\/p>\n<\/li>\n<li data-start=\"760\" data-end=\"804\">\n<p data-start=\"762\" data-end=\"804\">G\u00f2 ch\u1ea1m, t\u1ea1o h\u00ecnh Chim L\u1ea1c n\u1ed5i th\u1ee7 c\u00f4ng.<\/p>\n<\/li>\n<li data-start=\"805\" data-end=\"867\">\n<p data-start=\"807\" data-end=\"867\">\u00c1nh \u0111\u1ed3ng c\u1ed5 \u0111i\u1ec3n, b\u1ec1n b\u1ec9 \u2013 c\u00e0ng d\u00f9ng c\u00e0ng l\u00ean m\u00e0u tr\u1ea7m \u1ea5m.<\/p>\n<\/li>\n<\/ul>\n<p data-start=\"869\" data-end=\"1170\">\ud83c\udf3f <strong data-start=\"872\" data-end=\"891\">Khi n\u00e0o n\u00ean \u0111eo<\/strong><br data-start=\"891\" data-end=\"894\" \/>Ki\u1ec1ng \u0111\u1ed3ng Chim L\u1ea1c ph\u00f9 h\u1ee3p cho <strong data-start=\"926\" data-end=\"972\">l\u1ec5 h\u1ed9i, ti\u1ec7c v\u0103n h\u00f3a, tri\u1ec3n l\u00e3m ngh\u1ec7 thu\u1eadt<\/strong> ho\u1eb7c nh\u1eefng d\u1ecbp \u0111\u1eb7c bi\u1ec7t mu\u1ed1n gi\u1eef m\u1ed9t chi ti\u1ebft tinh t\u1ebf g\u1eafn li\u1ec1n v\u1edbi b\u1ea3n s\u1eafc Vi\u1ec7t. Tr\u00ean n\u1ec1n <strong data-start=\"1063\" data-end=\"1099\">\u00e1o d\u00e0i, \u0111\u1ea7m satin ho\u1eb7c v\u00e1y linen<\/strong>, ki\u1ec1ng t\u00f4n n\u00e9t <strong data-start=\"1115\" data-end=\"1167\">sang tr\u1ecdng, c\u1ed5 \u0111i\u1ec3n m\u00e0 v\u1eabn ph\u00f3ng kho\u00e1ng hi\u1ec7n \u0111\u1ea1i<\/strong>.<\/p>\n<p data-start=\"1172\" data-end=\"1206\">\ud83d\udc9b <strong data-start=\"1175\" data-end=\"1204\">C\u00e1ch ph\u1ed1i c\u00f9ng trang ph\u1ee5c<\/strong><\/p>\n<ul data-start=\"1207\" data-end=\"1423\">\n<li data-start=\"1207\" data-end=\"1267\">\n<p data-start=\"1209\" data-end=\"1267\"><strong data-start=\"1209\" data-end=\"1233\">\u00c1o d\u00e0i truy\u1ec1n th\u1ed1ng:<\/strong> t\u00f4n n\u00e9t thanh l\u1ecbch, duy\u00ean d\u00e1ng.<\/p>\n<\/li>\n<li data-start=\"1268\" data-end=\"1327\">\n<p data-start=\"1270\" data-end=\"1327\"><strong data-start=\"1270\" data-end=\"1287\">\u0110\u1ea7m t\u1ed1i gi\u1ea3n:<\/strong> \u00e1nh \u0111\u1ed3ng tr\u1edf th\u00e0nh \u0111i\u1ec3m nh\u1ea5n tinh t\u1ebf.<\/p>\n<\/li>\n<li data-start=\"1328\" data-end=\"1423\">\n<p data-start=\"1330\" data-end=\"1423\"><strong data-start=\"1330\" data-end=\"1359\">Phong c\u00e1ch heritage chic:<\/strong> k\u1ebft h\u1ee3p v\u1edbi khuy\u00ean tai \u0111\u1ed3ng \u2013 g\u1ee3i nh\u1eafc v\u1ebb \u0111\u1eb9p l\u00e0ng ngh\u1ec1 Vi\u1ec7t.<\/p>\n<\/li>\n<\/ul>\n<p data-start=\"1425\" data-end=\"1452\">\u2728 <strong data-start=\"1427\" data-end=\"1450\">Ch\u0103m s\u00f3c &amp; b\u1ea3o qu\u1ea3n<\/strong><\/p>\n<ul data-start=\"1453\" data-end=\"1667\">\n<li data-start=\"1453\" data-end=\"1491\">\n<p data-start=\"1455\" data-end=\"1491\">Lau kh\u00f4 b\u1eb1ng kh\u0103n m\u1ec1m sau khi \u0111eo.<\/p>\n<\/li>\n<li data-start=\"1492\" data-end=\"1555\">\n<p data-start=\"1494\" data-end=\"1555\">Tr\u00e1nh ti\u1ebfp x\u00fac tr\u1ef1c ti\u1ebfp v\u1edbi n\u01b0\u1edbc hoa, h\u00f3a ch\u1ea5t, n\u01b0\u1edbc bi\u1ec3n.<\/p>\n<\/li>\n<li data-start=\"1556\" data-end=\"1611\">\n<p data-start=\"1558\" data-end=\"1611\">B\u1ea3o qu\u1ea3n n\u01a1i kh\u00f4 tho\u00e1ng, trong t\u00fai v\u1ea3i ho\u1eb7c h\u1ed9p g\u1ed7.<\/p>\n<\/li>\n<li data-start=\"1612\" data-end=\"1667\">\n<p data-start=\"1614\" data-end=\"1667\">Khi h\u01a1i x\u1ec9n, \u0111\u00e1nh b\u00f3ng d\u1ecbu tay \u0111\u1ec3 \u00e1nh \u0111\u1ed3ng tr\u1edf l\u1ea1i.<\/p>\n<\/li>\n<\/ul>\n<p data-start=\"1669\" data-end=\"1902\" data-is-last-node=\"\" data-is-only-node=\"\"><strong data-start=\"1669\" data-end=\"1692\">Ki\u1ec1ng \u0111\u1ed3ng Chim L\u1ea1c<\/strong> kh\u00f4ng ch\u1ec9 l\u00e0 m\u1ed9t m\u00f3n trang s\u1ee9c, m\u00e0 l\u00e0 <strong data-start=\"1731\" data-end=\"1762\">m\u1ed9t l\u00e1t c\u1eaft c\u1ee7a di s\u1ea3n Vi\u1ec7t<\/strong> \u2013 n\u01a1i b\u00e0n tay ng\u01b0\u1eddi ngh\u1ec7 nh\u00e2n Tonkin Craft kh\u1eafc h\u1ecda l\u1ea1i <strong data-start=\"1819\" data-end=\"1841\">h\u1ed3n thi\u00eang d\u00e2n t\u1ed9c<\/strong> b\u1eb1ng \u00e1nh kim lo\u1ea1i tr\u1ea7m \u1ea5m v\u00e0 t\u00ecnh y\u00eau d\u00e0nh cho v\u0103n h\u00f3a Vi\u1ec7t.<\/p>\n<\/div>\n<\/div>\n<\/div>\n<\/div>\n<\/div>\n<\/div>\n<\/article>\n","protected":false},"excerpt":{"rendered":"<p data-start=\"48\" data-end=\"207\">L\u1ea5y c\u1ea3m h\u1ee9ng t\u1eeb <strong data-start=\"64\" data-end=\"112\">h\u00ecnh t\u01b0\u1ee3ng Chim L\u1ea1c tr\u00ean tr\u1ed1ng \u0111\u1ed3ng \u0110\u00f4ng S\u01a1n<\/strong>, chi\u1ebfc <strong data-start=\"120\" data-end=\"143\">Ki\u1ec1ng \u0111\u1ed3ng Chim L\u1ea1c<\/strong> l\u00e0 bi\u1ec3u t\u01b0\u1ee3ng c\u1ee7a <strong data-start=\"162\" data-end=\"204\">ni\u1ec1m t\u1ef1 h\u00e0o d\u00e2n t\u1ed9c v\u00e0 tinh th\u1ea7n t\u1ef1 do<\/strong>.<\/p>\n<p data-start=\"209\" data-end=\"414\">\u0110\u01b0\u1ee3c <strong data-start=\"214\" data-end=\"252\">ch\u1ebf t\u00e1c th\u1ee7 c\u00f4ng 100% t\u1eeb \u0111\u1ed3ng v\u00e0ng<\/strong> b\u1edfi <strong data-start=\"257\" data-end=\"283\">ngh\u1ec7 nh\u00e2n Tonkin Craft<\/strong>, h\u1ecda ti\u1ebft Chim L\u1ea1c ch\u1ea1m n\u1ed5i tinh x\u1ea3o, gi\u1eef nguy\u00ean <strong data-start=\"333\" data-end=\"353\">v\u00e2n b\u00faa th\u1ee7 c\u00f4ng<\/strong> v\u00e0 <strong data-start=\"357\" data-end=\"380\">\u00e1nh \u0111\u1ed3ng c\u1ed5 tr\u1ea7m \u1ea5m<\/strong>, mang \u0111\u1eadm h\u01a1i th\u1edf v\u0103n h\u00f3a Vi\u1ec7t.<\/p>\n<p>Th\u00f4ng tin chi ti\u1ebft SP:<\/p>\n<p>\u2013 Ch\u1ea5t li\u1ec7u: \u0110\u1ed3ng thau nguy\u00ean ch\u1ea5t<\/p>\n<p>\u2013 \u00a0\u0110\u01b0\u1eddng K\u00ednh: 15cm<\/p>\n<p>\u2013 Nh\u1eadn l\u00e0m theo m\u1eabu, k\u00edch th\u01b0\u1edbc y\u00eau c\u1ea7u<\/p>\n<p>Kh\u00e1c bi\u1ec7t v\u1edbi nh\u1eefng m\u1eabu v\u00f2ng hi\u1ec7n \u0111\u1ea1i, v\u00f2ng ki\u1ec1ng l\u00e1 t\u1ea1i Tonkin Craft ch\u00ednh l\u00e0 \u201c\u0111\u1eb7c s\u1ea3n\u201d, l\u00e0m t\u00f4n l\u00ean n\u00e9t \u0111\u1eb9p truy\u1ec1n th\u1ed1ng v\u1ed1n c\u00f3 c\u1ee7a t\u00e0 \u00e1o d\u00e0i, \u00e1o l\u1ee5a. V\u1edbi k\u1ebft c\u1ea5u l\u00e0 chi\u1ebfc ki\u1ec1ng m\u1edf v\u00e0 l\u00e1, l\u00e0m \u0111i\u1ec3m nh\u1ea5n cho trang ph\u1ee5c th\u00eam ph\u1ea7n kh\u00e1c bi\u1ec7t v\u00e0 n\u1ed5i b\u1eadt g\u01b0\u01a1ng m\u1eb7t.<\/p>\n","protected":false},"featured_media":3208,"comment_status":"open","ping_status":"closed","template":"","meta":[],"product_brand":[],"product_cat":[285,286,204],"product_tag":[212,222,237,239,219,216,220,236,240,221,218,241,217,238],"class_list":{"0":"post-3201","1":"product","2":"type-product","3":"status-publish","4":"has-post-thumbnail","6":"product_cat-bst-trong-dong","7":"product_cat-kieng","8":"product_cat-kieng-vong-co","9":"product_tag-brass-hair-pin","10":"product_tag-kieng-ao-dai","11":"product_tag-kieng-ao-lua","12":"product_tag-kieng-bac","13":"product_tag-kieng-deo-co","14":"product_tag-kieng-dong","15":"product_tag-kieng-hoa-sen","16":"product_tag-kieng-la","17":"product_tag-kieng-tron","18":"product_tag-phu-kien-dong","19":"product_tag-vong-co","20":"product_tag-vong-co-tron","21":"product_tag-vong-dong","22":"product_tag-vong-ginkgo","24":"first","25":"instock","26":"shipping-taxable","27":"product-type-simple"},"aioseo_notices":[],"_links":{"self":[{"href":"https:\/\/tonkincraft.vn\/vn\/wp-json\/wp\/v2\/product\/3201","targetHints":{"allow":["GET"]}}],"collection":[{"href":"https:\/\/tonkincraft.vn\/vn\/wp-json\/wp\/v2\/product"}],"about":[{"href":"https:\/\/tonkincraft.vn\/vn\/wp-json\/wp\/v2\/types\/product"}],"replies":[{"embeddable":true,"href":"https:\/\/tonkincraft.vn\/vn\/wp-json\/wp\/v2\/comments?post=3201"}],"wp:featuredmedia":[{"embeddable":true,"href":"https:\/\/tonkincraft.vn\/vn\/wp-json\/wp\/v2\/media\/3208"}],"wp:attachment":[{"href":"https:\/\/tonkincraft.vn\/vn\/wp-json\/wp\/v2\/media?parent=3201"}],"wp:term":[{"taxonomy":"product_brand","embeddable":true,"href":"https:\/\/tonkincraft.vn\/vn\/wp-json\/wp\/v2\/product_brand?post=3201"},{"taxonomy":"product_cat","embeddable":true,"href":"https:\/\/tonkincraft.vn\/vn\/wp-json\/wp\/v2\/product_cat?post=3201"},{"taxonomy":"product_tag","embeddable":true,"href":"https:\/\/tonkincraft.vn\/vn\/wp-json\/wp\/v2\/product_tag?post=3201"}],"curies":[{"name":"wp","href":"https:\/\/api.w.org\/{rel}","templated":true}]}}