{"id":3129,"date":"2025-10-07T15:35:59","date_gmt":"2025-10-07T08:35:59","guid":{"rendered":"https:\/\/tonkincraft.vn\/vn\/?post_type=product&#038;p=3129"},"modified":"2025-10-07T15:48:39","modified_gmt":"2025-10-07T08:48:39","slug":"cai-ao-dong-cham-hoa-sen-thu-cong","status":"publish","type":"product","link":"https:\/\/tonkincraft.vn\/vn\/product\/cai-ao-dong-cham-hoa-sen-thu-cong\/","title":{"rendered":"C\u00e0i \u00c1o \u0110\u1ed3ng Ch\u1ea1m Hoa Sen Th\u1ee7 C\u00f4ng"},"content":{"rendered":"<p data-start=\"0\" data-end=\"64\"><strong data-start=\"0\" data-end=\"62\">C\u00e0i \u00e1o \u0111\u1ed3ng ch\u1ea1m Hoa Sen \u2013 Thanh t\u1ecbnh, an nhi\u00ean v\u00e0 tinh t\u1ebf<\/strong><\/p>\n<p data-start=\"66\" data-end=\"403\">L\u1ea5y c\u1ea3m h\u1ee9ng t\u1eeb <strong data-start=\"82\" data-end=\"93\">hoa Sen<\/strong> \u2013 bi\u1ec3u t\u01b0\u1ee3ng c\u1ee7a <strong data-start=\"111\" data-end=\"167\">s\u1ef1 thanh khi\u1ebft, gi\u00e1c ng\u1ed9 v\u00e0 an nhi\u00ean trong Ph\u1eadt gi\u00e1o<\/strong>, chi\u1ebfc <strong data-start=\"175\" data-end=\"203\">c\u00e0i \u00e1o \u0111\u1ed3ng ch\u1ea1m Hoa Sen<\/strong> \u0111\u01b0\u1ee3c <strong data-start=\"209\" data-end=\"259\">ch\u1ebf t\u00e1c th\u1ee7 c\u00f4ng 100% t\u1eeb \u0111\u1ed3ng v\u00e0ng nguy\u00ean ch\u1ea5t<\/strong> b\u1edfi <strong data-start=\"264\" data-end=\"290\">ngh\u1ec7 nh\u00e2n Tonkin Craft<\/strong>, th\u1ec3 hi\u1ec7n s\u1ef1 tinh x\u1ea3o trong t\u1eebng \u0111\u01b0\u1eddng g\u00f2, n\u00e9t ch\u1ea1m v\u00e0 l\u01b0u gi\u1eef <strong data-start=\"354\" data-end=\"400\">h\u1ed3n Vi\u1ec7t trong ch\u1ea5t li\u1ec7u \u0111\u1ed3ng truy\u1ec1n th\u1ed1ng<\/strong>.<\/p>\n<p data-start=\"405\" data-end=\"659\">T\u1eebng c\u00e1nh hoa m\u1ec1m m\u1ea1i, nh\u1ee5y hoa ch\u1ea1m n\u1ed5i tinh t\u1ebf, \u00e1nh \u0111\u1ed3ng m\u1edd c\u1ed5 \u0111i\u1ec3n \u2013 mang \u0111\u1ebfn c\u1ea3m gi\u00e1c <strong data-start=\"495\" data-end=\"532\">thanh tho\u00e1t, nh\u1eb9 nh\u00e0ng v\u00e0 tinh t\u1ebf<\/strong>. Thi\u1ebft k\u1ebf k\u1ebft h\u1ee3p gi\u1eefa <strong data-start=\"556\" data-end=\"579\">v\u1ebb \u0111\u1eb9p truy\u1ec1n th\u1ed1ng<\/strong> v\u00e0 <strong data-start=\"583\" data-end=\"615\">phong c\u00e1ch hi\u1ec7n \u0111\u1ea1i t\u1ed1i gi\u1ea3n<\/strong>, t\u1ea1o \u0111i\u1ec3m nh\u1ea5n sang tr\u1ecdng cho trang ph\u1ee5c.<\/p>\n<p data-start=\"661\" data-end=\"883\">\ud83c\udf38 <strong data-start=\"664\" data-end=\"675\">\u00dd ngh\u0129a<\/strong><br data-start=\"675\" data-end=\"678\" \/>Hoa Sen t\u01b0\u1ee3ng tr\u01b0ng cho <strong data-start=\"702\" data-end=\"747\">s\u1ef1 thanh t\u1ecbnh, an nhi\u00ean v\u00e0 v\u1ebb \u0111\u1eb9p t\u00e2m h\u1ed3n<\/strong>. C\u00e0i \u00e1o \u0111\u1ed3ng Hoa Sen l\u00e0 <strong data-start=\"772\" data-end=\"795\">ph\u1ee5 ki\u1ec7n thanh l\u1ecbch<\/strong> ho\u1eb7c <strong data-start=\"801\" data-end=\"820\">m\u00f3n qu\u00e0 \u00fd ngh\u0129a<\/strong>, g\u1eedi g\u1eafm l\u1eddi ch\u00fac b\u00ecnh an, may m\u1eafn v\u00e0 tinh th\u1ea7n h\u01b0\u1edbng thi\u1ec7n.<\/p>\n<p data-start=\"885\" data-end=\"901\">\ud83d\udee0 <strong data-start=\"888\" data-end=\"899\">Ch\u1ebf t\u00e1c<\/strong><\/p>\n<ul data-start=\"902\" data-end=\"1035\">\n<li data-start=\"902\" data-end=\"946\">\n<p data-start=\"904\" data-end=\"946\">Th\u1ee7 c\u00f4ng 100% b\u1edfi ngh\u1ec7 nh\u00e2n Tonkin Craft<\/p>\n<\/li>\n<li data-start=\"947\" data-end=\"988\">\n<p data-start=\"949\" data-end=\"988\">G\u00f2 ch\u1ea1m v\u00e0 ho\u00e0n thi\u1ec7n b\u1ec1 m\u1eb7t b\u1eb1ng tay<\/p>\n<\/li>\n<li data-start=\"989\" data-end=\"1035\">\n<p data-start=\"991\" data-end=\"1035\">\u00c1nh \u0111\u1ed3ng m\u1edd c\u1ed5 \u0111i\u1ec3n, b\u1ec1n b\u1ec9 theo th\u1eddi gian<\/p>\n<\/li>\n<\/ul>\n<p data-start=\"1037\" data-end=\"1169\">\ud83c\udf81 <strong data-start=\"1040\" data-end=\"1052\">\u1ee8ng d\u1ee5ng<\/strong><br data-start=\"1052\" data-end=\"1055\" \/>Ph\u00f9 h\u1ee3p c\u00e0i tr\u00ean <strong data-start=\"1072\" data-end=\"1113\">\u00e1o d\u00e0i, \u00e1o vest, \u0111\u1ea7m ho\u1eb7c kh\u0103n cho\u00e0ng<\/strong>, t\u1ea1o \u0111i\u1ec3m nh\u1ea5n <strong data-start=\"1129\" data-end=\"1166\">thanh tho\u00e1t, trang nh\u00e3 v\u00e0 tinh t\u1ebf<\/strong>.<\/p>\n<p data-start=\"1171\" data-end=\"1393\">\ud83d\udc9b <strong data-start=\"1174\" data-end=\"1186\">B\u1ea3o qu\u1ea3n<\/strong><br data-start=\"1186\" data-end=\"1189\" \/>\u0110\u1ed3ng s\u1ebd l\u00ean m\u00e0u tr\u1ea7m \u1ea5m theo th\u1eddi gian, t\u1ea1o d\u1ea5u \u1ea5n c\u00e1 nh\u00e2n.<br data-start=\"1248\" data-end=\"1251\" \/>L\u00e0m s\u00e1ng b\u1eb1ng chanh, gi\u1ea5m ho\u1eb7c baking soda khi c\u1ea7n.<br data-start=\"1302\" data-end=\"1305\" \/>Tr\u00e1nh ti\u1ebfp x\u00fac tr\u1ef1c ti\u1ebfp v\u1edbi h\u00f3a ch\u1ea5t, b\u1ea3o qu\u1ea3n n\u01a1i kh\u00f4 r\u00e1o trong t\u00fai v\u1ea3i ho\u1eb7c h\u1ed9p g\u1ed7.<\/p>\n","protected":false},"excerpt":{"rendered":"<p><strong data-start=\"0\" data-end=\"52\" data-is-only-node=\"\">C\u00e0i \u00e1o \u0111\u1ed3ng ch\u1ea1m Hoa Sen \u2013 Thanh t\u1ecbnh v\u00e0 tinh t\u1ebf<\/strong><br data-start=\"52\" data-end=\"55\" \/>\u0110\u01b0\u1ee3c <strong data-start=\"60\" data-end=\"110\">ch\u1ebf t\u00e1c th\u1ee7 c\u00f4ng 100% t\u1eeb \u0111\u1ed3ng v\u00e0ng nguy\u00ean ch\u1ea5t<\/strong> b\u1edfi <strong data-start=\"115\" data-end=\"141\">ngh\u1ec7 nh\u00e2n Tonkin Craft<\/strong>, c\u00e0i \u00e1o mang h\u00ecnh <strong data-start=\"160\" data-end=\"171\">hoa Sen<\/strong> \u2013 bi\u1ec3u t\u01b0\u1ee3ng c\u1ee7a <strong data-start=\"189\" data-end=\"235\">s\u1ef1 thanh khi\u1ebft, an nhi\u00ean v\u00e0 v\u1ebb \u0111\u1eb9p t\u00e2m h\u1ed3n<\/strong>.<br data-start=\"236\" data-end=\"239\" \/>\u0110\u01b0\u1eddng g\u00f2 ch\u1ea1m tinh x\u1ea3o, \u00e1nh \u0111\u1ed3ng c\u1ed5 \u0111i\u1ec3n t\u1ea1o n\u00ean <strong data-start=\"288\" data-end=\"324\">ph\u1ee5 ki\u1ec7n sang tr\u1ecdng, thanh tho\u00e1t<\/strong>, \u0111\u1ed3ng th\u1eddi l\u00e0 <strong data-start=\"339\" data-end=\"358\">m\u00f3n qu\u00e0 \u00fd ngh\u0129a<\/strong> g\u1eedi g\u1eafm l\u1eddi ch\u00fac b\u00ecnh an v\u00e0 may m\u1eafn..<\/p>\n<p>Th\u00f4ng tin chi ti\u1ebft SP:<\/p>\n<p>&#8211; Ch\u1ea5t li\u1ec7u: \u0110\u1ed3ng thau nguy\u00ean ch\u1ea5t<\/p>\n<p>&#8211; K\u00edch th\u01b0\u1edbc: 5x6cm<\/p>\n<p>&#8211; Nh\u1eadn l\u00e0m theo m\u1eabu, k\u00edch th\u01b0\u1edbc y\u00eau c\u1ea7u<\/p>\n","protected":false},"featured_media":3138,"comment_status":"open","ping_status":"closed","template":"","meta":[],"product_brand":[],"product_cat":[255,275],"product_tag":[212,213,214,227,209,231,215,269,210,211,268],"class_list":{"0":"post-3129","1":"product","2":"type-product","3":"status-publish","4":"has-post-thumbnail","6":"product_cat-bts-sen","7":"product_cat-cai-ao","8":"product_tag-brass-hair-pin","9":"product_tag-phu-kien-toc","10":"product_tag-tram-ao-dai","11":"product_tag-tram-bac","12":"product_tag-tram-cai-toc","13":"product_tag-tram-co-4-la","14":"product_tag-tram-co-phuc","15":"product_tag-tram-con-ong","16":"product_tag-tram-dong","17":"product_tag-tram-thu-cong","18":"product_tag-tram-truc","20":"first","21":"instock","22":"shipping-taxable","23":"product-type-simple"},"aioseo_notices":[],"_links":{"self":[{"href":"https:\/\/tonkincraft.vn\/vn\/wp-json\/wp\/v2\/product\/3129","targetHints":{"allow":["GET"]}}],"collection":[{"href":"https:\/\/tonkincraft.vn\/vn\/wp-json\/wp\/v2\/product"}],"about":[{"href":"https:\/\/tonkincraft.vn\/vn\/wp-json\/wp\/v2\/types\/product"}],"replies":[{"embeddable":true,"href":"https:\/\/tonkincraft.vn\/vn\/wp-json\/wp\/v2\/comments?post=3129"}],"wp:featuredmedia":[{"embeddable":true,"href":"https:\/\/tonkincraft.vn\/vn\/wp-json\/wp\/v2\/media\/3138"}],"wp:attachment":[{"href":"https:\/\/tonkincraft.vn\/vn\/wp-json\/wp\/v2\/media?parent=3129"}],"wp:term":[{"taxonomy":"product_brand","embeddable":true,"href":"https:\/\/tonkincraft.vn\/vn\/wp-json\/wp\/v2\/product_brand?post=3129"},{"taxonomy":"product_cat","embeddable":true,"href":"https:\/\/tonkincraft.vn\/vn\/wp-json\/wp\/v2\/product_cat?post=3129"},{"taxonomy":"product_tag","embeddable":true,"href":"https:\/\/tonkincraft.vn\/vn\/wp-json\/wp\/v2\/product_tag?post=3129"}],"curies":[{"name":"wp","href":"https:\/\/api.w.org\/{rel}","templated":true}]}}