{"id":3100,"date":"2025-10-07T13:55:20","date_gmt":"2025-10-07T06:55:20","guid":{"rendered":"https:\/\/tonkincraft.vn\/vn\/?post_type=product&#038;p=3100"},"modified":"2025-10-07T13:58:14","modified_gmt":"2025-10-07T06:58:14","slug":"tram-ma-bac-truc-chi-thu-cong","status":"publish","type":"product","link":"https:\/\/tonkincraft.vn\/vn\/product\/tram-ma-bac-truc-chi-thu-cong\/","title":{"rendered":"Tr\u00e2m M\u1ea1 B\u1ea1c Tr\u00fac Ch\u1ec9  Th\u1ee7 C\u00f4ng"},"content":{"rendered":"<h3 data-start=\"185\" data-end=\"249\"><strong data-start=\"189\" data-end=\"249\">Tr\u00e2m C\u00e2y Tre Tr\u00fac \u2013 Ki\u00ean c\u01b0\u1eddng, thanh nh\u00e3 v\u00e0 b\u1ec1n b\u1ec9<\/strong><\/h3>\n<p data-start=\"251\" data-end=\"559\">L\u1ea5y c\u1ea3m h\u1ee9ng t\u1eeb <strong data-start=\"267\" data-end=\"297\">h\u00ecnh \u1ea3nh c\u00e2y tre, c\u00e2y tr\u00fac<\/strong> \u2013 bi\u1ec3u t\u01b0\u1ee3ng c\u1ee7a <strong data-start=\"315\" data-end=\"366\">ng\u01b0\u1eddi Vi\u1ec7t Nam ki\u00ean c\u01b0\u1eddng, gi\u1ea3n d\u1ecb m\u00e0 thanh cao<\/strong>, <strong data-start=\"368\" data-end=\"394\">Tr\u00e2m \u0111\u1ed3ng C\u00e2y Tre Tr\u00fac<\/strong> \u0111\u01b0\u1ee3c <strong data-start=\"400\" data-end=\"430\">ch\u1ebf t\u00e1c th\u1ee7 c\u00f4ng ho\u00e0n to\u00e0n<\/strong> t\u1eeb <strong data-start=\"434\" data-end=\"459\">\u0111\u1ed3ng v\u00e0ng nguy\u00ean ch\u1ea5t<\/strong> b\u1edfi <strong data-start=\"464\" data-end=\"490\">ngh\u1ec7 nh\u00e2n Tonkin Craft<\/strong>, mang trong m\u00ecnh tinh th\u1ea7n Vi\u1ec7t b\u1ec1n b\u1ec9 v\u00e0 v\u1ebb \u0111\u1eb9p t\u1ef1 nhi\u00ean m\u1ed9c m\u1ea1c.<\/p>\n<p data-start=\"561\" data-end=\"900\">Th\u00e2n tr\u00e2m \u0111\u01b0\u1ee3c t\u1ea1o h\u00ecnh nh\u01b0 <strong data-start=\"589\" data-end=\"618\">nh\u00e1nh tr\u00fac nh\u1ecf thanh m\u1ea3nh<\/strong>, v\u1edbi t\u1eebng \u0111\u1ed1t \u0111\u01b0\u1ee3c g\u00f2 ch\u1ea1m tinh t\u1ebf, b\u1ec1 m\u1eb7t \u00e1nh \u0111\u1ed3ng m\u1edd c\u1ed5 \u0111i\u1ec3n \u2013 th\u1ec3 hi\u1ec7n tri\u1ebft l\u00fd s\u1ed1ng \u201c<strong data-start=\"708\" data-end=\"740\">d\u1ebbo dai, v\u1eefng ch\u00e3i v\u00e0 an h\u00f2a<\/strong>\u201d c\u1ee7a ng\u01b0\u1eddi Vi\u1ec7t.<br data-start=\"757\" data-end=\"760\" \/>M\u1ed9t thi\u1ebft k\u1ebf t\u1ed1i gi\u1ea3n, h\u00e0i h\u00f2a gi\u1eefa <strong data-start=\"796\" data-end=\"842\">v\u1ebb \u0111\u1eb9p truy\u1ec1n th\u1ed1ng v\u00e0 phong c\u00e1ch hi\u1ec7n \u0111\u1ea1i<\/strong>, th\u00edch h\u1ee3p cho nh\u1eefng ai y\u00eau n\u00e9t \u0111\u1eb9p b\u00ecnh d\u1ecb m\u00e0 s\u00e2u s\u1eafc.<\/p>\n<hr data-start=\"902\" data-end=\"905\" \/>\n<p data-start=\"907\" data-end=\"941\">\ud83c\udf3f <strong data-start=\"910\" data-end=\"939\">C\u00e1ch ph\u1ed1i c\u00f9ng trang ph\u1ee5c<\/strong><\/p>\n<ul data-start=\"942\" data-end=\"1179\">\n<li data-start=\"942\" data-end=\"1014\">\n<p data-start=\"944\" data-end=\"1014\"><strong data-start=\"944\" data-end=\"963\">\u00c1o d\u00e0i, \u00e1o y\u1ebfm:<\/strong> t\u00f4n l\u00ean v\u1ebb \u0111\u1eb9p thanh tho\u00e1t, c\u1ed5 \u0111i\u1ec3n v\u00e0 d\u1ecbu d\u00e0ng.<\/p>\n<\/li>\n<li data-start=\"1015\" data-end=\"1092\">\n<p data-start=\"1017\" data-end=\"1092\"><strong data-start=\"1017\" data-end=\"1042\">V\u00e1y linen, \u0111\u1ea7m su\u00f4ng:<\/strong> mang l\u1ea1i c\u1ea3m gi\u00e1c t\u1ef1 nhi\u00ean, organic v\u00e0 tinh t\u1ebf.<\/p>\n<\/li>\n<li data-start=\"1093\" data-end=\"1179\">\n<p data-start=\"1095\" data-end=\"1179\"><strong data-start=\"1095\" data-end=\"1119\">Trang ph\u1ee5c t\u1ed1i gi\u1ea3n:<\/strong> chi\u1ebfc tr\u00e2m tr\u1edf th\u00e0nh \u0111i\u1ec3m nh\u1ea5n mang h\u01a1i th\u1edf v\u0103n h\u00f3a Vi\u1ec7t.<\/p>\n<\/li>\n<\/ul>\n<hr data-start=\"1181\" data-end=\"1184\" \/>\n<p data-start=\"1186\" data-end=\"1387\">\ud83d\udee0 <strong data-start=\"1189\" data-end=\"1200\">Ch\u1ebf t\u00e1c<\/strong><br data-start=\"1200\" data-end=\"1203\" \/>Th\u1ee7 c\u00f4ng 100% b\u1edfi <strong data-start=\"1221\" data-end=\"1247\">ngh\u1ec7 nh\u00e2n Tonkin Craft<\/strong> \u2013 t\u1ec9 m\u1ec9 t\u1eeb kh\u00e2u ch\u1ecdn \u0111\u1ed3ng, g\u00f2 ch\u1ea1m t\u1eebng \u0111\u1ed1t tr\u00fac, \u0111\u00e1nh b\u00f3ng m\u1edd t\u1ef1 nhi\u00ean \u0111\u1ec3 gi\u1eef l\u1ea1i n\u00e9t m\u1ed9c m\u1ea1c v\u00e0 \u0111\u1ed9 b\u1ec1n v\u1eefng c\u1ee7a ch\u1ea5t li\u1ec7u truy\u1ec1n th\u1ed1ng.<\/p>\n<p data-start=\"1389\" data-end=\"1581\">\ud83c\udf81 <strong data-start=\"1392\" data-end=\"1404\">\u1ee8ng d\u1ee5ng<\/strong><br data-start=\"1404\" data-end=\"1407\" \/>Ph\u1ee5 ki\u1ec7n c\u00e0i t\u00f3c \u2013 c\u00e0i \u00e1o thanh l\u1ecbch, ph\u00f9 h\u1ee3p \u0111eo h\u1eb1ng ng\u00e0y, d\u1ef1 ti\u1ec7c, ch\u1ee5p \u1ea3nh \u00e1o d\u00e0i ho\u1eb7c l\u00e0m <strong data-start=\"1502\" data-end=\"1522\">qu\u00e0 t\u1eb7ng \u00fd ngh\u0129a<\/strong> \u2013 g\u1eedi g\u1eafm l\u1eddi ch\u00fac <strong data-start=\"1542\" data-end=\"1579\">ki\u00ean \u0111\u1ecbnh, b\u00ecnh an v\u00e0 tr\u01b0\u1eddng t\u1ed3n.<\/strong><\/p>\n<hr data-start=\"1583\" data-end=\"1586\" \/>\n<p data-start=\"1588\" data-end=\"1821\">\ud83c\udf38 <strong data-start=\"1591\" data-end=\"1632\">S\u1ef1 kh\u00e1c bi\u1ec7t c\u1ee7a \u0111\u1ed3 \u0111\u1ed3ng Tonkin Craft<\/strong><br data-start=\"1632\" data-end=\"1635\" \/>M\u1ed7i s\u1ea3n ph\u1ea9m l\u00e0 <strong data-start=\"1651\" data-end=\"1662\">\u0111\u1ed9c b\u1ea3n<\/strong>, kh\u00f4ng khu\u00f4n \u0111\u00fac, k\u1ebft tinh gi\u1eefa <strong data-start=\"1695\" data-end=\"1735\">ngh\u1ec7 thu\u1eadt g\u00f2 ch\u1ea1m truy\u1ec1n th\u1ed1ng Vi\u1ec7t<\/strong> v\u00e0 <strong data-start=\"1739\" data-end=\"1770\">thi\u1ebft k\u1ebf t\u1ed1i gi\u1ea3n \u0111\u01b0\u01a1ng \u0111\u1ea1i<\/strong>, t\u00f4n vinh gi\u00e1 tr\u1ecb v\u0103n h\u00f3a qua b\u00e0n tay ngh\u1ec7 nh\u00e2n.<\/p>\n<hr data-start=\"1823\" data-end=\"1826\" \/>\n<p data-start=\"1828\" data-end=\"1858\">\ud83d\udc9b <strong data-start=\"1831\" data-end=\"1856\">Ch\u1ea5t l\u01b0\u1ee3ng &amp; B\u1ea3o qu\u1ea3n<\/strong><\/p>\n<ul data-start=\"1859\" data-end=\"2092\">\n<li data-start=\"1859\" data-end=\"1940\">\n<p data-start=\"1861\" data-end=\"1940\">\u0110\u1ed3ng c\u00e0ng d\u00f9ng c\u00e0ng l\u00ean m\u00e0u tr\u1ea7m \u1ea5m \u2013 mang d\u1ea5u \u1ea5n th\u1eddi gian v\u00e0 c\u00e1 t\u00ednh ri\u00eang.<\/p>\n<\/li>\n<li data-start=\"1941\" data-end=\"1996\">\n<p data-start=\"1943\" data-end=\"1996\">L\u00e0m s\u00e1ng b\u1eb1ng chanh, gi\u1ea5m ho\u1eb7c baking soda khi c\u1ea7n.<\/p>\n<\/li>\n<li data-start=\"1997\" data-end=\"2092\">\n<p data-start=\"1999\" data-end=\"2092\">Tr\u00e1nh ti\u1ebfp x\u00fac tr\u1ef1c ti\u1ebfp v\u1edbi h\u00f3a ch\u1ea5t m\u1ea1nh, b\u1ea3o qu\u1ea3n n\u01a1i kh\u00f4 r\u00e1o trong t\u00fai v\u1ea3i ho\u1eb7c h\u1ed9p g\u1ed7.<\/p>\n<\/li>\n<\/ul>\n<hr data-start=\"2094\" data-end=\"2097\" \/>\n<p data-start=\"2099\" data-end=\"2329\"><strong data-start=\"2099\" data-end=\"2125\">Tr\u00e2m \u0111\u1ed3ng C\u00e2y Tre Tr\u00fac<\/strong> kh\u00f4ng ch\u1ec9 l\u00e0 ph\u1ee5 ki\u1ec7n c\u00e0i t\u00f3c, m\u00e0 c\u00f2n l\u00e0 <strong data-start=\"2167\" data-end=\"2236\">bi\u1ec3u t\u01b0\u1ee3ng c\u1ee7a tinh th\u1ea7n Vi\u1ec7t: ki\u00ean c\u01b0\u1eddng, v\u1eefng ch\u00e3i v\u00e0 thanh tao<\/strong>, n\u01a1i b\u00e0n tay <strong data-start=\"2250\" data-end=\"2276\">ngh\u1ec7 nh\u00e2n Tonkin Craft<\/strong> g\u1eedi g\u1eafm linh h\u1ed3n c\u1ee7a \u0111\u1ed3ng v\u00e0 tri\u1ebft l\u00fd s\u1ed1ng an h\u00f2a.<\/p>\n","protected":false},"excerpt":{"rendered":"<p><strong data-start=\"134\" data-end=\"202\">Tr\u00e2m \u0111\u1ed3ng C\u00e2y Tre Tr\u00fac \u2013 Bi\u1ec3u t\u01b0\u1ee3ng c\u1ee7a ki\u00ean c\u01b0\u1eddng v\u00e0 thanh nh\u00e3.<\/strong><br data-start=\"202\" data-end=\"205\" \/>\u0110\u01b0\u1ee3c <strong data-start=\"210\" data-end=\"260\">ch\u1ebf t\u00e1c th\u1ee7 c\u00f4ng 100% t\u1eeb \u0111\u1ed3ng v\u00e0ng nguy\u00ean ch\u1ea5t<\/strong> b\u1edfi <strong data-start=\"265\" data-end=\"291\">ngh\u1ec7 nh\u00e2n Tonkin Craft<\/strong>, chi\u1ebfc tr\u00e2m mang h\u00ecnh d\u00e1ng nh\u00e1nh tr\u00fac thanh m\u1ea3nh \u2013 bi\u1ec3u tr\u01b0ng cho <strong data-start=\"358\" data-end=\"416\" data-is-only-node=\"\">s\u1ef1 d\u1ebbo dai, b\u1ec1n b\u1ec9 v\u00e0 ph\u1ea9m ch\u1ea5t cao qu\u00fd c\u1ee7a ng\u01b0\u1eddi Vi\u1ec7t<\/strong>.<\/p>\n<p>Th\u00f4ng tin chi ti\u1ebft SP:<\/p>\n<p>&#8211; Ch\u1ea5t li\u1ec7u: \u0110\u1ed3ng thau nguy\u00ean ch\u1ea5t\/ M\u1ea1 B\u1ea1c<\/p>\n<p>&#8211; K\u00edch th\u01b0\u1edbc: chi\u1ec1u d\u00e0i 18cm<\/p>\n<p>&#8211; Nh\u1eadn l\u00e0m theo m\u1eabu, k\u00edch th\u01b0\u1edbc y\u00eau c\u1ea7u<\/p>\n","protected":false},"featured_media":3048,"comment_status":"open","ping_status":"closed","template":"","meta":[],"product_brand":[],"product_cat":[205],"product_tag":[212,213,214,227,209,231,215,210,211,268],"class_list":{"0":"post-3100","1":"product","2":"type-product","3":"status-publish","4":"has-post-thumbnail","6":"product_cat-tram-cai-toc","7":"product_tag-brass-hair-pin","8":"product_tag-phu-kien-toc","9":"product_tag-tram-ao-dai","10":"product_tag-tram-bac","11":"product_tag-tram-cai-toc","12":"product_tag-tram-co-4-la","13":"product_tag-tram-co-phuc","14":"product_tag-tram-dong","15":"product_tag-tram-thu-cong","16":"product_tag-tram-truc","18":"first","19":"instock","20":"shipping-taxable","21":"product-type-simple"},"aioseo_notices":[],"_links":{"self":[{"href":"https:\/\/tonkincraft.vn\/vn\/wp-json\/wp\/v2\/product\/3100","targetHints":{"allow":["GET"]}}],"collection":[{"href":"https:\/\/tonkincraft.vn\/vn\/wp-json\/wp\/v2\/product"}],"about":[{"href":"https:\/\/tonkincraft.vn\/vn\/wp-json\/wp\/v2\/types\/product"}],"replies":[{"embeddable":true,"href":"https:\/\/tonkincraft.vn\/vn\/wp-json\/wp\/v2\/comments?post=3100"}],"wp:featuredmedia":[{"embeddable":true,"href":"https:\/\/tonkincraft.vn\/vn\/wp-json\/wp\/v2\/media\/3048"}],"wp:attachment":[{"href":"https:\/\/tonkincraft.vn\/vn\/wp-json\/wp\/v2\/media?parent=3100"}],"wp:term":[{"taxonomy":"product_brand","embeddable":true,"href":"https:\/\/tonkincraft.vn\/vn\/wp-json\/wp\/v2\/product_brand?post=3100"},{"taxonomy":"product_cat","embeddable":true,"href":"https:\/\/tonkincraft.vn\/vn\/wp-json\/wp\/v2\/product_cat?post=3100"},{"taxonomy":"product_tag","embeddable":true,"href":"https:\/\/tonkincraft.vn\/vn\/wp-json\/wp\/v2\/product_tag?post=3100"}],"curies":[{"name":"wp","href":"https:\/\/api.w.org\/{rel}","templated":true}]}}