{"id":2996,"date":"2025-10-07T11:35:31","date_gmt":"2025-10-07T04:35:31","guid":{"rendered":"https:\/\/tonkincraft.vn\/vn\/?post_type=product&#038;p=2996"},"modified":"2025-10-07T12:17:24","modified_gmt":"2025-10-07T05:17:24","slug":"tram-dong-hoa-calla-lily-tram-cai-toc-thu-cong","status":"publish","type":"product","link":"https:\/\/tonkincraft.vn\/vn\/product\/tram-dong-hoa-calla-lily-tram-cai-toc-thu-cong\/","title":{"rendered":"Tr\u00e2m \u0110\u1ed3ng Hoa Calla Lily Th\u1ee7 C\u00f4ng"},"content":{"rendered":"<h3 data-start=\"157\" data-end=\"220\"><strong data-start=\"161\" data-end=\"220\">Tr\u00e2m \u0111\u1ed3ng Calla Lily \u2013 Thanh tao, ki\u00eau h\u00e3nh v\u00e0 hi\u1ec7n \u0111\u1ea1i<\/strong><\/h3>\n<p data-start=\"222\" data-end=\"539\">L\u1ea5y c\u1ea3m h\u1ee9ng t\u1eeb <strong data-start=\"238\" data-end=\"256\">hoa Calla Lily<\/strong> \u2013 lo\u00e0i hoa mang v\u1ebb \u0111\u1eb9p thu\u1ea7n khi\u1ebft, t\u01b0\u1ee3ng tr\u01b0ng cho <strong data-start=\"309\" data-end=\"356\">s\u1ef1 thanh cao, t\u1ef1 tin v\u00e0 t\u00ecnh y\u00eau ch\u00e2n th\u00e0nh<\/strong>, <strong data-start=\"358\" data-end=\"382\">Tr\u00e2m \u0111\u1ed3ng Calla Lily<\/strong> \u0111\u01b0\u1ee3c ch\u1ebf t\u00e1c ho\u00e0n to\u00e0n th\u1ee7 c\u00f4ng t\u1eeb <strong data-start=\"418\" data-end=\"443\">\u0111\u1ed3ng v\u00e0ng nguy\u00ean ch\u1ea5t<\/strong> b\u1edfi <strong data-start=\"448\" data-end=\"474\">ngh\u1ec7 nh\u00e2n Tonkin Craft<\/strong>, l\u01b0u gi\u1eef n\u00e9t tinh x\u1ea3o v\u00e0 h\u1ed3n Vi\u1ec7t trong t\u1eebng chi ti\u1ebft g\u00f2 ch\u1ea1m.<\/p>\n<p data-start=\"541\" data-end=\"745\">T\u1eebng c\u00e1nh hoa \u0111\u1ed3ng \u0111\u01b0\u1ee3c u\u1ed1n m\u1ec1m, n\u1edf kh\u1ebd trong \u00e1nh s\u00e1ng m\u1edd c\u1ed5 \u0111i\u1ec3n, k\u1ebft h\u1ee3p c\u00f9ng th\u00e2n tr\u00e2m thanh m\u1ea3nh \u2013 t\u1ea1o n\u00ean m\u1ed9t t\u1ed5ng th\u1ec3 h\u00e0i h\u00f2a gi\u1eefa <strong data-start=\"678\" data-end=\"704\">v\u1ebb \u0111\u1eb9p n\u1eef t\u00ednh tinh t\u1ebf<\/strong> v\u00e0 <strong data-start=\"708\" data-end=\"742\">phong th\u00e1i hi\u1ec7n \u0111\u1ea1i \u0111\u1ea7y t\u1ef1 ch\u1ee7<\/strong>.<\/p>\n<hr data-start=\"747\" data-end=\"750\" \/>\n<p data-start=\"752\" data-end=\"786\">\ud83c\udf38 <strong data-start=\"755\" data-end=\"784\">C\u00e1ch ph\u1ed1i c\u00f9ng trang ph\u1ee5c<\/strong><\/p>\n<ul data-start=\"787\" data-end=\"1064\">\n<li data-start=\"787\" data-end=\"877\">\n<p data-start=\"789\" data-end=\"877\"><strong data-start=\"789\" data-end=\"808\">\u00c1o d\u00e0i, \u00e1o y\u1ebfm:<\/strong> t\u00f4n l\u00ean v\u1ebb duy\u00ean d\u00e1ng, thanh tao, mang h\u01a1i th\u1edf c\u1ee7a n\u00e9t \u0111\u1eb9p \u00c1 \u0110\u00f4ng.<\/p>\n<\/li>\n<li data-start=\"878\" data-end=\"958\">\n<p data-start=\"880\" data-end=\"958\"><strong data-start=\"880\" data-end=\"904\">\u0110\u1ea7m tr\u01a1n, v\u00e1y linen:<\/strong> tr\u1edf th\u00e0nh \u0111i\u1ec3m nh\u1ea5n ngh\u1ec7 thu\u1eadt nh\u1eb9 nh\u00e0ng, t\u1ef1 nhi\u00ean.<\/p>\n<\/li>\n<li data-start=\"959\" data-end=\"1064\">\n<p data-start=\"961\" data-end=\"1064\"><strong data-start=\"961\" data-end=\"985\">Trang ph\u1ee5c hi\u1ec7n \u0111\u1ea1i:<\/strong> k\u1ebft h\u1ee3p tinh gi\u1ea3n, gi\u00fap chi\u1ebfc tr\u00e2m tr\u1edf th\u00e0nh ph\u1ee5 ki\u1ec7n thanh l\u1ecbch v\u00e0 \u0111\u1ed9c b\u1ea3n.<\/p>\n<\/li>\n<\/ul>\n<hr data-start=\"1066\" data-end=\"1069\" \/>\n<p data-start=\"1071\" data-end=\"1256\">\ud83d\udee0 <strong data-start=\"1074\" data-end=\"1085\">Ch\u1ebf t\u00e1c<\/strong><br data-start=\"1085\" data-end=\"1088\" \/>Th\u1ee7 c\u00f4ng 100% b\u1edfi <strong data-start=\"1106\" data-end=\"1132\">ngh\u1ec7 nh\u00e2n Tonkin Craft<\/strong> \u2013 t\u1ec9 m\u1ec9 t\u1eeb kh\u00e2u ch\u1ecdn \u0111\u1ed3ng, g\u00f2 ch\u1ea1m t\u1ea1o h\u00ecnh \u0111\u1ebfn \u0111\u00e1nh b\u00f3ng m\u1edd t\u1ef1 nhi\u00ean, gi\u1eef l\u1ea1i v\u1ebb \u0111\u1eb9p nguy\u00ean s\u01a1 v\u00e0 c\u00e1 t\u00ednh c\u1ee7a ch\u1ea5t li\u1ec7u.<\/p>\n<p data-start=\"1258\" data-end=\"1435\">\ud83c\udf81 <strong data-start=\"1261\" data-end=\"1273\">\u1ee8ng d\u1ee5ng<\/strong><br data-start=\"1273\" data-end=\"1276\" \/>Ph\u00f9 h\u1ee3p \u0111\u1ec3 c\u00e0i t\u00f3c, c\u00e0i \u00e1o, d\u1ef1 ti\u1ec7c, ch\u1ee5p \u1ea3nh \u00e1o d\u00e0i, ho\u1eb7c l\u00e0m <strong data-start=\"1339\" data-end=\"1392\">m\u00f3n qu\u00e0 tinh t\u1ebf d\u00e0nh t\u1eb7ng ng\u01b0\u1eddi ph\u1ee5 n\u1eef y\u00eau th\u01b0\u01a1ng<\/strong> \u2013 nh\u01b0 l\u1eddi ch\u00fac thanh khi\u1ebft v\u00e0 ki\u00eau h\u00e3nh.<\/p>\n<hr data-start=\"1437\" data-end=\"1440\" \/>\n<p data-start=\"1442\" data-end=\"1640\">\ud83c\udf3f <strong data-start=\"1445\" data-end=\"1486\">S\u1ef1 kh\u00e1c bi\u1ec7t c\u1ee7a \u0111\u1ed3 \u0111\u1ed3ng Tonkin Craft<\/strong><br data-start=\"1486\" data-end=\"1489\" \/>M\u1ed7i s\u1ea3n ph\u1ea9m l\u00e0 <strong data-start=\"1505\" data-end=\"1516\">\u0111\u1ed9c b\u1ea3n<\/strong>, kh\u00f4ng khu\u00f4n \u0111\u00fac \u2013 th\u1ec3 hi\u1ec7n s\u1ef1 giao h\u00f2a gi\u1eefa <strong data-start=\"1562\" data-end=\"1601\">tinh hoa th\u1ee7 c\u00f4ng truy\u1ec1n th\u1ed1ng Vi\u1ec7t<\/strong> v\u00e0 <strong data-start=\"1605\" data-end=\"1637\">phong c\u00e1ch thi\u1ebft k\u1ebf hi\u1ec7n \u0111\u1ea1i<\/strong>.<\/p>\n<hr data-start=\"1642\" data-end=\"1645\" \/>\n<p data-start=\"1647\" data-end=\"1677\">\ud83d\udc9b <strong data-start=\"1650\" data-end=\"1675\">Ch\u1ea5t l\u01b0\u1ee3ng &amp; B\u1ea3o qu\u1ea3n<\/strong><\/p>\n<ul data-start=\"1678\" data-end=\"1923\">\n<li data-start=\"1678\" data-end=\"1776\">\n<p data-start=\"1680\" data-end=\"1776\">\u0110\u1ed3ng c\u00e0ng d\u00f9ng c\u00e0ng l\u00ean m\u00e0u tr\u1ea7m \u1ea5m \u2013 mang d\u1ea5u \u1ea5n th\u1eddi gian v\u00e0 c\u00e1 t\u00ednh ri\u00eang c\u1ee7a ng\u01b0\u1eddi s\u1edf h\u1eefu.<\/p>\n<\/li>\n<li data-start=\"1777\" data-end=\"1832\">\n<p data-start=\"1779\" data-end=\"1832\">L\u00e0m s\u00e1ng b\u1eb1ng chanh, gi\u1ea5m ho\u1eb7c baking soda khi c\u1ea7n.<\/p>\n<\/li>\n<li data-start=\"1833\" data-end=\"1923\">\n<p data-start=\"1835\" data-end=\"1923\">Tr\u00e1nh ti\u1ebfp x\u00fac tr\u1ef1c ti\u1ebfp v\u1edbi h\u00f3a ch\u1ea5t, b\u1ea3o qu\u1ea3n n\u01a1i kh\u00f4 r\u00e1o trong t\u00fai v\u1ea3i ho\u1eb7c h\u1ed9p g\u1ed7.<\/p>\n<\/li>\n<\/ul>\n<hr data-start=\"1925\" data-end=\"1928\" \/>\n<p data-start=\"1930\" data-end=\"2168\"><strong data-start=\"1930\" data-end=\"1954\">Tr\u00e2m \u0111\u1ed3ng Calla Lily<\/strong> kh\u00f4ng ch\u1ec9 l\u00e0 m\u1ed9t ph\u1ee5 ki\u1ec7n c\u00e0i t\u00f3c, m\u00e0 c\u00f2n l\u00e0 <strong data-start=\"2000\" data-end=\"2056\">bi\u1ec3u t\u01b0\u1ee3ng c\u1ee7a v\u1ebb \u0111\u1eb9p thanh tao v\u00e0 s\u1ef1 t\u1ef1 tin n\u1ed9i t\u1ea1i<\/strong> \u2013 n\u01a1i b\u00e0n tay ng\u01b0\u1eddi ngh\u1ec7 nh\u00e2n Tonkin Craft g\u1eedi g\u1eafm linh h\u1ed3n c\u1ee7a \u0111\u1ed3ng v\u00e0 tinh th\u1ea7n t\u00f4n vinh ng\u01b0\u1eddi ph\u1ee5 n\u1eef Vi\u1ec7t.<\/p>\n","protected":false},"excerpt":{"rendered":"<p><strong data-start=\"122\" data-end=\"171\">Tr\u00e2m \u0111\u1ed3ng Calla Lily \u2013 Thanh tao v\u00e0 ki\u00eau h\u00e3nh<\/strong><br data-start=\"171\" data-end=\"174\" \/>L\u1ea5y c\u1ea3m h\u1ee9ng t\u1eeb hoa Calla Lily \u2013 bi\u1ec3u t\u01b0\u1ee3ng c\u1ee7a s\u1ef1 thanh cao v\u00e0 t\u1ef1 tin, tr\u00e2m \u0111\u01b0\u1ee3c ch\u1ebf t\u00e1c ho\u00e0n to\u00e0n th\u1ee7 c\u00f4ng t\u1eeb <strong data-start=\"286\" data-end=\"311\">\u0111\u1ed3ng v\u00e0ng nguy\u00ean ch\u1ea5t<\/strong> b\u1edfi <strong data-start=\"316\" data-end=\"342\">ngh\u1ec7 nh\u00e2n Tonkin Craft<\/strong>.<br data-start=\"343\" data-end=\"346\" data-is-only-node=\"\" \/>M\u1ed7i \u0111\u01b0\u1eddng g\u00f2 ch\u1ea1m, u\u1ed1n cong c\u00e1nh hoa \u0111\u1ec1u th\u1ec3 hi\u1ec7n n\u00e9t tinh x\u1ea3o v\u00e0 tinh th\u1ea7n hi\u1ec7n \u0111\u1ea1i trong ch\u1ea5t li\u1ec7u truy\u1ec1n th\u1ed1ng.<\/p>\n<p>Th\u00f4ng tin chi ti\u1ebft SP:<\/p>\n<p>&#8211; Ch\u1ea5t li\u1ec7u: \u0110\u1ed3ng thau nguy\u00ean ch\u1ea5t\/ M\u1ea1 b\u1ea1c<\/p>\n<p>&#8211; K\u00edch th\u01b0\u1edbc: chi\u1ec1u d\u00e0i 18cm<\/p>\n<p>&#8211; Nh\u1eadn l\u00e0m theo m\u1eabu, k\u00edch th\u01b0\u1edbc y\u00eau c\u1ea7u<\/p>\n","protected":false},"featured_media":3000,"comment_status":"open","ping_status":"closed","template":"","meta":[],"product_brand":[],"product_cat":[283,205],"product_tag":[212,213,214,227,209,215,210,226,225,211],"class_list":{"0":"post-2996","1":"product","2":"type-product","3":"status-publish","4":"has-post-thumbnail","6":"product_cat-bst-hoa-calla-lily","7":"product_cat-tram-cai-toc","8":"product_tag-brass-hair-pin","9":"product_tag-phu-kien-toc","10":"product_tag-tram-ao-dai","11":"product_tag-tram-bac","12":"product_tag-tram-cai-toc","13":"product_tag-tram-co-phuc","14":"product_tag-tram-dong","15":"product_tag-tram-ha-lien","16":"product_tag-tram-sen","17":"product_tag-tram-thu-cong","19":"first","20":"instock","21":"shipping-taxable","22":"product-type-simple"},"aioseo_notices":[],"_links":{"self":[{"href":"https:\/\/tonkincraft.vn\/vn\/wp-json\/wp\/v2\/product\/2996","targetHints":{"allow":["GET"]}}],"collection":[{"href":"https:\/\/tonkincraft.vn\/vn\/wp-json\/wp\/v2\/product"}],"about":[{"href":"https:\/\/tonkincraft.vn\/vn\/wp-json\/wp\/v2\/types\/product"}],"replies":[{"embeddable":true,"href":"https:\/\/tonkincraft.vn\/vn\/wp-json\/wp\/v2\/comments?post=2996"}],"wp:featuredmedia":[{"embeddable":true,"href":"https:\/\/tonkincraft.vn\/vn\/wp-json\/wp\/v2\/media\/3000"}],"wp:attachment":[{"href":"https:\/\/tonkincraft.vn\/vn\/wp-json\/wp\/v2\/media?parent=2996"}],"wp:term":[{"taxonomy":"product_brand","embeddable":true,"href":"https:\/\/tonkincraft.vn\/vn\/wp-json\/wp\/v2\/product_brand?post=2996"},{"taxonomy":"product_cat","embeddable":true,"href":"https:\/\/tonkincraft.vn\/vn\/wp-json\/wp\/v2\/product_cat?post=2996"},{"taxonomy":"product_tag","embeddable":true,"href":"https:\/\/tonkincraft.vn\/vn\/wp-json\/wp\/v2\/product_tag?post=2996"}],"curies":[{"name":"wp","href":"https:\/\/api.w.org\/{rel}","templated":true}]}}