{"id":2964,"date":"2025-10-07T01:05:41","date_gmt":"2025-10-06T18:05:41","guid":{"rendered":"https:\/\/tonkincraft.vn\/vn\/?post_type=product&#038;p=2964"},"modified":"2025-10-07T12:18:48","modified_gmt":"2025-10-07T05:18:48","slug":"tram-dong-chuon-chuon-mua-que-truc-thang-tram-cai-toc-bang-dong","status":"publish","type":"product","link":"https:\/\/tonkincraft.vn\/vn\/product\/tram-dong-chuon-chuon-mua-que-truc-thang-tram-cai-toc-bang-dong\/","title":{"rendered":"Tr\u00e2m \u0110\u1ed3ng Chu\u1ed3n Chu\u1ed3n M\u01b0a Que Tr\u00fac Th\u1eb3ng"},"content":{"rendered":"<p data-start=\"0\" data-end=\"64\"><strong data-start=\"0\" data-end=\"62\">Tr\u00e2m \u0111\u1ed3ng Chu\u1ed3n Chu\u1ed3n \u2013 Thanh tho\u00e1t, t\u1ef1 do v\u00e0 \u0111\u1ea7y c\u1ea3m h\u1ee9ng<\/strong><\/p>\n<p data-start=\"66\" data-end=\"322\">Mang h\u00ecnh \u1ea3nh ch\u00fa chu\u1ed3n chu\u1ed3n m\u1ea3nh mai \u2013 bi\u1ec3u t\u01b0\u1ee3ng c\u1ee7a t\u1ef1 do, ni\u1ec1m tin v\u00e0 s\u1ef1 kh\u1edfi \u0111\u1ea7u m\u1edbi, <strong data-start=\"158\" data-end=\"183\">Tr\u00e2m \u0111\u1ed3ng Chu\u1ed3n Chu\u1ed3n<\/strong> \u0111\u01b0\u1ee3c ch\u1ebf t\u00e1c ho\u00e0n to\u00e0n th\u1ee7 c\u00f4ng t\u1eeb <strong data-start=\"219\" data-end=\"244\">\u0111\u1ed3ng v\u00e0ng nguy\u00ean ch\u1ea5t<\/strong> b\u1edfi <strong data-start=\"249\" data-end=\"275\">ngh\u1ec7 nh\u00e2n Tonkin Craft<\/strong>, l\u01b0u gi\u1eef tinh hoa g\u00f2 ch\u1ea1m truy\u1ec1n th\u1ed1ng Vi\u1ec7t.<\/p>\n<p data-start=\"324\" data-end=\"494\">M\u1ed7i chi\u1ebfc tr\u00e2m l\u00e0 m\u1ed9t t\u00e1c ph\u1ea9m \u0111\u1ed9c b\u1ea3n \u2013 t\u1eebng \u0111\u01b0\u1eddng n\u00e9t \u0111\u1ec1u \u0111\u01b0\u1ee3c t\u1ea1o h\u00ecnh t\u1ec9 m\u1ec9, mang s\u1eafc \u00e1nh \u0111\u1ed3ng m\u1edd t\u1ef1 nhi\u00ean, ph\u1ea3n chi\u1ebfu v\u1ebb \u0111\u1eb9p nh\u1eb9 nh\u00e0ng m\u00e0 m\u1ea1nh m\u1ebd c\u1ee7a ng\u01b0\u1eddi ph\u1ee5 n\u1eef.<\/p>\n<p data-start=\"496\" data-end=\"530\">\ud83c\udf3f <strong data-start=\"499\" data-end=\"528\">C\u00e1ch ph\u1ed1i c\u00f9ng trang ph\u1ee5c<\/strong><\/p>\n<ul data-start=\"531\" data-end=\"805\">\n<li data-start=\"531\" data-end=\"619\">\n<p data-start=\"533\" data-end=\"619\"><strong data-start=\"533\" data-end=\"557\">\u00c1o d\u00e0i l\u1ee5a ho\u1eb7c g\u1ea5m:<\/strong> t\u00f4n l\u00ean n\u00e9t thanh tao, tinh kh\u00f4i trong c\u00e1c d\u1ecbp l\u1ec5, s\u1ef1 ki\u1ec7n.<\/p>\n<\/li>\n<li data-start=\"620\" data-end=\"711\">\n<p data-start=\"622\" data-end=\"711\"><strong data-start=\"622\" data-end=\"644\">V\u00e1y linen, cotton:<\/strong> t\u1ea1o \u0111i\u1ec3m nh\u1ea5n t\u1ef1 nhi\u00ean, ph\u00f3ng kho\u00e1ng cho phong c\u00e1ch th\u01b0\u1eddng ng\u00e0y.<\/p>\n<\/li>\n<li data-start=\"712\" data-end=\"805\">\n<p data-start=\"714\" data-end=\"805\"><strong data-start=\"714\" data-end=\"738\">Trang ph\u1ee5c t\u1ed1i gi\u1ea3n:<\/strong> chu\u1ed3n chu\u1ed3n \u00e1nh \u0111\u1ed3ng tr\u1edf th\u00e0nh chi ti\u1ebft tinh t\u1ebf, \u0111\u1ea7y duy\u00ean d\u00e1ng.<\/p>\n<\/li>\n<\/ul>\n<p data-start=\"807\" data-end=\"924\">\ud83d\udee0 <strong data-start=\"810\" data-end=\"822\">Ch\u1ebf t\u00e1c:<\/strong> 100% th\u1ee7 c\u00f4ng b\u1edfi th\u1ee3 l\u00e0nh ngh\u1ec1 Tonkin Craft \u2013 g\u00f2, ch\u1ea1m, \u0111\u00e1nh b\u00f3ng m\u1edd t\u1ef1 nhi\u00ean kh\u00f4ng qua khu\u00f4n \u0111\u00fac.<\/p>\n<p data-start=\"926\" data-end=\"1067\">\ud83c\udf81 <strong data-start=\"929\" data-end=\"942\">\u1ee8ng d\u1ee5ng:<\/strong> Ph\u00f9 h\u1ee3p \u0111\u1ec3 \u0111eo \u0111i l\u00e0m, \u0111i ch\u01a1i, ch\u1ee5p \u1ea3nh ho\u1eb7c l\u00e0m qu\u00e0 t\u1eb7ng \u00fd ngh\u0129a cho b\u1ea1n b\u00e8, ng\u01b0\u1eddi th\u00e2n, \u0111\u1ed1i t\u00e1c trong c\u00e1c d\u1ecbp \u0111\u1eb7c bi\u1ec7t.<\/p>\n<p data-start=\"1069\" data-end=\"1271\">\ud83c\udf38 <strong data-start=\"1072\" data-end=\"1113\">S\u1ef1 kh\u00e1c bi\u1ec7t c\u1ee7a \u0111\u1ed3 \u0111\u1ed3ng Tonkin Craft<\/strong><br data-start=\"1113\" data-end=\"1116\" \/>Tonkin Craft gi\u1eef tr\u1ecdn tinh th\u1ea7n <strong data-start=\"1148\" data-end=\"1168\">th\u1ee7 c\u00f4ng \u0111\u1ed9c b\u1ea3n<\/strong> \u2013 k\u1ebft h\u1ee3p tinh hoa v\u0103n h\u00f3a \u00c1 \u0110\u00f4ng v\u00e0 th\u1ea9m m\u1ef9 hi\u1ec7n \u0111\u1ea1i, mang \u0111\u1ebfn s\u1ea3n ph\u1ea9m v\u1eeba g\u1ea7n g\u0169i v\u1eeba sang tr\u1ecdng.<\/p>\n<p data-start=\"1273\" data-end=\"1303\">\ud83d\udc9b <strong data-start=\"1276\" data-end=\"1301\">Ch\u1ea5t l\u01b0\u1ee3ng &amp; B\u1ea3o qu\u1ea3n<\/strong><\/p>\n<ul data-start=\"1304\" data-end=\"1569\">\n<li data-start=\"1304\" data-end=\"1391\">\n<p data-start=\"1306\" data-end=\"1391\">\u0110\u1ed3ng c\u00e0ng d\u00f9ng c\u00e0ng l\u00ean m\u00e0u tr\u1ea7m \u1ea5m, c\u1ed5 \u0111i\u1ec3n \u2013 m\u1ed9t v\u1ebb \u0111\u1eb9p s\u1ed1ng \u0111\u1ed9ng theo th\u1eddi gian.<\/p>\n<\/li>\n<li data-start=\"1392\" data-end=\"1471\">\n<p data-start=\"1394\" data-end=\"1471\">Khi tr\u00e2m b\u1ecb x\u1ec9n m\u00e0u, c\u00f3 th\u1ec3 l\u00e0m s\u00e1ng b\u1eb1ng <strong data-start=\"1436\" data-end=\"1468\">chanh, gi\u1ea5m ho\u1eb7c baking soda<\/strong>.<\/p>\n<\/li>\n<li data-start=\"1472\" data-end=\"1569\">\n<p data-start=\"1474\" data-end=\"1569\">Tr\u00e1nh ti\u1ebfp x\u00fac h\u00f3a ch\u1ea5t (n\u01b0\u1edbc hoa, x\u00e0 ph\u00f2ng), b\u1ea3o qu\u1ea3n n\u01a1i kh\u00f4 r\u00e1o trong t\u00fai v\u1ea3i ho\u1eb7c h\u1ed9p g\u1ed7.<\/p>\n<\/li>\n<\/ul>\n<p data-start=\"1571\" data-end=\"1764\"><strong data-start=\"1571\" data-end=\"1596\">Tr\u00e2m \u0111\u1ed3ng Chu\u1ed3n Chu\u1ed3n<\/strong> kh\u00f4ng ch\u1ec9 l\u00e0 ph\u1ee5 ki\u1ec7n c\u00e0i t\u00f3c, m\u00e0 c\u00f2n l\u00e0 m\u1ed9t l\u00e1t c\u1eaft c\u1ee7a ngh\u1ec7 thu\u1eadt th\u1ee7 c\u00f4ng Vi\u1ec7t \u2013 n\u01a1i m\u1ed7i chi ti\u1ebft nh\u1ecf \u0111\u1ec1u k\u1ec3 c\u00e2u chuy\u1ec7n v\u1ec1 s\u1ef1 kh\u00e9o l\u00e9o v\u00e0 t\u00e2m h\u1ed3n ng\u01b0\u1eddi ngh\u1ec7 nh\u00e2n.<\/p>\n","protected":false},"excerpt":{"rendered":"<p>Tr\u00e2m \u0111\u1ed3ng Chu\u1ed3n Chu\u1ed3n \u2013 bi\u1ec3u t\u01b0\u1ee3ng c\u1ee7a t\u1ef1 do v\u00e0 kh\u1edfi \u0111\u1ea7u m\u1edbi, ch\u1ebf t\u00e1c th\u1ee7 c\u00f4ng t\u1eeb \u0111\u1ed3ng v\u00e0ng nguy\u00ean ch\u1ea5t b\u1edfi ngh\u1ec7 nh\u00e2n Tonkin Craft, mang v\u1ebb \u0111\u1eb9p thanh tho\u00e1t v\u00e0 \u0111\u1ea7y c\u1ea3m h\u1ee9ng.<\/p>\n<p>Th\u00f4ng tin chi ti\u1ebft SP:<\/p>\n<p>&#8211; Ch\u1ea5t li\u1ec7u: \u0110\u1ed3ng thau nguy\u00ean ch\u1ea5t<\/p>\n<p>&#8211; M\u00e0u s\u1eafc: V\u00e0ng<\/p>\n<p>&#8211; K\u00edch th\u01b0\u1edbc: chi\u1ec1u d\u00e0i 15cm<\/p>\n<p>&#8211; Nh\u1eadn l\u00e0m theo m\u1eabu, k\u00edch th\u01b0\u1edbc y\u00eau c\u1ea7u<\/p>\n","protected":false},"featured_media":2966,"comment_status":"open","ping_status":"closed","template":"","meta":[],"product_brand":[],"product_cat":[281,205],"product_tag":[212,213,214,227,209,215,210,226,225,211],"class_list":{"0":"post-2964","1":"product","2":"type-product","3":"status-publish","4":"has-post-thumbnail","6":"product_cat-bst-chuon-chuon","7":"product_cat-tram-cai-toc","8":"product_tag-brass-hair-pin","9":"product_tag-phu-kien-toc","10":"product_tag-tram-ao-dai","11":"product_tag-tram-bac","12":"product_tag-tram-cai-toc","13":"product_tag-tram-co-phuc","14":"product_tag-tram-dong","15":"product_tag-tram-ha-lien","16":"product_tag-tram-sen","17":"product_tag-tram-thu-cong","19":"first","20":"instock","21":"shipping-taxable","22":"product-type-simple"},"aioseo_notices":[],"_links":{"self":[{"href":"https:\/\/tonkincraft.vn\/vn\/wp-json\/wp\/v2\/product\/2964","targetHints":{"allow":["GET"]}}],"collection":[{"href":"https:\/\/tonkincraft.vn\/vn\/wp-json\/wp\/v2\/product"}],"about":[{"href":"https:\/\/tonkincraft.vn\/vn\/wp-json\/wp\/v2\/types\/product"}],"replies":[{"embeddable":true,"href":"https:\/\/tonkincraft.vn\/vn\/wp-json\/wp\/v2\/comments?post=2964"}],"wp:featuredmedia":[{"embeddable":true,"href":"https:\/\/tonkincraft.vn\/vn\/wp-json\/wp\/v2\/media\/2966"}],"wp:attachment":[{"href":"https:\/\/tonkincraft.vn\/vn\/wp-json\/wp\/v2\/media?parent=2964"}],"wp:term":[{"taxonomy":"product_brand","embeddable":true,"href":"https:\/\/tonkincraft.vn\/vn\/wp-json\/wp\/v2\/product_brand?post=2964"},{"taxonomy":"product_cat","embeddable":true,"href":"https:\/\/tonkincraft.vn\/vn\/wp-json\/wp\/v2\/product_cat?post=2964"},{"taxonomy":"product_tag","embeddable":true,"href":"https:\/\/tonkincraft.vn\/vn\/wp-json\/wp\/v2\/product_tag?post=2964"}],"curies":[{"name":"wp","href":"https:\/\/api.w.org\/{rel}","templated":true}]}}