{"id":2932,"date":"2025-10-06T18:39:46","date_gmt":"2025-10-06T11:39:46","guid":{"rendered":"https:\/\/tonkincraft.vn\/vn\/?post_type=product&#038;p=2932"},"modified":"2025-10-07T13:26:37","modified_gmt":"2025-10-07T06:26:37","slug":"tram-dong-hoang-lien-tram-cai-toc-bong-hoa-sen-bang-dong-vang-tram-sen","status":"publish","type":"product","link":"https:\/\/tonkincraft.vn\/vn\/product\/tram-dong-hoang-lien-tram-cai-toc-bong-hoa-sen-bang-dong-vang-tram-sen\/","title":{"rendered":"Tr\u00e2m \u0110\u1ed3ng Ho\u00e0ng Li\u00ean &#8211; Tr\u00e2m C\u00e0i T\u00f3c Hoa Sen \u0110\u1ed3ng V\u00e0ng"},"content":{"rendered":"<h2 data-start=\"209\" data-end=\"272\"><strong data-start=\"212\" data-end=\"272\">Tr\u00e2m \u0111\u1ed3ng Ho\u00e0ng Li\u00ean \u2013 M\u1ed9c m\u1ea1c, tinh gi\u1ea3n v\u00e0 \u0111\u1ea7y c\u00e1 t\u00ednh<\/strong><\/h2>\n<p data-start=\"274\" data-end=\"490\">Mang v\u1ebb \u0111\u1eb9p <strong data-start=\"286\" data-end=\"309\">t\u1ed1i gi\u1ea3n m\u00e0 \u0111\u1ed9c \u0111\u00e1o<\/strong>, <strong data-start=\"311\" data-end=\"338\">tr\u00e2m c\u00e0i t\u00f3c Ho\u00e0ng Li\u00ean<\/strong> \u0111\u01b0\u1ee3c ch\u1ebf t\u00e1c th\u1ee7 c\u00f4ng ho\u00e0n to\u00e0n t\u1eeb <strong data-start=\"374\" data-end=\"399\">\u0111\u1ed3ng v\u00e0ng nguy\u00ean ch\u1ea5t<\/strong> b\u1edfi <strong data-start=\"404\" data-end=\"430\">ngh\u1ec7 nh\u00e2n Tonkin Craft<\/strong> \u2013 nh\u1eefng ng\u01b0\u1eddi g\u00ecn gi\u1eef tinh hoa g\u00f2 ch\u1ea1m truy\u1ec1n th\u1ed1ng Vi\u1ec7t.<\/p>\n<p data-start=\"492\" data-end=\"650\">M\u1ed7i chi\u1ebfc tr\u00e2m l\u00e0 <strong data-start=\"510\" data-end=\"534\">m\u1ed9t t\u00e1c ph\u1ea9m \u0111\u1ed9c b\u1ea3n<\/strong>, mang d\u1ea5u \u1ea5n ri\u00eang c\u1ee7a \u0111\u00f4i tay ngh\u1ec7 nh\u00e2n, th\u1ec3 hi\u1ec7n s\u1ef1 tinh t\u1ebf trong t\u1eebng \u0111\u01b0\u1eddng n\u00e9t v\u00e0 \u0111\u1ed9 s\u00e1ng m\u1edd t\u1ef1 nhi\u00ean c\u1ee7a \u0111\u1ed3ng.<\/p>\n<hr data-start=\"652\" data-end=\"655\" \/>\n<h3 data-start=\"657\" data-end=\"686\">\ud83c\udf3f <strong data-start=\"664\" data-end=\"686\">C\u1ea3m h\u1ee9ng &amp; \u00fd ngh\u0129a<\/strong><\/h3>\n<p data-start=\"688\" data-end=\"933\">L\u1ea5y c\u1ea3m h\u1ee9ng t\u1eeb <strong data-start=\"704\" data-end=\"722\">hoa Sen<\/strong>\u00a0\u2013 lo\u00e0i hoa t\u01b0\u1ee3ng tr\u01b0ng cho <strong data-start=\"750\" data-end=\"810\">s\u1ef1 thu\u1ea7n khi\u1ebft, b\u1ec1n b\u1ec9 v\u00e0 v\u1ebb \u0111\u1eb9p ki\u00eau h\u00e3nh trong gi\u1ea3n d\u1ecb<\/strong>, chi\u1ebfc tr\u00e2m \u0111\u1ed3ng Ho\u00e0ng Li\u00ean l\u00e0 bi\u1ec3u t\u01b0\u1ee3ng c\u1ee7a ng\u01b0\u1eddi ph\u1ee5 n\u1eef hi\u1ec7n \u0111\u1ea1i: <strong data-start=\"882\" data-end=\"931\">nh\u1eb9 nh\u00e0ng m\u00e0 m\u1ea1nh m\u1ebd, gi\u1ea3n \u0111\u01a1n nh\u01b0ng s\u00e2u s\u1eafc.<\/strong><\/p>\n<p data-start=\"935\" data-end=\"1082\">M\u1ed7i \u0111\u01b0\u1eddng cong, m\u1ed7i v\u00e2n ch\u1ea1m \u0111\u1ec1u nh\u01b0 k\u1ec3 l\u1ea1i c\u00e2u chuy\u1ec7n v\u1ec1 <strong data-start=\"993\" data-end=\"1022\">s\u1ef1 t\u0129nh l\u1eb7ng v\u00e0 thanh tao<\/strong> \u2013 m\u1ed9t v\u1ebb \u0111\u1eb9p kh\u00f4ng ph\u00f4 tr\u01b0\u01a1ng, nh\u01b0ng b\u1ec1n b\u1ec9 theo th\u1eddi gian.<\/p>\n<hr data-start=\"1084\" data-end=\"1087\" \/>\n<h3 data-start=\"1089\" data-end=\"1126\">\ud83d\udc58 <strong data-start=\"1096\" data-end=\"1126\">G\u1ee3i \u00fd ph\u1ed1i c\u00f9ng trang ph\u1ee5c<\/strong><\/h3>\n<ul data-start=\"1128\" data-end=\"1506\">\n<li data-start=\"1128\" data-end=\"1226\">\n<p data-start=\"1130\" data-end=\"1226\"><strong data-start=\"1130\" data-end=\"1145\">\u00c1o d\u00e0i l\u1ee5a:<\/strong> Gi\u1eef n\u00e9t trang nh\u00e3, ph\u00f9 h\u1ee3p c\u00e1c d\u1ecbp l\u1ec5 h\u1ed9i, s\u1ef1 ki\u1ec7n hay bu\u1ed5i g\u1eb7p g\u1ee1 quan tr\u1ecdng.<\/p>\n<\/li>\n<li data-start=\"1227\" data-end=\"1322\">\n<p data-start=\"1229\" data-end=\"1322\"><strong data-start=\"1229\" data-end=\"1255\">V\u00e1y linen ho\u1eb7c cotton:<\/strong> T\u1ef1 nhi\u00ean, nh\u1eb9 nh\u00e0ng \u2013 h\u1ee3p cho nh\u1eefng bu\u1ed5i d\u1ea1o ph\u1ed1 ho\u1eb7c tr\u00e0 chi\u1ec1u.<\/p>\n<\/li>\n<li data-start=\"1323\" data-end=\"1409\">\n<p data-start=\"1325\" data-end=\"1409\"><strong data-start=\"1325\" data-end=\"1346\">V\u00e1y \u0111en t\u1ed1i gi\u1ea3n:<\/strong> B\u00f4ng <strong data-start=\"1352\" data-end=\"1366\">Ho\u00e0ng Li\u00ean<\/strong> tr\u1edf th\u00e0nh \u0111i\u1ec3m s\u00e1ng m\u1ec1m m\u1ea1i, sang tr\u1ecdng.<\/p>\n<\/li>\n<li data-start=\"1410\" data-end=\"1506\">\n<p data-start=\"1412\" data-end=\"1506\"><strong data-start=\"1412\" data-end=\"1436\">S\u01a1 mi tr\u1eafng c\u1ed5 \u0111i\u1ec3n:<\/strong> C\u00e0i tr\u00e2m gi\u1eef t\u00f3c g\u1ecdn g\u00e0ng m\u00e0 v\u1eabn to\u00e1t l\u00ean n\u00e9t duy\u00ean tinh t\u1ebf, n\u1eef t\u00ednh.<\/p>\n<\/li>\n<\/ul>\n<hr data-start=\"1508\" data-end=\"1511\" \/>\n<h3 data-start=\"1513\" data-end=\"1549\">\u2692\ufe0f <strong data-start=\"1520\" data-end=\"1549\">Ch\u1ebf t\u00e1c th\u1ee7 c\u00f4ng tinh x\u1ea3o<\/strong><\/h3>\n<p data-start=\"1551\" data-end=\"1841\">100% <strong data-start=\"1556\" data-end=\"1595\">th\u1ee7 c\u00f4ng b\u1edfi ngh\u1ec7 nh\u00e2n Tonkin Craft<\/strong> \u2013 t\u1ec9 m\u1ec9 qua t\u1eebng c\u00f4ng \u0111o\u1ea1n:<br data-start=\"1623\" data-end=\"1626\" \/>t\u1eeb <strong data-start=\"1629\" data-end=\"1642\">ch\u1ecdn \u0111\u1ed3ng<\/strong>, <strong data-start=\"1644\" data-end=\"1656\">t\u1ea1o h\u00ecnh<\/strong>, <strong data-start=\"1658\" data-end=\"1680\">g\u00f2 \u2013 ch\u1ea1m chi ti\u1ebft<\/strong> \u0111\u1ebfn <strong data-start=\"1685\" data-end=\"1710\">\u0111\u00e1nh b\u00f3ng m\u1edd t\u1ef1 nhi\u00ean<\/strong>.<br data-start=\"1711\" data-end=\"1714\" \/>Kh\u00f4ng s\u1eed d\u1ee5ng khu\u00f4n \u0111\u00fac hay m\u00e1y \u00e9p c\u00f4ng nghi\u1ec7p, m\u1ed7i s\u1ea3n ph\u1ea9m l\u00e0 m\u1ed9t <strong data-start=\"1782\" data-end=\"1804\">b\u1ea3n th\u1ec3 ri\u00eang bi\u1ec7t<\/strong> \u2013 duy nh\u1ea5t d\u00e0nh cho ch\u1ee7 nh\u00e2n c\u1ee7a n\u00f3.<\/p>\n<hr data-start=\"1843\" data-end=\"1846\" \/>\n<h3 data-start=\"1848\" data-end=\"1878\">\ud83c\udf81 <strong data-start=\"1855\" data-end=\"1878\">\u1ee8ng d\u1ee5ng &amp; qu\u00e0 t\u1eb7ng<\/strong><\/h3>\n<p data-start=\"1880\" data-end=\"2170\">Ph\u00f9 h\u1ee3p \u0111\u1ec3 <strong data-start=\"1891\" data-end=\"1947\">\u0111eo khi \u0111i l\u00e0m, \u0111i ch\u01a1i, ch\u1ee5p \u1ea3nh, d\u1ef1 l\u1ec5 trang tr\u1ecdng<\/strong>, ho\u1eb7c l\u00e0m <strong data-start=\"1958\" data-end=\"1978\">qu\u00e0 t\u1eb7ng \u00fd ngh\u0129a<\/strong> cho <strong data-start=\"1983\" data-end=\"2026\">b\u1ea1n b\u00e8, ng\u01b0\u1eddi th\u00e2n, \u0111\u1ed1i t\u00e1c, kh\u00e1ch h\u00e0ng<\/strong> trong c\u00e1c d\u1ecbp \u0111\u1eb7c bi\u1ec7t. M\u00f3n qu\u00e0 g\u1eedi trao kh\u00f4ng ch\u1ec9 l\u00e0 v\u1eadt ph\u1ea9m, m\u00e0 c\u00f2n l\u00e0 <strong data-start=\"2103\" data-end=\"2139\">tinh th\u1ea7n c\u1ee7a ngh\u1ec1 th\u1ee7 c\u00f4ng Vi\u1ec7t<\/strong> \u2013 b\u1ec1n b\u1ec9, s\u00e2u s\u1eafc v\u00e0 nh\u00e2n v\u0103n.<\/p>\n<hr data-start=\"2172\" data-end=\"2175\" \/>\n<h3 data-start=\"2177\" data-end=\"2224\">\u2728 <strong data-start=\"2183\" data-end=\"2224\">S\u1ef1 kh\u00e1c bi\u1ec7t c\u1ee7a \u0111\u1ed3 \u0111\u1ed3ng Tonkin Craft<\/strong><\/h3>\n<ul data-start=\"2226\" data-end=\"2448\">\n<li data-start=\"2226\" data-end=\"2302\">\n<p data-start=\"2228\" data-end=\"2302\"><strong data-start=\"2228\" data-end=\"2250\">Ho\u00e0n to\u00e0n th\u1ee7 c\u00f4ng<\/strong>, kh\u00f4ng khu\u00f4n \u0111\u00fac \u2013 m\u1ed7i s\u1ea3n ph\u1ea9m \u0111\u1ec1u c\u00f3 h\u1ed3n ri\u00eang.<\/p>\n<\/li>\n<li data-start=\"2303\" data-end=\"2399\">\n<p data-start=\"2305\" data-end=\"2399\"><strong data-start=\"2305\" data-end=\"2324\">K\u1ebft h\u1ee3p h\u00e0i h\u00f2a<\/strong> gi\u1eefa <strong data-start=\"2330\" data-end=\"2361\">v\u0103n h\u00f3a \u00c1 \u0110\u00f4ng truy\u1ec1n th\u1ed1ng<\/strong> v\u00e0 <strong data-start=\"2365\" data-end=\"2397\">th\u1ea9m m\u1ef9 hi\u1ec7n \u0111\u1ea1i ph\u01b0\u01a1ng T\u00e2y.<\/strong><\/p>\n<\/li>\n<li data-start=\"2400\" data-end=\"2448\">\n<p data-start=\"2402\" data-end=\"2448\"><strong data-start=\"2402\" data-end=\"2448\">\u0110\u1ed9c b\u1ea3n, tinh t\u1ebf, b\u1ec1n v\u1eefng theo th\u1eddi gian.<\/strong><\/p>\n<\/li>\n<\/ul>\n<hr data-start=\"2450\" data-end=\"2453\" \/>\n<h3 data-start=\"2455\" data-end=\"2485\">\ud83d\udd38 <strong data-start=\"2462\" data-end=\"2485\">Ch\u1ea5t l\u01b0\u1ee3ng &amp; \u0111\u1ed9 b\u1ec1n<\/strong><\/h3>\n<p data-start=\"2487\" data-end=\"2669\">\u0110\u1ed3ng Tonkin Craft <strong data-start=\"2505\" data-end=\"2528\">c\u00e0ng d\u00f9ng c\u00e0ng \u0111\u1eb9p.<\/strong><br data-start=\"2528\" data-end=\"2531\" \/>B\u1ec1 m\u1eb7t \u0111\u1ed3ng theo th\u1eddi gian s\u1ebd chuy\u1ec3n sang m\u00e0u <strong data-start=\"2577\" data-end=\"2597\">tr\u1ea7m \u1ea5m, c\u1ed5 \u0111i\u1ec3n<\/strong>, \u2013 d\u1ea5u \u1ea5n c\u1ee7a kim lo\u1ea1i s\u1ed1ng v\u00e0 s\u1ef1 t\u01b0\u01a1ng t\u00e1c t\u1ef1 nhi\u00ean v\u1edbi ng\u01b0\u1eddi s\u1eed d\u1ee5ng.<\/p>\n<hr data-start=\"2671\" data-end=\"2674\" \/>\n<h3 data-start=\"2676\" data-end=\"2706\">\ud83d\udca7 <strong data-start=\"2683\" data-end=\"2706\">Ch\u0103m s\u00f3c &amp; b\u1ea3o qu\u1ea3n<\/strong><\/h3>\n<ul data-start=\"2708\" data-end=\"2978\">\n<li data-start=\"2708\" data-end=\"2786\">\n<p data-start=\"2710\" data-end=\"2786\">Khi tr\u00e2m xu\u1ed1ng m\u00e0u, d\u00f9ng <strong data-start=\"2735\" data-end=\"2767\">chanh, gi\u1ea5m ho\u1eb7c baking soda<\/strong> \u0111\u1ec3 l\u00e0m s\u00e1ng l\u1ea1i.<\/p>\n<\/li>\n<li data-start=\"2787\" data-end=\"2866\">\n<p data-start=\"2789\" data-end=\"2866\"><strong data-start=\"2789\" data-end=\"2807\">Tr\u00e1nh ti\u1ebfp x\u00fac<\/strong> tr\u1ef1c ti\u1ebfp v\u1edbi n\u01b0\u1edbc hoa, m\u1ef9 ph\u1ea9m, x\u00e0 ph\u00f2ng ho\u1eb7c h\u00f3a ch\u1ea5t.<\/p>\n<\/li>\n<li data-start=\"2867\" data-end=\"2978\">\n<p data-start=\"2869\" data-end=\"2978\"><strong data-start=\"2869\" data-end=\"2893\">B\u1ea3o qu\u1ea3n n\u01a1i kh\u00f4 r\u00e1o<\/strong>, c\u1ea5t trong <strong data-start=\"2905\" data-end=\"2928\">t\u00fai v\u1ea3i ho\u1eb7c h\u1ed9p g\u1ed7<\/strong> c\u00f9ng g\u00f3i h\u00fat \u1ea9m \u0111\u1ec3 gi\u1eef \u0111\u1ed9 s\u00e1ng t\u1ef1 nhi\u00ean c\u1ee7a \u0111\u1ed3ng.<\/p>\n<\/li>\n<\/ul>\n<hr data-start=\"2980\" data-end=\"2983\" \/>\n<h3 data-start=\"2985\" data-end=\"2993\">\ud83c\udf38<\/h3>\n<p data-start=\"2994\" data-end=\"3186\"><strong data-start=\"2994\" data-end=\"3018\">Tr\u00e2m \u0111\u1ed3ng Ho\u00e0ng Li\u00ean<\/strong> kh\u00f4ng ch\u1ec9 l\u00e0 m\u1ed9t m\u00f3n ph\u1ee5 ki\u1ec7n, m\u00e0 c\u00f2n l\u00e0 <strong data-start=\"3060\" data-end=\"3102\">m\u1ea3nh gh\u00e9p c\u1ee7a ngh\u1ec7 thu\u1eadt th\u1ee7 c\u00f4ng Vi\u1ec7t<\/strong> \u2013 l\u01b0u gi\u1eef v\u1ebb \u0111\u1eb9p thanh thu\u1ea7n v\u00e0 kh\u00ed ch\u1ea5t ri\u00eang c\u1ee7a ng\u01b0\u1eddi ph\u1ee5 n\u1eef Vi\u1ec7t qua th\u1eddi gian.<\/p>\n","protected":false},"excerpt":{"rendered":"<p>Tr\u00e2m \u0111\u1ed3ng Ho\u00e0ng Li\u00ean thi\u1ebft k\u1ebf m\u1ed9c m\u1ea1c, \u0111\u1ed9c l\u1ea1, \u0111\u01a1n gi\u1ea3n v\u1edbi h\u00ecnh \u1ea3nh b\u00f4ng sen \u0111ang n\u1edf t\u01b0\u1ee3ng tr\u01b0ng cho ng\u01b0\u1eddi con g\u00e1i Vi\u1ec7t Nam, chi\u1ebfc tr\u00e2m \u0111\u1ed3ng Ho\u00e0ng Li\u00ean lu\u00f4n l\u00e0 m\u1ed9t m\u00f3n ph\u1ee5 ki\u1ec7n \u0111\u01b0\u1ee3c c\u00e1c ch\u1ecb em \u01b0a th\u00edch. S\u1ea3n ph\u1ea9m \u0111\u01b0\u1ee3c ch\u1ebf t\u00e1c c\u1ef1c k\u1ef3 tinh x\u1ea3o tr\u00ean ch\u1ea5t li\u1ec7u \u0111\u1ed3ng \u0111\u1ecf v\u00e0 thau \u0111\u00f2i h\u1ecfi s\u1ef1 t\u1ec9 m\u1ec9 cao trong t\u1eebng \u0111\u01b0\u1eddng n\u00e9t b\u1edfi c\u00e1c ngh\u1ec7 nh\u00e2n.<\/p>\n<p>Th\u00f4ng tin chi ti\u1ebft SP:<\/p>\n<p>&#8211; Ch\u1ea5t li\u1ec7u: \u0110\u1ed3ng v\u00e0ng nguy\u00ean ch\u1ea5t<\/p>\n<p>&#8211; M\u00e0u s\u1eafc: V\u00e0ng<\/p>\n<p>&#8211; K\u00edch th\u01b0\u1edbc: chi\u1ec1u d\u00e0i 17cm<\/p>\n<p>&#8211; Nh\u1eadn l\u00e0m theo m\u1eabu, k\u00edch th\u01b0\u1edbc y\u00eau c\u1ea7u<\/p>\n","protected":false},"featured_media":2562,"comment_status":"open","ping_status":"closed","template":"","meta":[],"product_brand":[],"product_cat":[255,205],"product_tag":[212,213,214,227,209,215,210,226,225,211],"class_list":{"0":"post-2932","1":"product","2":"type-product","3":"status-publish","4":"has-post-thumbnail","6":"product_cat-bts-sen","7":"product_cat-tram-cai-toc","8":"product_tag-brass-hair-pin","9":"product_tag-phu-kien-toc","10":"product_tag-tram-ao-dai","11":"product_tag-tram-bac","12":"product_tag-tram-cai-toc","13":"product_tag-tram-co-phuc","14":"product_tag-tram-dong","15":"product_tag-tram-ha-lien","16":"product_tag-tram-sen","17":"product_tag-tram-thu-cong","19":"first","20":"instock","21":"shipping-taxable","22":"product-type-variable","23":"has-default-attributes"},"aioseo_notices":[],"_links":{"self":[{"href":"https:\/\/tonkincraft.vn\/vn\/wp-json\/wp\/v2\/product\/2932","targetHints":{"allow":["GET"]}}],"collection":[{"href":"https:\/\/tonkincraft.vn\/vn\/wp-json\/wp\/v2\/product"}],"about":[{"href":"https:\/\/tonkincraft.vn\/vn\/wp-json\/wp\/v2\/types\/product"}],"replies":[{"embeddable":true,"href":"https:\/\/tonkincraft.vn\/vn\/wp-json\/wp\/v2\/comments?post=2932"}],"wp:featuredmedia":[{"embeddable":true,"href":"https:\/\/tonkincraft.vn\/vn\/wp-json\/wp\/v2\/media\/2562"}],"wp:attachment":[{"href":"https:\/\/tonkincraft.vn\/vn\/wp-json\/wp\/v2\/media?parent=2932"}],"wp:term":[{"taxonomy":"product_brand","embeddable":true,"href":"https:\/\/tonkincraft.vn\/vn\/wp-json\/wp\/v2\/product_brand?post=2932"},{"taxonomy":"product_cat","embeddable":true,"href":"https:\/\/tonkincraft.vn\/vn\/wp-json\/wp\/v2\/product_cat?post=2932"},{"taxonomy":"product_tag","embeddable":true,"href":"https:\/\/tonkincraft.vn\/vn\/wp-json\/wp\/v2\/product_tag?post=2932"}],"curies":[{"name":"wp","href":"https:\/\/api.w.org\/{rel}","templated":true}]}}