{"id":2866,"date":"2025-03-24T01:48:47","date_gmt":"2025-03-23T18:48:47","guid":{"rendered":"https:\/\/tonkincraft.vn\/vn\/?post_type=product&#038;p=2866"},"modified":"2025-10-10T21:32:29","modified_gmt":"2025-10-10T14:32:29","slug":"khuyen-tai-trong-dong-thu-cong-dong-vang","status":"publish","type":"product","link":"https:\/\/tonkincraft.vn\/vn\/product\/khuyen-tai-trong-dong-thu-cong-dong-vang\/","title":{"rendered":"Khuy\u00ean Tai \u0110\u1ed3ng Ch\u1ea1m Tr\u1ed1ng \u0110\u1ed3ng Th\u1ee7 C\u00f4ng"},"content":{"rendered":"<article class=\"text-token-text-primary w-full focus:outline-none [--shadow-height:45px] has-data-writing-block:pointer-events-none has-data-writing-block:-mt-(--shadow-height) has-data-writing-block:pt-(--shadow-height) [&amp;:has([data-writing-block])&gt;*]:pointer-events-auto [content-visibility:auto] supports-[content-visibility:auto]:[contain-intrinsic-size:auto_100lvh] scroll-mt-[calc(var(--header-height)+min(200px,max(70px,20svh)))]\" dir=\"auto\" tabindex=\"-1\" data-turn-id=\"36842936-1828-4ac0-99c9-e8104f00e6ca\" data-testid=\"conversation-turn-44\" data-scroll-anchor=\"true\" data-turn=\"assistant\">\n<div class=\"text-base my-auto mx-auto pb-10 [--thread-content-margin:--spacing(4)] thread-sm:[--thread-content-margin:--spacing(6)] thread-lg:[--thread-content-margin:--spacing(16)] px-(--thread-content-margin)\">\n<div class=\"[--thread-content-max-width:40rem] thread-lg:[--thread-content-max-width:48rem] mx-auto max-w-(--thread-content-max-width) flex-1 group\/turn-messages focus-visible:outline-hidden relative flex w-full min-w-0 flex-col agent-turn\" tabindex=\"-1\">\n<div class=\"flex max-w-full flex-col grow\">\n<div class=\"min-h-8 text-message relative flex w-full flex-col items-end gap-2 text-start break-words whitespace-normal [.text-message+&amp;]:mt-5\" dir=\"auto\" data-message-author-role=\"assistant\" data-message-id=\"218a400c-af74-4ff7-8610-2a19e0487343\" data-message-model-slug=\"gpt-5\">\n<div class=\"flex w-full flex-col gap-1 empty:hidden first:pt-[1px]\">\n<div class=\"markdown prose dark:prose-invert w-full break-words light markdown-new-styling\">\n<p data-start=\"0\" data-end=\"93\"><strong data-start=\"0\" data-end=\"91\">Khuy\u00ean Tai \u0110\u1ed3ng Ch\u1ea1m H\u1ecda Ti\u1ebft Tr\u1ed1ng \u0110\u1ed3ng \u2013 Di s\u1ea3n v\u0103n h\u00f3a thu nh\u1ecf, t\u00f4n vinh v\u1ebb \u0111\u1eb9p Vi\u1ec7t<\/strong><\/p>\n<p data-start=\"95\" data-end=\"321\">L\u1ea5y c\u1ea3m h\u1ee9ng t\u1eeb <strong data-start=\"111\" data-end=\"138\">m\u1eb7t tr\u1ed1ng \u0111\u1ed3ng \u0110\u00f4ng S\u01a1n<\/strong> \u2013 bi\u1ec3u t\u01b0\u1ee3ng r\u1ef1c r\u1ee1 c\u1ee7a <strong data-start=\"163\" data-end=\"187\">n\u1ec1n v\u0103n minh Vi\u1ec7t c\u1ed5<\/strong>, \u0111\u00f4i <strong data-start=\"193\" data-end=\"237\">Khuy\u00ean Tai \u0110\u1ed3ng Ch\u1ea1m H\u1ecda Ti\u1ebft Tr\u1ed1ng \u0110\u1ed3ng<\/strong> l\u00e0 s\u1ef1 k\u1ebft h\u1ee3p h\u00e0i h\u00f2a gi\u1eefa <strong data-start=\"265\" data-end=\"292\">ngh\u1ec7 thu\u1eadt truy\u1ec1n th\u1ed1ng<\/strong> v\u00e0 <strong data-start=\"296\" data-end=\"318\">thi\u1ebft k\u1ebf \u0111\u01b0\u01a1ng \u0111\u1ea1i<\/strong>.<\/p>\n<p data-start=\"323\" data-end=\"725\">Tr\u00ean n\u1ec1n <strong data-start=\"332\" data-end=\"357\">\u0111\u1ed3ng v\u00e0ng nguy\u00ean ch\u1ea5t<\/strong>, t\u1eebng h\u1ecda ti\u1ebft m\u1eb7t tr\u1eddi, chim L\u1ea1c, v\u00f2ng tr\u00f2n \u0111\u1ed3ng t\u00e2m \u0111\u01b0\u1ee3c <strong data-start=\"417\" data-end=\"445\">ch\u1ea1m kh\u1eafc th\u1ee7 c\u00f4ng t\u1ec9 m\u1ec9<\/strong> b\u1edfi ngh\u1ec7 nh\u00e2n Tonkin Craft \u2013 t\u00e1i hi\u1ec7n tinh th\u1ea7n ph\u1ed3n th\u1ecbnh, s\u1ee9c s\u1ed1ng v\u00e0 kh\u00e1t v\u1ecdng v\u01b0\u01a1n l\u00ean c\u1ee7a ng\u01b0\u1eddi Vi\u1ec7t x\u01b0a.<br data-start=\"556\" data-end=\"559\" \/>M\u1ed7i \u0111\u01b0\u1eddng n\u00e9t nh\u1ecf b\u00e9 \u0111\u1ec1u ch\u1ee9a \u0111\u1ef1ng h\u01a1i th\u1edf c\u1ee7a <strong data-start=\"606\" data-end=\"652\">ngh\u1ec1 g\u00f2 ch\u1ea1m \u0111\u1ed3ng truy\u1ec1n th\u1ed1ng h\u01a1n 800 n\u0103m<\/strong>, mang \u0111\u1ebfn c\u1ea3m gi\u00e1c g\u1ea7n g\u0169i m\u00e0 v\u1eabn sang tr\u1ecdng, c\u1ed5 \u0111i\u1ec3n m\u00e0 v\u1eabn hi\u1ec7n \u0111\u1ea1i.<\/p>\n<p data-start=\"727\" data-end=\"852\">\ud83c\udf1e <strong data-start=\"730\" data-end=\"752\">C\u1ea3m h\u1ee9ng &amp; \u00fd ngh\u0129a<\/strong><br data-start=\"752\" data-end=\"755\" \/>Tr\u1ed1ng \u0111\u1ed3ng \u0110\u00f4ng S\u01a1n l\u00e0 bi\u1ec3u t\u01b0\u1ee3ng c\u1ee7a <strong data-start=\"793\" data-end=\"849\">n\u0103ng l\u01b0\u1ee3ng m\u1eb7t tr\u1eddi, s\u1ee9c m\u1ea1nh v\u00e0 ni\u1ec1m t\u1ef1 h\u00e0o d\u00e2n t\u1ed9c<\/strong>.<\/p>\n<ul data-start=\"853\" data-end=\"1098\">\n<li data-start=\"853\" data-end=\"925\">\n<p data-start=\"855\" data-end=\"925\">H\u1ecda ti\u1ebft <strong data-start=\"864\" data-end=\"876\">chim L\u1ea1c<\/strong> t\u01b0\u1ee3ng tr\u01b0ng cho <strong data-start=\"893\" data-end=\"922\">kh\u00e1t v\u1ecdng t\u1ef1 do, v\u01b0\u01a1n cao<\/strong>.<\/p>\n<\/li>\n<li data-start=\"926\" data-end=\"1002\">\n<p data-start=\"928\" data-end=\"1002\">H\u00ecnh <strong data-start=\"933\" data-end=\"953\">m\u1eb7t tr\u1eddi t\u1ecfa tia<\/strong> l\u00e0 <strong data-start=\"957\" data-end=\"999\">ngu\u1ed3n s\u00e1ng khai m\u1edf tr\u00ed tu\u1ec7 v\u00e0 s\u1ee9c s\u1ed1ng<\/strong>.<\/p>\n<\/li>\n<li data-start=\"1003\" data-end=\"1098\">\n<p data-start=\"1005\" data-end=\"1098\">C\u00e1c v\u00f2ng hoa v\u0103n \u0111\u1ed3ng t\u00e2m bi\u1ec3u th\u1ecb cho <strong data-start=\"1044\" data-end=\"1095\">s\u1ef1 h\u00e0i h\u00f2a, n\u1ed1i k\u1ebft gi\u1eefa tr\u1eddi \u2013 \u0111\u1ea5t \u2013 con ng\u01b0\u1eddi<\/strong>.<\/p>\n<\/li>\n<\/ul>\n<p data-start=\"1100\" data-end=\"1245\">\u0110eo \u0111\u00f4i khuy\u00ean n\u00e0y kh\u00f4ng ch\u1ec9 l\u00e0 m\u1ed9t c\u00e1ch th\u1ec3 hi\u1ec7n <strong data-start=\"1150\" data-end=\"1172\">gu th\u1ea9m m\u1ef9 tinh t\u1ebf<\/strong>, m\u00e0 c\u00f2n l\u00e0 <strong data-start=\"1184\" data-end=\"1242\">l\u1eddi nh\u1eafc v\u1ec1 c\u1ed9i ngu\u1ed3n, b\u1ea3n s\u1eafc v\u00e0 ni\u1ec1m t\u1ef1 h\u00e0o Vi\u1ec7t Nam<\/strong>.<\/p>\n<p data-start=\"1247\" data-end=\"1490\">\ud83d\udc57 <strong data-start=\"1250\" data-end=\"1274\">Ph\u1ed1i c\u00f9ng trang ph\u1ee5c<\/strong><br data-start=\"1274\" data-end=\"1277\" \/>Ph\u00f9 h\u1ee3p v\u1edbi nhi\u1ec1u phong c\u00e1ch \u2013 t\u1eeb <strong data-start=\"1311\" data-end=\"1334\">\u00e1o d\u00e0i truy\u1ec1n th\u1ed1ng<\/strong>, <strong data-start=\"1336\" data-end=\"1357\">v\u00e1y linen m\u1ed9c m\u1ea1c<\/strong> cho \u0111\u1ebfn <strong data-start=\"1366\" data-end=\"1398\">trang ph\u1ee5c hi\u1ec7n \u0111\u1ea1i t\u1ed1i gi\u1ea3n<\/strong>. \u00c1nh v\u00e0ng \u0111\u1ed3ng \u1ea5m \u00e1p c\u00f9ng hoa v\u0103n tinh x\u1ea3o gi\u00fap khu\u00f4n m\u1eb7t b\u1eebng s\u00e1ng v\u00e0 mang d\u1ea5u \u1ea5n ri\u00eang.<\/p>\n<p data-start=\"1492\" data-end=\"1802\">\u2692\ufe0f <strong data-start=\"1495\" data-end=\"1523\">Ch\u1ebf t\u00e1c th\u1ee7 c\u00f4ng \u0111\u1ed9c b\u1ea3n<\/strong><br data-start=\"1523\" data-end=\"1526\" \/>M\u1ed7i \u0111\u00f4i khuy\u00ean \u0111\u01b0\u1ee3c <strong data-start=\"1546\" data-end=\"1576\">g\u00f2 ch\u1ea1m ho\u00e0n to\u00e0n b\u1eb1ng tay<\/strong>, kh\u00f4ng khu\u00f4n \u0111\u00fac \u2013 gi\u1eef nguy\u00ean v\u00e2n b\u00faa, d\u1ea5u tay v\u00e0 \u0111\u1ed9 \u201cs\u1ed1ng\u201d c\u1ee7a kim lo\u1ea1i.<br data-start=\"1650\" data-end=\"1653\" \/>S\u1ea3n ph\u1ea9m c\u00f3 th\u1ec3 \u0111\u01b0\u1ee3c \u0111\u00e1nh b\u00f3ng m\u1edd ho\u1eb7c \u0111\u1ec3 m\u1ed9c t\u1ef1 nhi\u00ean, cho ph\u00e9p \u0111\u1ed3ng <strong data-start=\"1723\" data-end=\"1753\">oxy h\u00f3a nh\u1eb9 theo th\u1eddi gian<\/strong>, t\u1ea1o s\u1eafc tr\u1ea7m c\u1ed5 \u0111\u1eb7c tr\u01b0ng, c\u00e0ng \u0111eo c\u00e0ng \u0111\u1eb9p.<\/p>\n<p data-start=\"1804\" data-end=\"2084\">\ud83c\udf81 <strong data-start=\"1807\" data-end=\"1827\">Qu\u00e0 t\u1eb7ng \u00fd ngh\u0129a<\/strong><br data-start=\"1827\" data-end=\"1830\" \/>L\u00e0 m\u00f3n qu\u00e0 d\u00e0nh cho <strong data-start=\"1850\" data-end=\"1889\">nh\u1eefng ng\u01b0\u1eddi ph\u1ee5 n\u1eef y\u00eau v\u0103n h\u00f3a Vi\u1ec7t<\/strong>, th\u00edch s\u1ef1 tinh t\u1ebf, mang theo c\u00e2u chuy\u1ec7n v\u00e0 linh h\u1ed3n d\u00e2n t\u1ed9c.<br data-start=\"1950\" data-end=\"1953\" \/>Ph\u00f9 h\u1ee3p l\u00e0m <strong data-start=\"1965\" data-end=\"2021\">qu\u00e0 t\u1eb7ng cho m\u1eb9, c\u00f4 gi\u00e1o, b\u1ea1n b\u00e8 hay \u0111\u1ed1i t\u00e1c qu\u1ed1c t\u1ebf<\/strong>, th\u1ec3 hi\u1ec7n <strong data-start=\"2032\" data-end=\"2081\">t\u00ecnh c\u1ea3m, l\u00f2ng tr\u00e2n tr\u1ecdng v\u00e0 ni\u1ec1m t\u1ef1 h\u00e0o Vi\u1ec7t<\/strong>.<\/p>\n<p data-start=\"2086\" data-end=\"2276\" data-is-last-node=\"\" data-is-only-node=\"\">\ud83c\udf3f<br data-start=\"2088\" data-end=\"2091\" \/><strong data-start=\"2091\" data-end=\"2126\">Khuy\u00ean Tai \u0110\u1ed3ng Ch\u1ea1m Tr\u1ed1ng \u0110\u1ed3ng<\/strong> kh\u00f4ng ch\u1ec9 l\u00e0 m\u00f3n trang s\u1ee9c, m\u00e0 l\u00e0 <strong data-start=\"2161\" data-end=\"2199\">m\u1ed9t m\u1ea3nh di s\u1ea3n \u0111\u01b0\u1ee3c mang tr\u00ean tai<\/strong> \u2013 n\u01a1i qu\u00e1 kh\u1ee9 v\u00e0 hi\u1ec7n \u0111\u1ea1i g\u1eb7p g\u1ee1 trong b\u00e0n tay ng\u01b0\u1eddi ngh\u1ec7 nh\u00e2n Tonkin Craft.<\/p>\n<\/div>\n<\/div>\n<\/div>\n<\/div>\n<\/div>\n<\/div>\n<\/article>\n<div class=\"pointer-events-none h-px w-px\" aria-hidden=\"true\" data-edge=\"true\"><\/div>\n","protected":false},"excerpt":{"rendered":"<p data-start=\"73\" data-end=\"291\">L\u1ea5y c\u1ea3m h\u1ee9ng t\u1eeb <strong data-start=\"89\" data-end=\"112\">tr\u1ed1ng \u0111\u1ed3ng \u0110\u00f4ng S\u01a1n<\/strong>, bi\u1ec3u t\u01b0\u1ee3ng c\u1ee7a <strong data-start=\"129\" data-end=\"163\">v\u0103n h\u00f3a v\u00e0 ni\u1ec1m t\u1ef1 h\u00e0o d\u00e2n t\u1ed9c<\/strong>, \u0111\u00f4i khuy\u00ean \u0111\u01b0\u1ee3c <strong data-start=\"181\" data-end=\"204\">ch\u1ea1m th\u1ee7 c\u00f4ng t\u1ec9 m\u1ec9<\/strong> t\u1eeb \u0111\u1ed3ng v\u00e0ng nguy\u00ean ch\u1ea5t, t\u00e1i hi\u1ec7n hoa v\u0103n m\u1eb7t tr\u1eddi, chim L\u1ea1c v\u00e0 v\u00f2ng tr\u00f2n \u0111\u1ed3ng t\u00e2m.<\/p>\n<p data-start=\"293\" data-end=\"596\" data-is-last-node=\"\" data-is-only-node=\"\">Mang v\u1ebb \u0111\u1eb9p <strong data-start=\"305\" data-end=\"328\">c\u1ed5 \u0111i\u1ec3n m\u00e0 hi\u1ec7n \u0111\u1ea1i<\/strong>, khuy\u00ean tai th\u1ec3 hi\u1ec7n <strong data-start=\"350\" data-end=\"368\">tinh th\u1ea7n Vi\u1ec7t<\/strong>, n\u0103ng l\u01b0\u1ee3ng v\u00e0 s\u1ef1 k\u1ebft n\u1ed1i gi\u1eefa con ng\u01b0\u1eddi \u2013 thi\u00ean nhi\u00ean.<\/p>\n<p>Th\u00f4ng tin chi ti\u1ebft SP:<\/p>\n<p>\u2013 Ch\u1ea5t li\u1ec7u: \u0110\u1ed3ng thau, \u0111\u1ed3ng \u0111\u1ecf nguy\u00ean ch\u1ea5t<\/p>\n<p>\u2013 Nh\u1eadn l\u00e0m theo m\u1eabu, k\u00edch th\u01b0\u1edbc y\u00eau c\u1ea7u<\/p>\n<p>Kh\u00e1c bi\u1ec7t v\u1edbi nh\u1eefng m\u1eabu v\u00f2ng hi\u1ec7n \u0111\u1ea1i, v\u00f2ng ki\u1ec1ng l\u00e1 t\u1ea1i Tonkin Craft ch\u00ednh l\u00e0 \u201c\u0111\u1eb7c s\u1ea3n\u201d, l\u00e0m t\u00f4n l\u00ean n\u00e9t \u0111\u1eb9p truy\u1ec1n th\u1ed1ng v\u1ed1n c\u00f3 c\u1ee7a t\u00e0 \u00e1o d\u00e0i, \u00e1o l\u1ee5a. V\u1edbi k\u1ebft c\u1ea5u l\u00e0 chi\u1ebfc ki\u1ec1ng m\u1edf v\u00e0 l\u00e1, l\u00e0m \u0111i\u1ec3m nh\u1ea5n cho trang ph\u1ee5c th\u00eam ph\u1ea7n kh\u00e1c bi\u1ec7t v\u00e0 n\u1ed5i b\u1eadt g\u01b0\u01a1ng m\u1eb7t.<\/p>\n","protected":false},"featured_media":2748,"comment_status":"open","ping_status":"closed","template":"","meta":[],"product_brand":[],"product_cat":[285,249],"product_tag":[251,252,250,237,219,216,220,221,218,217],"class_list":{"0":"post-2866","1":"product","2":"type-product","3":"status-publish","4":"has-post-thumbnail","6":"product_cat-bst-trong-dong","7":"product_cat-khuye-tai","8":"product_tag-khuyen-tai-dong","9":"product_tag-khuyen-tai-la","10":"product_tag-khuyen-tai-sen","11":"product_tag-kieng-ao-lua","12":"product_tag-kieng-deo-co","13":"product_tag-kieng-dong","14":"product_tag-kieng-hoa-sen","15":"product_tag-phu-kien-dong","16":"product_tag-vong-co","17":"product_tag-vong-dong","19":"first","20":"instock","21":"shipping-taxable","22":"product-type-simple"},"aioseo_notices":[],"_links":{"self":[{"href":"https:\/\/tonkincraft.vn\/vn\/wp-json\/wp\/v2\/product\/2866","targetHints":{"allow":["GET"]}}],"collection":[{"href":"https:\/\/tonkincraft.vn\/vn\/wp-json\/wp\/v2\/product"}],"about":[{"href":"https:\/\/tonkincraft.vn\/vn\/wp-json\/wp\/v2\/types\/product"}],"replies":[{"embeddable":true,"href":"https:\/\/tonkincraft.vn\/vn\/wp-json\/wp\/v2\/comments?post=2866"}],"wp:featuredmedia":[{"embeddable":true,"href":"https:\/\/tonkincraft.vn\/vn\/wp-json\/wp\/v2\/media\/2748"}],"wp:attachment":[{"href":"https:\/\/tonkincraft.vn\/vn\/wp-json\/wp\/v2\/media?parent=2866"}],"wp:term":[{"taxonomy":"product_brand","embeddable":true,"href":"https:\/\/tonkincraft.vn\/vn\/wp-json\/wp\/v2\/product_brand?post=2866"},{"taxonomy":"product_cat","embeddable":true,"href":"https:\/\/tonkincraft.vn\/vn\/wp-json\/wp\/v2\/product_cat?post=2866"},{"taxonomy":"product_tag","embeddable":true,"href":"https:\/\/tonkincraft.vn\/vn\/wp-json\/wp\/v2\/product_tag?post=2866"}],"curies":[{"name":"wp","href":"https:\/\/api.w.org\/{rel}","templated":true}]}}