{"id":2865,"date":"2025-03-24T01:46:52","date_gmt":"2025-03-23T18:46:52","guid":{"rendered":"https:\/\/tonkincraft.vn\/vn\/?post_type=product&#038;p=2865"},"modified":"2025-10-07T15:49:18","modified_gmt":"2025-10-07T08:49:18","slug":"cai-ao-cham-chim-lac-dong-vang-thiet-ke-thu-cong","status":"publish","type":"product","link":"https:\/\/tonkincraft.vn\/vn\/product\/cai-ao-cham-chim-lac-dong-vang-thiet-ke-thu-cong\/","title":{"rendered":"C\u00e0i \u00c1o \u0110\u1ed3ng Ch\u1ea1m Chim L\u1ea1c Th\u1ee7 C\u00f4ng"},"content":{"rendered":"<p data-start=\"0\" data-end=\"74\"><strong data-start=\"0\" data-end=\"72\">C\u00e0i \u00e1o \u0111\u1ed3ng ch\u1ea1m Chim L\u1ea1c \u2013 Bi\u1ec3u t\u01b0\u1ee3ng c\u1ee7a kh\u00e1t v\u1ecdng v\u00e0 b\u1ea3n s\u1eafc Vi\u1ec7t<\/strong><\/p>\n<p data-start=\"76\" data-end=\"370\">L\u1ea5y c\u1ea3m h\u1ee9ng t\u1eeb h\u00ecnh \u1ea3nh <strong data-start=\"101\" data-end=\"113\">Chim L\u1ea1c<\/strong> \u2013 bi\u1ec3u t\u01b0\u1ee3ng thi\u00eang li\u00eang tr\u00ean tr\u1ed1ng \u0111\u1ed3ng \u0110\u00f4ng S\u01a1n, \u0111\u1ea1i di\u1ec7n cho kh\u00e1t v\u1ecdng t\u1ef1 do, s\u1ee9c s\u1ed1ng v\u00e0 tinh th\u1ea7n v\u01b0\u01a1n l\u00ean c\u1ee7a ng\u01b0\u1eddi Vi\u1ec7t \u2013 chi\u1ebfc <strong data-start=\"250\" data-end=\"279\">c\u00e0i \u00e1o \u0111\u1ed3ng ch\u1ea1m Chim L\u1ea1c<\/strong> \u0111\u01b0\u1ee3c <strong data-start=\"285\" data-end=\"336\">ch\u1ebf t\u00e1c th\u1ee7 c\u00f4ng t\u1ec9 m\u1ec9 t\u1eeb \u0111\u1ed3ng v\u00e0ng nguy\u00ean ch\u1ea5t<\/strong> b\u1edfi <strong data-start=\"341\" data-end=\"367\">ngh\u1ec7 nh\u00e2n Tonkin Craft<\/strong>.<\/p>\n<p data-start=\"372\" data-end=\"644\">M\u1ed7i \u0111\u01b0\u1eddng g\u00f2, n\u00e9t ch\u1ea1m \u0111\u1ec1u mang \u0111\u1eadm d\u1ea5u \u1ea5n c\u1ee7a ngh\u1ec7 thu\u1eadt truy\u1ec1n th\u1ed1ng: th\u00e2n chim m\u1ec1m m\u1ea1i, \u0111\u00f4i c\u00e1nh v\u01b0\u01a1n bay, \u00e1nh \u0111\u1ed3ng c\u1ed5 nhu\u1ed1m m\u00e0u th\u1eddi gian. T\u1eebng chi ti\u1ebft \u0111\u01b0\u1ee3c ho\u00e0n thi\u1ec7n b\u1eb1ng tay, l\u01b0u gi\u1eef <strong data-start=\"563\" data-end=\"577\">\u201ch\u1ed3n Vi\u1ec7t\u201d<\/strong> trong ch\u1ea5t li\u1ec7u kim lo\u1ea1i t\u01b0\u1edfng ch\u1eebng th\u00f4 m\u1ed9c m\u00e0 l\u1ea1i \u0111\u1ea7y c\u1ea3m x\u00fac.<\/p>\n<p data-start=\"646\" data-end=\"932\">\ud83c\udf00 <strong data-start=\"649\" data-end=\"660\">\u00dd ngh\u0129a<\/strong><br data-start=\"660\" data-end=\"663\" \/>Chim L\u1ea1c l\u00e0 h\u00ecnh \u1ea3nh c\u1ee7a <strong data-start=\"688\" data-end=\"738\">s\u1ef1 t\u1ef1 do, th\u1ecbnh v\u01b0\u1ee3ng v\u00e0 k\u1ebft n\u1ed1i v\u1edbi c\u1ed9i ngu\u1ed3n<\/strong>. \u0110eo c\u00e0i \u00e1o n\u00e0y nh\u01b0 mang theo l\u1eddi ch\u00fac <strong data-start=\"778\" data-end=\"822\">may m\u1eafn, th\u00e0nh c\u00f4ng v\u00e0 b\u1ea3n l\u0129nh v\u01b0\u01a1n cao<\/strong>, ph\u00f9 h\u1ee3p l\u00e0m <strong data-start=\"836\" data-end=\"877\">qu\u00e0 t\u1eb7ng tri \u00e2n, qu\u00e0 l\u01b0u ni\u1ec7m v\u0103n h\u00f3a<\/strong> hay ph\u1ee5 ki\u1ec7n t\u00f4n l\u00ean phong c\u00e1ch thanh l\u1ecbch, \u0111\u1ed9c b\u1ea3n.<\/p>\n<p data-start=\"934\" data-end=\"950\">\ud83d\udee0 <strong data-start=\"937\" data-end=\"948\">Ch\u1ebf t\u00e1c<\/strong><\/p>\n<ul data-start=\"951\" data-end=\"1122\">\n<li data-start=\"951\" data-end=\"995\">\n<p data-start=\"953\" data-end=\"995\">Th\u1ee7 c\u00f4ng 100% b\u1edfi ngh\u1ec7 nh\u00e2n Tonkin Craft<\/p>\n<\/li>\n<li data-start=\"996\" data-end=\"1047\">\n<p data-start=\"998\" data-end=\"1047\">G\u00f2 ch\u1ea1m, t\u1ea1o h\u00ecnh v\u00e0 ho\u00e0n thi\u1ec7n b\u1ec1 m\u1eb7t b\u1eb1ng tay<\/p>\n<\/li>\n<li data-start=\"1048\" data-end=\"1122\">\n<p data-start=\"1050\" data-end=\"1122\">\u00c1nh \u0111\u1ed3ng m\u1edd c\u1ed5 \u0111i\u1ec3n, gi\u1eef \u0111\u01b0\u1ee3c v\u1ebb \u0111\u1eb9p t\u1ef1 nhi\u00ean v\u00e0 b\u1ec1n b\u1ec9 theo th\u1eddi gian<\/p>\n<\/li>\n<\/ul>\n<p data-start=\"1124\" data-end=\"1268\">\ud83c\udf81 <strong data-start=\"1127\" data-end=\"1139\">\u1ee8ng d\u1ee5ng<\/strong><br data-start=\"1139\" data-end=\"1142\" \/>Ph\u00f9 h\u1ee3p cho <strong data-start=\"1154\" data-end=\"1200\">\u00e1o d\u00e0i, \u00e1o vest, \u0111\u1ea7m tr\u01a1n ho\u1eb7c kh\u0103n cho\u00e0ng<\/strong> \u2013 t\u1ea1o \u0111i\u1ec3m nh\u1ea5n tinh t\u1ebf, sang tr\u1ecdng v\u00e0 mang \u0111\u1eadm n\u00e9t v\u0103n h\u00f3a Vi\u1ec7t.<\/p>\n<p data-start=\"1270\" data-end=\"1507\">\ud83d\udc9b <strong data-start=\"1273\" data-end=\"1285\">B\u1ea3o qu\u1ea3n<\/strong><br data-start=\"1285\" data-end=\"1288\" \/>\u0110\u1ed3ng s\u1ebd l\u00ean m\u00e0u tr\u1ea7m \u1ea5m theo th\u1eddi gian \u2013 bi\u1ec3u t\u01b0\u1ee3ng c\u1ee7a d\u1ea5u \u1ea5n c\u00e1 nh\u00e2n.<br data-start=\"1359\" data-end=\"1362\" \/>C\u00f3 th\u1ec3 l\u00e0m s\u00e1ng nh\u1eb9 b\u1eb1ng chanh, gi\u1ea5m ho\u1eb7c baking soda.<br data-start=\"1416\" data-end=\"1419\" \/>Tr\u00e1nh ti\u1ebfp x\u00fac tr\u1ef1c ti\u1ebfp v\u1edbi h\u00f3a ch\u1ea5t, b\u1ea3o qu\u1ea3n n\u01a1i kh\u00f4 r\u00e1o trong t\u00fai v\u1ea3i ho\u1eb7c h\u1ed9p g\u1ed7.<\/p>\n","protected":false},"excerpt":{"rendered":"<p><strong data-start=\"0\" data-end=\"68\" data-is-only-node=\"\">C\u00e0i \u00e1o \u0111\u1ed3ng ch\u1ea1m Chim L\u1ea1c \u2013 Bi\u1ec3u t\u01b0\u1ee3ng kh\u00e1t v\u1ecdng v\u00e0 b\u1ea3n s\u1eafc Vi\u1ec7t<\/strong><br data-start=\"68\" data-end=\"71\" \/>\u0110\u01b0\u1ee3c <strong data-start=\"76\" data-end=\"126\">ch\u1ebf t\u00e1c th\u1ee7 c\u00f4ng 100% t\u1eeb \u0111\u1ed3ng v\u00e0ng nguy\u00ean ch\u1ea5t<\/strong> b\u1edfi <strong data-start=\"131\" data-end=\"157\">ngh\u1ec7 nh\u00e2n Tonkin Craft<\/strong>, c\u00e0i \u00e1o mang h\u00ecnh <strong data-start=\"176\" data-end=\"197\">Chim L\u1ea1c \u0110\u00f4ng S\u01a1n<\/strong> \u2013 bi\u1ec3u t\u01b0\u1ee3ng c\u1ee7a <strong data-start=\"215\" data-end=\"259\">t\u1ef1 do, th\u1ecbnh v\u01b0\u1ee3ng v\u00e0 kh\u00e1t v\u1ecdng v\u01b0\u01a1n cao<\/strong>.<\/p>\n<p>Th\u00f4ng tin chi ti\u1ebft SP:<\/p>\n<p>&#8211; Ch\u1ea5t li\u1ec7u: \u0110\u1ed3ng thau nguy\u00ean ch\u1ea5t<\/p>\n<p>&#8211; K\u00edch th\u01b0\u1edbc: 8x4cm<\/p>\n<p>&#8211; Nh\u1eadn l\u00e0m theo m\u1eabu, k\u00edch th\u01b0\u1edbc y\u00eau c\u1ea7u<\/p>\n","protected":false},"featured_media":3110,"comment_status":"open","ping_status":"closed","template":"","meta":[],"product_brand":[],"product_cat":[285,275],"product_tag":[212,213,214,227,209,231,215,269,210,211,268],"class_list":{"0":"post-2865","1":"product","2":"type-product","3":"status-publish","4":"has-post-thumbnail","6":"product_cat-bst-trong-dong","7":"product_cat-cai-ao","8":"product_tag-brass-hair-pin","9":"product_tag-phu-kien-toc","10":"product_tag-tram-ao-dai","11":"product_tag-tram-bac","12":"product_tag-tram-cai-toc","13":"product_tag-tram-co-4-la","14":"product_tag-tram-co-phuc","15":"product_tag-tram-con-ong","16":"product_tag-tram-dong","17":"product_tag-tram-thu-cong","18":"product_tag-tram-truc","20":"first","21":"instock","22":"shipping-taxable","23":"product-type-simple"},"aioseo_notices":[],"_links":{"self":[{"href":"https:\/\/tonkincraft.vn\/vn\/wp-json\/wp\/v2\/product\/2865","targetHints":{"allow":["GET"]}}],"collection":[{"href":"https:\/\/tonkincraft.vn\/vn\/wp-json\/wp\/v2\/product"}],"about":[{"href":"https:\/\/tonkincraft.vn\/vn\/wp-json\/wp\/v2\/types\/product"}],"replies":[{"embeddable":true,"href":"https:\/\/tonkincraft.vn\/vn\/wp-json\/wp\/v2\/comments?post=2865"}],"wp:featuredmedia":[{"embeddable":true,"href":"https:\/\/tonkincraft.vn\/vn\/wp-json\/wp\/v2\/media\/3110"}],"wp:attachment":[{"href":"https:\/\/tonkincraft.vn\/vn\/wp-json\/wp\/v2\/media?parent=2865"}],"wp:term":[{"taxonomy":"product_brand","embeddable":true,"href":"https:\/\/tonkincraft.vn\/vn\/wp-json\/wp\/v2\/product_brand?post=2865"},{"taxonomy":"product_cat","embeddable":true,"href":"https:\/\/tonkincraft.vn\/vn\/wp-json\/wp\/v2\/product_cat?post=2865"},{"taxonomy":"product_tag","embeddable":true,"href":"https:\/\/tonkincraft.vn\/vn\/wp-json\/wp\/v2\/product_tag?post=2865"}],"curies":[{"name":"wp","href":"https:\/\/api.w.org\/{rel}","templated":true}]}}