{"id":2864,"date":"2025-03-24T01:46:01","date_gmt":"2025-03-23T18:46:01","guid":{"rendered":"https:\/\/tonkincraft.vn\/vn\/?post_type=product&#038;p=2864"},"modified":"2025-10-07T15:25:09","modified_gmt":"2025-10-07T08:25:09","slug":"cai-ao-cham-hoa-mai-dong-vang-thiet-ke-thu-cong","status":"publish","type":"product","link":"https:\/\/tonkincraft.vn\/vn\/product\/cai-ao-cham-hoa-mai-dong-vang-thiet-ke-thu-cong\/","title":{"rendered":"C\u00e0i \u00c1o \u0110\u1ed3ng Ch\u1ea1m Hoa Mai \u0110\u00e0o"},"content":{"rendered":"<p data-start=\"0\" data-end=\"70\"><strong data-start=\"0\" data-end=\"68\">C\u00e0i \u00e1o \u0111\u1ed3ng ch\u1ea1m Hoa Mai \u0110\u00e0o \u2013 S\u1eafc xu\u00e2n v\u00e0 ni\u1ec1m vui kh\u1edfi \u0111\u1ea7u m\u1edbi<\/strong><\/p>\n<p data-start=\"72\" data-end=\"394\">L\u1ea5y c\u1ea3m h\u1ee9ng t\u1eeb <strong data-start=\"88\" data-end=\"119\">h\u00ecnh \u1ea3nh hoa Mai v\u00e0 hoa \u0110\u00e0o<\/strong> \u2013 hai lo\u00e0i hoa bi\u1ec3u t\u01b0\u1ee3ng c\u1ee7a <strong data-start=\"150\" data-end=\"192\">m\u00f9a xu\u00e2n, may m\u1eafn v\u00e0 kh\u1edfi \u0111\u1ea7u t\u1ed1t l\u00e0nh<\/strong> \u2013 chi\u1ebfc <strong data-start=\"201\" data-end=\"233\">c\u00e0i \u00e1o \u0111\u1ed3ng ch\u1ea1m Hoa Mai \u0110\u00e0o<\/strong> \u0111\u01b0\u1ee3c <strong data-start=\"239\" data-end=\"289\">ch\u1ebf t\u00e1c th\u1ee7 c\u00f4ng 100% t\u1eeb \u0111\u1ed3ng v\u00e0ng nguy\u00ean ch\u1ea5t<\/strong> b\u1edfi <strong data-start=\"294\" data-end=\"320\">ngh\u1ec7 nh\u00e2n Tonkin Craft<\/strong>, l\u01b0u gi\u1eef tinh th\u1ea7n t\u01b0\u01a1i s\u00e1ng v\u00e0 thanh nh\u00e3 trong t\u1eebng \u0111\u01b0\u1eddng n\u00e9t g\u00f2 ch\u1ea1m.<\/p>\n<p data-start=\"396\" data-end=\"703\">B\u00f4ng hoa n\u0103m c\u00e1nh bung n\u1edf, c\u00e1nh cong m\u1ec1m t\u1ef1 nhi\u00ean, nh\u1ee5y hoa kh\u1eafc n\u1ed5i tinh t\u1ebf tr\u00ean n\u1ec1n \u00e1nh \u0111\u1ed3ng c\u1ed5 \u2013 g\u1ee3i c\u1ea3m gi\u00e1c \u1ea5m \u00e1p, an nhi\u00ean v\u00e0 tr\u00e0n \u0111\u1ea7y s\u1ee9c s\u1ed1ng. M\u1ed7i chi ti\u1ebft \u0111\u01b0\u1ee3c g\u00f2, ch\u1ea1m, \u0111\u00e1nh b\u00f3ng ho\u00e0n to\u00e0n b\u1eb1ng tay, th\u1ec3 hi\u1ec7n s\u1ef1 k\u1ebft h\u1ee3p gi\u1eefa <strong data-start=\"630\" data-end=\"666\">ngh\u1ec7 thu\u1eadt kim ho\u00e0n truy\u1ec1n th\u1ed1ng<\/strong> v\u00e0 <strong data-start=\"670\" data-end=\"700\">thi\u1ebft k\u1ebf hi\u1ec7n \u0111\u1ea1i t\u1ed1i gi\u1ea3n<\/strong>.<\/p>\n<p data-start=\"705\" data-end=\"1017\">\ud83c\udf38 <strong data-start=\"708\" data-end=\"719\">\u00dd ngh\u0129a<\/strong><br data-start=\"719\" data-end=\"722\" \/>Hoa Mai t\u01b0\u1ee3ng tr\u01b0ng cho <strong data-start=\"746\" data-end=\"766\">ph\u00fac \u2013 l\u1ed9c \u2013 th\u1ecd<\/strong>, c\u00f2n Hoa \u0110\u00e0o bi\u1ec3u tr\u01b0ng cho <strong data-start=\"795\" data-end=\"832\">s\u1eafc xu\u00e2n, duy\u00ean d\u00e1ng v\u00e0 h\u1ea1nh ph\u00fac<\/strong>. C\u00e0i \u00e1o \u0111\u1ed3ng Hoa Mai \u0110\u00e0o l\u00e0 l\u1eddi ch\u00fac <strong data-start=\"870\" data-end=\"902\">may m\u1eafn, b\u00ecnh an v\u00e0 t\u01b0\u01a1i m\u1edbi<\/strong>, th\u00edch h\u1ee3p l\u00e0m <strong data-start=\"918\" data-end=\"963\">ph\u1ee5 ki\u1ec7n c\u00e0i \u00e1o d\u00e0i, \u00e1o vest, kh\u0103n cho\u00e0ng<\/strong> ho\u1eb7c <strong data-start=\"969\" data-end=\"988\">m\u00f3n qu\u00e0 tinh t\u1ebf<\/strong> g\u1eedi trao ni\u1ec1m vui \u0111\u1ea7u n\u0103m.<\/p>\n<p data-start=\"1019\" data-end=\"1035\">\ud83d\udee0 <strong data-start=\"1022\" data-end=\"1033\">Ch\u1ebf t\u00e1c<\/strong><\/p>\n<ul data-start=\"1036\" data-end=\"1204\">\n<li data-start=\"1036\" data-end=\"1080\">\n<p data-start=\"1038\" data-end=\"1080\">Th\u1ee7 c\u00f4ng 100% b\u1edfi ngh\u1ec7 nh\u00e2n Tonkin Craft<\/p>\n<\/li>\n<li data-start=\"1081\" data-end=\"1123\">\n<p data-start=\"1083\" data-end=\"1123\">K\u1ef9 thu\u1eadt g\u00f2 ch\u1ea1m v\u00e0 t\u1ea1o h\u00ecnh c\u1ed5 truy\u1ec1n<\/p>\n<\/li>\n<li data-start=\"1124\" data-end=\"1204\">\n<p data-start=\"1126\" data-end=\"1204\">\u00c1nh \u0111\u1ed3ng m\u1edd c\u1ed5 \u0111i\u1ec3n, \u0111\u01b0\u1ee3c \u0111\u00e1nh b\u00f3ng t\u1ef1 nhi\u00ean, c\u00e0ng d\u00f9ng c\u00e0ng l\u00ean m\u00e0u tr\u1ea7m \u1ea5m<\/p>\n<\/li>\n<\/ul>\n<p data-start=\"1206\" data-end=\"1354\">\ud83c\udf81 <strong data-start=\"1209\" data-end=\"1221\">\u1ee8ng d\u1ee5ng<\/strong><br data-start=\"1221\" data-end=\"1224\" \/>Ph\u00f9 h\u1ee3p v\u1edbi <strong data-start=\"1236\" data-end=\"1282\">\u00e1o d\u00e0i, \u0111\u1ea7m, vest ho\u1eb7c trang ph\u1ee5c t\u1ed1i gi\u1ea3n<\/strong>, mang \u0111\u1ebfn \u0111i\u1ec3m nh\u1ea5n thanh l\u1ecbch, t\u01b0\u01a1i s\u00e1ng v\u00e0 \u0111\u1eadm d\u1ea5u \u1ea5n v\u0103n h\u00f3a Vi\u1ec7t.<\/p>\n<p data-start=\"1356\" data-end=\"1586\">\ud83d\udc9b <strong data-start=\"1359\" data-end=\"1371\">B\u1ea3o qu\u1ea3n<\/strong><br data-start=\"1371\" data-end=\"1374\" \/>\u0110\u1ed3ng l\u00ean m\u00e0u t\u1ef1 nhi\u00ean theo th\u1eddi gian, t\u1ea1o n\u00ean s\u1eafc tr\u1ea7m c\u1ed5 quy\u1ebfn r\u0169.<br data-start=\"1441\" data-end=\"1444\" \/>L\u00e0m s\u00e1ng b\u1eb1ng chanh, gi\u1ea5m ho\u1eb7c baking soda khi c\u1ea7n.<br data-start=\"1495\" data-end=\"1498\" \/>Tr\u00e1nh ti\u1ebfp x\u00fac tr\u1ef1c ti\u1ebfp v\u1edbi h\u00f3a ch\u1ea5t, b\u1ea3o qu\u1ea3n n\u01a1i kh\u00f4 r\u00e1o trong t\u00fai v\u1ea3i ho\u1eb7c h\u1ed9p g\u1ed7.<\/p>\n","protected":false},"excerpt":{"rendered":"<p><strong data-start=\"0\" data-end=\"54\" data-is-only-node=\"\">C\u00e0i \u00e1o \u0111\u1ed3ng ch\u1ea1m Hoa Mai \u0110\u00e0o \u2013 S\u1eafc xu\u00e2n v\u00e0 may m\u1eafn<\/strong><br data-start=\"54\" data-end=\"57\" \/>\u0110\u01b0\u1ee3c <strong data-start=\"62\" data-end=\"112\">ch\u1ebf t\u00e1c th\u1ee7 c\u00f4ng 100% t\u1eeb \u0111\u1ed3ng v\u00e0ng nguy\u00ean ch\u1ea5t<\/strong> b\u1edfi <strong data-start=\"117\" data-end=\"143\">ngh\u1ec7 nh\u00e2n Tonkin Craft<\/strong>, c\u00e0i \u00e1o mang h\u00ecnh <strong data-start=\"162\" data-end=\"183\">hoa mai \u2013 hoa \u0111\u00e0o<\/strong> t\u01b0\u1ee3ng tr\u01b0ng cho <strong data-start=\"200\" data-end=\"243\">kh\u1edfi \u0111\u1ea7u t\u1ed1t l\u00e0nh, h\u1ea1nh ph\u00fac v\u00e0 b\u00ecnh an<\/strong>.<\/p>\n<p>Th\u00f4ng tin chi ti\u1ebft SP:<\/p>\n<p>&#8211; Ch\u1ea5t li\u1ec7u: \u0110\u1ed3ng thau nguy\u00ean ch\u1ea5t<\/p>\n<p>&#8211; K\u00edch th\u01b0\u1edbc: 4x6cm<\/p>\n<p>&#8211; Nh\u1eadn l\u00e0m theo m\u1eabu, k\u00edch th\u01b0\u1edbc y\u00eau c\u1ea7u<\/p>\n","protected":false},"featured_media":3115,"comment_status":"open","ping_status":"closed","template":"","meta":[],"product_brand":[],"product_cat":[282,275],"product_tag":[212,213,214,227,209,231,215,269,210,211,268],"class_list":{"0":"post-2864","1":"product","2":"type-product","3":"status-publish","4":"has-post-thumbnail","6":"product_cat-bst-hoa-mai-dao","7":"product_cat-cai-ao","8":"product_tag-brass-hair-pin","9":"product_tag-phu-kien-toc","10":"product_tag-tram-ao-dai","11":"product_tag-tram-bac","12":"product_tag-tram-cai-toc","13":"product_tag-tram-co-4-la","14":"product_tag-tram-co-phuc","15":"product_tag-tram-con-ong","16":"product_tag-tram-dong","17":"product_tag-tram-thu-cong","18":"product_tag-tram-truc","20":"first","21":"instock","22":"shipping-taxable","23":"product-type-simple"},"aioseo_notices":[],"_links":{"self":[{"href":"https:\/\/tonkincraft.vn\/vn\/wp-json\/wp\/v2\/product\/2864","targetHints":{"allow":["GET"]}}],"collection":[{"href":"https:\/\/tonkincraft.vn\/vn\/wp-json\/wp\/v2\/product"}],"about":[{"href":"https:\/\/tonkincraft.vn\/vn\/wp-json\/wp\/v2\/types\/product"}],"replies":[{"embeddable":true,"href":"https:\/\/tonkincraft.vn\/vn\/wp-json\/wp\/v2\/comments?post=2864"}],"wp:featuredmedia":[{"embeddable":true,"href":"https:\/\/tonkincraft.vn\/vn\/wp-json\/wp\/v2\/media\/3115"}],"wp:attachment":[{"href":"https:\/\/tonkincraft.vn\/vn\/wp-json\/wp\/v2\/media?parent=2864"}],"wp:term":[{"taxonomy":"product_brand","embeddable":true,"href":"https:\/\/tonkincraft.vn\/vn\/wp-json\/wp\/v2\/product_brand?post=2864"},{"taxonomy":"product_cat","embeddable":true,"href":"https:\/\/tonkincraft.vn\/vn\/wp-json\/wp\/v2\/product_cat?post=2864"},{"taxonomy":"product_tag","embeddable":true,"href":"https:\/\/tonkincraft.vn\/vn\/wp-json\/wp\/v2\/product_tag?post=2864"}],"curies":[{"name":"wp","href":"https:\/\/api.w.org\/{rel}","templated":true}]}}