{"id":2861,"date":"2025-03-24T01:43:38","date_gmt":"2025-03-23T18:43:38","guid":{"rendered":"https:\/\/tonkincraft.vn\/vn\/?post_type=product&#038;p=2861"},"modified":"2025-10-07T15:29:30","modified_gmt":"2025-10-07T08:29:30","slug":"cai-ao-cham-la-bo-de-dong-vang-thiet-ke-thu-cong","status":"publish","type":"product","link":"https:\/\/tonkincraft.vn\/vn\/product\/cai-ao-cham-la-bo-de-dong-vang-thiet-ke-thu-cong\/","title":{"rendered":"C\u00e0i \u00c1o \u0110\u1ed3ng Ch\u1ea1m L\u00e1 B\u1ed3 \u0110\u1ec1"},"content":{"rendered":"<p data-start=\"0\" data-end=\"68\"><strong data-start=\"0\" data-end=\"66\">C\u00e0i \u00e1o \u0111\u1ed3ng ch\u1ea1m L\u00e1 B\u1ed3 \u0110\u1ec1 \u2013 Bi\u1ec3u t\u01b0\u1ee3ng c\u1ee7a an nhi\u00ean v\u00e0 tr\u00ed tu\u1ec7<\/strong><\/p>\n<p data-start=\"70\" data-end=\"380\">L\u1ea5y c\u1ea3m h\u1ee9ng t\u1eeb <strong data-start=\"86\" data-end=\"104\">chi\u1ebfc l\u00e1 B\u1ed3 \u0110\u1ec1<\/strong> \u2013 bi\u1ec3u t\u01b0\u1ee3ng c\u1ee7a <strong data-start=\"122\" data-end=\"175\">s\u1ef1 gi\u00e1c ng\u1ed9, b\u00ecnh an v\u00e0 t\u1ec9nh th\u1ee9c trong Ph\u1eadt gi\u00e1o<\/strong>, chi\u1ebfc <strong data-start=\"183\" data-end=\"212\">c\u00e0i \u00e1o \u0111\u1ed3ng ch\u1ea1m L\u00e1 B\u1ed3 \u0110\u1ec1<\/strong> \u0111\u01b0\u1ee3c <strong data-start=\"218\" data-end=\"268\">ch\u1ebf t\u00e1c th\u1ee7 c\u00f4ng 100% t\u1eeb \u0111\u1ed3ng v\u00e0ng nguy\u00ean ch\u1ea5t<\/strong> b\u1edfi <strong data-start=\"273\" data-end=\"299\">ngh\u1ec7 nh\u00e2n Tonkin Craft<\/strong>, l\u01b0u gi\u1eef tr\u1ecdn v\u1eb9n tinh th\u1ea7n thanh t\u1ecbnh v\u00e0 s\u00e2u l\u1eafng c\u1ee7a ch\u1ea5t li\u1ec7u truy\u1ec1n th\u1ed1ng.<\/p>\n<p data-start=\"382\" data-end=\"656\">T\u1eebng \u0111\u01b0\u1eddng g\u00e2n l\u00e1 \u0111\u01b0\u1ee3c ch\u1ea1m n\u1ed5i t\u1ec9 m\u1ec9, d\u00e1ng l\u00e1 cong nh\u1eb9 t\u1ef1 nhi\u00ean, \u00e1nh \u0111\u1ed3ng m\u1edd c\u1ed5 \u0111i\u1ec3n g\u1ee3i c\u1ea3m gi\u00e1c tr\u1ea7m \u1ea5m, gi\u1ea3n d\u1ecb m\u00e0 sang tr\u1ecdng. M\u1ed7i chi\u1ebfc c\u00e0i \u00e1o l\u00e0 m\u1ed9t <strong data-start=\"537\" data-end=\"566\">t\u00e1c ph\u1ea9m th\u1ee7 c\u00f4ng \u0111\u1ed9c b\u1ea3n<\/strong>, k\u1ebft h\u1ee3p gi\u1eefa <strong data-start=\"581\" data-end=\"613\">ngh\u1ec7 thu\u1eadt g\u00f2 ch\u1ea1m c\u1ed5 truy\u1ec1n<\/strong> v\u00e0 <strong data-start=\"617\" data-end=\"653\">t\u01b0 duy thi\u1ebft k\u1ebf tinh t\u1ebf hi\u1ec7n \u0111\u1ea1i<\/strong>.<\/p>\n<p data-start=\"658\" data-end=\"952\">\ud83c\udf43 <strong data-start=\"661\" data-end=\"672\">\u00dd ngh\u0129a<\/strong><br data-start=\"672\" data-end=\"675\" \/>Chi\u1ebfc l\u00e1 B\u1ed3 \u0110\u1ec1 t\u01b0\u1ee3ng tr\u01b0ng cho <strong data-start=\"706\" data-end=\"755\">\u00e1nh s\u00e1ng tr\u00ed tu\u1ec7, s\u1ef1 gi\u00e1c ng\u1ed9 v\u00e0 t\u00e2m an nhi\u00ean<\/strong>. \u0110eo c\u00e0i \u00e1o L\u00e1 B\u1ed3 \u0110\u1ec1 l\u00e0 mang theo l\u1eddi nh\u1eafc v\u1ec1 <strong data-start=\"802\" data-end=\"842\">s\u1ef1 b\u00ecnh t\u00e2m, t\u0129nh t\u1ea1i v\u00e0 h\u01b0\u1edbng thi\u1ec7n<\/strong> \u2013 th\u00edch h\u1ee3p l\u00e0m <strong data-start=\"859\" data-end=\"882\">ph\u1ee5 ki\u1ec7n thanh l\u1ecbch<\/strong> ho\u1eb7c <strong data-start=\"888\" data-end=\"912\">m\u00f3n qu\u00e0 t\u1eb7ng \u00fd ngh\u0129a<\/strong> d\u00e0nh cho ng\u01b0\u1eddi th\u00e2n, b\u1ea1n b\u00e8, \u0111\u1ed1i t\u00e1c.<\/p>\n<p data-start=\"954\" data-end=\"970\">\ud83d\udee0 <strong data-start=\"957\" data-end=\"968\">Ch\u1ebf t\u00e1c<\/strong><\/p>\n<ul data-start=\"971\" data-end=\"1113\">\n<li data-start=\"971\" data-end=\"1015\">\n<p data-start=\"973\" data-end=\"1015\">Th\u1ee7 c\u00f4ng 100% b\u1edfi ngh\u1ec7 nh\u00e2n Tonkin Craft<\/p>\n<\/li>\n<li data-start=\"1016\" data-end=\"1057\">\n<p data-start=\"1018\" data-end=\"1057\">G\u00f2 ch\u1ea1m v\u00e0 ho\u00e0n thi\u1ec7n b\u1ec1 m\u1eb7t b\u1eb1ng tay<\/p>\n<\/li>\n<li data-start=\"1058\" data-end=\"1113\">\n<p data-start=\"1060\" data-end=\"1113\">\u00c1nh \u0111\u1ed3ng c\u1ed5 \u0111i\u1ec3n, t\u1ef1 nhi\u00ean v\u00e0 b\u1ec1n b\u1ec9 theo th\u1eddi gian<\/p>\n<\/li>\n<\/ul>\n<p data-start=\"1115\" data-end=\"1244\">\ud83c\udf81 <strong data-start=\"1118\" data-end=\"1130\">\u1ee8ng d\u1ee5ng<\/strong><br data-start=\"1130\" data-end=\"1133\" \/>Ph\u00f9 h\u1ee3p c\u00e0i tr\u00ean <strong data-start=\"1150\" data-end=\"1200\">\u00e1o d\u00e0i, \u00e1o vest, kh\u0103n cho\u00e0ng ho\u1eb7c \u0111\u1ea7m t\u1ed1i gi\u1ea3n<\/strong>, gi\u00fap t\u00f4n l\u00ean n\u00e9t thanh l\u1ecbch v\u00e0 s\u00e2u l\u1eafng.<\/p>\n<p data-start=\"1246\" data-end=\"1491\">\ud83d\udc9b <strong data-start=\"1249\" data-end=\"1261\">B\u1ea3o qu\u1ea3n<\/strong><br data-start=\"1261\" data-end=\"1264\" \/>\u0110\u1ed3ng s\u1ebd l\u00ean m\u00e0u tr\u1ea7m \u1ea5m theo th\u1eddi gian \u2013 d\u1ea5u \u1ea5n c\u1ee7a s\u1ef1 s\u1ed1ng v\u00e0 tr\u1ea3i nghi\u1ec7m.<br data-start=\"1339\" data-end=\"1342\" \/>C\u00f3 th\u1ec3 l\u00e0m s\u00e1ng b\u1eb1ng chanh, gi\u1ea5m ho\u1eb7c baking soda khi c\u1ea7n.<br data-start=\"1400\" data-end=\"1403\" \/>Tr\u00e1nh ti\u1ebfp x\u00fac tr\u1ef1c ti\u1ebfp v\u1edbi h\u00f3a ch\u1ea5t, b\u1ea3o qu\u1ea3n n\u01a1i kh\u00f4 r\u00e1o trong t\u00fai v\u1ea3i ho\u1eb7c h\u1ed9p g\u1ed7.<\/p>\n","protected":false},"excerpt":{"rendered":"<p><strong data-start=\"0\" data-end=\"66\" data-is-only-node=\"\">C\u00e0i \u00e1o \u0111\u1ed3ng ch\u1ea1m L\u00e1 B\u1ed3 \u0110\u1ec1 \u2013 Bi\u1ec3u t\u01b0\u1ee3ng c\u1ee7a an nhi\u00ean v\u00e0 tr\u00ed tu\u1ec7<\/strong><br data-start=\"66\" data-end=\"69\" \/>\u0110\u01b0\u1ee3c <strong data-start=\"74\" data-end=\"124\">ch\u1ebf t\u00e1c th\u1ee7 c\u00f4ng 100% t\u1eeb \u0111\u1ed3ng v\u00e0ng nguy\u00ean ch\u1ea5t<\/strong> b\u1edfi <strong data-start=\"129\" data-end=\"155\">ngh\u1ec7 nh\u00e2n Tonkin Craft<\/strong>, c\u00e0i \u00e1o mang h\u00ecnh <strong data-start=\"174\" data-end=\"186\">l\u00e1 B\u1ed3 \u0110\u1ec1<\/strong> \u2013 bi\u1ec3u t\u01b0\u1ee3ng c\u1ee7a <strong data-start=\"204\" data-end=\"236\">t\u1ec9nh th\u1ee9c v\u00e0 b\u00ecnh an n\u1ed9i t\u00e2m<\/strong>.<br data-start=\"237\" data-end=\"240\" \/>\u0110\u01b0\u1eddng g\u00f2 ch\u1ea1m tinh x\u1ea3o, \u00e1nh \u0111\u1ed3ng c\u1ed5 \u0111i\u1ec3n t\u1ea1o n\u00ean <strong data-start=\"289\" data-end=\"324\">ph\u1ee5 ki\u1ec7n thanh t\u1ecbnh, sang tr\u1ecdng<\/strong>, \u0111\u1ed3ng th\u1eddi l\u00e0 <strong data-start=\"339\" data-end=\"358\">m\u00f3n qu\u00e0 \u00fd ngh\u0129a<\/strong> g\u1eedi g\u1eafm l\u1eddi ch\u00fac an l\u00e0nh v\u00e0 tr\u00ed tu\u1ec7 s\u00e1ng su\u1ed1t..<\/p>\n<p>Th\u00f4ng tin chi ti\u1ebft SP:<\/p>\n<p>&#8211; Ch\u1ea5t li\u1ec7u: \u0110\u1ed3ng thau nguy\u00ean ch\u1ea5t\/ M\u1ea1 B\u1ea1c<\/p>\n<p>&#8211; K\u00edch th\u01b0\u1edbc:<\/p>\n<p>&#8211; Nh\u1eadn l\u00e0m theo m\u1eabu, k\u00edch th\u01b0\u1edbc y\u00eau c\u1ea7u<\/p>\n","protected":false},"featured_media":2857,"comment_status":"open","ping_status":"closed","template":"","meta":[],"product_brand":[],"product_cat":[275],"product_tag":[212,213,214,227,209,231,215,269,210,211,268],"class_list":{"0":"post-2861","1":"product","2":"type-product","3":"status-publish","4":"has-post-thumbnail","6":"product_cat-cai-ao","7":"product_tag-brass-hair-pin","8":"product_tag-phu-kien-toc","9":"product_tag-tram-ao-dai","10":"product_tag-tram-bac","11":"product_tag-tram-cai-toc","12":"product_tag-tram-co-4-la","13":"product_tag-tram-co-phuc","14":"product_tag-tram-con-ong","15":"product_tag-tram-dong","16":"product_tag-tram-thu-cong","17":"product_tag-tram-truc","19":"first","20":"instock","21":"shipping-taxable","22":"product-type-simple"},"aioseo_notices":[],"_links":{"self":[{"href":"https:\/\/tonkincraft.vn\/vn\/wp-json\/wp\/v2\/product\/2861","targetHints":{"allow":["GET"]}}],"collection":[{"href":"https:\/\/tonkincraft.vn\/vn\/wp-json\/wp\/v2\/product"}],"about":[{"href":"https:\/\/tonkincraft.vn\/vn\/wp-json\/wp\/v2\/types\/product"}],"replies":[{"embeddable":true,"href":"https:\/\/tonkincraft.vn\/vn\/wp-json\/wp\/v2\/comments?post=2861"}],"wp:featuredmedia":[{"embeddable":true,"href":"https:\/\/tonkincraft.vn\/vn\/wp-json\/wp\/v2\/media\/2857"}],"wp:attachment":[{"href":"https:\/\/tonkincraft.vn\/vn\/wp-json\/wp\/v2\/media?parent=2861"}],"wp:term":[{"taxonomy":"product_brand","embeddable":true,"href":"https:\/\/tonkincraft.vn\/vn\/wp-json\/wp\/v2\/product_brand?post=2861"},{"taxonomy":"product_cat","embeddable":true,"href":"https:\/\/tonkincraft.vn\/vn\/wp-json\/wp\/v2\/product_cat?post=2861"},{"taxonomy":"product_tag","embeddable":true,"href":"https:\/\/tonkincraft.vn\/vn\/wp-json\/wp\/v2\/product_tag?post=2861"}],"curies":[{"name":"wp","href":"https:\/\/api.w.org\/{rel}","templated":true}]}}