{"id":2860,"date":"2025-03-24T01:42:33","date_gmt":"2025-03-23T18:42:33","guid":{"rendered":"https:\/\/tonkincraft.vn\/vn\/?post_type=product&#038;p=2860"},"modified":"2025-10-07T15:32:53","modified_gmt":"2025-10-07T08:32:53","slug":"cai-ao-cham-chuon-chuon-dong-vang-thiet-ke-thu-cong","status":"publish","type":"product","link":"https:\/\/tonkincraft.vn\/vn\/product\/cai-ao-cham-chuon-chuon-dong-vang-thiet-ke-thu-cong\/","title":{"rendered":"C\u00e0i \u00c1o \u0110\u1ed3ng Ch\u1ea1m Chu\u1ed3n Chu\u1ed3n Th\u1ee7 C\u00f4ng"},"content":{"rendered":"<p data-start=\"0\" data-end=\"63\"><strong data-start=\"0\" data-end=\"61\">C\u00e0i \u00e1o \u0111\u1ed3ng ch\u1ea1m Chu\u1ed3n Chu\u1ed3n \u2013 T\u1ef1 do, nh\u1eb9 nh\u00f5m v\u00e0 may m\u1eafn<\/strong><\/p>\n<p data-start=\"65\" data-end=\"368\">L\u1ea5y c\u1ea3m h\u1ee9ng t\u1eeb h\u00ecnh \u1ea3nh <strong data-start=\"90\" data-end=\"105\">chu\u1ed3n chu\u1ed3n<\/strong> \u2013 lo\u00e0i bi\u1ec3u t\u01b0\u1ee3ng cho <strong data-start=\"128\" data-end=\"183\">t\u1ef1 do, s\u1ef1 chuy\u1ec3n m\u00ecnh v\u00e0 ni\u1ec1m tin v\u00e0o \u0111i\u1ec1u t\u1ed1t l\u00e0nh<\/strong>, chi\u1ebfc <strong data-start=\"191\" data-end=\"223\">c\u00e0i \u00e1o \u0111\u1ed3ng ch\u1ea1m Chu\u1ed3n Chu\u1ed3n<\/strong> \u0111\u01b0\u1ee3c <strong data-start=\"229\" data-end=\"279\">ch\u1ebf t\u00e1c th\u1ee7 c\u00f4ng 100% t\u1eeb \u0111\u1ed3ng v\u00e0ng nguy\u00ean ch\u1ea5t<\/strong> b\u1edfi <strong data-start=\"284\" data-end=\"310\">ngh\u1ec7 nh\u00e2n Tonkin Craft<\/strong>, l\u01b0u gi\u1eef n\u00e9t tinh t\u1ebf v\u00e0 h\u1ed3n nhi\u00ean c\u1ee7a thi\u00ean nhi\u00ean Vi\u1ec7t.<\/p>\n<p data-start=\"370\" data-end=\"690\">M\u1ed7i chi ti\u1ebft \u2013 t\u1eeb \u0111\u00f4i c\u00e1nh m\u1ea3nh kh\u1ea3nh \u0111\u1ebfn d\u00e1ng bay uy\u1ec3n chuy\u1ec3n \u2013 \u0111\u1ec1u \u0111\u01b0\u1ee3c <strong data-start=\"444\" data-end=\"470\">g\u00f2 ch\u1ea1m t\u1ec9 m\u1ec9 b\u1eb1ng tay<\/strong>, \u00e1nh \u0111\u1ed3ng c\u1ed5 \u0111i\u1ec3n ph\u1ea3n chi\u1ebfu s\u1eafc s\u00e1ng d\u1ecbu, t\u1ea1o n\u00ean c\u1ea3m gi\u00e1c thanh tho\u00e1t v\u00e0 trang nh\u00e3.<br data-start=\"556\" data-end=\"559\" \/>Chi\u1ebfc c\u00e0i \u00e1o mang v\u1ebb \u0111\u1eb9p dung d\u1ecb, t\u1ef1 nhi\u00ean, l\u00e0 \u0111i\u1ec3m nh\u1ea5n nh\u1eb9 nh\u00e0ng cho trang ph\u1ee5c v\u00e0 phong c\u00e1ch s\u1ed1ng h\u01b0\u1edbng v\u1ec1 s\u1ef1 c\u00e2n b\u1eb1ng, t\u1ef1 do.<\/p>\n<p data-start=\"692\" data-end=\"950\">\ud83e\udebd <strong data-start=\"695\" data-end=\"706\">\u00dd ngh\u0129a<\/strong><br data-start=\"706\" data-end=\"709\" \/>Chu\u1ed3n chu\u1ed3n l\u00e0 bi\u1ec3u t\u01b0\u1ee3ng c\u1ee7a <strong data-start=\"739\" data-end=\"779\">may m\u1eafn, ni\u1ec1m vui v\u00e0 s\u1ef1 kh\u1edfi \u0111\u1ea7u m\u1edbi<\/strong>. C\u00e0i \u00e1o \u0111\u1ed3ng Chu\u1ed3n Chu\u1ed3n nh\u01b0 l\u1eddi ch\u00fac <strong data-start=\"818\" data-end=\"851\">b\u00ecnh an, hanh th\u00f4ng v\u00e0 t\u1ef1 t\u1ea1i<\/strong> \u2013 ph\u00f9 h\u1ee3p l\u00e0m <strong data-start=\"866\" data-end=\"894\">ph\u1ee5 ki\u1ec7n \u00e1o d\u00e0i, \u00e1o vest<\/strong> ho\u1eb7c <strong data-start=\"900\" data-end=\"920\">qu\u00e0 t\u1eb7ng \u00fd ngh\u0129a<\/strong> g\u1eedi \u0111\u1ebfn ng\u01b0\u1eddi th\u00e2n, b\u1ea1n b\u00e8.<\/p>\n<p data-start=\"952\" data-end=\"968\">\ud83d\udee0 <strong data-start=\"955\" data-end=\"966\">Ch\u1ebf t\u00e1c<\/strong><\/p>\n<ul data-start=\"969\" data-end=\"1138\">\n<li data-start=\"969\" data-end=\"1013\">\n<p data-start=\"971\" data-end=\"1013\">Th\u1ee7 c\u00f4ng 100% b\u1edfi ngh\u1ec7 nh\u00e2n Tonkin Craft<\/p>\n<\/li>\n<li data-start=\"1014\" data-end=\"1068\">\n<p data-start=\"1016\" data-end=\"1068\">K\u1ef9 thu\u1eadt g\u00f2 ch\u1ea1m v\u00e0 ho\u00e0n thi\u1ec7n \u00e1nh \u0111\u1ed3ng m\u1edd c\u1ed5 \u0111i\u1ec3n<\/p>\n<\/li>\n<li data-start=\"1069\" data-end=\"1138\">\n<p data-start=\"1071\" data-end=\"1138\">Kh\u00f4ng khu\u00f4n \u0111\u00fac \u2013 m\u1ed7i chi\u1ebfc l\u00e0 m\u1ed9t b\u1ea3n \u0111\u1ed9c b\u1ea3n, mang s\u1eafc \u0111\u1ed9 ri\u00eang<\/p>\n<\/li>\n<\/ul>\n<p data-start=\"1140\" data-end=\"1262\">\ud83c\udf81 <strong data-start=\"1143\" data-end=\"1155\">\u1ee8ng d\u1ee5ng<\/strong><br data-start=\"1155\" data-end=\"1158\" \/>Ph\u00f9 h\u1ee3p c\u00e0i tr\u00ean <strong data-start=\"1175\" data-end=\"1223\">\u00e1o d\u00e0i, \u0111\u1ea7m, kh\u0103n cho\u00e0ng, \u00e1o s\u01a1 mi ho\u1eb7c vest<\/strong>, t\u00f4n l\u00ean n\u00e9t thanh tho\u00e1t v\u00e0 tinh t\u1ebf.<\/p>\n<p data-start=\"1264\" data-end=\"1503\">\ud83d\udc9b <strong data-start=\"1267\" data-end=\"1279\">B\u1ea3o qu\u1ea3n<\/strong><br data-start=\"1279\" data-end=\"1282\" \/>\u0110\u1ed3ng l\u00ean m\u00e0u tr\u1ea7m \u1ea5m theo th\u1eddi gian \u2013 bi\u1ec3u t\u01b0\u1ee3ng c\u1ee7a s\u1ef1 s\u1ed1ng v\u00e0 tr\u1ea3i nghi\u1ec7m.<br data-start=\"1358\" data-end=\"1361\" \/>L\u00e0m s\u00e1ng b\u1eb1ng chanh, gi\u1ea5m ho\u1eb7c baking soda khi c\u1ea7n.<br data-start=\"1412\" data-end=\"1415\" \/>Tr\u00e1nh ti\u1ebfp x\u00fac tr\u1ef1c ti\u1ebfp v\u1edbi h\u00f3a ch\u1ea5t, b\u1ea3o qu\u1ea3n n\u01a1i kh\u00f4 r\u00e1o trong t\u00fai v\u1ea3i ho\u1eb7c h\u1ed9p g\u1ed7.<\/p>\n","protected":false},"excerpt":{"rendered":"<p><strong data-start=\"0\" data-end=\"66\" data-is-only-node=\"\">C\u00e0i \u00e1o \u0111\u1ed3ng ch\u1ea1m Chu\u1ed3n Chu\u1ed3n \u2013 Bi\u1ec3u t\u01b0\u1ee3ng c\u1ee7a t\u1ef1 do v\u00e0 may m\u1eafn<\/strong><br data-start=\"66\" data-end=\"69\" \/>\u0110\u01b0\u1ee3c <strong data-start=\"74\" data-end=\"124\">ch\u1ebf t\u00e1c th\u1ee7 c\u00f4ng 100% t\u1eeb \u0111\u1ed3ng v\u00e0ng nguy\u00ean ch\u1ea5t<\/strong> b\u1edfi <strong data-start=\"129\" data-end=\"155\">ngh\u1ec7 nh\u00e2n Tonkin Craft<\/strong>, c\u00e0i \u00e1o mang h\u00ecnh <strong data-start=\"174\" data-end=\"189\">chu\u1ed3n chu\u1ed3n<\/strong> \u2013 lo\u00e0i t\u01b0\u1ee3ng tr\u01b0ng cho <strong data-start=\"213\" data-end=\"252\">ni\u1ec1m vui, kh\u1edfi \u0111\u1ea7u m\u1edbi v\u00e0 s\u1ef1 t\u1ef1 t\u1ea1i<\/strong>.<br data-start=\"253\" data-end=\"256\" \/>\u0110\u01b0\u1eddng g\u00f2 ch\u1ea1m tinh x\u1ea3o, \u00e1nh \u0111\u1ed3ng c\u1ed5 \u0111i\u1ec3n t\u1ea1o n\u00ean <strong data-start=\"305\" data-end=\"341\">ph\u1ee5 ki\u1ec7n thanh tho\u00e1t, duy\u00ean d\u00e1ng<\/strong>, \u0111\u1ed3ng th\u1eddi l\u00e0 <strong data-start=\"356\" data-end=\"375\">m\u00f3n qu\u00e0 \u00fd ngh\u0129a<\/strong> g\u1eedi g\u1eafm l\u1eddi ch\u00fac an l\u00e0nh v\u00e0 may m\u1eafn.<\/p>\n<p>Th\u00f4ng tin chi ti\u1ebft SP:<\/p>\n<p>&#8211; Ch\u1ea5t li\u1ec7u: \u0110\u1ed3ng\u00a0 thau nguy\u00ean ch\u1ea5t<\/p>\n<p>&#8211; K\u00edch th\u01b0\u1edbc: 4x7cm<\/p>\n<p>&#8211; Nh\u1eadn l\u00e0m theo m\u1eabu, k\u00edch th\u01b0\u1edbc y\u00eau c\u1ea7u<\/p>\n","protected":false},"featured_media":2854,"comment_status":"open","ping_status":"closed","template":"","meta":[],"product_brand":[],"product_cat":[281,275],"product_tag":[212,213,214,227,209,231,215,269,210,211,268],"class_list":{"0":"post-2860","1":"product","2":"type-product","3":"status-publish","4":"has-post-thumbnail","6":"product_cat-bst-chuon-chuon","7":"product_cat-cai-ao","8":"product_tag-brass-hair-pin","9":"product_tag-phu-kien-toc","10":"product_tag-tram-ao-dai","11":"product_tag-tram-bac","12":"product_tag-tram-cai-toc","13":"product_tag-tram-co-4-la","14":"product_tag-tram-co-phuc","15":"product_tag-tram-con-ong","16":"product_tag-tram-dong","17":"product_tag-tram-thu-cong","18":"product_tag-tram-truc","20":"first","21":"instock","22":"shipping-taxable","23":"product-type-simple"},"aioseo_notices":[],"_links":{"self":[{"href":"https:\/\/tonkincraft.vn\/vn\/wp-json\/wp\/v2\/product\/2860","targetHints":{"allow":["GET"]}}],"collection":[{"href":"https:\/\/tonkincraft.vn\/vn\/wp-json\/wp\/v2\/product"}],"about":[{"href":"https:\/\/tonkincraft.vn\/vn\/wp-json\/wp\/v2\/types\/product"}],"replies":[{"embeddable":true,"href":"https:\/\/tonkincraft.vn\/vn\/wp-json\/wp\/v2\/comments?post=2860"}],"wp:featuredmedia":[{"embeddable":true,"href":"https:\/\/tonkincraft.vn\/vn\/wp-json\/wp\/v2\/media\/2854"}],"wp:attachment":[{"href":"https:\/\/tonkincraft.vn\/vn\/wp-json\/wp\/v2\/media?parent=2860"}],"wp:term":[{"taxonomy":"product_brand","embeddable":true,"href":"https:\/\/tonkincraft.vn\/vn\/wp-json\/wp\/v2\/product_brand?post=2860"},{"taxonomy":"product_cat","embeddable":true,"href":"https:\/\/tonkincraft.vn\/vn\/wp-json\/wp\/v2\/product_cat?post=2860"},{"taxonomy":"product_tag","embeddable":true,"href":"https:\/\/tonkincraft.vn\/vn\/wp-json\/wp\/v2\/product_tag?post=2860"}],"curies":[{"name":"wp","href":"https:\/\/api.w.org\/{rel}","templated":true}]}}