{"id":2859,"date":"2025-03-24T01:41:39","date_gmt":"2025-03-23T18:41:39","guid":{"rendered":"https:\/\/tonkincraft.vn\/vn\/?post_type=product&#038;p=2859"},"modified":"2025-10-07T15:35:46","modified_gmt":"2025-10-07T08:35:46","slug":"cai-ao-cham-la-bach-qua-ma-bac-thiet-ke-thu-cong","status":"publish","type":"product","link":"https:\/\/tonkincraft.vn\/vn\/product\/cai-ao-cham-la-bach-qua-ma-bac-thiet-ke-thu-cong\/","title":{"rendered":"C\u00e0i \u00c1o M\u1ea1 B\u1ea1c Ch\u1ea1m L\u00e1 B\u1ea1ch Q\u1ee7a Th\u1ee7 C\u00f4ng"},"content":{"rendered":"<p data-start=\"0\" data-end=\"69\"><strong data-start=\"0\" data-end=\"67\">C\u00e0i \u00e1o ch\u1ea1m L\u00e1 B\u1ea1ch Qu\u1ea3 \u2013 Thanh khi\u1ebft, c\u00e2n b\u1eb1ng v\u00e0 tinh t\u1ebf<\/strong><\/p>\n<p data-start=\"71\" data-end=\"377\">L\u1ea5y c\u1ea3m h\u1ee9ng t\u1eeb <strong data-start=\"87\" data-end=\"102\">l\u00e1 B\u1ea1ch Qu\u1ea3<\/strong> \u2013 bi\u1ec3u t\u01b0\u1ee3ng c\u1ee7a <strong data-start=\"120\" data-end=\"166\">s\u1ef1 tr\u01b0\u1eddng th\u1ecd, tr\u00ed tu\u1ec7 v\u00e0 c\u00e2n b\u1eb1ng n\u1ed9i t\u00e2m<\/strong>, chi\u1ebfc <strong data-start=\"174\" data-end=\"206\">c\u00e0i \u00e1o \u0111\u1ed3ng ch\u1ea1m L\u00e1 B\u1ea1ch Qu\u1ea3<\/strong> \u0111\u01b0\u1ee3c <strong data-start=\"212\" data-end=\"262\">ch\u1ebf t\u00e1c th\u1ee7 c\u00f4ng 100% t\u1eeb \u0111\u1ed3ng v\u00e0ng nguy\u00ean ch\u1ea5t<\/strong> b\u1edfi <strong data-start=\"267\" data-end=\"293\">ngh\u1ec7 nh\u00e2n Tonkin Craft<\/strong>, l\u01b0u gi\u1eef tr\u1ecdn v\u1eb9n tinh hoa g\u00f2 ch\u1ea1m truy\u1ec1n th\u1ed1ng v\u00e0 h\u1ed3n Vi\u1ec7t trong t\u1eebng \u0111\u01b0\u1eddng n\u00e9t.<\/p>\n<p data-start=\"379\" data-end=\"624\">T\u1eebng \u0111\u01b0\u1eddng g\u00e2n l\u00e1 \u0111\u01b0\u1ee3c g\u00f2 ch\u1ea1m t\u1ec9 m\u1ec9, d\u00e1ng l\u00e1 m\u1ec1m m\u1ea1i, \u00e1nh \u0111\u1ed3ng m\u1edd c\u1ed5 \u0111i\u1ec3n \u2013 mang l\u1ea1i c\u1ea3m gi\u00e1c <strong data-start=\"474\" data-end=\"511\">thanh khi\u1ebft, nh\u1eb9 nh\u00e0ng v\u00e0 tinh t\u1ebf<\/strong>. M\u1ed7i chi\u1ebfc c\u00e0i l\u00e0 <strong data-start=\"530\" data-end=\"541\">\u0111\u1ed9c b\u1ea3n<\/strong>, k\u1ebft h\u1ee3p h\u00e0i h\u00f2a gi\u1eefa <strong data-start=\"564\" data-end=\"587\">v\u1ebb \u0111\u1eb9p truy\u1ec1n th\u1ed1ng<\/strong> v\u00e0 <strong data-start=\"591\" data-end=\"621\">thi\u1ebft k\u1ebf hi\u1ec7n \u0111\u1ea1i t\u1ed1i gi\u1ea3n<\/strong>.<\/p>\n<p data-start=\"626\" data-end=\"884\">\ud83c\udf43 <strong data-start=\"629\" data-end=\"640\">\u00dd ngh\u0129a<\/strong><br data-start=\"640\" data-end=\"643\" \/>Chi\u1ebfc l\u00e1 B\u1ea1ch Qu\u1ea3 t\u01b0\u1ee3ng tr\u01b0ng cho <strong data-start=\"677\" data-end=\"720\">s\u1ef1 tr\u00ed tu\u1ec7, b\u00ecnh an v\u00e0 c\u00e2n b\u1eb1ng n\u1ed9i t\u00e2m<\/strong>. \u0110eo c\u00e0i \u00e1o n\u00e0y nh\u01b0 l\u1eddi nh\u1eafc v\u1ec1 <strong data-start=\"753\" data-end=\"780\">s\u1ef1 an nhi\u00ean v\u00e0 t\u0129nh t\u1ea1i<\/strong>, th\u00edch h\u1ee3p l\u00e0m <strong data-start=\"796\" data-end=\"819\">ph\u1ee5 ki\u1ec7n thanh l\u1ecbch<\/strong> ho\u1eb7c <strong data-start=\"825\" data-end=\"844\">m\u00f3n qu\u00e0 \u00fd ngh\u0129a<\/strong> g\u1eedi t\u1eb7ng b\u1ea1n b\u00e8, ng\u01b0\u1eddi th\u00e2n, \u0111\u1ed1i t\u00e1c.<\/p>\n<p data-start=\"886\" data-end=\"902\">\ud83d\udee0 <strong data-start=\"889\" data-end=\"900\">Ch\u1ebf t\u00e1c<\/strong><\/p>\n<ul data-start=\"903\" data-end=\"1057\">\n<li data-start=\"903\" data-end=\"947\">\n<p data-start=\"905\" data-end=\"947\">Th\u1ee7 c\u00f4ng 100% b\u1edfi ngh\u1ec7 nh\u00e2n Tonkin Craft<\/p>\n<\/li>\n<li data-start=\"948\" data-end=\"994\">\n<p data-start=\"950\" data-end=\"994\">G\u00f2 ch\u1ea1m, t\u1ea1o h\u00ecnh v\u00e0 \u0111\u00e1nh b\u00f3ng m\u1edd t\u1ef1 nhi\u00ean<\/p>\n<\/li>\n<li data-start=\"995\" data-end=\"1057\">\n<p data-start=\"997\" data-end=\"1057\">\u00c1nh \u0111\u1ed3ng c\u1ed5 \u0111i\u1ec3n, b\u1ec1n b\u1ec9 v\u00e0 c\u00e0ng d\u00f9ng c\u00e0ng l\u00ean m\u00e0u tr\u1ea7m \u1ea5m<\/p>\n<\/li>\n<\/ul>\n<p data-start=\"1059\" data-end=\"1179\">\ud83c\udf81 <strong data-start=\"1062\" data-end=\"1074\">\u1ee8ng d\u1ee5ng<\/strong><br data-start=\"1074\" data-end=\"1077\" \/>Ph\u00f9 h\u1ee3p c\u00e0i tr\u00ean <strong data-start=\"1094\" data-end=\"1135\">\u00e1o d\u00e0i, \u00e1o vest, \u0111\u1ea7m ho\u1eb7c kh\u0103n cho\u00e0ng<\/strong>, t\u00f4n l\u00ean v\u1ebb <strong data-start=\"1148\" data-end=\"1176\">thanh l\u1ecbch v\u00e0 duy\u00ean d\u00e1ng<\/strong>.<\/p>\n<p data-start=\"1181\" data-end=\"1404\">\ud83d\udc9b <strong data-start=\"1184\" data-end=\"1196\">B\u1ea3o qu\u1ea3n<\/strong><br data-start=\"1196\" data-end=\"1199\" \/>\u0110\u1ed3ng s\u1ebd l\u00ean m\u00e0u t\u1ef1 nhi\u00ean theo th\u1eddi gian, t\u1ea1o d\u1ea5u \u1ea5n c\u00e1 nh\u00e2n.<br data-start=\"1259\" data-end=\"1262\" \/>L\u00e0m s\u00e1ng b\u1eb1ng chanh, gi\u1ea5m ho\u1eb7c baking soda khi c\u1ea7n.<br data-start=\"1313\" data-end=\"1316\" \/>Tr\u00e1nh ti\u1ebfp x\u00fac tr\u1ef1c ti\u1ebfp v\u1edbi h\u00f3a ch\u1ea5t, b\u1ea3o qu\u1ea3n n\u01a1i kh\u00f4 r\u00e1o trong t\u00fai v\u1ea3i ho\u1eb7c h\u1ed9p g\u1ed7.<\/p>\n","protected":false},"excerpt":{"rendered":"<p><strong data-start=\"0\" data-end=\"57\" data-is-only-node=\"\">C\u00e0i \u00e1o \u0111\u1ed3ng ch\u1ea1m L\u00e1 B\u1ea1ch Qu\u1ea3 \u2013 Thanh khi\u1ebft v\u00e0 tinh t\u1ebf<\/strong><br data-start=\"57\" data-end=\"60\" \/>\u0110\u01b0\u1ee3c <strong data-start=\"65\" data-end=\"115\">ch\u1ebf t\u00e1c th\u1ee7 c\u00f4ng 100% t\u1eeb \u0111\u1ed3ng v\u00e0ng nguy\u00ean ch\u1ea5t<\/strong> b\u1edfi <strong data-start=\"120\" data-end=\"146\">ngh\u1ec7 nh\u00e2n Tonkin Craft<\/strong>, c\u00e0i \u00e1o mang h\u00ecnh <strong data-start=\"165\" data-end=\"180\">l\u00e1 B\u1ea1ch Qu\u1ea3<\/strong> \u2013 bi\u1ec3u t\u01b0\u1ee3ng c\u1ee7a <strong data-start=\"198\" data-end=\"238\">tr\u00ed tu\u1ec7, b\u00ecnh an v\u00e0 c\u00e2n b\u1eb1ng n\u1ed9i t\u00e2m<\/strong>.<br data-start=\"239\" data-end=\"242\" \/>\u0110\u01b0\u1eddng g\u00f2 ch\u1ea1m tinh x\u1ea3o, \u00e1nh \u0111\u1ed3ng c\u1ed5 \u0111i\u1ec3n t\u1ea1o n\u00ean <strong data-start=\"291\" data-end=\"326\">ph\u1ee5 ki\u1ec7n thanh l\u1ecbch, duy\u00ean d\u00e1ng<\/strong>, \u0111\u1ed3ng th\u1eddi l\u00e0 <strong data-start=\"341\" data-end=\"360\">m\u00f3n qu\u00e0 \u00fd ngh\u0129a<\/strong> g\u1eedi trao l\u1eddi ch\u00fac may m\u1eafn v\u00e0 an l\u00e0nh.<\/p>\n<p>Th\u00f4ng tin chi ti\u1ebft SP:<\/p>\n<p>&#8211; Ch\u1ea5t li\u1ec7u: \u0110\u1ed3ng nguy\u00ean ch\u1ea5t<\/p>\n<p>&#8211; K\u00edch th\u01b0\u1edbc:<\/p>\n<p>&#8211; Nh\u1eadn l\u00e0m theo m\u1eabu, k\u00edch th\u01b0\u1edbc y\u00eau c\u1ea7u<\/p>\n","protected":false},"featured_media":2858,"comment_status":"open","ping_status":"closed","template":"","meta":[],"product_brand":[],"product_cat":[280,275],"product_tag":[212,213,214,227,209,231,215,269,210,211,268],"class_list":{"0":"post-2859","1":"product","2":"type-product","3":"status-publish","4":"has-post-thumbnail","6":"product_cat-bst-la-bach-qua","7":"product_cat-cai-ao","8":"product_tag-brass-hair-pin","9":"product_tag-phu-kien-toc","10":"product_tag-tram-ao-dai","11":"product_tag-tram-bac","12":"product_tag-tram-cai-toc","13":"product_tag-tram-co-4-la","14":"product_tag-tram-co-phuc","15":"product_tag-tram-con-ong","16":"product_tag-tram-dong","17":"product_tag-tram-thu-cong","18":"product_tag-tram-truc","20":"first","21":"instock","22":"shipping-taxable","23":"product-type-simple"},"aioseo_notices":[],"_links":{"self":[{"href":"https:\/\/tonkincraft.vn\/vn\/wp-json\/wp\/v2\/product\/2859","targetHints":{"allow":["GET"]}}],"collection":[{"href":"https:\/\/tonkincraft.vn\/vn\/wp-json\/wp\/v2\/product"}],"about":[{"href":"https:\/\/tonkincraft.vn\/vn\/wp-json\/wp\/v2\/types\/product"}],"replies":[{"embeddable":true,"href":"https:\/\/tonkincraft.vn\/vn\/wp-json\/wp\/v2\/comments?post=2859"}],"wp:featuredmedia":[{"embeddable":true,"href":"https:\/\/tonkincraft.vn\/vn\/wp-json\/wp\/v2\/media\/2858"}],"wp:attachment":[{"href":"https:\/\/tonkincraft.vn\/vn\/wp-json\/wp\/v2\/media?parent=2859"}],"wp:term":[{"taxonomy":"product_brand","embeddable":true,"href":"https:\/\/tonkincraft.vn\/vn\/wp-json\/wp\/v2\/product_brand?post=2859"},{"taxonomy":"product_cat","embeddable":true,"href":"https:\/\/tonkincraft.vn\/vn\/wp-json\/wp\/v2\/product_cat?post=2859"},{"taxonomy":"product_tag","embeddable":true,"href":"https:\/\/tonkincraft.vn\/vn\/wp-json\/wp\/v2\/product_tag?post=2859"}],"curies":[{"name":"wp","href":"https:\/\/api.w.org\/{rel}","templated":true}]}}