{"id":2825,"date":"2025-03-24T01:07:11","date_gmt":"2025-03-23T18:07:11","guid":{"rendered":"https:\/\/tonkincraft.vn\/vn\/?post_type=product&#038;p=2825"},"modified":"2025-10-07T21:59:02","modified_gmt":"2025-10-07T14:59:02","slug":"vong-tay-hinh-ran-vong-tay-dong-ma-bac-thu-cong","status":"publish","type":"product","link":"https:\/\/tonkincraft.vn\/vn\/product\/vong-tay-hinh-ran-vong-tay-dong-ma-bac-thu-cong\/","title":{"rendered":"V\u00f2ng Tay M\u1ea1 B\u1ea1c Ch\u1ea1m R\u1eafn Th\u1ee7 C\u00f4ng"},"content":{"rendered":"<p data-start=\"0\" data-end=\"66\"><strong data-start=\"0\" data-end=\"64\">V\u00f2ng Tay \u0110\u1ed3ng Ch\u1ea1m H\u00ecnh Con R\u1eafn \u2013 B\u00ed \u1ea9n, quy\u1ec1n l\u1ef1c v\u00e0 b\u1ea3o h\u1ed9<\/strong><\/p>\n<p data-start=\"68\" data-end=\"310\">L\u1ea5y c\u1ea3m h\u1ee9ng t\u1eeb <strong data-start=\"84\" data-end=\"102\">h\u00ecnh t\u01b0\u1ee3ng r\u1eafn<\/strong> \u2013 bi\u1ec3u tr\u01b0ng c\u1ee7a <strong data-start=\"120\" data-end=\"165\">tr\u00ed tu\u1ec7, s\u1ef1 t\u00e1i sinh v\u00e0 n\u0103ng l\u01b0\u1ee3ng b\u1ea3o v\u1ec7<\/strong> trong v\u0103n h\u00f3a \u00c1 \u0110\u00f4ng \u2013 <strong data-start=\"189\" data-end=\"224\">V\u00f2ng Tay \u0110\u1ed3ng Ch\u1ea1m H\u00ecnh Con R\u1eafn<\/strong> \u0111\u01b0\u1ee3c ch\u1ebf t\u00e1c <strong data-start=\"238\" data-end=\"280\">th\u1ee7 c\u00f4ng 100% t\u1eeb \u0111\u1ed3ng v\u00e0ng nguy\u00ean ch\u1ea5t<\/strong> b\u1edfi ngh\u1ec7 nh\u00e2n Tonkin Craft.<\/p>\n<p data-start=\"312\" data-end=\"498\">Th\u00e2n r\u1eafn \u0111\u01b0\u1ee3c <strong data-start=\"326\" data-end=\"343\">g\u00f2 ch\u1ea1m t\u1ec9 m\u1ec9<\/strong>, u\u1ed1n cong \u00f4m l\u1ea5y c\u1ed5 tay m\u1ec1m m\u1ea1i m\u00e0 m\u1ea1nh m\u1ebd. \u00c1nh \u0111\u1ed3ng m\u1edd c\u1ed5 \u0111i\u1ec3n k\u1ebft h\u1ee3p v\u1edbi h\u1ecda ti\u1ebft v\u1ea3y kh\u1eafc tay tinh t\u1ebf, mang \u0111\u1ebfn v\u1ebb <strong data-start=\"463\" data-end=\"495\">b\u00ed \u1ea9n, quy\u1ebfn r\u0169 v\u00e0 quy\u1ec1n l\u1ef1c<\/strong>.<\/p>\n<p data-start=\"500\" data-end=\"516\">\ud83c\udf3f <strong data-start=\"503\" data-end=\"514\">\u00dd ngh\u0129a<\/strong><\/p>\n<ul data-start=\"517\" data-end=\"694\">\n<li data-start=\"517\" data-end=\"594\">\n<p data-start=\"519\" data-end=\"594\">R\u1eafn l\u00e0 bi\u1ec3u t\u01b0\u1ee3ng c\u1ee7a <strong data-start=\"541\" data-end=\"591\">tr\u00ed tu\u1ec7, s\u1ee9c m\u1ea1nh n\u1ed9i t\u00e2m v\u00e0 kh\u1ea3 n\u0103ng t\u00e1i sinh<\/strong>.<\/p>\n<\/li>\n<li data-start=\"595\" data-end=\"694\">\n<p data-start=\"597\" data-end=\"694\">Trong phong th\u1ee7y, h\u00ecnh t\u01b0\u1ee3ng r\u1eafn gi\u00fap <strong data-start=\"635\" data-end=\"691\">h\u00f3a gi\u1ea3i n\u0103ng l\u01b0\u1ee3ng x\u1ea5u, mang l\u1ea1i may m\u1eafn v\u00e0 b\u00ecnh an<\/strong>.<\/p>\n<\/li>\n<\/ul>\n<p data-start=\"696\" data-end=\"724\">\ud83d\udc9b <strong data-start=\"699\" data-end=\"722\">C\u00e1ch ph\u1ed1i &amp; s\u1eed d\u1ee5ng<\/strong><\/p>\n<ul data-start=\"725\" data-end=\"988\">\n<li data-start=\"725\" data-end=\"827\">\n<p data-start=\"727\" data-end=\"827\">Ph\u00f9 h\u1ee3p cho c\u1ea3 <strong data-start=\"742\" data-end=\"755\">nam v\u00e0 n\u1eef<\/strong>, \u0111eo \u0111\u01a1n ho\u1eb7c ph\u1ed1i c\u00f9ng v\u00f2ng \u0111\u1ed3ng, v\u00f2ng da \u0111\u1ec3 t\u1ea1o phong c\u00e1ch c\u00e1 t\u00ednh.<\/p>\n<\/li>\n<li data-start=\"828\" data-end=\"913\">\n<p data-start=\"830\" data-end=\"913\">Th\u00edch h\u1ee3p cho ng\u01b0\u1eddi y\u00eau <strong data-start=\"854\" data-end=\"910\">trang s\u1ee9c th\u1ee7 c\u00f4ng mang \u00fd ngh\u0129a t\u00e2m linh, bi\u1ec3u t\u01b0\u1ee3ng<\/strong>.<\/p>\n<\/li>\n<li data-start=\"914\" data-end=\"988\">\n<p data-start=\"916\" data-end=\"988\">L\u00e0 m\u00f3n qu\u00e0 \u0111\u1eb7c bi\u1ec7t t\u01b0\u1ee3ng tr\u01b0ng cho <strong data-start=\"952\" data-end=\"985\">s\u1ef1 b\u1ea3o v\u1ec7 v\u00e0 s\u1ee9c m\u1ea1nh ti\u1ec1m \u1ea9n<\/strong>.<\/p>\n<\/li>\n<\/ul>\n<p data-start=\"990\" data-end=\"1017\">\ud83d\udee0 <strong data-start=\"993\" data-end=\"1015\">Ch\u1ebf t\u00e1c &amp; B\u1ea3o qu\u1ea3n<\/strong><\/p>\n<ul data-start=\"1018\" data-end=\"1312\">\n<li data-start=\"1018\" data-end=\"1106\">\n<p data-start=\"1020\" data-end=\"1106\">Th\u1ee7 c\u00f4ng ho\u00e0n to\u00e0n b\u1edfi ngh\u1ec7 nh\u00e2n Tonkin Craft \u2013 t\u1eeb g\u00f2 ch\u1ea1m th\u00e2n r\u1eafn \u0111\u1ebfn t\u1ea1o v\u1ea3y n\u1ed5i.<\/p>\n<\/li>\n<li data-start=\"1107\" data-end=\"1163\">\n<p data-start=\"1109\" data-end=\"1163\">\u00c1nh \u0111\u1ed3ng m\u1edd c\u1ed5 \u0111i\u1ec3n, c\u00e0ng d\u00f9ng c\u00e0ng l\u00ean m\u00e0u tr\u1ea7m \u1ea5m.<\/p>\n<\/li>\n<li data-start=\"1164\" data-end=\"1256\">\n<p data-start=\"1166\" data-end=\"1256\">Lau kh\u00f4 b\u1eb1ng kh\u0103n m\u1ec1m sau khi \u0111eo, tr\u00e1nh ti\u1ebfp x\u00fac v\u1edbi n\u01b0\u1edbc hoa, chlorine ho\u1eb7c n\u01b0\u1edbc bi\u1ec3n.<\/p>\n<\/li>\n<li data-start=\"1257\" data-end=\"1312\">\n<p data-start=\"1259\" data-end=\"1312\">B\u1ea3o qu\u1ea3n n\u01a1i kh\u00f4 tho\u00e1ng, trong t\u00fai v\u1ea3i ho\u1eb7c h\u1ed9p g\u1ed7.<\/p>\n<\/li>\n<\/ul>\n<p data-start=\"1314\" data-end=\"1502\" data-is-last-node=\"\" data-is-only-node=\"\"><strong data-start=\"1314\" data-end=\"1349\">V\u00f2ng Tay \u0110\u1ed3ng Ch\u1ea1m H\u00ecnh Con R\u1eafn<\/strong> kh\u00f4ng ch\u1ec9 l\u00e0 m\u00f3n trang s\u1ee9c \u2013 m\u00e0 l\u00e0 <strong data-start=\"1385\" data-end=\"1426\">bi\u1ec3u t\u01b0\u1ee3ng c\u1ee7a s\u1ef1 m\u1ea1nh m\u1ebd v\u00e0 t\u00e1i sinh<\/strong>, n\u01a1i b\u00e0n tay ngh\u1ec7 nh\u00e2n g\u1eedi g\u1eafm linh h\u1ed3n c\u1ee7a \u0111\u1ed3ng v\u00e0 tinh th\u1ea7n v\u0103n h\u00f3a Vi\u1ec7t.<\/p>\n","protected":false},"excerpt":{"rendered":"<p data-start=\"0\" data-end=\"169\"><strong data-start=\"0\" data-end=\"35\">V\u00f2ng Tay \u0110\u1ed3ng Ch\u1ea1m H\u00ecnh Con R\u1eafn<\/strong> \u2013 \u0111\u01b0\u1ee3c ch\u1ebf t\u00e1c th\u1ee7 c\u00f4ng 100% t\u1eeb \u0111\u1ed3ng v\u00e0ng nguy\u00ean ch\u1ea5t, v\u1edbi th\u00e2n r\u1eafn u\u1ed1n cong m\u1ec1m m\u1ea1i, v\u1ea3y kh\u1eafc tay tinh x\u1ea3o v\u00e0 \u00e1nh \u0111\u1ed3ng m\u1edd c\u1ed5 \u0111i\u1ec3n.<\/p>\n<p data-start=\"171\" data-end=\"407\" data-is-last-node=\"\" data-is-only-node=\"\">L\u1ea5y c\u1ea3m h\u1ee9ng t\u1eeb <strong data-start=\"187\" data-end=\"251\">bi\u1ec3u t\u01b0\u1ee3ng r\u1eafn \u2013 \u0111\u1ea1i di\u1ec7n cho tr\u00ed tu\u1ec7, s\u1ee9c m\u1ea1nh v\u00e0 s\u1ef1 b\u1ea3o h\u1ed9<\/strong>, chi\u1ebfc v\u00f2ng mang v\u1ebb <strong data-start=\"272\" data-end=\"304\">b\u00ed \u1ea9n, quy\u1ec1n l\u1ef1c v\u00e0 quy\u1ebfn r\u0169<\/strong>, ph\u00f9 h\u1ee3p cho c\u1ea3 nam v\u00e0 n\u1eef, l\u00e0 <strong data-start=\"335\" data-end=\"360\">m\u00f3n trang s\u1ee9c \u0111\u1ed9c b\u1ea3n<\/strong> mang \u00fd ngh\u0129a phong th\u1ee7y v\u00e0 tinh th\u1ea7n t\u00e1i sinh.<\/p>\n<p>Th\u00f4ng tin chi ti\u1ebft SP:<\/p>\n<p>-K\u00edch th\u01b0\u1edbc: \u0110\u01b0\u1eddng k\u00ednh 6cm<\/p>\n<p>\u2013 Nh\u1eadn l\u00e0m theo m\u1eabu, k\u00edch th\u01b0\u1edbc y\u00eau c\u1ea7u<\/p>\n<p>Kh\u00e1c bi\u1ec7t v\u1edbi nh\u1eefng m\u1eabu v\u00f2ng hi\u1ec7n \u0111\u1ea1i, v\u00f2ng ki\u1ec1ng l\u00e1 t\u1ea1i Tonkin Craft ch\u00ednh l\u00e0 \u201c\u0111\u1eb7c s\u1ea3n\u201d, l\u00e0m t\u00f4n l\u00ean n\u00e9t \u0111\u1eb9p truy\u1ec1n th\u1ed1ng v\u1ed1n c\u00f3 c\u1ee7a t\u00e0 \u00e1o d\u00e0i, \u00e1o l\u1ee5a. V\u1edbi k\u1ebft c\u1ea5u l\u00e0 chi\u1ebfc ki\u1ec1ng m\u1edf v\u00e0 l\u00e1, l\u00e0m \u0111i\u1ec3m nh\u1ea5n cho trang ph\u1ee5c th\u00eam ph\u1ea7n kh\u00e1c bi\u1ec7t v\u00e0 n\u1ed5i b\u1eadt g\u01b0\u01a1ng m\u1eb7t.<\/p>\n","protected":false},"featured_media":3310,"comment_status":"open","ping_status":"closed","template":"","meta":[],"product_brand":[],"product_cat":[276],"product_tag":[219,216,220,221,218,217,271,259,272,260],"class_list":{"0":"post-2825","1":"product","2":"type-product","3":"status-publish","4":"has-post-thumbnail","6":"product_cat-vong-tay","7":"product_tag-kieng-deo-co","8":"product_tag-kieng-dong","9":"product_tag-kieng-hoa-sen","10":"product_tag-phu-kien-dong","11":"product_tag-vong-co","12":"product_tag-vong-dong","13":"product_tag-vong-ran","14":"product_tag-vong-tay-dong","15":"product_tag-vong-tay-ran","16":"product_tag-vong-tay-thu-cong","18":"first","19":"instock","20":"shipping-taxable","21":"product-type-simple"},"aioseo_notices":[],"_links":{"self":[{"href":"https:\/\/tonkincraft.vn\/vn\/wp-json\/wp\/v2\/product\/2825","targetHints":{"allow":["GET"]}}],"collection":[{"href":"https:\/\/tonkincraft.vn\/vn\/wp-json\/wp\/v2\/product"}],"about":[{"href":"https:\/\/tonkincraft.vn\/vn\/wp-json\/wp\/v2\/types\/product"}],"replies":[{"embeddable":true,"href":"https:\/\/tonkincraft.vn\/vn\/wp-json\/wp\/v2\/comments?post=2825"}],"wp:featuredmedia":[{"embeddable":true,"href":"https:\/\/tonkincraft.vn\/vn\/wp-json\/wp\/v2\/media\/3310"}],"wp:attachment":[{"href":"https:\/\/tonkincraft.vn\/vn\/wp-json\/wp\/v2\/media?parent=2825"}],"wp:term":[{"taxonomy":"product_brand","embeddable":true,"href":"https:\/\/tonkincraft.vn\/vn\/wp-json\/wp\/v2\/product_brand?post=2825"},{"taxonomy":"product_cat","embeddable":true,"href":"https:\/\/tonkincraft.vn\/vn\/wp-json\/wp\/v2\/product_cat?post=2825"},{"taxonomy":"product_tag","embeddable":true,"href":"https:\/\/tonkincraft.vn\/vn\/wp-json\/wp\/v2\/product_tag?post=2825"}],"curies":[{"name":"wp","href":"https:\/\/api.w.org\/{rel}","templated":true}]}}