{"id":2820,"date":"2025-03-24T00:52:51","date_gmt":"2025-03-23T17:52:51","guid":{"rendered":"https:\/\/tonkincraft.vn\/vn\/?post_type=product&#038;p=2820"},"modified":"2025-10-07T22:02:09","modified_gmt":"2025-10-07T15:02:09","slug":"vong-tay-cham-la-chuoi-ma-bac-thu-cong","status":"publish","type":"product","link":"https:\/\/tonkincraft.vn\/vn\/product\/vong-tay-cham-la-chuoi-ma-bac-thu-cong\/","title":{"rendered":"V\u00f2ng Tay M\u1ea1 B\u1ea1c Ch\u1ea1m L\u00e1 Chu\u1ed1i"},"content":{"rendered":"<p data-start=\"0\" data-end=\"73\"><strong data-start=\"0\" data-end=\"71\">V\u00f2ng Tay \u0110\u1ed3ng Ch\u1ea1m H\u00ecnh L\u00e1 Chu\u1ed1i \u2013 M\u1ed9c m\u1ea1c, m\u1ec1m m\u1ea1i v\u00e0 \u0111\u1eadm h\u1ed3n Vi\u1ec7t<\/strong><\/p>\n<p data-start=\"75\" data-end=\"323\">L\u1ea5y c\u1ea3m h\u1ee9ng t\u1eeb <strong data-start=\"91\" data-end=\"145\">l\u00e1 chu\u1ed1i \u2013 bi\u1ec3u t\u01b0\u1ee3ng quen thu\u1ed9c c\u1ee7a l\u00e0ng qu\u00ea Vi\u1ec7t<\/strong>, g\u1ee3i nh\u1edb s\u1ef1 <strong data-start=\"158\" data-end=\"199\">b\u00ecnh d\u1ecb, bao dung v\u00e0 s\u1ee9c s\u1ed1ng d\u1ebbo dai<\/strong>, <strong data-start=\"201\" data-end=\"237\">V\u00f2ng Tay \u0110\u1ed3ng Ch\u1ea1m H\u00ecnh L\u00e1 Chu\u1ed1i<\/strong> \u0111\u01b0\u1ee3c ch\u1ebf t\u00e1c <strong data-start=\"251\" data-end=\"293\">th\u1ee7 c\u00f4ng 100% t\u1eeb \u0111\u1ed3ng v\u00e0ng nguy\u00ean ch\u1ea5t<\/strong> b\u1edfi ngh\u1ec7 nh\u00e2n Tonkin Craft.<\/p>\n<p data-start=\"325\" data-end=\"503\">T\u1eebng \u0111\u01b0\u1eddng g\u00f2 ch\u1ea1m t\u00e1i hi\u1ec7n s\u1ed1ng l\u00e1, g\u00e2n l\u00e1 u\u1ed1n l\u01b0\u1ee3n t\u1ef1 nhi\u00ean; \u00e1nh \u0111\u1ed3ng m\u1edd c\u1ed5 \u0111i\u1ec3n h\u00f2a c\u00f9ng \u0111\u01b0\u1eddng cong m\u1ec1m m\u1ea1i, t\u1ea1o n\u00ean v\u1ebb \u0111\u1eb9p <strong data-start=\"452\" data-end=\"477\">m\u1ed9c m\u1ea1c nh\u01b0ng tinh t\u1ebf<\/strong>, g\u1ea7n g\u0169i m\u00e0 sang tr\u1ecdng.<\/p>\n<p data-start=\"505\" data-end=\"521\">\ud83c\udf3f <strong data-start=\"508\" data-end=\"519\">\u00dd ngh\u0129a<\/strong><\/p>\n<ul data-start=\"522\" data-end=\"696\">\n<li data-start=\"522\" data-end=\"595\">\n<p data-start=\"524\" data-end=\"595\">L\u00e1 chu\u1ed1i t\u01b0\u1ee3ng tr\u01b0ng cho <strong data-start=\"549\" data-end=\"592\">s\u1ef1 ch\u1edf che, b\u00ecnh y\u00ean v\u00e0 s\u1ee9c s\u1ed1ng b\u1ec1n b\u1ec9<\/strong>.<\/p>\n<\/li>\n<li data-start=\"596\" data-end=\"696\">\n<p data-start=\"598\" data-end=\"696\">Mang n\u0103ng l\u01b0\u1ee3ng nh\u1eb9 nh\u00e0ng, gi\u00fap ng\u01b0\u1eddi \u0111eo c\u1ea3m th\u1ea5y an y\u00ean, k\u1ebft n\u1ed1i v\u1edbi thi\u00ean nhi\u00ean v\u00e0 c\u1ed9i ngu\u1ed3n.<\/p>\n<\/li>\n<\/ul>\n<p data-start=\"698\" data-end=\"726\">\ud83d\udc9b <strong data-start=\"701\" data-end=\"724\">C\u00e1ch ph\u1ed1i &amp; s\u1eed d\u1ee5ng<\/strong><\/p>\n<ul data-start=\"727\" data-end=\"983\">\n<li data-start=\"727\" data-end=\"813\">\n<p data-start=\"729\" data-end=\"813\">D\u1ec5 k\u1ebft h\u1ee3p v\u1edbi trang ph\u1ee5c linen, cotton ho\u1eb7c l\u1ee5a, t\u00f4n l\u00ean v\u1ebb t\u1ef1 nhi\u00ean, thanh l\u1ecbch.<\/p>\n<\/li>\n<li data-start=\"814\" data-end=\"887\">\n<p data-start=\"816\" data-end=\"887\">Ph\u00f9 h\u1ee3p cho c\u1ea3 nam v\u00e0 n\u1eef, \u0111eo \u0111\u01a1n gi\u1ea3n ho\u1eb7c ph\u1ed1i c\u00f9ng v\u00f2ng m\u1ea3nh kh\u00e1c.<\/p>\n<\/li>\n<li data-start=\"888\" data-end=\"983\">\n<p data-start=\"890\" data-end=\"983\">L\u00e0 <strong data-start=\"893\" data-end=\"912\">m\u00f3n qu\u00e0 \u00fd ngh\u0129a<\/strong> d\u00e0nh t\u1eb7ng nh\u1eefng ng\u01b0\u1eddi y\u00eau v\u1ebb \u0111\u1eb9p thu\u1ea7n Vi\u1ec7t v\u00e0 \u0111\u1ed3 th\u1ee7 c\u00f4ng tinh x\u1ea3o.<\/p>\n<\/li>\n<\/ul>\n<p data-start=\"985\" data-end=\"1012\">\ud83d\udee0 <strong data-start=\"988\" data-end=\"1010\">Ch\u1ebf t\u00e1c &amp; B\u1ea3o qu\u1ea3n<\/strong><\/p>\n<ul data-start=\"1013\" data-end=\"1307\">\n<li data-start=\"1013\" data-end=\"1104\">\n<p data-start=\"1015\" data-end=\"1104\">Th\u1ee7 c\u00f4ng 100% b\u1edfi ngh\u1ec7 nh\u00e2n Tonkin Craft \u2013 t\u1eeb t\u1ea1o h\u00ecnh, g\u00f2 ch\u1ea1m \u0111\u1ebfn \u0111\u00e1nh b\u00f3ng t\u1ef1 nhi\u00ean.<\/p>\n<\/li>\n<li data-start=\"1105\" data-end=\"1158\">\n<p data-start=\"1107\" data-end=\"1158\">\u00c1nh \u0111\u1ed3ng c\u1ed5 \u0111i\u1ec3n, c\u00e0ng d\u00f9ng c\u00e0ng l\u00ean m\u00e0u tr\u1ea7m \u1ea5m.<\/p>\n<\/li>\n<li data-start=\"1159\" data-end=\"1251\">\n<p data-start=\"1161\" data-end=\"1251\">Lau kh\u00f4 b\u1eb1ng kh\u0103n m\u1ec1m sau khi \u0111eo, tr\u00e1nh ti\u1ebfp x\u00fac v\u1edbi n\u01b0\u1edbc hoa, chlorine ho\u1eb7c n\u01b0\u1edbc bi\u1ec3n.<\/p>\n<\/li>\n<li data-start=\"1252\" data-end=\"1307\">\n<p data-start=\"1254\" data-end=\"1307\">B\u1ea3o qu\u1ea3n n\u01a1i kh\u00f4 tho\u00e1ng, trong t\u00fai v\u1ea3i ho\u1eb7c h\u1ed9p g\u1ed7.<\/p>\n<\/li>\n<\/ul>\n<p data-start=\"1309\" data-end=\"1486\" data-is-last-node=\"\" data-is-only-node=\"\"><strong data-start=\"1309\" data-end=\"1345\">V\u00f2ng Tay \u0110\u1ed3ng Ch\u1ea1m H\u00ecnh L\u00e1 Chu\u1ed1i<\/strong> kh\u00f4ng ch\u1ec9 l\u00e0 m\u00f3n trang s\u1ee9c, m\u00e0 l\u00e0 <strong data-start=\"1380\" data-end=\"1414\">m\u1ed9t l\u00e1t c\u1eaft c\u1ee7a k\u00fd \u1ee9c l\u00e0ng qu\u00ea<\/strong>, n\u01a1i b\u00e0n tay ngh\u1ec7 nh\u00e2n g\u1eedi g\u1eafm h\u1ed3n Vi\u1ec7t trong t\u1eebng \u0111\u01b0\u1eddng \u0111\u1ed3ng u\u1ed1n l\u01b0\u1ee3n.<\/p>\n","protected":false},"excerpt":{"rendered":"<article class=\"text-token-text-primary w-full focus:outline-none scroll-mt-[calc(var(--header-height)+min(200px,max(70px,20svh)))]\" dir=\"auto\" tabindex=\"-1\" data-turn-id=\"request-68e49a41-2c98-8320-9551-82c65397f7b8-71\" data-testid=\"conversation-turn-146\" data-scroll-anchor=\"true\" data-turn=\"assistant\">\n<div class=\"text-base my-auto mx-auto pb-10 [--thread-content-margin:--spacing(4)] thread-sm:[--thread-content-margin:--spacing(6)] thread-lg:[--thread-content-margin:--spacing(16)] px-(--thread-content-margin)\">\n<div class=\"[--thread-content-max-width:40rem] thread-lg:[--thread-content-max-width:48rem] mx-auto max-w-(--thread-content-max-width) flex-1 group\/turn-messages focus-visible:outline-hidden relative flex w-full min-w-0 flex-col agent-turn\" tabindex=\"-1\">\n<div class=\"flex max-w-full flex-col grow\">\n<div class=\"min-h-8 text-message relative flex w-full flex-col items-end gap-2 text-start break-words whitespace-normal [.text-message+&amp;]:mt-5\" dir=\"auto\" data-message-author-role=\"assistant\" data-message-id=\"7c0ba97d-8b1b-43b4-8e1e-4737c92cc3b1\" data-message-model-slug=\"gpt-5\">\n<div class=\"flex w-full flex-col gap-1 empty:hidden first:pt-[1px]\">\n<div class=\"markdown prose dark:prose-invert w-full break-words light markdown-new-styling\">\n<p data-start=\"0\" data-end=\"338\" data-is-last-node=\"\" data-is-only-node=\"\"><strong data-start=\"0\" data-end=\"36\" data-is-only-node=\"\">V\u00f2ng Tay \u0110\u1ed3ng Ch\u1ea1m H\u00ecnh L\u00e1 Chu\u1ed1i<\/strong> \u2013 th\u1ee7 c\u00f4ng t\u1eeb \u0111\u1ed3ng v\u00e0ng nguy\u00ean ch\u1ea5t, l\u1ea5y c\u1ea3m h\u1ee9ng t\u1eeb <strong data-start=\"90\" data-end=\"142\">l\u00e1 chu\u1ed1i \u2013 bi\u1ec3u t\u01b0\u1ee3ng c\u1ee7a s\u1ef1 ch\u1edf che v\u00e0 b\u00ecnh y\u00ean<\/strong>.<br data-start=\"143\" data-end=\"146\" \/>\u0110\u01b0\u1eddng g\u00f2 ch\u1ea1m m\u1ec1m m\u1ea1i, \u00e1nh \u0111\u1ed3ng m\u1edd c\u1ed5 \u0111i\u1ec3n mang v\u1ebb <strong data-start=\"197\" data-end=\"219\">m\u1ed9c m\u1ea1c m\u00e0 tinh t\u1ebf<\/strong>, g\u1ee3i nh\u1edb h\u1ed3n qu\u00ea Vi\u1ec7t.<br data-start=\"242\" data-end=\"245\" \/>Ph\u00f9 h\u1ee3p cho c\u1ea3 nam v\u00e0 n\u1eef, l\u00e0 <strong data-start=\"274\" data-end=\"299\">m\u00f3n trang s\u1ee9c \u00fd ngh\u0129a<\/strong> mang \u0111\u1eadm d\u1ea5u \u1ea5n th\u1ee7 c\u00f4ng truy\u1ec1n th\u1ed1ng<\/p>\n<\/div>\n<\/div>\n<\/div>\n<\/div>\n<\/div>\n<\/div>\n<\/article>\n<p>Th\u00f4ng tin chi ti\u1ebft SP:<\/p>\n<p>\u2013 Ch\u1ea5t li\u1ec7u: \u0110\u1ed3ng nguy\u00ean ch\u1ea5t m\u1ea1 b\u1ea1c<\/p>\n<p>\u2013 Nh\u1eadn l\u00e0m theo m\u1eabu, k\u00edch th\u01b0\u1edbc y\u00eau c\u1ea7u<\/p>\n<p>Kh\u00e1c bi\u1ec7t v\u1edbi nh\u1eefng m\u1eabu v\u00f2ng hi\u1ec7n \u0111\u1ea1i, v\u00f2ng ki\u1ec1ng l\u00e1 t\u1ea1i Tonkin Craft ch\u00ednh l\u00e0 \u201c\u0111\u1eb7c s\u1ea3n\u201d, l\u00e0m t\u00f4n l\u00ean n\u00e9t \u0111\u1eb9p truy\u1ec1n th\u1ed1ng v\u1ed1n c\u00f3 c\u1ee7a t\u00e0 \u00e1o d\u00e0i, \u00e1o l\u1ee5a. V\u1edbi k\u1ebft c\u1ea5u l\u00e0 chi\u1ebfc ki\u1ec1ng m\u1edf v\u00e0 l\u00e1, l\u00e0m \u0111i\u1ec3m nh\u1ea5n cho trang ph\u1ee5c th\u00eam ph\u1ea7n kh\u00e1c bi\u1ec7t v\u00e0 n\u1ed5i b\u1eadt g\u01b0\u01a1ng m\u1eb7t.<\/p>\n","protected":false},"featured_media":2783,"comment_status":"open","ping_status":"closed","template":"","meta":[],"product_brand":[],"product_cat":[276],"product_tag":[237,219,216,220,221,218,217,259,260],"class_list":{"0":"post-2820","1":"product","2":"type-product","3":"status-publish","4":"has-post-thumbnail","6":"product_cat-vong-tay","7":"product_tag-kieng-ao-lua","8":"product_tag-kieng-deo-co","9":"product_tag-kieng-dong","10":"product_tag-kieng-hoa-sen","11":"product_tag-phu-kien-dong","12":"product_tag-vong-co","13":"product_tag-vong-dong","14":"product_tag-vong-tay-dong","15":"product_tag-vong-tay-thu-cong","17":"first","18":"instock","19":"shipping-taxable","20":"product-type-simple"},"aioseo_notices":[],"_links":{"self":[{"href":"https:\/\/tonkincraft.vn\/vn\/wp-json\/wp\/v2\/product\/2820","targetHints":{"allow":["GET"]}}],"collection":[{"href":"https:\/\/tonkincraft.vn\/vn\/wp-json\/wp\/v2\/product"}],"about":[{"href":"https:\/\/tonkincraft.vn\/vn\/wp-json\/wp\/v2\/types\/product"}],"replies":[{"embeddable":true,"href":"https:\/\/tonkincraft.vn\/vn\/wp-json\/wp\/v2\/comments?post=2820"}],"wp:featuredmedia":[{"embeddable":true,"href":"https:\/\/tonkincraft.vn\/vn\/wp-json\/wp\/v2\/media\/2783"}],"wp:attachment":[{"href":"https:\/\/tonkincraft.vn\/vn\/wp-json\/wp\/v2\/media?parent=2820"}],"wp:term":[{"taxonomy":"product_brand","embeddable":true,"href":"https:\/\/tonkincraft.vn\/vn\/wp-json\/wp\/v2\/product_brand?post=2820"},{"taxonomy":"product_cat","embeddable":true,"href":"https:\/\/tonkincraft.vn\/vn\/wp-json\/wp\/v2\/product_cat?post=2820"},{"taxonomy":"product_tag","embeddable":true,"href":"https:\/\/tonkincraft.vn\/vn\/wp-json\/wp\/v2\/product_tag?post=2820"}],"curies":[{"name":"wp","href":"https:\/\/api.w.org\/{rel}","templated":true}]}}