{"id":2817,"date":"2025-03-22T22:24:36","date_gmt":"2025-03-22T15:24:36","guid":{"rendered":"https:\/\/tonkincraft.vn\/vn\/?post_type=product&#038;p=2817"},"modified":"2025-10-07T12:20:00","modified_gmt":"2025-10-07T05:20:00","slug":"tram-hoa-mai-dao-cham-tay-thu-cong-bang-dong","status":"publish","type":"product","link":"https:\/\/tonkincraft.vn\/vn\/product\/tram-hoa-mai-dao-cham-tay-thu-cong-bang-dong\/","title":{"rendered":"Tr\u00e2m \u0110\u1ed3ng Hoa Mai \u0110\u00e0o Ch\u1ea1m Tay Th\u1ee7 C\u00f4ng"},"content":{"rendered":"<h2 data-start=\"196\" data-end=\"262\"><strong data-start=\"199\" data-end=\"262\">Tr\u00e2m \u0111\u1ed3ng Hoa Mai \u0110\u00e0o \u2013 Thanh khi\u1ebft, r\u1ef1c r\u1ee1 v\u00e0 \u0111\u1ea7y s\u1ee9c s\u1ed1ng<\/strong><\/h2>\n<p data-start=\"264\" data-end=\"522\">L\u1ea5y c\u1ea3m h\u1ee9ng t\u1eeb <strong data-start=\"280\" data-end=\"302\">hoa Mai v\u00e0 hoa \u0110\u00e0o<\/strong> \u2013 hai lo\u00e0i hoa bi\u1ec3u t\u01b0\u1ee3ng cho <strong data-start=\"333\" data-end=\"376\">m\u00f9a xu\u00e2n, kh\u1edfi \u0111\u1ea7u v\u00e0 ph\u00fac l\u1ed9c an khang<\/strong>, <strong data-start=\"378\" data-end=\"403\">Tr\u00e2m \u0111\u1ed3ng Hoa Mai \u0110\u00e0o<\/strong> l\u00e0 m\u00f3n ph\u1ee5 ki\u1ec7n th\u1ee7 c\u00f4ng tinh x\u1ea3o, k\u1ebft h\u1ee3p h\u00e0i h\u00f2a gi\u1eefa n\u00e9t m\u1ec1m m\u1ea1i n\u1eef t\u00ednh v\u00e0 v\u1ebb s\u00e1ng trong c\u1ee7a \u0111\u1ed3ng v\u00e0ng t\u1ef1 nhi\u00ean.<\/p>\n<p data-start=\"524\" data-end=\"715\">M\u1ed7i chi\u1ebfc tr\u00e2m \u0111\u01b0\u1ee3c <strong data-start=\"544\" data-end=\"574\">ch\u1ebf t\u00e1c ho\u00e0n to\u00e0n th\u1ee7 c\u00f4ng<\/strong> t\u1eeb <strong data-start=\"578\" data-end=\"598\">\u0111\u1ed3ng nguy\u00ean ch\u1ea5t<\/strong> b\u1edfi <strong data-start=\"603\" data-end=\"629\">ngh\u1ec7 nh\u00e2n Tonkin Craft<\/strong>, l\u01b0u gi\u1eef tinh hoa g\u00f2 ch\u1ea1m \u0111\u1ed3ng truy\u1ec1n th\u1ed1ng Vi\u1ec7t trong d\u00e1ng v\u1ebb hi\u1ec7n \u0111\u1ea1i, thanh tho\u00e1t.<\/p>\n<hr data-start=\"717\" data-end=\"720\" \/>\n<h3 data-start=\"722\" data-end=\"751\">\ud83c\udf38 <strong data-start=\"729\" data-end=\"751\">C\u1ea3m h\u1ee9ng &amp; \u00fd ngh\u0129a<\/strong><\/h3>\n<p data-start=\"753\" data-end=\"900\"><strong data-start=\"753\" data-end=\"764\">Hoa Mai<\/strong> t\u01b0\u1ee3ng tr\u01b0ng cho <strong data-start=\"781\" data-end=\"823\">may m\u1eafn, kh\u00ed ti\u1ebft v\u00e0 ni\u1ec1m tin v\u1eefng b\u1ec1n<\/strong>,<br data-start=\"824\" data-end=\"827\" \/><strong data-start=\"827\" data-end=\"838\">Hoa \u0110\u00e0o<\/strong> bi\u1ec3u tr\u01b0ng cho <strong data-start=\"854\" data-end=\"898\">s\u1ee9c s\u1ed1ng, t\u00ecnh y\u00eau v\u00e0 kh\u1edfi \u0111\u1ea7u t\u01b0\u01a1i m\u1edbi.<\/strong><\/p>\n<p data-start=\"902\" data-end=\"1124\">Hai lo\u00e0i hoa h\u00f2a quy\u1ec7n t\u1ea1o n\u00ean h\u00ecnh \u1ea3nh ng\u01b0\u1eddi ph\u1ee5 n\u1eef Vi\u1ec7t: <strong data-start=\"961\" data-end=\"1018\">hi\u1ec1n h\u1eadu m\u00e0 m\u1ea1nh m\u1ebd, d\u1ecbu d\u00e0ng m\u00e0 \u0111\u1ea7y n\u0103ng l\u01b0\u1ee3ng s\u1ed1ng.<\/strong><br data-start=\"1018\" data-end=\"1021\" \/>Chi\u1ebfc tr\u00e2m l\u00e0 l\u1eddi ch\u00fac cho m\u1ed9t t\u00e2m h\u1ed3n lu\u00f4n t\u01b0\u01a1i m\u1edbi, r\u1ea1ng r\u1ee1 v\u00e0 tr\u00e0n \u0111\u1ea7y sinh kh\u00ed nh\u01b0 s\u1eafc hoa \u0111\u1ea7u n\u0103m.<\/p>\n<hr data-start=\"1126\" data-end=\"1129\" \/>\n<h3 data-start=\"1131\" data-end=\"1168\">\ud83d\udc58 <strong data-start=\"1138\" data-end=\"1168\">Ph\u1ed1i c\u00f9ng trang ph\u1ee5c<\/strong><\/h3>\n<ul data-start=\"1170\" data-end=\"1592\">\n<li data-start=\"1170\" data-end=\"1272\">\n<p data-start=\"1172\" data-end=\"1272\"><strong data-start=\"1172\" data-end=\"1198\">\u00c1o d\u00e0i l\u1ee5a ho\u1eb7c nhung:<\/strong> Mang l\u1ea1i v\u1ebb duy\u00ean d\u00e1ng, sang tr\u1ecdng trong c\u00e1c d\u1ecbp l\u1ec5 h\u1ed9i, T\u1ebft, c\u01b0\u1edbi h\u1ecfi.<\/p>\n<\/li>\n<li data-start=\"1273\" data-end=\"1371\">\n<p data-start=\"1275\" data-end=\"1371\"><strong data-start=\"1275\" data-end=\"1297\">V\u00e1y linen, cotton:<\/strong> Nh\u1eb9 nh\u00e0ng, t\u1ef1 nhi\u00ean \u2013 h\u1ee3p cho nh\u1eefng bu\u1ed5i d\u1ea1o ch\u01a1i, ch\u1ee5p \u1ea3nh ngo\u00e0i tr\u1eddi.<\/p>\n<\/li>\n<li data-start=\"1372\" data-end=\"1488\">\n<p data-start=\"1374\" data-end=\"1488\"><strong data-start=\"1374\" data-end=\"1408\">S\u01a1 mi tr\u1eafng ho\u1eb7c v\u00e1y t\u1ed1i gi\u1ea3n:<\/strong> Chi\u1ebfc tr\u00e2m tr\u1edf th\u00e0nh \u0111i\u1ec3m nh\u1ea5n tinh t\u1ebf, th\u1ec3 hi\u1ec7n c\u00e1 t\u00ednh v\u00e0 gu th\u1ea9m m\u1ef9 ri\u00eang.<\/p>\n<\/li>\n<li data-start=\"1489\" data-end=\"1592\">\n<p data-start=\"1491\" data-end=\"1592\"><strong data-start=\"1491\" data-end=\"1519\">Trang ph\u1ee5c truy\u1ec1n th\u1ed1ng:<\/strong> T\u00f4 \u0111i\u1ec3m ho\u00e0n h\u1ea3o cho m\u00e1i t\u00f3c b\u00fai, t\u1ea1o n\u00e9t ho\u00e0i c\u1ed5, n\u1eef t\u00ednh \u0111\u1ea7y cu\u1ed1n h\u00fat.<\/p>\n<\/li>\n<\/ul>\n<hr data-start=\"1594\" data-end=\"1597\" \/>\n<h3 data-start=\"1599\" data-end=\"1635\">\u2692\ufe0f <strong data-start=\"1606\" data-end=\"1635\">Ch\u1ebf t\u00e1c th\u1ee7 c\u00f4ng tinh x\u1ea3o<\/strong><\/h3>\n<p data-start=\"1637\" data-end=\"1956\">100% <strong data-start=\"1642\" data-end=\"1681\">th\u1ee7 c\u00f4ng b\u1edfi ngh\u1ec7 nh\u00e2n Tonkin Craft<\/strong>, th\u1ef1c hi\u1ec7n qua nhi\u1ec1u c\u00f4ng \u0111o\u1ea1n:<br data-start=\"1713\" data-end=\"1716\" \/><strong data-start=\"1716\" data-end=\"1729\">ch\u1ecdn \u0111\u1ed3ng<\/strong>, <strong data-start=\"1731\" data-end=\"1743\">t\u1ea1o d\u00e1ng<\/strong>, <strong data-start=\"1745\" data-end=\"1767\">g\u00f2 \u2013 ch\u1ea1m chi ti\u1ebft<\/strong> v\u00e0 <strong data-start=\"1771\" data-end=\"1796\">\u0111\u00e1nh b\u00f3ng m\u1edd t\u1ef1 nhi\u00ean<\/strong> \u0111\u1ec3 gi\u1eef l\u1ea1i s\u1eafc \u00e1nh v\u00e0ng m\u1ec1m m\u1ea1i \u0111\u1eb7c tr\u01b0ng c\u1ee7a \u0111\u1ed3ng.<br data-start=\"1848\" data-end=\"1851\" \/>Kh\u00f4ng khu\u00f4n \u0111\u00fac, kh\u00f4ng m\u00e1y \u00e9p \u2013 m\u1ed7i chi\u1ebfc tr\u00e2m l\u00e0 <strong data-start=\"1901\" data-end=\"1925\">m\u1ed9t t\u00e1c ph\u1ea9m \u0111\u1ed9c b\u1ea3n<\/strong>, mang h\u1ed3n ri\u00eang c\u1ee7a ng\u01b0\u1eddi th\u1ee3.<\/p>\n<hr data-start=\"1958\" data-end=\"1961\" \/>\n<h3 data-start=\"1963\" data-end=\"1993\">\ud83c\udf81 <strong data-start=\"1970\" data-end=\"1993\">\u1ee8ng d\u1ee5ng &amp; qu\u00e0 t\u1eb7ng<\/strong><\/h3>\n<p data-start=\"1995\" data-end=\"2242\">Ph\u00f9 h\u1ee3p \u0111\u1ec3 <strong data-start=\"2006\" data-end=\"2036\">\u0111eo trong c\u00e1c d\u1ecbp \u0111\u1eb7c bi\u1ec7t<\/strong>, <strong data-start=\"2038\" data-end=\"2065\">trang ph\u1ee5c truy\u1ec1n th\u1ed1ng<\/strong>, <strong data-start=\"2067\" data-end=\"2090\">ch\u1ee5p \u1ea3nh ngh\u1ec7 thu\u1eadt<\/strong> ho\u1eb7c l\u00e0m <strong data-start=\"2100\" data-end=\"2120\">qu\u00e0 t\u1eb7ng \u00fd ngh\u0129a<\/strong> d\u00e0nh cho <strong data-start=\"2130\" data-end=\"2174\">ng\u01b0\u1eddi th\u00e2n, b\u1ea1n b\u00e8, \u0111\u1ed1i t\u00e1c, kh\u00e1ch h\u00e0ng.<\/strong><br data-start=\"2174\" data-end=\"2177\" \/>M\u00f3n qu\u00e0 t\u01b0\u1ee3ng tr\u01b0ng cho <strong data-start=\"2201\" data-end=\"2242\">may m\u1eafn, kh\u1edfi \u0111\u1ea7u m\u1edbi v\u00e0 s\u1ef1 vi\u00ean m\u00e3n.<\/strong><\/p>\n<hr data-start=\"2244\" data-end=\"2247\" \/>\n<h3 data-start=\"2249\" data-end=\"2296\">\u2728 <strong data-start=\"2255\" data-end=\"2296\">S\u1ef1 kh\u00e1c bi\u1ec7t c\u1ee7a \u0111\u1ed3 \u0111\u1ed3ng Tonkin Craft<\/strong><\/h3>\n<ul data-start=\"2298\" data-end=\"2515\">\n<li data-start=\"2298\" data-end=\"2370\">\n<p data-start=\"2300\" data-end=\"2370\"><strong data-start=\"2300\" data-end=\"2330\">Ch\u1ebf t\u00e1c ho\u00e0n to\u00e0n th\u1ee7 c\u00f4ng<\/strong> \u2013 kh\u00f4ng khu\u00f4n \u0111\u00fac, kh\u00f4ng c\u00f4ng nghi\u1ec7p.<\/p>\n<\/li>\n<li data-start=\"2371\" data-end=\"2446\">\n<p data-start=\"2373\" data-end=\"2446\"><strong data-start=\"2373\" data-end=\"2392\">K\u1ebft h\u1ee3p tinh t\u1ebf<\/strong> gi\u1eefa <strong data-start=\"2398\" data-end=\"2416\">th\u1ea9m m\u1ef9 \u00c1 \u0110\u00f4ng<\/strong> v\u00e0 <strong data-start=\"2420\" data-end=\"2444\">phong c\u00e1ch hi\u1ec7n \u0111\u1ea1i.<\/strong><\/p>\n<\/li>\n<li data-start=\"2447\" data-end=\"2515\">\n<p data-start=\"2449\" data-end=\"2515\"><strong data-start=\"2449\" data-end=\"2515\">B\u1ec1n v\u1eefng, \u0111\u1ed9c b\u1ea3n, mang gi\u00e1 tr\u1ecb v\u0103n h\u00f3a v\u00e0 ngh\u1ec7 thu\u1eadt l\u00e2u d\u00e0i.<\/strong><\/p>\n<\/li>\n<\/ul>\n<hr data-start=\"2517\" data-end=\"2520\" \/>\n<h3 data-start=\"2522\" data-end=\"2552\">\ud83d\udd38 <strong data-start=\"2529\" data-end=\"2552\">Ch\u1ea5t l\u01b0\u1ee3ng &amp; \u0111\u1ed9 b\u1ec1n<\/strong><\/h3>\n<p data-start=\"2554\" data-end=\"2717\">\u0110\u1ed3ng Tonkin Craft <strong data-start=\"2572\" data-end=\"2594\">c\u00e0ng d\u00f9ng c\u00e0ng \u0111\u1eb9p<\/strong>,<br data-start=\"2595\" data-end=\"2598\" \/>b\u1ec1 m\u1eb7t \u0111\u1ed3ng chuy\u1ec3n d\u1ea7n sang s\u1eafc <strong data-start=\"2630\" data-end=\"2650\">tr\u1ea7m \u1ea5m, c\u1ed5 \u0111i\u1ec3n<\/strong>, th\u1ec3 hi\u1ec7n n\u00e9t s\u1ed1ng \u0111\u1ed9ng c\u1ee7a kim lo\u1ea1i t\u1ef1 nhi\u00ean v\u00e0 d\u1ea5u \u1ea5n th\u1eddi gian.<\/p>\n<hr data-start=\"2719\" data-end=\"2722\" \/>\n<h3 data-start=\"2724\" data-end=\"2754\">\ud83d\udca7 <strong data-start=\"2731\" data-end=\"2754\">Ch\u0103m s\u00f3c &amp; b\u1ea3o qu\u1ea3n<\/strong><\/h3>\n<ul data-start=\"2756\" data-end=\"2975\">\n<li data-start=\"2756\" data-end=\"2835\">\n<p data-start=\"2758\" data-end=\"2835\">Khi tr\u00e2m xu\u1ed1ng m\u00e0u, d\u00f9ng <strong data-start=\"2783\" data-end=\"2815\">chanh, gi\u1ea5m ho\u1eb7c baking soda<\/strong> \u0111\u1ec3 \u0111\u00e1nh s\u00e1ng l\u1ea1i.<\/p>\n<\/li>\n<li data-start=\"2836\" data-end=\"2902\">\n<p data-start=\"2838\" data-end=\"2902\"><strong data-start=\"2838\" data-end=\"2856\">Tr\u00e1nh ti\u1ebfp x\u00fac<\/strong> v\u1edbi h\u00f3a ch\u1ea5t (n\u01b0\u1edbc hoa, m\u1ef9 ph\u1ea9m, x\u00e0 ph\u00f2ng).<\/p>\n<\/li>\n<li data-start=\"2903\" data-end=\"2975\">\n<p data-start=\"2905\" data-end=\"2975\"><strong data-start=\"2905\" data-end=\"2928\">C\u1ea5t gi\u1eef n\u01a1i kh\u00f4 r\u00e1o<\/strong>, trong <strong data-start=\"2936\" data-end=\"2959\">t\u00fai v\u1ea3i ho\u1eb7c h\u1ed9p g\u1ed7<\/strong> k\u00e8m g\u00f3i h\u00fat \u1ea9m.<\/p>\n<\/li>\n<\/ul>\n<hr data-start=\"2977\" data-end=\"2980\" \/>\n<h3 data-start=\"2982\" data-end=\"2990\">\ud83c\udf3f<\/h3>\n<p data-start=\"2991\" data-end=\"3232\"><strong data-start=\"2991\" data-end=\"3016\">Tr\u00e2m \u0111\u1ed3ng Hoa Mai \u0110\u00e0o<\/strong> kh\u00f4ng ch\u1ec9 l\u00e0 m\u00f3n ph\u1ee5 ki\u1ec7n t\u00f4 \u0111i\u1ec3m m\u00e1i t\u00f3c,m\u00e0 c\u00f2n l\u00e0 <strong data-start=\"3072\" data-end=\"3120\">bi\u1ec3u t\u01b0\u1ee3ng c\u1ee7a v\u1ebb \u0111\u1eb9p v\u00e0 n\u0103ng l\u01b0\u1ee3ng m\u00f9a xu\u00e2n<\/strong> \u2013s\u1ef1 kh\u1edfi \u0111\u1ea7u t\u01b0\u01a1i m\u1edbi, an l\u00e0nh v\u00e0 tr\u00e0n \u0111\u1ea7y sinh kh\u00ed m\u00e0 <strong data-start=\"3179\" data-end=\"3195\">Tonkin Craft<\/strong> g\u1eedi g\u1eafm qua \u0111\u00f4i tay ng\u01b0\u1eddi ngh\u1ec7 nh\u00e2n.<\/p>\n","protected":false},"excerpt":{"rendered":"<p>T\u1ef1a s\u1eafc hoa \u0111\u1ea7u n\u0103m, tr\u00e2m \u0111\u1ed3ng Hoa Mai \u0110\u00e0o mang v\u1ebb \u0111\u1eb9p thanh khi\u1ebft v\u00e0 tr\u00e0n \u0111\u1ea7y s\u1ee9c s\u1ed1ng, t\u00f4n vinh n\u00e9t duy\u00ean Vi\u1ec7t qua b\u00e0n tay ngh\u1ec7 nh\u00e2n Tonkin Craft.<\/p>\n<p>Th\u00f4ng tin chi ti\u1ebft SP:<\/p>\n<p>\u2013 Ch\u1ea5t li\u1ec7u: \u0110\u1ed3ng v\u00e0ng nguy\u00ean ch\u1ea5t<\/p>\n<p>\u2013 K\u00edch th\u01b0\u1edbc: chi\u1ec1u d\u00e0i 19cm<\/p>\n<p>\u2013 Nh\u1eadn l\u00e0m theo m\u1eabu, k\u00edch th\u01b0\u1edbc y\u00eau c\u1ea7u<\/p>\n","protected":false},"featured_media":2876,"comment_status":"open","ping_status":"closed","template":"","meta":[],"product_brand":[],"product_cat":[282,205],"product_tag":[212,213,214,227,209,231,215,269,210,211,268],"class_list":{"0":"post-2817","1":"product","2":"type-product","3":"status-publish","4":"has-post-thumbnail","6":"product_cat-bst-hoa-mai-dao","7":"product_cat-tram-cai-toc","8":"product_tag-brass-hair-pin","9":"product_tag-phu-kien-toc","10":"product_tag-tram-ao-dai","11":"product_tag-tram-bac","12":"product_tag-tram-cai-toc","13":"product_tag-tram-co-4-la","14":"product_tag-tram-co-phuc","15":"product_tag-tram-con-ong","16":"product_tag-tram-dong","17":"product_tag-tram-thu-cong","18":"product_tag-tram-truc","20":"first","21":"instock","22":"shipping-taxable","23":"product-type-variable","24":"has-default-attributes"},"aioseo_notices":[],"_links":{"self":[{"href":"https:\/\/tonkincraft.vn\/vn\/wp-json\/wp\/v2\/product\/2817","targetHints":{"allow":["GET"]}}],"collection":[{"href":"https:\/\/tonkincraft.vn\/vn\/wp-json\/wp\/v2\/product"}],"about":[{"href":"https:\/\/tonkincraft.vn\/vn\/wp-json\/wp\/v2\/types\/product"}],"replies":[{"embeddable":true,"href":"https:\/\/tonkincraft.vn\/vn\/wp-json\/wp\/v2\/comments?post=2817"}],"wp:featuredmedia":[{"embeddable":true,"href":"https:\/\/tonkincraft.vn\/vn\/wp-json\/wp\/v2\/media\/2876"}],"wp:attachment":[{"href":"https:\/\/tonkincraft.vn\/vn\/wp-json\/wp\/v2\/media?parent=2817"}],"wp:term":[{"taxonomy":"product_brand","embeddable":true,"href":"https:\/\/tonkincraft.vn\/vn\/wp-json\/wp\/v2\/product_brand?post=2817"},{"taxonomy":"product_cat","embeddable":true,"href":"https:\/\/tonkincraft.vn\/vn\/wp-json\/wp\/v2\/product_cat?post=2817"},{"taxonomy":"product_tag","embeddable":true,"href":"https:\/\/tonkincraft.vn\/vn\/wp-json\/wp\/v2\/product_tag?post=2817"}],"curies":[{"name":"wp","href":"https:\/\/api.w.org\/{rel}","templated":true}]}}