{"id":2809,"date":"2025-03-22T22:20:21","date_gmt":"2025-03-22T15:20:21","guid":{"rendered":"https:\/\/tonkincraft.vn\/vn\/?post_type=product&#038;p=2809"},"modified":"2025-10-07T13:29:07","modified_gmt":"2025-10-07T06:29:07","slug":"tram-van-may-dong-cham-tay-thu-cong","status":"publish","type":"product","link":"https:\/\/tonkincraft.vn\/vn\/product\/tram-van-may-dong-cham-tay-thu-cong\/","title":{"rendered":"Tr\u00e2m \u0110\u1ed3ng V\u00e2n M\u00e2y Ch\u1ea1m Tay Th\u1ee7 C\u00f4ng"},"content":{"rendered":"<h3 data-start=\"181\" data-end=\"239\"><strong data-start=\"185\" data-end=\"239\">Tr\u00e2m V\u00e2n M\u00e2y \u2013 M\u1ec1m m\u1ea1i, an nhi\u00ean v\u00e0 th\u0103ng hoa<\/strong><\/h3>\n<p data-start=\"241\" data-end=\"539\">L\u1ea5y c\u1ea3m h\u1ee9ng t\u1eeb <strong data-start=\"257\" data-end=\"280\">h\u00ecnh t\u01b0\u1ee3ng m\u00e2y tr\u1eddi<\/strong> \u2013 bi\u1ec3u tr\u01b0ng cho <strong data-start=\"298\" data-end=\"342\">s\u1ef1 t\u1ef1 do, uy\u1ec3n chuy\u1ec3n v\u00e0 b\u00ecnh an n\u1ed9i t\u1ea1i<\/strong>, <strong data-start=\"344\" data-end=\"365\">Tr\u00e2m \u0111\u1ed3ng V\u00e2n M\u00e2y<\/strong> \u0111\u01b0\u1ee3c <strong data-start=\"371\" data-end=\"401\">ch\u1ebf t\u00e1c th\u1ee7 c\u00f4ng ho\u00e0n to\u00e0n<\/strong> t\u1eeb <strong data-start=\"405\" data-end=\"430\">\u0111\u1ed3ng v\u00e0ng nguy\u00ean ch\u1ea5t<\/strong> b\u1edfi <strong data-start=\"435\" data-end=\"461\">ngh\u1ec7 nh\u00e2n Tonkin Craft<\/strong>, l\u01b0u gi\u1eef v\u1ebb \u0111\u1eb9p m\u1ec1m m\u1ea1i v\u00e0 tri\u1ebft l\u00fd s\u1ed1ng an nhi\u00ean trong t\u1eebng \u0111\u01b0\u1eddng g\u00f2 ch\u1ea1m.<\/p>\n<p data-start=\"541\" data-end=\"864\">M\u1ed7i \u0111\u01b0\u1eddng u\u1ed1n l\u01b0\u1ee3n c\u1ee7a tr\u00e2m g\u1ee3i h\u00ecnh <strong data-start=\"578\" data-end=\"615\">l\u00e0n m\u00e2y tr\u00f4i nh\u1eb9 gi\u1eefa kh\u00f4ng trung<\/strong>, bi\u1ec3u tr\u01b0ng cho d\u00f2ng ch\u1ea3y c\u1ee7a th\u1eddi gian v\u00e0 t\u00e2m th\u1ebf bu\u00f4ng nh\u1eb9, t\u1ef1 t\u1ea1i.<br data-start=\"685\" data-end=\"688\" \/>\u00c1nh \u0111\u1ed3ng m\u1edd c\u1ed5 \u0111i\u1ec3n h\u00f2a c\u00f9ng nh\u1eefng \u0111\u01b0\u1eddng cong tinh x\u1ea3o \u2013 mang l\u1ea1i v\u1ebb <strong data-start=\"757\" data-end=\"797\">duy\u00ean d\u00e1ng, thanh t\u1ecbnh v\u00e0 \u0111\u1ea7y thi v\u1ecb<\/strong>, ph\u00f9 h\u1ee3p cho ng\u01b0\u1eddi ph\u1ee5 n\u1eef y\u00eau n\u00e9t \u0111\u1eb9p truy\u1ec1n th\u1ed1ng pha hi\u1ec7n \u0111\u1ea1i.<\/p>\n<hr data-start=\"866\" data-end=\"869\" \/>\n<p data-start=\"871\" data-end=\"905\">\ud83c\udf3f <strong data-start=\"874\" data-end=\"903\">C\u00e1ch ph\u1ed1i c\u00f9ng trang ph\u1ee5c<\/strong><\/p>\n<ul data-start=\"906\" data-end=\"1143\">\n<li data-start=\"906\" data-end=\"974\">\n<p data-start=\"908\" data-end=\"974\"><strong data-start=\"908\" data-end=\"931\">\u00c1o d\u00e0i ho\u1eb7c \u00e1o y\u1ebfm:<\/strong> t\u00f4n l\u00ean n\u00e9t m\u1ec1m m\u1ea1i, c\u1ed5 \u0111i\u1ec3n v\u00e0 n\u1eef t\u00ednh.<\/p>\n<\/li>\n<li data-start=\"975\" data-end=\"1056\">\n<p data-start=\"977\" data-end=\"1056\"><strong data-start=\"977\" data-end=\"1002\">V\u00e1y linen, \u0111\u1ea7m su\u00f4ng:<\/strong> mang l\u1ea1i c\u1ea3m gi\u00e1c t\u1ef1 nhi\u00ean, organic v\u00e0 thanh tho\u00e1t.<\/p>\n<\/li>\n<li data-start=\"1057\" data-end=\"1143\">\n<p data-start=\"1059\" data-end=\"1143\"><strong data-start=\"1059\" data-end=\"1083\">Trang ph\u1ee5c t\u1ed1i gi\u1ea3n:<\/strong> chi\u1ebfc tr\u00e2m \u00e1nh \u0111\u1ed3ng tr\u1edf th\u00e0nh \u0111i\u1ec3m nh\u1ea5n tinh t\u1ebf, an l\u00e0nh.<\/p>\n<\/li>\n<\/ul>\n<hr data-start=\"1145\" data-end=\"1148\" \/>\n<p data-start=\"1150\" data-end=\"1349\">\ud83d\udee0 <strong data-start=\"1153\" data-end=\"1164\">Ch\u1ebf t\u00e1c<\/strong><br data-start=\"1164\" data-end=\"1167\" \/>Th\u1ee7 c\u00f4ng 100% b\u1edfi <strong data-start=\"1185\" data-end=\"1211\">ngh\u1ec7 nh\u00e2n Tonkin Craft<\/strong> \u2013 g\u00f2 ch\u1ea1m t\u1eebng \u0111\u01b0\u1eddng m\u00e2y, u\u1ed1n t\u1ea1o h\u00ecnh m\u1ea3nh mai, \u0111\u00e1nh b\u00f3ng m\u1edd t\u1ef1 nhi\u00ean \u0111\u1ec3 gi\u1eef l\u1ea1i h\u01a1i th\u1edf c\u1ee7a \u0111\u1ed3ng v\u00e0 s\u1ef1 s\u1ed1ng \u0111\u1ed9ng trong t\u1eebng chi ti\u1ebft.<\/p>\n<p data-start=\"1351\" data-end=\"1550\">\ud83c\udf81 <strong data-start=\"1354\" data-end=\"1366\">\u1ee8ng d\u1ee5ng<\/strong><br data-start=\"1366\" data-end=\"1369\" \/>Ph\u1ee5 ki\u1ec7n c\u00e0i t\u00f3c \u2013 c\u00e0i \u00e1o ph\u00f9 h\u1ee3p d\u00f9ng h\u1eb1ng ng\u00e0y, d\u1ef1 ti\u1ec7c, ch\u1ee5p \u1ea3nh \u00e1o d\u00e0i ho\u1eb7c l\u00e0m <strong data-start=\"1453\" data-end=\"1473\">qu\u00e0 t\u1eb7ng \u00fd ngh\u0129a<\/strong> \u2013 g\u1eedi g\u1eafm l\u1eddi ch\u00fac <strong data-start=\"1493\" data-end=\"1515\">b\u00ecnh an v\u00e0 may m\u1eafn<\/strong> \u0111\u1ebfn ng\u01b0\u1eddi th\u00e2n, b\u1ea1n b\u00e8, \u0111\u1ed1i t\u00e1c.<\/p>\n<hr data-start=\"1552\" data-end=\"1555\" \/>\n<p data-start=\"1557\" data-end=\"1788\">\ud83c\udf38 <strong data-start=\"1560\" data-end=\"1601\">S\u1ef1 kh\u00e1c bi\u1ec7t c\u1ee7a \u0111\u1ed3 \u0111\u1ed3ng Tonkin Craft<\/strong><br data-start=\"1601\" data-end=\"1604\" \/>M\u1ed7i s\u1ea3n ph\u1ea9m l\u00e0 <strong data-start=\"1620\" data-end=\"1631\">\u0111\u1ed9c b\u1ea3n<\/strong>, kh\u00f4ng khu\u00f4n \u0111\u00fac \u2013 k\u1ebft tinh gi\u1eefa <strong data-start=\"1665\" data-end=\"1709\">ngh\u1ec7 thu\u1eadt g\u00f2 ch\u1ea1m truy\u1ec1n th\u1ed1ng Vi\u1ec7t Nam<\/strong> v\u00e0 <strong data-start=\"1713\" data-end=\"1745\">tinh th\u1ea7n thi\u1ebft k\u1ebf \u0111\u01b0\u01a1ng \u0111\u1ea1i<\/strong>, t\u1ea1o n\u00ean gi\u00e1 tr\u1ecb th\u1ea9m m\u1ef9 v\u01b0\u1ee3t th\u1eddi gian.<\/p>\n<hr data-start=\"1790\" data-end=\"1793\" \/>\n<p data-start=\"1795\" data-end=\"1825\">\ud83d\udc9b <strong data-start=\"1798\" data-end=\"1823\">Ch\u1ea5t l\u01b0\u1ee3ng &amp; B\u1ea3o qu\u1ea3n<\/strong><\/p>\n<ul data-start=\"1826\" data-end=\"2055\">\n<li data-start=\"1826\" data-end=\"1903\">\n<p data-start=\"1828\" data-end=\"1903\">\u0110\u1ed3ng c\u00e0ng d\u00f9ng c\u00e0ng l\u00ean m\u00e0u tr\u1ea7m \u1ea5m \u2013 mang d\u1ea5u \u1ea5n ri\u00eang c\u1ee7a ng\u01b0\u1eddi s\u1edf h\u1eefu.<\/p>\n<\/li>\n<li data-start=\"1904\" data-end=\"1959\">\n<p data-start=\"1906\" data-end=\"1959\">L\u00e0m s\u00e1ng b\u1eb1ng chanh, gi\u1ea5m ho\u1eb7c baking soda khi c\u1ea7n.<\/p>\n<\/li>\n<li data-start=\"1960\" data-end=\"2055\">\n<p data-start=\"1962\" data-end=\"2055\">Tr\u00e1nh ti\u1ebfp x\u00fac tr\u1ef1c ti\u1ebfp v\u1edbi h\u00f3a ch\u1ea5t m\u1ea1nh, b\u1ea3o qu\u1ea3n n\u01a1i kh\u00f4 r\u00e1o trong t\u00fai v\u1ea3i ho\u1eb7c h\u1ed9p g\u1ed7.<\/p>\n<\/li>\n<\/ul>\n<hr data-start=\"2057\" data-end=\"2060\" \/>\n<p data-start=\"2062\" data-end=\"2295\"><strong data-start=\"2062\" data-end=\"2083\">Tr\u00e2m \u0111\u1ed3ng V\u00e2n M\u00e2y<\/strong> kh\u00f4ng ch\u1ec9 l\u00e0 m\u00f3n trang s\u1ee9c c\u00e0i t\u00f3c, m\u00e0 c\u00f2n l\u00e0 <strong data-start=\"2130\" data-end=\"2174\">bi\u1ec3u t\u01b0\u1ee3ng c\u1ee7a t\u00e2m h\u1ed3n t\u1ef1 do v\u00e0 an nhi\u00ean<\/strong>, n\u01a1i <strong data-start=\"2180\" data-end=\"2220\">b\u00e0n tay ng\u01b0\u1eddi ngh\u1ec7 nh\u00e2n Tonkin Craft<\/strong> g\u1eedi g\u1eafm <strong data-start=\"2229\" data-end=\"2293\">h\u01a1i th\u1edf c\u1ee7a \u0111\u1ed3ng v\u00e0 tinh th\u1ea7n s\u1ed1ng h\u00e0i h\u00f2a c\u00f9ng thi\u00ean nhi\u00ean.<\/strong><\/p>\n","protected":false},"excerpt":{"rendered":"<p><strong data-start=\"129\" data-end=\"186\">Tr\u00e2m \u0111\u1ed3ng V\u00e2n M\u00e2y \u2013 Bi\u1ec3u t\u01b0\u1ee3ng c\u1ee7a an nhi\u00ean v\u00e0 t\u1ef1 do.<\/strong><br data-start=\"186\" data-end=\"189\" \/>\u0110\u01b0\u1ee3c <strong data-start=\"194\" data-end=\"244\">ch\u1ebf t\u00e1c th\u1ee7 c\u00f4ng 100% t\u1eeb \u0111\u1ed3ng v\u00e0ng nguy\u00ean ch\u1ea5t<\/strong> b\u1edfi <strong data-start=\"249\" data-end=\"275\">ngh\u1ec7 nh\u00e2n Tonkin Craft<\/strong>, chi\u1ebfc tr\u00e2m l\u1ea5y c\u1ea3m h\u1ee9ng t\u1eeb h\u00ecnh \u1ea3nh m\u00e2y tr\u1eddi \u2013 t\u01b0\u1ee3ng tr\u01b0ng cho <strong data-start=\"340\" data-end=\"385\" data-is-only-node=\"\">s\u1ef1 b\u00ecnh an, uy\u1ec3n chuy\u1ec3n v\u00e0 t\u00e2m th\u1ebf t\u1ef1 t\u1ea1i<\/strong>.<\/p>\n<p>Th\u00f4ng tin chi ti\u1ebft SP:<\/p>\n<p>&#8211; Ch\u1ea5t li\u1ec7u: \u0110\u1ed3ng thau nguy\u00ean ch\u1ea5t<\/p>\n<p>&#8211; K\u00edch th\u01b0\u1edbc: chi\u1ec1u d\u00e0i 18cm<\/p>\n<p>&#8211; Nh\u1eadn l\u00e0m theo m\u1eabu, k\u00edch th\u01b0\u1edbc y\u00eau c\u1ea7u<\/p>\n","protected":false},"featured_media":2897,"comment_status":"open","ping_status":"closed","template":"","meta":[],"product_brand":[],"product_cat":[205],"product_tag":[212,213,214,227,209,231,215,269,210,211,268],"class_list":{"0":"post-2809","1":"product","2":"type-product","3":"status-publish","4":"has-post-thumbnail","6":"product_cat-tram-cai-toc","7":"product_tag-brass-hair-pin","8":"product_tag-phu-kien-toc","9":"product_tag-tram-ao-dai","10":"product_tag-tram-bac","11":"product_tag-tram-cai-toc","12":"product_tag-tram-co-4-la","13":"product_tag-tram-co-phuc","14":"product_tag-tram-con-ong","15":"product_tag-tram-dong","16":"product_tag-tram-thu-cong","17":"product_tag-tram-truc","19":"first","20":"instock","21":"shipping-taxable","22":"product-type-simple"},"aioseo_notices":[],"_links":{"self":[{"href":"https:\/\/tonkincraft.vn\/vn\/wp-json\/wp\/v2\/product\/2809","targetHints":{"allow":["GET"]}}],"collection":[{"href":"https:\/\/tonkincraft.vn\/vn\/wp-json\/wp\/v2\/product"}],"about":[{"href":"https:\/\/tonkincraft.vn\/vn\/wp-json\/wp\/v2\/types\/product"}],"replies":[{"embeddable":true,"href":"https:\/\/tonkincraft.vn\/vn\/wp-json\/wp\/v2\/comments?post=2809"}],"wp:featuredmedia":[{"embeddable":true,"href":"https:\/\/tonkincraft.vn\/vn\/wp-json\/wp\/v2\/media\/2897"}],"wp:attachment":[{"href":"https:\/\/tonkincraft.vn\/vn\/wp-json\/wp\/v2\/media?parent=2809"}],"wp:term":[{"taxonomy":"product_brand","embeddable":true,"href":"https:\/\/tonkincraft.vn\/vn\/wp-json\/wp\/v2\/product_brand?post=2809"},{"taxonomy":"product_cat","embeddable":true,"href":"https:\/\/tonkincraft.vn\/vn\/wp-json\/wp\/v2\/product_cat?post=2809"},{"taxonomy":"product_tag","embeddable":true,"href":"https:\/\/tonkincraft.vn\/vn\/wp-json\/wp\/v2\/product_tag?post=2809"}],"curies":[{"name":"wp","href":"https:\/\/api.w.org\/{rel}","templated":true}]}}