{"id":2784,"date":"2025-03-22T22:05:14","date_gmt":"2025-03-22T15:05:14","guid":{"rendered":"https:\/\/tonkincraft.vn\/vn\/?post_type=product&#038;p=2784"},"modified":"2025-10-10T21:36:01","modified_gmt":"2025-10-10T14:36:01","slug":"khuyen-tai-cham-thu-cong-hinh-non-ma-bac-che-tac-boi-nghe-nhan","status":"publish","type":"product","link":"https:\/\/tonkincraft.vn\/vn\/product\/khuyen-tai-cham-thu-cong-hinh-non-ma-bac-che-tac-boi-nghe-nhan\/","title":{"rendered":"Khuy\u00ean Tai M\u1ea1 B\u1ea1c Ch\u1ea1m H\u00ecnh N\u00f3n Th\u1ee7 C\u00f4ng"},"content":{"rendered":"<article class=\"text-token-text-primary w-full focus:outline-none [--shadow-height:45px] has-data-writing-block:pointer-events-none has-data-writing-block:-mt-(--shadow-height) has-data-writing-block:pt-(--shadow-height) [&amp;:has([data-writing-block])&gt;*]:pointer-events-auto [content-visibility:auto] supports-[content-visibility:auto]:[contain-intrinsic-size:auto_100lvh] scroll-mt-[calc(var(--header-height)+min(200px,max(70px,20svh)))]\" dir=\"auto\" tabindex=\"-1\" data-turn-id=\"request-68e68ec7-8804-8320-808a-e3ebc72c4d84-2\" data-testid=\"conversation-turn-48\" data-scroll-anchor=\"true\" data-turn=\"assistant\">\n<div class=\"text-base my-auto mx-auto pb-10 [--thread-content-margin:--spacing(4)] thread-sm:[--thread-content-margin:--spacing(6)] thread-lg:[--thread-content-margin:--spacing(16)] px-(--thread-content-margin)\">\n<div class=\"[--thread-content-max-width:40rem] thread-lg:[--thread-content-max-width:48rem] mx-auto max-w-(--thread-content-max-width) flex-1 group\/turn-messages focus-visible:outline-hidden relative flex w-full min-w-0 flex-col agent-turn\" tabindex=\"-1\">\n<div class=\"flex max-w-full flex-col grow\">\n<div class=\"min-h-8 text-message relative flex w-full flex-col items-end gap-2 text-start break-words whitespace-normal [.text-message+&amp;]:mt-5\" dir=\"auto\" data-message-author-role=\"assistant\" data-message-id=\"93b3ebea-6bfb-41b5-98ca-16c547fbc297\" data-message-model-slug=\"gpt-5\">\n<div class=\"flex w-full flex-col gap-1 empty:hidden first:pt-[1px]\">\n<div class=\"markdown prose dark:prose-invert w-full break-words light markdown-new-styling\">\n<p data-start=\"0\" data-end=\"73\"><strong data-start=\"0\" data-end=\"71\">Khuy\u00ean Tai \u0110\u1ed3ng Ch\u1ea1m H\u00ecnh N\u00f3n \u2013 Duy\u00ean d\u00e1ng, m\u1ed9c m\u1ea1c v\u00e0 \u0111\u1eadm h\u1ed3n Vi\u1ec7t<\/strong><\/p>\n<p data-start=\"75\" data-end=\"258\">L\u1ea5y c\u1ea3m h\u1ee9ng t\u1eeb <strong data-start=\"91\" data-end=\"107\">chi\u1ebfc n\u00f3n l\u00e1<\/strong> \u2013 bi\u1ec3u t\u01b0\u1ee3ng c\u1ee7a <strong data-start=\"125\" data-end=\"181\">ng\u01b0\u1eddi ph\u1ee5 n\u1eef Vi\u1ec7t Nam hi\u1ec1n h\u1eadu, ch\u1ecbu th\u01b0\u01a1ng ch\u1ecbu kh\u00f3<\/strong>, \u0111\u00f4i <strong data-start=\"187\" data-end=\"220\">Khuy\u00ean Tai \u0110\u1ed3ng Ch\u1ea1m H\u00ecnh N\u00f3n<\/strong> mang v\u1ebb \u0111\u1eb9p gi\u1ea3n d\u1ecb m\u00e0 \u0111\u1ea7y tinh t\u1ebf.<\/p>\n<p data-start=\"260\" data-end=\"588\">Tr\u00ean n\u1ec1n <strong data-start=\"269\" data-end=\"294\">\u0111\u1ed3ng v\u00e0ng nguy\u00ean ch\u1ea5t<\/strong>, d\u00e1ng n\u00f3n \u0111\u01b0\u1ee3c <strong data-start=\"310\" data-end=\"336\">g\u00f2 ch\u1ea1m th\u1ee7 c\u00f4ng t\u1ec9 m\u1ec9<\/strong> b\u1edfi ngh\u1ec7 nh\u00e2n Tonkin Craft, t\u1ea1o n\u00ean \u0111\u01b0\u1eddng cong m\u1ec1m m\u1ea1i, c\u00e2n \u0111\u1ed1i v\u00e0 ph\u1ea3n chi\u1ebfu \u00e1nh s\u00e1ng d\u1ecbu nh\u1eb9. M\u1ed7i chi ti\u1ebft kh\u1eafc l\u00e0 s\u1ef1 k\u1ebft h\u1ee3p gi\u1eefa <strong data-start=\"470\" data-end=\"505\">ngh\u1ec7 thu\u1eadt g\u00f2 ch\u1ea1m truy\u1ec1n th\u1ed1ng<\/strong> v\u00e0 <strong data-start=\"509\" data-end=\"539\">c\u1ea3m quan th\u1ea9m m\u1ef9 \u0111\u01b0\u01a1ng \u0111\u1ea1i<\/strong>, khi\u1ebfn \u0111\u00f4i khuy\u00ean v\u1eeba g\u1ea7n g\u0169i, v\u1eeba thanh l\u1ecbch.<\/p>\n<p data-start=\"590\" data-end=\"774\">Chi\u1ebfc n\u00f3n \u2013 bi\u1ec3u t\u01b0\u1ee3ng c\u1ee7a <strong data-start=\"617\" data-end=\"653\">t\u00ecnh qu\u00ea, c\u1ee7a n\u00e9t \u0111\u1eb9p thu\u1ea7n Vi\u1ec7t<\/strong>, nay \u0111\u01b0\u1ee3c t\u00e1i hi\u1ec7n trong h\u00ecnh h\u00e0i trang s\u1ee9c, mang \u0111\u1ebfn c\u1ea3m gi\u00e1c <strong data-start=\"717\" data-end=\"771\">\u1ea5m \u00e1p, th\u00e2n th\u01b0\u01a1ng m\u00e0 v\u1eabn sang tr\u1ecdng v\u00e0 th\u1eddi trang<\/strong>.<\/p>\n<p data-start=\"776\" data-end=\"805\">\ud83d\udc57 <strong data-start=\"779\" data-end=\"803\">Ph\u1ed1i c\u00f9ng trang ph\u1ee5c<\/strong><\/p>\n<ul data-start=\"806\" data-end=\"966\">\n<li data-start=\"806\" data-end=\"880\">\n<p data-start=\"808\" data-end=\"880\">\u00c1o d\u00e0i, v\u00e1y linen, ho\u1eb7c s\u01a1 mi tr\u1eafng: t\u00f4n l\u00ean v\u1ebb d\u1ecbu d\u00e0ng, thanh tho\u00e1t.<\/p>\n<\/li>\n<li data-start=\"881\" data-end=\"966\">\n<p data-start=\"883\" data-end=\"966\">Trang ph\u1ee5c t\u1ed1i gi\u1ea3n, hi\u1ec7n \u0111\u1ea1i: \u0111\u00f4i khuy\u00ean tr\u1edf th\u00e0nh \u0111i\u1ec3m nh\u1ea5n ngh\u1ec7 thu\u1eadt tinh t\u1ebf.<\/p>\n<\/li>\n<\/ul>\n<p data-start=\"968\" data-end=\"1196\">\u2692\ufe0f <strong data-start=\"971\" data-end=\"1000\">Ch\u1ebf t\u00e1c th\u1ee7 c\u00f4ng tinh x\u1ea3o<\/strong><br data-start=\"1000\" data-end=\"1003\" \/>M\u1ed7i \u0111\u00f4i khuy\u00ean \u0111\u01b0\u1ee3c <strong data-start=\"1023\" data-end=\"1049\">l\u00e0m ho\u00e0n to\u00e0n b\u1eb1ng tay<\/strong>, qua nhi\u1ec1u c\u00f4ng \u0111o\u1ea1n g\u00f2, ch\u1ea1m, \u0111\u00e1nh b\u00f3ng m\u1edd t\u1ef1 nhi\u00ean \u2013 kh\u00f4ng khu\u00f4n \u0111\u00fac, kh\u00f4ng c\u00f4ng nghi\u1ec7p \u2013 gi\u1eef tr\u1ecdn <strong data-start=\"1151\" data-end=\"1193\">v\u1ebb m\u1ec1m m\u1ea1i v\u00e0 \u00e1nh s\u1eafc tr\u1ea7m \u1ea5m c\u1ee7a \u0111\u1ed3ng<\/strong>.<\/p>\n<p data-start=\"1198\" data-end=\"1468\">\ud83c\udf81 <strong data-start=\"1201\" data-end=\"1223\">\u00dd ngh\u0129a &amp; qu\u00e0 t\u1eb7ng<\/strong><br data-start=\"1223\" data-end=\"1226\" \/>Khuy\u00ean Tai \u0110\u1ed3ng Ch\u1ea1m H\u00ecnh N\u00f3n l\u00e0 m\u00f3n <strong data-start=\"1263\" data-end=\"1290\">trang s\u1ee9c mang h\u1ed3n Vi\u1ec7t<\/strong>, \u0111\u1ed3ng th\u1eddi l\u00e0 <strong data-start=\"1305\" data-end=\"1325\">qu\u00e0 t\u1eb7ng \u00fd ngh\u0129a<\/strong> d\u00e0nh cho m\u1eb9, c\u00f4, b\u1ea1n b\u00e8 hay nh\u1eefng ng\u01b0\u1eddi y\u00eau n\u00e9t \u0111\u1eb9p truy\u1ec1n th\u1ed1ng \u2013 nh\u01b0 l\u1eddi tri \u00e2n v\u1edbi s\u1ef1 d\u1ecbu d\u00e0ng, b\u1ec1n b\u1ec9 v\u00e0 bao dung c\u1ee7a ng\u01b0\u1eddi ph\u1ee5 n\u1eef Vi\u1ec7t.<\/p>\n<p data-start=\"1470\" data-end=\"1658\" data-is-last-node=\"\" data-is-only-node=\"\">\ud83c\udf3f<br data-start=\"1472\" data-end=\"1475\" \/>M\u1ed9t thi\u1ebft k\u1ebf nh\u1ecf b\u00e9 nh\u01b0ng ch\u1ee9a \u0111\u1ef1ng c\u1ea3 <strong data-start=\"1514\" data-end=\"1589\">k\u00fd \u1ee9c l\u00e0ng qu\u00ea, h\u1ed3n v\u0103n h\u00f3a v\u00e0 b\u00e0n tay tinh x\u1ea3o c\u1ee7a ng\u01b0\u1eddi th\u1ee3 \u0111\u1ed3ng Vi\u1ec7t<\/strong> \u2013 \u0111\u00f3 ch\u00ednh l\u00e0 gi\u00e1 tr\u1ecb m\u00e0 Tonkin Craft g\u1eedi g\u1eafm trong t\u1eebng \u0111\u00f4i khuy\u00ean.<\/p>\n<\/div>\n<\/div>\n<\/div>\n<\/div>\n<div class=\"z-0 flex min-h-[46px] justify-start\"><\/div>\n<\/div>\n<\/div>\n<\/article>\n","protected":false},"excerpt":{"rendered":"<p data-start=\"66\" data-end=\"267\">L\u1ea5y c\u1ea3m h\u1ee9ng t\u1eeb <strong data-start=\"82\" data-end=\"98\">chi\u1ebfc n\u00f3n l\u00e1<\/strong> \u2013 bi\u1ec3u t\u01b0\u1ee3ng c\u1ee7a v\u1ebb \u0111\u1eb9p d\u1ecbu d\u00e0ng, b\u1ec1n b\u1ec9 c\u1ee7a ng\u01b0\u1eddi ph\u1ee5 n\u1eef Vi\u1ec7t, \u0111\u00f4i khuy\u00ean \u0111\u01b0\u1ee3c <strong data-start=\"179\" data-end=\"224\">ch\u1ebf t\u00e1c th\u1ee7 c\u00f4ng t\u1eeb \u0111\u1ed3ng v\u00e0ng nguy\u00ean ch\u1ea5t<\/strong>, v\u1edbi d\u00e1ng n\u00f3n m\u1ec1m m\u1ea1i v\u00e0 \u00e1nh \u0111\u1ed3ng \u1ea5m \u00e1p.<\/p>\n<p data-start=\"269\" data-end=\"421\">S\u1ea3n ph\u1ea9m mang v\u1ebb <strong data-start=\"286\" data-end=\"308\">m\u1ed9c m\u1ea1c m\u00e0 tinh t\u1ebf<\/strong>, k\u1ebft h\u1ee3p h\u00e0i h\u00f2a gi\u1eefa truy\u1ec1n th\u1ed1ng v\u00e0 hi\u1ec7n \u0111\u1ea1i \u2013 ph\u00f9 h\u1ee3p v\u1edbi c\u1ea3 <strong data-start=\"373\" data-end=\"418\">\u00e1o d\u00e0i, v\u00e1y linen hay trang ph\u1ee5c t\u1ed1i gi\u1ea3n<\/strong>.<\/p>\n<p>Th\u00f4ng tin chi ti\u1ebft SP:<\/p>\n<p>\u2013 Ch\u1ea5t li\u1ec7u: \u0110\u1ed3ng thau, \u0111\u1ed3ng \u0111\u1ecf nguy\u00ean ch\u1ea5t\/ M\u1ea1 b\u1ea1c<\/p>\n<p>\u2013 Nh\u1eadn l\u00e0m theo m\u1eabu, k\u00edch th\u01b0\u1edbc y\u00eau c\u1ea7u<\/p>\n<p>Kh\u00e1c bi\u1ec7t v\u1edbi nh\u1eefng m\u1eabu v\u00f2ng hi\u1ec7n \u0111\u1ea1i, v\u00f2ng ki\u1ec1ng l\u00e1 t\u1ea1i Tonkin Craft ch\u00ednh l\u00e0 \u201c\u0111\u1eb7c s\u1ea3n\u201d, l\u00e0m t\u00f4n l\u00ean n\u00e9t \u0111\u1eb9p truy\u1ec1n th\u1ed1ng v\u1ed1n c\u00f3 c\u1ee7a t\u00e0 \u00e1o d\u00e0i, \u00e1o l\u1ee5a. V\u1edbi k\u1ebft c\u1ea5u l\u00e0 chi\u1ebfc ki\u1ec1ng m\u1edf v\u00e0 l\u00e1, l\u00e0m \u0111i\u1ec3m nh\u1ea5n cho trang ph\u1ee5c th\u00eam ph\u1ea7n kh\u00e1c bi\u1ec7t v\u00e0 n\u1ed5i b\u1eadt g\u01b0\u01a1ng m\u1eb7t.<\/p>\n","protected":false},"featured_media":2764,"comment_status":"open","ping_status":"closed","template":"","meta":[],"product_brand":[],"product_cat":[249],"product_tag":[251,252,250,237,219,216,220,221,218,217],"class_list":{"0":"post-2784","1":"product","2":"type-product","3":"status-publish","4":"has-post-thumbnail","6":"product_cat-khuye-tai","7":"product_tag-khuyen-tai-dong","8":"product_tag-khuyen-tai-la","9":"product_tag-khuyen-tai-sen","10":"product_tag-kieng-ao-lua","11":"product_tag-kieng-deo-co","12":"product_tag-kieng-dong","13":"product_tag-kieng-hoa-sen","14":"product_tag-phu-kien-dong","15":"product_tag-vong-co","16":"product_tag-vong-dong","18":"first","19":"instock","20":"shipping-taxable","21":"product-type-simple"},"aioseo_notices":[],"_links":{"self":[{"href":"https:\/\/tonkincraft.vn\/vn\/wp-json\/wp\/v2\/product\/2784","targetHints":{"allow":["GET"]}}],"collection":[{"href":"https:\/\/tonkincraft.vn\/vn\/wp-json\/wp\/v2\/product"}],"about":[{"href":"https:\/\/tonkincraft.vn\/vn\/wp-json\/wp\/v2\/types\/product"}],"replies":[{"embeddable":true,"href":"https:\/\/tonkincraft.vn\/vn\/wp-json\/wp\/v2\/comments?post=2784"}],"wp:featuredmedia":[{"embeddable":true,"href":"https:\/\/tonkincraft.vn\/vn\/wp-json\/wp\/v2\/media\/2764"}],"wp:attachment":[{"href":"https:\/\/tonkincraft.vn\/vn\/wp-json\/wp\/v2\/media?parent=2784"}],"wp:term":[{"taxonomy":"product_brand","embeddable":true,"href":"https:\/\/tonkincraft.vn\/vn\/wp-json\/wp\/v2\/product_brand?post=2784"},{"taxonomy":"product_cat","embeddable":true,"href":"https:\/\/tonkincraft.vn\/vn\/wp-json\/wp\/v2\/product_cat?post=2784"},{"taxonomy":"product_tag","embeddable":true,"href":"https:\/\/tonkincraft.vn\/vn\/wp-json\/wp\/v2\/product_tag?post=2784"}],"curies":[{"name":"wp","href":"https:\/\/api.w.org\/{rel}","templated":true}]}}