{"id":2781,"date":"2025-03-22T21:49:14","date_gmt":"2025-03-22T14:49:14","guid":{"rendered":"https:\/\/tonkincraft.vn\/vn\/?post_type=product&#038;p=2781"},"modified":"2025-10-10T21:38:07","modified_gmt":"2025-10-10T14:38:07","slug":"khuyen-tai-la-chuoi-ma-bac-cham-tay","status":"publish","type":"product","link":"https:\/\/tonkincraft.vn\/vn\/product\/khuyen-tai-la-chuoi-ma-bac-cham-tay\/","title":{"rendered":"Khuy\u00ean Tai M\u1ea1 B\u1ea1c Ch\u1ea1m L\u00e1 Chu\u1ed1i"},"content":{"rendered":"<article class=\"text-token-text-primary w-full focus:outline-none [--shadow-height:45px] has-data-writing-block:pointer-events-none has-data-writing-block:-mt-(--shadow-height) has-data-writing-block:pt-(--shadow-height) [&amp;:has([data-writing-block])&gt;*]:pointer-events-auto [content-visibility:auto] supports-[content-visibility:auto]:[contain-intrinsic-size:auto_100lvh] scroll-mt-[calc(var(--header-height)+min(200px,max(70px,20svh)))]\" dir=\"auto\" tabindex=\"-1\" data-turn-id=\"request-68e68ec7-8804-8320-808a-e3ebc72c4d84-2\" data-testid=\"conversation-turn-48\" data-scroll-anchor=\"true\" data-turn=\"assistant\">\n<div class=\"text-base my-auto mx-auto pb-10 [--thread-content-margin:--spacing(4)] thread-sm:[--thread-content-margin:--spacing(6)] thread-lg:[--thread-content-margin:--spacing(16)] px-(--thread-content-margin)\">\n<div class=\"[--thread-content-max-width:40rem] thread-lg:[--thread-content-max-width:48rem] mx-auto max-w-(--thread-content-max-width) flex-1 group\/turn-messages focus-visible:outline-hidden relative flex w-full min-w-0 flex-col agent-turn\" tabindex=\"-1\">\n<div class=\"flex max-w-full flex-col grow\">\n<div class=\"min-h-8 text-message relative flex w-full flex-col items-end gap-2 text-start break-words whitespace-normal [.text-message+&amp;]:mt-5\" dir=\"auto\" data-message-author-role=\"assistant\" data-message-id=\"93b3ebea-6bfb-41b5-98ca-16c547fbc297\" data-message-model-slug=\"gpt-5\">\n<div class=\"flex w-full flex-col gap-1 empty:hidden first:pt-[1px]\">\n<div class=\"markdown prose dark:prose-invert w-full break-words light markdown-new-styling\">\n<p data-start=\"0\" data-end=\"75\"><strong data-start=\"0\" data-end=\"73\">Khuy\u00ean Tai Ch\u1ea1m H\u00ecnh L\u00e1 Chu\u1ed1i \u2013 M\u1ed9c m\u1ea1c, m\u1ec1m m\u1ea1i v\u00e0 \u0111\u1eadm h\u1ed3n Vi\u1ec7t<\/strong><\/p>\n<p data-start=\"77\" data-end=\"291\">L\u1ea5y c\u1ea3m h\u1ee9ng t\u1eeb <strong data-start=\"93\" data-end=\"105\">l\u00e1 chu\u1ed1i<\/strong> \u2013 h\u00ecnh \u1ea3nh quen thu\u1ed9c c\u1ee7a l\u00e0ng qu\u00ea Vi\u1ec7t, g\u1ee3i nh\u1edb <strong data-start=\"155\" data-end=\"199\">s\u1ef1 gi\u1ea3n d\u1ecb, bao dung v\u00e0 s\u1ee9c s\u1ed1ng d\u1ebbo dai<\/strong>, \u0111\u00f4i <strong data-start=\"205\" data-end=\"243\">Khuy\u00ean Tai \u0110\u1ed3ng Ch\u1ea1m H\u00ecnh L\u00e1 Chu\u1ed1i<\/strong> mang v\u1ebb \u0111\u1eb9p t\u1ef1 nhi\u00ean, g\u1ea7n g\u0169i m\u00e0 \u0111\u1ea7y tinh t\u1ebf.<\/p>\n<p data-start=\"293\" data-end=\"585\">\u0110\u01b0\u1ee3c <strong data-start=\"298\" data-end=\"343\">ch\u1ebf t\u00e1c th\u1ee7 c\u00f4ng t\u1eeb \u0111\u1ed3ng v\u00e0ng nguy\u00ean ch\u1ea5t<\/strong>, t\u1eebng \u0111\u01b0\u1eddng g\u00f2, n\u00e9t ch\u1ea1m t\u00e1i hi\u1ec7n s\u1ed1ng \u0111\u1ed9ng g\u00e2n l\u00e1 v\u00e0 \u0111\u1ed9 cong m\u1ec1m m\u1ea1i, t\u1ea1o hi\u1ec7u \u1ee9ng \u00e1nh s\u00e1ng d\u1ecbu nh\u1eb9 khi di chuy\u1ec3n. M\u1ed7i \u0111\u00f4i khuy\u00ean l\u00e0 <strong data-start=\"478\" data-end=\"512\">m\u1ed9t t\u00e1c ph\u1ea9m nh\u1ecf mang h\u1ed3n Vi\u1ec7t<\/strong>, k\u1ebft h\u1ee3p gi\u1eefa ngh\u1ec7 thu\u1eadt truy\u1ec1n th\u1ed1ng v\u00e0 phong c\u00e1ch t\u1ed1i gi\u1ea3n hi\u1ec7n \u0111\u1ea1i.<\/p>\n<p data-start=\"587\" data-end=\"749\">\ud83d\udc57 <strong data-start=\"590\" data-end=\"614\">Ph\u1ed1i c\u00f9ng trang ph\u1ee5c<\/strong><br data-start=\"614\" data-end=\"617\" \/>Ph\u00f9 h\u1ee3p v\u1edbi <strong data-start=\"629\" data-end=\"689\">\u00e1o d\u00e0i, v\u00e1y linen, s\u01a1 mi tr\u1eafng ho\u1eb7c trang ph\u1ee5c h\u00e0ng ng\u00e0y<\/strong>, mang l\u1ea1i n\u00e9t duy\u00ean thanh tho\u00e1t v\u00e0 tinh t\u1ebf cho ng\u01b0\u1eddi \u0111eo.<\/p>\n<p data-start=\"751\" data-end=\"980\">\ud83c\udf81 <strong data-start=\"754\" data-end=\"776\">\u00dd ngh\u0129a &amp; qu\u00e0 t\u1eb7ng<\/strong><br data-start=\"776\" data-end=\"779\" \/>L\u00e1 chu\u1ed1i t\u01b0\u1ee3ng tr\u01b0ng cho <strong data-start=\"804\" data-end=\"846\">s\u1ef1 ch\u1edf che, b\u00ecnh an v\u00e0 s\u1ee9c s\u1ed1ng b\u1ec1n b\u1ec9<\/strong> \u2013 v\u00ec th\u1ebf, \u0111\u00f4i khuy\u00ean l\u00e0 <strong data-start=\"871\" data-end=\"890\">m\u00f3n qu\u00e0 \u00fd ngh\u0129a<\/strong> d\u00e0nh t\u1eb7ng m\u1eb9, b\u1ea1n b\u00e8 hay ch\u00ednh m\u00ecnh, nh\u01b0 l\u1eddi nh\u1eafc v\u1ec1 v\u1ebb \u0111\u1eb9p t\u1ef1 nhi\u00ean v\u00e0 t\u00e2m h\u1ed3n an h\u00f2a.<\/p>\n<p data-start=\"982\" data-end=\"1211\">\u2692\ufe0f <strong data-start=\"985\" data-end=\"1014\">Ch\u1ebf t\u00e1c th\u1ee7 c\u00f4ng tinh x\u1ea3o<\/strong><br data-start=\"1014\" data-end=\"1017\" \/>M\u1ed7i \u0111\u00f4i khuy\u00ean \u0111\u01b0\u1ee3c <strong data-start=\"1037\" data-end=\"1067\">g\u00f2 ch\u1ea1m ho\u00e0n to\u00e0n b\u1eb1ng tay<\/strong> b\u1edfi ngh\u1ec7 nh\u00e2n Tonkin Craft, gi\u1eef nguy\u00ean s\u1eafc v\u00e0ng \u1ea5m v\u00e0 \u0111\u1ed9 m\u1ed9c t\u1ef1 nhi\u00ean c\u1ee7a \u0111\u1ed3ng \u2013 t\u1ea1o n\u00ean v\u1ebb \u0111\u1eb9p gi\u1ea3n d\u1ecb m\u00e0 sang tr\u1ecdng, b\u1ec1n b\u1ec9 theo th\u1eddi gian.<\/p>\n<p data-start=\"1213\" data-end=\"1379\" data-is-last-node=\"\" data-is-only-node=\"\">\ud83c\udf3f<br data-start=\"1215\" data-end=\"1218\" \/><strong data-start=\"1218\" data-end=\"1256\">Khuy\u00ean Tai \u0110\u1ed3ng Ch\u1ea1m H\u00ecnh L\u00e1 Chu\u1ed1i<\/strong> \u2013 bi\u1ec3u t\u01b0\u1ee3ng c\u1ee7a s\u1ef1 b\u00ecnh y\u00ean v\u00e0 v\u1ebb \u0111\u1eb9p m\u1ed9c m\u1ea1c Vi\u1ec7t Nam, \u0111\u01b0\u1ee3c k\u1ec3 l\u1ea1i qua b\u00e0n tay tinh t\u1ebf c\u1ee7a ng\u01b0\u1eddi ngh\u1ec7 nh\u00e2n Tonkin Craft.<\/p>\n<\/div>\n<\/div>\n<\/div>\n<\/div>\n<\/div>\n<\/div>\n<\/article>\n","protected":false},"excerpt":{"rendered":"<p data-start=\"63\" data-end=\"252\">L\u1ea5y c\u1ea3m h\u1ee9ng t\u1eeb <strong data-start=\"79\" data-end=\"91\">l\u00e1 chu\u1ed1i<\/strong> \u2013 bi\u1ec3u t\u01b0\u1ee3ng c\u1ee7a s\u1ef1 gi\u1ea3n d\u1ecb v\u00e0 s\u1ee9c s\u1ed1ng b\u1ec1n b\u1ec9, \u0111\u00f4i khuy\u00ean \u0111\u01b0\u1ee3c <strong data-start=\"156\" data-end=\"201\">g\u00f2 ch\u1ea1m th\u1ee7 c\u00f4ng t\u1eeb \u0111\u1ed3ng v\u00e0ng nguy\u00ean ch\u1ea5t<\/strong>, t\u00e1i hi\u1ec7n \u0111\u01b0\u1eddng g\u00e2n v\u00e0 \u0111\u1ed9 cong m\u1ec1m m\u1ea1i t\u1ef1 nhi\u00ean.<\/p>\n<p data-start=\"254\" data-end=\"428\" data-is-last-node=\"\" data-is-only-node=\"\">V\u1ebb \u0111\u1eb9p <strong data-start=\"261\" data-end=\"285\">g\u1ea7n g\u0169i m\u00e0 thanh nh\u00e3<\/strong>, ph\u00f9 h\u1ee3p v\u1edbi c\u1ea3 <strong data-start=\"302\" data-end=\"347\">\u00e1o d\u00e0i, v\u00e1y linen hay trang ph\u1ee5c hi\u1ec7n \u0111\u1ea1i<\/strong>, l\u00e0 <strong data-start=\"352\" data-end=\"371\">m\u00f3n qu\u00e0 \u00fd ngh\u0129a<\/strong> g\u1eedi g\u1eafm l\u1eddi ch\u00fac b\u00ecnh an, ch\u1edf che v\u00e0 n\u00e9t \u0111\u1eb9p thu\u1ea7n Vi\u1ec7t<\/p>\n<p>Th\u00f4ng tin chi ti\u1ebft SP:<\/p>\n<p>\u2013 Ch\u1ea5t li\u1ec7u: \u0110\u1ed3ng thau, \u0111\u1ed3ng \u0111\u1ecf nguy\u00ean ch\u1ea5t\/ m\u1ea1 b\u1ea1c<\/p>\n<p>\u2013 Nh\u1eadn l\u00e0m theo m\u1eabu, k\u00edch th\u01b0\u1edbc y\u00eau c\u1ea7u<\/p>\n<p>Kh\u00e1c bi\u1ec7t v\u1edbi nh\u1eefng m\u1eabu v\u00f2ng hi\u1ec7n \u0111\u1ea1i, v\u00f2ng ki\u1ec1ng l\u00e1 t\u1ea1i Tonkin Craft ch\u00ednh l\u00e0 \u201c\u0111\u1eb7c s\u1ea3n\u201d, l\u00e0m t\u00f4n l\u00ean n\u00e9t \u0111\u1eb9p truy\u1ec1n th\u1ed1ng v\u1ed1n c\u00f3 c\u1ee7a t\u00e0 \u00e1o d\u00e0i, \u00e1o l\u1ee5a. V\u1edbi k\u1ebft c\u1ea5u l\u00e0 chi\u1ebfc ki\u1ec1ng m\u1edf v\u00e0 l\u00e1, l\u00e0m \u0111i\u1ec3m nh\u1ea5n cho trang ph\u1ee5c th\u00eam ph\u1ea7n kh\u00e1c bi\u1ec7t v\u00e0 n\u1ed5i b\u1eadt g\u01b0\u01a1ng m\u1eb7t.<\/p>\n","protected":false},"featured_media":2783,"comment_status":"open","ping_status":"closed","template":"","meta":[],"product_brand":[],"product_cat":[249],"product_tag":[251,252,250,237,219,216,220,221,218,217],"class_list":{"0":"post-2781","1":"product","2":"type-product","3":"status-publish","4":"has-post-thumbnail","6":"product_cat-khuye-tai","7":"product_tag-khuyen-tai-dong","8":"product_tag-khuyen-tai-la","9":"product_tag-khuyen-tai-sen","10":"product_tag-kieng-ao-lua","11":"product_tag-kieng-deo-co","12":"product_tag-kieng-dong","13":"product_tag-kieng-hoa-sen","14":"product_tag-phu-kien-dong","15":"product_tag-vong-co","16":"product_tag-vong-dong","18":"first","19":"instock","20":"shipping-taxable","21":"product-type-simple"},"aioseo_notices":[],"_links":{"self":[{"href":"https:\/\/tonkincraft.vn\/vn\/wp-json\/wp\/v2\/product\/2781","targetHints":{"allow":["GET"]}}],"collection":[{"href":"https:\/\/tonkincraft.vn\/vn\/wp-json\/wp\/v2\/product"}],"about":[{"href":"https:\/\/tonkincraft.vn\/vn\/wp-json\/wp\/v2\/types\/product"}],"replies":[{"embeddable":true,"href":"https:\/\/tonkincraft.vn\/vn\/wp-json\/wp\/v2\/comments?post=2781"}],"wp:featuredmedia":[{"embeddable":true,"href":"https:\/\/tonkincraft.vn\/vn\/wp-json\/wp\/v2\/media\/2783"}],"wp:attachment":[{"href":"https:\/\/tonkincraft.vn\/vn\/wp-json\/wp\/v2\/media?parent=2781"}],"wp:term":[{"taxonomy":"product_brand","embeddable":true,"href":"https:\/\/tonkincraft.vn\/vn\/wp-json\/wp\/v2\/product_brand?post=2781"},{"taxonomy":"product_cat","embeddable":true,"href":"https:\/\/tonkincraft.vn\/vn\/wp-json\/wp\/v2\/product_cat?post=2781"},{"taxonomy":"product_tag","embeddable":true,"href":"https:\/\/tonkincraft.vn\/vn\/wp-json\/wp\/v2\/product_tag?post=2781"}],"curies":[{"name":"wp","href":"https:\/\/api.w.org\/{rel}","templated":true}]}}