{"id":2771,"date":"2025-03-22T21:43:03","date_gmt":"2025-03-22T14:43:03","guid":{"rendered":"https:\/\/tonkincraft.vn\/vn\/?post_type=product&#038;p=2771"},"modified":"2025-10-10T21:46:43","modified_gmt":"2025-10-10T14:46:43","slug":"khuyen-tai-cham-chu-tho-dong-vang-che-tac-thu-cong","status":"publish","type":"product","link":"https:\/\/tonkincraft.vn\/vn\/product\/khuyen-tai-cham-chu-tho-dong-vang-che-tac-thu-cong\/","title":{"rendered":"Khuy\u00ean Tai \u0110\u1ed3ng Ch\u1ea1m Ch\u1eef Th\u1ecd"},"content":{"rendered":"<p data-start=\"0\" data-end=\"69\"><strong data-start=\"0\" data-end=\"67\">Khuy\u00ean Tai \u0110\u1ed3ng Ch\u1ea1m Ch\u1eef Th\u1ecd \u2013 B\u00ecnh an, c\u00e1t t\u01b0\u1eddng v\u00e0 tr\u01b0\u1eddng th\u1ecd<\/strong><\/p>\n<p data-start=\"71\" data-end=\"286\">L\u1ea5y c\u1ea3m h\u1ee9ng t\u1eeb <strong data-start=\"87\" data-end=\"100\">ch\u1eef \u201cTh\u1ecd\u201d<\/strong> trong th\u01b0 ph\u00e1p H\u00e1n c\u1ed5 \u2013 bi\u1ec3u t\u01b0\u1ee3ng c\u1ee7a <strong data-start=\"140\" data-end=\"177\">s\u1ee9c kh\u1ecfe, h\u1ea1nh ph\u00fac v\u00e0 tr\u01b0\u1eddng t\u1ed3n<\/strong>, \u0111\u00f4i <strong data-start=\"183\" data-end=\"215\">Khuy\u00ean Tai \u0110\u1ed3ng Ch\u1ea1m Ch\u1eef Th\u1ecd<\/strong> mang v\u1ebb \u0111\u1eb9p v\u1eeba c\u1ed5 \u0111i\u1ec3n, v\u1eeba sang tr\u1ecdng, th\u1ea5m \u0111\u01b0\u1ee3m tinh th\u1ea7n \u00c1 \u0110\u00f4ng.<\/p>\n<p data-start=\"288\" data-end=\"483\">\u0110\u01b0\u1ee3c <strong data-start=\"293\" data-end=\"348\">ch\u1ebf t\u00e1c th\u1ee7 c\u00f4ng ho\u00e0n to\u00e0n t\u1eeb \u0111\u1ed3ng v\u00e0ng nguy\u00ean ch\u1ea5t<\/strong>, t\u1eebng n\u00e9t ch\u1eef \u0111\u01b0\u1ee3c <strong data-start=\"368\" data-end=\"387\">ch\u1ea1m kh\u1eafc t\u1ec9 m\u1ec9<\/strong> tr\u00ean m\u1eb7t khuy\u00ean, n\u1ed5i b\u1eadt tr\u00ean n\u1ec1n \u0111\u1ed3ng m\u1edd t\u1ef1 nhi\u00ean \u2013 g\u1ee3i c\u1ea3m gi\u00e1c \u1ea5m \u00e1p, an h\u00f2a v\u00e0 trang nh\u00e3.<\/p>\n<p data-start=\"485\" data-end=\"770\">\ud83c\udf3f <strong data-start=\"488\" data-end=\"510\">C\u1ea3m h\u1ee9ng &amp; \u00fd ngh\u0129a<\/strong><br data-start=\"510\" data-end=\"513\" \/>\u201cTh\u1ecd\u201d kh\u00f4ng ch\u1ec9 l\u00e0 l\u1eddi ch\u00fac v\u1ec1 <strong data-start=\"544\" data-end=\"568\">tu\u1ed5i th\u1ecd v\u00e0 s\u1ee9c kh\u1ecfe<\/strong>, m\u00e0 c\u00f2n l\u00e0 bi\u1ec3u tr\u01b0ng cho <strong data-start=\"595\" data-end=\"640\">s\u1ef1 vi\u00ean m\u00e3n, b\u00ecnh an v\u00e0 h\u1ea1nh ph\u00fac b\u1ec1n l\u00e2u<\/strong>.<br data-start=\"641\" data-end=\"644\" \/>\u0110\u00f4i khuy\u00ean v\u00ec th\u1ebf tr\u1edf th\u00e0nh <strong data-start=\"672\" data-end=\"700\">m\u00f3n trang s\u1ee9c phong th\u1ee7y<\/strong> mang n\u0103ng l\u01b0\u1ee3ng t\u1ed1t l\u00e0nh, gi\u00fap c\u00e2n b\u1eb1ng t\u00e2m th\u1ebf v\u00e0 thu h\u00fat may m\u1eafn.<\/p>\n<p data-start=\"772\" data-end=\"801\">\ud83d\udc58 <strong data-start=\"775\" data-end=\"799\">Ph\u1ed1i c\u00f9ng trang ph\u1ee5c<\/strong><\/p>\n<ul data-start=\"802\" data-end=\"947\">\n<li data-start=\"802\" data-end=\"869\">\n<p data-start=\"804\" data-end=\"869\"><strong data-start=\"804\" data-end=\"840\">\u00c1o d\u00e0i, trang ph\u1ee5c truy\u1ec1n th\u1ed1ng:<\/strong> t\u00f4n v\u1ebb c\u1ed5 \u0111i\u1ec3n, thanh nh\u00e3.<\/p>\n<\/li>\n<li data-start=\"870\" data-end=\"947\">\n<p data-start=\"872\" data-end=\"947\"><strong data-start=\"872\" data-end=\"896\">Trang ph\u1ee5c hi\u1ec7n \u0111\u1ea1i:<\/strong> l\u00e0 \u0111i\u1ec3m nh\u1ea5n tinh t\u1ebf, g\u1ee3i n\u00e9t ho\u00e0i c\u1ed5 nh\u1eb9 nh\u00e0ng.<\/p>\n<\/li>\n<\/ul>\n<p data-start=\"949\" data-end=\"1153\">\u2692\ufe0f <strong data-start=\"952\" data-end=\"981\">Ch\u1ebf t\u00e1c th\u1ee7 c\u00f4ng tinh x\u1ea3o<\/strong><br data-start=\"981\" data-end=\"984\" \/>M\u1ed7i \u0111\u00f4i khuy\u00ean \u0111\u01b0\u1ee3c <strong data-start=\"1004\" data-end=\"1048\">g\u00f2, ch\u1ea1m v\u00e0 \u0111\u00e1nh b\u00f3ng ho\u00e0n to\u00e0n b\u1eb1ng tay<\/strong> b\u1edfi ngh\u1ec7 nh\u00e2n Tonkin Craft \u2013 kh\u00f4ng qua khu\u00f4n \u0111\u00fac, gi\u1eef nguy\u00ean s\u1eafc v\u00e0ng \u1ea5m v\u00e0 h\u1ed3n m\u1ed9c t\u1ef1 nhi\u00ean c\u1ee7a \u0111\u1ed3ng.<\/p>\n<p data-start=\"1155\" data-end=\"1380\">\ud83c\udf81 <strong data-start=\"1158\" data-end=\"1180\">\u00dd ngh\u0129a &amp; qu\u00e0 t\u1eb7ng<\/strong><br data-start=\"1180\" data-end=\"1183\" \/>\u0110\u00f4i <strong data-start=\"1187\" data-end=\"1219\">Khuy\u00ean Tai \u0110\u1ed3ng Ch\u1ea1m Ch\u1eef Th\u1ecd<\/strong> l\u00e0 <strong data-start=\"1223\" data-end=\"1262\">m\u00f3n qu\u00e0 mang l\u1eddi ch\u00fac ph\u00fac tr\u1ecdn v\u1eb9n<\/strong> \u2013 th\u00edch h\u1ee3p t\u1eb7ng cho <strong data-start=\"1284\" data-end=\"1318\">m\u1eb9, b\u00e0, c\u00f4, hay ng\u01b0\u1eddi th\u00e2n y\u00eau<\/strong>, bi\u1ec3u tr\u01b0ng cho <strong data-start=\"1335\" data-end=\"1377\">s\u1ee9c kh\u1ecfe, b\u00ecnh an v\u00e0 ph\u00fac th\u1ecd vi\u00ean m\u00e3n<\/strong>.<\/p>\n<p data-start=\"1382\" data-end=\"1557\" data-is-last-node=\"\" data-is-only-node=\"\">\u2728<br data-start=\"1383\" data-end=\"1386\" \/>M\u1ed9t thi\u1ebft k\u1ebf nh\u1ecf b\u00e9 nh\u01b0ng \u1ea9n ch\u1ee9a <strong data-start=\"1420\" data-end=\"1479\">tinh th\u1ea7n truy\u1ec1n th\u1ed1ng Vi\u1ec7t v\u00e0 gi\u00e1 tr\u1ecb nh\u00e2n v\u0103n s\u00e2u s\u1eafc<\/strong> \u2013 \u0111\u00f3 ch\u00ednh l\u00e0 v\u1ebb \u0111\u1eb9p m\u00e0 Tonkin Craft g\u1eedi g\u1eafm trong t\u1eebng \u0111\u01b0\u1eddng ch\u1ea1m ch\u1eef \u201cTh\u1ecd\u201d.<\/p>\n","protected":false},"excerpt":{"rendered":"<p data-start=\"73\" data-end=\"271\">L\u1ea5y c\u1ea3m h\u1ee9ng t\u1eeb <strong data-start=\"89\" data-end=\"102\">ch\u1eef \u201cTh\u1ecd\u201d<\/strong> \u2013 t\u01b0\u1ee3ng tr\u01b0ng cho <strong data-start=\"121\" data-end=\"158\">s\u1ee9c kh\u1ecfe, h\u1ea1nh ph\u00fac v\u00e0 tr\u01b0\u1eddng t\u1ed3n<\/strong>, \u0111\u00f4i khuy\u00ean \u0111\u01b0\u1ee3c <strong data-start=\"176\" data-end=\"218\">ch\u1ea1m th\u1ee7 c\u00f4ng t\u1eeb \u0111\u1ed3ng v\u00e0ng nguy\u00ean ch\u1ea5t<\/strong>, v\u1edbi n\u00e9t ch\u1eef uy\u1ec3n chuy\u1ec3n n\u1ed5i b\u1eadt tr\u00ean n\u1ec1n \u0111\u1ed3ng m\u1edd.<\/p>\n<p data-start=\"273\" data-end=\"489\" data-is-last-node=\"\" data-is-only-node=\"\">Mang v\u1ebb <strong data-start=\"281\" data-end=\"323\">c\u1ed5 \u0111i\u1ec3n, tinh t\u1ebf v\u00e0 phong th\u1ee7y may m\u1eafn<\/strong>, khuy\u00ean tai ph\u00f9 h\u1ee3p v\u1edbi <strong data-start=\"348\" data-end=\"397\">\u00e1o d\u00e0i, trang ph\u1ee5c truy\u1ec1n th\u1ed1ng ho\u1eb7c hi\u1ec7n \u0111\u1ea1i<\/strong>, l\u00e0 <strong data-start=\"402\" data-end=\"421\">m\u00f3n qu\u00e0 \u00fd ngh\u0129a<\/strong> g\u1eedi l\u1eddi ch\u00fac <strong data-start=\"435\" data-end=\"469\">ph\u00fac th\u1ecd, an khang v\u00e0 vi\u00ean m\u00e3n<\/strong> \u0111\u1ebfn ng\u01b0\u1eddi th\u00e2n y\u00eau.<\/p>\n<p>Th\u00f4ng tin chi ti\u1ebft SP:<\/p>\n<p>\u2013 Ch\u1ea5t li\u1ec7u: \u0110\u1ed3ng thau, \u0111\u1ed3ng \u0111\u1ecf nguy\u00ean ch\u1ea5t<\/p>\n<p>\u2013 Nh\u1eadn l\u00e0m theo m\u1eabu, k\u00edch th\u01b0\u1edbc y\u00eau c\u1ea7u<\/p>\n<p>Kh\u00e1c bi\u1ec7t v\u1edbi nh\u1eefng m\u1eabu v\u00f2ng hi\u1ec7n \u0111\u1ea1i, v\u00f2ng ki\u1ec1ng l\u00e1 t\u1ea1i Tonkin Craft ch\u00ednh l\u00e0 \u201c\u0111\u1eb7c s\u1ea3n\u201d, l\u00e0m t\u00f4n l\u00ean n\u00e9t \u0111\u1eb9p truy\u1ec1n th\u1ed1ng v\u1ed1n c\u00f3 c\u1ee7a t\u00e0 \u00e1o d\u00e0i, \u00e1o l\u1ee5a. V\u1edbi k\u1ebft c\u1ea5u l\u00e0 chi\u1ebfc ki\u1ec1ng m\u1edf v\u00e0 l\u00e1, l\u00e0m \u0111i\u1ec3m nh\u1ea5n cho trang ph\u1ee5c th\u00eam ph\u1ea7n kh\u00e1c bi\u1ec7t v\u00e0 n\u1ed5i b\u1eadt g\u01b0\u01a1ng m\u1eb7t.<\/p>\n","protected":false},"featured_media":2772,"comment_status":"open","ping_status":"closed","template":"","meta":[],"product_brand":[],"product_cat":[249],"product_tag":[251,252,250,237,219,216,220,221,218,217],"class_list":{"0":"post-2771","1":"product","2":"type-product","3":"status-publish","4":"has-post-thumbnail","6":"product_cat-khuye-tai","7":"product_tag-khuyen-tai-dong","8":"product_tag-khuyen-tai-la","9":"product_tag-khuyen-tai-sen","10":"product_tag-kieng-ao-lua","11":"product_tag-kieng-deo-co","12":"product_tag-kieng-dong","13":"product_tag-kieng-hoa-sen","14":"product_tag-phu-kien-dong","15":"product_tag-vong-co","16":"product_tag-vong-dong","18":"first","19":"instock","20":"shipping-taxable","21":"product-type-simple"},"aioseo_notices":[],"_links":{"self":[{"href":"https:\/\/tonkincraft.vn\/vn\/wp-json\/wp\/v2\/product\/2771","targetHints":{"allow":["GET"]}}],"collection":[{"href":"https:\/\/tonkincraft.vn\/vn\/wp-json\/wp\/v2\/product"}],"about":[{"href":"https:\/\/tonkincraft.vn\/vn\/wp-json\/wp\/v2\/types\/product"}],"replies":[{"embeddable":true,"href":"https:\/\/tonkincraft.vn\/vn\/wp-json\/wp\/v2\/comments?post=2771"}],"wp:featuredmedia":[{"embeddable":true,"href":"https:\/\/tonkincraft.vn\/vn\/wp-json\/wp\/v2\/media\/2772"}],"wp:attachment":[{"href":"https:\/\/tonkincraft.vn\/vn\/wp-json\/wp\/v2\/media?parent=2771"}],"wp:term":[{"taxonomy":"product_brand","embeddable":true,"href":"https:\/\/tonkincraft.vn\/vn\/wp-json\/wp\/v2\/product_brand?post=2771"},{"taxonomy":"product_cat","embeddable":true,"href":"https:\/\/tonkincraft.vn\/vn\/wp-json\/wp\/v2\/product_cat?post=2771"},{"taxonomy":"product_tag","embeddable":true,"href":"https:\/\/tonkincraft.vn\/vn\/wp-json\/wp\/v2\/product_tag?post=2771"}],"curies":[{"name":"wp","href":"https:\/\/api.w.org\/{rel}","templated":true}]}}