{"id":2750,"date":"2025-03-22T21:30:54","date_gmt":"2025-03-22T14:30:54","guid":{"rendered":"https:\/\/tonkincraft.vn\/vn\/?post_type=product&#038;p=2750"},"modified":"2025-10-10T21:59:18","modified_gmt":"2025-10-10T14:59:18","slug":"khuyen-tai-dong-cham-hinh-la-sen-vang","status":"publish","type":"product","link":"https:\/\/tonkincraft.vn\/vn\/product\/khuyen-tai-dong-cham-hinh-la-sen-vang\/","title":{"rendered":"Khuy\u00ean Tai \u0110\u1ed3ng Ch\u1ea1m L\u00e1 Sen"},"content":{"rendered":"<p data-start=\"0\" data-end=\"79\"><strong data-start=\"0\" data-end=\"77\">Khuy\u00ean Tai \u0110\u1ed3ng Ch\u1ea1m H\u00ecnh L\u00e1 Sen \u2013 Thu\u1ea7n khi\u1ebft, thanh t\u1ecbnh v\u00e0 \u0111\u1ea7y tinh t\u1ebf<\/strong><\/p>\n<p data-start=\"81\" data-end=\"261\">L\u1ea5y c\u1ea3m h\u1ee9ng t\u1eeb <strong data-start=\"97\" data-end=\"107\">l\u00e1 sen<\/strong> \u2013 bi\u1ec3u t\u01b0\u1ee3ng c\u1ee7a <strong data-start=\"125\" data-end=\"172\">s\u1ef1 tinh khi\u1ebft, thanh cao v\u00e0 s\u1ee9c s\u1ed1ng b\u1ec1n b\u1ec9<\/strong>, \u0111\u00f4i <strong data-start=\"178\" data-end=\"214\">Khuy\u00ean Tai \u0110\u1ed3ng Ch\u1ea1m H\u00ecnh L\u00e1 Sen<\/strong> mang v\u1ebb \u0111\u1eb9p nh\u1eb9 nh\u00e0ng, an nhi\u00ean m\u00e0 s\u00e2u l\u1eafng.<\/p>\n<p data-start=\"263\" data-end=\"572\">T\u1eebng \u0111\u01b0\u1eddng g\u00e2n l\u00e1 \u0111\u01b0\u1ee3c <strong data-start=\"286\" data-end=\"337\">g\u00f2 ch\u1ea1m th\u1ee7 c\u00f4ng tr\u00ean n\u1ec1n \u0111\u1ed3ng v\u00e0ng nguy\u00ean ch\u1ea5t<\/strong>, t\u1ea1o n\u00ean h\u00ecnh kh\u1ed1i m\u1ec1m m\u1ea1i v\u00e0 hi\u1ec7u \u1ee9ng \u00e1nh s\u00e1ng t\u1ef1 nhi\u00ean, nh\u01b0 l\u00e0n n\u01b0\u1edbc lay \u0111\u1ed9ng tr\u00ean m\u1eb7t h\u1ed3. \u00c1nh \u0111\u1ed3ng m\u1edd \u1ea5m \u00e1p k\u1ebft h\u1ee3p c\u00f9ng \u0111\u01b0\u1eddng n\u00e9t uy\u1ec3n chuy\u1ec3n khi\u1ebfn \u0111\u00f4i khuy\u00ean v\u1eeba mang <strong data-start=\"510\" data-end=\"537\">v\u1ebb c\u1ed5 \u0111i\u1ec3n truy\u1ec1n th\u1ed1ng<\/strong>, v\u1eeba <strong data-start=\"543\" data-end=\"569\">th\u1eddi trang v\u00e0 hi\u1ec7n \u0111\u1ea1i<\/strong>.<\/p>\n<p data-start=\"574\" data-end=\"851\">\ud83c\udf3f <strong data-start=\"577\" data-end=\"599\">C\u1ea3m h\u1ee9ng &amp; \u00fd ngh\u0129a<\/strong><br data-start=\"599\" data-end=\"602\" \/>Trong v\u0103n h\u00f3a \u00c1 \u0110\u00f4ng, <strong data-start=\"624\" data-end=\"634\">l\u00e1 sen<\/strong> t\u01b0\u1ee3ng tr\u01b0ng cho <strong data-start=\"651\" data-end=\"729\">t\u00e2m h\u1ed3n trong s\u1ea1ch, s\u1ef1 b\u00ecnh y\u00ean v\u00e0 ngh\u1ecb l\u1ef1c v\u01b0\u01a1n l\u00ean gi\u1eefa b\u00f9n l\u1ea7y cu\u1ed9c \u0111\u1eddi<\/strong>. \u0110\u00f4i khuy\u00ean v\u00ec th\u1ebf l\u00e0 <strong data-start=\"752\" data-end=\"808\">bi\u1ec3u t\u01b0\u1ee3ng c\u1ee7a v\u1ebb \u0111\u1eb9p n\u1ed9i t\u00e2m v\u00e0 n\u0103ng l\u01b0\u1ee3ng t\u01b0\u01a1i m\u1edbi<\/strong>, mang l\u1ea1i c\u1ea3m gi\u00e1c an h\u00f2a cho ng\u01b0\u1eddi \u0111eo.<\/p>\n<p data-start=\"853\" data-end=\"1009\">\ud83d\udc57 <strong data-start=\"856\" data-end=\"880\">Ph\u1ed1i c\u00f9ng trang ph\u1ee5c<\/strong><br data-start=\"880\" data-end=\"883\" \/>Ph\u00f9 h\u1ee3p v\u1edbi <strong data-start=\"895\" data-end=\"966\">\u00e1o d\u00e0i, v\u00e1y linen, trang ph\u1ee5c t\u1ed1i gi\u1ea3n hay phong c\u00e1ch boho t\u1ef1 nhi\u00ean<\/strong>, gi\u00fap t\u00f4n l\u00ean v\u1ebb thanh tho\u00e1t v\u00e0 n\u1eef t\u00ednh.<\/p>\n<p data-start=\"1011\" data-end=\"1287\">\u2692\ufe0f <strong data-start=\"1014\" data-end=\"1043\">Ch\u1ebf t\u00e1c th\u1ee7 c\u00f4ng tinh x\u1ea3o<\/strong><br data-start=\"1043\" data-end=\"1046\" \/>M\u1ed7i \u0111\u00f4i khuy\u00ean \u0111\u01b0\u1ee3c <strong data-start=\"1066\" data-end=\"1096\">ch\u1ebf t\u00e1c ho\u00e0n to\u00e0n th\u1ee7 c\u00f4ng<\/strong> b\u1edfi ngh\u1ec7 nh\u00e2n Tonkin Craft \u2013 qua nhi\u1ec1u c\u00f4ng \u0111o\u1ea1n t\u1ec9 m\u1ec9: g\u00f2, ch\u1ea1m, t\u1ea1o h\u00ecnh v\u00e0 \u0111\u00e1nh b\u00f3ng m\u1edd \u2013 kh\u00f4ng khu\u00f4n \u0111\u00fac, kh\u00f4ng c\u00f4ng nghi\u1ec7p, gi\u1eef tr\u1ecdn <strong data-start=\"1235\" data-end=\"1284\">v\u1ebb m\u1ed9c m\u1ea1c v\u00e0 tinh th\u1ea7n th\u1ee7 c\u00f4ng truy\u1ec1n th\u1ed1ng<\/strong>.<\/p>\n<p data-start=\"1289\" data-end=\"1514\">\ud83c\udf81 <strong data-start=\"1292\" data-end=\"1314\">\u00dd ngh\u0129a &amp; qu\u00e0 t\u1eb7ng<\/strong><br data-start=\"1314\" data-end=\"1317\" \/>\u0110\u00f4i <strong data-start=\"1321\" data-end=\"1352\">Khuy\u00ean Tai \u0110\u1ed3ng Ch\u1ea1m L\u00e1 Sen<\/strong> l\u00e0 <strong data-start=\"1356\" data-end=\"1388\">m\u00f3n qu\u00e0 thanh nh\u00e3 v\u00e0 s\u00e2u s\u1eafc<\/strong>, th\u00edch h\u1ee3p t\u1eb7ng <strong data-start=\"1405\" data-end=\"1446\">m\u1eb9, ch\u1ecb, b\u1ea1n b\u00e8 ho\u1eb7c ng\u01b0\u1eddi y\u00eau th\u01b0\u01a1ng<\/strong>, nh\u01b0 <strong data-start=\"1452\" data-end=\"1511\">l\u1eddi ch\u00fac b\u00ecnh an, t\u01b0\u01a1i s\u00e1ng v\u00e0 thanh t\u1ecbnh trong t\u00e2m h\u1ed3n<\/strong>.<\/p>\n<p data-start=\"1516\" data-end=\"1736\" data-is-last-node=\"\" data-is-only-node=\"\">\u2728<br data-start=\"1517\" data-end=\"1520\" \/>M\u1ed9t thi\u1ebft k\u1ebf mang \u0111\u1eadm <strong data-start=\"1542\" data-end=\"1558\">h\u01a1i th\u1edf Vi\u1ec7t<\/strong>, n\u01a1i <strong data-start=\"1564\" data-end=\"1617\">v\u1ebb \u0111\u1eb9p c\u1ee7a thi\u00ean nhi\u00ean v\u00e0 b\u00e0n tay ng\u01b0\u1eddi ngh\u1ec7 nh\u00e2n<\/strong> h\u00f2a quy\u1ec7n t\u1ea1o n\u00ean s\u1ef1 thu\u1ea7n khi\u1ebft v\u00e0 tinh t\u1ebf \u2013 \u0111\u00f3 ch\u00ednh l\u00e0 tinh th\u1ea7n m\u00e0 <strong data-start=\"1689\" data-end=\"1705\">Tonkin Craft<\/strong> g\u1eedi g\u1eafm trong t\u1eebng \u0111\u00f4i khuy\u00ean.<\/p>\n","protected":false},"excerpt":{"rendered":"<p data-start=\"61\" data-end=\"261\">L\u1ea5y c\u1ea3m h\u1ee9ng t\u1eeb <strong data-start=\"77\" data-end=\"87\">l\u00e1 sen<\/strong> \u2013 bi\u1ec3u t\u01b0\u1ee3ng c\u1ee7a <strong data-start=\"105\" data-end=\"148\">t\u00e2m h\u1ed3n trong s\u1ea1ch v\u00e0 ngh\u1ecb l\u1ef1c v\u01b0\u01a1n l\u00ean<\/strong>, \u0111\u00f4i khuy\u00ean \u0111\u01b0\u1ee3c <strong data-start=\"166\" data-end=\"208\">ch\u1ea1m th\u1ee7 c\u00f4ng t\u1eeb \u0111\u1ed3ng v\u00e0ng nguy\u00ean ch\u1ea5t<\/strong>, v\u1edbi \u0111\u01b0\u1eddng g\u00e2n l\u00e1 m\u1ec1m m\u1ea1i v\u00e0 \u00e1nh \u0111\u1ed3ng \u1ea5m t\u1ef1 nhi\u00ean.<\/p>\n<p data-start=\"263\" data-end=\"458\" data-is-last-node=\"\" data-is-only-node=\"\">Mang v\u1ebb <strong data-start=\"271\" data-end=\"306\">thanh tao, nh\u1eb9 nh\u00e0ng m\u00e0 tinh t\u1ebf<\/strong>, ph\u00f9 h\u1ee3p v\u1edbi <strong data-start=\"320\" data-end=\"365\">\u00e1o d\u00e0i, v\u00e1y linen hay trang ph\u1ee5c hi\u1ec7n \u0111\u1ea1i<\/strong>, l\u00e0 <strong data-start=\"370\" data-end=\"389\">m\u00f3n qu\u00e0 \u00fd ngh\u0129a<\/strong> g\u1eedi g\u1eafm l\u1eddi ch\u00fac <strong data-start=\"407\" data-end=\"457\">b\u00ecnh an, t\u01b0\u01a1i s\u00e1ng v\u00e0 thanh t\u1ecbnh trong t\u00e2m h\u1ed3n<\/strong>.<\/p>\n<p>Th\u00f4ng tin chi ti\u1ebft SP:<\/p>\n<p>\u2013 Ch\u1ea5t li\u1ec7u: \u0110\u1ed3ng thau, \u0111\u1ed3ng \u0111\u1ecf nguy\u00ean ch\u1ea5t<\/p>\n<p>\u2013 Nh\u1eadn l\u00e0m theo m\u1eabu, k\u00edch th\u01b0\u1edbc y\u00eau c\u1ea7u<\/p>\n<p>Kh\u00e1c bi\u1ec7t v\u1edbi nh\u1eefng m\u1eabu v\u00f2ng hi\u1ec7n \u0111\u1ea1i, v\u00f2ng ki\u1ec1ng l\u00e1 t\u1ea1i Tonkin Craft ch\u00ednh l\u00e0 \u201c\u0111\u1eb7c s\u1ea3n\u201d, l\u00e0m t\u00f4n l\u00ean n\u00e9t \u0111\u1eb9p truy\u1ec1n th\u1ed1ng v\u1ed1n c\u00f3 c\u1ee7a t\u00e0 \u00e1o d\u00e0i, \u00e1o l\u1ee5a. V\u1edbi k\u1ebft c\u1ea5u l\u00e0 chi\u1ebfc ki\u1ec1ng m\u1edf v\u00e0 l\u00e1, l\u00e0m \u0111i\u1ec3m nh\u1ea5n cho trang ph\u1ee5c th\u00eam ph\u1ea7n kh\u00e1c bi\u1ec7t v\u00e0 n\u1ed5i b\u1eadt g\u01b0\u01a1ng m\u1eb7t.<\/p>\n","protected":false},"featured_media":2752,"comment_status":"open","ping_status":"closed","template":"","meta":[],"product_brand":[],"product_cat":[255,249],"product_tag":[251,252,250,237,219,216,220,221,218,217],"class_list":{"0":"post-2750","1":"product","2":"type-product","3":"status-publish","4":"has-post-thumbnail","6":"product_cat-bts-sen","7":"product_cat-khuye-tai","8":"product_tag-khuyen-tai-dong","9":"product_tag-khuyen-tai-la","10":"product_tag-khuyen-tai-sen","11":"product_tag-kieng-ao-lua","12":"product_tag-kieng-deo-co","13":"product_tag-kieng-dong","14":"product_tag-kieng-hoa-sen","15":"product_tag-phu-kien-dong","16":"product_tag-vong-co","17":"product_tag-vong-dong","19":"first","20":"instock","21":"shipping-taxable","22":"product-type-simple"},"aioseo_notices":[],"_links":{"self":[{"href":"https:\/\/tonkincraft.vn\/vn\/wp-json\/wp\/v2\/product\/2750","targetHints":{"allow":["GET"]}}],"collection":[{"href":"https:\/\/tonkincraft.vn\/vn\/wp-json\/wp\/v2\/product"}],"about":[{"href":"https:\/\/tonkincraft.vn\/vn\/wp-json\/wp\/v2\/types\/product"}],"replies":[{"embeddable":true,"href":"https:\/\/tonkincraft.vn\/vn\/wp-json\/wp\/v2\/comments?post=2750"}],"wp:featuredmedia":[{"embeddable":true,"href":"https:\/\/tonkincraft.vn\/vn\/wp-json\/wp\/v2\/media\/2752"}],"wp:attachment":[{"href":"https:\/\/tonkincraft.vn\/vn\/wp-json\/wp\/v2\/media?parent=2750"}],"wp:term":[{"taxonomy":"product_brand","embeddable":true,"href":"https:\/\/tonkincraft.vn\/vn\/wp-json\/wp\/v2\/product_brand?post=2750"},{"taxonomy":"product_cat","embeddable":true,"href":"https:\/\/tonkincraft.vn\/vn\/wp-json\/wp\/v2\/product_cat?post=2750"},{"taxonomy":"product_tag","embeddable":true,"href":"https:\/\/tonkincraft.vn\/vn\/wp-json\/wp\/v2\/product_tag?post=2750"}],"curies":[{"name":"wp","href":"https:\/\/api.w.org\/{rel}","templated":true}]}}