{"id":2738,"date":"2025-02-22T02:07:31","date_gmt":"2025-02-21T19:07:31","guid":{"rendered":"https:\/\/tonkincraft.vn\/vn\/?post_type=product&#038;p=2738"},"modified":"2025-10-07T16:21:46","modified_gmt":"2025-10-07T09:21:46","slug":"vong-co-ginkgo-tron-ma-bac-kieng-la-bach-qua-thu-cong","status":"publish","type":"product","link":"https:\/\/tonkincraft.vn\/vn\/product\/vong-co-ginkgo-tron-ma-bac-kieng-la-bach-qua-thu-cong\/","title":{"rendered":"Ki\u1ec1ng M\u1ea1 B\u1ea1c L\u00e1 B\u1ea1ch Q\u1ee7a &#8211; Ki\u1ec1ng Tr\u00f2n Th\u1ee7 C\u00f4ng"},"content":{"rendered":"<p data-start=\"0\" data-end=\"62\"><strong data-start=\"0\" data-end=\"60\">Ki\u1ec1ng c\u1ed5 L\u00e1 B\u1ea1ch Qu\u1ea3 \u2013 C\u00e2n b\u1eb1ng, thanh khi\u1ebft v\u00e0 an nhi\u00ean<\/strong><\/p>\n<p data-start=\"64\" data-end=\"466\">L\u1ea5y c\u1ea3m h\u1ee9ng t\u1eeb <strong data-start=\"80\" data-end=\"95\">l\u00e1 B\u1ea1ch Qu\u1ea3<\/strong> \u2013 bi\u1ec3u t\u01b0\u1ee3ng c\u1ee7a <strong data-start=\"113\" data-end=\"159\">tr\u00ed tu\u1ec7, s\u1ef1 tr\u01b0\u1eddng th\u1ecd v\u00e0 c\u00e2n b\u1eb1ng n\u1ed9i t\u00e2m<\/strong>, <strong data-start=\"161\" data-end=\"185\">Ki\u1ec1ng c\u1ed5 L\u00e1 B\u1ea1ch Qu\u1ea3<\/strong> \u0111\u01b0\u1ee3c <strong data-start=\"191\" data-end=\"241\">ch\u1ebf t\u00e1c th\u1ee7 c\u00f4ng 100% t\u1eeb \u0111\u1ed3ng v\u00e0ng nguy\u00ean ch\u1ea5t<\/strong> b\u1edfi <strong data-start=\"246\" data-end=\"272\">ngh\u1ec7 nh\u00e2n Tonkin Craft<\/strong>.<br data-start=\"273\" data-end=\"276\" \/>T\u1eebng \u0111\u01b0\u1eddng g\u00f2 ch\u1ea1m t\u00e1i hi\u1ec7n s\u1ed1ng \u0111\u1ed9ng d\u00e1ng l\u00e1 m\u1ec1m m\u1ea1i, cu\u1ed1ng l\u00e1 r\u1ee7 nh\u1eb9, \u00e1nh \u0111\u1ed3ng m\u1edd c\u1ed5 \u0111i\u1ec3n t\u1ea1o n\u00ean m\u1ed9t v\u1ebb \u0111\u1eb9p <strong data-start=\"387\" data-end=\"410\">t\u1ed1i gi\u1ea3n m\u00e0 tinh t\u1ebf<\/strong>, v\u1eeba mang h\u01a1i th\u1edf di s\u1ea3n, v\u1eeba ph\u00f3ng kho\u00e1ng \u0111\u01b0\u01a1ng \u0111\u1ea1i.<\/p>\n<p data-start=\"468\" data-end=\"712\">M\u1ed7i chi\u1ebfc ki\u1ec1ng l\u01b0u l\u1ea1i d\u1ea5u b\u00faa v\u00e0 v\u00e2n \u0111\u1ed3ng t\u1ef1 nhi\u00ean \u2013 minh ch\u1ee9ng cho <strong data-start=\"538\" data-end=\"563\">t\u00ednh th\u1ee7 c\u00f4ng \u0111\u1ed9c b\u1ea3n<\/strong>, n\u01a1i kh\u00f4ng c\u00f3 hai s\u1ea3n ph\u1ea9m n\u00e0o ho\u00e0n to\u00e0n gi\u1ed1ng nhau. \u0110\u00f3 ch\u00ednh l\u00e0 <strong data-start=\"629\" data-end=\"668\">linh h\u1ed3n c\u1ee7a trang s\u1ee9c Tonkin Craft<\/strong> \u2013 m\u1ed9c m\u1ea1c, ch\u00e2n th\u1eadt v\u00e0 \u0111\u1eadm b\u1ea3n s\u1eafc Vi\u1ec7t.<\/p>\n<p data-start=\"714\" data-end=\"730\">\ud83d\udee0 <strong data-start=\"717\" data-end=\"728\">Ch\u1ebf t\u00e1c<\/strong><\/p>\n<ul data-start=\"731\" data-end=\"902\">\n<li data-start=\"731\" data-end=\"775\">\n<p data-start=\"733\" data-end=\"775\">Th\u1ee7 c\u00f4ng 100% b\u1edfi ngh\u1ec7 nh\u00e2n Tonkin Craft<\/p>\n<\/li>\n<li data-start=\"776\" data-end=\"829\">\n<p data-start=\"778\" data-end=\"829\">G\u00f2 ch\u1ea1m v\u00e0 t\u1ea1o h\u00ecnh l\u00e1 B\u1ea1ch Qu\u1ea3 u\u1ed1n cong t\u1ef1 nhi\u00ean<\/p>\n<\/li>\n<li data-start=\"830\" data-end=\"902\">\n<p data-start=\"832\" data-end=\"902\">\u00c1nh \u0111\u1ed3ng v\u00e0ng c\u1ed5 \u0111i\u1ec3n, c\u00e0ng d\u00f9ng c\u00e0ng l\u00ean m\u00e0u tr\u1ea7m \u1ea5m theo th\u1eddi gian<\/p>\n<\/li>\n<\/ul>\n<p data-start=\"904\" data-end=\"1222\">\ud83c\udf38 <strong data-start=\"907\" data-end=\"927\">Khi n\u00e0o n\u00ean \u0111eo?<\/strong><br data-start=\"927\" data-end=\"930\" \/>Ki\u1ec1ng L\u00e1 B\u1ea1ch Qu\u1ea3 ph\u00f9 h\u1ee3p trong <strong data-start=\"962\" data-end=\"1013\">l\u1ec5 T\u1ebft, bu\u1ed5i ti\u1ec7c v\u0103n h\u00f3a, tri\u1ec3n l\u00e3m ngh\u1ec7 thu\u1eadt<\/strong>, hay c\u1ea3 <strong data-start=\"1022\" data-end=\"1043\">nh\u1eefng ng\u00e0y th\u01b0\u1eddng<\/strong> mu\u1ed1n gi\u1eef cho m\u00ecnh m\u1ed9t chi ti\u1ebft b\u00ecnh y\u00ean, tinh t\u1ebf.<br data-start=\"1093\" data-end=\"1096\" \/>Tr\u00ean n\u1ec1n <strong data-start=\"1105\" data-end=\"1119\">\u00e1o d\u00e0i l\u1ee5a<\/strong>, ki\u1ec1ng g\u1ee3i n\u00e9t trang nh\u00e3 c\u1ed5 \u0111i\u1ec3n; v\u1edbi <strong data-start=\"1158\" data-end=\"1174\">\u0111\u1ea7m t\u1ed1i gi\u1ea3n<\/strong>, n\u00f3 tr\u1edf th\u00e0nh \u0111i\u1ec3m nh\u1ea5n thanh l\u1ecbch \u0111\u1ea7y \u00fd nh\u1ecb.<\/p>\n<p data-start=\"1224\" data-end=\"1258\">\ud83c\udf3f <strong data-start=\"1227\" data-end=\"1256\">C\u00e1ch ph\u1ed1i c\u00f9ng trang ph\u1ee5c<\/strong><\/p>\n<ul data-start=\"1259\" data-end=\"1549\">\n<li data-start=\"1259\" data-end=\"1339\">\n<p data-start=\"1261\" data-end=\"1339\"><strong data-start=\"1261\" data-end=\"1293\">\u00c1o d\u00e0i ho\u1eb7c \u00e1o y\u1ebfm c\u00e1ch t\u00e2n:<\/strong> Ki\u1ec1ng \u00f4m nh\u1eb9, t\u00f4n v\u1ebb c\u1ed5 \u0111i\u1ec3n v\u00e0 duy\u00ean d\u00e1ng.<\/p>\n<\/li>\n<li data-start=\"1340\" data-end=\"1443\">\n<p data-start=\"1342\" data-end=\"1443\"><strong data-start=\"1342\" data-end=\"1367\">\u0110\u1ea7m satin, v\u00e1y linen:<\/strong> \u00c1nh \u0111\u1ed3ng m\u1edd h\u00f2a c\u00f9ng ch\u1ea5t li\u1ec7u t\u1ef1 nhi\u00ean, t\u1ea1o c\u1ea3m gi\u00e1c m\u1ec1m m\u1ea1i v\u00e0 tinh t\u1ebf.<\/p>\n<\/li>\n<li data-start=\"1444\" data-end=\"1549\">\n<p data-start=\"1446\" data-end=\"1549\"><strong data-start=\"1446\" data-end=\"1470\">Trang ph\u1ee5c t\u1ed1i gi\u1ea3n:<\/strong> Chi\u1ebfc l\u00e1 \u00e1nh v\u00e0ng tr\u1edf th\u00e0nh chi ti\u1ebft ngh\u1ec7 thu\u1eadt nh\u1ecf, c\u00e2n b\u1eb1ng v\u00e0 sang tr\u1ecdng.<\/p>\n<\/li>\n<\/ul>\n<p data-start=\"1551\" data-end=\"1579\">\ud83d\udc9b <strong data-start=\"1554\" data-end=\"1577\">Ch\u0103m s\u00f3c &amp; b\u1ea3o qu\u1ea3n<\/strong><\/p>\n<ul data-start=\"1580\" data-end=\"1821\">\n<li data-start=\"1580\" data-end=\"1618\">\n<p data-start=\"1582\" data-end=\"1618\">Lau kh\u00f4 b\u1eb1ng kh\u0103n m\u1ec1m sau khi \u0111eo.<\/p>\n<\/li>\n<li data-start=\"1619\" data-end=\"1682\">\n<p data-start=\"1621\" data-end=\"1682\">Tr\u00e1nh ti\u1ebfp x\u00fac tr\u1ef1c ti\u1ebfp v\u1edbi n\u01b0\u1edbc hoa, chlorine, n\u01b0\u1edbc bi\u1ec3n.<\/p>\n<\/li>\n<li data-start=\"1683\" data-end=\"1753\">\n<p data-start=\"1685\" data-end=\"1753\">B\u1ea3o qu\u1ea3n n\u01a1i kh\u00f4 tho\u00e1ng, trong t\u00fai v\u1ea3i ho\u1eb7c h\u1ed9p g\u1ed7 k\u00e8m g\u00f3i h\u00fat \u1ea9m.<\/p>\n<\/li>\n<li data-start=\"1754\" data-end=\"1821\">\n<p data-start=\"1756\" data-end=\"1821\">Khi h\u01a1i x\u1ec9n, c\u00f3 th\u1ec3 \u0111\u00e1nh b\u00f3ng nh\u1eb9 \u0111\u1ec3 \u00e1nh \u0111\u1ed3ng tr\u1edf l\u1ea1i t\u1ef1 nhi\u00ean.<\/p>\n<\/li>\n<\/ul>\n<p data-start=\"1823\" data-end=\"2046\" data-is-last-node=\"\" data-is-only-node=\"\"><strong data-start=\"1823\" data-end=\"1847\">Ki\u1ec1ng c\u1ed5 L\u00e1 B\u1ea1ch Qu\u1ea3<\/strong> kh\u00f4ng ch\u1ec9 l\u00e0 m\u00f3n trang s\u1ee9c, m\u00e0 c\u00f2n l\u00e0 <strong data-start=\"1886\" data-end=\"1928\">bi\u1ec3u t\u01b0\u1ee3ng c\u1ee7a s\u1ef1 an nhi\u00ean v\u00e0 c\u00e2n b\u1eb1ng<\/strong>, n\u01a1i b\u00e0n tay ngh\u1ec7 nh\u00e2n Tonkin Craft g\u1eedi g\u1eafm <strong data-start=\"1973\" data-end=\"1990\">h\u1ed3n \u0111\u1ed3ng Vi\u1ec7t<\/strong> v\u00e0 c\u00e2u chuy\u1ec7n v\u1ec1 <strong data-start=\"2008\" data-end=\"2046\" data-is-last-node=\"\">v\u1ebb \u0111\u1eb9p thanh khi\u1ebft v\u01b0\u1ee3t th\u1eddi gian.<\/strong><\/p>\n","protected":false},"excerpt":{"rendered":"<p>Ki\u1ec1ng \u0111\u1ed3ng L\u00e1 B\u1ea1ch Qu\u1ea3 \u0111\u01b0\u1ee3c <strong data-start=\"69\" data-end=\"119\">ch\u1ebf t\u00e1c th\u1ee7 c\u00f4ng 100% t\u1eeb \u0111\u1ed3ng v\u00e0ng nguy\u00ean ch\u1ea5t<\/strong> b\u1edfi <strong data-start=\"124\" data-end=\"150\">ngh\u1ec7 nh\u00e2n Tonkin Craft<\/strong>, l\u1ea5y c\u1ea3m h\u1ee9ng t\u1eeb lo\u00e0i c\u00e2y bi\u1ec3u tr\u01b0ng cho <strong data-start=\"192\" data-end=\"238\">s\u1ef1 tr\u01b0\u1eddng th\u1ecd, tr\u00ed tu\u1ec7 v\u00e0 c\u00e2n b\u1eb1ng n\u1ed9i t\u00e2m<\/strong>.<br data-start=\"239\" data-end=\"242\" \/>\u0110\u01b0\u1eddng g\u00f2 ch\u1ea1m m\u1ec1m m\u1ea1i, \u00e1nh \u0111\u1ed3ng m\u1edd c\u1ed5 \u0111i\u1ec3n t\u1ea1o n\u00ean <strong data-start=\"293\" data-end=\"323\">v\u1ebb \u0111\u1eb9p tinh t\u1ebf v\u00e0 an nhi\u00ean<\/strong>, d\u1ec5 d\u00e0ng k\u1ebft h\u1ee3p c\u00f9ng \u00e1o d\u00e0i, \u0111\u1ea7m ho\u1eb7c trang ph\u1ee5c t\u1ed1i gi\u1ea3n \u2013 v\u1eeba sang tr\u1ecdng, v\u1eeba \u0111\u1eadm d\u1ea5u \u1ea5n v\u0103n h\u00f3a Vi\u1ec7t.<\/p>\n<p>Th\u00f4ng tin chi ti\u1ebft SP:<\/p>\n<p>\u2013 Ch\u1ea5t li\u1ec7u: \u0110\u1ed3ng thau nguy\u00ean ch\u1ea5t\/ M\u1ea1 B\u1ea1c<\/p>\n<p>\u2013 Nh\u1eadn l\u00e0m theo m\u1eabu, k\u00edch th\u01b0\u1edbc y\u00eau c\u1ea7u<\/p>\n<p>Kh\u00e1c bi\u1ec7t v\u1edbi nh\u1eefng m\u1eabu v\u00f2ng hi\u1ec7n \u0111\u1ea1i, v\u00f2ng ki\u1ec1ng l\u00e1 t\u1ea1i Tonkin Craft ch\u00ednh l\u00e0 \u201c\u0111\u1eb7c s\u1ea3n\u201d, l\u00e0m t\u00f4n l\u00ean n\u00e9t \u0111\u1eb9p truy\u1ec1n th\u1ed1ng v\u1ed1n c\u00f3 c\u1ee7a t\u00e0 \u00e1o d\u00e0i, \u00e1o l\u1ee5a. V\u1edbi k\u1ebft c\u1ea5u l\u00e0 chi\u1ebfc ki\u1ec1ng m\u1edf v\u00e0 l\u00e1, l\u00e0m \u0111i\u1ec3m nh\u1ea5n cho trang ph\u1ee5c th\u00eam ph\u1ea7n kh\u00e1c bi\u1ec7t v\u00e0 n\u1ed5i b\u1eadt g\u01b0\u01a1ng m\u1eb7t.<\/p>\n","protected":false},"featured_media":2707,"comment_status":"open","ping_status":"closed","template":"","meta":[],"product_brand":[],"product_cat":[280,204],"product_tag":[212,222,237,239,219,216,220,236,240,221,218,241,217,238],"class_list":{"0":"post-2738","1":"product","2":"type-product","3":"status-publish","4":"has-post-thumbnail","6":"product_cat-bst-la-bach-qua","7":"product_cat-kieng-vong-co","8":"product_tag-brass-hair-pin","9":"product_tag-kieng-ao-dai","10":"product_tag-kieng-ao-lua","11":"product_tag-kieng-bac","12":"product_tag-kieng-deo-co","13":"product_tag-kieng-dong","14":"product_tag-kieng-hoa-sen","15":"product_tag-kieng-la","16":"product_tag-kieng-tron","17":"product_tag-phu-kien-dong","18":"product_tag-vong-co","19":"product_tag-vong-co-tron","20":"product_tag-vong-dong","21":"product_tag-vong-ginkgo","23":"first","24":"instock","25":"shipping-taxable","26":"product-type-simple"},"aioseo_notices":[],"_links":{"self":[{"href":"https:\/\/tonkincraft.vn\/vn\/wp-json\/wp\/v2\/product\/2738","targetHints":{"allow":["GET"]}}],"collection":[{"href":"https:\/\/tonkincraft.vn\/vn\/wp-json\/wp\/v2\/product"}],"about":[{"href":"https:\/\/tonkincraft.vn\/vn\/wp-json\/wp\/v2\/types\/product"}],"replies":[{"embeddable":true,"href":"https:\/\/tonkincraft.vn\/vn\/wp-json\/wp\/v2\/comments?post=2738"}],"wp:featuredmedia":[{"embeddable":true,"href":"https:\/\/tonkincraft.vn\/vn\/wp-json\/wp\/v2\/media\/2707"}],"wp:attachment":[{"href":"https:\/\/tonkincraft.vn\/vn\/wp-json\/wp\/v2\/media?parent=2738"}],"wp:term":[{"taxonomy":"product_brand","embeddable":true,"href":"https:\/\/tonkincraft.vn\/vn\/wp-json\/wp\/v2\/product_brand?post=2738"},{"taxonomy":"product_cat","embeddable":true,"href":"https:\/\/tonkincraft.vn\/vn\/wp-json\/wp\/v2\/product_cat?post=2738"},{"taxonomy":"product_tag","embeddable":true,"href":"https:\/\/tonkincraft.vn\/vn\/wp-json\/wp\/v2\/product_tag?post=2738"}],"curies":[{"name":"wp","href":"https:\/\/api.w.org\/{rel}","templated":true}]}}