{"id":2659,"date":"2025-02-22T01:32:25","date_gmt":"2025-02-21T18:32:25","guid":{"rendered":"https:\/\/tonkincraft.vn\/vn\/?post_type=product&#038;p=2659"},"modified":"2025-10-09T22:19:47","modified_gmt":"2025-10-09T15:19:47","slug":"vong-tay-cham-hoa-tiet-tu-do-ban-to-vong-tay-dong","status":"publish","type":"product","link":"https:\/\/tonkincraft.vn\/vn\/product\/vong-tay-cham-hoa-tiet-tu-do-ban-to-vong-tay-dong\/","title":{"rendered":"V\u00f2ng Tay \u0110\u1ed3ng Ch\u1ea1m V\u1ebft B\u00faa B\u1ea3n To"},"content":{"rendered":"<p data-start=\"0\" data-end=\"87\"><strong data-start=\"0\" data-end=\"85\">V\u00f2ng Tay \u0110\u1ed3ng Ch\u1ea1m V\u1ebft B\u00faa \u2013 D\u1ea5u \u1ea5n c\u1ee7a b\u00e0n tay th\u1ee7 c\u00f4ng, m\u1ed9c m\u1ea1c m\u00e0 \u0111\u1ea7y kh\u00ed ch\u1ea5t<\/strong><\/p>\n<p data-start=\"89\" data-end=\"404\">Kh\u00f4ng b\u00f3ng b\u1ea9y, kh\u00f4ng trau chu\u1ed1t qu\u00e1 m\u1ee9c \u2013 chi\u1ebfc <strong data-start=\"138\" data-end=\"168\">V\u00f2ng Tay \u0110\u1ed3ng Ch\u1ea1m V\u1ebft B\u00faa<\/strong> mang trong m\u00ecnh v\u1ebb \u0111\u1eb9p nguy\u00ean s\u01a1 c\u1ee7a kim lo\u1ea1i \u0111\u01b0\u1ee3c r\u00e8n gi\u0169a b\u1eb1ng tay. M\u1ed7i v\u1ebft b\u00faa in tr\u00ean b\u1ec1 m\u1eb7t l\u00e0 <strong data-start=\"269\" data-end=\"307\">d\u1ea5u v\u1ebft th\u1eadt c\u1ee7a qu\u00e1 tr\u00ecnh ch\u1ebf t\u00e1c<\/strong>, n\u01a1i ng\u01b0\u1eddi th\u1ee3 d\u00f9ng nh\u1ecbp \u0111\u1eadp \u0111\u1ec1u \u0111\u1eb7n \u0111\u1ec3 t\u1ea1o n\u00ean \u0111\u1ed9 cong, \u0111\u1ed9 d\u00e0y v\u00e0 h\u1ecda ti\u1ebft t\u1ef1 nhi\u00ean cho v\u00f2ng.<\/p>\n<p data-start=\"406\" data-end=\"624\">Ch\u1ebf t\u00e1c t\u1eeb <strong data-start=\"417\" data-end=\"442\">\u0111\u1ed3ng v\u00e0ng nguy\u00ean ch\u1ea5t<\/strong>, chi\u1ebfc v\u00f2ng gi\u1eef l\u1ea1i <strong data-start=\"463\" data-end=\"484\">s\u1eafc \u00e1nh kim \u1ea5m \u00e1p<\/strong> h\u00f2a c\u00f9ng nh\u1eefng m\u1ea3ng s\u00e1ng \u2013 t\u1ed1i do b\u00faa t\u1ea1o n\u00ean, khi\u1ebfn m\u1ed7i chi\u1ebfc v\u00f2ng tr\u1edf th\u00e0nh <strong data-start=\"563\" data-end=\"621\">m\u1ed9t phi\u00ean b\u1ea3n \u0111\u1ed9c b\u1ea3n, kh\u00f4ng chi\u1ebfc n\u00e0o gi\u1ed1ng chi\u1ebfc n\u00e0o<\/strong>.<\/p>\n<p data-start=\"1443\" data-end=\"1470\">\ud83d\udc57 <strong data-start=\"1446\" data-end=\"1470\">Ph\u1ed1i c\u00f9ng trang ph\u1ee5c<\/strong><\/p>\n<ul data-start=\"1472\" data-end=\"1819\">\n<li data-start=\"1472\" data-end=\"1592\">\n<p data-start=\"1474\" data-end=\"1592\"><strong data-start=\"1474\" data-end=\"1501\">Trang ph\u1ee5c th\u01b0\u1eddng ng\u00e0y:<\/strong> K\u1ebft h\u1ee3p c\u00f9ng \u00e1o linen, v\u00e1y cotton hay s\u01a1 mi tr\u1eafng \u2013 t\u1ea1o \u0111i\u1ec3m nh\u1ea5n nh\u1eb9 nh\u00e0ng, thanh l\u1ecbch.<\/p>\n<\/li>\n<li data-start=\"1593\" data-end=\"1702\">\n<p data-start=\"1595\" data-end=\"1702\"><strong data-start=\"1595\" data-end=\"1623\">Trang ph\u1ee5c truy\u1ec1n th\u1ed1ng:<\/strong> Khi ph\u1ed1i c\u00f9ng \u00e1o d\u00e0i hay \u00e1o t\u1ee9 th\u00e2n, v\u00f2ng \u0111\u1ed3ng g\u1ee3i n\u00e9t ho\u00e0i c\u1ed5 v\u00e0 trang nh\u00e3.<\/p>\n<\/li>\n<li data-start=\"1703\" data-end=\"1819\">\n<p data-start=\"1705\" data-end=\"1819\"><strong data-start=\"1705\" data-end=\"1729\">Phong c\u00e1ch hi\u1ec7n \u0111\u1ea1i:<\/strong> \u0110eo \u0111\u01a1n ho\u1eb7c layer v\u1edbi c\u00e1c v\u00f2ng m\u1ea3nh kh\u00e1c, t\u1ea1o phong c\u00e1ch t\u1ef1 nhi\u00ean, ngh\u1ec7 s\u0129 m\u00e0 tinh t\u1ebf.<\/p>\n<\/li>\n<\/ul>\n<p data-start=\"1821\" data-end=\"1853\">\u2692\ufe0f <strong data-start=\"1824\" data-end=\"1853\">Ch\u1ebf t\u00e1c th\u1ee7 c\u00f4ng tinh x\u1ea3o<\/strong><\/p>\n<p data-start=\"1855\" data-end=\"2192\">M\u1ed7i chi\u1ebfc v\u00f2ng \u0111\u01b0\u1ee3c <strong data-start=\"1875\" data-end=\"1919\">g\u00f2, ch\u1ea1m v\u00e0 \u0111\u00e1nh b\u00f3ng ho\u00e0n to\u00e0n b\u1eb1ng tay<\/strong> b\u1edfi ngh\u1ec7 nh\u00e2n Tonkin Craft, qua nhi\u1ec1u c\u00f4ng \u0111o\u1ea1n t\u1ec9 m\u1ec9: ch\u1ecdn \u0111\u1ed3ng, t\u1ea1o d\u00e1ng, ch\u1ea1m h\u00ecnh l\u00e1 v\u00e0 ho\u00e0n thi\u1ec7n b\u1eb1ng k\u1ef9 thu\u1eadt m\u00e0i s\u00e1ng t\u1ef1 nhi\u00ean.<br data-start=\"2055\" data-end=\"2058\" \/>Kh\u00f4ng s\u1eed d\u1ee5ng khu\u00f4n \u0111\u00fac hay \u00e9p m\u00e1y \u2013 m\u1ed7i s\u1ea3n ph\u1ea9m l\u00e0 <strong data-start=\"2111\" data-end=\"2131\">m\u1ed9t b\u1ea3n \u0111\u1ed9c nh\u1ea5t<\/strong>, mang h\u01a1i th\u1edf c\u1ee7a ng\u01b0\u1eddi th\u1ee3 v\u00e0 linh h\u1ed3n c\u1ee7a kim lo\u1ea1i s\u1ed1ng.<\/p>\n<p data-start=\"2194\" data-end=\"2220\">\ud83c\udf81 <strong data-start=\"2197\" data-end=\"2220\">\u1ee8ng d\u1ee5ng &amp; qu\u00e0 t\u1eb7ng<\/strong><\/p>\n<p data-start=\"2222\" data-end=\"2498\">L\u00e0 m\u00f3n qu\u00e0 tinh t\u1ebf d\u00e0nh cho <strong data-start=\"2250\" data-end=\"2311\">ng\u01b0\u1eddi ph\u1ee5 n\u1eef y\u00eau thi\u00ean nhi\u00ean, y\u00eau s\u1ef1 thanh tao v\u00e0 gi\u1ea3n d\u1ecb<\/strong>, ho\u1eb7c d\u00e0nh t\u1eb7ng cho m\u1eb9, c\u00f4, b\u1ea1n nh\u01b0 <strong data-start=\"2348\" data-end=\"2398\">l\u1eddi ch\u00fac b\u00ecnh an, may m\u1eafn v\u00e0 s\u1ee9c kh\u1ecfe b\u1ec1n l\u00e2u.<\/strong><br data-start=\"2398\" data-end=\"2401\" \/>Chi\u1ebfc v\u00f2ng c\u0169ng l\u00e0 l\u1ef1a ch\u1ecdn \u00fd ngh\u0129a cho nh\u1eefng d\u1ecbp \u0111\u1eb7c bi\u1ec7t: sinh nh\u1eadt, k\u1ef7 ni\u1ec7m, 20\/10 hay l\u1ec5 T\u1ebft.<\/p>\n<p data-start=\"2500\" data-end=\"2543\">\u2728 <strong data-start=\"2502\" data-end=\"2543\">S\u1ef1 kh\u00e1c bi\u1ec7t c\u1ee7a \u0111\u1ed3 \u0111\u1ed3ng Tonkin Craft<\/strong><\/p>\n<ul data-start=\"2545\" data-end=\"2787\">\n<li data-start=\"2545\" data-end=\"2605\">\n<p data-start=\"2547\" data-end=\"2605\">Th\u1ee7 c\u00f4ng ho\u00e0n to\u00e0n \u2013 kh\u00f4ng khu\u00f4n \u0111\u00fac, kh\u00f4ng c\u00f4ng nghi\u1ec7p.<\/p>\n<\/li>\n<li data-start=\"2606\" data-end=\"2680\">\n<p data-start=\"2608\" data-end=\"2680\">M\u1ed7i s\u1ea3n ph\u1ea9m l\u00e0 m\u1ed9t <strong data-start=\"2628\" data-end=\"2648\">t\u00e1c ph\u1ea9m \u0111\u1ed9c b\u1ea3n<\/strong>, mang d\u1ea5u \u1ea5n ng\u01b0\u1eddi ngh\u1ec7 nh\u00e2n.<\/p>\n<\/li>\n<li data-start=\"2681\" data-end=\"2787\">\n<p data-start=\"2683\" data-end=\"2787\">K\u1ebft h\u1ee3p h\u00e0i h\u00f2a gi\u1eefa <strong data-start=\"2704\" data-end=\"2753\">th\u1ea9m m\u1ef9 \u00c1 \u0110\u00f4ng v\u00e0 tinh th\u1ea7n t\u1ed1i gi\u1ea3n hi\u1ec7n \u0111\u1ea1i<\/strong>, mang gi\u00e1 tr\u1ecb v\u0103n h\u00f3a b\u1ec1n v\u1eefng.<\/p>\n<\/li>\n<\/ul>\n<p data-start=\"2789\" data-end=\"2815\">\ud83d\udd38 <strong data-start=\"2792\" data-end=\"2815\">Ch\u1ea5t l\u01b0\u1ee3ng &amp; \u0111\u1ed9 b\u1ec1n<\/strong><\/p>\n<p data-start=\"2817\" data-end=\"2953\">\u0110\u1ed3ng Tonkin Craft c\u00e0ng d\u00f9ng c\u00e0ng \u0111\u1eb9p \u2013 b\u1ec1 m\u1eb7t \u0111\u1ed3ng d\u1ea7n ng\u1ea3 sang s\u1eafc tr\u1ea7m \u1ea5m, c\u1ed5 \u0111i\u1ec3n, t\u1ea1o n\u00ean chi\u1ec1u s\u00e2u v\u00e0 c\u00e1 t\u00ednh ri\u00eang theo th\u1eddi gian.<\/p>\n<p data-start=\"2955\" data-end=\"2981\">\ud83d\udca7 <strong data-start=\"2958\" data-end=\"2981\">Ch\u0103m s\u00f3c &amp; b\u1ea3o qu\u1ea3n<\/strong><\/p>\n<ul data-start=\"2983\" data-end=\"3176\">\n<li data-start=\"2983\" data-end=\"3056\">\n<p data-start=\"2985\" data-end=\"3056\">Khi v\u00f2ng x\u1ec9n m\u00e0u, c\u00f3 th\u1ec3 \u0111\u00e1nh s\u00e1ng b\u1eb1ng chanh, gi\u1ea5m ho\u1eb7c baking soda.<\/p>\n<\/li>\n<li data-start=\"3057\" data-end=\"3116\">\n<p data-start=\"3059\" data-end=\"3116\">Tr\u00e1nh ti\u1ebfp x\u00fac v\u1edbi n\u01b0\u1edbc hoa, m\u1ef9 ph\u1ea9m, h\u00f3a ch\u1ea5t t\u1ea9y r\u1eeda.<\/p>\n<\/li>\n<li data-start=\"3117\" data-end=\"3176\">\n<p data-start=\"3119\" data-end=\"3176\">B\u1ea3o qu\u1ea3n trong h\u1ed9p g\u1ed7 ho\u1eb7c t\u00fai v\u1ea3i kh\u00f4, k\u00e8m g\u00f3i h\u00fat \u1ea9m.<\/p>\n<\/li>\n<\/ul>\n","protected":false},"excerpt":{"rendered":"<p data-start=\"78\" data-end=\"273\">L\u1ea5y c\u1ea3m h\u1ee9ng t\u1eeb <strong data-start=\"94\" data-end=\"120\">nh\u1eefng v\u1ebft b\u00faa th\u1ee7 c\u00f4ng<\/strong> \u2013 d\u1ea5u \u1ea5n nguy\u00ean s\u01a1 c\u1ee7a qu\u00e1 tr\u00ecnh r\u00e8n g\u00f2 \u0111\u1ed3ng truy\u1ec1n th\u1ed1ng, chi\u1ebfc <strong data-start=\"186\" data-end=\"216\">V\u00f2ng Tay \u0110\u1ed3ng Ch\u1ea1m V\u1ebft B\u00faa<\/strong> t\u00f4n vinh v\u1ebb \u0111\u1eb9p <strong data-start=\"233\" data-end=\"270\">ch\u00e2n th\u1ef1c, m\u1ed9c m\u1ea1c v\u00e0 \u0111\u1ea7y c\u00e1 t\u00ednh<\/strong>.<\/p>\n<p data-start=\"275\" data-end=\"505\">M\u1ed7i v\u1ebft b\u00faa \u0111\u01b0\u1ee3c t\u1ea1o ra ho\u00e0n to\u00e0n b\u1eb1ng tay tr\u00ean <strong data-start=\"323\" data-end=\"348\">\u0111\u1ed3ng v\u00e0ng nguy\u00ean ch\u1ea5t<\/strong>, kh\u00f4ng tr\u00f9ng l\u1eb7p, kh\u00f4ng khu\u00f4n \u0111\u00fac \u2013 nh\u01b0 nh\u1eefng nh\u1ecbp th\u1eddi gian in h\u1eb1n tr\u00ean kim lo\u1ea1i, mang theo <strong data-start=\"442\" data-end=\"502\">n\u0103ng l\u01b0\u1ee3ng c\u1ee7a ng\u01b0\u1eddi th\u1ee3 v\u00e0 tinh th\u1ea7n th\u1ee7 c\u00f4ng c\u1ed5 truy\u1ec1n<\/strong>.<\/p>\n<p>Th\u00f4ng tin chi ti\u1ebft SP:<\/p>\n<p>\u2013 Ch\u1ea5t li\u1ec7u: \u0110\u1ed3ng thau, \u0111\u1ed3ng \u0111\u1ecf nguy\u00ean ch\u1ea5t<\/p>\n<p>-K\u00edch th\u01b0\u1edbc: \u0110\u01b0\u1eddng k\u00ednh 6cm<\/p>\n<p>\u2013 Nh\u1eadn l\u00e0m theo m\u1eabu, k\u00edch th\u01b0\u1edbc y\u00eau c\u1ea7u<\/p>\n<p>Kh\u00e1c bi\u1ec7t v\u1edbi nh\u1eefng m\u1eabu v\u00f2ng hi\u1ec7n \u0111\u1ea1i, v\u00f2ng ki\u1ec1ng l\u00e1 t\u1ea1i Tonkin Craft ch\u00ednh l\u00e0 \u201c\u0111\u1eb7c s\u1ea3n\u201d, l\u00e0m t\u00f4n l\u00ean n\u00e9t \u0111\u1eb9p truy\u1ec1n th\u1ed1ng v\u1ed1n c\u00f3 c\u1ee7a t\u00e0 \u00e1o d\u00e0i, \u00e1o l\u1ee5a. V\u1edbi k\u1ebft c\u1ea5u l\u00e0 chi\u1ebfc ki\u1ec1ng m\u1edf v\u00e0 l\u00e1, l\u00e0m \u0111i\u1ec3m nh\u1ea5n cho trang ph\u1ee5c th\u00eam ph\u1ea7n kh\u00e1c bi\u1ec7t v\u00e0 n\u1ed5i b\u1eadt g\u01b0\u01a1ng m\u1eb7t.<\/p>\n","protected":false},"featured_media":2661,"comment_status":"open","ping_status":"closed","template":"","meta":[],"product_brand":[],"product_cat":[276],"product_tag":[219,216,220,221,218,217,271,259,272,260],"class_list":{"0":"post-2659","1":"product","2":"type-product","3":"status-publish","4":"has-post-thumbnail","6":"product_cat-vong-tay","7":"product_tag-kieng-deo-co","8":"product_tag-kieng-dong","9":"product_tag-kieng-hoa-sen","10":"product_tag-phu-kien-dong","11":"product_tag-vong-co","12":"product_tag-vong-dong","13":"product_tag-vong-ran","14":"product_tag-vong-tay-dong","15":"product_tag-vong-tay-ran","16":"product_tag-vong-tay-thu-cong","18":"first","19":"instock","20":"shipping-taxable","21":"product-type-simple"},"aioseo_notices":[],"_links":{"self":[{"href":"https:\/\/tonkincraft.vn\/vn\/wp-json\/wp\/v2\/product\/2659","targetHints":{"allow":["GET"]}}],"collection":[{"href":"https:\/\/tonkincraft.vn\/vn\/wp-json\/wp\/v2\/product"}],"about":[{"href":"https:\/\/tonkincraft.vn\/vn\/wp-json\/wp\/v2\/types\/product"}],"replies":[{"embeddable":true,"href":"https:\/\/tonkincraft.vn\/vn\/wp-json\/wp\/v2\/comments?post=2659"}],"wp:featuredmedia":[{"embeddable":true,"href":"https:\/\/tonkincraft.vn\/vn\/wp-json\/wp\/v2\/media\/2661"}],"wp:attachment":[{"href":"https:\/\/tonkincraft.vn\/vn\/wp-json\/wp\/v2\/media?parent=2659"}],"wp:term":[{"taxonomy":"product_brand","embeddable":true,"href":"https:\/\/tonkincraft.vn\/vn\/wp-json\/wp\/v2\/product_brand?post=2659"},{"taxonomy":"product_cat","embeddable":true,"href":"https:\/\/tonkincraft.vn\/vn\/wp-json\/wp\/v2\/product_cat?post=2659"},{"taxonomy":"product_tag","embeddable":true,"href":"https:\/\/tonkincraft.vn\/vn\/wp-json\/wp\/v2\/product_tag?post=2659"}],"curies":[{"name":"wp","href":"https:\/\/api.w.org\/{rel}","templated":true}]}}