{"id":2652,"date":"2025-02-22T01:30:17","date_gmt":"2025-02-21T18:30:17","guid":{"rendered":"https:\/\/tonkincraft.vn\/vn\/?post_type=product&#038;p=2652"},"modified":"2025-10-07T22:05:03","modified_gmt":"2025-10-07T15:05:03","slug":"vong-tay-mat-troi-bang-dong-vang-thiet-ke-thu-cong","status":"publish","type":"product","link":"https:\/\/tonkincraft.vn\/vn\/product\/vong-tay-mat-troi-bang-dong-vang-thiet-ke-thu-cong\/","title":{"rendered":"V\u00f2ng Tay \u0110\u1ed3ng V\u00e0ng M\u1eb7t Tr\u1eddi"},"content":{"rendered":"<p data-start=\"0\" data-end=\"79\"><strong data-start=\"0\" data-end=\"77\">V\u00f2ng Tay \u0110\u1ed3ng V\u00e0ng M\u1eb7t Tr\u1eddi \u2013 R\u1ef1c r\u1ee1, m\u1ea1nh m\u1ebd v\u00e0 tr\u00e0n \u0111\u1ea7y n\u0103ng l\u01b0\u1ee3ng s\u1ed1ng<\/strong><\/p>\n<p data-start=\"81\" data-end=\"292\">L\u1ea5y c\u1ea3m h\u1ee9ng t\u1eeb <strong data-start=\"97\" data-end=\"173\">h\u00ecnh t\u01b0\u1ee3ng M\u1eb7t Tr\u1eddi \u2013 bi\u1ec3u t\u01b0\u1ee3ng c\u1ee7a ngu\u1ed3n s\u00e1ng, s\u1ee9c m\u1ea1nh v\u00e0 s\u1ef1 t\u00e1i sinh<\/strong>, <strong data-start=\"175\" data-end=\"206\">V\u00f2ng Tay \u0110\u1ed3ng V\u00e0ng M\u1eb7t Tr\u1eddi<\/strong> \u0111\u01b0\u1ee3c <strong data-start=\"212\" data-end=\"262\">ch\u1ebf t\u00e1c th\u1ee7 c\u00f4ng 100% t\u1eeb \u0111\u1ed3ng v\u00e0ng nguy\u00ean ch\u1ea5t<\/strong> b\u1edfi ngh\u1ec7 nh\u00e2n Tonkin Craft.<\/p>\n<p data-start=\"294\" data-end=\"574\">T\u00e2m v\u00f2ng \u0111\u01b0\u1ee3c ch\u1ea1m n\u1ed5i h\u00ecnh m\u1eb7t tr\u1eddi t\u1ecfa s\u00e1ng, bao quanh l\u00e0 nh\u1eefng \u0111\u01b0\u1eddng g\u00f2 lan t\u1ecfa t\u01b0\u1ee3ng tr\u01b0ng cho <strong data-start=\"393\" data-end=\"443\">ngu\u1ed3n n\u0103ng l\u01b0\u1ee3ng d\u1ed3i d\u00e0o v\u00e0 tinh th\u1ea7n t\u00edch c\u1ef1c<\/strong>. \u00c1nh \u0111\u1ed3ng m\u1edd c\u1ed5 \u0111i\u1ec3n h\u00f2a quy\u1ec7n c\u00f9ng \u0111\u01b0\u1eddng n\u00e9t th\u1ee7 c\u00f4ng t\u1ec9 m\u1ec9, t\u1ea1o n\u00ean v\u1ebb <strong data-start=\"517\" data-end=\"545\">v\u1eeba m\u1ea1nh m\u1ebd, v\u1eeba tinh t\u1ebf<\/strong>, ph\u00f9 h\u1ee3p cho c\u1ea3 nam v\u00e0 n\u1eef.<\/p>\n<p data-start=\"576\" data-end=\"592\">\ud83c\udf1e <strong data-start=\"579\" data-end=\"590\">\u00dd ngh\u0129a<\/strong><\/p>\n<ul data-start=\"593\" data-end=\"755\">\n<li data-start=\"593\" data-end=\"667\">\n<p data-start=\"595\" data-end=\"667\">M\u1eb7t Tr\u1eddi t\u01b0\u1ee3ng tr\u01b0ng cho <strong data-start=\"620\" data-end=\"664\">ngu\u1ed3n s\u1ed1ng, \u00e1nh s\u00e1ng v\u00e0 s\u1ee9c m\u1ea1nh n\u1ed9i t\u00e2m<\/strong>.<\/p>\n<\/li>\n<li data-start=\"668\" data-end=\"755\">\n<p data-start=\"670\" data-end=\"755\">Mang n\u0103ng l\u01b0\u1ee3ng c\u1ee7a <strong data-start=\"690\" data-end=\"752\">s\u1ef1 kh\u1edfi \u0111\u1ea7u, hy v\u1ecdng v\u00e0 v\u1eefng tin v\u00e0o h\u00e0nh tr\u00ecnh ph\u00eda tr\u01b0\u1edbc<\/strong>.<\/p>\n<\/li>\n<\/ul>\n<p data-start=\"757\" data-end=\"785\">\ud83d\udc9b <strong data-start=\"760\" data-end=\"783\">C\u00e1ch ph\u1ed1i &amp; s\u1eed d\u1ee5ng<\/strong><\/p>\n<ul data-start=\"786\" data-end=\"1011\">\n<li data-start=\"786\" data-end=\"867\">\n<p data-start=\"788\" data-end=\"867\">\u0110eo \u0111\u01a1n \u0111\u1ec3 t\u1ea1o \u0111i\u1ec3m nh\u1ea5n c\u00e1 t\u00ednh, ho\u1eb7c ph\u1ed1i c\u00f9ng c\u00e1c v\u00f2ng \u0111\u1ed3ng, v\u00f2ng da kh\u00e1c.<\/p>\n<\/li>\n<li data-start=\"868\" data-end=\"924\">\n<p data-start=\"870\" data-end=\"924\">Ph\u00f9 h\u1ee3p cho phong c\u00e1ch t\u1ef1 nhi\u00ean, t\u1ed1i gi\u1ea3n ho\u1eb7c boho.<\/p>\n<\/li>\n<li data-start=\"925\" data-end=\"1011\">\n<p data-start=\"927\" data-end=\"1011\">L\u00e0 <strong data-start=\"930\" data-end=\"966\">m\u00f3n qu\u00e0 mang n\u0103ng l\u01b0\u1ee3ng t\u00edch c\u1ef1c<\/strong>, g\u1eedi t\u1eb7ng ng\u01b0\u1eddi th\u00e2n, b\u1ea1n b\u00e8 ho\u1eb7c \u0111\u1ed1i t\u00e1c.<\/p>\n<\/li>\n<\/ul>\n<p data-start=\"1013\" data-end=\"1040\">\ud83d\udee0 <strong data-start=\"1016\" data-end=\"1038\">Ch\u1ebf t\u00e1c &amp; B\u1ea3o qu\u1ea3n<\/strong><\/p>\n<ul data-start=\"1041\" data-end=\"1341\">\n<li data-start=\"1041\" data-end=\"1118\">\n<p data-start=\"1043\" data-end=\"1118\">Th\u1ee7 c\u00f4ng 100% b\u1edfi ngh\u1ec7 nh\u00e2n Tonkin Craft \u2013 g\u00f2 ch\u1ea1m h\u1ecda ti\u1ebft m\u1eb7t tr\u1eddi n\u1ed5i.<\/p>\n<\/li>\n<li data-start=\"1119\" data-end=\"1192\">\n<p data-start=\"1121\" data-end=\"1192\">\u0110\u1ed3ng v\u00e0ng nguy\u00ean ch\u1ea5t, \u00e1nh m\u1edd c\u1ed5 \u0111i\u1ec3n, c\u00e0ng \u0111eo c\u00e0ng l\u00ean m\u00e0u tr\u1ea7m \u1ea5m.<\/p>\n<\/li>\n<li data-start=\"1193\" data-end=\"1285\">\n<p data-start=\"1195\" data-end=\"1285\">Lau kh\u00f4 b\u1eb1ng kh\u0103n m\u1ec1m sau khi \u0111eo, tr\u00e1nh ti\u1ebfp x\u00fac v\u1edbi n\u01b0\u1edbc hoa, chlorine ho\u1eb7c n\u01b0\u1edbc bi\u1ec3n.<\/p>\n<\/li>\n<li data-start=\"1286\" data-end=\"1341\">\n<p data-start=\"1288\" data-end=\"1341\">B\u1ea3o qu\u1ea3n trong t\u00fai v\u1ea3i ho\u1eb7c h\u1ed9p g\u1ed7, n\u01a1i kh\u00f4 tho\u00e1ng.<\/p>\n<\/li>\n<\/ul>\n<p data-start=\"1343\" data-end=\"1527\" data-is-last-node=\"\" data-is-only-node=\"\"><strong data-start=\"1343\" data-end=\"1374\">V\u00f2ng Tay \u0110\u1ed3ng V\u00e0ng M\u1eb7t Tr\u1eddi<\/strong> kh\u00f4ng ch\u1ec9 l\u00e0 m\u00f3n trang s\u1ee9c \u2013 m\u00e0 l\u00e0 <strong data-start=\"1410\" data-end=\"1449\">bi\u1ec3u t\u01b0\u1ee3ng c\u1ee7a \u00e1nh s\u00e1ng v\u00e0 ni\u1ec1m tin<\/strong>, mang theo h\u01a1i th\u1edf c\u1ee7a \u0111\u1ea5t, c\u1ee7a \u0111\u1ed3ng, v\u00e0 b\u00e0n tay kh\u00e9o l\u00e9o c\u1ee7a ng\u01b0\u1eddi th\u1ee3 Vi\u1ec7t.<\/p>\n","protected":false},"excerpt":{"rendered":"<p data-start=\"0\" data-end=\"167\"><strong data-start=\"0\" data-end=\"31\">V\u00f2ng Tay \u0110\u1ed3ng V\u00e0ng M\u1eb7t Tr\u1eddi<\/strong> \u2013 \u0111\u01b0\u1ee3c ch\u1ebf t\u00e1c th\u1ee7 c\u00f4ng 100% t\u1eeb \u0111\u1ed3ng v\u00e0ng nguy\u00ean ch\u1ea5t, l\u1ea5y c\u1ea3m h\u1ee9ng t\u1eeb <strong data-start=\"103\" data-end=\"164\" data-is-only-node=\"\">bi\u1ec3u t\u01b0\u1ee3ng M\u1eb7t Tr\u1eddi \u2013 ngu\u1ed3n s\u00e1ng, s\u1ee9c m\u1ea1nh v\u00e0 s\u1ef1 t\u00e1i sinh<\/strong>.<\/p>\n<p data-start=\"169\" data-end=\"381\" data-is-last-node=\"\" data-is-only-node=\"\">H\u1ecda ti\u1ebft m\u1eb7t tr\u1eddi ch\u1ea1m n\u1ed5i t\u1ec9 m\u1ec9, \u00e1nh \u0111\u1ed3ng m\u1edd c\u1ed5 \u0111i\u1ec3n mang v\u1ebb <strong data-start=\"231\" data-end=\"253\">m\u1ea1nh m\u1ebd m\u00e0 tinh t\u1ebf<\/strong>, ph\u00f9 h\u1ee3p cho c\u1ea3 nam v\u00e0 n\u1eef.<br data-start=\"280\" data-end=\"283\" \/>L\u00e0 <strong data-start=\"286\" data-end=\"328\">m\u00f3n trang s\u1ee9c mang n\u0103ng l\u01b0\u1ee3ng t\u00edch c\u1ef1c<\/strong>, t\u01b0\u1ee3ng tr\u01b0ng cho \u00e1nh s\u00e1ng, ni\u1ec1m tin v\u00e0 kh\u1edfi \u0111\u1ea7u m\u1edbi.<\/p>\n<p>Th\u00f4ng tin chi ti\u1ebft SP:<\/p>\n<p>\u2013 Ch\u1ea5t li\u1ec7u: \u0110\u1ed3ng thau, \u0111\u1ed3ng \u0111\u1ecf nguy\u00ean ch\u1ea5t<\/p>\n<p>\u2013 Ph\u01b0\u01a1ng c\u00e1ch ch\u1ebf t\u1ea1o: Th\u1ee7 c\u00f4ng, g\u00f2 tay<\/p>\n<p>\u2013 Xu\u1ea5t x\u1ee9: Vi\u1ec7t Nam<\/p>\n<p>\u2013 M\u00e0u s\u1eafc: v\u00e0ng<\/p>\n<p>-K\u00edch th\u01b0\u1edbc: \u0110\u01b0\u1eddng k\u00ednh 6cm<\/p>\n<p>\u2013 Nh\u1eadn l\u00e0m theo m\u1eabu, k\u00edch th\u01b0\u1edbc y\u00eau c\u1ea7u<\/p>\n<p>Kh\u00e1c bi\u1ec7t v\u1edbi nh\u1eefng m\u1eabu v\u00f2ng hi\u1ec7n \u0111\u1ea1i, v\u00f2ng ki\u1ec1ng l\u00e1 t\u1ea1i Tonkin Craft ch\u00ednh l\u00e0 \u201c\u0111\u1eb7c s\u1ea3n\u201d, l\u00e0m t\u00f4n l\u00ean n\u00e9t \u0111\u1eb9p truy\u1ec1n th\u1ed1ng v\u1ed1n c\u00f3 c\u1ee7a t\u00e0 \u00e1o d\u00e0i, \u00e1o l\u1ee5a. V\u1edbi k\u1ebft c\u1ea5u l\u00e0 chi\u1ebfc ki\u1ec1ng m\u1edf v\u00e0 l\u00e1, l\u00e0m \u0111i\u1ec3m nh\u1ea5n cho trang ph\u1ee5c th\u00eam ph\u1ea7n kh\u00e1c bi\u1ec7t v\u00e0 n\u1ed5i b\u1eadt g\u01b0\u01a1ng m\u1eb7t.<\/p>\n","protected":false},"featured_media":3321,"comment_status":"open","ping_status":"closed","template":"","meta":[],"product_brand":[],"product_cat":[276],"product_tag":[219,216,220,221,218,217,271,259,272,260],"class_list":{"0":"post-2652","1":"product","2":"type-product","3":"status-publish","4":"has-post-thumbnail","6":"product_cat-vong-tay","7":"product_tag-kieng-deo-co","8":"product_tag-kieng-dong","9":"product_tag-kieng-hoa-sen","10":"product_tag-phu-kien-dong","11":"product_tag-vong-co","12":"product_tag-vong-dong","13":"product_tag-vong-ran","14":"product_tag-vong-tay-dong","15":"product_tag-vong-tay-ran","16":"product_tag-vong-tay-thu-cong","18":"first","19":"instock","20":"shipping-taxable","21":"product-type-simple"},"aioseo_notices":[],"_links":{"self":[{"href":"https:\/\/tonkincraft.vn\/vn\/wp-json\/wp\/v2\/product\/2652","targetHints":{"allow":["GET"]}}],"collection":[{"href":"https:\/\/tonkincraft.vn\/vn\/wp-json\/wp\/v2\/product"}],"about":[{"href":"https:\/\/tonkincraft.vn\/vn\/wp-json\/wp\/v2\/types\/product"}],"replies":[{"embeddable":true,"href":"https:\/\/tonkincraft.vn\/vn\/wp-json\/wp\/v2\/comments?post=2652"}],"wp:featuredmedia":[{"embeddable":true,"href":"https:\/\/tonkincraft.vn\/vn\/wp-json\/wp\/v2\/media\/3321"}],"wp:attachment":[{"href":"https:\/\/tonkincraft.vn\/vn\/wp-json\/wp\/v2\/media?parent=2652"}],"wp:term":[{"taxonomy":"product_brand","embeddable":true,"href":"https:\/\/tonkincraft.vn\/vn\/wp-json\/wp\/v2\/product_brand?post=2652"},{"taxonomy":"product_cat","embeddable":true,"href":"https:\/\/tonkincraft.vn\/vn\/wp-json\/wp\/v2\/product_cat?post=2652"},{"taxonomy":"product_tag","embeddable":true,"href":"https:\/\/tonkincraft.vn\/vn\/wp-json\/wp\/v2\/product_tag?post=2652"}],"curies":[{"name":"wp","href":"https:\/\/api.w.org\/{rel}","templated":true}]}}