{"id":2636,"date":"2025-02-22T01:21:49","date_gmt":"2025-02-21T18:21:49","guid":{"rendered":"https:\/\/tonkincraft.vn\/vn\/?post_type=product&#038;p=2636"},"modified":"2025-10-07T22:11:06","modified_gmt":"2025-10-07T15:11:06","slug":"vong-tay-hoa-dao-hoa-mai-ma-bac-thu-cong","status":"publish","type":"product","link":"https:\/\/tonkincraft.vn\/vn\/product\/vong-tay-hoa-dao-hoa-mai-ma-bac-thu-cong\/","title":{"rendered":"V\u00f2ng Tay M\u1ea1 B\u1ea1c Hoa Mai \u0110\u00e0o"},"content":{"rendered":"<p data-start=\"0\" data-end=\"73\"><strong data-start=\"0\" data-end=\"71\">V\u00f2ng Tay Hoa Mai \u0110\u00e0o \u2013 R\u1ef1c r\u1ee1, t\u01b0\u01a1i m\u1edbi v\u00e0 tr\u00e0n \u0111\u1ea7y n\u0103ng l\u01b0\u1ee3ng Vi\u1ec7t<\/strong><\/p>\n<p data-start=\"75\" data-end=\"308\">L\u1ea5y c\u1ea3m h\u1ee9ng t\u1eeb <strong data-start=\"91\" data-end=\"113\">hoa mai v\u00e0 hoa \u0111\u00e0o<\/strong> \u2013 hai lo\u00e0i hoa bi\u1ec3u t\u01b0\u1ee3ng c\u1ee7a <strong data-start=\"144\" data-end=\"196\">m\u00f9a xu\u00e2n, c\u1ee7a kh\u1edfi \u0111\u1ea7u m\u1edbi v\u00e0 h\u1ea1nh ph\u00fac tr\u1ecdn v\u1eb9n<\/strong>, <strong data-start=\"198\" data-end=\"222\">V\u00f2ng Tay Hoa Mai \u0110\u00e0o<\/strong> \u0111\u01b0\u1ee3c ch\u1ebf t\u00e1c <strong data-start=\"236\" data-end=\"278\">th\u1ee7 c\u00f4ng 100% t\u1eeb \u0111\u1ed3ng v\u00e0ng nguy\u00ean ch\u1ea5t<\/strong> b\u1edfi ngh\u1ec7 nh\u00e2n Tonkin Craft.<\/p>\n<p data-start=\"310\" data-end=\"655\">T\u1eebng c\u00e1nh hoa \u0111\u01b0\u1ee3c <strong data-start=\"329\" data-end=\"346\">g\u00f2 ch\u1ea1m t\u1ec9 m\u1ec9<\/strong>, c\u00e1nh mai thanh tho\u00e1t xen c\u00f9ng c\u00e1nh \u0111\u00e0o m\u1ec1m m\u1ea1i, t\u1ea1o n\u00ean m\u1ed9t b\u1ed1 c\u1ee5c h\u00e0i h\u00f2a \u2013 v\u1eeba <strong data-start=\"429\" data-end=\"453\">t\u01b0\u01a1i s\u00e1ng, nh\u1eb9 nh\u00e0ng<\/strong> v\u1eeba <strong data-start=\"458\" data-end=\"491\">\u1ea9n ch\u1ee9a v\u1ebb sang tr\u1ecdng tinh t\u1ebf<\/strong>. \u00c1nh \u0111\u1ed3ng m\u1edd c\u1ed5 \u0111i\u1ec3n ph\u1ee7 l\u00ean nh\u1eefng \u0111\u01b0\u1eddng n\u00e9t uy\u1ec3n chuy\u1ec3n khi\u1ebfn chi\u1ebfc v\u00f2ng mang v\u1ebb \u0111\u1eb9p v\u1eeba <strong data-start=\"582\" data-end=\"611\">truy\u1ec1n th\u1ed1ng v\u1eeba hi\u1ec7n \u0111\u1ea1i<\/strong>, nh\u01b0 m\u1ed9t l\u1eddi ch\u00fac an l\u00e0nh v\u00e0 th\u1ecbnh v\u01b0\u1ee3ng.<\/p>\n<p data-start=\"657\" data-end=\"934\">\ud83c\udf38 <strong data-start=\"660\" data-end=\"671\">\u00dd ngh\u0129a<\/strong><br data-start=\"671\" data-end=\"674\" \/>Hoa mai t\u01b0\u1ee3ng tr\u01b0ng cho <strong data-start=\"698\" data-end=\"731\">ph\u00fac \u2013 l\u1ed9c \u2013 th\u1ecd \u2013 an \u2013 khang<\/strong>, c\u00f2n hoa \u0111\u00e0o bi\u1ec3u tr\u01b0ng cho <strong data-start=\"760\" data-end=\"804\">may m\u1eafn, h\u1ea1nh ph\u00fac v\u00e0 s\u1ef1 sinh s\u00f4i n\u1ea3y n\u1edf<\/strong>.<br data-start=\"805\" data-end=\"808\" \/>S\u1ef1 k\u1ebft h\u1ee3p c\u1ee7a hai lo\u00e0i hoa l\u00e0 l\u1eddi ch\u00fac <strong data-start=\"848\" data-end=\"879\" data-is-only-node=\"\">b\u00ecnh an v\u00e0 kh\u1edfi \u0111\u1ea7u t\u1ed1t \u0111\u1eb9p<\/strong>, mang n\u0103ng l\u01b0\u1ee3ng t\u00edch c\u1ef1c v\u00e0 t\u01b0\u01a1i m\u1edbi cho ng\u01b0\u1eddi \u0111eo.<\/p>\n<p data-start=\"936\" data-end=\"1259\">\ud83d\udc9b <strong data-start=\"939\" data-end=\"962\">C\u00e1ch ph\u1ed1i &amp; s\u1eed d\u1ee5ng<\/strong><br data-start=\"962\" data-end=\"965\" \/>\u2013 Ph\u00f9 h\u1ee3p v\u1edbi trang ph\u1ee5c <strong data-start=\"990\" data-end=\"1026\">l\u1ee5a, linen, ho\u1eb7c \u00e1o d\u00e0i c\u00e1ch t\u00e2n<\/strong>, t\u00f4n l\u00ean n\u00e9t thanh l\u1ecbch v\u00e0 tinh t\u1ebf.<br data-start=\"1062\" data-end=\"1065\" \/>\u2013 D\u1ec5 k\u1ebft h\u1ee3p c\u00f9ng <strong data-start=\"1083\" data-end=\"1115\">v\u00f2ng tr\u01a1n ho\u1eb7c v\u00f2ng d\u00e2y m\u1ea3nh<\/strong> \u0111\u1ec3 t\u1ea1o \u0111i\u1ec3m nh\u1ea5n ri\u00eang bi\u1ec7t.<br data-start=\"1144\" data-end=\"1147\" data-is-only-node=\"\" \/>\u2013 L\u00e0 <strong data-start=\"1152\" data-end=\"1171\">m\u00f3n qu\u00e0 \u00fd ngh\u0129a<\/strong> cho d\u1ecbp \u0111\u1ea7u n\u0103m, sinh nh\u1eadt, ho\u1eb7c g\u1eedi t\u1eb7ng ng\u01b0\u1eddi th\u00e2n nh\u01b0 l\u1eddi ch\u00fac may m\u1eafn v\u00e0 b\u00ecnh an.<\/p>\n<p data-start=\"1261\" data-end=\"1572\">\ud83d\udee0 <strong data-start=\"1264\" data-end=\"1286\">Ch\u1ebf t\u00e1c &amp; B\u1ea3o qu\u1ea3n<\/strong><br data-start=\"1286\" data-end=\"1289\" \/>\u2013 <strong data-start=\"1291\" data-end=\"1308\">Th\u1ee7 c\u00f4ng 100%<\/strong> b\u1edfi ngh\u1ec7 nh\u00e2n Tonkin Craft \u2013 t\u1eeb kh\u00e2u g\u00f2 ch\u1ea1m c\u00e1nh hoa \u0111\u1ebfn ho\u00e0n thi\u1ec7n \u00e1nh \u0111\u1ed3ng m\u1edd c\u1ed5.<br data-start=\"1393\" data-end=\"1396\" \/>\u2013 <strong data-start=\"1398\" data-end=\"1431\">C\u00e0ng \u0111eo c\u00e0ng l\u00ean m\u00e0u tr\u1ea7m \u1ea5m<\/strong>, mang v\u1ebb c\u1ed5 \u0111i\u1ec3n v\u00e0 c\u00e1 t\u00ednh ri\u00eang.<br data-start=\"1466\" data-end=\"1469\" data-is-only-node=\"\" \/>\u2013 Lau kh\u00f4 sau khi \u0111eo, tr\u00e1nh n\u01b0\u1edbc hoa, h\u00f3a ch\u1ea5t v\u00e0 b\u1ea3o qu\u1ea3n n\u01a1i kh\u00f4 tho\u00e1ng trong t\u00fai v\u1ea3i ho\u1eb7c h\u1ed9p g\u1ed7.<\/p>\n<p data-start=\"1574\" data-end=\"1774\" data-is-last-node=\"\" data-is-only-node=\"\"><strong data-start=\"1574\" data-end=\"1598\">V\u00f2ng Tay Hoa Mai \u0110\u00e0o<\/strong> kh\u00f4ng ch\u1ec9 l\u00e0 m\u00f3n trang s\u1ee9c, m\u00e0 c\u00f2n l\u00e0 <strong data-start=\"1637\" data-end=\"1694\">m\u1ed9t bi\u1ec3u t\u01b0\u1ee3ng c\u1ee7a m\u00f9a xu\u00e2n, c\u1ee7a kh\u1edfi \u0111\u1ea7u \u0111\u1ea7y hy v\u1ecdng<\/strong> \u2013 n\u01a1i b\u00e0n tay ngh\u1ec7 nh\u00e2n g\u1eedi g\u1eafm <strong data-start=\"1727\" data-end=\"1739\">h\u1ed3n Vi\u1ec7t<\/strong> trong t\u1eebng \u0111\u01b0\u1eddng g\u00f2 ch\u1ea1m tinh x\u1ea3o.<\/p>\n","protected":false},"excerpt":{"rendered":"<p data-start=\"0\" data-end=\"149\"><strong data-start=\"0\" data-end=\"31\">V\u00f2ng Tay M\u1ea1 B\u1ea1c Hoa Mai \u0110\u00e0o<\/strong> \u2013 \u0111\u01b0\u1ee3c ch\u1ebf t\u00e1c th\u1ee7 c\u00f4ng tinh x\u1ea3o t\u1eeb \u0111\u1ed3ng nguy\u00ean ch\u1ea5t, ph\u1ee7 l\u1edbp <strong data-start=\"94\" data-end=\"111\">b\u1ea1c m\u1edd \u00e1nh c\u1ed5<\/strong>, t\u00f4n l\u00ean v\u1ebb thanh nh\u00e3 v\u00e0 nh\u1eb9 nh\u00e0ng.<\/p>\n<p data-start=\"151\" data-end=\"332\">L\u1ea5y c\u1ea3m h\u1ee9ng t\u1eeb <strong data-start=\"167\" data-end=\"189\">hoa mai v\u00e0 hoa \u0111\u00e0o<\/strong> \u2013 hai lo\u00e0i hoa bi\u1ec3u tr\u01b0ng cho <strong data-start=\"220\" data-end=\"257\">s\u1ee9c s\u1ed1ng, may m\u1eafn v\u00e0 kh\u1edfi \u0111\u1ea7u m\u1edbi<\/strong>, chi\u1ebfc v\u00f2ng mang \u0111\u1ebfn c\u1ea3m gi\u00e1c t\u01b0\u01a1i s\u00e1ng v\u00e0 tr\u00e0n \u0111\u1ea7y n\u0103ng l\u01b0\u1ee3ng m\u00f9a xu\u00e2n.<\/p>\n<p>Th\u00f4ng tin chi ti\u1ebft SP:<\/p>\n<p>\u2013 Ch\u1ea5t li\u1ec7u: \u0110\u1ed3ng nguy\u00ean ch\u1ea5t M\u1ea0 B\u1ea0C<\/p>\n<p>\u2013 Ph\u01b0\u01a1ng c\u00e1ch ch\u1ebf t\u1ea1o: Th\u1ee7 c\u00f4ng, g\u00f2 tay<\/p>\n<p>\u2013 Xu\u1ea5t x\u1ee9: Vi\u1ec7t Nam<\/p>\n<p>\u2013 M\u00e0u s\u1eafc: v\u00e0ng<\/p>\n<p>-K\u00edch th\u01b0\u1edbc: \u0110\u01b0\u1eddng k\u00ednh 6cm<\/p>\n<p>\u2013 Nh\u1eadn l\u00e0m theo m\u1eabu, k\u00edch th\u01b0\u1edbc y\u00eau c\u1ea7u<\/p>\n<p>Kh\u00e1c bi\u1ec7t v\u1edbi nh\u1eefng m\u1eabu v\u00f2ng hi\u1ec7n \u0111\u1ea1i, v\u00f2ng ki\u1ec1ng l\u00e1 t\u1ea1i Tonkin Craft ch\u00ednh l\u00e0 \u201c\u0111\u1eb7c s\u1ea3n\u201d, l\u00e0m t\u00f4n l\u00ean n\u00e9t \u0111\u1eb9p truy\u1ec1n th\u1ed1ng v\u1ed1n c\u00f3 c\u1ee7a t\u00e0 \u00e1o d\u00e0i, \u00e1o l\u1ee5a. V\u1edbi k\u1ebft c\u1ea5u l\u00e0 chi\u1ebfc ki\u1ec1ng m\u1edf v\u00e0 l\u00e1, l\u00e0m \u0111i\u1ec3m nh\u1ea5n cho trang ph\u1ee5c th\u00eam ph\u1ea7n kh\u00e1c bi\u1ec7t v\u00e0 n\u1ed5i b\u1eadt g\u01b0\u01a1ng m\u1eb7t.<\/p>\n","protected":false},"featured_media":3327,"comment_status":"open","ping_status":"closed","template":"","meta":[],"product_brand":[],"product_cat":[282,276],"product_tag":[219,216,220,221,218,217,271,259,272,260],"class_list":{"0":"post-2636","1":"product","2":"type-product","3":"status-publish","4":"has-post-thumbnail","6":"product_cat-bst-hoa-mai-dao","7":"product_cat-vong-tay","8":"product_tag-kieng-deo-co","9":"product_tag-kieng-dong","10":"product_tag-kieng-hoa-sen","11":"product_tag-phu-kien-dong","12":"product_tag-vong-co","13":"product_tag-vong-dong","14":"product_tag-vong-ran","15":"product_tag-vong-tay-dong","16":"product_tag-vong-tay-ran","17":"product_tag-vong-tay-thu-cong","19":"first","20":"instock","21":"shipping-taxable","22":"product-type-simple"},"aioseo_notices":[],"_links":{"self":[{"href":"https:\/\/tonkincraft.vn\/vn\/wp-json\/wp\/v2\/product\/2636","targetHints":{"allow":["GET"]}}],"collection":[{"href":"https:\/\/tonkincraft.vn\/vn\/wp-json\/wp\/v2\/product"}],"about":[{"href":"https:\/\/tonkincraft.vn\/vn\/wp-json\/wp\/v2\/types\/product"}],"replies":[{"embeddable":true,"href":"https:\/\/tonkincraft.vn\/vn\/wp-json\/wp\/v2\/comments?post=2636"}],"wp:featuredmedia":[{"embeddable":true,"href":"https:\/\/tonkincraft.vn\/vn\/wp-json\/wp\/v2\/media\/3327"}],"wp:attachment":[{"href":"https:\/\/tonkincraft.vn\/vn\/wp-json\/wp\/v2\/media?parent=2636"}],"wp:term":[{"taxonomy":"product_brand","embeddable":true,"href":"https:\/\/tonkincraft.vn\/vn\/wp-json\/wp\/v2\/product_brand?post=2636"},{"taxonomy":"product_cat","embeddable":true,"href":"https:\/\/tonkincraft.vn\/vn\/wp-json\/wp\/v2\/product_cat?post=2636"},{"taxonomy":"product_tag","embeddable":true,"href":"https:\/\/tonkincraft.vn\/vn\/wp-json\/wp\/v2\/product_tag?post=2636"}],"curies":[{"name":"wp","href":"https:\/\/api.w.org\/{rel}","templated":true}]}}