{"id":2626,"date":"2025-02-22T01:17:27","date_gmt":"2025-02-21T18:17:27","guid":{"rendered":"https:\/\/tonkincraft.vn\/vn\/?post_type=product&#038;p=2626"},"modified":"2025-10-09T21:53:33","modified_gmt":"2025-10-09T14:53:33","slug":"vong-tay-co-4-la-ma-bac-vong-tay-rhur-cong","status":"publish","type":"product","link":"https:\/\/tonkincraft.vn\/vn\/product\/vong-tay-co-4-la-ma-bac-vong-tay-rhur-cong\/","title":{"rendered":"V\u00f2ng Tay M\u1ea1 B\u1ea1c C\u1ecf 4 L\u00e1 Th\u1ee7 C\u00f4ng"},"content":{"rendered":"<h3 data-start=\"235\" data-end=\"306\"><strong data-start=\"239\" data-end=\"304\">V\u00f2ng Tay \u0110\u1ed3ng C\u1ecf 4 L\u00e1 \u2013 May m\u1eafn, an nhi\u00ean v\u00e0 tr\u00e0n \u0111\u1ea7y hy v\u1ecdng<\/strong><\/h3>\n<p data-start=\"308\" data-end=\"498\">L\u1ea5y c\u1ea3m h\u1ee9ng t\u1eeb <strong data-start=\"324\" data-end=\"335\">c\u1ecf 4 l\u00e1<\/strong> \u2013 bi\u1ec3u t\u01b0\u1ee3ng c\u1ee7a <strong data-start=\"353\" data-end=\"395\">ni\u1ec1m tin, hy v\u1ecdng, t\u00ecnh y\u00eau v\u00e0 may m\u1eafn<\/strong>, chi\u1ebfc v\u00f2ng tay \u0111\u1ed3ng Tonkin Craft mang \u0111\u1ebfn m\u1ed9t v\u1ebb \u0111\u1eb9p dung d\u1ecb, t\u01b0\u01a1i s\u00e1ng v\u00e0 \u0111\u1ea7y n\u0103ng l\u01b0\u1ee3ng t\u00edch c\u1ef1c.<\/p>\n<p data-start=\"500\" data-end=\"706\">M\u1ed7i chi\u1ebfc v\u00f2ng \u0111\u01b0\u1ee3c <strong data-start=\"520\" data-end=\"570\">ch\u1ebf t\u00e1c ho\u00e0n to\u00e0n th\u1ee7 c\u00f4ng t\u1eeb \u0111\u1ed3ng nguy\u00ean ch\u1ea5t<\/strong> b\u1edfi ngh\u1ec7 nh\u00e2n Tonkin Craft, gi\u1eef tr\u1ecdn s\u1eafc \u00e1nh v\u00e0ng \u1ea5m \u0111\u1eb7c tr\u01b0ng c\u00f9ng nh\u1eefng \u0111\u01b0\u1eddng ch\u1ea1m tinh t\u1ebf, m\u1ec1m m\u1ea1i nh\u01b0 c\u00e1nh c\u1ecf \u0111ung \u0111\u01b0a trong gi\u00f3.<\/p>\n<hr data-start=\"708\" data-end=\"711\" \/>\n<p data-start=\"713\" data-end=\"740\">\ud83c\udf40 <strong data-start=\"716\" data-end=\"738\">C\u1ea3m h\u1ee9ng &amp; \u00fd ngh\u0129a<\/strong><\/p>\n<p data-start=\"742\" data-end=\"842\">Theo truy\u1ec1n thuy\u1ebft, m\u1ed7i chi\u1ebfc l\u00e1 c\u1ee7a <strong data-start=\"779\" data-end=\"790\">c\u1ecf 4 l\u00e1<\/strong> t\u01b0\u1ee3ng tr\u01b0ng cho m\u1ed9t \u0111i\u1ec1u qu\u00fd gi\u00e1 trong cu\u1ed9c s\u1ed1ng:<\/p>\n<ul data-start=\"843\" data-end=\"955\">\n<li data-start=\"843\" data-end=\"872\">\n<p data-start=\"845\" data-end=\"872\"><strong data-start=\"845\" data-end=\"860\">L\u00e1 th\u1ee9 nh\u1ea5t<\/strong>: Ni\u1ec1m tin<\/p>\n<\/li>\n<li data-start=\"873\" data-end=\"900\">\n<p data-start=\"875\" data-end=\"900\"><strong data-start=\"875\" data-end=\"889\">L\u00e1 th\u1ee9 hai<\/strong>: Hy v\u1ecdng<\/p>\n<\/li>\n<li data-start=\"901\" data-end=\"928\">\n<p data-start=\"903\" data-end=\"928\"><strong data-start=\"903\" data-end=\"916\">L\u00e1 th\u1ee9 ba<\/strong>: T\u00ecnh y\u00eau<\/p>\n<\/li>\n<li data-start=\"929\" data-end=\"955\">\n<p data-start=\"931\" data-end=\"955\"><strong data-start=\"931\" data-end=\"944\">L\u00e1 th\u1ee9 t\u01b0<\/strong>: May m\u1eafn<\/p>\n<\/li>\n<\/ul>\n<p data-start=\"957\" data-end=\"1156\">T\u1eeb h\u00ecnh \u1ea3nh nh\u1ecf b\u00e9 c\u1ee7a lo\u00e0i c\u1ecf d\u1ea1i, chi\u1ebfc v\u00f2ng \u0111\u1ed3ng tr\u1edf th\u00e0nh <strong data-start=\"1019\" data-end=\"1066\">bi\u1ec3u t\u01b0\u1ee3ng c\u1ee7a b\u00ecnh an v\u00e0 h\u1ea1nh ph\u00fac gi\u1ea3n d\u1ecb<\/strong>, nh\u01b0 l\u1eddi nh\u1eafc r\u1eb1ng \u2013 \u0111i\u1ec1u may m\u1eafn lu\u00f4n \u0111\u1ebfn v\u1edbi nh\u1eefng t\u00e2m h\u1ed3n bi\u1ebft tr\u00e2n tr\u1ecdng cu\u1ed9c s\u1ed1ng.<\/p>\n<hr data-start=\"1158\" data-end=\"1161\" \/>\n<p data-start=\"1163\" data-end=\"1192\">\ud83d\udc57 <strong data-start=\"1166\" data-end=\"1190\">Ph\u1ed1i c\u00f9ng trang ph\u1ee5c<\/strong><\/p>\n<ul data-start=\"1194\" data-end=\"1544\">\n<li data-start=\"1194\" data-end=\"1315\">\n<p data-start=\"1196\" data-end=\"1315\"><strong data-start=\"1196\" data-end=\"1222\">Trang ph\u1ee5c th\u01b0\u1eddng ng\u00e0y<\/strong>: Ph\u1ed1i c\u00f9ng v\u00e1y linen, cotton hay s\u01a1 mi tr\u1eafng \u2013 mang l\u1ea1i v\u1ebb nh\u1eb9 nh\u00e0ng, t\u1ef1 nhi\u00ean v\u00e0 tinh t\u1ebf.<\/p>\n<\/li>\n<li data-start=\"1316\" data-end=\"1431\">\n<p data-start=\"1318\" data-end=\"1431\"><strong data-start=\"1318\" data-end=\"1345\">Trang ph\u1ee5c truy\u1ec1n th\u1ed1ng<\/strong>: K\u1ebft h\u1ee3p c\u00f9ng \u00e1o d\u00e0i ho\u1eb7c v\u00e1y y\u1ebfm, t\u1ea1o \u0111i\u1ec3m nh\u1ea5n duy\u00ean d\u00e1ng, m\u1ed9c m\u1ea1c m\u00e0 sang tr\u1ecdng.<\/p>\n<\/li>\n<li data-start=\"1432\" data-end=\"1544\">\n<p data-start=\"1434\" data-end=\"1544\"><strong data-start=\"1434\" data-end=\"1457\">Phong c\u00e1ch hi\u1ec7n \u0111\u1ea1i<\/strong>: \u0110eo ch\u1ed3ng nhi\u1ec1u v\u00f2ng ho\u1eb7c mix c\u00f9ng v\u00f2ng da, t\u1ea1o n\u00e9t c\u00e1 t\u00ednh ri\u00eang \u0111\u1ea7y ph\u00f3ng kho\u00e1ng.<\/p>\n<\/li>\n<\/ul>\n<hr data-start=\"1546\" data-end=\"1549\" \/>\n<p data-start=\"1551\" data-end=\"1585\">\u2692\ufe0f <strong data-start=\"1554\" data-end=\"1583\">Ch\u1ebf t\u00e1c th\u1ee7 c\u00f4ng tinh x\u1ea3o<\/strong><\/p>\n<p data-start=\"1587\" data-end=\"1951\">M\u1ed7i chi\u1ebfc v\u00f2ng \u0111\u01b0\u1ee3c <strong data-start=\"1607\" data-end=\"1651\">t\u1ea1o d\u00e1ng, g\u00f2 ch\u1ea1m v\u00e0 ho\u00e0n thi\u1ec7n th\u1ee7 c\u00f4ng<\/strong> qua nhi\u1ec1u c\u00f4ng \u0111o\u1ea1n t\u1ec9 m\u1ec9:<br data-start=\"1678\" data-end=\"1681\" \/>T\u1eeb vi\u1ec7c ch\u1ecdn th\u1ecfi \u0111\u1ed3ng, u\u1ed1n n\u1eafn h\u00ecnh d\u00e1ng \u0111\u1ebfn ch\u1ea1m kh\u1eafc t\u1eebng c\u00e1nh l\u00e1 \u2013 t\u1ea5t c\u1ea3 \u0111\u1ec1u do b\u00e0n tay v\u00e0 c\u1ea3m x\u00fac c\u1ee7a ng\u01b0\u1eddi th\u1ee3 th\u1ef1c hi\u1ec7n.<br data-start=\"1809\" data-end=\"1812\" \/>Kh\u00f4ng khu\u00f4n \u0111\u00fac, kh\u00f4ng \u00e9p m\u00e1y \u2013 <strong data-start=\"1844\" data-end=\"1886\">m\u1ed7i chi\u1ebfc v\u00f2ng l\u00e0 m\u1ed9t t\u00e1c ph\u1ea9m \u0111\u1ed9c b\u1ea3n<\/strong>, mang h\u01a1i th\u1edf t\u1ef1 nhi\u00ean c\u1ee7a \u0111\u1ed3ng v\u00e0 h\u1ed3n ngh\u1ec1 truy\u1ec1n th\u1ed1ng Vi\u1ec7t.<\/p>\n<hr data-start=\"1953\" data-end=\"1956\" \/>\n<p data-start=\"1958\" data-end=\"1986\">\ud83c\udf81 <strong data-start=\"1961\" data-end=\"1984\">\u1ee8ng d\u1ee5ng &amp; qu\u00e0 t\u1eb7ng<\/strong><\/p>\n<p data-start=\"1988\" data-end=\"2227\">L\u00e0 m\u00f3n ph\u1ee5 ki\u1ec7n d\u1ec5 k\u1ebft h\u1ee3p, th\u00edch h\u1ee3p \u0111eo h\u1eb1ng ng\u00e0y ho\u1eb7c l\u00e0m <strong data-start=\"2049\" data-end=\"2069\">qu\u00e0 t\u1eb7ng \u00fd ngh\u0129a<\/strong> d\u00e0nh cho ng\u01b0\u1eddi th\u00e2n, b\u1ea1n b\u00e8, \u0111\u1ed1i t\u00e1c.<br data-start=\"2107\" data-end=\"2110\" \/>Chi\u1ebfc v\u00f2ng \u0111\u1ed3ng nh\u01b0 m\u1ed9t <strong data-start=\"2134\" data-end=\"2148\">l\u00e1 b\u00f9a nh\u1ecf<\/strong>, g\u1eedi g\u1eafm l\u1eddi ch\u00fac <strong data-start=\"2167\" data-end=\"2209\">may m\u1eafn, an l\u00e0nh v\u00e0 kh\u1edfi \u0111\u1ea7u thu\u1eadn l\u1ee3i<\/strong> \u0111\u1ebfn ng\u01b0\u1eddi nh\u1eadn.<\/p>\n<hr data-start=\"2229\" data-end=\"2232\" \/>\n<p data-start=\"2234\" data-end=\"2279\">\u2728 <strong data-start=\"2236\" data-end=\"2277\">S\u1ef1 kh\u00e1c bi\u1ec7t c\u1ee7a \u0111\u1ed3 \u0111\u1ed3ng Tonkin Craft<\/strong><\/p>\n<ul data-start=\"2281\" data-end=\"2517\">\n<li data-start=\"2281\" data-end=\"2347\">\n<p data-start=\"2283\" data-end=\"2347\">Ch\u1ebf t\u00e1c <strong data-start=\"2291\" data-end=\"2308\">100% th\u1ee7 c\u00f4ng<\/strong>, kh\u00f4ng khu\u00f4n \u0111\u00fac, kh\u00f4ng c\u00f4ng nghi\u1ec7p.<\/p>\n<\/li>\n<li data-start=\"2348\" data-end=\"2415\">\n<p data-start=\"2350\" data-end=\"2415\">K\u1ebft h\u1ee3p h\u00e0i h\u00f2a gi\u1eefa <strong data-start=\"2371\" data-end=\"2389\">th\u1ea9m m\u1ef9 \u00c1 \u0110\u00f4ng<\/strong> v\u00e0 phong c\u00e1ch hi\u1ec7n \u0111\u1ea1i.<\/p>\n<\/li>\n<li data-start=\"2416\" data-end=\"2517\">\n<p data-start=\"2418\" data-end=\"2517\">M\u1ed7i s\u1ea3n ph\u1ea9m l\u00e0 <strong data-start=\"2434\" data-end=\"2454\">t\u00e1c ph\u1ea9m \u0111\u1ed9c b\u1ea3n<\/strong>, mang gi\u00e1 tr\u1ecb v\u0103n h\u00f3a v\u00e0 ngh\u1ec7 thu\u1eadt b\u1ec1n v\u1eefng theo th\u1eddi gian.<\/p>\n<\/li>\n<\/ul>\n<hr data-start=\"2519\" data-end=\"2522\" \/>\n<p data-start=\"2524\" data-end=\"2552\">\ud83d\udd38 <strong data-start=\"2527\" data-end=\"2550\">Ch\u1ea5t l\u01b0\u1ee3ng &amp; \u0111\u1ed9 b\u1ec1n<\/strong><\/p>\n<p data-start=\"2554\" data-end=\"2721\">\u0110\u1ed3ng Tonkin Craft c\u00e0ng d\u00f9ng c\u00e0ng \u0111\u1eb9p \u2014 theo th\u1eddi gian, b\u1ec1 m\u1eb7t \u0111\u1ed3ng d\u1ea7n chuy\u1ec3n sang s\u1eafc <strong data-start=\"2641\" data-end=\"2661\">tr\u1ea7m \u1ea5m, c\u1ed5 \u0111i\u1ec3n<\/strong>, th\u1ec3 hi\u1ec7n n\u00e9t s\u1ed1ng \u0111\u1ed9ng t\u1ef1 nhi\u00ean v\u00e0 d\u1ea5u \u1ea5n c\u1ee7a ng\u01b0\u1eddi \u0111eo.<\/p>\n<hr data-start=\"2723\" data-end=\"2726\" \/>\n<p data-start=\"2728\" data-end=\"2756\">\ud83d\udca7 <strong data-start=\"2731\" data-end=\"2754\">Ch\u0103m s\u00f3c &amp; b\u1ea3o qu\u1ea3n<\/strong><\/p>\n<ul data-start=\"2758\" data-end=\"2982\">\n<li data-start=\"2758\" data-end=\"2840\">\n<p data-start=\"2760\" data-end=\"2840\">Khi v\u00f2ng xu\u1ed1ng m\u00e0u, c\u00f3 th\u1ec3 l\u00e0m s\u00e1ng l\u1ea1i b\u1eb1ng <strong data-start=\"2805\" data-end=\"2837\">chanh, gi\u1ea5m ho\u1eb7c baking soda<\/strong>.<\/p>\n<\/li>\n<li data-start=\"2841\" data-end=\"2912\">\n<p data-start=\"2843\" data-end=\"2912\">Tr\u00e1nh ti\u1ebfp x\u00fac v\u1edbi <strong data-start=\"2862\" data-end=\"2879\">h\u00f3a ch\u1ea5t m\u1ea1nh<\/strong> (n\u01b0\u1edbc hoa, x\u00e0 ph\u00f2ng, m\u1ef9 ph\u1ea9m).<\/p>\n<\/li>\n<li data-start=\"2913\" data-end=\"2982\">\n<p data-start=\"2915\" data-end=\"2982\">C\u1ea5t gi\u1eef n\u01a1i kh\u00f4 r\u00e1o, trong <strong data-start=\"2942\" data-end=\"2965\">t\u00fai v\u1ea3i ho\u1eb7c h\u1ed9p g\u1ed7<\/strong> c\u00f3 g\u00f3i h\u00fat \u1ea9m.<\/p>\n<\/li>\n<\/ul>\n<hr data-start=\"2984\" data-end=\"2987\" \/>\n<p data-start=\"2989\" data-end=\"3196\">\ud83c\udf3f<br data-start=\"2991\" data-end=\"2994\" \/><strong data-start=\"2994\" data-end=\"3019\">V\u00f2ng Tay \u0110\u1ed3ng C\u1ecf 4 L\u00e1<\/strong> kh\u00f4ng ch\u1ec9 l\u00e0 m\u00f3n trang s\u1ee9c, m\u00e0 c\u00f2n l\u00e0 <strong data-start=\"3058\" data-end=\"3122\">bi\u1ec3u t\u01b0\u1ee3ng c\u1ee7a ni\u1ec1m tin, may m\u1eafn v\u00e0 n\u0103ng l\u01b0\u1ee3ng s\u1ed1ng t\u00edch c\u1ef1c<\/strong> \u2013 l\u1eddi ch\u00fac an l\u00e0nh m\u00e0 Tonkin Craft g\u1eedi g\u1eafm qua \u0111\u00f4i tay ng\u01b0\u1eddi ngh\u1ec7 nh\u00e2n.<\/p>\n","protected":false},"excerpt":{"rendered":"<p><strong data-start=\"151\" data-end=\"223\">V\u00f2ng Tay \u0110\u1ed3ng C\u1ecf 4 L\u00e1 \u2013 Bi\u1ec3u t\u01b0\u1ee3ng c\u1ee7a ni\u1ec1m tin, hy v\u1ecdng v\u00e0 may m\u1eafn.<\/strong><br data-start=\"223\" data-end=\"226\" \/>\u0110\u01b0\u1ee3c ch\u1ebf t\u00e1c ho\u00e0n to\u00e0n th\u1ee7 c\u00f4ng t\u1eeb \u0111\u1ed3ng nguy\u00ean ch\u1ea5t, chi\u1ebfc v\u00f2ng mang n\u00e9t \u0111\u1eb9p m\u1ed9c m\u1ea1c, s\u00e1ng \u1ea5m v\u00e0 \u0111\u1ea7y n\u0103ng l\u01b0\u1ee3ng t\u00edch c\u1ef1c.<br data-start=\"347\" data-end=\"350\" \/>M\u1ed7i chi ti\u1ebft ch\u1ea1m kh\u1eafc l\u00e0 m\u1ed9t l\u1eddi ch\u00fac an l\u00e0nh, nh\u01b0 chi\u1ebfc l\u00e1 nh\u1ecf mang theo may m\u1eafn \u0111\u1ed3ng h\u00e0nh c\u00f9ng b\u1ea1n tr\u00ean m\u1ecdi h\u00e0nh tr\u00ecnh.<\/p>\n<p>Th\u00f4ng tin chi ti\u1ebft SP:<\/p>\n<p>\u2013 Ch\u1ea5t li\u1ec7u: \u0110\u1ed3ng thau, \u0111\u1ed3ng \u0111\u1ecf nguy\u00ean ch\u1ea5t\/M\u1ea1 B\u1ea1c<\/p>\n<p>-K\u00edch th\u01b0\u1edbc: \u0110\u01b0\u1eddng k\u00ednh 6cm<\/p>\n<p>\u2013 Nh\u1eadn l\u00e0m theo m\u1eabu, k\u00edch th\u01b0\u1edbc y\u00eau c\u1ea7u<\/p>\n<p>Kh\u00e1c bi\u1ec7t v\u1edbi nh\u1eefng m\u1eabu v\u00f2ng hi\u1ec7n \u0111\u1ea1i, v\u00f2ng ki\u1ec1ng l\u00e1 t\u1ea1i Tonkin Craft ch\u00ednh l\u00e0 \u201c\u0111\u1eb7c s\u1ea3n\u201d, l\u00e0m t\u00f4n l\u00ean n\u00e9t \u0111\u1eb9p truy\u1ec1n th\u1ed1ng v\u1ed1n c\u00f3 c\u1ee7a t\u00e0 \u00e1o d\u00e0i, \u00e1o l\u1ee5a. V\u1edbi k\u1ebft c\u1ea5u l\u00e0 chi\u1ebfc ki\u1ec1ng m\u1edf v\u00e0 l\u00e1, l\u00e0m \u0111i\u1ec3m nh\u1ea5n cho trang ph\u1ee5c th\u00eam ph\u1ea7n kh\u00e1c bi\u1ec7t v\u00e0 n\u1ed5i b\u1eadt g\u01b0\u01a1ng m\u1eb7t.<\/p>\n","protected":false},"featured_media":2627,"comment_status":"open","ping_status":"closed","template":"","meta":[],"product_brand":[],"product_cat":[276],"product_tag":[219,216,220,221,218,217,271,259,272,260],"class_list":{"0":"post-2626","1":"product","2":"type-product","3":"status-publish","4":"has-post-thumbnail","6":"product_cat-vong-tay","7":"product_tag-kieng-deo-co","8":"product_tag-kieng-dong","9":"product_tag-kieng-hoa-sen","10":"product_tag-phu-kien-dong","11":"product_tag-vong-co","12":"product_tag-vong-dong","13":"product_tag-vong-ran","14":"product_tag-vong-tay-dong","15":"product_tag-vong-tay-ran","16":"product_tag-vong-tay-thu-cong","18":"first","19":"instock","20":"shipping-taxable","21":"product-type-simple"},"aioseo_notices":[],"_links":{"self":[{"href":"https:\/\/tonkincraft.vn\/vn\/wp-json\/wp\/v2\/product\/2626","targetHints":{"allow":["GET"]}}],"collection":[{"href":"https:\/\/tonkincraft.vn\/vn\/wp-json\/wp\/v2\/product"}],"about":[{"href":"https:\/\/tonkincraft.vn\/vn\/wp-json\/wp\/v2\/types\/product"}],"replies":[{"embeddable":true,"href":"https:\/\/tonkincraft.vn\/vn\/wp-json\/wp\/v2\/comments?post=2626"}],"wp:featuredmedia":[{"embeddable":true,"href":"https:\/\/tonkincraft.vn\/vn\/wp-json\/wp\/v2\/media\/2627"}],"wp:attachment":[{"href":"https:\/\/tonkincraft.vn\/vn\/wp-json\/wp\/v2\/media?parent=2626"}],"wp:term":[{"taxonomy":"product_brand","embeddable":true,"href":"https:\/\/tonkincraft.vn\/vn\/wp-json\/wp\/v2\/product_brand?post=2626"},{"taxonomy":"product_cat","embeddable":true,"href":"https:\/\/tonkincraft.vn\/vn\/wp-json\/wp\/v2\/product_cat?post=2626"},{"taxonomy":"product_tag","embeddable":true,"href":"https:\/\/tonkincraft.vn\/vn\/wp-json\/wp\/v2\/product_tag?post=2626"}],"curies":[{"name":"wp","href":"https:\/\/api.w.org\/{rel}","templated":true}]}}