{"id":2625,"date":"2025-02-22T01:16:38","date_gmt":"2025-02-21T18:16:38","guid":{"rendered":"https:\/\/tonkincraft.vn\/vn\/?post_type=product&#038;p=2625"},"modified":"2025-10-07T22:14:24","modified_gmt":"2025-10-07T15:14:24","slug":"vong-tay-cham-truc-ma-bac-thu-cong","status":"publish","type":"product","link":"https:\/\/tonkincraft.vn\/vn\/product\/vong-tay-cham-truc-ma-bac-thu-cong\/","title":{"rendered":"V\u00f2ng Tay M\u1ea1 B\u1ea1c Ch\u1ea1m Tre Tr\u00fac"},"content":{"rendered":"<p data-start=\"0\" data-end=\"79\"><strong data-start=\"0\" data-end=\"77\">V\u00f2ng Tay Ch\u1ea1m C\u00e2y Tre Tr\u00fac \u2013 M\u1ed9c m\u1ea1c, thanh tao v\u00e0 \u0111\u1eadm h\u1ed3n Vi\u1ec7t<\/strong><\/p>\n<p data-start=\"81\" data-end=\"337\">L\u1ea5y c\u1ea3m h\u1ee9ng t\u1eeb <strong data-start=\"97\" data-end=\"116\">c\u00e2y tre v\u00e0 tr\u00fac<\/strong> \u2013 bi\u1ec3u t\u01b0\u1ee3ng c\u1ee7a <strong data-start=\"134\" data-end=\"190\">s\u1ee9c s\u1ed1ng b\u1ec1n b\u1ec9, kh\u00ed ti\u1ebft ki\u00ean c\u01b0\u1eddng v\u00e0 s\u1ef1 thanh cao<\/strong> trong v\u0103n h\u00f3a Vi\u1ec7t, <strong data-start=\"211\" data-end=\"251\">V\u00f2ng Tay \u0110\u1ed3ng V\u00e0ng Ch\u1ea1m C\u00e2y Tre Tr\u00fac<\/strong> \u0111\u01b0\u1ee3c ch\u1ebf t\u00e1c <strong data-start=\"265\" data-end=\"307\">th\u1ee7 c\u00f4ng 100% t\u1eeb \u0111\u1ed3ng v\u00e0ng nguy\u00ean ch\u1ea5t<\/strong> b\u1edfi ngh\u1ec7 nh\u00e2n Tonkin Craft.<\/p>\n<p data-start=\"339\" data-end=\"656\">T\u1eebng nh\u00e1nh tre, l\u00e1 tr\u00fac \u0111\u01b0\u1ee3c <strong data-start=\"368\" data-end=\"387\">g\u00f2 ch\u1ea1m tinh t\u1ebf<\/strong>, t\u1ea1o \u0111\u01b0\u1eddng n\u00e9t m\u1ec1m m\u1ea1i nh\u01b0ng s\u1ed1ng \u0111\u1ed9ng, \u00e1nh \u0111\u1ed3ng m\u1edd c\u1ed5 \u0111i\u1ec3n h\u00f2a c\u00f9ng b\u1ed1 c\u1ee5c h\u00e0i h\u00f2a, mang \u0111\u1ebfn v\u1ebb <strong data-start=\"485\" data-end=\"517\">m\u1ed9c m\u1ea1c, t\u1ef1 nhi\u00ean v\u00e0 tinh t\u1ebf<\/strong>. M\u1ed7i chi\u1ebfc v\u00f2ng l\u00e0 <strong data-start=\"537\" data-end=\"558\">phi\u00ean b\u1ea3n \u0111\u1ed9c b\u1ea3n<\/strong>, l\u01b0u gi\u1eef d\u1ea5u v\u00e2n b\u00faa th\u1ee7 c\u00f4ng, g\u1ee3i nh\u1eafc \u0111\u1ebfn s\u1ef1 t\u1ec9 m\u1ec9 v\u00e0 linh h\u1ed3n c\u1ee7a ngh\u1ec1 g\u00f2 \u0111\u1ed3ng truy\u1ec1n th\u1ed1ng.<\/p>\n<p data-start=\"658\" data-end=\"674\">\ud83c\udf3f <strong data-start=\"661\" data-end=\"672\">\u00dd ngh\u0129a<\/strong><\/p>\n<ul data-start=\"675\" data-end=\"898\">\n<li data-start=\"675\" data-end=\"790\">\n<p data-start=\"677\" data-end=\"790\">Tre tr\u00fac t\u01b0\u1ee3ng tr\u01b0ng cho <strong data-start=\"702\" data-end=\"740\">s\u1ef1 ki\u00ean c\u01b0\u1eddng, thanh cao v\u00e0 b\u1ec1n b\u1ec9<\/strong>, l\u00e0 l\u1eddi nh\u1eafc v\u1ec1 kh\u00ed ti\u1ebft v\u00e0 tinh th\u1ea7n v\u01b0\u01a1n l\u00ean.<\/p>\n<\/li>\n<li data-start=\"791\" data-end=\"898\">\n<p data-start=\"793\" data-end=\"898\">Mang n\u0103ng l\u01b0\u1ee3ng <strong data-start=\"809\" data-end=\"846\">an y\u00ean v\u00e0 k\u1ebft n\u1ed1i v\u1edbi thi\u00ean nhi\u00ean<\/strong>, ph\u00f9 h\u1ee3p cho ng\u01b0\u1eddi y\u00eau v\u1ebb \u0111\u1eb9p gi\u1ea3n d\u1ecb m\u00e0 s\u00e2u s\u1eafc.<\/p>\n<\/li>\n<\/ul>\n<p data-start=\"900\" data-end=\"928\">\ud83d\udc9b <strong data-start=\"903\" data-end=\"926\">C\u00e1ch ph\u1ed1i &amp; s\u1eed d\u1ee5ng<\/strong><\/p>\n<ul data-start=\"929\" data-end=\"1202\">\n<li data-start=\"929\" data-end=\"1030\">\n<p data-start=\"931\" data-end=\"1030\">Ph\u1ed1i c\u00f9ng <strong data-start=\"941\" data-end=\"988\">\u00e1o d\u00e0i, v\u00e1y linen, ho\u1eb7c trang ph\u1ee5c t\u1ed1i gi\u1ea3n<\/strong> \u0111\u1ec3 t\u00f4n l\u00ean n\u00e9t thanh tho\u00e1t, duy\u00ean d\u00e1ng.<\/p>\n<\/li>\n<li data-start=\"1031\" data-end=\"1110\">\n<p data-start=\"1033\" data-end=\"1110\">Ph\u00f9 h\u1ee3p cho c\u1ea3 nam v\u00e0 n\u1eef, \u0111eo \u0111\u01a1n gi\u1ea3n ho\u1eb7c k\u1ebft h\u1ee3p v\u1edbi c\u00e1c v\u00f2ng m\u1ea3nh kh\u00e1c.<\/p>\n<\/li>\n<li data-start=\"1111\" data-end=\"1202\">\n<p data-start=\"1113\" data-end=\"1202\">L\u00e0 <strong data-start=\"1116\" data-end=\"1135\">m\u00f3n qu\u00e0 \u00fd ngh\u0129a<\/strong>, truy\u1ec1n t\u1ea3i gi\u00e1 tr\u1ecb v\u0103n h\u00f3a Vi\u1ec7t v\u00e0 s\u1ef1 tinh x\u1ea3o c\u1ee7a \u0111\u1ed3 th\u1ee7 c\u00f4ng.<\/p>\n<\/li>\n<\/ul>\n<p data-start=\"1204\" data-end=\"1231\">\ud83d\udee0 <strong data-start=\"1207\" data-end=\"1229\">Ch\u1ebf t\u00e1c &amp; B\u1ea3o qu\u1ea3n<\/strong><\/p>\n<ul data-start=\"1232\" data-end=\"1514\">\n<li data-start=\"1232\" data-end=\"1323\">\n<p data-start=\"1234\" data-end=\"1323\">Th\u1ee7 c\u00f4ng 100% b\u1edfi ngh\u1ec7 nh\u00e2n Tonkin Craft \u2013 t\u1eeb t\u1ea1o h\u00ecnh, g\u00f2 ch\u1ea1m \u0111\u1ebfn \u0111\u00e1nh b\u00f3ng t\u1ef1 nhi\u00ean.<\/p>\n<\/li>\n<li data-start=\"1324\" data-end=\"1377\">\n<p data-start=\"1326\" data-end=\"1377\">\u00c1nh \u0111\u1ed3ng c\u1ed5 \u0111i\u1ec3n, c\u00e0ng d\u00f9ng c\u00e0ng l\u00ean m\u00e0u tr\u1ea7m \u1ea5m.<\/p>\n<\/li>\n<li data-start=\"1378\" data-end=\"1458\">\n<p data-start=\"1380\" data-end=\"1458\">Lau kh\u00f4 b\u1eb1ng kh\u0103n m\u1ec1m, tr\u00e1nh ti\u1ebfp x\u00fac v\u1edbi n\u01b0\u1edbc hoa, chlorine ho\u1eb7c n\u01b0\u1edbc bi\u1ec3n.<\/p>\n<\/li>\n<li data-start=\"1459\" data-end=\"1514\">\n<p data-start=\"1461\" data-end=\"1514\">B\u1ea3o qu\u1ea3n n\u01a1i kh\u00f4 tho\u00e1ng, trong t\u00fai v\u1ea3i ho\u1eb7c h\u1ed9p g\u1ed7.<\/p>\n<\/li>\n<\/ul>\n<p data-start=\"1516\" data-end=\"1722\" data-is-last-node=\"\" data-is-only-node=\"\"><strong data-start=\"1516\" data-end=\"1556\">V\u00f2ng Tay \u0110\u1ed3ng V\u00e0ng Ch\u1ea1m C\u00e2y Tre Tr\u00fac<\/strong> kh\u00f4ng ch\u1ec9 l\u00e0 m\u00f3n trang s\u1ee9c, m\u00e0 l\u00e0 <strong data-start=\"1591\" data-end=\"1619\">m\u1ed9t l\u00e1t c\u1eaft v\u0103n h\u00f3a Vi\u1ec7t<\/strong>, n\u01a1i b\u00e0n tay ng\u01b0\u1eddi ngh\u1ec7 nh\u00e2n g\u1eedi g\u1eafm h\u1ed3n \u0111\u1ed3ng v\u00e0 kh\u00ed ti\u1ebft truy\u1ec1n th\u1ed1ng trong t\u1eebng \u0111\u01b0\u1eddng ch\u1ea1m tinh x\u1ea3o.<\/p>\n","protected":false},"excerpt":{"rendered":"<p data-start=\"0\" data-end=\"174\"><strong data-start=\"0\" data-end=\"40\">V\u00f2ng Tay Ch\u1ea1m C\u00e2y Tre Tr\u00fac<\/strong> \u2013 ch\u1ebf t\u00e1c th\u1ee7 c\u00f4ng 100% t\u1eeb \u0111\u1ed3ng v\u00e0ng nguy\u00ean ch\u1ea5t, l\u1ea5y c\u1ea3m h\u1ee9ng t\u1eeb <strong data-start=\"107\" data-end=\"171\" data-is-only-node=\"\">tre tr\u00fac \u2013 bi\u1ec3u t\u01b0\u1ee3ng c\u1ee7a s\u1ef1 ki\u00ean c\u01b0\u1eddng, thanh cao v\u00e0 b\u1ec1n b\u1ec9<\/strong>.<\/p>\n<p data-start=\"176\" data-end=\"420\" data-is-last-node=\"\" data-is-only-node=\"\">T\u1eebng nh\u00e1nh tre, l\u00e1 tr\u00fac \u0111\u01b0\u1ee3c g\u00f2 ch\u1ea1m tinh t\u1ebf, \u00e1nh \u0111\u1ed3ng m\u1edd c\u1ed5 \u0111i\u1ec3n mang v\u1ebb <strong data-start=\"250\" data-end=\"275\">m\u1ed9c m\u1ea1c nh\u01b0ng tinh t\u1ebf<\/strong>. Ph\u00f9 h\u1ee3p cho c\u1ea3 nam v\u00e0 n\u1eef, d\u1ec5 ph\u1ed1i v\u1edbi trang ph\u1ee5c t\u1ef1 nhi\u00ean, v\u00e0 l\u00e0 <strong data-start=\"342\" data-end=\"367\">m\u00f3n trang s\u1ee9c \u00fd ngh\u0129a<\/strong> l\u01b0u gi\u1eef h\u1ed3n Vi\u1ec7t v\u00e0 tinh th\u1ea7n th\u1ee7 c\u00f4ng truy\u1ec1n th\u1ed1ng.<\/p>\n<p>Th\u00f4ng tin chi ti\u1ebft SP:<\/p>\n<p>\u2013 Ch\u1ea5t li\u1ec7u: \u0110\u1ed3ng thau, \u0111\u1ed3ng \u0111\u1ecf nguy\u00ean ch\u1ea5t m\u1ea1 b\u1ea1c<\/p>\n<p>\u2013 Ph\u01b0\u01a1ng c\u00e1ch ch\u1ebf t\u1ea1o: Th\u1ee7 c\u00f4ng, g\u00f2 tay<\/p>\n<p>\u2013 Xu\u1ea5t x\u1ee9: Vi\u1ec7t Nam<\/p>\n<p>\u2013 M\u00e0u s\u1eafc: v\u00e0ng<\/p>\n<p>-K\u00edch th\u01b0\u1edbc: \u0110\u01b0\u1eddng k\u00ednh 6cm<\/p>\n<p>\u2013 Nh\u1eadn l\u00e0m theo m\u1eabu, k\u00edch th\u01b0\u1edbc y\u00eau c\u1ea7u<\/p>\n<p>Kh\u00e1c bi\u1ec7t v\u1edbi nh\u1eefng m\u1eabu v\u00f2ng hi\u1ec7n \u0111\u1ea1i, v\u00f2ng ki\u1ec1ng l\u00e1 t\u1ea1i Tonkin Craft ch\u00ednh l\u00e0 \u201c\u0111\u1eb7c s\u1ea3n\u201d, l\u00e0m t\u00f4n l\u00ean n\u00e9t \u0111\u1eb9p truy\u1ec1n th\u1ed1ng v\u1ed1n c\u00f3 c\u1ee7a t\u00e0 \u00e1o d\u00e0i, \u00e1o l\u1ee5a. V\u1edbi k\u1ebft c\u1ea5u l\u00e0 chi\u1ebfc ki\u1ec1ng m\u1edf v\u00e0 l\u00e1, l\u00e0m \u0111i\u1ec3m nh\u1ea5n cho trang ph\u1ee5c th\u00eam ph\u1ea7n kh\u00e1c bi\u1ec7t v\u00e0 n\u1ed5i b\u1eadt g\u01b0\u01a1ng m\u1eb7t.<\/p>\n","protected":false},"featured_media":3329,"comment_status":"open","ping_status":"closed","template":"","meta":[],"product_brand":[],"product_cat":[276],"product_tag":[219,216,220,221,218,217,271,259,272,260],"class_list":{"0":"post-2625","1":"product","2":"type-product","3":"status-publish","4":"has-post-thumbnail","6":"product_cat-vong-tay","7":"product_tag-kieng-deo-co","8":"product_tag-kieng-dong","9":"product_tag-kieng-hoa-sen","10":"product_tag-phu-kien-dong","11":"product_tag-vong-co","12":"product_tag-vong-dong","13":"product_tag-vong-ran","14":"product_tag-vong-tay-dong","15":"product_tag-vong-tay-ran","16":"product_tag-vong-tay-thu-cong","18":"first","19":"instock","20":"shipping-taxable","21":"product-type-simple"},"aioseo_notices":[],"_links":{"self":[{"href":"https:\/\/tonkincraft.vn\/vn\/wp-json\/wp\/v2\/product\/2625","targetHints":{"allow":["GET"]}}],"collection":[{"href":"https:\/\/tonkincraft.vn\/vn\/wp-json\/wp\/v2\/product"}],"about":[{"href":"https:\/\/tonkincraft.vn\/vn\/wp-json\/wp\/v2\/types\/product"}],"replies":[{"embeddable":true,"href":"https:\/\/tonkincraft.vn\/vn\/wp-json\/wp\/v2\/comments?post=2625"}],"wp:featuredmedia":[{"embeddable":true,"href":"https:\/\/tonkincraft.vn\/vn\/wp-json\/wp\/v2\/media\/3329"}],"wp:attachment":[{"href":"https:\/\/tonkincraft.vn\/vn\/wp-json\/wp\/v2\/media?parent=2625"}],"wp:term":[{"taxonomy":"product_brand","embeddable":true,"href":"https:\/\/tonkincraft.vn\/vn\/wp-json\/wp\/v2\/product_brand?post=2625"},{"taxonomy":"product_cat","embeddable":true,"href":"https:\/\/tonkincraft.vn\/vn\/wp-json\/wp\/v2\/product_cat?post=2625"},{"taxonomy":"product_tag","embeddable":true,"href":"https:\/\/tonkincraft.vn\/vn\/wp-json\/wp\/v2\/product_tag?post=2625"}],"curies":[{"name":"wp","href":"https:\/\/api.w.org\/{rel}","templated":true}]}}