{"id":2598,"date":"2025-02-20T02:10:41","date_gmt":"2025-02-19T19:10:41","guid":{"rendered":"https:\/\/tonkincraft.vn\/vn\/?post_type=product&#038;p=2598"},"modified":"2025-10-07T12:52:55","modified_gmt":"2025-10-07T05:52:55","slug":"tram-phuong-dong-cham-tay-thu-cong-tram-dong-cai-toc","status":"publish","type":"product","link":"https:\/\/tonkincraft.vn\/vn\/product\/tram-phuong-dong-cham-tay-thu-cong-tram-dong-cai-toc\/","title":{"rendered":"Tr\u00e2m \u0110\u1ed3ng Ph\u01b0\u1ee3ng Ch\u1ea1m Tay Th\u1ee7 C\u00f4ng"},"content":{"rendered":"<h3 data-start=\"163\" data-end=\"216\"><strong data-start=\"167\" data-end=\"216\">Tr\u00e2m \u0111\u1ed3ng Ph\u01b0\u1ee3ng \u2013 V\u1ebb \u0111\u1eb9p cao qu\u00fd v\u00e0 t\u00e1i sinh<\/strong><\/h3>\n<p data-start=\"218\" data-end=\"534\">L\u1ea5y c\u1ea3m h\u1ee9ng t\u1eeb h\u00ecnh t\u01b0\u1ee3ng <strong data-start=\"245\" data-end=\"266\">chim Ph\u01b0\u1ee3ng Ho\u00e0ng<\/strong> \u2013 lo\u00e0i linh \u0111i\u1ec3u bi\u1ec3u tr\u01b0ng cho <strong data-start=\"299\" data-end=\"342\">v\u1ebb \u0111\u1eb9p, s\u1ef1 cao qu\u00fd v\u00e0 s\u1ee9c m\u1ea1nh t\u00e1i sinh<\/strong>, <strong data-start=\"344\" data-end=\"364\">Tr\u00e2m \u0111\u1ed3ng Ph\u01b0\u1ee3ng<\/strong> \u0111\u01b0\u1ee3c <strong data-start=\"370\" data-end=\"400\">g\u00f2 ch\u1ea1m ho\u00e0n to\u00e0n th\u1ee7 c\u00f4ng<\/strong> t\u1eeb <strong data-start=\"404\" data-end=\"429\">\u0111\u1ed3ng v\u00e0ng nguy\u00ean ch\u1ea5t<\/strong> b\u1edfi <strong data-start=\"434\" data-end=\"460\">ngh\u1ec7 nh\u00e2n Tonkin Craft<\/strong>, l\u01b0u gi\u1eef v\u1ebb uy\u1ec3n chuy\u1ec3n v\u00e0 linh kh\u00ed v\u0103n h\u00f3a \u00c1 \u0110\u00f4ng trong t\u1eebng chi ti\u1ebft.<\/p>\n<p data-start=\"536\" data-end=\"868\">H\u00ecnh d\u00e1ng chim ph\u01b0\u1ee3ng \u0111\u01b0\u1ee3c t\u1ea1o kh\u1ed1i m\u1ec1m m\u1ea1i, c\u00e1nh v\u00e0 \u0111u\u00f4i x\u00f2e t\u1ef1 nhi\u00ean, \u0111\u01b0\u1eddng ch\u1ea1m tinh x\u1ea3o \u0111\u1ebfn t\u1eebng s\u1ee3i l\u00f4ng \u2013 t\u00f4n vinh v\u1ebb \u0111\u1eb9p c\u1ee7a ng\u01b0\u1eddi ph\u1ee5 n\u1eef Vi\u1ec7t: <strong data-start=\"687\" data-end=\"721\">ki\u00eau h\u00e3nh, d\u1ecbu d\u00e0ng m\u00e0 m\u1ea1nh m\u1ebd<\/strong>.<br data-start=\"722\" data-end=\"725\" \/>\u00c1nh \u0111\u1ed3ng m\u1edd c\u1ed5 \u0111i\u1ec3n k\u1ebft h\u1ee3p c\u00f9ng n\u00e9t t\u1ea1o h\u00ecnh thanh tho\u00e1t gi\u00fap chi\u1ebfc tr\u00e2m v\u1eeba mang phong v\u1ecb truy\u1ec1n th\u1ed1ng, v\u1eeba ph\u1ea3ng ph\u1ea5t tinh th\u1ea7n \u0111\u01b0\u01a1ng \u0111\u1ea1i.<\/p>\n<hr data-start=\"870\" data-end=\"873\" \/>\n<p data-start=\"875\" data-end=\"909\">\ud83c\udf38 <strong data-start=\"878\" data-end=\"907\">C\u00e1ch ph\u1ed1i c\u00f9ng trang ph\u1ee5c<\/strong><\/p>\n<ul data-start=\"910\" data-end=\"1183\">\n<li data-start=\"910\" data-end=\"998\">\n<p data-start=\"912\" data-end=\"998\"><strong data-start=\"912\" data-end=\"943\">\u00c1o d\u00e0i, \u00e1o t\u1ee9 th\u00e2n, \u00e1o y\u1ebfm:<\/strong> t\u00f4n l\u00ean v\u1ebb \u0111\u1eb9p truy\u1ec1n th\u1ed1ng, sang tr\u1ecdng v\u00e0 qu\u00fd ph\u00e1i.<\/p>\n<\/li>\n<li data-start=\"999\" data-end=\"1094\">\n<p data-start=\"1001\" data-end=\"1094\"><strong data-start=\"1001\" data-end=\"1029\">V\u00e1y linen, \u0111\u1ea7m hi\u1ec7n \u0111\u1ea1i:<\/strong> t\u1ea1o \u0111i\u1ec3m nh\u1ea5n ngh\u1ec7 thu\u1eadt \u0111\u1ed9c \u0111\u00e1o, mang h\u01a1i th\u1edf \u00c1 \u0110\u00f4ng tinh t\u1ebf.<\/p>\n<\/li>\n<li data-start=\"1095\" data-end=\"1183\">\n<p data-start=\"1097\" data-end=\"1183\"><strong data-start=\"1097\" data-end=\"1121\">Trang ph\u1ee5c t\u1ed1i gi\u1ea3n:<\/strong> chi\u1ebfc tr\u00e2m tr\u1edf th\u00e0nh ph\u1ee5 ki\u1ec7n n\u1ed5i b\u1eadt, \u0111\u1ea7y t\u00ednh bi\u1ec3u t\u01b0\u1ee3ng.<\/p>\n<\/li>\n<\/ul>\n<hr data-start=\"1185\" data-end=\"1188\" \/>\n<p data-start=\"1190\" data-end=\"1404\">\ud83d\udee0 <strong data-start=\"1193\" data-end=\"1204\">Ch\u1ebf t\u00e1c<\/strong><br data-start=\"1204\" data-end=\"1207\" \/>Th\u1ee7 c\u00f4ng 100% b\u1edfi <strong data-start=\"1225\" data-end=\"1251\">ngh\u1ec7 nh\u00e2n Tonkin Craft<\/strong> \u2013 t\u1eeb kh\u00e2u ch\u1ecdn \u0111\u1ed3ng, g\u00f2 t\u1ea1o h\u00ecnh, ch\u1ea1m chi ti\u1ebft l\u00f4ng c\u00e1nh \u0111\u1ebfn <strong data-start=\"1314\" data-end=\"1339\">\u0111\u00e1nh b\u00f3ng m\u1edd t\u1ef1 nhi\u00ean<\/strong>, gi\u1eef nguy\u00ean v\u1eb9n h\u01a1i th\u1edf th\u1ee7 c\u00f4ng v\u00e0 d\u1ea5u v\u1ebft b\u00e0n tay ng\u01b0\u1eddi th\u1ee3.<\/p>\n<p data-start=\"1406\" data-end=\"1589\">\ud83c\udf81 <strong data-start=\"1409\" data-end=\"1421\">\u1ee8ng d\u1ee5ng<\/strong><br data-start=\"1421\" data-end=\"1424\" \/>Ph\u00f9 h\u1ee3p d\u00f9ng khi d\u1ef1 ti\u1ec7c, ch\u1ee5p \u1ea3nh \u00e1o d\u00e0i, bi\u1ec3u di\u1ec5n ngh\u1ec7 thu\u1eadt, ho\u1eb7c l\u00e0m <strong data-start=\"1498\" data-end=\"1517\">m\u00f3n qu\u00e0 cao c\u1ea5p<\/strong> \u2013 g\u1eedi trao l\u1eddi ch\u00fac <strong data-start=\"1538\" data-end=\"1586\">ph\u00fa qu\u00fd, c\u00e1t t\u01b0\u1eddng v\u00e0 t\u00e1i sinh trong may m\u1eafn<\/strong>.<\/p>\n<hr data-start=\"1591\" data-end=\"1594\" \/>\n<p data-start=\"1596\" data-end=\"1796\">\ud83c\udf3f <strong data-start=\"1599\" data-end=\"1640\">S\u1ef1 kh\u00e1c bi\u1ec7t c\u1ee7a \u0111\u1ed3 \u0111\u1ed3ng Tonkin Craft<\/strong><br data-start=\"1640\" data-end=\"1643\" \/>M\u1ed7i s\u1ea3n ph\u1ea9m l\u00e0 <strong data-start=\"1659\" data-end=\"1670\">\u0111\u1ed9c b\u1ea3n<\/strong>, kh\u00f4ng khu\u00f4n \u0111\u00fac, th\u1ec3 hi\u1ec7n s\u1ef1 h\u00f2a quy\u1ec7n gi\u1eefa <strong data-start=\"1716\" data-end=\"1759\">tinh hoa g\u00f2 ch\u1ea1m \u0111\u1ed3ng truy\u1ec1n th\u1ed1ng Vi\u1ec7t<\/strong> v\u00e0 <strong data-start=\"1763\" data-end=\"1793\">ng\u00f4n ng\u1eef thi\u1ebft k\u1ebf hi\u1ec7n \u0111\u1ea1i<\/strong>.<\/p>\n<hr data-start=\"1798\" data-end=\"1801\" \/>\n<p data-start=\"1803\" data-end=\"1833\">\ud83d\udc9b <strong data-start=\"1806\" data-end=\"1831\">Ch\u1ea5t l\u01b0\u1ee3ng &amp; B\u1ea3o qu\u1ea3n<\/strong><\/p>\n<ul data-start=\"1834\" data-end=\"2067\">\n<li data-start=\"1834\" data-end=\"1915\">\n<p data-start=\"1836\" data-end=\"1915\">\u0110\u1ed3ng c\u00e0ng d\u00f9ng c\u00e0ng l\u00ean m\u00e0u tr\u1ea7m \u1ea5m \u2013 ph\u1ea3n chi\u1ebfu th\u1eddi gian v\u00e0 d\u1ea5u \u1ea5n c\u00e1 nh\u00e2n.<\/p>\n<\/li>\n<li data-start=\"1916\" data-end=\"1971\">\n<p data-start=\"1918\" data-end=\"1971\">L\u00e0m s\u00e1ng b\u1eb1ng chanh, gi\u1ea5m ho\u1eb7c baking soda khi c\u1ea7n.<\/p>\n<\/li>\n<li data-start=\"1972\" data-end=\"2067\">\n<p data-start=\"1974\" data-end=\"2067\">Tr\u00e1nh ti\u1ebfp x\u00fac tr\u1ef1c ti\u1ebfp v\u1edbi h\u00f3a ch\u1ea5t m\u1ea1nh, b\u1ea3o qu\u1ea3n n\u01a1i kh\u00f4 r\u00e1o trong t\u00fai v\u1ea3i ho\u1eb7c h\u1ed9p g\u1ed7.<\/p>\n<\/li>\n<\/ul>\n<hr data-start=\"2069\" data-end=\"2072\" \/>\n<p data-start=\"2074\" data-end=\"2316\"><strong data-start=\"2074\" data-end=\"2094\">Tr\u00e2m \u0111\u1ed3ng Ph\u01b0\u1ee3ng<\/strong> kh\u00f4ng ch\u1ec9 l\u00e0 m\u00f3n trang s\u1ee9c c\u00e0i t\u00f3c, m\u00e0 c\u00f2n l\u00e0 <strong data-start=\"2141\" data-end=\"2191\">bi\u1ec3u t\u01b0\u1ee3ng c\u1ee7a v\u1ebb \u0111\u1eb9p ki\u00eau h\u00e3nh v\u00e0 s\u1ef1 h\u1ed3i sinh<\/strong>, n\u01a1i <strong data-start=\"2197\" data-end=\"2229\">ng\u01b0\u1eddi ngh\u1ec7 nh\u00e2n Tonkin Craft<\/strong> g\u1eedi g\u1eafm linh h\u1ed3n c\u1ee7a \u0111\u1ed3ng, c\u1ee7a v\u0103n h\u00f3a Vi\u1ec7t \u2013 l\u1ea5p l\u00e1nh qua t\u1eebng \u0111\u01b0\u1eddng ch\u1ea1m th\u1ee7 c\u00f4ng.<\/p>\n","protected":false},"excerpt":{"rendered":"<p><strong data-start=\"128\" data-end=\"185\">Tr\u00e2m \u0111\u1ed3ng Ph\u01b0\u1ee3ng \u2013 Bi\u1ec3u t\u01b0\u1ee3ng c\u1ee7a v\u1ebb \u0111\u1eb9p v\u00e0 t\u00e1i sinh.<\/strong><br data-start=\"185\" data-end=\"188\" \/>\u0110\u01b0\u1ee3c <strong data-start=\"193\" data-end=\"243\">ch\u1ebf t\u00e1c th\u1ee7 c\u00f4ng 100% t\u1eeb \u0111\u1ed3ng v\u00e0ng nguy\u00ean ch\u1ea5t<\/strong> b\u1edfi <strong data-start=\"248\" data-end=\"274\">ngh\u1ec7 nh\u00e2n Tonkin Craft<\/strong>, chi\u1ebfc tr\u00e2m mang h\u00ecnh d\u00e1ng chim Ph\u01b0\u1ee3ng Ho\u00e0ng \u2013 linh \u0111i\u1ec3u t\u01b0\u1ee3ng tr\u01b0ng cho <strong data-start=\"348\" data-end=\"403\" data-is-only-node=\"\">v\u1ebb \u0111\u1eb9p cao qu\u00fd, s\u1ef1 th\u1ecbnh v\u01b0\u1ee3ng v\u00e0 s\u1ee9c m\u1ea1nh t\u00e1i sinh<\/strong><\/p>\n<p>Th\u00f4ng tin chi ti\u1ebft SP:<\/p>\n<p>&#8211; Ch\u1ea5t li\u1ec7u: \u0110\u1ed3ng nguy\u00ean ch\u1ea5t<\/p>\n<p>&#8211; K\u00edch th\u01b0\u1edbc: chi\u1ec1u d\u00e0i 20cm<\/p>\n<p>&#8211; Nh\u1eadn l\u00e0m theo m\u1eabu, k\u00edch th\u01b0\u1edbc y\u00eau c\u1ea7u<\/p>\n","protected":false},"featured_media":2899,"comment_status":"open","ping_status":"closed","template":"","meta":[],"product_brand":[],"product_cat":[205],"product_tag":[212,213,214,227,209,231,215,269,210,211,268],"class_list":{"0":"post-2598","1":"product","2":"type-product","3":"status-publish","4":"has-post-thumbnail","6":"product_cat-tram-cai-toc","7":"product_tag-brass-hair-pin","8":"product_tag-phu-kien-toc","9":"product_tag-tram-ao-dai","10":"product_tag-tram-bac","11":"product_tag-tram-cai-toc","12":"product_tag-tram-co-4-la","13":"product_tag-tram-co-phuc","14":"product_tag-tram-con-ong","15":"product_tag-tram-dong","16":"product_tag-tram-thu-cong","17":"product_tag-tram-truc","19":"first","20":"instock","21":"shipping-taxable","22":"product-type-simple"},"aioseo_notices":[],"_links":{"self":[{"href":"https:\/\/tonkincraft.vn\/vn\/wp-json\/wp\/v2\/product\/2598","targetHints":{"allow":["GET"]}}],"collection":[{"href":"https:\/\/tonkincraft.vn\/vn\/wp-json\/wp\/v2\/product"}],"about":[{"href":"https:\/\/tonkincraft.vn\/vn\/wp-json\/wp\/v2\/types\/product"}],"replies":[{"embeddable":true,"href":"https:\/\/tonkincraft.vn\/vn\/wp-json\/wp\/v2\/comments?post=2598"}],"wp:featuredmedia":[{"embeddable":true,"href":"https:\/\/tonkincraft.vn\/vn\/wp-json\/wp\/v2\/media\/2899"}],"wp:attachment":[{"href":"https:\/\/tonkincraft.vn\/vn\/wp-json\/wp\/v2\/media?parent=2598"}],"wp:term":[{"taxonomy":"product_brand","embeddable":true,"href":"https:\/\/tonkincraft.vn\/vn\/wp-json\/wp\/v2\/product_brand?post=2598"},{"taxonomy":"product_cat","embeddable":true,"href":"https:\/\/tonkincraft.vn\/vn\/wp-json\/wp\/v2\/product_cat?post=2598"},{"taxonomy":"product_tag","embeddable":true,"href":"https:\/\/tonkincraft.vn\/vn\/wp-json\/wp\/v2\/product_tag?post=2598"}],"curies":[{"name":"wp","href":"https:\/\/api.w.org\/{rel}","templated":true}]}}