{"id":2587,"date":"2025-02-20T01:57:42","date_gmt":"2025-02-19T18:57:42","guid":{"rendered":"https:\/\/tonkincraft.vn\/vn\/?post_type=product&#038;p=2587"},"modified":"2025-10-07T13:00:06","modified_gmt":"2025-10-07T06:00:06","slug":"tram-chim-lac-dong-cham-tay-tram-dong-thu-cong","status":"publish","type":"product","link":"https:\/\/tonkincraft.vn\/vn\/product\/tram-chim-lac-dong-cham-tay-tram-dong-thu-cong\/","title":{"rendered":"Tr\u00e2m \u0110\u1ed3ng Chim L\u1ea1c Ch\u1ea1m Ch\u1ea1m Tay- Tr\u00e2m L\u1ea1c Vi\u1ec7t"},"content":{"rendered":"<h3 data-start=\"186\" data-end=\"248\"><strong data-start=\"190\" data-end=\"248\">Tr\u00e2m \u0111\u1ed3ng Chim L\u1ea1c \u2013 Bi\u1ec3u t\u01b0\u1ee3ng c\u1ee7a kh\u00e1t v\u1ecdng v\u00e0 t\u1ef1 do<\/strong><\/h3>\n<p data-start=\"250\" data-end=\"579\">L\u1ea5y c\u1ea3m h\u1ee9ng t\u1eeb h\u00ecnh \u1ea3nh <strong data-start=\"275\" data-end=\"287\">Chim L\u1ea1c<\/strong> \u2013 linh \u0111i\u1ec3u huy\u1ec1n tho\u1ea1i c\u1ee7a ng\u01b0\u1eddi Vi\u1ec7t c\u1ed5, bi\u1ec3u tr\u01b0ng cho <strong data-start=\"346\" data-end=\"386\">kh\u00e1t v\u1ecdng v\u01b0\u01a1n cao, h\u00f2a h\u1ee3p v\u00e0 t\u1ef1 do<\/strong>, <strong data-start=\"388\" data-end=\"410\">Tr\u00e2m \u0111\u1ed3ng Chim L\u1ea1c<\/strong> \u0111\u01b0\u1ee3c <strong data-start=\"416\" data-end=\"446\">ch\u1ebf t\u00e1c ho\u00e0n to\u00e0n th\u1ee7 c\u00f4ng<\/strong> t\u1eeb <strong data-start=\"450\" data-end=\"475\">\u0111\u1ed3ng v\u00e0ng nguy\u00ean ch\u1ea5t<\/strong> b\u1edfi <strong data-start=\"480\" data-end=\"506\">ngh\u1ec7 nh\u00e2n Tonkin Craft<\/strong>, l\u01b0u gi\u1eef d\u1ea5u \u1ea5n v\u0103n h\u00f3a \u0110\u00f4ng S\u01a1n trong d\u00e1ng v\u1ebb thanh m\u1ea3nh v\u00e0 tinh x\u1ea3o.<\/p>\n<p data-start=\"581\" data-end=\"915\">T\u1eebng chi ti\u1ebft c\u00e1nh chim \u0111\u01b0\u1ee3c g\u00f2 ch\u1ea1m t\u1ec9 m\u1ec9, \u0111\u01b0\u1eddng n\u00e9t d\u1ee9t kho\u00e1t m\u00e0 m\u1ec1m m\u1ea1i, g\u1ee3i h\u00ecnh \u1ea3nh Chim L\u1ea1c \u0111ang tung c\u00e1nh gi\u1eefa tr\u1eddi \u2013 mang theo ni\u1ec1m t\u1ef1 h\u00e0o d\u00e2n t\u1ed9c v\u00e0 tinh th\u1ea7n bay b\u1ed5ng c\u1ee7a ng\u01b0\u1eddi ph\u1ee5 n\u1eef Vi\u1ec7t h\u00f4m nay.<br data-start=\"788\" data-end=\"791\" \/>\u00c1nh \u0111\u1ed3ng m\u1edd c\u1ed5 \u0111i\u1ec3n gi\u00fap chi\u1ebfc tr\u00e2m v\u1eeba mang h\u01a1i th\u1edf c\u1ed5 x\u01b0a, v\u1eeba ph\u00f9 h\u1ee3p v\u1edbi phong c\u00e1ch \u0111\u01b0\u01a1ng \u0111\u1ea1i, t\u1ed1i gi\u1ea3n v\u00e0 thanh l\u1ecbch.<\/p>\n<hr data-start=\"917\" data-end=\"920\" \/>\n<p data-start=\"922\" data-end=\"956\">\ud83c\udf3f <strong data-start=\"925\" data-end=\"954\">C\u00e1ch ph\u1ed1i c\u00f9ng trang ph\u1ee5c<\/strong><\/p>\n<ul data-start=\"957\" data-end=\"1214\">\n<li data-start=\"957\" data-end=\"1037\">\n<p data-start=\"959\" data-end=\"1037\"><strong data-start=\"959\" data-end=\"978\">\u00c1o d\u00e0i, \u00e1o y\u1ebfm:<\/strong> gi\u1eef n\u00e9t duy\u00ean d\u00e1ng truy\u1ec1n th\u1ed1ng, t\u00f4n l\u00ean v\u1ebb \u0111\u1eb9p Vi\u1ec7t c\u1ed5.<\/p>\n<\/li>\n<li data-start=\"1038\" data-end=\"1124\">\n<p data-start=\"1040\" data-end=\"1124\"><strong data-start=\"1040\" data-end=\"1068\">V\u00e1y linen, \u0111\u1ea7m hi\u1ec7n \u0111\u1ea1i:<\/strong> t\u1ea1o \u0111i\u1ec3m nh\u1ea5n ngh\u1ec7 thu\u1eadt \u0111\u1ed9c \u0111\u00e1o, g\u1ea7n g\u0169i v\u00e0 tinh t\u1ebf.<\/p>\n<\/li>\n<li data-start=\"1125\" data-end=\"1214\">\n<p data-start=\"1127\" data-end=\"1214\"><strong data-start=\"1127\" data-end=\"1151\">Trang ph\u1ee5c t\u1ed1i gi\u1ea3n:<\/strong> chi\u1ebfc tr\u00e2m tr\u1edf th\u00e0nh chi ti\u1ebft nh\u1ecf \u0111\u1ea7y bi\u1ec3u t\u01b0\u1ee3ng v\u00e0 c\u00e1 t\u00ednh.<\/p>\n<\/li>\n<\/ul>\n<hr data-start=\"1216\" data-end=\"1219\" \/>\n<p data-start=\"1221\" data-end=\"1435\">\ud83d\udee0 <strong data-start=\"1224\" data-end=\"1235\">Ch\u1ebf t\u00e1c<\/strong><br data-start=\"1235\" data-end=\"1238\" \/>Th\u1ee7 c\u00f4ng 100% b\u1edfi <strong data-start=\"1256\" data-end=\"1282\">ngh\u1ec7 nh\u00e2n Tonkin Craft<\/strong> \u2013 t\u1ec9 m\u1ec9 trong t\u1eebng c\u00f4ng \u0111o\u1ea1n g\u00f2, ch\u1ea1m, u\u1ed1n v\u00e0 \u0111\u00e1nh b\u00f3ng m\u1edd t\u1ef1 nhi\u00ean \u0111\u1ec3 gi\u1eef tr\u1ecdn linh h\u1ed3n c\u1ee7a \u0111\u1ed3ng v\u00e0 v\u1ebb m\u1ed9c m\u1ea1c sang tr\u1ecdng c\u1ee7a ch\u1ea5t li\u1ec7u truy\u1ec1n th\u1ed1ng.<\/p>\n<p data-start=\"1437\" data-end=\"1589\">\ud83c\udf81 <strong data-start=\"1440\" data-end=\"1452\">\u1ee8ng d\u1ee5ng<\/strong><br data-start=\"1452\" data-end=\"1455\" \/>Ph\u00f9 h\u1ee3p d\u00f9ng h\u1eb1ng ng\u00e0y, d\u1ef1 ti\u1ec7c, ch\u1ee5p \u1ea3nh \u00e1o d\u00e0i, ho\u1eb7c l\u00e0m <strong data-start=\"1514\" data-end=\"1534\">qu\u00e0 t\u1eb7ng \u00fd ngh\u0129a<\/strong> \u2013 g\u1eedi g\u1eafm l\u1eddi ch\u00fac <strong data-start=\"1554\" data-end=\"1586\">may m\u1eafn, t\u1ef1 do v\u00e0 th\u00e0nh c\u00f4ng<\/strong>.<\/p>\n<hr data-start=\"1591\" data-end=\"1594\" \/>\n<p data-start=\"1596\" data-end=\"1825\">\ud83c\udf38 <strong data-start=\"1599\" data-end=\"1640\">S\u1ef1 kh\u00e1c bi\u1ec7t c\u1ee7a \u0111\u1ed3 \u0111\u1ed3ng Tonkin Craft<\/strong><br data-start=\"1640\" data-end=\"1643\" \/>M\u1ed7i s\u1ea3n ph\u1ea9m l\u00e0 <strong data-start=\"1659\" data-end=\"1670\">\u0111\u1ed9c b\u1ea3n<\/strong>, kh\u00f4ng khu\u00f4n \u0111\u00fac \u2013 l\u00e0 s\u1ef1 giao h\u00f2a gi\u1eefa <strong data-start=\"1710\" data-end=\"1750\">ngh\u1ec7 thu\u1eadt g\u00f2 ch\u1ea1m truy\u1ec1n th\u1ed1ng Vi\u1ec7t<\/strong> v\u00e0 <strong data-start=\"1754\" data-end=\"1786\">phong c\u00e1ch thi\u1ebft k\u1ebf hi\u1ec7n \u0111\u1ea1i<\/strong>, mang \u0111\u1eadm tinh th\u1ea7n v\u0103n h\u00f3a d\u00e2n t\u1ed9c.<\/p>\n<hr data-start=\"1827\" data-end=\"1830\" \/>\n<p data-start=\"1832\" data-end=\"1862\">\ud83d\udc9b <strong data-start=\"1835\" data-end=\"1860\">Ch\u1ea5t l\u01b0\u1ee3ng &amp; B\u1ea3o qu\u1ea3n<\/strong><\/p>\n<ul data-start=\"1863\" data-end=\"2103\">\n<li data-start=\"1863\" data-end=\"1944\">\n<p data-start=\"1865\" data-end=\"1944\">\u0110\u1ed3ng c\u00e0ng d\u00f9ng c\u00e0ng l\u00ean m\u00e0u tr\u1ea7m \u1ea5m \u2013 mang d\u1ea5u \u1ea5n th\u1eddi gian v\u00e0 c\u00e1 t\u00ednh ri\u00eang.<\/p>\n<\/li>\n<li data-start=\"1945\" data-end=\"2007\">\n<p data-start=\"1947\" data-end=\"2007\">C\u00f3 th\u1ec3 l\u00e0m s\u00e1ng b\u1eb1ng chanh, gi\u1ea5m ho\u1eb7c baking soda khi c\u1ea7n.<\/p>\n<\/li>\n<li data-start=\"2008\" data-end=\"2103\">\n<p data-start=\"2010\" data-end=\"2103\">Tr\u00e1nh ti\u1ebfp x\u00fac tr\u1ef1c ti\u1ebfp v\u1edbi h\u00f3a ch\u1ea5t m\u1ea1nh, b\u1ea3o qu\u1ea3n n\u01a1i kh\u00f4 r\u00e1o trong t\u00fai v\u1ea3i ho\u1eb7c h\u1ed9p g\u1ed7.<\/p>\n<\/li>\n<\/ul>\n<hr data-start=\"2105\" data-end=\"2108\" \/>\n<p data-start=\"2110\" data-end=\"2348\"><strong data-start=\"2110\" data-end=\"2132\">Tr\u00e2m \u0111\u1ed3ng Chim L\u1ea1c<\/strong> kh\u00f4ng ch\u1ec9 l\u00e0 ph\u1ee5 ki\u1ec7n c\u00e0i t\u00f3c, m\u00e0 c\u00f2n l\u00e0 <strong data-start=\"2174\" data-end=\"2213\">m\u1ed9t bi\u1ec3u t\u01b0\u1ee3ng v\u0103n h\u00f3a Vi\u1ec7t thu nh\u1ecf<\/strong> \u2013 n\u01a1i b\u00e0n tay ng\u01b0\u1eddi ngh\u1ec7 nh\u00e2n Tonkin Craft g\u1eedi g\u1eafm <strong data-start=\"2265\" data-end=\"2316\">tinh th\u1ea7n t\u1ef1 do, b\u1ea3n s\u1eafc v\u00e0 ni\u1ec1m t\u1ef1 h\u00e0o d\u00e2n t\u1ed9c<\/strong> qua t\u1eebng \u0111\u01b0\u1eddng ch\u1ea1m c\u1ee7a \u0111\u1ed3ng.<\/p>\n","protected":false},"excerpt":{"rendered":"<p><strong data-start=\"130\" data-end=\"189\">Tr\u00e2m \u0111\u1ed3ng Chim L\u1ea1c \u2013 Bi\u1ec3u t\u01b0\u1ee3ng c\u1ee7a kh\u00e1t v\u1ecdng v\u00e0 t\u1ef1 do.<\/strong><br data-start=\"189\" data-end=\"192\" \/>\u0110\u01b0\u1ee3c <strong data-start=\"197\" data-end=\"247\">ch\u1ebf t\u00e1c th\u1ee7 c\u00f4ng 100% t\u1eeb \u0111\u1ed3ng v\u00e0ng nguy\u00ean ch\u1ea5t<\/strong> b\u1edfi <strong data-start=\"252\" data-end=\"278\">ngh\u1ec7 nh\u00e2n Tonkin Craft<\/strong>, chi\u1ebfc tr\u00e2m mang h\u00ecnh \u1ea3nh Chim L\u1ea1c \u2013 linh \u0111i\u1ec3u huy\u1ec1n tho\u1ea1i c\u1ee7a ng\u01b0\u1eddi Vi\u1ec7t c\u1ed5, bi\u1ec3u tr\u01b0ng cho <strong data-start=\"372\" data-end=\"434\" data-is-only-node=\"\">ni\u1ec1m t\u1ef1 h\u00e0o d\u00e2n t\u1ed9c, kh\u00e1t v\u1ecdng v\u01b0\u01a1n cao v\u00e0 tinh th\u1ea7n t\u1ef1 do<\/strong>.<\/p>\n<p>Th\u00f4ng tin chi ti\u1ebft SP:<\/p>\n<p>&#8211; Ch\u1ea5t li\u1ec7u: \u0110\u1ed3ng thau nguy\u00ean ch\u1ea5t<\/p>\n<p>&#8211; K\u00edch th\u01b0\u1edbc: chi\u1ec1u d\u00e0i 18cm<\/p>\n<p>&#8211; Nh\u1eadn l\u00e0m theo m\u1eabu, k\u00edch th\u01b0\u1edbc y\u00eau c\u1ea7u<\/p>\n","protected":false},"featured_media":2794,"comment_status":"open","ping_status":"closed","template":"","meta":[],"product_brand":[],"product_cat":[285,205],"product_tag":[212,213,214,227,209,231,215,269,210,211,268],"class_list":{"0":"post-2587","1":"product","2":"type-product","3":"status-publish","4":"has-post-thumbnail","6":"product_cat-bst-trong-dong","7":"product_cat-tram-cai-toc","8":"product_tag-brass-hair-pin","9":"product_tag-phu-kien-toc","10":"product_tag-tram-ao-dai","11":"product_tag-tram-bac","12":"product_tag-tram-cai-toc","13":"product_tag-tram-co-4-la","14":"product_tag-tram-co-phuc","15":"product_tag-tram-con-ong","16":"product_tag-tram-dong","17":"product_tag-tram-thu-cong","18":"product_tag-tram-truc","20":"first","21":"instock","22":"shipping-taxable","23":"product-type-simple"},"aioseo_notices":[],"_links":{"self":[{"href":"https:\/\/tonkincraft.vn\/vn\/wp-json\/wp\/v2\/product\/2587","targetHints":{"allow":["GET"]}}],"collection":[{"href":"https:\/\/tonkincraft.vn\/vn\/wp-json\/wp\/v2\/product"}],"about":[{"href":"https:\/\/tonkincraft.vn\/vn\/wp-json\/wp\/v2\/types\/product"}],"replies":[{"embeddable":true,"href":"https:\/\/tonkincraft.vn\/vn\/wp-json\/wp\/v2\/comments?post=2587"}],"wp:featuredmedia":[{"embeddable":true,"href":"https:\/\/tonkincraft.vn\/vn\/wp-json\/wp\/v2\/media\/2794"}],"wp:attachment":[{"href":"https:\/\/tonkincraft.vn\/vn\/wp-json\/wp\/v2\/media?parent=2587"}],"wp:term":[{"taxonomy":"product_brand","embeddable":true,"href":"https:\/\/tonkincraft.vn\/vn\/wp-json\/wp\/v2\/product_brand?post=2587"},{"taxonomy":"product_cat","embeddable":true,"href":"https:\/\/tonkincraft.vn\/vn\/wp-json\/wp\/v2\/product_cat?post=2587"},{"taxonomy":"product_tag","embeddable":true,"href":"https:\/\/tonkincraft.vn\/vn\/wp-json\/wp\/v2\/product_tag?post=2587"}],"curies":[{"name":"wp","href":"https:\/\/api.w.org\/{rel}","templated":true}]}}