{"id":2210,"date":"2022-09-22T09:31:56","date_gmt":"2022-09-22T02:31:56","guid":{"rendered":"https:\/\/tonkincraft.vn\/vn\/?post_type=product&#038;p=2210"},"modified":"2025-10-08T23:25:50","modified_gmt":"2025-10-08T16:25:50","slug":"vong-tay-hinh-ran-vong-tay-dong-thu-cong","status":"publish","type":"product","link":"https:\/\/tonkincraft.vn\/vn\/product\/vong-tay-hinh-ran-vong-tay-dong-thu-cong\/","title":{"rendered":"V\u00f2ng Tay \u0110\u1ed3ng V\u00e0ng Ch\u1ea1m R\u1eafn"},"content":{"rendered":"<h3 data-start=\"208\" data-end=\"290\"><strong data-start=\"212\" data-end=\"290\">V\u00f2ng Tay \u0110\u1ed3ng Ch\u1ea1m Con R\u1eafn \u2013 Linh ho\u1ea1t, b\u1ea3o h\u1ed9 v\u00e0 tr\u00e0n \u0111\u1ea7y n\u0103ng l\u01b0\u1ee3ng s\u1ed1ng<\/strong><\/h3>\n<p data-start=\"292\" data-end=\"535\">L\u1ea5y c\u1ea3m h\u1ee9ng t\u1eeb h\u00ecnh t\u01b0\u1ee3ng <strong data-start=\"319\" data-end=\"330\">con r\u1eafn<\/strong> trong v\u0103n h\u00f3a \u00c1 \u0110\u00f4ng \u2013 lo\u00e0i v\u1eadt bi\u1ec3u tr\u01b0ng cho <strong data-start=\"378\" data-end=\"423\">tr\u00ed tu\u1ec7, s\u1ef1 kh\u00e9o l\u00e9o v\u00e0 kh\u1ea3 n\u0103ng t\u00e1i sinh<\/strong>, chi\u1ebfc <strong data-start=\"431\" data-end=\"461\">V\u00f2ng Tay \u0110\u1ed3ng Ch\u1ea1m Con R\u1eafn<\/strong> c\u1ee7a Tonkin Craft mang v\u1ebb \u0111\u1eb9p huy\u1ec1n b\u00ed, m\u1ea1nh m\u1ebd m\u00e0 v\u1eabn tinh t\u1ebf, m\u1ec1m m\u1ea1i.<\/p>\n<p data-start=\"537\" data-end=\"739\">M\u1ed7i \u0111\u01b0\u1eddng u\u1ed1n l\u01b0\u1ee3n tr\u00ean th\u00e2n r\u1eafn \u0111\u01b0\u1ee3c ngh\u1ec7 nh\u00e2n ch\u1ea1m kh\u1eafc t\u1ec9 m\u1ec9 tr\u00ean n\u1ec1n <strong data-start=\"610\" data-end=\"635\">\u0111\u1ed3ng v\u00e0ng nguy\u00ean ch\u1ea5t<\/strong>, t\u00e1i hi\u1ec7n s\u1ef1 linh ho\u1ea1t v\u00e0 s\u1ee9c s\u1ed1ng m\u00e3nh li\u1ec7t \u2013 nh\u01b0 d\u00f2ng n\u0103ng l\u01b0\u1ee3ng lu\u00f4n v\u1eadn h\u00e0nh v\u00e0 b\u1ea3o h\u1ed9 ng\u01b0\u1eddi \u0111eo.<\/p>\n<hr data-start=\"741\" data-end=\"744\" \/>\n<p data-start=\"746\" data-end=\"771\">\ud83d\udc0d <strong data-start=\"749\" data-end=\"771\">C\u1ea3m h\u1ee9ng &amp; \u00fd ngh\u0129a<\/strong><\/p>\n<p data-start=\"773\" data-end=\"839\">Trong quan ni\u1ec7m ph\u01b0\u01a1ng \u0110\u00f4ng, <strong data-start=\"802\" data-end=\"809\">r\u1eafn<\/strong> l\u00e0 linh v\u1eadt bi\u1ec3u tr\u01b0ng cho:<\/p>\n<ul data-start=\"840\" data-end=\"1055\">\n<li data-start=\"840\" data-end=\"909\">\n<p data-start=\"842\" data-end=\"909\"><strong data-start=\"842\" data-end=\"868\">Tr\u00ed tu\u1ec7 v\u00e0 s\u1ef1 nh\u1ea1y b\u00e9n<\/strong>, gi\u00fap ng\u01b0\u1eddi \u0111eo t\u1ec9nh t\u00e1o v\u00e0 s\u00e1ng su\u1ed1t.<\/p>\n<\/li>\n<li data-start=\"910\" data-end=\"977\">\n<p data-start=\"912\" data-end=\"977\"><strong data-start=\"912\" data-end=\"932\">S\u1ee9c m\u1ea1nh n\u1ed9i t\u00e2m<\/strong>, kh\u1ea3 n\u0103ng bi\u1ebfn chuy\u1ec3n, v\u01b0\u1ee3t qua th\u1eed th\u00e1ch.<\/p>\n<\/li>\n<li data-start=\"978\" data-end=\"1055\">\n<p data-start=\"980\" data-end=\"1055\"><strong data-start=\"980\" data-end=\"998\">L\u00e1 b\u00f9a h\u1ed9 th\u00e2n<\/strong>, xua \u0111u\u1ed5i \u0111i\u1ec1u xui r\u1ee7i v\u00e0 thu h\u00fat n\u0103ng l\u01b0\u1ee3ng t\u00edch c\u1ef1c.<\/p>\n<\/li>\n<\/ul>\n<p data-start=\"1057\" data-end=\"1208\">Chi\u1ebfc v\u00f2ng l\u00e0 <strong data-start=\"1071\" data-end=\"1111\">bi\u1ec3u t\u01b0\u1ee3ng c\u1ee7a b\u1ea3n l\u0129nh v\u00e0 s\u1ef1 b\u1ea3o h\u1ed9<\/strong>, d\u00e0nh cho nh\u1eefng t\u00e2m h\u1ed3n m\u1ea1nh m\u1ebd, bi\u1ebft l\u1eb7ng l\u1ebd ti\u1ebfn v\u1ec1 ph\u00eda tr\u01b0\u1edbc v\u00e0 l\u00e0m ch\u1ee7 v\u1eadn m\u1ec7nh c\u1ee7a m\u00ecnh.<\/p>\n<hr data-start=\"1210\" data-end=\"1213\" \/>\n<p data-start=\"1215\" data-end=\"1242\">\ud83d\udc57 <strong data-start=\"1218\" data-end=\"1242\">Ph\u1ed1i c\u00f9ng trang ph\u1ee5c<\/strong><\/p>\n<ul data-start=\"1244\" data-end=\"1596\">\n<li data-start=\"1244\" data-end=\"1358\">\n<p data-start=\"1246\" data-end=\"1358\"><strong data-start=\"1246\" data-end=\"1273\">Trang ph\u1ee5c th\u01b0\u1eddng ng\u00e0y:<\/strong> K\u1ebft h\u1ee3p c\u00f9ng s\u01a1 mi, linen ho\u1eb7c trang ph\u1ee5c t\u1ed1i gi\u1ea3n \u0111\u1ec3 t\u00f4n l\u00ean v\u1ebb \u0111\u1ed9c \u0111\u00e1o, c\u00e1 t\u00ednh.<\/p>\n<\/li>\n<li data-start=\"1359\" data-end=\"1452\">\n<p data-start=\"1361\" data-end=\"1452\"><strong data-start=\"1361\" data-end=\"1390\">Phong c\u00e1ch boho \/ rustic:<\/strong> T\u1ea1o \u0111i\u1ec3m nh\u1ea5n ngh\u1ec7 thu\u1eadt, c\u1ed5 \u0111i\u1ec3n m\u00e0 \u0111\u1ea7y phong v\u1ecb th\u1ee7 c\u00f4ng.<\/p>\n<\/li>\n<li data-start=\"1453\" data-end=\"1596\">\n<p data-start=\"1455\" data-end=\"1596\"><strong data-start=\"1455\" data-end=\"1483\">Trang ph\u1ee5c truy\u1ec1n th\u1ed1ng:<\/strong> Khi ph\u1ed1i c\u00f9ng \u00e1o d\u00e0i hay \u00e1o g\u1ea5m, chi\u1ebfc v\u00f2ng \u0111\u1ed3ng mang d\u00e1ng d\u1ea5p ho\u00e0i c\u1ed5, g\u1ee3i nh\u1edb tinh th\u1ea7n v\u0103n h\u00f3a ph\u01b0\u01a1ng \u0110\u00f4ng.<\/p>\n<\/li>\n<\/ul>\n<hr data-start=\"1598\" data-end=\"1601\" \/>\n<p data-start=\"1603\" data-end=\"1635\">\u2692\ufe0f <strong data-start=\"1606\" data-end=\"1635\">Ch\u1ebf t\u00e1c th\u1ee7 c\u00f4ng tinh x\u1ea3o<\/strong><\/p>\n<p data-start=\"1637\" data-end=\"1982\">M\u1ed7i chi\u1ebfc v\u00f2ng \u0111\u01b0\u1ee3c <strong data-start=\"1657\" data-end=\"1682\">ch\u1ebf t\u00e1c 100% th\u1ee7 c\u00f4ng<\/strong> b\u1edfi ngh\u1ec7 nh\u00e2n Tonkin Craft:<br data-start=\"1710\" data-end=\"1713\" \/>T\u1eeb vi\u1ec7c <strong data-start=\"1721\" data-end=\"1781\">t\u1ea1o d\u00e1ng, g\u00f2 th\u00e2n, ch\u1ea1m v\u1ea3y r\u1eafn v\u00e0 \u0111\u00e1nh b\u00f3ng m\u1edd t\u1ef1 nhi\u00ean<\/strong>, t\u1ea5t c\u1ea3 \u0111\u1ec1u \u0111\u01b0\u1ee3c th\u1ef1c hi\u1ec7n b\u1eb1ng tay, kh\u00f4ng qua khu\u00f4n \u0111\u00fac hay m\u00e1y \u00e9p.<br data-start=\"1850\" data-end=\"1853\" \/>Nh\u1edd \u0111\u00f3, <strong data-start=\"1861\" data-end=\"1903\">m\u1ed7i chi\u1ebfc v\u00f2ng l\u00e0 m\u1ed9t t\u00e1c ph\u1ea9m \u0111\u1ed9c b\u1ea3n<\/strong>, mang d\u1ea5u \u1ea5n ri\u00eang c\u1ee7a ng\u01b0\u1eddi th\u1ee3 v\u00e0 h\u1ed3n ngh\u1ec1 g\u00f2 ch\u1ea1m \u0111\u1ed3ng truy\u1ec1n th\u1ed1ng Vi\u1ec7t.<\/p>\n<hr data-start=\"1984\" data-end=\"1987\" \/>\n<p data-start=\"1989\" data-end=\"2015\">\ud83c\udf81 <strong data-start=\"1992\" data-end=\"2015\">\u1ee8ng d\u1ee5ng &amp; qu\u00e0 t\u1eb7ng<\/strong><\/p>\n<p data-start=\"2017\" data-end=\"2302\">Chi\u1ebfc v\u00f2ng ph\u00f9 h\u1ee3p cho c\u1ea3 <strong data-start=\"2043\" data-end=\"2056\">nam v\u00e0 n\u1eef<\/strong>, \u0111\u1eb7c bi\u1ec7t l\u00e0 nh\u1eefng ai y\u00eau th\u00edch bi\u1ec3u t\u01b0\u1ee3ng c\u1ee7a tr\u00ed tu\u1ec7, s\u1ee9c m\u1ea1nh v\u00e0 s\u1ef1 t\u1ef1 tin.<br data-start=\"2135\" data-end=\"2138\" \/>L\u00e0 m\u00f3n <strong data-start=\"2145\" data-end=\"2165\">qu\u00e0 t\u1eb7ng \u00fd ngh\u0129a<\/strong> d\u00e0nh cho ng\u01b0\u1eddi th\u00e2n, b\u1ea1n b\u00e8 hay \u0111\u1ed1i t\u00e1c \u2013 nh\u01b0 m\u1ed9t <strong data-start=\"2216\" data-end=\"2234\">l\u00e1 b\u00f9a b\u00ecnh an<\/strong>, g\u1eedi g\u1eafm l\u1eddi ch\u00fac may m\u1eafn v\u00e0 v\u1eefng v\u00e0ng tr\u00ean h\u00e0nh tr\u00ecnh cu\u1ed9c s\u1ed1ng.<\/p>\n<hr data-start=\"2304\" data-end=\"2307\" \/>\n<p data-start=\"2309\" data-end=\"2352\">\u2728 <strong data-start=\"2311\" data-end=\"2352\">S\u1ef1 kh\u00e1c bi\u1ec7t c\u1ee7a \u0111\u1ed3 \u0111\u1ed3ng Tonkin Craft<\/strong><\/p>\n<ul data-start=\"2354\" data-end=\"2604\">\n<li data-start=\"2354\" data-end=\"2417\">\n<p data-start=\"2356\" data-end=\"2417\"><strong data-start=\"2356\" data-end=\"2378\">Ho\u00e0n to\u00e0n th\u1ee7 c\u00f4ng<\/strong>, kh\u00f4ng khu\u00f4n \u0111\u00fac, kh\u00f4ng c\u00f4ng nghi\u1ec7p.<\/p>\n<\/li>\n<li data-start=\"2418\" data-end=\"2508\">\n<p data-start=\"2420\" data-end=\"2508\"><strong data-start=\"2420\" data-end=\"2443\">\u0110\u1ed9c b\u1ea3n v\u00e0 b\u1ec1n v\u1eefng<\/strong>, m\u1ed7i s\u1ea3n ph\u1ea9m mang d\u1ea5u v\u1ebft t\u1ef1 nhi\u00ean c\u1ee7a kim lo\u1ea1i v\u00e0 th\u1eddi gian.<\/p>\n<\/li>\n<li data-start=\"2509\" data-end=\"2604\">\n<p data-start=\"2511\" data-end=\"2604\"><strong data-start=\"2511\" data-end=\"2537\">K\u1ebft h\u1ee3p th\u1ea9m m\u1ef9 \u00c1 \u0110\u00f4ng<\/strong> v\u1edbi phong c\u00e1ch hi\u1ec7n \u0111\u1ea1i, t\u1ea1o n\u00ean v\u1ebb \u0111\u1eb9p v\u1eeba c\u1ed5 \u0111i\u1ec3n v\u1eeba tinh t\u1ebf.<\/p>\n<\/li>\n<\/ul>\n<hr data-start=\"2606\" data-end=\"2609\" \/>\n<p data-start=\"2611\" data-end=\"2637\">\ud83d\udd38 <strong data-start=\"2614\" data-end=\"2637\">Ch\u1ea5t l\u01b0\u1ee3ng &amp; \u0111\u1ed9 b\u1ec1n<\/strong><\/p>\n<p data-start=\"2639\" data-end=\"2769\">\u0110\u1ed3ng Tonkin Craft <strong data-start=\"2657\" data-end=\"2679\">c\u00e0ng d\u00f9ng c\u00e0ng \u0111\u1eb9p<\/strong> \u2014 l\u1edbp patina t\u1ef1 nhi\u00ean d\u1ea7n h\u00ecnh th\u00e0nh, mang s\u1eafc tr\u1ea7m \u1ea5m, c\u1ed5 \u0111i\u1ec3n v\u00e0 chi\u1ec1u s\u00e2u th\u1eddi gian.<\/p>\n<hr data-start=\"2771\" data-end=\"2774\" \/>\n<p data-start=\"2776\" data-end=\"2802\">\ud83d\udca7 <strong data-start=\"2779\" data-end=\"2802\">Ch\u0103m s\u00f3c &amp; b\u1ea3o qu\u1ea3n<\/strong><\/p>\n<ul data-start=\"2804\" data-end=\"2998\">\n<li data-start=\"2804\" data-end=\"2874\">\n<p data-start=\"2806\" data-end=\"2874\">L\u00e0m s\u00e1ng b\u1eb1ng <strong data-start=\"2820\" data-end=\"2852\">chanh, gi\u1ea5m ho\u1eb7c baking soda<\/strong> khi \u0111\u1ed3ng xu\u1ed1ng m\u00e0u.<\/p>\n<\/li>\n<li data-start=\"2875\" data-end=\"2930\">\n<p data-start=\"2877\" data-end=\"2930\">Tr\u00e1nh ti\u1ebfp x\u00fac v\u1edbi <strong data-start=\"2896\" data-end=\"2927\">n\u01b0\u1edbc hoa, m\u1ef9 ph\u1ea9m, x\u00e0 ph\u00f2ng<\/strong>.<\/p>\n<\/li>\n<li data-start=\"2931\" data-end=\"2998\">\n<p data-start=\"2933\" data-end=\"2998\">B\u1ea3o qu\u1ea3n trong <strong data-start=\"2948\" data-end=\"2979\">h\u1ed9p g\u1ed7 ho\u1eb7c t\u00fai v\u1ea3i kh\u00f4 r\u00e1o<\/strong>, k\u00e8m g\u00f3i h\u00fat \u1ea9m.<\/p>\n<\/li>\n<\/ul>\n<hr data-start=\"3000\" data-end=\"3003\" \/>\n<p data-start=\"3005\" data-end=\"3218\">\ud83c\udf3f<br data-start=\"3007\" data-end=\"3010\" \/><strong data-start=\"3010\" data-end=\"3040\">V\u00f2ng Tay \u0110\u1ed3ng Ch\u1ea1m Con R\u1eafn<\/strong> kh\u00f4ng ch\u1ec9 l\u00e0 m\u00f3n trang s\u1ee9c, m\u00e0 c\u00f2n l\u00e0 <strong data-start=\"3079\" data-end=\"3133\">bi\u1ec3u t\u01b0\u1ee3ng c\u1ee7a tr\u00ed tu\u1ec7, b\u1ea3o h\u1ed9 v\u00e0 s\u1ee9c m\u1ea1nh n\u1ed9i t\u00e2m<\/strong> \u2013 l\u1eddi ch\u00fac an l\u00e0nh v\u00e0 may m\u1eafn m\u00e0 Tonkin Craft g\u1eedi g\u1eafm qua \u0111\u00f4i tay ng\u01b0\u1eddi ngh\u1ec7 nh\u00e2n.<\/p>\n","protected":false},"excerpt":{"rendered":"<p><strong data-start=\"154\" data-end=\"238\">V\u00f2ng Tay \u0110\u1ed3ng Ch\u1ea1m Con R\u1eafn \u2013 Bi\u1ec3u t\u01b0\u1ee3ng c\u1ee7a tr\u00ed tu\u1ec7, b\u1ea3o h\u1ed9 v\u00e0 s\u1ee9c m\u1ea1nh n\u1ed9i t\u00e2m.<\/strong><br data-start=\"238\" data-end=\"241\" \/>\u0110\u01b0\u1ee3c ch\u1ebf t\u00e1c ho\u00e0n to\u00e0n th\u1ee7 c\u00f4ng t\u1eeb \u0111\u1ed3ng nguy\u00ean ch\u1ea5t, t\u1eebng \u0111\u01b0\u1eddng ch\u1ea1m kh\u1eafc t\u00e1i hi\u1ec7n v\u1ebb uy\u1ec3n chuy\u1ec3n v\u00e0 n\u0103ng l\u01b0\u1ee3ng s\u1ed1ng m\u00e3nh li\u1ec7t c\u1ee7a lo\u00e0i r\u1eafn.<br data-start=\"381\" data-end=\"384\" \/>Chi\u1ebfc v\u00f2ng nh\u01b0 l\u00e1 b\u00f9a h\u1ed9 th\u00e2n, mang \u0111\u1ebfn b\u00ecnh an, may m\u1eafn v\u00e0 b\u1ea3n l\u0129nh cho ng\u01b0\u1eddi \u0111eo.<\/p>\n<p>Th\u00f4ng tin chi ti\u1ebft SP:<\/p>\n<p>\u2013 Ch\u1ea5t li\u1ec7u: \u0110\u1ed3ng thau, \u0111\u1ed3ng \u0111\u1ecf nguy\u00ean ch\u1ea5t<\/p>\n<p>\u2013 Ph\u01b0\u01a1ng c\u00e1ch ch\u1ebf t\u1ea1o: Th\u1ee7 c\u00f4ng, g\u00f2 tay<\/p>\n<p>-K\u00edch th\u01b0\u1edbc: \u0110\u01b0\u1eddng k\u00ednh 6cm<\/p>\n<p>\u2013 Nh\u1eadn l\u00e0m theo m\u1eabu, k\u00edch th\u01b0\u1edbc y\u00eau c\u1ea7u<\/p>\n<p>Kh\u00e1c bi\u1ec7t v\u1edbi nh\u1eefng m\u1eabu v\u00f2ng hi\u1ec7n \u0111\u1ea1i, v\u00f2ng ki\u1ec1ng l\u00e1 t\u1ea1i Tonkin Craft ch\u00ednh l\u00e0 \u201c\u0111\u1eb7c s\u1ea3n\u201d, l\u00e0m t\u00f4n l\u00ean n\u00e9t \u0111\u1eb9p truy\u1ec1n th\u1ed1ng v\u1ed1n c\u00f3 c\u1ee7a t\u00e0 \u00e1o d\u00e0i, \u00e1o l\u1ee5a. V\u1edbi k\u1ebft c\u1ea5u l\u00e0 chi\u1ebfc ki\u1ec1ng m\u1edf v\u00e0 l\u00e1, l\u00e0m \u0111i\u1ec3m nh\u1ea5n cho trang ph\u1ee5c th\u00eam ph\u1ea7n kh\u00e1c bi\u1ec7t v\u00e0 n\u1ed5i b\u1eadt g\u01b0\u01a1ng m\u1eb7t.<\/p>\n","protected":false},"featured_media":2189,"comment_status":"open","ping_status":"closed","template":"","meta":[],"product_brand":[],"product_cat":[276],"product_tag":[219,216,220,221,218,217,271,259,272,260],"class_list":{"0":"post-2210","1":"product","2":"type-product","3":"status-publish","4":"has-post-thumbnail","6":"product_cat-vong-tay","7":"product_tag-kieng-deo-co","8":"product_tag-kieng-dong","9":"product_tag-kieng-hoa-sen","10":"product_tag-phu-kien-dong","11":"product_tag-vong-co","12":"product_tag-vong-dong","13":"product_tag-vong-ran","14":"product_tag-vong-tay-dong","15":"product_tag-vong-tay-ran","16":"product_tag-vong-tay-thu-cong","18":"first","19":"instock","20":"shipping-taxable","21":"product-type-simple"},"aioseo_notices":[],"_links":{"self":[{"href":"https:\/\/tonkincraft.vn\/vn\/wp-json\/wp\/v2\/product\/2210","targetHints":{"allow":["GET"]}}],"collection":[{"href":"https:\/\/tonkincraft.vn\/vn\/wp-json\/wp\/v2\/product"}],"about":[{"href":"https:\/\/tonkincraft.vn\/vn\/wp-json\/wp\/v2\/types\/product"}],"replies":[{"embeddable":true,"href":"https:\/\/tonkincraft.vn\/vn\/wp-json\/wp\/v2\/comments?post=2210"}],"wp:featuredmedia":[{"embeddable":true,"href":"https:\/\/tonkincraft.vn\/vn\/wp-json\/wp\/v2\/media\/2189"}],"wp:attachment":[{"href":"https:\/\/tonkincraft.vn\/vn\/wp-json\/wp\/v2\/media?parent=2210"}],"wp:term":[{"taxonomy":"product_brand","embeddable":true,"href":"https:\/\/tonkincraft.vn\/vn\/wp-json\/wp\/v2\/product_brand?post=2210"},{"taxonomy":"product_cat","embeddable":true,"href":"https:\/\/tonkincraft.vn\/vn\/wp-json\/wp\/v2\/product_cat?post=2210"},{"taxonomy":"product_tag","embeddable":true,"href":"https:\/\/tonkincraft.vn\/vn\/wp-json\/wp\/v2\/product_tag?post=2210"}],"curies":[{"name":"wp","href":"https:\/\/api.w.org\/{rel}","templated":true}]}}