{"id":2151,"date":"2022-09-16T00:03:28","date_gmt":"2022-09-15T17:03:28","guid":{"rendered":"https:\/\/tonkincraft.vn\/vn\/?post_type=product&#038;p=2151"},"modified":"2025-10-10T22:30:42","modified_gmt":"2025-10-10T15:30:42","slug":"kep-sach-danh-dau-trang-sach-bookmark-bang-dong-thau-cham-hinh-ly-ngu-vong-nguyet","status":"publish","type":"product","link":"https:\/\/tonkincraft.vn\/vn\/product\/kep-sach-danh-dau-trang-sach-bookmark-bang-dong-thau-cham-hinh-ly-ngu-vong-nguyet\/","title":{"rendered":"K\u1eb9p S\u00e1ch Ch\u1ea1m H\u00ecnh L\u00fd Ng\u01b0 V\u1ecdng Nguy\u1ec7t"},"content":{"rendered":"<p data-start=\"0\" data-end=\"98\"><strong data-start=\"0\" data-end=\"96\">K\u1eb9p S\u00e1ch \u0110\u1ed3ng Ch\u1ea1m H\u00ecnh \u201cL\u00fd Ng\u01b0 V\u1ecdng Nguy\u1ec7t\u201d \u2013 Bi\u1ec3u t\u01b0\u1ee3ng c\u1ee7a may m\u1eafn, th\u0103ng hoa v\u00e0 vi\u00ean m\u00e3n<\/strong><\/p>\n<p data-start=\"100\" data-end=\"375\">L\u1ea5y c\u1ea3m h\u1ee9ng t\u1eeb t\u00edch <strong data-start=\"121\" data-end=\"145\">\u201cL\u00fd Ng\u01b0 V\u1ecdng Nguy\u1ec7t\u201d<\/strong> \u2013 h\u00ecnh \u1ea3nh <strong data-start=\"157\" data-end=\"180\">c\u00e1 ch\u00e9p tr\u00f4ng tr\u0103ng<\/strong> t\u01b0\u1ee3ng tr\u01b0ng cho kh\u00e1t v\u1ecdng v\u01b0\u01a1n l\u00ean, may m\u1eafn v\u00e0 s\u1ef1 vi\u00ean m\u00e3n trong \u0111\u1eddi s\u1ed1ng \u2013 chi\u1ebfc <strong data-start=\"263\" data-end=\"289\">k\u1eb9p s\u00e1ch \u0111\u1ed3ng th\u1ee7 c\u00f4ng<\/strong> c\u1ee7a Tonkin Craft \u0111\u01b0\u1ee3c ch\u1ea1m kh\u1eafc t\u1ec9 m\u1ec9 t\u1eebng chi ti\u1ebft tr\u00ean n\u1ec1n \u0111\u1ed3ng v\u00e0ng nguy\u00ean ch\u1ea5t.<\/p>\n<p data-start=\"377\" data-end=\"579\">\u00c1nh \u0111\u1ed3ng \u1ea5m \u00e1p k\u1ebft h\u1ee3p c\u00f9ng h\u00ecnh \u1ea3nh <strong data-start=\"414\" data-end=\"460\">c\u00e1 ch\u00e9p tung m\u00ecnh h\u01b0\u1edbng v\u1ec1 v\u1ea7ng tr\u0103ng tr\u00f2n<\/strong>, g\u1ee3i n\u00ean v\u1ebb \u0111\u1eb9p v\u1eeba <strong data-start=\"481\" data-end=\"508\">thanh t\u1ecbnh, v\u1eeba m\u1ea1nh m\u1ebd<\/strong>, \u1ea9n ch\u1ee9a <strong data-start=\"518\" data-end=\"576\">\u00fd ngh\u0129a phong th\u1ee7y v\u1ec1 c\u00f4ng danh, t\u00e0i l\u1ed9c v\u00e0 th\u00e0nh c\u00f4ng<\/strong>.<\/p>\n<p data-start=\"581\" data-end=\"766\">M\u1ed7i chi\u1ebfc k\u1eb9p \u0111\u01b0\u1ee3c <strong data-start=\"600\" data-end=\"644\">g\u00f2 ch\u1ea1m th\u1ee7 c\u00f4ng ho\u00e0n to\u00e0n b\u1edfi ngh\u1ec7 nh\u00e2n<\/strong>, kh\u00f4ng qua khu\u00f4n \u0111\u00fac \u2013 v\u00ec th\u1ebf, t\u1eebng \u0111\u01b0\u1eddng n\u00e9t, \u00e1nh \u0111\u1ed3ng v\u00e0 s\u1eafc th\u1eddi gian \u0111\u1ec1u mang <strong data-start=\"727\" data-end=\"763\">d\u1ea5u \u1ea5n ri\u00eang, \u0111\u1ed9c b\u1ea3n v\u00e0 tinh t\u1ebf<\/strong>.<\/p>\n<p data-start=\"768\" data-end=\"795\">\ud83c\udf81 <strong data-start=\"771\" data-end=\"793\">\u1ee8ng d\u1ee5ng &amp; \u00fd ngh\u0129a<\/strong><\/p>\n<ul data-start=\"796\" data-end=\"1019\">\n<li data-start=\"796\" data-end=\"892\">\n<p data-start=\"798\" data-end=\"892\">L\u00e0 m\u00f3n <strong data-start=\"805\" data-end=\"837\">ph\u1ee5 ki\u1ec7n \u0111\u1ecdc s\u00e1ch sang tr\u1ecdng<\/strong>, v\u1eeba c\u00f3 gi\u00e1 tr\u1ecb th\u1ea9m m\u1ef9 v\u1eeba mang n\u0103ng l\u01b0\u1ee3ng may m\u1eafn.<\/p>\n<\/li>\n<li data-start=\"893\" data-end=\"1019\">\n<p data-start=\"895\" data-end=\"1019\">Th\u00edch h\u1ee3p l\u00e0m <strong data-start=\"909\" data-end=\"970\">qu\u00e0 t\u1eb7ng tri th\u1ee9c, qu\u00e0 t\u1eb7ng doanh nghi\u1ec7p ho\u1eb7c qu\u00e0 k\u1ef7 ni\u1ec7m<\/strong>, g\u1eedi g\u1eafm l\u1eddi ch\u00fac <strong data-start=\"989\" data-end=\"1016\">th\u00e0nh c\u00f4ng v\u00e0 th\u0103ng hoa<\/strong>.<\/p>\n<\/li>\n<\/ul>\n<p data-start=\"1021\" data-end=\"1046\">\u2692\ufe0f <strong data-start=\"1024\" data-end=\"1044\">Ch\u1ebf t\u00e1c th\u1ee7 c\u00f4ng<\/strong><\/p>\n<ul data-start=\"1047\" data-end=\"1157\">\n<li data-start=\"1047\" data-end=\"1089\">\n<p data-start=\"1049\" data-end=\"1089\">Ch\u1ea1m tay t\u1ec9 m\u1ec9 t\u1eeb b\u1ea3n v\u1ebd truy\u1ec1n th\u1ed1ng.<\/p>\n<\/li>\n<li data-start=\"1090\" data-end=\"1157\">\n<p data-start=\"1092\" data-end=\"1157\">\u0110\u00e1nh b\u00f3ng m\u1edd t\u1ef1 nhi\u00ean, l\u01b0u gi\u1eef m\u00e0u \u0111\u1ed3ng tr\u1ea7m \u1ea5m theo th\u1eddi gian.<\/p>\n<\/li>\n<\/ul>\n<p data-start=\"1159\" data-end=\"1407\" data-is-last-node=\"\" data-is-only-node=\"\">\ud83c\udf15 <strong data-start=\"1162\" data-end=\"1200\">K\u1eb9p S\u00e1ch \u0110\u1ed3ng \u201cL\u00fd Ng\u01b0 V\u1ecdng Nguy\u1ec7t\u201d<\/strong> kh\u00f4ng ch\u1ec9 l\u00e0 m\u00f3n \u0111\u1ed3 th\u1ee7 c\u00f4ng tinh x\u1ea3o m\u00e0 c\u00f2n l\u00e0 <strong data-start=\"1249\" data-end=\"1294\">bi\u1ec3u t\u01b0\u1ee3ng c\u1ee7a h\u00e0nh tr\u00ecnh v\u01b0\u01a1n t\u1edbi \u01b0\u1edbc m\u01a1<\/strong>, c\u1ee7a ni\u1ec1m tin v\u00e0 \u00e1nh s\u00e1ng \u2013 nh\u01b0 c\u00e1 ch\u00e9p ng\u1ea9ng \u0111\u1ea7u ng\u1eafm tr\u0103ng, h\u01b0\u1edbng \u0111\u1ebfn \u0111i\u1ec1u t\u1ed1t l\u00e0nh, vi\u00ean m\u00e3n trong cu\u1ed9c s\u1ed1ng.<\/p>\n","protected":false},"excerpt":{"rendered":"<p><strong data-start=\"0\" data-end=\"48\" data-is-only-node=\"\">K\u1eb9p S\u00e1ch \u0110\u1ed3ng Ch\u1ea1m H\u00ecnh \u201cL\u00fd Ng\u01b0 V\u1ecdng Nguy\u1ec7t\u201d<\/strong> \u2013 l\u1ea5y c\u1ea3m h\u1ee9ng t\u1eeb h\u00ecnh \u1ea3nh <strong data-start=\"76\" data-end=\"99\">c\u00e1 ch\u00e9p tr\u00f4ng tr\u0103ng<\/strong>, bi\u1ec3u t\u01b0\u1ee3ng c\u1ee7a <strong data-start=\"116\" data-end=\"153\">may m\u1eafn, c\u00f4ng danh v\u00e0 s\u1ef1 vi\u00ean m\u00e3n<\/strong>.<br data-start=\"154\" data-end=\"157\" \/>\u0110\u01b0\u1ee3c <strong data-start=\"162\" data-end=\"182\">g\u00f2 ch\u1ea1m th\u1ee7 c\u00f4ng<\/strong> t\u1eeb \u0111\u1ed3ng v\u00e0ng nguy\u00ean ch\u1ea5t, t\u1eebng chi ti\u1ebft c\u00e1 ch\u00e9p, v\u1ea7ng tr\u0103ng \u0111\u1ec1u \u0111\u01b0\u1ee3c th\u1ec3 hi\u1ec7n tinh x\u1ea3o, mang n\u00e9t <strong data-start=\"280\" data-end=\"310\">truy\u1ec1n th\u1ed1ng v\u00e0 phong th\u1ee7y<\/strong>.<\/p>\n<p>Th\u00f4ng tin chi ti\u1ebft SP:<\/p>\n<p>&#8211; Ch\u1ea5t li\u1ec7u: \u0110\u1ed3ng \u0111\u1ecf, thau nguy\u00ean ch\u1ea5t<\/p>\n<p>&#8211; K\u00edch th\u01b0\u1edbc: ( chi\u1ec1u d\u00e0i x chi\u1ec1u r\u1ed9ng): 5x15cm<\/p>\n<p>&#8211; Nh\u1eadn l\u00e0m theo m\u1eabu, k\u00edch th\u01b0\u1edbc y\u00eau c\u1ea7u<\/p>\n<p>&#8212;&#8212;&#8212;&#8212;&#8211;<\/p>\n<div dir=\"auto\">\u0110\u1ed3 \u0111\u1ed3ng c\u1ee7a Tonkin Craft \u0111\u00e3 \u0111\u01b0\u1ee3c nghi\u00ean c\u1ee9u, c\u1ea3i ti\u1ebfn m\u1eabu m\u00e3 r\u1ea5t nhi\u1ec1u sao cho \u0111\u01a1n gi\u1ea3n, tinh t\u1ebf v\u00e0 d\u1ec5 d\u00e0ng ph\u00f9 h\u1ee3p v\u1edbi cu\u1ed9c s\u1ed1ng hi\u1ec7n \u0111\u1ea1i.<\/div>\n<div dir=\"auto\">\u0110\u1ed3 \u0111\u1ed3ng s\u1ebd xu\u1ed1ng m\u00e0u theo th\u1eddi gian, v\u00e0 v\u1eabn mang m\u1ed9t v\u1ebb \u0111\u1eb9p \u0111\u1eb7c tr\u01b0ng d\u00f9 kh\u00f4ng s\u00e1ng b\u00f3ng v\u00e0ng nh\u01b0 m\u1edbi. B\u1ea1n c\u00f3 th\u1ec3 \u0111\u00e1nh l\u1ea1i \u0111\u1ed3 \u0111\u1ed3ng b\u1eb1ng chanh ho\u1eb7c gi\u1ea5m \u0111\u1ec3 \u0111\u1ed3 \u0111\u1ed3ng s\u00e1ng h\u01a1n.<\/div>\n","protected":false},"featured_media":2152,"comment_status":"open","ping_status":"closed","template":"","meta":[],"product_brand":[],"product_cat":[133],"product_tag":[136,137,72,76,135,267],"class_list":{"0":"post-2151","1":"product","2":"type-product","3":"status-publish","4":"has-post-thumbnail","6":"product_cat-kep-sach","7":"product_tag-bookmark","8":"product_tag-dau-trang","9":"product_tag-do-dong-noi-that","10":"product_tag-do-dong-thu-cong","11":"product_tag-kep-sach","12":"product_tag-kep-sach-phat","14":"first","15":"instock","16":"shipping-taxable","17":"product-type-simple"},"aioseo_notices":[],"_links":{"self":[{"href":"https:\/\/tonkincraft.vn\/vn\/wp-json\/wp\/v2\/product\/2151","targetHints":{"allow":["GET"]}}],"collection":[{"href":"https:\/\/tonkincraft.vn\/vn\/wp-json\/wp\/v2\/product"}],"about":[{"href":"https:\/\/tonkincraft.vn\/vn\/wp-json\/wp\/v2\/types\/product"}],"replies":[{"embeddable":true,"href":"https:\/\/tonkincraft.vn\/vn\/wp-json\/wp\/v2\/comments?post=2151"}],"wp:featuredmedia":[{"embeddable":true,"href":"https:\/\/tonkincraft.vn\/vn\/wp-json\/wp\/v2\/media\/2152"}],"wp:attachment":[{"href":"https:\/\/tonkincraft.vn\/vn\/wp-json\/wp\/v2\/media?parent=2151"}],"wp:term":[{"taxonomy":"product_brand","embeddable":true,"href":"https:\/\/tonkincraft.vn\/vn\/wp-json\/wp\/v2\/product_brand?post=2151"},{"taxonomy":"product_cat","embeddable":true,"href":"https:\/\/tonkincraft.vn\/vn\/wp-json\/wp\/v2\/product_cat?post=2151"},{"taxonomy":"product_tag","embeddable":true,"href":"https:\/\/tonkincraft.vn\/vn\/wp-json\/wp\/v2\/product_tag?post=2151"}],"curies":[{"name":"wp","href":"https:\/\/api.w.org\/{rel}","templated":true}]}}