{"id":2149,"date":"2022-09-16T00:01:33","date_gmt":"2022-09-15T17:01:33","guid":{"rendered":"https:\/\/tonkincraft.vn\/vn\/?post_type=product&#038;p=2149"},"modified":"2025-10-10T22:32:27","modified_gmt":"2025-10-10T15:32:27","slug":"kep-sach-danh-dau-trang-sach-bookmark-bang-dong-thau-cham-hinh-hat-boi","status":"publish","type":"product","link":"https:\/\/tonkincraft.vn\/vn\/product\/kep-sach-danh-dau-trang-sach-bookmark-bang-dong-thau-cham-hinh-hat-boi\/","title":{"rendered":"K\u1eb9p S\u00e1ch Ch\u1ea1m H\u00ecnh H\u00e1t B\u1ed9i &#8211; V\u0103n H\u00f3a D\u00e2n Gian"},"content":{"rendered":"<p data-start=\"0\" data-end=\"72\"><strong data-start=\"0\" data-end=\"70\">K\u1eb9p S\u00e1ch \u0110\u1ed3ng Ch\u1ea1m H\u00ecnh H\u00e1t B\u1ed9i \u2013 D\u1ea5u \u1ea5n c\u1ee7a v\u0103n h\u00f3a d\u00e2n gian Vi\u1ec7t<\/strong><\/p>\n<p data-start=\"74\" data-end=\"305\">L\u1ea5y c\u1ea3m h\u1ee9ng t\u1eeb <strong data-start=\"90\" data-end=\"112\">ngh\u1ec7 thu\u1eadt H\u00e1t B\u1ed9i<\/strong> \u2013 lo\u1ea1i h\u00ecnh s\u00e2n kh\u1ea5u truy\u1ec1n th\u1ed1ng \u0111\u1eb7c s\u1eafc c\u1ee7a Vi\u1ec7t Nam, chi\u1ebfc <strong data-start=\"175\" data-end=\"201\">k\u1eb9p s\u00e1ch \u0111\u1ed3ng th\u1ee7 c\u00f4ng<\/strong> t\u00e1i hi\u1ec7n h\u00ecnh \u1ea3nh nh\u00e2n v\u1eadt H\u00e1t B\u1ed9i v\u1edbi <strong data-start=\"241\" data-end=\"302\">n\u00e9t m\u1eb7t h\u00f3a trang tinh t\u1ebf, th\u1ea7n th\u00e1i uy nghi v\u00e0 s\u1ed1ng \u0111\u1ed9ng<\/strong>.<\/p>\n<p data-start=\"307\" data-end=\"514\">M\u1ed7i \u0111\u01b0\u1eddng ch\u1ea1m \u0111\u01b0\u1ee3c <strong data-start=\"327\" data-end=\"359\">th\u1ef1c hi\u1ec7n ho\u00e0n to\u00e0n th\u1ee7 c\u00f4ng<\/strong> tr\u00ean n\u1ec1n \u0111\u1ed3ng v\u00e0ng nguy\u00ean ch\u1ea5t \u2013 t\u1eeb n\u00e9t m\u1eb7t, m\u0169 m\u00e3o \u0111\u1ebfn hoa v\u0103n trang ph\u1ee5c, t\u1ea5t c\u1ea3 \u0111\u1ec1u ph\u1ea3n \u00e1nh <strong data-start=\"456\" data-end=\"511\">v\u1ebb \u0111\u1eb9p tr\u00e1ng l\u1ec7 v\u00e0 tinh th\u1ea7n c\u1ee7a s\u00e2n kh\u1ea5u c\u1ed5 truy\u1ec1n<\/strong>.<\/p>\n<p data-start=\"516\" data-end=\"701\">K\u1eb9p s\u00e1ch kh\u00f4ng ch\u1ec9 l\u00e0 <strong data-start=\"538\" data-end=\"585\">m\u1ed9t v\u1eadt d\u1ee5ng tinh t\u1ebf cho ng\u01b0\u1eddi y\u00eau \u0111\u1ecdc s\u00e1ch<\/strong>, m\u00e0 c\u00f2n l\u00e0 <strong data-start=\"597\" data-end=\"624\">m\u1ed9t m\u1ea3nh di s\u1ea3n thu nh\u1ecf<\/strong>, l\u01b0u gi\u1eef gi\u00e1 tr\u1ecb <strong data-start=\"642\" data-end=\"698\">v\u0103n h\u00f3a d\u00e2n gian v\u00e0 ngh\u1ec7 thu\u1eadt truy\u1ec1n th\u1ed1ng Vi\u1ec7t Nam<\/strong>.<\/p>\n<p data-start=\"703\" data-end=\"730\">\ud83c\udf81 <strong data-start=\"706\" data-end=\"728\">\u1ee8ng d\u1ee5ng &amp; \u00fd ngh\u0129a<\/strong><\/p>\n<ul data-start=\"731\" data-end=\"916\">\n<li data-start=\"731\" data-end=\"833\">\n<p data-start=\"733\" data-end=\"833\">Ph\u00f9 h\u1ee3p l\u00e0m <strong data-start=\"745\" data-end=\"791\">qu\u00e0 t\u1eb7ng cho ng\u01b0\u1eddi y\u00eau v\u0103n h\u00f3a, ngh\u1ec7 thu\u1eadt<\/strong> ho\u1eb7c <strong data-start=\"797\" data-end=\"830\">qu\u00e0 l\u01b0u ni\u1ec7m Vi\u1ec7t Nam \u0111\u1ed9c \u0111\u00e1o<\/strong>.<\/p>\n<\/li>\n<li data-start=\"834\" data-end=\"916\">\n<p data-start=\"836\" data-end=\"916\">G\u1ee3i nh\u1edb tinh th\u1ea7n d\u00e2n t\u1ed9c, t\u00f4n vinh n\u00e9t \u0111\u1eb9p c\u1ed5 truy\u1ec1n trong \u0111\u1eddi s\u1ed1ng hi\u1ec7n \u0111\u1ea1i.<\/p>\n<\/li>\n<\/ul>\n<p data-start=\"918\" data-end=\"943\">\u2692\ufe0f <strong data-start=\"921\" data-end=\"941\">Ch\u1ebf t\u00e1c th\u1ee7 c\u00f4ng<\/strong><\/p>\n<ul data-start=\"944\" data-end=\"1111\">\n<li data-start=\"944\" data-end=\"1039\">\n<p data-start=\"946\" data-end=\"1039\">Th\u1ef1c hi\u1ec7n b\u1edfi <strong data-start=\"960\" data-end=\"986\">ngh\u1ec7 nh\u00e2n Tonkin Craft<\/strong>, qua nhi\u1ec1u c\u00f4ng \u0111o\u1ea1n g\u00f2, ch\u1ea1m, \u0111\u00e1nh b\u00f3ng th\u1ee7 c\u00f4ng.<\/p>\n<\/li>\n<li data-start=\"1040\" data-end=\"1111\">\n<p data-start=\"1042\" data-end=\"1111\">M\u1ed7i chi\u1ebfc l\u00e0 <strong data-start=\"1055\" data-end=\"1075\">t\u00e1c ph\u1ea9m \u0111\u1ed9c b\u1ea3n<\/strong>, mang d\u1ea5u \u1ea5n ri\u00eang c\u1ee7a ng\u01b0\u1eddi th\u1ee3.<\/p>\n<\/li>\n<\/ul>\n<p data-start=\"1113\" data-end=\"1313\" data-is-last-node=\"\" data-is-only-node=\"\">\ud83c\udf38 <strong data-start=\"1116\" data-end=\"1151\">K\u1eb9p S\u00e1ch \u0110\u1ed3ng Ch\u1ea1m H\u00ecnh H\u00e1t B\u1ed9i<\/strong> \u2013 kh\u00f4ng ch\u1ec9 l\u00e0 ph\u1ee5 ki\u1ec7n \u0111\u1ecdc s\u00e1ch, m\u00e0 c\u00f2n l\u00e0 <strong data-start=\"1196\" data-end=\"1248\">bi\u1ec3u t\u01b0\u1ee3ng c\u1ee7a k\u00fd \u1ee9c, ngh\u1ec7 thu\u1eadt v\u00e0 b\u1ea3n s\u1eafc Vi\u1ec7t<\/strong>, t\u00f4n vinh tinh hoa v\u0103n h\u00f3a d\u00e2n gian qua b\u00e0n tay ng\u01b0\u1eddi ngh\u1ec7 nh\u00e2n.<\/p>\n","protected":false},"excerpt":{"rendered":"<p><strong data-start=\"0\" data-end=\"35\" data-is-only-node=\"\">K\u1eb9p S\u00e1ch \u0110\u1ed3ng Ch\u1ea1m H\u00ecnh H\u00e1t B\u1ed9i<\/strong> \u2013 l\u1ea5y c\u1ea3m h\u1ee9ng t\u1eeb <strong data-start=\"54\" data-end=\"99\">ngh\u1ec7 thu\u1eadt s\u00e2n kh\u1ea5u truy\u1ec1n th\u1ed1ng Vi\u1ec7t Nam<\/strong>, t\u00e1i hi\u1ec7n h\u00ecnh \u1ea3nh nh\u00e2n v\u1eadt H\u00e1t B\u1ed9i v\u1edbi <strong data-start=\"140\" data-end=\"186\">\u0111\u01b0\u1eddng ch\u1ea1m tinh x\u1ea3o v\u00e0 th\u1ea7n th\u00e1i s\u1ed1ng \u0111\u1ed9ng<\/strong>.<br data-start=\"187\" data-end=\"190\" \/>\u0110\u01b0\u1ee3c <strong data-start=\"195\" data-end=\"240\">ch\u1ebf t\u00e1c th\u1ee7 c\u00f4ng t\u1eeb \u0111\u1ed3ng v\u00e0ng nguy\u00ean ch\u1ea5t<\/strong>, m\u1ed7i chi\u1ebfc k\u1eb9p l\u00e0 <strong data-start=\"259\" data-end=\"279\">t\u00e1c ph\u1ea9m \u0111\u1ed9c b\u1ea3n<\/strong>, mang \u0111\u1eadm <strong data-start=\"290\" data-end=\"317\">d\u1ea5u \u1ea5n v\u0103n h\u00f3a d\u00e2n gian<\/strong>.<\/p>\n<p>Th\u00f4ng tin chi ti\u1ebft SP:<\/p>\n<p>&#8211; Ch\u1ea5t li\u1ec7u: \u0110\u1ed3ng \u0111\u1ecf, thau nguy\u00ean ch\u1ea5t<\/p>\n<p>&#8211; Ph\u01b0\u01a1ng c\u00e1ch ch\u1ebf t\u1ea1o: Th\u1ee7 c\u00f4ng, g\u00f2 tay<\/p>\n<p>&#8211; Xu\u1ea5t x\u1ee9: Vi\u1ec7t Nam<\/p>\n<p>&#8211; M\u00e0u s\u1eafc: \u0110\u1ed3ng v\u00e0ng l\u00ean m\u00e0u gi\u1ea3 c\u1ed5<\/p>\n<p>&#8211; K\u00edch th\u01b0\u1edbc: ( chi\u1ec1u d\u00e0i x chi\u1ec1u r\u1ed9ng): 5x15cm<\/p>\n<p>&#8211; Nh\u1eadn l\u00e0m theo m\u1eabu, k\u00edch th\u01b0\u1edbc y\u00eau c\u1ea7u<\/p>\n<p>&#8212;&#8212;&#8212;&#8212;&#8211;<\/p>\n<div dir=\"auto\">\u0110\u1ed3 \u0111\u1ed3ng c\u1ee7a Tonkin Craft \u0111\u00e3 \u0111\u01b0\u1ee3c nghi\u00ean c\u1ee9u, c\u1ea3i ti\u1ebfn m\u1eabu m\u00e3 r\u1ea5t nhi\u1ec1u sao cho \u0111\u01a1n gi\u1ea3n, tinh t\u1ebf v\u00e0 d\u1ec5 d\u00e0ng ph\u00f9 h\u1ee3p v\u1edbi cu\u1ed9c s\u1ed1ng hi\u1ec7n \u0111\u1ea1i.<\/div>\n<div dir=\"auto\">\u0110\u1ed3 \u0111\u1ed3ng s\u1ebd xu\u1ed1ng m\u00e0u theo th\u1eddi gian, v\u00e0 v\u1eabn mang m\u1ed9t v\u1ebb \u0111\u1eb9p \u0111\u1eb7c tr\u01b0ng d\u00f9 kh\u00f4ng s\u00e1ng b\u00f3ng v\u00e0ng nh\u01b0 m\u1edbi. B\u1ea1n c\u00f3 th\u1ec3 \u0111\u00e1nh l\u1ea1i \u0111\u1ed3 \u0111\u1ed3ng b\u1eb1ng chanh ho\u1eb7c gi\u1ea5m \u0111\u1ec3 \u0111\u1ed3 \u0111\u1ed3ng s\u00e1ng h\u01a1n.<\/div>\n","protected":false},"featured_media":2144,"comment_status":"open","ping_status":"closed","template":"","meta":[],"product_brand":[],"product_cat":[133],"product_tag":[136,137,72,76,135,267],"class_list":{"0":"post-2149","1":"product","2":"type-product","3":"status-publish","4":"has-post-thumbnail","6":"product_cat-kep-sach","7":"product_tag-bookmark","8":"product_tag-dau-trang","9":"product_tag-do-dong-noi-that","10":"product_tag-do-dong-thu-cong","11":"product_tag-kep-sach","12":"product_tag-kep-sach-phat","14":"first","15":"instock","16":"shipping-taxable","17":"product-type-simple"},"aioseo_notices":[],"_links":{"self":[{"href":"https:\/\/tonkincraft.vn\/vn\/wp-json\/wp\/v2\/product\/2149","targetHints":{"allow":["GET"]}}],"collection":[{"href":"https:\/\/tonkincraft.vn\/vn\/wp-json\/wp\/v2\/product"}],"about":[{"href":"https:\/\/tonkincraft.vn\/vn\/wp-json\/wp\/v2\/types\/product"}],"replies":[{"embeddable":true,"href":"https:\/\/tonkincraft.vn\/vn\/wp-json\/wp\/v2\/comments?post=2149"}],"wp:featuredmedia":[{"embeddable":true,"href":"https:\/\/tonkincraft.vn\/vn\/wp-json\/wp\/v2\/media\/2144"}],"wp:attachment":[{"href":"https:\/\/tonkincraft.vn\/vn\/wp-json\/wp\/v2\/media?parent=2149"}],"wp:term":[{"taxonomy":"product_brand","embeddable":true,"href":"https:\/\/tonkincraft.vn\/vn\/wp-json\/wp\/v2\/product_brand?post=2149"},{"taxonomy":"product_cat","embeddable":true,"href":"https:\/\/tonkincraft.vn\/vn\/wp-json\/wp\/v2\/product_cat?post=2149"},{"taxonomy":"product_tag","embeddable":true,"href":"https:\/\/tonkincraft.vn\/vn\/wp-json\/wp\/v2\/product_tag?post=2149"}],"curies":[{"name":"wp","href":"https:\/\/api.w.org\/{rel}","templated":true}]}}