{"id":2148,"date":"2022-09-16T00:00:02","date_gmt":"2022-09-15T17:00:02","guid":{"rendered":"https:\/\/tonkincraft.vn\/vn\/?post_type=product&#038;p=2148"},"modified":"2026-03-20T15:42:10","modified_gmt":"2026-03-20T08:42:10","slug":"kep-sach-danh-dau-trang-sach-bookmark-bang-dong-thau-cham-vua-va-hoang-hau-thoi-nguyen","status":"publish","type":"product","link":"https:\/\/tonkincraft.vn\/vn\/product\/kep-sach-danh-dau-trang-sach-bookmark-bang-dong-thau-cham-vua-va-hoang-hau-thoi-nguyen\/","title":{"rendered":"K\u1eb9p S\u00e1ch \u0110\u1ed3ng Ch\u1ea1m Vua V\u00e0 Ho\u00e0ng H\u1eadu Th\u1eddi Nguy\u1ec5n"},"content":{"rendered":"<p data-start=\"0\" data-end=\"117\"><strong data-start=\"0\" data-end=\"115\">K\u1eb9p S\u00e1ch \u0110\u1ed3ng Ch\u1ea1m Vua V\u00e0 Ho\u00e0ng H\u1eadu Th\u1eddi Nguy\u1ec5n \u2013 Bi\u1ec3u tr\u01b0ng cho quy\u1ec1n uy, t\u00ecnh ngh\u0129a v\u00e0 n\u00e9t \u0111\u1eb9p cung \u0111\u00ecnh Vi\u1ec7t<\/strong><\/p>\n<p data-start=\"119\" data-end=\"375\">L\u1ea5y c\u1ea3m h\u1ee9ng t\u1eeb <strong data-start=\"135\" data-end=\"177\">h\u00ecnh \u1ea3nh Vua v\u00e0 Ho\u00e0ng H\u1eadu tri\u1ec1u Nguy\u1ec5n<\/strong> \u2013 bi\u1ec3u t\u01b0\u1ee3ng c\u1ee7a <strong data-start=\"195\" data-end=\"237\">quy\u1ec1n l\u1ef1c, tr\u00ed tu\u1ec7 v\u00e0 t\u00ecnh c\u1ea3m son s\u1eaft<\/strong>, chi\u1ebfc <em data-start=\"245\" data-end=\"282\">K\u1eb9p S\u00e1ch \u0110\u1ed3ng Ch\u1ea1m Vua V\u00e0 Ho\u00e0ng H\u1eadu<\/em> l\u00e0 s\u1ef1 k\u1ebft h\u1ee3p h\u00e0i h\u00f2a gi\u1eefa <strong data-start=\"310\" data-end=\"337\">ngh\u1ec7 thu\u1eadt cung \u0111\u00ecnh c\u1ed5<\/strong> v\u00e0 <strong data-start=\"341\" data-end=\"372\">tinh th\u1ea7n tri th\u1ee9c hi\u1ec7n \u0111\u1ea1i<\/strong>.<\/p>\n<p data-start=\"377\" data-end=\"672\">Tr\u00ean n\u1ec1n \u0111\u1ed3ng v\u00e0ng nguy\u00ean ch\u1ea5t, h\u00ecnh \u1ea3nh \u0111\u00f4i Vua \u2013 H\u1eadu \u0111\u01b0\u1ee3c <strong data-start=\"437\" data-end=\"463\">g\u00f2 ch\u1ea1m th\u1ee7 c\u00f4ng t\u1ec9 m\u1ec9<\/strong>, th\u1ec3 hi\u1ec7n r\u00f5 n\u00e9t d\u00e1ng v\u1ebb trang nghi\u00eam, qu\u00fd ph\u00e1i v\u00e0 th\u1ea7n th\u00e1i thanh cao. M\u1ed7i \u0111\u01b0\u1eddng ch\u1ea1m kh\u1eafc l\u00e0 m\u1ed9t l\u00e1t c\u1eaft tinh t\u1ebf c\u1ee7a l\u1ecbch s\u1eed \u2013 n\u01a1i quy\u1ec1n uy song h\u00e0nh c\u00f9ng nh\u00e2n ngh\u0129a, tr\u00ed tu\u1ec7 h\u00f2a quy\u1ec7n c\u00f9ng s\u1ef1 duy\u00ean d\u00e1ng.<\/p>\n<p data-start=\"674\" data-end=\"701\">\ud83d\udc51 <strong data-start=\"677\" data-end=\"699\">C\u1ea3m h\u1ee9ng &amp; \u00fd ngh\u0129a<\/strong><\/p>\n<ul data-start=\"702\" data-end=\"1115\">\n<li data-start=\"702\" data-end=\"823\">\n<p data-start=\"704\" data-end=\"823\"><strong data-start=\"704\" data-end=\"711\">Vua<\/strong> t\u01b0\u1ee3ng tr\u01b0ng cho <strong data-start=\"728\" data-end=\"764\">tr\u00ed tu\u1ec7, quy\u1ec1n uy v\u00e0 tr\u00e1ch nhi\u1ec7m<\/strong>, bi\u1ec3u hi\u1ec7n c\u1ee7a ng\u01b0\u1eddi \u0111\u1ee9ng \u0111\u1ea7u, gi\u1eef g\u00ecn qu\u1ed1c th\u00e1i d\u00e2n an.<\/p>\n<\/li>\n<li data-start=\"824\" data-end=\"954\">\n<p data-start=\"826\" data-end=\"954\"><strong data-start=\"826\" data-end=\"839\">Ho\u00e0ng H\u1eadu<\/strong> l\u00e0 bi\u1ec3u t\u01b0\u1ee3ng c\u1ee7a <strong data-start=\"858\" data-end=\"895\">\u0111\u1ee9c h\u1ea1nh, t\u00ecnh y\u00eau v\u00e0 s\u1ef1 bao dung<\/strong>, ng\u01b0\u1eddi \u0111\u1ed3ng h\u00e0nh v\u00e0 n\u00e2ng \u0111\u1ee1 quy\u1ec1n l\u1ef1c b\u1eb1ng l\u00f2ng nh\u00e2n \u00e1i.<\/p>\n<\/li>\n<li data-start=\"955\" data-end=\"1115\">\n<p data-start=\"957\" data-end=\"1115\">H\u00ecnh \u1ea3nh \u0111\u00f4i Vua \u2013 H\u1eadu kh\u1eafc h\u1ecda <strong data-start=\"989\" data-end=\"1012\">s\u1ef1 h\u00f2a h\u1ee3p \u00e2m d\u01b0\u01a1ng<\/strong>, v\u1eeba l\u00e0 <strong data-start=\"1021\" data-end=\"1057\">bi\u1ec3u tr\u01b0ng c\u1ee7a t\u00ecnh c\u1ea3m v\u0129nh c\u1eedu<\/strong>, v\u1eeba l\u00e0 <strong data-start=\"1066\" data-end=\"1112\">l\u1eddi ch\u00fac th\u1ecbnh v\u01b0\u1ee3ng, vi\u00ean m\u00e3n v\u00e0 an khang<\/strong>.<\/p>\n<\/li>\n<\/ul>\n<p data-start=\"1117\" data-end=\"1459\">\ud83d\udcd6 <strong data-start=\"1120\" data-end=\"1151\">Ph\u1ee5 ki\u1ec7n &amp; qu\u00e0 t\u1eb7ng \u00fd ngh\u0129a<\/strong><br data-start=\"1151\" data-end=\"1154\" \/>Chi\u1ebfc k\u1eb9p s\u00e1ch kh\u00f4ng ch\u1ec9 l\u00e0 <strong data-start=\"1182\" data-end=\"1211\">ph\u1ee5 ki\u1ec7n \u0111\u1ecdc s\u00e1ch tinh t\u1ebf<\/strong>, m\u00e0 c\u00f2n l\u00e0 <strong data-start=\"1223\" data-end=\"1246\">v\u1eadt ph\u1ea9m phong th\u1ee7y<\/strong> t\u01b0\u1ee3ng tr\u01b0ng cho <strong data-start=\"1263\" data-end=\"1318\">s\u1ef1 c\u00e2n b\u1eb1ng, th\u0103ng hoa trong cu\u1ed9c s\u1ed1ng v\u00e0 c\u00f4ng vi\u1ec7c<\/strong>.<br data-start=\"1319\" data-end=\"1322\" \/>Ph\u00f9 h\u1ee3p l\u00e0m <strong data-start=\"1334\" data-end=\"1391\">qu\u00e0 t\u1eb7ng tri \u00e2n, k\u1ef7 ni\u1ec7m ho\u1eb7c bi\u1ec3u tr\u01b0ng v\u0103n h\u00f3a Vi\u1ec7t<\/strong>, \u0111\u1eb7c bi\u1ec7t d\u00e0nh cho <strong data-start=\"1411\" data-end=\"1456\">ng\u01b0\u1eddi y\u00eau l\u1ecbch s\u1eed, ngh\u1ec7 thu\u1eadt v\u00e0 tri th\u1ee9c<\/strong>.<\/p>\n<p data-start=\"1461\" data-end=\"1495\">\u2692\ufe0f <strong data-start=\"1464\" data-end=\"1493\">Ch\u1ebf t\u00e1c th\u1ee7 c\u00f4ng tinh x\u1ea3o<\/strong><\/p>\n<ul data-start=\"1496\" data-end=\"1899\">\n<li data-start=\"1496\" data-end=\"1626\">\n<p data-start=\"1498\" data-end=\"1626\">\u0110\u01b0\u1ee3c <strong data-start=\"1503\" data-end=\"1528\">ch\u1ebf t\u00e1c 100% th\u1ee7 c\u00f4ng<\/strong> b\u1edfi ngh\u1ec7 nh\u00e2n Tonkin Craft: t\u1eeb ch\u1ecdn \u0111\u1ed3ng, t\u1ea1o d\u00e1ng, g\u00f2 ch\u1ea1m chi ti\u1ebft \u0111\u1ebfn \u0111\u00e1nh b\u00f3ng m\u1edd t\u1ef1 nhi\u00ean.<\/p>\n<\/li>\n<li data-start=\"1627\" data-end=\"1760\">\n<p data-start=\"1629\" data-end=\"1760\">Kh\u00f4ng qua khu\u00f4n \u0111\u00fac hay c\u00f4ng nghi\u1ec7p, m\u1ed7i s\u1ea3n ph\u1ea9m l\u00e0 <strong data-start=\"1682\" data-end=\"1702\">t\u00e1c ph\u1ea9m \u0111\u1ed9c b\u1ea3n<\/strong>, l\u01b0u gi\u1eef <strong data-start=\"1712\" data-end=\"1757\">h\u01a1i th\u1edf c\u1ee7a th\u1eddi gian v\u00e0 d\u1ea5u \u1ea5n ng\u01b0\u1eddi th\u1ee3<\/strong>.<\/p>\n<\/li>\n<\/ul>\n<p data-start=\"1901\" data-end=\"1928\">\ud83c\udf81 <strong data-start=\"1904\" data-end=\"1926\">Gi\u00e1 tr\u1ecb &amp; \u1ee9ng d\u1ee5ng<\/strong><\/p>\n<ul data-start=\"1929\" data-end=\"2216\">\n<li data-start=\"1929\" data-end=\"2001\">\n<p data-start=\"1931\" data-end=\"2001\">Ph\u1ee5 ki\u1ec7n \u0111\u1ecdc s\u00e1ch sang tr\u1ecdng, g\u1ecdn nh\u1eb9, mang \u0111\u1eadm d\u1ea5u \u1ea5n v\u0103n h\u00f3a Vi\u1ec7t.<\/p>\n<\/li>\n<li data-start=\"2002\" data-end=\"2131\">\n<p data-start=\"2004\" data-end=\"2131\">Qu\u00e0 t\u1eb7ng cao c\u1ea5p cho <strong data-start=\"2025\" data-end=\"2128\">ng\u01b0\u1eddi y\u00eau ngh\u1ec7 thu\u1eadt, s\u01b0u t\u1ea7m th\u1ee7 c\u00f4ng m\u1ef9 ngh\u1ec7 ho\u1eb7c ng\u01b0\u1eddi l\u00e0m vi\u1ec7c trong l\u0129nh v\u1ef1c v\u0103n h\u00f3a, gi\u00e1o d\u1ee5c<\/strong>.<\/p>\n<\/li>\n<li data-start=\"2132\" data-end=\"2216\">\n<p data-start=\"2134\" data-end=\"2216\">M\u00f3n qu\u00e0 mang th\u00f4ng \u0111i\u1ec7p <strong data-start=\"2158\" data-end=\"2213\">h\u00f2a h\u1ee3p, b\u1ec1n v\u1eefng v\u00e0 vi\u00ean m\u00e3n trong m\u1ecdi m\u1ed1i quan h\u1ec7<\/strong>.<\/p>\n<\/li>\n<\/ul>\n<p data-start=\"2218\" data-end=\"2255\">\u2728 <strong data-start=\"2220\" data-end=\"2253\">S\u1ef1 kh\u00e1c bi\u1ec7t c\u1ee7a Tonkin Craft<\/strong><\/p>\n<ul data-start=\"2256\" data-end=\"2552\">\n<li data-start=\"2256\" data-end=\"2328\">\n<p data-start=\"2258\" data-end=\"2328\">Ch\u1ebf t\u00e1c th\u1ee7 c\u00f4ng ho\u00e0n to\u00e0n \u2013 <strong data-start=\"2287\" data-end=\"2325\">kh\u00f4ng khu\u00f4n \u0111\u00fac, kh\u00f4ng c\u00f4ng nghi\u1ec7p<\/strong>.<\/p>\n<\/li>\n<li data-start=\"2329\" data-end=\"2443\">\n<p data-start=\"2331\" data-end=\"2443\">K\u1ebft h\u1ee3p gi\u1eefa <strong data-start=\"2344\" data-end=\"2371\">m\u1ef9 thu\u1eadt cung \u0111\u00ecnh Vi\u1ec7t<\/strong> v\u00e0 <strong data-start=\"2375\" data-end=\"2395\">th\u1ea9m m\u1ef9 hi\u1ec7n \u0111\u1ea1i<\/strong>, t\u1ea1o n\u00ean s\u1ea3n ph\u1ea9m v\u1eeba sang tr\u1ecdng v\u1eeba g\u1ea7n g\u0169i.<\/p>\n<\/li>\n<li data-start=\"2444\" data-end=\"2552\">\n<p data-start=\"2446\" data-end=\"2552\">M\u1ed7i k\u1eb9p s\u00e1ch l\u00e0 <strong data-start=\"2462\" data-end=\"2485\">m\u1ed9t l\u00e1t c\u1eaft v\u0103n h\u00f3a<\/strong>, g\u1ee3i l\u1ea1i tinh th\u1ea7n tri\u1ec1u Nguy\u1ec5n qua ch\u1ea5t li\u1ec7u \u0111\u1ed3ng truy\u1ec1n th\u1ed1ng.<\/p>\n<\/li>\n<\/ul>\n<p data-start=\"2554\" data-end=\"2719\">\ud83d\udd38 <strong data-start=\"2557\" data-end=\"2580\">Ch\u1ea5t l\u01b0\u1ee3ng &amp; \u0111\u1ed9 b\u1ec1n<\/strong><br data-start=\"2580\" data-end=\"2583\" \/>\u0110\u1ed3ng Tonkin Craft <strong data-start=\"2601\" data-end=\"2623\">c\u00e0ng d\u00f9ng c\u00e0ng \u0111\u1eb9p<\/strong>, \u00e1nh s\u1eafc \u0111\u1ed3ng d\u1ea7n chuy\u1ec3n sang m\u00e0u tr\u1ea7m c\u1ed5, th\u1ec3 hi\u1ec7n <strong data-start=\"2676\" data-end=\"2716\">v\u1ebb \u0111\u1eb9p v\u0129nh c\u1eedu v\u00e0 gi\u00e1 tr\u1ecb th\u1eddi gian<\/strong>.<\/p>\n<p data-start=\"2721\" data-end=\"2749\">\ud83d\udca7 <strong data-start=\"2724\" data-end=\"2747\">Ch\u0103m s\u00f3c &amp; b\u1ea3o qu\u1ea3n<\/strong><\/p>\n<ul data-start=\"2750\" data-end=\"2939\">\n<li data-start=\"2750\" data-end=\"2792\">\n<p data-start=\"2752\" data-end=\"2792\">Lau nh\u1eb9 b\u1eb1ng kh\u0103n m\u1ec1m sau khi s\u1eed d\u1ee5ng.<\/p>\n<\/li>\n<li data-start=\"2793\" data-end=\"2855\">\n<p data-start=\"2795\" data-end=\"2855\">Khi k\u1eb9p x\u1ec9n m\u00e0u, d\u00f9ng chanh ho\u1eb7c baking soda \u0111\u1ec3 \u0111\u00e1nh s\u00e1ng.<\/p>\n<\/li>\n<li data-start=\"2856\" data-end=\"2939\">\n<p data-start=\"2858\" data-end=\"2939\">Tr\u00e1nh ti\u1ebfp x\u00fac tr\u1ef1c ti\u1ebfp v\u1edbi n\u01b0\u1edbc hoa, m\u1ef9 ph\u1ea9m, h\u00f3a ch\u1ea5t; b\u1ea3o qu\u1ea3n n\u01a1i kh\u00f4 r\u00e1o.<\/p>\n<\/li>\n<\/ul>\n<p data-start=\"2941\" data-end=\"3199\" data-is-last-node=\"\" data-is-only-node=\"\">\ud83c\udf3f<br data-start=\"2943\" data-end=\"2946\" \/><em data-start=\"2946\" data-end=\"2995\">K\u1eb9p S\u00e1ch \u0110\u1ed3ng Ch\u1ea1m Vua V\u00e0 Ho\u00e0ng H\u1eadu Th\u1eddi Nguy\u1ec5n<\/em> kh\u00f4ng ch\u1ec9 l\u00e0 m\u00f3n ph\u1ee5 ki\u1ec7n tinh x\u1ea3o, m\u00e0 c\u00f2n l\u00e0 <strong data-start=\"3042\" data-end=\"3070\">t\u00e1c ph\u1ea9m v\u0103n h\u00f3a thu nh\u1ecf<\/strong> \u2013 n\u01a1i <strong data-start=\"3077\" data-end=\"3113\">quy\u1ec1n uy v\u00e0 t\u00ecnh ngh\u0129a h\u00f2a quy\u1ec7n<\/strong>, g\u1eedi g\u1eafm <strong data-start=\"3123\" data-end=\"3157\">ni\u1ec1m t\u1ef1 h\u00e0o v\u00e0 s\u1ef1 tinh t\u1ebf Vi\u1ec7t<\/strong> qua b\u00e0n tay ng\u01b0\u1eddi ngh\u1ec7 nh\u00e2n Tonkin Craft.<\/p>\n","protected":false},"excerpt":{"rendered":"<p><strong data-start=\"0\" data-end=\"51\" data-is-only-node=\"\">K\u1eb9p S\u00e1ch \u0110\u1ed3ng Ch\u1ea1m Vua V\u00e0 Ho\u00e0ng H\u1eadu Th\u1eddi Nguy\u1ec5n<\/strong> \u2013 l\u1ea5y c\u1ea3m h\u1ee9ng t\u1eeb h\u00ecnh \u1ea3nh <strong data-start=\"79\" data-end=\"112\">Vua v\u00e0 Ho\u00e0ng H\u1eadu tri\u1ec1u Nguy\u1ec5n<\/strong>, bi\u1ec3u tr\u01b0ng cho <strong data-start=\"129\" data-end=\"173\">quy\u1ec1n uy, tr\u00ed tu\u1ec7 v\u00e0 t\u00ecnh ngh\u0129a v\u1eb9n to\u00e0n<\/strong>.<br data-start=\"174\" data-end=\"177\" \/>\u0110\u01b0\u1ee3c <strong data-start=\"182\" data-end=\"235\">ch\u1ea1m kh\u1eafc th\u1ee7 c\u00f4ng tr\u00ean n\u1ec1n \u0111\u1ed3ng v\u00e0ng nguy\u00ean ch\u1ea5t<\/strong>, th\u1ec3 hi\u1ec7n r\u00f5 n\u00e9t <strong data-start=\"253\" data-end=\"278\">v\u1ebb \u0111\u1eb9p cung \u0111\u00ecnh Vi\u1ec7t<\/strong> v\u1edbi t\u1eebng chi ti\u1ebft m\u0169 mi\u1ec7n, y ph\u1ee5c tinh t\u1ebf.<\/p>\n<p>Th\u00f4ng tin chi ti\u1ebft SP:<\/p>\n<p>&#8211; Ch\u1ea5t li\u1ec7u: \u0110\u1ed3ng \u0111\u1ecf, thau nguy\u00ean ch\u1ea5t<\/p>\n<p>&#8211; K\u00edch th\u01b0\u1edbc: ( chi\u1ec1u d\u00e0i x chi\u1ec1u r\u1ed9ng): 5x15cm<\/p>\n<p>&#8211; Nh\u1eadn l\u00e0m theo m\u1eabu, k\u00edch th\u01b0\u1edbc y\u00eau c\u1ea7u<\/p>\n<p>&#8212;&#8212;&#8212;&#8212;&#8211;<\/p>\n<div dir=\"auto\">\u0110\u1ed3 \u0111\u1ed3ng c\u1ee7a Tonkin Craft \u0111\u00e3 \u0111\u01b0\u1ee3c nghi\u00ean c\u1ee9u, c\u1ea3i ti\u1ebfn m\u1eabu m\u00e3 r\u1ea5t nhi\u1ec1u sao cho \u0111\u01a1n gi\u1ea3n, tinh t\u1ebf v\u00e0 d\u1ec5 d\u00e0ng ph\u00f9 h\u1ee3p v\u1edbi cu\u1ed9c s\u1ed1ng hi\u1ec7n \u0111\u1ea1i.<\/div>\n<div dir=\"auto\">\u0110\u1ed3 \u0111\u1ed3ng s\u1ebd xu\u1ed1ng m\u00e0u theo th\u1eddi gian, v\u00e0 v\u1eabn mang m\u1ed9t v\u1ebb \u0111\u1eb9p \u0111\u1eb7c tr\u01b0ng d\u00f9 kh\u00f4ng s\u00e1ng b\u00f3ng v\u00e0ng nh\u01b0 m\u1edbi. B\u1ea1n c\u00f3 th\u1ec3 \u0111\u00e1nh l\u1ea1i \u0111\u1ed3 \u0111\u1ed3ng b\u1eb1ng chanh ho\u1eb7c gi\u1ea5m \u0111\u1ec3 \u0111\u1ed3 \u0111\u1ed3ng s\u00e1ng h\u01a1n.<\/div>\n","protected":false},"featured_media":2146,"comment_status":"open","ping_status":"closed","template":"","meta":[],"product_brand":[],"product_cat":[133],"product_tag":[136,137,72,76,135,267],"class_list":{"0":"post-2148","1":"product","2":"type-product","3":"status-publish","4":"has-post-thumbnail","6":"product_cat-kep-sach","7":"product_tag-bookmark","8":"product_tag-dau-trang","9":"product_tag-do-dong-noi-that","10":"product_tag-do-dong-thu-cong","11":"product_tag-kep-sach","12":"product_tag-kep-sach-phat","14":"first","15":"instock","16":"shipping-taxable","17":"product-type-simple"},"aioseo_notices":[],"_links":{"self":[{"href":"https:\/\/tonkincraft.vn\/vn\/wp-json\/wp\/v2\/product\/2148","targetHints":{"allow":["GET"]}}],"collection":[{"href":"https:\/\/tonkincraft.vn\/vn\/wp-json\/wp\/v2\/product"}],"about":[{"href":"https:\/\/tonkincraft.vn\/vn\/wp-json\/wp\/v2\/types\/product"}],"replies":[{"embeddable":true,"href":"https:\/\/tonkincraft.vn\/vn\/wp-json\/wp\/v2\/comments?post=2148"}],"wp:featuredmedia":[{"embeddable":true,"href":"https:\/\/tonkincraft.vn\/vn\/wp-json\/wp\/v2\/media\/2146"}],"wp:attachment":[{"href":"https:\/\/tonkincraft.vn\/vn\/wp-json\/wp\/v2\/media?parent=2148"}],"wp:term":[{"taxonomy":"product_brand","embeddable":true,"href":"https:\/\/tonkincraft.vn\/vn\/wp-json\/wp\/v2\/product_brand?post=2148"},{"taxonomy":"product_cat","embeddable":true,"href":"https:\/\/tonkincraft.vn\/vn\/wp-json\/wp\/v2\/product_cat?post=2148"},{"taxonomy":"product_tag","embeddable":true,"href":"https:\/\/tonkincraft.vn\/vn\/wp-json\/wp\/v2\/product_tag?post=2148"}],"curies":[{"name":"wp","href":"https:\/\/api.w.org\/{rel}","templated":true}]}}