{"id":2137,"date":"2022-09-15T23:45:39","date_gmt":"2022-09-15T16:45:39","guid":{"rendered":"https:\/\/tonkincraft.vn\/vn\/?post_type=product&#038;p=2137"},"modified":"2025-10-10T22:42:00","modified_gmt":"2025-10-10T15:42:00","slug":"kep-sach-danh-dau-trang-sach-bookmark-bang-dong-thau-cham-hac-va-cuc-co","status":"publish","type":"product","link":"https:\/\/tonkincraft.vn\/vn\/product\/kep-sach-danh-dau-trang-sach-bookmark-bang-dong-thau-cham-hac-va-cuc-co\/","title":{"rendered":"K\u1eb9p S\u00e1ch Ch\u1ea1m Chim H\u1ea1c v\u00e0 Hoa C\u00fac C\u1ed5"},"content":{"rendered":"<article class=\"text-token-text-primary w-full focus:outline-none [--shadow-height:45px] has-data-writing-block:pointer-events-none has-data-writing-block:-mt-(--shadow-height) has-data-writing-block:pt-(--shadow-height) [&amp;:has([data-writing-block])&gt;*]:pointer-events-auto [content-visibility:auto] supports-[content-visibility:auto]:[contain-intrinsic-size:auto_100lvh] scroll-mt-[calc(var(--header-height)+min(200px,max(70px,20svh)))]\" dir=\"auto\" tabindex=\"-1\" data-turn-id=\"request-68e68ec7-8804-8320-808a-e3ebc72c4d84-45\" data-testid=\"conversation-turn-134\" data-scroll-anchor=\"true\" data-turn=\"assistant\">\n<div class=\"text-base my-auto mx-auto pb-10 [--thread-content-margin:--spacing(4)] thread-sm:[--thread-content-margin:--spacing(6)] thread-lg:[--thread-content-margin:--spacing(16)] px-(--thread-content-margin)\">\n<div class=\"[--thread-content-max-width:40rem] thread-lg:[--thread-content-max-width:48rem] mx-auto max-w-(--thread-content-max-width) flex-1 group\/turn-messages focus-visible:outline-hidden relative flex w-full min-w-0 flex-col agent-turn\" tabindex=\"-1\">\n<div class=\"flex max-w-full flex-col grow\">\n<div class=\"min-h-8 text-message relative flex w-full flex-col items-end gap-2 text-start break-words whitespace-normal [.text-message+&amp;]:mt-5\" dir=\"auto\" data-message-author-role=\"assistant\" data-message-id=\"479e1063-36da-4f43-8d9b-1a05514d951c\" data-message-model-slug=\"gpt-5\">\n<div class=\"flex w-full flex-col gap-1 empty:hidden first:pt-[1px]\">\n<div class=\"markdown prose dark:prose-invert w-full break-words light markdown-new-styling\">\n<p data-start=\"0\" data-end=\"83\"><strong data-start=\"0\" data-end=\"81\">K\u1eb9p S\u00e1ch \u0110\u1ed3ng Ch\u1ea1m Chim H\u1ea1c v\u00e0 Hoa C\u00fac C\u1ed5 \u2013 Thanh cao, tr\u01b0\u1eddng th\u1ecd v\u00e0 an nhi\u00ean<\/strong><\/p>\n<p data-start=\"85\" data-end=\"394\">L\u1ea5y c\u1ea3m h\u1ee9ng t\u1eeb h\u00ecnh \u1ea3nh <strong data-start=\"110\" data-end=\"122\">chim h\u1ea1c<\/strong> \u2013 lo\u00e0i linh \u0111i\u1ec3u t\u01b0\u1ee3ng tr\u01b0ng cho <strong data-start=\"156\" data-end=\"197\">s\u1ef1 tr\u01b0\u1eddng th\u1ecd, thanh khi\u1ebft v\u00e0 tr\u00ed tu\u1ec7<\/strong>, c\u00f9ng <strong data-start=\"204\" data-end=\"218\">hoa c\u00fac c\u1ed5<\/strong> \u2013 bi\u1ec3u t\u01b0\u1ee3ng c\u1ee7a <strong data-start=\"236\" data-end=\"280\">ph\u1ea9m h\u1ea1nh cao qu\u00fd, ki\u00ean \u0111\u1ecbnh v\u00e0 an nhi\u00ean<\/strong>, chi\u1ebfc <strong data-start=\"288\" data-end=\"333\">K\u1eb9p S\u00e1ch \u0110\u1ed3ng Ch\u1ea1m Chim H\u1ea1c v\u00e0 Hoa C\u00fac C\u1ed5<\/strong> mang \u0111\u1eadm tinh th\u1ea7n thanh tao, t\u0129nh t\u1ea1i c\u1ee7a v\u0103n h\u00f3a \u00c1 \u0110\u00f4ng.<\/p>\n<p data-start=\"396\" data-end=\"697\">Tr\u00ean n\u1ec1n \u0111\u1ed3ng v\u00e0ng nguy\u00ean ch\u1ea5t, t\u1eebng chi ti\u1ebft c\u00e1nh c\u00fac, l\u00f4ng h\u1ea1c \u0111\u01b0\u1ee3c <strong data-start=\"466\" data-end=\"484\">ch\u1ea1m tay t\u1ec9 m\u1ec9<\/strong> b\u1edfi ngh\u1ec7 nh\u00e2n Tonkin Craft \u2013 t\u00e1i hi\u1ec7n v\u1ebb \u0111\u1eb9p c\u1ee7a <strong data-start=\"534\" data-end=\"576\">thi\u00ean nhi\u00ean v\u00e0 nh\u00e2n c\u00e1ch ng\u01b0\u1eddi qu\u00e2n t\u1eed<\/strong>. \u00c1nh \u0111\u1ed3ng m\u1edd \u1ea5m ph\u1ea3n chi\u1ebfu qua nh\u1eefng \u0111\u01b0\u1eddng kh\u1eafc tinh t\u1ebf, t\u1ea1o n\u00ean chi\u1ec1u s\u00e2u c\u1ed5 \u0111i\u1ec3n v\u00e0 c\u1ea3m gi\u00e1c b\u00ecnh y\u00ean khi ng\u1eafm nh\u00ecn.<\/p>\n<p data-start=\"699\" data-end=\"726\">\ud83c\udf3f <strong data-start=\"702\" data-end=\"724\">C\u1ea3m h\u1ee9ng &amp; \u00fd ngh\u0129a<\/strong><\/p>\n<ul data-start=\"727\" data-end=\"1000\">\n<li data-start=\"727\" data-end=\"803\">\n<p data-start=\"729\" data-end=\"803\"><strong data-start=\"729\" data-end=\"741\">Chim h\u1ea1c<\/strong>: bi\u1ec3u tr\u01b0ng cho tr\u00ed tu\u1ec7, tr\u01b0\u1eddng th\u1ecd v\u00e0 t\u00e2m h\u1ed3n thanh tho\u00e1t.<\/p>\n<\/li>\n<li data-start=\"804\" data-end=\"1000\">\n<p data-start=\"806\" data-end=\"1000\"><strong data-start=\"806\" data-end=\"820\">Hoa c\u00fac c\u1ed5<\/strong>: bi\u1ec3u t\u01b0\u1ee3ng c\u1ee7a s\u1ef1 b\u1ec1n b\u1ec9, thanh cao v\u00e0 cu\u1ed9c s\u1ed1ng an nhi\u00ean.<br data-start=\"880\" data-end=\"883\" \/>S\u1ef1 k\u1ebft h\u1ee3p c\u1ee7a hai h\u00ecnh t\u01b0\u1ee3ng n\u00e0y th\u1ec3 hi\u1ec7n <strong data-start=\"926\" data-end=\"997\">\u01b0\u1edbc v\u1ecdng s\u1ed1ng l\u00e2u, s\u1ed1ng \u0111\u1eb9p v\u00e0 gi\u1eef t\u00e2m s\u00e1ng gi\u1eefa d\u00f2ng \u0111\u1eddi bi\u1ebfn \u0111\u1ed9ng<\/strong>.<\/p>\n<\/li>\n<\/ul>\n<p data-start=\"1002\" data-end=\"1263\">\u2692\ufe0f <strong data-start=\"1005\" data-end=\"1034\">Ch\u1ebf t\u00e1c th\u1ee7 c\u00f4ng tinh x\u1ea3o<\/strong><br data-start=\"1034\" data-end=\"1037\" \/>K\u1eb9p s\u00e1ch \u0111\u01b0\u1ee3c <strong data-start=\"1051\" data-end=\"1082\">g\u00f2, ch\u1ea1m ho\u00e0n to\u00e0n b\u1eb1ng tay<\/strong>, kh\u00f4ng khu\u00f4n \u0111\u00fac, tr\u1ea3i qua nhi\u1ec1u c\u00f4ng \u0111o\u1ea1n t\u1eeb ch\u1ecdn \u0111\u1ed3ng, t\u1ea1o d\u00e1ng \u0111\u1ebfn kh\u1eafc h\u1ecda t\u1eebng chi ti\u1ebft nh\u1ecf. M\u1ed7i s\u1ea3n ph\u1ea9m l\u00e0 <strong data-start=\"1197\" data-end=\"1221\">m\u1ed9t t\u00e1c ph\u1ea9m \u0111\u1ed9c b\u1ea3n<\/strong>, mang d\u1ea5u \u1ea5n ri\u00eang c\u1ee7a ng\u01b0\u1eddi ngh\u1ec7 nh\u00e2n.<\/p>\n<p data-start=\"1265\" data-end=\"1467\">\ud83c\udf81 <strong data-start=\"1268\" data-end=\"1291\">\u1ee8ng d\u1ee5ng &amp; qu\u00e0 t\u1eb7ng<\/strong><br data-start=\"1291\" data-end=\"1294\" \/>L\u00e0 <strong data-start=\"1297\" data-end=\"1326\">ph\u1ee5 ki\u1ec7n \u0111\u1ecdc s\u00e1ch tinh t\u1ebf<\/strong>, \u0111\u1ed3ng th\u1eddi l\u00e0 <strong data-start=\"1341\" data-end=\"1374\">m\u00f3n qu\u00e0 mang \u00fd ngh\u0129a t\u1ed1t l\u00e0nh<\/strong> d\u00e0nh t\u1eb7ng cho th\u1ea7y c\u00f4, b\u1ea1n b\u00e8, ng\u01b0\u1eddi th\u00e2n \u2013 nh\u01b0 l\u1eddi ch\u00fac <strong data-start=\"1432\" data-end=\"1464\">tr\u00ed tu\u1ec7, s\u1ee9c kh\u1ecfe v\u00e0 b\u00ecnh an<\/strong>.<\/p>\n<p data-start=\"1469\" data-end=\"1499\">\u2728 <strong data-start=\"1471\" data-end=\"1497\">\u0110\u1eb7c tr\u01b0ng Tonkin Craft<\/strong><\/p>\n<ul data-start=\"1500\" data-end=\"1709\">\n<li data-start=\"1500\" data-end=\"1552\">\n<p data-start=\"1502\" data-end=\"1552\">100% <strong data-start=\"1507\" data-end=\"1532\">th\u1ee7 c\u00f4ng truy\u1ec1n th\u1ed1ng<\/strong>, kh\u00f4ng khu\u00f4n \u0111\u00fac.<\/p>\n<\/li>\n<li data-start=\"1553\" data-end=\"1624\">\n<p data-start=\"1555\" data-end=\"1624\"><strong data-start=\"1555\" data-end=\"1566\">\u0110\u1ed9c b\u1ea3n<\/strong>, m\u1ed7i s\u1ea3n ph\u1ea9m mang d\u1ea5u v\u1ebft ri\u00eang c\u1ee7a b\u00e0n tay ng\u01b0\u1eddi th\u1ee3.<\/p>\n<\/li>\n<li data-start=\"1625\" data-end=\"1709\">\n<p data-start=\"1627\" data-end=\"1709\"><strong data-start=\"1627\" data-end=\"1654\">\u0110\u1ed3ng c\u00e0ng d\u00f9ng c\u00e0ng \u0111\u1eb9p<\/strong>, th\u1eddi gian t\u1ea1o n\u00ean s\u1eafc tr\u1ea7m \u1ea5m v\u00e0 chi\u1ec1u s\u00e2u c\u1ed5 \u0111i\u1ec3n.<\/p>\n<\/li>\n<\/ul>\n<p data-start=\"1711\" data-end=\"1904\" data-is-last-node=\"\" data-is-only-node=\"\"><strong data-start=\"1711\" data-end=\"1756\">K\u1eb9p S\u00e1ch \u0110\u1ed3ng Ch\u1ea1m Chim H\u1ea1c v\u00e0 Hoa C\u00fac C\u1ed5<\/strong> \u2013 kh\u00f4ng ch\u1ec9 l\u00e0 m\u00f3n ph\u1ee5 ki\u1ec7n nh\u1ecf b\u00e9, m\u00e0 c\u00f2n l\u00e0 <strong data-start=\"1803\" data-end=\"1849\">th\u00f4ng \u0111i\u1ec7p thanh cao, an nhi\u00ean v\u00e0 b\u1ec1n v\u1eefng<\/strong> Tonkin Craft g\u1eedi g\u1eafm qua t\u1eebng \u0111\u01b0\u1eddng ch\u1ea1m \u0111\u1ed3ng tinh t\u1ebf.<\/p>\n<\/div>\n<\/div>\n<\/div>\n<\/div>\n<div class=\"z-0 flex min-h-[46px] justify-start\"><\/div>\n<div class=\"mt-3 w-full empty:hidden\">\n<div class=\"text-center\"><\/div>\n<\/div>\n<\/div>\n<\/div>\n<\/article>\n","protected":false},"excerpt":{"rendered":"<p>K\u1eb9p s\u00e1ch \u0111\u00e1nh d\u1ea5u trang s\u00e1ch b\u1eb1ng \u0111\u1ed3ng thau, ch\u1ea1m h\u00ecnh H\u1ea1c v\u00e0 C\u00fac C\u1ed5 thi\u1ebft k\u1ebf m\u1ed9c m\u1ea1c, \u0111\u1ed9c l\u1ea1, \u0111\u01a1n gi\u1ea3n, \u0111\u1ed3ng v\u00e0ng theo th\u1eddi gian. S\u1ea3n ph\u1ea9m \u0111\u01b0\u1ee3c ch\u1ebf t\u00e1c c\u1ef1c k\u1ef3 tinh x\u1ea3o tr\u00ean ch\u1ea5t li\u1ec7u \u0111\u1ed3ng \u0111\u1ecf v\u00e0 thau \u0111\u00f2i h\u1ecfi s\u1ef1 t\u1ec9 m\u1ec9 cao trong t\u1eebng \u0111\u01b0\u1eddng n\u00e9t b\u1edfi c\u00e1c ngh\u1ec7 nh\u00e2n.<\/p>\n<p>Th\u00f4ng tin chi ti\u1ebft SP:<\/p>\n<p>&#8211; Ch\u1ea5t li\u1ec7u: \u0110\u1ed3ng \u0111\u1ecf, thau nguy\u00ean ch\u1ea5t<\/p>\n<p>&#8211; K\u00edch th\u01b0\u1edbc: ( chi\u1ec1u d\u00e0i x chi\u1ec1u r\u1ed9ng): 5x15cm<\/p>\n<p>&#8211; Nh\u1eadn l\u00e0m theo m\u1eabu, k\u00edch th\u01b0\u1edbc y\u00eau c\u1ea7u<\/p>\n<p>&#8212;&#8212;&#8212;&#8212;&#8211;<\/p>\n<div dir=\"auto\">\u0110\u1ed3 \u0111\u1ed3ng c\u1ee7a Tonkin Craft \u0111\u00e3 \u0111\u01b0\u1ee3c nghi\u00ean c\u1ee9u, c\u1ea3i ti\u1ebfn m\u1eabu m\u00e3 r\u1ea5t nhi\u1ec1u sao cho \u0111\u01a1n gi\u1ea3n, tinh t\u1ebf v\u00e0 d\u1ec5 d\u00e0ng ph\u00f9 h\u1ee3p v\u1edbi cu\u1ed9c s\u1ed1ng hi\u1ec7n \u0111\u1ea1i.<\/div>\n<div dir=\"auto\">\u0110\u1ed3 \u0111\u1ed3ng s\u1ebd xu\u1ed1ng m\u00e0u theo th\u1eddi gian, v\u00e0 v\u1eabn mang m\u1ed9t v\u1ebb \u0111\u1eb9p \u0111\u1eb7c tr\u01b0ng d\u00f9 kh\u00f4ng s\u00e1ng b\u00f3ng v\u00e0ng nh\u01b0 m\u1edbi. B\u1ea1n c\u00f3 th\u1ec3 \u0111\u00e1nh l\u1ea1i \u0111\u1ed3 \u0111\u1ed3ng b\u1eb1ng chanh ho\u1eb7c gi\u1ea5m \u0111\u1ec3 \u0111\u1ed3 \u0111\u1ed3ng s\u00e1ng h\u01a1n.<\/div>\n","protected":false},"featured_media":2126,"comment_status":"open","ping_status":"closed","template":"","meta":[],"product_brand":[],"product_cat":[133],"product_tag":[136,137,72,76,135,267],"class_list":{"0":"post-2137","1":"product","2":"type-product","3":"status-publish","4":"has-post-thumbnail","6":"product_cat-kep-sach","7":"product_tag-bookmark","8":"product_tag-dau-trang","9":"product_tag-do-dong-noi-that","10":"product_tag-do-dong-thu-cong","11":"product_tag-kep-sach","12":"product_tag-kep-sach-phat","14":"first","15":"instock","16":"shipping-taxable","17":"product-type-simple"},"aioseo_notices":[],"_links":{"self":[{"href":"https:\/\/tonkincraft.vn\/vn\/wp-json\/wp\/v2\/product\/2137","targetHints":{"allow":["GET"]}}],"collection":[{"href":"https:\/\/tonkincraft.vn\/vn\/wp-json\/wp\/v2\/product"}],"about":[{"href":"https:\/\/tonkincraft.vn\/vn\/wp-json\/wp\/v2\/types\/product"}],"replies":[{"embeddable":true,"href":"https:\/\/tonkincraft.vn\/vn\/wp-json\/wp\/v2\/comments?post=2137"}],"wp:featuredmedia":[{"embeddable":true,"href":"https:\/\/tonkincraft.vn\/vn\/wp-json\/wp\/v2\/media\/2126"}],"wp:attachment":[{"href":"https:\/\/tonkincraft.vn\/vn\/wp-json\/wp\/v2\/media?parent=2137"}],"wp:term":[{"taxonomy":"product_brand","embeddable":true,"href":"https:\/\/tonkincraft.vn\/vn\/wp-json\/wp\/v2\/product_brand?post=2137"},{"taxonomy":"product_cat","embeddable":true,"href":"https:\/\/tonkincraft.vn\/vn\/wp-json\/wp\/v2\/product_cat?post=2137"},{"taxonomy":"product_tag","embeddable":true,"href":"https:\/\/tonkincraft.vn\/vn\/wp-json\/wp\/v2\/product_tag?post=2137"}],"curies":[{"name":"wp","href":"https:\/\/api.w.org\/{rel}","templated":true}]}}