{"id":2136,"date":"2022-09-15T23:43:33","date_gmt":"2022-09-15T16:43:33","guid":{"rendered":"https:\/\/tonkincraft.vn\/vn\/?post_type=product&#038;p=2136"},"modified":"2025-10-10T22:34:12","modified_gmt":"2025-10-10T15:34:12","slug":"kep-sach-danh-dau-trang-sach-bookmark-bang-dong-thau-cham-rong-thoi-ly","status":"publish","type":"product","link":"https:\/\/tonkincraft.vn\/vn\/product\/kep-sach-danh-dau-trang-sach-bookmark-bang-dong-thau-cham-rong-thoi-ly\/","title":{"rendered":"K\u1eb9p S\u00e1ch \u0110\u1ed3ng Ch\u1ea1m R\u1ed3ng Th\u1eddi L\u00fd"},"content":{"rendered":"<p data-start=\"0\" data-end=\"73\"><strong data-start=\"0\" data-end=\"71\">K\u1eb9p S\u00e1ch \u0110\u1ed3ng Ch\u1ea1m R\u1ed3ng Th\u1eddi L\u00fd \u2013 Uy nghi, tr\u00ed tu\u1ec7 v\u00e0 tinh hoa Vi\u1ec7t<\/strong><\/p>\n<p data-start=\"75\" data-end=\"345\">L\u1ea5y c\u1ea3m h\u1ee9ng t\u1eeb <strong data-start=\"91\" data-end=\"118\">h\u00ecnh t\u01b0\u1ee3ng R\u1ed3ng th\u1eddi L\u00fd<\/strong> \u2013 linh v\u1eadt bi\u1ec3u tr\u01b0ng cho <strong data-start=\"145\" data-end=\"196\">quy\u1ec1n uy, tr\u00ed tu\u1ec7 v\u00e0 s\u1ef1 h\u01b0ng th\u1ecbnh c\u1ee7a qu\u1ed1c gia<\/strong>, chi\u1ebfc <em data-start=\"204\" data-end=\"237\">K\u1eb9p S\u00e1ch \u0110\u1ed3ng Ch\u1ea1m R\u1ed3ng Th\u1eddi L\u00fd<\/em> l\u00e0 t\u00e1c ph\u1ea9m th\u1ee7 c\u00f4ng k\u1ebft h\u1ee3p gi\u1eefa <strong data-start=\"272\" data-end=\"307\">ngh\u1ec7 thu\u1eadt g\u00f2 ch\u1ea1m truy\u1ec1n th\u1ed1ng<\/strong> v\u00e0 <strong data-start=\"311\" data-end=\"342\">tinh th\u1ea7n tri th\u1ee9c hi\u1ec7n \u0111\u1ea1i<\/strong>.<\/p>\n<p data-start=\"347\" data-end=\"658\">T\u1eebng \u0111\u01b0\u1eddng n\u00e9t th\u00e2n r\u1ed3ng \u0111\u01b0\u1ee3c <strong data-start=\"377\" data-end=\"436\">ch\u1ea1m kh\u1eafc th\u1ee7 c\u00f4ng t\u1ec9 m\u1ec9 tr\u00ean n\u1ec1n \u0111\u1ed3ng v\u00e0ng nguy\u00ean ch\u1ea5t<\/strong>, th\u1ec3 hi\u1ec7n r\u00f5 phong c\u00e1ch m\u1ef9 thu\u1eadt th\u1eddi L\u00fd: <strong data-start=\"479\" data-end=\"517\">thanh tho\u00e1t, m\u1ec1m m\u1ea1i m\u00e0 \u0111\u1ea7y uy l\u1ef1c<\/strong>. H\u00ecnh \u1ea3nh r\u1ed3ng bay l\u01b0\u1ee3n \u1ea9n hi\u1ec7n gi\u1eefa m\u00e2y tr\u1eddi g\u1ee3i n\u00ean <strong data-start=\"572\" data-end=\"596\">s\u1ee9c s\u1ed1ng th\u1ecbnh v\u01b0\u1ee3ng<\/strong>, bi\u1ec3u t\u01b0\u1ee3ng cho <strong data-start=\"613\" data-end=\"655\">kh\u00e1t v\u1ecdng v\u01b0\u01a1n l\u00ean v\u00e0 tinh hoa d\u00e2n t\u1ed9c<\/strong>.<\/p>\n<p data-start=\"660\" data-end=\"821\">\ud83d\udc09 <strong data-start=\"663\" data-end=\"685\">C\u1ea3m h\u1ee9ng &amp; \u00fd ngh\u0129a<\/strong><br data-start=\"685\" data-end=\"688\" \/>R\u1ed3ng th\u1eddi L\u00fd l\u00e0 h\u00ecnh t\u01b0\u1ee3ng \u0111\u1eb7c tr\u01b0ng cho <strong data-start=\"729\" data-end=\"769\">tri\u1ec1u \u0111\u1ea1i khai s\u00e1ng v\u0103n h\u00f3a \u0110\u1ea1i Vi\u1ec7t<\/strong>, mang d\u00e1ng d\u1ea5p nh\u1eb9 nh\u00e0ng, linh thi\u00eang m\u00e0 g\u1ea7n g\u0169i.<\/p>\n<ul data-start=\"822\" data-end=\"1123\">\n<li data-start=\"822\" data-end=\"901\">\n<p data-start=\"824\" data-end=\"901\">Bi\u1ec3u tr\u01b0ng cho <strong data-start=\"839\" data-end=\"863\">tr\u00ed tu\u1ec7 v\u00e0 quy\u1ec1n l\u1ef1c<\/strong>, n\u0103ng l\u01b0\u1ee3ng d\u01b0\u01a1ng v\u00e0 s\u1ef1 tr\u01b0\u1eddng t\u1ed3n.<\/p>\n<\/li>\n<li data-start=\"902\" data-end=\"1031\">\n<p data-start=\"904\" data-end=\"1031\">L\u00e0 bi\u1ec3u t\u01b0\u1ee3ng c\u1ee7a <strong data-start=\"922\" data-end=\"953\">may m\u1eafn, t\u00e0i l\u1ed9c v\u00e0 ph\u00fa qu\u00fd<\/strong>, gi\u00fap ng\u01b0\u1eddi s\u1edf h\u1eefu lu\u00f4n g\u1eb7p c\u00e1t l\u00e0nh trong h\u1ecdc t\u1eadp, s\u1ef1 nghi\u1ec7p v\u00e0 cu\u1ed9c s\u1ed1ng.<\/p>\n<\/li>\n<li data-start=\"1032\" data-end=\"1123\">\n<p data-start=\"1034\" data-end=\"1123\">H\u00ecnh \u1ea3nh r\u1ed3ng \u1ea9n hi\u1ec7n tr\u00ean trang s\u00e1ch nh\u01b0 <strong data-start=\"1076\" data-end=\"1120\">l\u1eddi ch\u00fac th\u1ecbnh v\u01b0\u1ee3ng v\u00e0 khai m\u1edf tri th\u1ee9c<\/strong>.<\/p>\n<\/li>\n<\/ul>\n<p data-start=\"1125\" data-end=\"1424\">\ud83d\udcd6 <strong data-start=\"1128\" data-end=\"1159\">Ph\u1ee5 ki\u1ec7n &amp; qu\u00e0 t\u1eb7ng \u00fd ngh\u0129a<\/strong><br data-start=\"1159\" data-end=\"1162\" \/>Chi\u1ebfc k\u1eb9p s\u00e1ch l\u00e0 <strong data-start=\"1180\" data-end=\"1201\">\u0111i\u1ec3m nh\u1ea5n tinh t\u1ebf<\/strong> cho nh\u1eefng ng\u01b0\u1eddi y\u00eau s\u00e1ch, th\u00edch s\u01b0u t\u1ea7m v\u00e0 tr\u00e2n tr\u1ecdng v\u0103n h\u00f3a truy\u1ec1n th\u1ed1ng.<br data-start=\"1277\" data-end=\"1280\" \/>Ph\u00f9 h\u1ee3p l\u00e0m <strong data-start=\"1292\" data-end=\"1311\">qu\u00e0 t\u1eb7ng tri \u00e2n<\/strong>, <strong data-start=\"1313\" data-end=\"1324\">k\u1ef7 ni\u1ec7m<\/strong>, hay <strong data-start=\"1330\" data-end=\"1369\">bi\u1ec3u tr\u01b0ng cho tri th\u1ee9c v\u00e0 quy\u1ec1n uy<\/strong> \u2013 \u0111\u1eb7c bi\u1ec7t cho th\u1ea7y c\u00f4, \u0111\u1ed3ng nghi\u1ec7p, ng\u01b0\u1eddi th\u00e2n y\u00eau.<\/p>\n<p data-start=\"1426\" data-end=\"1535\">\u2692\ufe0f <strong data-start=\"1429\" data-end=\"1458\">Ch\u1ebf t\u00e1c th\u1ee7 c\u00f4ng tinh x\u1ea3o<\/strong><br data-start=\"1458\" data-end=\"1461\" \/>M\u1ed7i chi\u1ebfc k\u1eb9p \u0111\u01b0\u1ee3c <strong data-start=\"1480\" data-end=\"1505\">ch\u1ebf t\u00e1c 100% th\u1ee7 c\u00f4ng<\/strong> b\u1edfi ngh\u1ec7 nh\u00e2n Tonkin Craft:<\/p>\n<ul data-start=\"1536\" data-end=\"1837\">\n<li data-start=\"1536\" data-end=\"1707\">\n<p data-start=\"1538\" data-end=\"1707\">T\u1eeb vi\u1ec7c ch\u1ecdn t\u1ea5m \u0111\u1ed3ng v\u00e0ng chu\u1ea9n s\u1eafc, g\u00f2 t\u1ea1o h\u00ecnh, ch\u1ea1m kh\u1eafc chi ti\u1ebft r\u1ed3ng \u0111\u1ebfn x\u1eed l\u00fd b\u1ec1 m\u1eb7t b\u1eb1ng ph\u01b0\u01a1ng ph\u00e1p <strong data-start=\"1647\" data-end=\"1667\">\u0111\u00e1nh m\u1edd t\u1ef1 nhi\u00ean<\/strong>, gi\u1eef nguy\u00ean \u00e1nh s\u1eafc c\u1ed5 \u0111i\u1ec3n c\u1ee7a \u0111\u1ed3ng.<\/p>\n<\/li>\n<li data-start=\"1708\" data-end=\"1837\">\n<p data-start=\"1710\" data-end=\"1837\">Kh\u00f4ng khu\u00f4n \u0111\u00fac, kh\u00f4ng c\u00f4ng nghi\u1ec7p \u2013 <strong data-start=\"1747\" data-end=\"1787\">m\u1ed7i s\u1ea3n ph\u1ea9m l\u00e0 m\u1ed9t t\u00e1c ph\u1ea9m \u0111\u1ed9c b\u1ea3n<\/strong>, mang h\u1ed3n c\u1ee7a ng\u01b0\u1eddi th\u1ee3 v\u00e0 h\u01a1i th\u1edf c\u1ee7a l\u1ecbch s\u1eed.<\/p>\n<\/li>\n<\/ul>\n<p data-start=\"1839\" data-end=\"1866\">\ud83c\udf81 <strong data-start=\"1842\" data-end=\"1864\">Gi\u00e1 tr\u1ecb &amp; \u1ee9ng d\u1ee5ng<\/strong><\/p>\n<ul data-start=\"1867\" data-end=\"2106\">\n<li data-start=\"1867\" data-end=\"1947\">\n<p data-start=\"1869\" data-end=\"1947\">Ph\u1ee5 ki\u1ec7n sang tr\u1ecdng d\u00e0nh cho ng\u01b0\u1eddi y\u00eau s\u00e1ch, s\u01b0u t\u1ea7m ho\u1eb7c s\u1eed d\u1ee5ng h\u00e0ng ng\u00e0y.<\/p>\n<\/li>\n<li data-start=\"1948\" data-end=\"2047\">\n<p data-start=\"1950\" data-end=\"2047\">Qu\u00e0 t\u1eb7ng \u00fd ngh\u0129a trong c\u00e1c d\u1ecbp l\u1ec5, tri \u00e2n, ho\u1eb7c l\u00e0m <strong data-start=\"2002\" data-end=\"2025\">k\u1ef7 v\u1eadt v\u0103n h\u00f3a Vi\u1ec7t<\/strong> cho b\u1ea1n b\u00e8 qu\u1ed1c t\u1ebf.<\/p>\n<\/li>\n<li data-start=\"2048\" data-end=\"2106\">\n<p data-start=\"2050\" data-end=\"2106\">Th\u1ec3 hi\u1ec7n s\u1ef1 tinh t\u1ebf, hi\u1ec3u bi\u1ebft v\u00e0 ni\u1ec1m t\u1ef1 h\u00e0o d\u00e2n t\u1ed9c.<\/p>\n<\/li>\n<\/ul>\n<p data-start=\"2108\" data-end=\"2145\">\u2728 <strong data-start=\"2110\" data-end=\"2143\">S\u1ef1 kh\u00e1c bi\u1ec7t c\u1ee7a Tonkin Craft<\/strong><\/p>\n<ul data-start=\"2146\" data-end=\"2383\">\n<li data-start=\"2146\" data-end=\"2218\">\n<p data-start=\"2148\" data-end=\"2218\">Ch\u1ebf t\u00e1c ho\u00e0n to\u00e0n th\u1ee7 c\u00f4ng \u2013 <strong data-start=\"2177\" data-end=\"2215\">kh\u00f4ng khu\u00f4n \u0111\u00fac, kh\u00f4ng c\u00f4ng nghi\u1ec7p<\/strong>.<\/p>\n<\/li>\n<li data-start=\"2219\" data-end=\"2302\">\n<p data-start=\"2221\" data-end=\"2302\">K\u1ebft h\u1ee3p h\u00e0i h\u00f2a gi\u1eefa <strong data-start=\"2242\" data-end=\"2274\">m\u1ef9 thu\u1eadt truy\u1ec1n th\u1ed1ng \u00c1 \u0110\u00f4ng<\/strong> v\u00e0 <strong data-start=\"2278\" data-end=\"2299\">th\u1ea9m m\u1ef9 \u0111\u01b0\u01a1ng \u0111\u1ea1i<\/strong>.<\/p>\n<\/li>\n<li data-start=\"2303\" data-end=\"2383\">\n<p data-start=\"2305\" data-end=\"2383\">M\u1ed7i s\u1ea3n ph\u1ea9m \u0111\u1ec1u mang gi\u00e1 tr\u1ecb <strong data-start=\"2335\" data-end=\"2380\">v\u0103n h\u00f3a, ngh\u1ec7 thu\u1eadt v\u00e0 tinh th\u1ea7n b\u1ec1n v\u1eefng<\/strong>.<\/p>\n<\/li>\n<\/ul>\n<p data-start=\"2385\" data-end=\"2577\">\ud83d\udd38 <strong data-start=\"2388\" data-end=\"2411\">Ch\u1ea5t l\u01b0\u1ee3ng &amp; \u0111\u1ed9 b\u1ec1n<\/strong><br data-start=\"2411\" data-end=\"2414\" \/>\u0110\u1ed3ng Tonkin Craft <strong data-start=\"2432\" data-end=\"2454\">c\u00e0ng d\u00f9ng c\u00e0ng \u0111\u1eb9p<\/strong>, b\u1ec1 m\u1eb7t \u0111\u1ed3ng chuy\u1ec3n d\u1ea7n sang s\u1eafc tr\u1ea7m \u1ea5m, c\u1ed5 \u0111i\u1ec3n \u2013 th\u1ec3 hi\u1ec7n <strong data-start=\"2516\" data-end=\"2574\">d\u1ea5u \u1ea5n th\u1eddi gian v\u00e0 v\u1ebb s\u1ed1ng \u0111\u1ed9ng c\u1ee7a kim lo\u1ea1i t\u1ef1 nhi\u00ean<\/strong>.<\/p>\n<p data-start=\"2579\" data-end=\"2607\">\ud83d\udca7 <strong data-start=\"2582\" data-end=\"2605\">Ch\u0103m s\u00f3c &amp; b\u1ea3o qu\u1ea3n<\/strong><\/p>\n<ul data-start=\"2608\" data-end=\"2804\">\n<li data-start=\"2608\" data-end=\"2649\">\n<p data-start=\"2610\" data-end=\"2649\">Lau nh\u1eb9 b\u1eb1ng v\u1ea3i m\u1ec1m sau khi s\u1eed d\u1ee5ng.<\/p>\n<\/li>\n<li data-start=\"2650\" data-end=\"2720\">\n<p data-start=\"2652\" data-end=\"2720\">N\u1ebfu k\u1eb9p x\u1ec9n m\u00e0u, c\u00f3 th\u1ec3 \u0111\u00e1nh s\u00e1ng l\u1ea1i b\u1eb1ng chanh ho\u1eb7c baking soda.<\/p>\n<\/li>\n<li data-start=\"2721\" data-end=\"2804\">\n<p data-start=\"2723\" data-end=\"2804\">B\u1ea3o qu\u1ea3n n\u01a1i kh\u00f4 r\u00e1o, tr\u00e1nh ti\u1ebfp x\u00fac tr\u1ef1c ti\u1ebfp v\u1edbi n\u01b0\u1edbc hoa, h\u00f3a ch\u1ea5t, m\u1ef9 ph\u1ea9m.<\/p>\n<\/li>\n<\/ul>\n<p data-start=\"2806\" data-end=\"3017\" data-is-last-node=\"\" data-is-only-node=\"\">\ud83c\udf3f<br data-start=\"2808\" data-end=\"2811\" \/><em data-start=\"2811\" data-end=\"2844\">K\u1eb9p S\u00e1ch \u0110\u1ed3ng Ch\u1ea1m R\u1ed3ng Th\u1eddi L\u00fd<\/em> kh\u00f4ng ch\u1ec9 l\u00e0 m\u00f3n ph\u1ee5 ki\u1ec7n \u0111\u1ecdc s\u00e1ch tinh x\u1ea3o, m\u00e0 c\u00f2n l\u00e0 <strong data-start=\"2900\" data-end=\"2922\">bi\u1ec3u t\u01b0\u1ee3ng v\u0103n h\u00f3a<\/strong> \u2013 g\u1eedi g\u1eafm <strong data-start=\"2933\" data-end=\"2975\">kh\u00ed ph\u00e1ch, tr\u00ed tu\u1ec7 v\u00e0 ni\u1ec1m t\u1ef1 h\u00e0o Vi\u1ec7t<\/strong> qua b\u00e0n tay ng\u01b0\u1eddi ngh\u1ec7 nh\u00e2n Tonkin Craft.<\/p>\n","protected":false},"excerpt":{"rendered":"<p data-start=\"77\" data-end=\"307\">L\u1ea5y c\u1ea3m h\u1ee9ng t\u1eeb h\u00ecnh t\u01b0\u1ee3ng <strong data-start=\"104\" data-end=\"120\">R\u1ed3ng th\u1eddi L\u00fd<\/strong> \u2013 linh v\u1eadt cao qu\u00fd bi\u1ec3u tr\u01b0ng cho <strong data-start=\"155\" data-end=\"207\">quy\u1ec1n l\u1ef1c, tr\u00ed tu\u1ec7 v\u00e0 s\u1ef1 h\u01b0ng th\u1ecbnh c\u1ee7a qu\u1ed1c gia<\/strong>, chi\u1ebfc <strong data-start=\"215\" data-end=\"242\">K\u1eb9p S\u00e1ch \u0110\u1ed3ng Ch\u1ea1m R\u1ed3ng<\/strong> l\u00e0 s\u1ef1 k\u1ebft h\u1ee3p gi\u1eefa ngh\u1ec7 thu\u1eadt c\u1ed5 truy\u1ec1n v\u00e0 tinh th\u1ea7n tri th\u1ee9c.<\/p>\n<p data-start=\"309\" data-end=\"511\">T\u1eebng \u0111\u01b0\u1eddng n\u00e9t u\u1ed1n l\u01b0\u1ee3n m\u1ec1m m\u1ea1i c\u1ee7a th\u00e2n r\u1ed3ng \u0111\u01b0\u1ee3c <strong data-start=\"360\" data-end=\"411\">g\u00f2 ch\u1ea1m th\u1ee7 c\u00f4ng tr\u00ean n\u1ec1n \u0111\u1ed3ng v\u00e0ng nguy\u00ean ch\u1ea5t<\/strong>, th\u1ec3 hi\u1ec7n v\u1ebb uy nghi nh\u01b0ng thanh tho\u00e1t, v\u1eeba m\u1ea1nh m\u1ebd v\u1eeba tinh t\u1ebf \u2013 \u0111\u1eb7c tr\u01b0ng c\u1ee7a m\u1ef9 thu\u1eadt th\u1eddi L\u00fd.<\/p>\n<p>Th\u00f4ng tin chi ti\u1ebft SP:<\/p>\n<p>&#8211; Ch\u1ea5t li\u1ec7u: \u0110\u1ed3ng \u0111\u1ecf, thau nguy\u00ean ch\u1ea5t<\/p>\n<p>&#8211; K\u00edch th\u01b0\u1edbc: ( chi\u1ec1u d\u00e0i x chi\u1ec1u r\u1ed9ng): 5x15cm<\/p>\n<p>&#8211; Nh\u1eadn l\u00e0m theo m\u1eabu, k\u00edch th\u01b0\u1edbc y\u00eau c\u1ea7u<\/p>\n<p>&#8212;&#8212;&#8212;&#8212;&#8211;<\/p>\n<div dir=\"auto\">\u0110\u1ed3 \u0111\u1ed3ng c\u1ee7a Tonkin Craft \u0111\u00e3 \u0111\u01b0\u1ee3c nghi\u00ean c\u1ee9u, c\u1ea3i ti\u1ebfn m\u1eabu m\u00e3 r\u1ea5t nhi\u1ec1u sao cho \u0111\u01a1n gi\u1ea3n, tinh t\u1ebf v\u00e0 d\u1ec5 d\u00e0ng ph\u00f9 h\u1ee3p v\u1edbi cu\u1ed9c s\u1ed1ng hi\u1ec7n \u0111\u1ea1i.<\/div>\n<div dir=\"auto\">\u0110\u1ed3 \u0111\u1ed3ng s\u1ebd xu\u1ed1ng m\u00e0u theo th\u1eddi gian, v\u00e0 v\u1eabn mang m\u1ed9t v\u1ebb \u0111\u1eb9p \u0111\u1eb7c tr\u01b0ng d\u00f9 kh\u00f4ng s\u00e1ng b\u00f3ng v\u00e0ng nh\u01b0 m\u1edbi. B\u1ea1n c\u00f3 th\u1ec3 \u0111\u00e1nh l\u1ea1i \u0111\u1ed3 \u0111\u1ed3ng b\u1eb1ng chanh ho\u1eb7c gi\u1ea5m \u0111\u1ec3 \u0111\u1ed3 \u0111\u1ed3ng s\u00e1ng h\u01a1n.<\/div>\n","protected":false},"featured_media":2127,"comment_status":"open","ping_status":"closed","template":"","meta":[],"product_brand":[],"product_cat":[133],"product_tag":[136,137,72,76,135,267],"class_list":{"0":"post-2136","1":"product","2":"type-product","3":"status-publish","4":"has-post-thumbnail","6":"product_cat-kep-sach","7":"product_tag-bookmark","8":"product_tag-dau-trang","9":"product_tag-do-dong-noi-that","10":"product_tag-do-dong-thu-cong","11":"product_tag-kep-sach","12":"product_tag-kep-sach-phat","14":"first","15":"instock","16":"shipping-taxable","17":"product-type-simple"},"aioseo_notices":[],"_links":{"self":[{"href":"https:\/\/tonkincraft.vn\/vn\/wp-json\/wp\/v2\/product\/2136","targetHints":{"allow":["GET"]}}],"collection":[{"href":"https:\/\/tonkincraft.vn\/vn\/wp-json\/wp\/v2\/product"}],"about":[{"href":"https:\/\/tonkincraft.vn\/vn\/wp-json\/wp\/v2\/types\/product"}],"replies":[{"embeddable":true,"href":"https:\/\/tonkincraft.vn\/vn\/wp-json\/wp\/v2\/comments?post=2136"}],"wp:featuredmedia":[{"embeddable":true,"href":"https:\/\/tonkincraft.vn\/vn\/wp-json\/wp\/v2\/media\/2127"}],"wp:attachment":[{"href":"https:\/\/tonkincraft.vn\/vn\/wp-json\/wp\/v2\/media?parent=2136"}],"wp:term":[{"taxonomy":"product_brand","embeddable":true,"href":"https:\/\/tonkincraft.vn\/vn\/wp-json\/wp\/v2\/product_brand?post=2136"},{"taxonomy":"product_cat","embeddable":true,"href":"https:\/\/tonkincraft.vn\/vn\/wp-json\/wp\/v2\/product_cat?post=2136"},{"taxonomy":"product_tag","embeddable":true,"href":"https:\/\/tonkincraft.vn\/vn\/wp-json\/wp\/v2\/product_tag?post=2136"}],"curies":[{"name":"wp","href":"https:\/\/api.w.org\/{rel}","templated":true}]}}