{"id":2134,"date":"2022-09-15T23:41:44","date_gmt":"2022-09-15T16:41:44","guid":{"rendered":"https:\/\/tonkincraft.vn\/vn\/?post_type=product&#038;p=2134"},"modified":"2025-10-10T22:40:34","modified_gmt":"2025-10-10T15:40:34","slug":"kep-sach-danh-dau-trang-sach-bang-dong-thau-cham-hinh-hoa-sen","status":"publish","type":"product","link":"https:\/\/tonkincraft.vn\/vn\/product\/kep-sach-danh-dau-trang-sach-bang-dong-thau-cham-hinh-hoa-sen\/","title":{"rendered":"K\u1eb9p S\u00e1ch \u0110\u1ed3ng Ch\u1ea1m Hoa Sen"},"content":{"rendered":"<p data-start=\"0\" data-end=\"82\"><strong data-start=\"0\" data-end=\"80\">K\u1eb9p S\u00e1ch \u0110\u1ed3ng Ch\u1ea1m Hoa Sen \u2013 Bi\u1ec3u t\u01b0\u1ee3ng c\u1ee7a thanh khi\u1ebft, tr\u00ed tu\u1ec7 v\u00e0 an nhi\u00ean<\/strong><\/p>\n<p data-start=\"84\" data-end=\"306\">L\u1ea5y c\u1ea3m h\u1ee9ng t\u1eeb <strong data-start=\"100\" data-end=\"120\">h\u00ecnh \u1ea3nh Hoa Sen<\/strong> \u2013 lo\u00e0i hoa v\u01b0\u01a1n l\u00ean t\u1eeb b\u00f9n l\u1ea7y nh\u01b0ng v\u1eabn gi\u1eef \u0111\u01b0\u1ee3c v\u1ebb <strong data-start=\"174\" data-end=\"201\">thanh cao v\u00e0 tinh khi\u1ebft<\/strong>, chi\u1ebfc <em data-start=\"209\" data-end=\"237\">K\u1eb9p S\u00e1ch \u0110\u1ed3ng Ch\u1ea1m Hoa Sen<\/em> l\u00e0 bi\u1ec3u t\u01b0\u1ee3ng c\u1ee7a <strong data-start=\"256\" data-end=\"303\">s\u1ef1 gi\u00e1c ng\u1ed9, b\u00ecnh an v\u00e0 v\u1ebb \u0111\u1eb9p t\u00e2m h\u1ed3n Vi\u1ec7t<\/strong>.<\/p>\n<p data-start=\"308\" data-end=\"618\">\u0110\u01b0\u1ee3c <strong data-start=\"313\" data-end=\"358\">ch\u1ebf t\u00e1c th\u1ee7 c\u00f4ng t\u1eeb \u0111\u1ed3ng v\u00e0ng nguy\u00ean ch\u1ea5t<\/strong>, t\u1eebng c\u00e1nh sen \u0111\u01b0\u1ee3c <strong data-start=\"379\" data-end=\"420\">g\u00f2 ch\u1ea1m t\u1ec9 m\u1ec9, uy\u1ec3n chuy\u1ec3n v\u00e0 m\u1ec1m m\u1ea1i<\/strong>, t\u1ea1o n\u00ean \u00e1nh s\u1eafc v\u00e0ng tr\u1ea7m v\u1eeba c\u1ed5 \u0111i\u1ec3n v\u1eeba tinh t\u1ebf. H\u00ecnh \u1ea3nh b\u00f4ng sen tr\u00ean trang s\u00e1ch g\u1ee3i n\u00ean c\u1ea3m gi\u00e1c t\u0129nh t\u1ea1i, gi\u00fap ng\u01b0\u1eddi d\u00f9ng c\u1ea3m nh\u1eadn \u0111\u01b0\u1ee3c <strong data-start=\"564\" data-end=\"615\">s\u1ef1 c\u00e2n b\u1eb1ng v\u00e0 t\u0129nh t\u00e2m gi\u1eefa nh\u1ecbp s\u1ed1ng hi\u1ec7n \u0111\u1ea1i<\/strong>.<\/p>\n<p data-start=\"620\" data-end=\"647\">\ud83c\udf38 <strong data-start=\"623\" data-end=\"645\">C\u1ea3m h\u1ee9ng &amp; \u00fd ngh\u0129a<\/strong><\/p>\n<ul data-start=\"648\" data-end=\"979\">\n<li data-start=\"648\" data-end=\"776\">\n<p data-start=\"650\" data-end=\"776\">Hoa Sen t\u01b0\u1ee3ng tr\u01b0ng cho <strong data-start=\"674\" data-end=\"711\">tr\u00ed tu\u1ec7, thanh t\u1ecbnh v\u00e0 l\u00f2ng t\u1eeb bi<\/strong>, l\u00e0 bi\u1ec3u t\u01b0\u1ee3ng thi\u00eang li\u00eang trong v\u0103n h\u00f3a \u00c1 \u0110\u00f4ng v\u00e0 Ph\u1eadt gi\u00e1o.<\/p>\n<\/li>\n<li data-start=\"777\" data-end=\"875\">\n<p data-start=\"779\" data-end=\"875\">Th\u1ec3 hi\u1ec7n <strong data-start=\"788\" data-end=\"808\">s\u1ee9c s\u1ed1ng m\u1ea1nh m\u1ebd<\/strong>, v\u01b0\u1ee3t l\u00ean ngh\u1ecbch c\u1ea3nh m\u00e0 v\u1eabn gi\u1eef t\u00e2m s\u00e1ng v\u00e0 kh\u00ed ch\u1ea5t thanh cao.<\/p>\n<\/li>\n<li data-start=\"876\" data-end=\"979\">\n<p data-start=\"878\" data-end=\"979\">L\u00e0 <strong data-start=\"881\" data-end=\"907\">l\u1eddi nh\u1eafc nh\u1edf nh\u1eb9 nh\u00e0ng<\/strong> v\u1ec1 vi\u1ec7c h\u01b0\u1edbng thi\u1ec7n, s\u1ed1ng an nhi\u00ean v\u00e0 nu\u00f4i d\u01b0\u1ee1ng t\u00e2m h\u1ed3n thu\u1ea7n khi\u1ebft.<\/p>\n<\/li>\n<\/ul>\n<p data-start=\"981\" data-end=\"1322\">\ud83d\udcd6 <strong data-start=\"984\" data-end=\"1015\">Ph\u1ee5 ki\u1ec7n &amp; qu\u00e0 t\u1eb7ng \u00fd ngh\u0129a<\/strong><br data-start=\"1015\" data-end=\"1018\" \/>Chi\u1ebfc k\u1eb9p s\u00e1ch kh\u00f4ng ch\u1ec9 l\u00e0 <strong data-start=\"1046\" data-end=\"1087\">v\u1eadt d\u1ee5ng trang nh\u00e3 cho ng\u01b0\u1eddi y\u00eau s\u00e1ch<\/strong>, m\u00e0 c\u00f2n l\u00e0 <strong data-start=\"1099\" data-end=\"1122\">v\u1eadt ph\u1ea9m phong th\u1ee7y<\/strong>, mang n\u0103ng l\u01b0\u1ee3ng thanh l\u1ecdc, gi\u00fap t\u00e2m t\u0129nh \u2013 tr\u00ed s\u00e1ng.<br data-start=\"1176\" data-end=\"1179\" \/>Ph\u00f9 h\u1ee3p l\u00e0m <strong data-start=\"1191\" data-end=\"1211\">qu\u00e0 t\u1eb7ng tinh t\u1ebf<\/strong> cho b\u1ea1n b\u00e8, th\u1ea7y c\u00f4, ng\u01b0\u1eddi th\u00e2n \u2013 \u0111\u1eb7c bi\u1ec7t v\u1edbi nh\u1eefng ai y\u00eau th\u00edch v\u0103n h\u00f3a, thi\u1ec1n v\u00e0 ngh\u1ec7 thu\u1eadt truy\u1ec1n th\u1ed1ng.<\/p>\n<p data-start=\"1324\" data-end=\"1358\">\u2692\ufe0f <strong data-start=\"1327\" data-end=\"1356\">Ch\u1ebf t\u00e1c th\u1ee7 c\u00f4ng tinh x\u1ea3o<\/strong><\/p>\n<ul data-start=\"1359\" data-end=\"1716\">\n<li data-start=\"1359\" data-end=\"1487\">\n<p data-start=\"1361\" data-end=\"1487\"><strong data-start=\"1361\" data-end=\"1388\">Th\u1ef1c hi\u1ec7n 100% th\u1ee7 c\u00f4ng<\/strong> b\u1edfi ngh\u1ec7 nh\u00e2n Tonkin Craft: t\u1eeb g\u00f2 t\u1ea1o h\u00ecnh, ch\u1ea1m kh\u1eafc t\u1eebng c\u00e1nh sen \u0111\u1ebfn x\u1eed l\u00fd \u00e1nh \u0111\u1ed3ng t\u1ef1 nhi\u00ean.<\/p>\n<\/li>\n<li data-start=\"1488\" data-end=\"1614\">\n<p data-start=\"1490\" data-end=\"1614\">Kh\u00f4ng khu\u00f4n \u0111\u00fac, kh\u00f4ng c\u00f4ng nghi\u1ec7p \u2013 m\u1ed7i s\u1ea3n ph\u1ea9m l\u00e0 <strong data-start=\"1543\" data-end=\"1567\">m\u1ed9t t\u00e1c ph\u1ea9m \u0111\u1ed9c b\u1ea3n<\/strong>, l\u01b0u gi\u1eef h\u1ed3n ngh\u1ec1 g\u00f2 ch\u1ea1m truy\u1ec1n th\u1ed1ng Vi\u1ec7t.<\/p>\n<\/li>\n<li data-start=\"1615\" data-end=\"1716\">\n<p data-start=\"1617\" data-end=\"1716\">M\u1ed7i \u0111\u01b0\u1eddng ch\u1ea1m mang d\u1ea5u \u1ea5n b\u00e0n tay ng\u01b0\u1eddi th\u1ee3, th\u1ec3 hi\u1ec7n <strong data-start=\"1672\" data-end=\"1713\">v\u1ebb \u0111\u1eb9p m\u1ed9c m\u1ea1c, g\u1ea7n g\u0169i m\u00e0 sang tr\u1ecdng<\/strong>.<\/p>\n<\/li>\n<\/ul>\n<p data-start=\"1718\" data-end=\"1745\">\ud83c\udf81 <strong data-start=\"1721\" data-end=\"1743\">Gi\u00e1 tr\u1ecb &amp; \u1ee9ng d\u1ee5ng<\/strong><\/p>\n<ul data-start=\"1746\" data-end=\"2037\">\n<li data-start=\"1746\" data-end=\"1803\">\n<p data-start=\"1748\" data-end=\"1803\">Ph\u1ee5 ki\u1ec7n \u0111\u1ecdc s\u00e1ch, \u0111\u00e1nh d\u1ea5u trang tinh t\u1ebf v\u00e0 b\u1ec1n \u0111\u1eb9p.<\/p>\n<\/li>\n<li data-start=\"1804\" data-end=\"1938\">\n<p data-start=\"1806\" data-end=\"1938\">Qu\u00e0 t\u1eb7ng mang \u00fd ngh\u0129a <strong data-start=\"1828\" data-end=\"1859\">b\u00ecnh an, tr\u00ed tu\u1ec7 v\u00e0 may m\u1eafn<\/strong>, th\u00edch h\u1ee3p trong c\u00e1c d\u1ecbp tri \u00e2n, l\u1ec5 t\u1ebft, ho\u1eb7c d\u00e0nh cho ng\u01b0\u1eddi y\u00eau thi\u1ec1n \u0111\u1ecbnh.<\/p>\n<\/li>\n<li data-start=\"1939\" data-end=\"2037\">\n<p data-start=\"1941\" data-end=\"2037\">M\u1ed9t <strong data-start=\"1945\" data-end=\"1973\">t\u00e1c ph\u1ea9m v\u0103n h\u00f3a thu nh\u1ecf<\/strong>, k\u1ebft n\u1ed1i qu\u00e1 kh\u1ee9 v\u00e0 hi\u1ec7n t\u1ea1i qua ch\u1ea5t li\u1ec7u \u0111\u1ed3ng truy\u1ec1n th\u1ed1ng.<\/p>\n<\/li>\n<\/ul>\n<p data-start=\"2039\" data-end=\"2076\">\u2728 <strong data-start=\"2041\" data-end=\"2074\">S\u1ef1 kh\u00e1c bi\u1ec7t c\u1ee7a Tonkin Craft<\/strong><\/p>\n<ul data-start=\"2077\" data-end=\"2329\">\n<li data-start=\"2077\" data-end=\"2125\">\n<p data-start=\"2079\" data-end=\"2125\"><strong data-start=\"2079\" data-end=\"2122\">Th\u1ee7 c\u00f4ng ho\u00e0n to\u00e0n, \u0111\u1ed9c b\u1ea3n v\u00e0 b\u1ec1n v\u1eefng<\/strong>.<\/p>\n<\/li>\n<li data-start=\"2126\" data-end=\"2233\">\n<p data-start=\"2128\" data-end=\"2233\">K\u1ebft h\u1ee3p tinh hoa <strong data-start=\"2145\" data-end=\"2164\">m\u1ef9 thu\u1eadt \u00c1 \u0110\u00f4ng<\/strong> v\u00e0 <strong data-start=\"2168\" data-end=\"2187\">t\u01b0 duy hi\u1ec7n \u0111\u1ea1i<\/strong>, mang gi\u00e1 tr\u1ecb th\u1ea9m m\u1ef9 v\u00e0 tinh th\u1ea7n l\u00e2u d\u00e0i.<\/p>\n<\/li>\n<li data-start=\"2234\" data-end=\"2329\">\n<p data-start=\"2236\" data-end=\"2329\">M\u1ed7i s\u1ea3n ph\u1ea9m kh\u00f4ng ch\u1ec9 l\u00e0 v\u1eadt d\u1ee5ng \u2013 m\u00e0 l\u00e0 <strong data-start=\"2279\" data-end=\"2326\">m\u1ed9t bi\u1ec3u t\u01b0\u1ee3ng v\u0103n h\u00f3a, m\u1ed9t m\u00f3n qu\u00e0 t\u00e2m h\u1ed3n<\/strong>.<\/p>\n<\/li>\n<\/ul>\n<p data-start=\"2331\" data-end=\"2470\">\ud83d\udd38 <strong data-start=\"2334\" data-end=\"2357\">Ch\u1ea5t l\u01b0\u1ee3ng &amp; \u0111\u1ed9 b\u1ec1n<\/strong><br data-start=\"2357\" data-end=\"2360\" \/>\u0110\u1ed3ng Tonkin Craft <strong data-start=\"2378\" data-end=\"2400\">c\u00e0ng d\u00f9ng c\u00e0ng \u0111\u1eb9p<\/strong>, \u00e1nh v\u00e0ng tr\u1ea7m d\u1ea7n theo th\u1eddi gian, mang l\u1ea1i v\u1ebb c\u1ed5 \u0111i\u1ec3n v\u00e0 s\u00e2u l\u1eafng.<\/p>\n<p data-start=\"2472\" data-end=\"2500\">\ud83d\udca7 <strong data-start=\"2475\" data-end=\"2498\">Ch\u0103m s\u00f3c &amp; b\u1ea3o qu\u1ea3n<\/strong><\/p>\n<ul data-start=\"2501\" data-end=\"2682\">\n<li data-start=\"2501\" data-end=\"2542\">\n<p data-start=\"2503\" data-end=\"2542\">Lau nh\u1eb9 b\u1eb1ng v\u1ea3i m\u1ec1m sau khi s\u1eed d\u1ee5ng.<\/p>\n<\/li>\n<li data-start=\"2543\" data-end=\"2609\">\n<p data-start=\"2545\" data-end=\"2609\">C\u00f3 th\u1ec3 \u0111\u00e1nh s\u00e1ng b\u1eb1ng chanh ho\u1eb7c baking soda khi \u0111\u1ed3ng x\u1ec9n m\u00e0u.<\/p>\n<\/li>\n<li data-start=\"2610\" data-end=\"2682\">\n<p data-start=\"2612\" data-end=\"2682\">Tr\u00e1nh h\u00f3a ch\u1ea5t, n\u01b0\u1edbc hoa, m\u1ef9 ph\u1ea9m; b\u1ea3o qu\u1ea3n n\u01a1i kh\u00f4 r\u00e1o, tho\u00e1ng m\u00e1t.<\/p>\n<\/li>\n<\/ul>\n<p data-start=\"2684\" data-end=\"2938\" data-is-last-node=\"\" data-is-only-node=\"\">\ud83c\udf3f<br data-start=\"2686\" data-end=\"2689\" \/><em data-start=\"2689\" data-end=\"2717\">K\u1eb9p S\u00e1ch \u0110\u1ed3ng Ch\u1ea1m Hoa Sen<\/em> kh\u00f4ng ch\u1ec9 l\u00e0 <strong data-start=\"2731\" data-end=\"2770\">ph\u1ee5 ki\u1ec7n \u0111\u1ecdc s\u00e1ch th\u1ee7 c\u00f4ng tinh x\u1ea3o<\/strong>, m\u00e0 c\u00f2n l\u00e0 <strong data-start=\"2782\" data-end=\"2835\">bi\u1ec3u t\u01b0\u1ee3ng c\u1ee7a s\u1ef1 thanh t\u1ecbnh, tr\u00ed tu\u1ec7 v\u00e0 t\u00e2m s\u00e1ng<\/strong> \u2013 m\u00f3n qu\u00e0 nh\u1eb9 nh\u00e0ng nh\u01b0ng \u0111\u1ea7y \u00fd ngh\u0129a m\u00e0 Tonkin Craft g\u1eedi g\u1eafm \u0111\u1ebfn nh\u1eefng t\u00e2m h\u1ed3n y\u00eau v\u1ebb \u0111\u1eb9p thu\u1ea7n Vi\u1ec7t.<\/p>\n","protected":false},"excerpt":{"rendered":"<p data-start=\"75\" data-end=\"265\">L\u1ea5y c\u1ea3m h\u1ee9ng t\u1eeb <strong data-start=\"91\" data-end=\"102\">hoa sen<\/strong> \u2013 lo\u00e0i hoa v\u01b0\u01a1n l\u00ean t\u1eeb b\u00f9n nh\u01b0ng v\u1eabn thanh cao v\u00e0 tinh khi\u1ebft, k\u1eb9p s\u00e1ch \u0111\u01b0\u1ee3c <strong data-start=\"179\" data-end=\"212\">g\u00f2 ch\u1ea1m th\u1ee7 c\u00f4ng t\u1eeb \u0111\u1ed3ng v\u00e0ng<\/strong>, th\u1ec3 hi\u1ec7n v\u1ebb \u0111\u1eb9p <strong data-start=\"230\" data-end=\"262\">m\u1ed9c m\u1ea1c, t\u0129nh t\u1ea1i v\u00e0 s\u00e2u s\u1eafc<\/strong>.<\/p>\n<p data-start=\"267\" data-end=\"532\">Hoa sen t\u01b0\u1ee3ng tr\u01b0ng cho <strong data-start=\"291\" data-end=\"328\">tr\u00ed tu\u1ec7, l\u00f2ng t\u1eeb bi v\u00e0 s\u1ef1 b\u00ecnh an<\/strong>, l\u00e0 l\u1eddi nh\u1eafc nh\u1edf nh\u1eb9 nh\u00e0ng v\u1ec1 t\u00e2m s\u00e1ng v\u00e0 cu\u1ed9c s\u1ed1ng an nhi\u00ean.<br data-start=\"390\" data-end=\"393\" \/>K\u1eb9p s\u00e1ch kh\u00f4ng ch\u1ec9 l\u00e0 <strong data-start=\"415\" data-end=\"444\" data-is-only-node=\"\">ph\u1ee5 ki\u1ec7n \u0111\u1ecdc s\u00e1ch tinh t\u1ebf<\/strong>, m\u00e0 c\u00f2n l\u00e0 <strong data-start=\"456\" data-end=\"487\">qu\u00e0 t\u1eb7ng \u00fd ngh\u0129a phong th\u1ee7y<\/strong>, mang l\u1ea1i may m\u1eafn v\u00e0 n\u0103ng l\u01b0\u1ee3ng thanh l\u1ecdc.<\/p>\n<p>Th\u00f4ng tin chi ti\u1ebft SP:<\/p>\n<p>&#8211; Ch\u1ea5t li\u1ec7u: \u0110\u1ed3ng \u0111\u1ecf, thau nguy\u00ean ch\u1ea5t<\/p>\n<p>&#8211; K\u00edch th\u01b0\u1edbc: ( chi\u1ec1u d\u00e0i x chi\u1ec1u r\u1ed9ng): 5x15cm<\/p>\n<p>&#8211; Nh\u1eadn l\u00e0m theo m\u1eabu, k\u00edch th\u01b0\u1edbc y\u00eau c\u1ea7u<\/p>\n<p>&#8212;&#8212;&#8212;&#8212;&#8211;<\/p>\n<div dir=\"auto\">\u0110\u1ed3 \u0111\u1ed3ng c\u1ee7a Tonkin Craft \u0111\u00e3 \u0111\u01b0\u1ee3c nghi\u00ean c\u1ee9u, c\u1ea3i ti\u1ebfn m\u1eabu m\u00e3 r\u1ea5t nhi\u1ec1u sao cho \u0111\u01a1n gi\u1ea3n, tinh t\u1ebf v\u00e0 d\u1ec5 d\u00e0ng ph\u00f9 h\u1ee3p v\u1edbi cu\u1ed9c s\u1ed1ng hi\u1ec7n \u0111\u1ea1i.<\/div>\n<div dir=\"auto\">\u0110\u1ed3 \u0111\u1ed3ng s\u1ebd xu\u1ed1ng m\u00e0u theo th\u1eddi gian, v\u00e0 v\u1eabn mang m\u1ed9t v\u1ebb \u0111\u1eb9p \u0111\u1eb7c tr\u01b0ng d\u00f9 kh\u00f4ng s\u00e1ng b\u00f3ng v\u00e0ng nh\u01b0 m\u1edbi. B\u1ea1n c\u00f3 th\u1ec3 \u0111\u00e1nh l\u1ea1i \u0111\u1ed3 \u0111\u1ed3ng b\u1eb1ng chanh ho\u1eb7c gi\u1ea5m \u0111\u1ec3 \u0111\u1ed3 \u0111\u1ed3ng s\u00e1ng h\u01a1n.<\/div>\n","protected":false},"featured_media":2118,"comment_status":"open","ping_status":"closed","template":"","meta":[],"product_brand":[],"product_cat":[255,133],"product_tag":[136,137,72,76,135,267],"class_list":{"0":"post-2134","1":"product","2":"type-product","3":"status-publish","4":"has-post-thumbnail","6":"product_cat-bts-sen","7":"product_cat-kep-sach","8":"product_tag-bookmark","9":"product_tag-dau-trang","10":"product_tag-do-dong-noi-that","11":"product_tag-do-dong-thu-cong","12":"product_tag-kep-sach","13":"product_tag-kep-sach-phat","15":"first","16":"instock","17":"shipping-taxable","18":"product-type-simple"},"aioseo_notices":[],"_links":{"self":[{"href":"https:\/\/tonkincraft.vn\/vn\/wp-json\/wp\/v2\/product\/2134","targetHints":{"allow":["GET"]}}],"collection":[{"href":"https:\/\/tonkincraft.vn\/vn\/wp-json\/wp\/v2\/product"}],"about":[{"href":"https:\/\/tonkincraft.vn\/vn\/wp-json\/wp\/v2\/types\/product"}],"replies":[{"embeddable":true,"href":"https:\/\/tonkincraft.vn\/vn\/wp-json\/wp\/v2\/comments?post=2134"}],"wp:featuredmedia":[{"embeddable":true,"href":"https:\/\/tonkincraft.vn\/vn\/wp-json\/wp\/v2\/media\/2118"}],"wp:attachment":[{"href":"https:\/\/tonkincraft.vn\/vn\/wp-json\/wp\/v2\/media?parent=2134"}],"wp:term":[{"taxonomy":"product_brand","embeddable":true,"href":"https:\/\/tonkincraft.vn\/vn\/wp-json\/wp\/v2\/product_brand?post=2134"},{"taxonomy":"product_cat","embeddable":true,"href":"https:\/\/tonkincraft.vn\/vn\/wp-json\/wp\/v2\/product_cat?post=2134"},{"taxonomy":"product_tag","embeddable":true,"href":"https:\/\/tonkincraft.vn\/vn\/wp-json\/wp\/v2\/product_tag?post=2134"}],"curies":[{"name":"wp","href":"https:\/\/api.w.org\/{rel}","templated":true}]}}