{"id":2117,"date":"2022-09-15T23:31:57","date_gmt":"2022-09-15T16:31:57","guid":{"rendered":"https:\/\/tonkincraft.vn\/vn\/?post_type=product&#038;p=2117"},"modified":"2025-10-10T22:37:24","modified_gmt":"2025-10-10T15:37:24","slug":"kep-sach-danh-dau-trang-sach-bang-dong-thau-cham-hinh-phat-adida","status":"publish","type":"product","link":"https:\/\/tonkincraft.vn\/vn\/product\/kep-sach-danh-dau-trang-sach-bang-dong-thau-cham-hinh-phat-adida\/","title":{"rendered":"K\u1eb9p S\u00e1ch \u0110\u1ed3ng Ch\u1ea1m Ph\u1eadt Adida"},"content":{"rendered":"<p data-start=\"0\" data-end=\"81\"><strong data-start=\"0\" data-end=\"79\">K\u1eb9p S\u00e1ch \u0110\u1ed3ng Ch\u1ea1m Ph\u1eadt A Di \u0110\u00e0 \u2013 Bi\u1ec3u t\u01b0\u1ee3ng c\u1ee7a an l\u00e0nh, gi\u00e1c ng\u1ed9 v\u00e0 t\u1eeb bi<\/strong><\/p>\n<p data-start=\"83\" data-end=\"332\">L\u1ea5y c\u1ea3m h\u1ee9ng t\u1eeb h\u00ecnh t\u01b0\u1ee3ng <strong data-start=\"110\" data-end=\"126\">Ph\u1eadt A Di \u0110\u00e0<\/strong> \u2013 v\u1ecb Ph\u1eadt c\u1ee7a \u00e1nh s\u00e1ng v\u00f4 l\u01b0\u1ee3ng v\u00e0 th\u1ecd m\u1ea1ng v\u00f4 bi\u00ean, bi\u1ec3u tr\u01b0ng cho <strong data-start=\"195\" data-end=\"226\">t\u1eeb bi, tr\u00ed tu\u1ec7 v\u00e0 s\u1ef1 c\u1ee9u \u0111\u1ed9<\/strong>, chi\u1ebfc <em data-start=\"234\" data-end=\"267\">K\u1eb9p S\u00e1ch \u0110\u1ed3ng Ch\u1ea1m Ph\u1eadt A Di \u0110\u00e0<\/em> l\u00e0 m\u1ed9t t\u00e1c ph\u1ea9m th\u1ee7 c\u00f4ng mang n\u0103ng l\u01b0\u1ee3ng t\u0129nh t\u1ea1i v\u00e0 an nhi\u00ean.<\/p>\n<p data-start=\"334\" data-end=\"633\">Tr\u00ean n\u1ec1n <strong data-start=\"343\" data-end=\"368\">\u0111\u1ed3ng v\u00e0ng nguy\u00ean ch\u1ea5t<\/strong>, h\u00ecnh \u1ea3nh \u0110\u1ee9c Ph\u1eadt \u0111\u01b0\u1ee3c <strong data-start=\"393\" data-end=\"421\">ch\u1ea1m kh\u1eafc th\u1ee7 c\u00f4ng t\u1ec9 m\u1ec9<\/strong> v\u1edbi n\u00e9t m\u1eb7t hi\u1ec1n h\u00f2a, \u00e1nh m\u1eaft t\u1eeb bi, th\u1ec3 hi\u1ec7n tinh th\u1ea7n <strong data-start=\"478\" data-end=\"501\">b\u00ecnh an v\u00e0 gi\u00e1c ng\u1ed9<\/strong>. \u00c1nh s\u1eafc v\u00e0ng c\u1ee7a \u0111\u1ed3ng h\u00f2a c\u00f9ng h\u00ecnh t\u01b0\u1ee3ng Ph\u1eadt t\u1ea1o n\u00ean <strong data-start=\"558\" data-end=\"599\">ngu\u1ed3n n\u0103ng l\u01b0\u1ee3ng thanh t\u1ecbnh v\u00e0 h\u1ed9 tr\u00ec<\/strong>, gi\u00fap t\u00e2m an \u0111\u1ecbnh v\u00e0 s\u00e1ng su\u1ed1t.<\/p>\n<p data-start=\"635\" data-end=\"662\">\ud83d\ude4f <strong data-start=\"638\" data-end=\"660\">C\u1ea3m h\u1ee9ng &amp; \u00fd ngh\u0129a<\/strong><\/p>\n<ul data-start=\"663\" data-end=\"1030\">\n<li data-start=\"663\" data-end=\"792\">\n<p data-start=\"665\" data-end=\"792\"><strong data-start=\"665\" data-end=\"681\">Ph\u1eadt A Di \u0110\u00e0<\/strong> t\u01b0\u1ee3ng tr\u01b0ng cho <strong data-start=\"698\" data-end=\"734\">\u00e1nh s\u00e1ng tr\u00ed tu\u1ec7 soi r\u1ecdi v\u00f4 bi\u00ean<\/strong>, gi\u00fap con ng\u01b0\u1eddi h\u01b0\u1edbng thi\u1ec7n v\u00e0 gi\u1ea3i tho\u00e1t kh\u1ecfi kh\u1ed5 \u0111au.<\/p>\n<\/li>\n<li data-start=\"793\" data-end=\"926\">\n<p data-start=\"795\" data-end=\"926\">L\u00e0 bi\u1ec3u t\u01b0\u1ee3ng c\u1ee7a <strong data-start=\"813\" data-end=\"852\">t\u1eeb bi, b\u00ecnh an v\u00e0 h\u1ea1nh ph\u00fac n\u1ed9i t\u00e2m<\/strong>, nh\u1eafc nh\u1edf ng\u01b0\u1eddi s\u1edf h\u1eefu lu\u00f4n s\u1ed1ng ch\u1eadm, s\u1ed1ng s\u00e2u v\u00e0 gi\u1eef l\u00f2ng thi\u1ec7n l\u00e0nh.<\/p>\n<\/li>\n<li data-start=\"927\" data-end=\"1030\">\n<p data-start=\"929\" data-end=\"1030\">H\u00ecnh \u1ea3nh \u0110\u1ee9c Ph\u1eadt tr\u00ean trang s\u00e1ch nh\u01b0 <strong data-start=\"967\" data-end=\"1027\">l\u1eddi ch\u00fac an nhi\u00ean trong h\u00e0nh tr\u00ecnh tri th\u1ee9c v\u00e0 cu\u1ed9c s\u1ed1ng<\/strong>.<\/p>\n<\/li>\n<\/ul>\n<p data-start=\"1032\" data-end=\"1358\">\ud83d\udcd6 <strong data-start=\"1035\" data-end=\"1066\">Ph\u1ee5 ki\u1ec7n &amp; qu\u00e0 t\u1eb7ng \u00fd ngh\u0129a<\/strong><br data-start=\"1066\" data-end=\"1069\" \/>K\u1eb9p s\u00e1ch v\u1eeba l\u00e0 <strong data-start=\"1085\" data-end=\"1117\">ph\u1ee5 ki\u1ec7n \u0111\u1ecdc s\u00e1ch thanh t\u1ecbnh<\/strong>, v\u1eeba l\u00e0 <strong data-start=\"1126\" data-end=\"1157\">v\u1eadt ph\u1ea9m phong th\u1ee7y h\u1ed9 th\u00e2n<\/strong> \u2013 mang n\u0103ng l\u01b0\u1ee3ng b\u00ecnh an \u0111\u1ebfn cho ng\u01b0\u1eddi s\u1eed d\u1ee5ng.<br data-start=\"1206\" data-end=\"1209\" \/>Ph\u00f9 h\u1ee3p l\u00e0m <strong data-start=\"1221\" data-end=\"1241\">qu\u00e0 t\u1eb7ng \u00fd ngh\u0129a<\/strong> cho ng\u01b0\u1eddi th\u00e2n, th\u1ea7y c\u00f4, b\u1ea1n b\u00e8, \u0111\u1eb7c bi\u1ec7t l\u00e0 nh\u1eefng ai y\u00eau th\u00edch thi\u1ec1n, Ph\u1eadt ph\u00e1p v\u00e0 c\u00e1c gi\u00e1 tr\u1ecb tinh th\u1ea7n s\u00e2u s\u1eafc.<\/p>\n<p data-start=\"1360\" data-end=\"1394\">\u2692\ufe0f <strong data-start=\"1363\" data-end=\"1392\">Ch\u1ebf t\u00e1c th\u1ee7 c\u00f4ng tinh x\u1ea3o<\/strong><\/p>\n<ul data-start=\"1395\" data-end=\"1779\">\n<li data-start=\"1395\" data-end=\"1529\">\n<p data-start=\"1397\" data-end=\"1529\"><strong data-start=\"1397\" data-end=\"1414\">100% th\u1ee7 c\u00f4ng<\/strong> b\u1edfi ngh\u1ec7 nh\u00e2n Tonkin Craft: t\u1eeb g\u00f2 t\u1ea1o d\u00e1ng, ch\u1ea1m kh\u1eafc khu\u00f4n m\u1eb7t Ph\u1eadt, v\u1ea7ng h\u00e0o quang, \u0111\u1ebfn \u0111\u00e1nh b\u00f3ng m\u1edd t\u1ef1 nhi\u00ean.<\/p>\n<\/li>\n<li data-start=\"1530\" data-end=\"1664\">\n<p data-start=\"1532\" data-end=\"1664\"><strong data-start=\"1532\" data-end=\"1570\">Kh\u00f4ng khu\u00f4n \u0111\u00fac, kh\u00f4ng c\u00f4ng nghi\u1ec7p<\/strong>, m\u1ed7i k\u1eb9p s\u00e1ch l\u00e0 <strong data-start=\"1588\" data-end=\"1612\">m\u1ed9t t\u00e1c ph\u1ea9m \u0111\u1ed9c b\u1ea3n<\/strong>, l\u01b0u gi\u1eef tr\u1ecdn v\u1eb9n t\u00e2m \u00fd v\u00e0 h\u01a1i th\u1edf c\u1ee7a ng\u01b0\u1eddi th\u1ee3.<\/p>\n<\/li>\n<li data-start=\"1665\" data-end=\"1779\">\n<p data-start=\"1667\" data-end=\"1779\">C\u00e1c chi ti\u1ebft \u0111\u01b0\u1ee3c th\u1ec3 hi\u1ec7n <strong data-start=\"1694\" data-end=\"1716\">nh\u1eb9 nh\u00e0ng, tinh t\u1ebf<\/strong>, ph\u1ea3n \u00e1nh n\u00e9t <strong data-start=\"1731\" data-end=\"1776\">thi\u1ec1n \u0111\u1ecbnh v\u00e0 c\u00e2n \u0111\u1ed1i c\u1ee7a m\u1ef9 thu\u1eadt \u00c1 \u0110\u00f4ng<\/strong>.<\/p>\n<\/li>\n<\/ul>\n<p data-start=\"1781\" data-end=\"1808\">\ud83c\udf81 <strong data-start=\"1784\" data-end=\"1806\">Gi\u00e1 tr\u1ecb &amp; \u1ee9ng d\u1ee5ng<\/strong><\/p>\n<ul data-start=\"1809\" data-end=\"2063\">\n<li data-start=\"1809\" data-end=\"1893\">\n<p data-start=\"1811\" data-end=\"1893\">D\u00e0nh cho ng\u01b0\u1eddi y\u00eau \u0111\u1ecdc s\u00e1ch, h\u00e0nh thi\u1ec1n ho\u1eb7c l\u00e0m vi\u1ec7c trong kh\u00f4ng gian t\u0129nh t\u00e2m.<\/p>\n<\/li>\n<li data-start=\"1894\" data-end=\"1980\">\n<p data-start=\"1896\" data-end=\"1980\">L\u00e0 <strong data-start=\"1899\" data-end=\"1945\">m\u00f3n qu\u00e0 ch\u00fac an l\u00e0nh, tr\u00ed tu\u1ec7 v\u00e0 h\u1ea1nh ph\u00fac<\/strong>, mang gi\u00e1 tr\u1ecb tinh th\u1ea7n s\u00e2u s\u1eafc.<\/p>\n<\/li>\n<li data-start=\"1981\" data-end=\"2063\">\n<p data-start=\"1983\" data-end=\"2063\">C\u00f3 th\u1ec3 d\u00f9ng nh\u01b0 <strong data-start=\"1999\" data-end=\"2019\">v\u1eadt ph\u1ea9m h\u1ed9 m\u1ec7nh<\/strong>, \u0111\u1eb7t trong s\u00e1ch, s\u1ed5 tay, ho\u1eb7c h\u1ed9p k\u1ef7 v\u1eadt.<\/p>\n<\/li>\n<\/ul>\n<p data-start=\"2065\" data-end=\"2102\">\u2728 <strong data-start=\"2067\" data-end=\"2100\">S\u1ef1 kh\u00e1c bi\u1ec7t c\u1ee7a Tonkin Craft<\/strong><\/p>\n<ul data-start=\"2103\" data-end=\"2378\">\n<li data-start=\"2103\" data-end=\"2167\">\n<p data-start=\"2105\" data-end=\"2167\">Th\u1ee7 c\u00f4ng ho\u00e0n to\u00e0n \u2013 <strong data-start=\"2126\" data-end=\"2164\">kh\u00f4ng khu\u00f4n \u0111\u00fac, kh\u00f4ng c\u00f4ng nghi\u1ec7p<\/strong>.<\/p>\n<\/li>\n<li data-start=\"2168\" data-end=\"2314\">\n<p data-start=\"2170\" data-end=\"2314\">K\u1ebft h\u1ee3p <strong data-start=\"2178\" data-end=\"2210\">ngh\u1ec7 thu\u1eadt truy\u1ec1n th\u1ed1ng Vi\u1ec7t<\/strong> v\u00e0 <strong data-start=\"2214\" data-end=\"2238\">tinh th\u1ea7n thi\u1ec1n t\u1ecbnh<\/strong>, t\u1ea1o n\u00ean s\u1ea3n ph\u1ea9m v\u1eeba c\u00f3 gi\u00e1 tr\u1ecb ngh\u1ec7 thu\u1eadt, v\u1eeba mang n\u0103ng l\u01b0\u1ee3ng an l\u00e0nh.<\/p>\n<\/li>\n<li data-start=\"2315\" data-end=\"2378\">\n<p data-start=\"2317\" data-end=\"2378\">M\u1ed7i s\u1ea3n ph\u1ea9m l\u00e0 <strong data-start=\"2333\" data-end=\"2375\">m\u1ed9t t\u00e1c ph\u1ea9m mang h\u1ed3n Vi\u1ec7t v\u00e0 t\u00e2m Ph\u1eadt<\/strong>.<\/p>\n<\/li>\n<\/ul>\n<p data-start=\"2380\" data-end=\"2551\">\ud83d\udd38 <strong data-start=\"2383\" data-end=\"2406\">Ch\u1ea5t l\u01b0\u1ee3ng &amp; \u0111\u1ed9 b\u1ec1n<\/strong><br data-start=\"2406\" data-end=\"2409\" \/>\u0110\u1ed3ng Tonkin Craft <strong data-start=\"2427\" data-end=\"2449\">c\u00e0ng d\u00f9ng c\u00e0ng \u0111\u1eb9p<\/strong>, \u00e1nh s\u1eafc chuy\u1ec3n tr\u1ea7m \u1ea5m theo th\u1eddi gian, th\u1ec3 hi\u1ec7n <strong data-start=\"2499\" data-end=\"2548\">v\u1ebb t\u0129nh l\u1eb7ng v\u00e0 s\u00e2u s\u1eafc c\u1ee7a v\u1eadt li\u1ec7u t\u1ef1 nhi\u00ean<\/strong>.<\/p>\n<p data-start=\"2553\" data-end=\"2581\">\ud83d\udca7 <strong data-start=\"2556\" data-end=\"2579\">Ch\u0103m s\u00f3c &amp; b\u1ea3o qu\u1ea3n<\/strong><\/p>\n<ul data-start=\"2582\" data-end=\"2760\">\n<li data-start=\"2582\" data-end=\"2623\">\n<p data-start=\"2584\" data-end=\"2623\">Lau nh\u1eb9 b\u1eb1ng v\u1ea3i m\u1ec1m sau khi s\u1eed d\u1ee5ng.<\/p>\n<\/li>\n<li data-start=\"2624\" data-end=\"2694\">\n<p data-start=\"2626\" data-end=\"2694\">Khi \u0111\u1ed3ng x\u1ec9n m\u00e0u, c\u00f3 th\u1ec3 d\u00f9ng chanh ho\u1eb7c baking soda \u0111\u1ec3 \u0111\u00e1nh s\u00e1ng.<\/p>\n<\/li>\n<li data-start=\"2695\" data-end=\"2760\">\n<p data-start=\"2697\" data-end=\"2760\">B\u1ea3o qu\u1ea3n n\u01a1i kh\u00f4 r\u00e1o, tr\u00e1nh h\u00f3a ch\u1ea5t, n\u01b0\u1edbc hoa, ho\u1eb7c m\u1ef9 ph\u1ea9m.<\/p>\n<\/li>\n<\/ul>\n<p data-start=\"2762\" data-end=\"2995\" data-is-last-node=\"\" data-is-only-node=\"\">\ud83c\udf3f<br data-start=\"2764\" data-end=\"2767\" \/><em data-start=\"2767\" data-end=\"2800\">K\u1eb9p S\u00e1ch \u0110\u1ed3ng Ch\u1ea1m Ph\u1eadt A Di \u0110\u00e0<\/em> kh\u00f4ng ch\u1ec9 l\u00e0 <strong data-start=\"2814\" data-end=\"2846\">ph\u1ee5 ki\u1ec7n \u0111\u1ecdc s\u00e1ch thanh t\u1ecbnh<\/strong>, m\u00e0 c\u00f2n l\u00e0 <strong data-start=\"2858\" data-end=\"2896\">bi\u1ec3u t\u01b0\u1ee3ng c\u1ee7a b\u00ecnh an v\u00e0 gi\u00e1c ng\u1ed9<\/strong>, g\u1eedi g\u1eafm <strong data-start=\"2906\" data-end=\"2953\">n\u0103ng l\u01b0\u1ee3ng thi\u1ec7n l\u00e0nh v\u00e0 ni\u1ec1m tin s\u00e1ng su\u1ed1t<\/strong> qua b\u00e0n tay ng\u01b0\u1eddi ngh\u1ec7 nh\u00e2n Tonkin Craft.<\/p>\n","protected":false},"excerpt":{"rendered":"<p><strong data-start=\"0\" data-end=\"35\" data-is-only-node=\"\">K\u1eb9p S\u00e1ch \u0110\u1ed3ng Ch\u1ea1m Ph\u1eadt A Di \u0110\u00e0<\/strong> \u2013 bi\u1ec3u t\u01b0\u1ee3ng c\u1ee7a <strong data-start=\"53\" data-end=\"87\">an l\u00e0nh, tr\u00ed tu\u1ec7 v\u00e0 l\u00f2ng t\u1eeb bi<\/strong>, \u0111\u01b0\u1ee3c <strong data-start=\"94\" data-end=\"145\">g\u00f2 ch\u1ea1m th\u1ee7 c\u00f4ng tr\u00ean n\u1ec1n \u0111\u1ed3ng v\u00e0ng nguy\u00ean ch\u1ea5t<\/strong> b\u1edfi ngh\u1ec7 nh\u00e2n Tonkin Craft.<br data-start=\"173\" data-end=\"176\" \/>H\u00ecnh t\u01b0\u1ee3ng <strong data-start=\"187\" data-end=\"218\">\u0110\u1ee9c Ph\u1eadt hi\u1ec1n h\u00f2a, t\u1ecfa s\u00e1ng<\/strong> mang n\u0103ng l\u01b0\u1ee3ng thanh t\u1ecbnh, gi\u00fap t\u00e2m an \u0111\u1ecbnh v\u00e0 soi s\u00e1ng tr\u00ed tu\u1ec7.<\/p>\n<p>Th\u00f4ng tin chi ti\u1ebft SP:<\/p>\n<p>&#8211; Ch\u1ea5t li\u1ec7u: \u0110\u1ed3ng \u0111\u1ecf, thau nguy\u00ean ch\u1ea5t<\/p>\n<p>&#8211; K\u00edch th\u01b0\u1edbc: ( chi\u1ec1u d\u00e0i x chi\u1ec1u r\u1ed9ng): 5x15cm<\/p>\n<p>&#8211; Nh\u1eadn l\u00e0m theo m\u1eabu, k\u00edch th\u01b0\u1edbc y\u00eau c\u1ea7u<\/p>\n<p>&#8212;&#8212;&#8212;&#8212;&#8211;<\/p>\n<div dir=\"auto\">\u0110\u1ed3 \u0111\u1ed3ng c\u1ee7a Tonkin Craft \u0111\u00e3 \u0111\u01b0\u1ee3c nghi\u00ean c\u1ee9u, c\u1ea3i ti\u1ebfn m\u1eabu m\u00e3 r\u1ea5t nhi\u1ec1u sao cho \u0111\u01a1n gi\u1ea3n, tinh t\u1ebf v\u00e0 d\u1ec5 d\u00e0ng ph\u00f9 h\u1ee3p v\u1edbi cu\u1ed9c s\u1ed1ng hi\u1ec7n \u0111\u1ea1i.<\/div>\n<div dir=\"auto\">\u0110\u1ed3 \u0111\u1ed3ng s\u1ebd xu\u1ed1ng m\u00e0u theo th\u1eddi gian, v\u00e0 v\u1eabn mang m\u1ed9t v\u1ebb \u0111\u1eb9p \u0111\u1eb7c tr\u01b0ng d\u00f9 kh\u00f4ng s\u00e1ng b\u00f3ng v\u00e0ng nh\u01b0 m\u1edbi. B\u1ea1n c\u00f3 th\u1ec3 \u0111\u00e1nh l\u1ea1i \u0111\u1ed3 \u0111\u1ed3ng b\u1eb1ng chanh ho\u1eb7c gi\u1ea5m \u0111\u1ec3 \u0111\u1ed3 \u0111\u1ed3ng s\u00e1ng h\u01a1n.<\/div>\n","protected":false},"featured_media":2119,"comment_status":"open","ping_status":"closed","template":"","meta":[],"product_brand":[],"product_cat":[133],"product_tag":[136,137,72,76,135,267],"class_list":{"0":"post-2117","1":"product","2":"type-product","3":"status-publish","4":"has-post-thumbnail","6":"product_cat-kep-sach","7":"product_tag-bookmark","8":"product_tag-dau-trang","9":"product_tag-do-dong-noi-that","10":"product_tag-do-dong-thu-cong","11":"product_tag-kep-sach","12":"product_tag-kep-sach-phat","14":"first","15":"instock","16":"shipping-taxable","17":"product-type-simple"},"aioseo_notices":[],"_links":{"self":[{"href":"https:\/\/tonkincraft.vn\/vn\/wp-json\/wp\/v2\/product\/2117","targetHints":{"allow":["GET"]}}],"collection":[{"href":"https:\/\/tonkincraft.vn\/vn\/wp-json\/wp\/v2\/product"}],"about":[{"href":"https:\/\/tonkincraft.vn\/vn\/wp-json\/wp\/v2\/types\/product"}],"replies":[{"embeddable":true,"href":"https:\/\/tonkincraft.vn\/vn\/wp-json\/wp\/v2\/comments?post=2117"}],"wp:featuredmedia":[{"embeddable":true,"href":"https:\/\/tonkincraft.vn\/vn\/wp-json\/wp\/v2\/media\/2119"}],"wp:attachment":[{"href":"https:\/\/tonkincraft.vn\/vn\/wp-json\/wp\/v2\/media?parent=2117"}],"wp:term":[{"taxonomy":"product_brand","embeddable":true,"href":"https:\/\/tonkincraft.vn\/vn\/wp-json\/wp\/v2\/product_brand?post=2117"},{"taxonomy":"product_cat","embeddable":true,"href":"https:\/\/tonkincraft.vn\/vn\/wp-json\/wp\/v2\/product_cat?post=2117"},{"taxonomy":"product_tag","embeddable":true,"href":"https:\/\/tonkincraft.vn\/vn\/wp-json\/wp\/v2\/product_tag?post=2117"}],"curies":[{"name":"wp","href":"https:\/\/api.w.org\/{rel}","templated":true}]}}