{"id":2116,"date":"2022-09-15T23:28:25","date_gmt":"2022-09-15T16:28:25","guid":{"rendered":"https:\/\/tonkincraft.vn\/vn\/?post_type=product&#038;p=2116"},"modified":"2025-10-10T22:47:38","modified_gmt":"2025-10-10T15:47:38","slug":"tranh-dong-cham-noi-rong-thoi-ly-size-nho","status":"publish","type":"product","link":"https:\/\/tonkincraft.vn\/vn\/product\/tranh-dong-cham-noi-rong-thoi-ly-size-nho\/","title":{"rendered":"Tranh \u0110\u1ed3ng Ch\u1ea1m N\u1ed5i R\u1ed3ng Th\u1eddi L\u00fd Th\u1ee7 C\u00f4ng"},"content":{"rendered":"<p data-start=\"0\" data-end=\"96\"><strong data-start=\"0\" data-end=\"94\">Tranh \u0110\u1ed3ng Ch\u1ea1m N\u1ed5i R\u1ed3ng Th\u1eddi L\u00fd \u2013 Bi\u1ec3u t\u01b0\u1ee3ng c\u1ee7a quy\u1ec1n uy, tr\u00ed tu\u1ec7 v\u00e0 tinh th\u1ea7n th\u1ecbnh tr\u1ecb<\/strong><\/p>\n<p data-start=\"98\" data-end=\"321\">L\u1ea5y c\u1ea3m h\u1ee9ng t\u1eeb <strong data-start=\"114\" data-end=\"141\">h\u00ecnh t\u01b0\u1ee3ng R\u1ed3ng th\u1eddi L\u00fd<\/strong> \u2013 linh v\u1eadt cao qu\u00fd b\u1eadc nh\u1ea5t trong m\u1ef9 thu\u1eadt Vi\u1ec7t c\u1ed5, chi\u1ebfc <strong data-start=\"200\" data-end=\"236\">Tranh \u0110\u1ed3ng Ch\u1ea1m N\u1ed5i R\u1ed3ng Th\u1eddi L\u00fd<\/strong> t\u00e1i hi\u1ec7n v\u1ebb \u0111\u1eb9p uy nghi m\u00e0 thanh tho\u00e1t c\u1ee7a th\u1eddi k\u1ef3 v\u00e0ng son trong l\u1ecbch s\u1eed d\u00e2n t\u1ed9c.<\/p>\n<p data-start=\"323\" data-end=\"640\">Tr\u00ean n\u1ec1n <strong data-start=\"332\" data-end=\"357\">\u0111\u1ed3ng v\u00e0ng nguy\u00ean ch\u1ea5t<\/strong>, h\u00ecnh r\u1ed3ng \u0111\u01b0\u1ee3c <strong data-start=\"374\" data-end=\"408\">g\u00f2 ch\u1ea1m n\u1ed5i ho\u00e0n to\u00e0n th\u1ee7 c\u00f4ng<\/strong>, u\u1ed1n l\u01b0\u1ee3n m\u1ec1m m\u1ea1i gi\u1eefa m\u00e2y tr\u1eddi, bi\u1ec3u tr\u01b0ng cho <strong data-start=\"457\" data-end=\"495\">s\u1ee9c m\u1ea1nh, tr\u00ed tu\u1ec7 v\u00e0 s\u1ef1 h\u01b0ng th\u1ecbnh<\/strong>. T\u1eebng \u0111\u01b0\u1eddng v\u1ea3y, n\u00e9t m\u00e2y, s\u00f3ng n\u01b0\u1edbc \u0111\u1ec1u \u0111\u01b0\u1ee3c t\u1ec9a ch\u1ea1m tinh t\u1ebf, t\u1ea1o n\u00ean hi\u1ec7u \u1ee9ng \u00e1nh s\u00e1ng lung linh, s\u1ed1ng \u0111\u1ed9ng nh\u01b0 r\u1ed3ng \u0111ang bay l\u01b0\u1ee3n tr\u00ean m\u00e2y.<\/p>\n<p data-start=\"642\" data-end=\"669\">\ud83d\udc09 <strong data-start=\"645\" data-end=\"667\">C\u1ea3m h\u1ee9ng &amp; \u00fd ngh\u0129a<\/strong><\/p>\n<p data-start=\"671\" data-end=\"1134\">Trong v\u0103n h\u00f3a th\u1eddi L\u00fd, <strong data-start=\"694\" data-end=\"702\">R\u1ed3ng<\/strong> l\u00e0 bi\u1ec3u t\u01b0\u1ee3ng thi\u00eang li\u00eang c\u1ee7a <strong data-start=\"734\" data-end=\"758\">vua ch\u00faa v\u00e0 \u0111\u1ea5t n\u01b0\u1edbc<\/strong>, \u0111\u1ea1i di\u1ec7n cho <strong data-start=\"773\" data-end=\"814\">quy\u1ec1n uy, th\u1ecbnh v\u01b0\u1ee3ng v\u00e0 l\u00f2ng nh\u00e2n t\u1eeb<\/strong>.<br data-start=\"815\" data-end=\"818\" \/>Kh\u00e1c v\u1edbi r\u1ed3ng Trung Hoa d\u1eef d\u1ed9i, <strong data-start=\"850\" data-end=\"866\">R\u1ed3ng th\u1eddi L\u00fd<\/strong> mang d\u00e1ng d\u1ea5p thanh tho\u00e1t, m\u1ec1m m\u1ea1i \u2013 th\u1ec3 hi\u1ec7n <strong data-start=\"913\" data-end=\"961\">tinh th\u1ea7n Vi\u1ec7t nh\u00e2n h\u00f2a, tr\u00ed tu\u1ec7 v\u00e0 v\u0103n minh<\/strong>.<br data-start=\"962\" data-end=\"965\" \/>B\u1ee9c tranh l\u00e0 <strong data-start=\"978\" data-end=\"1028\">l\u1eddi t\u00f4n vinh tinh hoa ngh\u1ec7 thu\u1eadt cung \u0111\u00ecnh x\u01b0a<\/strong>, \u0111\u1ed3ng th\u1eddi l\u00e0 <strong data-start=\"1043\" data-end=\"1098\">bi\u1ec3u t\u01b0\u1ee3ng phong th\u1ee7y mang n\u0103ng l\u01b0\u1ee3ng d\u01b0\u01a1ng m\u1ea1nh m\u1ebd<\/strong>, gi\u00fap thu h\u00fat t\u00e0i l\u1ed9c v\u00e0 may m\u1eafn.<\/p>\n<p data-start=\"1136\" data-end=\"1170\">\u2692\ufe0f <strong data-start=\"1139\" data-end=\"1168\">Ch\u1ebf t\u00e1c th\u1ee7 c\u00f4ng tinh x\u1ea3o<\/strong><\/p>\n<p data-start=\"1172\" data-end=\"1571\">M\u1ed7i b\u1ee9c tranh \u0111\u01b0\u1ee3c <strong data-start=\"1191\" data-end=\"1221\">ch\u1ebf t\u00e1c ho\u00e0n to\u00e0n th\u1ee7 c\u00f4ng<\/strong> b\u1edfi ngh\u1ec7 nh\u00e2n Tonkin Craft \u2013 t\u1eeb vi\u1ec7c <strong data-start=\"1259\" data-end=\"1337\">ch\u1ecdn \u0111\u1ed3ng, t\u1ea1o n\u1ec1n, g\u00f2 n\u1ed5i, ch\u1ea1m kh\u1eafc chi ti\u1ebft \u0111\u1ebfn x\u1eed l\u00fd \u00e1nh \u0111\u1ed3ng t\u1ef1 nhi\u00ean<\/strong>.<br data-start=\"1338\" data-end=\"1341\" \/>Kh\u00f4ng khu\u00f4n \u0111\u00fac, kh\u00f4ng \u00e9p m\u00e1y \u2013 <strong data-start=\"1373\" data-end=\"1409\">m\u1ed7i n\u00e9t ch\u1ea1m l\u00e0 m\u1ed9t d\u1ea5u \u1ea5n ri\u00eang<\/strong>, th\u1ec3 hi\u1ec7n h\u1ed3n ngh\u1ec1 v\u00e0 s\u1ef1 tinh t\u1ebf trong t\u1eebng \u0111\u01b0\u1eddng b\u00faa.<br data-start=\"1464\" data-end=\"1467\" \/>L\u1edbp \u0111\u1ed3ng \u0111\u01b0\u1ee3c x\u1eed l\u00fd b\u1ec1 m\u1eb7t \u0111\u1ec3 gi\u1eef s\u1eafc <strong data-start=\"1505\" data-end=\"1526\">v\u00e0ng tr\u1ea7m c\u1ed5 k\u00ednh<\/strong>, v\u1eeba sang tr\u1ecdng v\u1eeba b\u1ec1n b\u1ec9 theo th\u1eddi gian.<\/p>\n<p data-start=\"1573\" data-end=\"1602\">\ud83c\udfa8 <strong data-start=\"1576\" data-end=\"1600\">\u1ee8ng d\u1ee5ng &amp; tr\u01b0ng b\u00e0y<\/strong><\/p>\n<p data-start=\"1604\" data-end=\"1928\">Ph\u00f9 h\u1ee3p tr\u01b0ng b\u00e0y trong <strong data-start=\"1628\" data-end=\"1694\">ph\u00f2ng kh\u00e1ch, ph\u00f2ng l\u00e0m vi\u1ec7c, ph\u00f2ng th\u1edd ho\u1eb7c kh\u00f4ng gian v\u0103n h\u00f3a<\/strong> \u2013 n\u01a1i c\u1ea7n s\u1ef1 trang nghi\u00eam, thanh t\u1ecbnh v\u00e0 c\u00e1t t\u01b0\u1eddng.<br data-start=\"1746\" data-end=\"1749\" \/>L\u00e0 <strong data-start=\"1752\" data-end=\"1796\">m\u00f3n qu\u00e0 cao c\u1ea5p, gi\u00e0u \u00fd ngh\u0129a phong th\u1ee7y<\/strong> d\u00e0nh t\u1eb7ng \u0111\u1ed1i t\u00e1c, kh\u00e1ch h\u00e0ng, ng\u01b0\u1eddi th\u00e2n trong c\u00e1c d\u1ecbp tr\u1ecdng \u0111\u1ea1i \u2013 t\u01b0\u1ee3ng tr\u01b0ng cho <strong data-start=\"1881\" data-end=\"1925\">th\u1ecbnh v\u01b0\u1ee3ng, uy quy\u1ec1n v\u00e0 ph\u00fa qu\u00fd l\u00e2u d\u00e0i<\/strong>.<\/p>\n<p data-start=\"1930\" data-end=\"1967\">\u2728 <strong data-start=\"1932\" data-end=\"1965\">S\u1ef1 kh\u00e1c bi\u1ec7t c\u1ee7a Tonkin Craft<\/strong><\/p>\n<ul data-start=\"1969\" data-end=\"2213\">\n<li data-start=\"1969\" data-end=\"2029\">\n<p data-start=\"1971\" data-end=\"2029\">Th\u1ee7 c\u00f4ng ho\u00e0n to\u00e0n \u2013 kh\u00f4ng khu\u00f4n \u0111\u00fac, kh\u00f4ng c\u00f4ng nghi\u1ec7p.<\/p>\n<\/li>\n<li data-start=\"2030\" data-end=\"2100\">\n<p data-start=\"2032\" data-end=\"2100\">M\u1ed7i t\u00e1c ph\u1ea9m <strong data-start=\"2045\" data-end=\"2097\">\u0111\u1ed9c b\u1ea3n, mang d\u1ea5u \u1ea5n c\u00e1 nh\u00e2n c\u1ee7a ng\u01b0\u1eddi ngh\u1ec7 nh\u00e2n<\/strong>.<\/p>\n<\/li>\n<li data-start=\"2101\" data-end=\"2213\">\n<p data-start=\"2103\" data-end=\"2213\">K\u1ebft h\u1ee3p <strong data-start=\"2111\" data-end=\"2163\">ngh\u1ec7 thu\u1eadt truy\u1ec1n th\u1ed1ng Vi\u1ec7t v\u00e0 th\u1ea9m m\u1ef9 hi\u1ec7n \u0111\u1ea1i<\/strong>, t\u1ea1o n\u00ean gi\u00e1 tr\u1ecb v\u0103n h\u00f3a v\u00e0 tinh th\u1ea7n b\u1ec1n v\u1eefng.<\/p>\n<\/li>\n<\/ul>\n<p data-start=\"2215\" data-end=\"2243\">\ud83d\udd38 <strong data-start=\"2218\" data-end=\"2241\">Ch\u1ea5t l\u01b0\u1ee3ng &amp; \u0111\u1ed9 b\u1ec1n<\/strong><\/p>\n<p data-start=\"2245\" data-end=\"2424\">B\u1ec1 m\u1eb7t \u0111\u1ed3ng \u0111\u01b0\u1ee3c x\u1eed l\u00fd t\u1ef1 nhi\u00ean, <strong data-start=\"2278\" data-end=\"2311\">c\u00e0ng l\u00e2u c\u00e0ng l\u00ean m\u00e0u tr\u1ea7m \u1ea5m<\/strong>, t\u1ea1o chi\u1ec1u s\u00e2u c\u1ed5 \u0111i\u1ec3n.<br data-start=\"2335\" data-end=\"2338\" \/>Khung tranh g\u1ed7 t\u1ef1 nhi\u00ean (tu\u1ef3 ch\u1ecdn), t\u00f4n l\u00ean v\u1ebb sang tr\u1ecdng v\u00e0 trang nh\u00e3 c\u1ee7a t\u1ed5ng th\u1ec3.<\/p>\n<p data-start=\"2426\" data-end=\"2443\">\ud83d\udca7 <strong data-start=\"2429\" data-end=\"2441\">B\u1ea3o qu\u1ea3n<\/strong><\/p>\n<p data-start=\"2445\" data-end=\"2557\">Tr\u00e1nh \u00e1nh n\u1eafng tr\u1ef1c ti\u1ebfp, \u0111\u1ed9 \u1ea9m cao ho\u1eb7c h\u00f3a ch\u1ea5t m\u1ea1nh.<br data-start=\"2500\" data-end=\"2503\" \/>Lau nh\u1eb9 b\u1eb1ng kh\u0103n m\u1ec1m, kh\u00f4ng d\u00f9ng dung d\u1ecbch t\u1ea9y r\u1eeda.<\/p>\n<p data-start=\"2559\" data-end=\"2857\" data-is-last-node=\"\" data-is-only-node=\"\">\ud83c\udf3f<br data-start=\"2561\" data-end=\"2564\" \/><strong data-start=\"2564\" data-end=\"2600\">Tranh \u0110\u1ed3ng Ch\u1ea1m N\u1ed5i R\u1ed3ng Th\u1eddi L\u00fd<\/strong> kh\u00f4ng ch\u1ec9 l\u00e0 m\u1ed9t t\u00e1c ph\u1ea9m ngh\u1ec7 thu\u1eadt, m\u00e0 c\u00f2n l\u00e0 <strong data-start=\"2649\" data-end=\"2717\">bi\u1ec3u t\u01b0\u1ee3ng c\u1ee7a tr\u00ed tu\u1ec7, s\u1ee9c m\u1ea1nh v\u00e0 tinh th\u1ea7n th\u1ecbnh tr\u1ecb \u0110\u1ea1i Vi\u1ec7t<\/strong> \u2013 n\u01a1i tinh hoa g\u00f2 ch\u1ea1m truy\u1ec1n th\u1ed1ng h\u00f2a quy\u1ec7n c\u00f9ng ni\u1ec1m t\u1ef1 h\u00e0o v\u0103n h\u00f3a d\u00e2n t\u1ed9c, \u0111\u01b0\u1ee3c Tonkin Craft n\u00e2ng niu qua t\u1eebng nh\u00e1t b\u00faa v\u00e0 \u0111\u01b0\u1eddng ch\u1ea1m.<\/p>\n","protected":false},"excerpt":{"rendered":"<p data-start=\"93\" data-end=\"291\">L\u1ea5y c\u1ea3m h\u1ee9ng t\u1eeb <strong data-start=\"109\" data-end=\"125\">R\u1ed3ng th\u1eddi L\u00fd<\/strong>, b\u1ee9c tranh \u0111\u01b0\u1ee3c <strong data-start=\"142\" data-end=\"203\">g\u00f2 ch\u1ea1m n\u1ed5i ho\u00e0n to\u00e0n th\u1ee7 c\u00f4ng tr\u00ean \u0111\u1ed3ng v\u00e0ng nguy\u00ean ch\u1ea5t<\/strong>, t\u00e1i hi\u1ec7n uy nghi nh\u01b0ng thanh tho\u00e1t c\u1ee7a linh v\u1eadt thi\u00eang li\u00eang trong m\u1ef9 thu\u1eadt Vi\u1ec7t c\u1ed5.<\/p>\n<p data-start=\"293\" data-end=\"517\">R\u1ed3ng bi\u1ec3u tr\u01b0ng cho <strong data-start=\"313\" data-end=\"354\">s\u1ee9c m\u1ea1nh, tr\u00ed tu\u1ec7, ph\u00fa qu\u00fd v\u00e0 may m\u1eafn<\/strong>, \u0111\u1ed3ng th\u1eddi b\u1ee9c tranh l\u00e0 <strong data-start=\"379\" data-end=\"424\">t\u00e1c ph\u1ea9m phong th\u1ee7y, ngh\u1ec7 thu\u1eadt trang tr\u00ed<\/strong> tinh x\u1ea3o, th\u00edch h\u1ee3p tr\u01b0ng b\u00e0y trong ph\u00f2ng kh\u00e1ch, ph\u00f2ng l\u00e0m vi\u1ec7c ho\u1eb7c l\u00e0m qu\u00e0 t\u1eb7ng cao c\u1ea5p.<\/p>\n<p>Th\u00f4ng tin chi ti\u1ebft SP:<\/p>\n<p>&#8211; Ch\u1ea5t li\u1ec7u: \u0110\u1ed3ng \u0111\u1ecf, thau nguy\u00ean ch\u1ea5t<\/p>\n<p>&#8211; K\u00edch th\u01b0\u1edbc: ( chi\u1ec1u d\u00e0i x chi\u1ec1u r\u1ed9ng): size S: 21x16cm<\/p>\n<p>&#8211; Nh\u1eadn l\u00e0m theo m\u1eabu, k\u00edch th\u01b0\u1edbc y\u00eau c\u1ea7u<\/p>\n<p>&#8212;&#8212;&#8212;&#8212;&#8211;<\/p>\n<div dir=\"auto\">\u0110\u1ed3 \u0111\u1ed3ng c\u1ee7a Tonkin Craft \u0111\u00e3 \u0111\u01b0\u1ee3c nghi\u00ean c\u1ee9u, c\u1ea3i ti\u1ebfn m\u1eabu m\u00e3 r\u1ea5t nhi\u1ec1u sao cho \u0111\u01a1n gi\u1ea3n, tinh t\u1ebf v\u00e0 d\u1ec5 d\u00e0ng ph\u00f9 h\u1ee3p v\u1edbi cu\u1ed9c s\u1ed1ng hi\u1ec7n \u0111\u1ea1i.<\/div>\n<div dir=\"auto\">\u0110\u1ed3 \u0111\u1ed3ng s\u1ebd xu\u1ed1ng m\u00e0u theo th\u1eddi gian, v\u00e0 v\u1eabn mang m\u1ed9t v\u1ebb \u0111\u1eb9p \u0111\u1eb7c tr\u01b0ng d\u00f9 kh\u00f4ng s\u00e1ng b\u00f3ng v\u00e0ng nh\u01b0 m\u1edbi. B\u1ea1n c\u00f3 th\u1ec3 \u0111\u00e1nh l\u1ea1i \u0111\u1ed3 \u0111\u1ed3ng b\u1eb1ng chanh ho\u1eb7c gi\u1ea5m \u0111\u1ec3 \u0111\u1ed3 \u0111\u1ed3ng s\u00e1ng h\u01a1n.<\/div>\n","protected":false},"featured_media":3490,"comment_status":"open","ping_status":"closed","template":"","meta":[],"product_brand":[],"product_cat":[146],"product_tag":[72,76,161,148,150,265,264,159,147,149],"class_list":{"0":"post-2116","1":"product","2":"type-product","3":"status-publish","4":"has-post-thumbnail","6":"product_cat-tranh-dong","7":"product_tag-do-dong-noi-that","8":"product_tag-do-dong-thu-cong","9":"product_tag-la-sen","10":"product_tag-tranh-dong","11":"product_tag-tranh-dong-cham-noi","12":"product_tag-tranh-dong-van-mieu","13":"product_tag-tranh-khue-van-cac","14":"product_tag-tranh-phong-thuy","15":"product_tag-tranh-sen","16":"product_tag-tranh-tuong-decor","18":"first","19":"instock","20":"shipping-taxable","21":"product-type-simple"},"aioseo_notices":[],"_links":{"self":[{"href":"https:\/\/tonkincraft.vn\/vn\/wp-json\/wp\/v2\/product\/2116","targetHints":{"allow":["GET"]}}],"collection":[{"href":"https:\/\/tonkincraft.vn\/vn\/wp-json\/wp\/v2\/product"}],"about":[{"href":"https:\/\/tonkincraft.vn\/vn\/wp-json\/wp\/v2\/types\/product"}],"replies":[{"embeddable":true,"href":"https:\/\/tonkincraft.vn\/vn\/wp-json\/wp\/v2\/comments?post=2116"}],"wp:featuredmedia":[{"embeddable":true,"href":"https:\/\/tonkincraft.vn\/vn\/wp-json\/wp\/v2\/media\/3490"}],"wp:attachment":[{"href":"https:\/\/tonkincraft.vn\/vn\/wp-json\/wp\/v2\/media?parent=2116"}],"wp:term":[{"taxonomy":"product_brand","embeddable":true,"href":"https:\/\/tonkincraft.vn\/vn\/wp-json\/wp\/v2\/product_brand?post=2116"},{"taxonomy":"product_cat","embeddable":true,"href":"https:\/\/tonkincraft.vn\/vn\/wp-json\/wp\/v2\/product_cat?post=2116"},{"taxonomy":"product_tag","embeddable":true,"href":"https:\/\/tonkincraft.vn\/vn\/wp-json\/wp\/v2\/product_tag?post=2116"}],"curies":[{"name":"wp","href":"https:\/\/api.w.org\/{rel}","templated":true}]}}