{"id":2115,"date":"2022-09-15T23:26:55","date_gmt":"2022-09-15T16:26:55","guid":{"rendered":"https:\/\/tonkincraft.vn\/vn\/?post_type=product&#038;p=2115"},"modified":"2025-10-10T22:52:26","modified_gmt":"2025-10-10T15:52:26","slug":"tranh-dong-cham-noi-ly-ngu-vong-nguyet-size-nho-tranh-ca","status":"publish","type":"product","link":"https:\/\/tonkincraft.vn\/vn\/product\/tranh-dong-cham-noi-ly-ngu-vong-nguyet-size-nho-tranh-ca\/","title":{"rendered":"Tranh \u0110\u1ed3ng Ch\u1ea1m N\u1ed5i L\u00fd Ng\u01b0 V\u1ecdng Nguy\u1ec7t &#8211; Tranh C\u00e1"},"content":{"rendered":"<p data-start=\"0\" data-end=\"104\"><strong data-start=\"0\" data-end=\"102\">Tranh \u0110\u1ed3ng Ch\u1ea1m N\u1ed5i L\u00fd Ng\u01b0 V\u1ecdng Nguy\u1ec7t \u2013 Bi\u1ec3u t\u01b0\u1ee3ng c\u1ee7a th\u1ecbnh v\u01b0\u1ee3ng, may m\u1eafn v\u00e0 tinh th\u1ea7n v\u01b0\u01a1n l\u00ean<\/strong><\/p>\n<p data-start=\"106\" data-end=\"351\">L\u1ea5y c\u1ea3m h\u1ee9ng t\u1eeb <strong data-start=\"122\" data-end=\"155\">h\u00ecnh t\u01b0\u1ee3ng L\u00fd Ng\u01b0 V\u1ecdng Nguy\u1ec7t<\/strong> \u2013 \u201cC\u00e1 v\u1eddn tr\u0103ng\u201d trong ngh\u1ec7 thu\u1eadt d\u00e2n gian Vi\u1ec7t Nam, b\u1ee9c <strong data-start=\"213\" data-end=\"255\">Tranh \u0110\u1ed3ng Ch\u1ea1m N\u1ed5i L\u00fd Ng\u01b0 V\u1ecdng Nguy\u1ec7t<\/strong> th\u1ec3 hi\u1ec7n v\u1ebb \u0111\u1eb9p <strong data-start=\"272\" data-end=\"298\">thanh tho\u00e1t, sinh \u0111\u1ed9ng<\/strong> v\u00e0 mang \u00fd ngh\u0129a <strong data-start=\"315\" data-end=\"348\">t\u00e0i l\u1ed9c, th\u00e0nh \u0111\u1ea1t v\u00e0 ph\u00fa qu\u00fd<\/strong>.<\/p>\n<p data-start=\"353\" data-end=\"587\">Tr\u00ean n\u1ec1n <strong data-start=\"362\" data-end=\"387\">\u0111\u1ed3ng v\u00e0ng nguy\u00ean ch\u1ea5t<\/strong>, t\u1eebng con c\u00e1, c\u00e1nh tr\u0103ng, l\u00e0n s\u00f3ng v\u00e0 hoa v\u0103n ph\u1ee5 \u0111\u01b0\u1ee3c <strong data-start=\"443\" data-end=\"470\">ch\u1ea1m n\u1ed5i th\u1ee7 c\u00f4ng t\u1ec9 m\u1ec9<\/strong> b\u1edfi ngh\u1ec7 nh\u00e2n Tonkin Craft, t\u1ea1o n\u00ean hi\u1ec7u \u1ee9ng \u00e1nh s\u00e1ng s\u1ed1ng \u0111\u1ed9ng, m\u1ec1m m\u1ea1i, nh\u01b0 c\u1ea3nh c\u00e1 v\u1eddn tr\u0103ng th\u1eadt gi\u1eefa s\u00f4ng h\u1ed3.<\/p>\n<p data-start=\"589\" data-end=\"616\">\ud83d\udc1f <strong data-start=\"592\" data-end=\"614\">C\u1ea3m h\u1ee9ng &amp; \u00fd ngh\u0129a<\/strong><\/p>\n<ul data-start=\"617\" data-end=\"876\">\n<li data-start=\"617\" data-end=\"687\">\n<p data-start=\"619\" data-end=\"687\"><strong data-start=\"619\" data-end=\"625\">C\u00e1<\/strong> bi\u1ec3u t\u01b0\u1ee3ng cho <strong data-start=\"641\" data-end=\"684\">t\u00e0i l\u1ed9c, th\u0103ng ti\u1ebfn v\u00e0 s\u1ee9c s\u1ed1ng d\u1ebbo dai<\/strong>.<\/p>\n<\/li>\n<li data-start=\"688\" data-end=\"777\">\n<p data-start=\"690\" data-end=\"777\"><strong data-start=\"690\" data-end=\"699\">Tr\u0103ng<\/strong> t\u01b0\u1ee3ng tr\u01b0ng cho <strong data-start=\"716\" data-end=\"774\">tinh th\u1ea7n minh tri\u1ebft, s\u1ef1 vi\u00ean m\u00e3n v\u00e0 \u01b0\u1edbc v\u1ecdng tr\u1ecdn v\u1eb9n<\/strong>.<\/p>\n<\/li>\n<li data-start=\"778\" data-end=\"876\">\n<p data-start=\"780\" data-end=\"876\">S\u1ef1 k\u1ebft h\u1ee3p L\u00fd Ng\u01b0 V\u1ecdng Nguy\u1ec7t mang \u0111\u1ebfn <strong data-start=\"819\" data-end=\"873\">ni\u1ec1m hy v\u1ecdng, th\u1ecbnh v\u01b0\u1ee3ng v\u00e0 h\u1ea1nh ph\u00fac cho gia ch\u1ee7<\/strong>.<\/p>\n<\/li>\n<\/ul>\n<p data-start=\"878\" data-end=\"912\">\u2692\ufe0f <strong data-start=\"881\" data-end=\"910\">Ch\u1ebf t\u00e1c th\u1ee7 c\u00f4ng tinh x\u1ea3o<\/strong><\/p>\n<ul data-start=\"913\" data-end=\"1237\">\n<li data-start=\"913\" data-end=\"1038\">\n<p data-start=\"915\" data-end=\"1038\">100% th\u1ee7 c\u00f4ng b\u1edfi Tonkin Craft: t\u1eeb ch\u1ecdn \u0111\u1ed3ng, t\u1ea1o n\u1ec1n, g\u00f2 n\u1ed5i, \u0111\u1ebfn ch\u1ea1m kh\u1eafc chi ti\u1ebft t\u1eebng con c\u00e1, c\u00e1nh tr\u0103ng, s\u00f3ng n\u01b0\u1edbc.<\/p>\n<\/li>\n<li data-start=\"1039\" data-end=\"1152\">\n<p data-start=\"1041\" data-end=\"1152\">Kh\u00f4ng khu\u00f4n \u0111\u00fac, kh\u00f4ng c\u00f4ng nghi\u1ec7p \u2013 m\u1ed7i t\u00e1c ph\u1ea9m l\u00e0 <strong data-start=\"1094\" data-end=\"1105\">\u0111\u1ed9c b\u1ea3n<\/strong>, l\u01b0u gi\u1eef tinh hoa g\u00f2 ch\u1ea1m truy\u1ec1n th\u1ed1ng Vi\u1ec7t.<\/p>\n<\/li>\n<li data-start=\"1153\" data-end=\"1237\">\n<p data-start=\"1155\" data-end=\"1237\">\u0110\u1ed3ng \u0111\u01b0\u1ee3c x\u1eed l\u00fd b\u1ec1 m\u1eb7t \u0111\u1ec3 gi\u1eef <strong data-start=\"1185\" data-end=\"1210\">\u00e1nh v\u00e0ng tr\u1ea7m c\u1ed5 \u0111i\u1ec3n<\/strong>, b\u1ec1n \u0111\u1eb9p theo th\u1eddi gian.<\/p>\n<\/li>\n<\/ul>\n<p data-start=\"1239\" data-end=\"1550\">\ud83c\udfa8 <strong data-start=\"1242\" data-end=\"1266\">\u1ee8ng d\u1ee5ng &amp; tr\u01b0ng b\u00e0y<\/strong><br data-start=\"1266\" data-end=\"1269\" \/>Ph\u00f9 h\u1ee3p tr\u01b0ng b\u00e0y trong <strong data-start=\"1293\" data-end=\"1348\">ph\u00f2ng kh\u00e1ch, ph\u00f2ng l\u00e0m vi\u1ec7c ho\u1eb7c kh\u00f4ng gian v\u0103n h\u00f3a<\/strong>, t\u1ea1o \u0111i\u1ec3m nh\u1ea5n tinh t\u1ebf v\u00e0 mang \u00fd ngh\u0129a phong th\u1ee7y t\u1ed1t l\u00e0nh.<br data-start=\"1408\" data-end=\"1411\" \/>L\u00e0 <strong data-start=\"1414\" data-end=\"1433\">m\u00f3n qu\u00e0 cao c\u1ea5p<\/strong>, \u00fd ngh\u0129a \u0111\u1ec3 t\u1eb7ng \u0111\u1ed1i t\u00e1c, kh\u00e1ch h\u00e0ng hay ng\u01b0\u1eddi th\u00e2n \u2013 t\u01b0\u1ee3ng tr\u01b0ng cho <strong data-start=\"1504\" data-end=\"1547\">t\u00e0i l\u1ed9c, may m\u1eafn v\u00e0 th\u1ecbnh v\u01b0\u1ee3ng l\u00e2u d\u00e0i<\/strong>.<\/p>\n<p data-start=\"1552\" data-end=\"1582\">\u2728 <strong data-start=\"1554\" data-end=\"1580\">\u0110\u1eb7c tr\u01b0ng Tonkin Craft<\/strong><\/p>\n<ul data-start=\"1583\" data-end=\"1786\">\n<li data-start=\"1583\" data-end=\"1625\">\n<p data-start=\"1585\" data-end=\"1625\">Th\u1ee7 c\u00f4ng ho\u00e0n to\u00e0n, \u0111\u1ed9c b\u1ea3n, b\u1ec1n v\u1eefng.<\/p>\n<\/li>\n<li data-start=\"1626\" data-end=\"1689\">\n<p data-start=\"1628\" data-end=\"1689\">K\u1ebft h\u1ee3p ngh\u1ec7 thu\u1eadt \u00c1 \u0110\u00f4ng truy\u1ec1n th\u1ed1ng v\u00e0 th\u1ea9m m\u1ef9 hi\u1ec7n \u0111\u1ea1i.<\/p>\n<\/li>\n<li data-start=\"1690\" data-end=\"1786\">\n<p data-start=\"1692\" data-end=\"1786\">M\u1ed7i s\u1ea3n ph\u1ea9m kh\u00f4ng ch\u1ec9 l\u00e0 v\u1eadt d\u1ee5ng trang tr\u00ed, m\u00e0 l\u00e0 <strong data-start=\"1744\" data-end=\"1783\">t\u00e1c ph\u1ea9m v\u0103n h\u00f3a mang linh h\u1ed3n Vi\u1ec7t<\/strong>.<\/p>\n<\/li>\n<\/ul>\n<p data-start=\"1788\" data-end=\"1926\">\ud83d\udd38 <strong data-start=\"1791\" data-end=\"1814\">Ch\u1ea5t l\u01b0\u1ee3ng &amp; \u0111\u1ed9 b\u1ec1n<\/strong><br data-start=\"1814\" data-end=\"1817\" \/>\u0110\u1ed3ng Tonkin Craft c\u00e0ng d\u00f9ng c\u00e0ng \u0111\u1eb9p, \u00e1nh v\u00e0ng tr\u1ea7m \u1ea5m t\u1ef1 nhi\u00ean, mang chi\u1ec1u s\u00e2u c\u1ed5 \u0111i\u1ec3n v\u00e0 gi\u00e1 tr\u1ecb l\u00e2u d\u00e0i.<\/p>\n<p data-start=\"1928\" data-end=\"2074\">\ud83d\udca7 <strong data-start=\"1931\" data-end=\"1943\">B\u1ea3o qu\u1ea3n<\/strong><br data-start=\"1943\" data-end=\"1946\" \/>Lau nh\u1eb9 b\u1eb1ng kh\u0103n m\u1ec1m, tr\u00e1nh h\u00f3a ch\u1ea5t m\u1ea1nh v\u00e0 \u0111\u1ed9 \u1ea9m cao.<br data-start=\"2002\" data-end=\"2005\" \/>B\u1ea3o qu\u1ea3n n\u01a1i kh\u00f4 r\u00e1o, tho\u00e1ng m\u00e1t \u0111\u1ec3 gi\u1eef \u0111\u1ed9 b\u1ec1n v\u00e0 m\u00e0u s\u1eafc t\u1ef1 nhi\u00ean.<\/p>\n<p data-start=\"2076\" data-end=\"2322\" data-is-last-node=\"\" data-is-only-node=\"\">\ud83c\udf3f<br data-start=\"2078\" data-end=\"2081\" \/><strong data-start=\"2081\" data-end=\"2123\">Tranh \u0110\u1ed3ng Ch\u1ea1m N\u1ed5i L\u00fd Ng\u01b0 V\u1ecdng Nguy\u1ec7t<\/strong> \u2013 t\u00e1c ph\u1ea9m ngh\u1ec7 thu\u1eadt tinh x\u1ea3o, kh\u00f4ng ch\u1ec9 l\u00e0 <strong data-start=\"2169\" data-end=\"2193\">trang tr\u00ed sang tr\u1ecdng<\/strong>, m\u00e0 c\u00f2n l\u00e0 <strong data-start=\"2205\" data-end=\"2271\">bi\u1ec3u t\u01b0\u1ee3ng phong th\u1ee7y mang t\u00e0i l\u1ed9c, th\u1ecbnh v\u01b0\u1ee3ng v\u00e0 s\u1ef1 vi\u00ean m\u00e3n<\/strong>, g\u1eedi g\u1eafm qua \u0111\u00f4i tay ng\u01b0\u1eddi ngh\u1ec7 nh\u00e2n Tonkin Craft.<\/p>\n","protected":false},"excerpt":{"rendered":"<p>Tranh \u0111\u1ed3ng ch\u1ea1m n\u1ed5i L\u00fd Ng\u01b0 V\u1ecdng Nguy\u1ec7t theo y\u00eau c\u1ea7u m\u1ed9c m\u1ea1c, \u0111\u1ed9c l\u1ea1, \u0111\u01a1n gi\u1ea3n, \u0111\u1ed3ng v\u00e0ng theo th\u1eddi gian. S\u1ea3n ph\u1ea9m \u0111\u01b0\u1ee3c ch\u1ebf t\u00e1c c\u1ef1c k\u1ef3 tinh x\u1ea3o tr\u00ean ch\u1ea5t li\u1ec7u \u0111\u1ed3ng \u0111\u1ecf v\u00e0 thau \u0111\u00f2i h\u1ecfi s\u1ef1 t\u1ec9 m\u1ec9 cao trong t\u1eebng \u0111\u01b0\u1eddng n\u00e9t b\u1edfi c\u00e1c ngh\u1ec7 nh\u00e2n.<\/p>\n<p>Th\u00f4ng tin chi ti\u1ebft SP:<\/p>\n<p>&#8211; Ch\u1ea5t li\u1ec7u: \u0110\u1ed3ng \u0111\u1ecf, thau nguy\u00ean ch\u1ea5t<\/p>\n<p>&#8211; K\u00edch th\u01b0\u1edbc: ( chi\u1ec1u d\u00e0i x chi\u1ec1u r\u1ed9ng): size S: 21x17cm<\/p>\n<p>&#8211; Nh\u1eadn l\u00e0m theo m\u1eabu, k\u00edch th\u01b0\u1edbc y\u00eau c\u1ea7u<\/p>\n<p>&#8212;&#8212;&#8212;&#8212;&#8211;<\/p>\n<div dir=\"auto\">\u0110\u1ed3 \u0111\u1ed3ng c\u1ee7a Tonkin Craft \u0111\u00e3 \u0111\u01b0\u1ee3c nghi\u00ean c\u1ee9u, c\u1ea3i ti\u1ebfn m\u1eabu m\u00e3 r\u1ea5t nhi\u1ec1u sao cho \u0111\u01a1n gi\u1ea3n, tinh t\u1ebf v\u00e0 d\u1ec5 d\u00e0ng ph\u00f9 h\u1ee3p v\u1edbi cu\u1ed9c s\u1ed1ng hi\u1ec7n \u0111\u1ea1i.<\/div>\n<div dir=\"auto\">\u0110\u1ed3 \u0111\u1ed3ng s\u1ebd xu\u1ed1ng m\u00e0u theo th\u1eddi gian, v\u00e0 v\u1eabn mang m\u1ed9t v\u1ebb \u0111\u1eb9p \u0111\u1eb7c tr\u01b0ng d\u00f9 kh\u00f4ng s\u00e1ng b\u00f3ng v\u00e0ng nh\u01b0 m\u1edbi. B\u1ea1n c\u00f3 th\u1ec3 \u0111\u00e1nh l\u1ea1i \u0111\u1ed3 \u0111\u1ed3ng b\u1eb1ng chanh ho\u1eb7c gi\u1ea5m \u0111\u1ec3 \u0111\u1ed3 \u0111\u1ed3ng s\u00e1ng h\u01a1n.<\/div>\n","protected":false},"featured_media":3505,"comment_status":"open","ping_status":"closed","template":"","meta":[],"product_brand":[],"product_cat":[146],"product_tag":[72,76,161,148,150,265,264,159,147,149],"class_list":{"0":"post-2115","1":"product","2":"type-product","3":"status-publish","4":"has-post-thumbnail","6":"product_cat-tranh-dong","7":"product_tag-do-dong-noi-that","8":"product_tag-do-dong-thu-cong","9":"product_tag-la-sen","10":"product_tag-tranh-dong","11":"product_tag-tranh-dong-cham-noi","12":"product_tag-tranh-dong-van-mieu","13":"product_tag-tranh-khue-van-cac","14":"product_tag-tranh-phong-thuy","15":"product_tag-tranh-sen","16":"product_tag-tranh-tuong-decor","18":"first","19":"instock","20":"shipping-taxable","21":"product-type-simple"},"aioseo_notices":[],"_links":{"self":[{"href":"https:\/\/tonkincraft.vn\/vn\/wp-json\/wp\/v2\/product\/2115","targetHints":{"allow":["GET"]}}],"collection":[{"href":"https:\/\/tonkincraft.vn\/vn\/wp-json\/wp\/v2\/product"}],"about":[{"href":"https:\/\/tonkincraft.vn\/vn\/wp-json\/wp\/v2\/types\/product"}],"replies":[{"embeddable":true,"href":"https:\/\/tonkincraft.vn\/vn\/wp-json\/wp\/v2\/comments?post=2115"}],"wp:featuredmedia":[{"embeddable":true,"href":"https:\/\/tonkincraft.vn\/vn\/wp-json\/wp\/v2\/media\/3505"}],"wp:attachment":[{"href":"https:\/\/tonkincraft.vn\/vn\/wp-json\/wp\/v2\/media?parent=2115"}],"wp:term":[{"taxonomy":"product_brand","embeddable":true,"href":"https:\/\/tonkincraft.vn\/vn\/wp-json\/wp\/v2\/product_brand?post=2115"},{"taxonomy":"product_cat","embeddable":true,"href":"https:\/\/tonkincraft.vn\/vn\/wp-json\/wp\/v2\/product_cat?post=2115"},{"taxonomy":"product_tag","embeddable":true,"href":"https:\/\/tonkincraft.vn\/vn\/wp-json\/wp\/v2\/product_tag?post=2115"}],"curies":[{"name":"wp","href":"https:\/\/api.w.org\/{rel}","templated":true}]}}