{"id":2094,"date":"2022-09-15T12:52:24","date_gmt":"2022-09-15T05:52:24","guid":{"rendered":"https:\/\/tonkincraft.vn\/vn\/?post_type=product&#038;p=2094"},"modified":"2025-10-10T22:50:51","modified_gmt":"2025-10-10T15:50:51","slug":"tranh-dong-cham-noi-thuyen-buom-size-nho-tranh-dong-qua-tang-cao-cap","status":"publish","type":"product","link":"https:\/\/tonkincraft.vn\/vn\/product\/tranh-dong-cham-noi-thuyen-buom-size-nho-tranh-dong-qua-tang-cao-cap\/","title":{"rendered":"Tranh \u0110\u1ed3ng Ch\u1ea1m N\u1ed5i Thuy\u1ec1n Bu\u1ed3m &#8211; V\u1ecbnh H\u1ea1 Long"},"content":{"rendered":"<article class=\"text-token-text-primary w-full focus:outline-none [--shadow-height:45px] has-data-writing-block:pointer-events-none has-data-writing-block:-mt-(--shadow-height) has-data-writing-block:pt-(--shadow-height) [&amp;:has([data-writing-block])&gt;*]:pointer-events-auto [content-visibility:auto] supports-[content-visibility:auto]:[contain-intrinsic-size:auto_100lvh] scroll-mt-[calc(var(--header-height)+min(200px,max(70px,20svh)))]\" dir=\"auto\" tabindex=\"-1\" data-turn-id=\"request-68e68ec7-8804-8320-808a-e3ebc72c4d84-52\" data-testid=\"conversation-turn-148\" data-scroll-anchor=\"true\" data-turn=\"assistant\">\n<div class=\"text-base my-auto mx-auto pb-10 [--thread-content-margin:--spacing(4)] thread-sm:[--thread-content-margin:--spacing(6)] thread-lg:[--thread-content-margin:--spacing(16)] px-(--thread-content-margin)\">\n<div class=\"[--thread-content-max-width:40rem] thread-lg:[--thread-content-max-width:48rem] mx-auto max-w-(--thread-content-max-width) flex-1 group\/turn-messages focus-visible:outline-hidden relative flex w-full min-w-0 flex-col agent-turn\" tabindex=\"-1\">\n<div class=\"flex max-w-full flex-col grow\">\n<div class=\"min-h-8 text-message relative flex w-full flex-col items-end gap-2 text-start break-words whitespace-normal [.text-message+&amp;]:mt-5\" dir=\"auto\" data-message-author-role=\"assistant\" data-message-id=\"c9e726fc-3bba-4a13-9edc-60ffdd08479d\" data-message-model-slug=\"gpt-5-mini\">\n<div class=\"flex w-full flex-col gap-1 empty:hidden first:pt-[1px]\">\n<div class=\"markdown prose dark:prose-invert w-full break-words light markdown-new-styling\">\n<p data-start=\"0\" data-end=\"102\"><strong data-start=\"0\" data-end=\"100\">Tranh \u0110\u1ed3ng Ch\u1ea1m N\u1ed5i Thuy\u1ec1n Bu\u1ed3m \u2013 V\u1ecbnh H\u1ea1 Long \u2013 Bi\u1ec3u t\u01b0\u1ee3ng c\u1ee7a may m\u1eafn, th\u1ecbnh v\u01b0\u1ee3ng v\u00e0 b\u00ecnh y\u00ean<\/strong><\/p>\n<p data-start=\"104\" data-end=\"374\">L\u1ea5y c\u1ea3m h\u1ee9ng t\u1eeb <strong data-start=\"120\" data-end=\"167\">V\u1ecbnh H\u1ea1 Long \u2013 k\u1ef3 quan thi\u00ean nhi\u00ean th\u1ebf gi\u1edbi<\/strong> c\u00f9ng h\u00ecnh \u1ea3nh <strong data-start=\"182\" data-end=\"206\">thuy\u1ec1n bu\u1ed3m c\u0103ng gi\u00f3<\/strong> tr\u00ean s\u00f3ng n\u01b0\u1edbc, b\u1ee9c <strong data-start=\"227\" data-end=\"262\">Tranh \u0110\u1ed3ng Ch\u1ea1m N\u1ed5i Thuy\u1ec1n Bu\u1ed3m<\/strong> mang \u0111\u1ebfn v\u1ebb \u0111\u1eb9p <strong data-start=\"279\" data-end=\"307\">tranh th\u1ee7y m\u1eb7c s\u1ed1ng \u0111\u1ed9ng<\/strong>, k\u1ebft h\u1ee3p gi\u1eefa <strong data-start=\"322\" data-end=\"371\">thi\u00ean nhi\u00ean h\u00f9ng v\u0129 v\u00e0 tinh hoa th\u1ee7 c\u00f4ng Vi\u1ec7t<\/strong>.<\/p>\n<p data-start=\"376\" data-end=\"627\">Tr\u00ean n\u1ec1n <strong data-start=\"385\" data-end=\"410\">\u0111\u1ed3ng v\u00e0ng nguy\u00ean ch\u1ea5t<\/strong>, t\u1eebng chi ti\u1ebft <strong data-start=\"426\" data-end=\"474\">c\u00e1nh bu\u1ed3m, th\u00e2n thuy\u1ec1n, s\u00f3ng n\u01b0\u1edbc v\u00e0 n\u00fai non<\/strong> \u0111\u01b0\u1ee3c <strong data-start=\"480\" data-end=\"507\">ch\u1ea1m n\u1ed5i t\u1ec9 m\u1ec9 th\u1ee7 c\u00f4ng<\/strong> b\u1edfi ngh\u1ec7 nh\u00e2n Tonkin Craft, t\u1ea1o hi\u1ec7u \u1ee9ng \u00e1nh s\u00e1ng lung linh, s\u1ed1ng \u0111\u1ed9ng nh\u01b0 c\u1ea3nh thuy\u1ec1n l\u01b0\u1edbt tr\u00ean bi\u1ec3n trong n\u1eafng s\u1edbm.<\/p>\n<p data-start=\"629\" data-end=\"655\">\u26f5 <strong data-start=\"631\" data-end=\"653\">C\u1ea3m h\u1ee9ng &amp; \u00fd ngh\u0129a<\/strong><\/p>\n<ul data-start=\"656\" data-end=\"942\">\n<li data-start=\"656\" data-end=\"755\">\n<p data-start=\"658\" data-end=\"755\"><strong data-start=\"658\" data-end=\"673\">Thuy\u1ec1n bu\u1ed3m<\/strong>: bi\u1ec3u t\u01b0\u1ee3ng c\u1ee7a <strong data-start=\"690\" data-end=\"752\">thu\u1eadn bu\u1ed3m xu\u00f4i gi\u00f3, may m\u1eafn v\u00e0 th\u00e0nh c\u00f4ng trong c\u00f4ng vi\u1ec7c<\/strong>.<\/p>\n<\/li>\n<li data-start=\"756\" data-end=\"843\">\n<p data-start=\"758\" data-end=\"843\"><strong data-start=\"758\" data-end=\"774\">V\u1ecbnh H\u1ea1 Long<\/strong>: bi\u1ec3u t\u01b0\u1ee3ng c\u1ee7a <strong data-start=\"791\" data-end=\"840\">v\u1ebb \u0111\u1eb9p t\u1ef1 nhi\u00ean, b\u00ecnh an v\u00e0 tinh th\u1ea7n d\u00e2n t\u1ed9c<\/strong>.<\/p>\n<\/li>\n<li data-start=\"844\" data-end=\"942\">\n<p data-start=\"846\" data-end=\"942\">B\u1ee9c tranh l\u00e0 l\u1eddi ch\u00fac <strong data-start=\"868\" data-end=\"939\">t\u00e0i l\u1ed9c d\u1ed3i d\u00e0o, c\u00f4ng danh hanh th\u00f4ng v\u00e0 s\u1ef1 b\u00ecnh y\u00ean trong gia \u0111\u00ecnh<\/strong>.<\/p>\n<\/li>\n<\/ul>\n<p data-start=\"944\" data-end=\"978\">\u2692\ufe0f <strong data-start=\"947\" data-end=\"976\">Ch\u1ebf t\u00e1c th\u1ee7 c\u00f4ng tinh x\u1ea3o<\/strong><\/p>\n<ul data-start=\"979\" data-end=\"1266\">\n<li data-start=\"979\" data-end=\"1084\">\n<p data-start=\"981\" data-end=\"1084\">100% th\u1ee7 c\u00f4ng b\u1edfi Tonkin Craft: t\u1eeb <strong data-start=\"1016\" data-end=\"1081\">ch\u1ecdn \u0111\u1ed3ng, g\u00f2 n\u1ec1n, ch\u1ea1m kh\u1eafc chi ti\u1ebft thuy\u1ec1n, s\u00f3ng v\u00e0 n\u00fai non<\/strong>.<\/p>\n<\/li>\n<li data-start=\"1085\" data-end=\"1207\">\n<p data-start=\"1087\" data-end=\"1207\">Kh\u00f4ng khu\u00f4n \u0111\u00fac, kh\u00f4ng c\u00f4ng nghi\u1ec7p \u2013 m\u1ed7i s\u1ea3n ph\u1ea9m l\u00e0 <strong data-start=\"1140\" data-end=\"1160\">t\u00e1c ph\u1ea9m \u0111\u1ed9c b\u1ea3n<\/strong>, l\u01b0u gi\u1eef h\u1ed3n ngh\u1ec1 g\u00f2 ch\u1ea1m truy\u1ec1n th\u1ed1ng Vi\u1ec7t.<\/p>\n<\/li>\n<li data-start=\"1208\" data-end=\"1266\">\n<p data-start=\"1210\" data-end=\"1266\">B\u1ec1 m\u1eb7t \u0111\u1ed3ng x\u1eed l\u00fd \u00e1nh tr\u1ea7m \u1ea5m, b\u1ec1n \u0111\u1eb9p theo th\u1eddi gian.<\/p>\n<\/li>\n<\/ul>\n<p data-start=\"1268\" data-end=\"1593\">\ud83c\udfa8 <strong data-start=\"1271\" data-end=\"1295\">\u1ee8ng d\u1ee5ng &amp; tr\u01b0ng b\u00e0y<\/strong><br data-start=\"1295\" data-end=\"1298\" \/>Ph\u00f9 h\u1ee3p tr\u01b0ng b\u00e0y trong <strong data-start=\"1322\" data-end=\"1388\">ph\u00f2ng kh\u00e1ch, ph\u00f2ng l\u00e0m vi\u1ec7c, v\u0103n ph\u00f2ng ho\u1eb7c kh\u00f4ng gian v\u0103n h\u00f3a<\/strong>, t\u1ea1o \u0111i\u1ec3m nh\u1ea5n sang tr\u1ecdng v\u00e0 mang \u00fd ngh\u0129a phong th\u1ee7y t\u1ed1t l\u00e0nh.<br data-start=\"1451\" data-end=\"1454\" \/>L\u00e0 <strong data-start=\"1457\" data-end=\"1476\">m\u00f3n qu\u00e0 cao c\u1ea5p<\/strong>, \u00fd ngh\u0129a \u0111\u1ec3 t\u1eb7ng \u0111\u1ed1i t\u00e1c, kh\u00e1ch h\u00e0ng, ng\u01b0\u1eddi th\u00e2n \u2013 t\u01b0\u1ee3ng tr\u01b0ng cho <strong data-start=\"1544\" data-end=\"1590\">may m\u1eafn, th\u1ecbnh v\u01b0\u1ee3ng v\u00e0 th\u00e0nh c\u00f4ng l\u00e2u d\u00e0i<\/strong>.<\/p>\n<p data-start=\"1595\" data-end=\"1625\">\u2728 <strong data-start=\"1597\" data-end=\"1623\">\u0110\u1eb7c tr\u01b0ng Tonkin Craft<\/strong><\/p>\n<ul data-start=\"1626\" data-end=\"1891\">\n<li data-start=\"1626\" data-end=\"1668\">\n<p data-start=\"1628\" data-end=\"1668\">Th\u1ee7 c\u00f4ng ho\u00e0n to\u00e0n, \u0111\u1ed9c b\u1ea3n, b\u1ec1n v\u1eefng.<\/p>\n<\/li>\n<li data-start=\"1669\" data-end=\"1781\">\n<p data-start=\"1671\" data-end=\"1781\">K\u1ebft h\u1ee3p <strong data-start=\"1679\" data-end=\"1735\">ngh\u1ec7 thu\u1eadt truy\u1ec1n th\u1ed1ng \u00c1 \u0110\u00f4ng v\u00e0 tinh th\u1ea7n hi\u1ec7n \u0111\u1ea1i<\/strong>, mang gi\u00e1 tr\u1ecb th\u1ea9m m\u1ef9 v\u00e0 tinh th\u1ea7n l\u00e2u d\u00e0i.<\/p>\n<\/li>\n<li data-start=\"1782\" data-end=\"1891\">\n<p data-start=\"1784\" data-end=\"1891\">M\u1ed7i s\u1ea3n ph\u1ea9m l\u00e0 <strong data-start=\"1800\" data-end=\"1830\">t\u00e1c ph\u1ea9m v\u0103n h\u00f3a s\u1ed1ng \u0111\u1ed9ng<\/strong>, kh\u00f4ng ch\u1ec9 l\u00e0 \u0111\u1ed3 trang tr\u00ed m\u00e0 c\u00f2n l\u00e0 bi\u1ec3u t\u01b0\u1ee3ng tinh th\u1ea7n.<\/p>\n<\/li>\n<\/ul>\n<p data-start=\"1893\" data-end=\"2030\">\ud83d\udd38 <strong data-start=\"1896\" data-end=\"1919\">Ch\u1ea5t l\u01b0\u1ee3ng &amp; \u0111\u1ed9 b\u1ec1n<\/strong><br data-start=\"1919\" data-end=\"1922\" \/>\u0110\u1ed3ng Tonkin Craft c\u00e0ng d\u00f9ng c\u00e0ng \u0111\u1eb9p, \u00e1nh v\u00e0ng tr\u1ea7m \u1ea5m t\u1ef1 nhi\u00ean, t\u1ea1o chi\u1ec1u s\u00e2u c\u1ed5 \u0111i\u1ec3n v\u00e0 gi\u00e1 tr\u1ecb l\u00e2u d\u00e0i.<\/p>\n<p data-start=\"2032\" data-end=\"2178\">\ud83d\udca7 <strong data-start=\"2035\" data-end=\"2047\">B\u1ea3o qu\u1ea3n<\/strong><br data-start=\"2047\" data-end=\"2050\" \/>Lau nh\u1eb9 b\u1eb1ng kh\u0103n m\u1ec1m, tr\u00e1nh h\u00f3a ch\u1ea5t m\u1ea1nh v\u00e0 \u0111\u1ed9 \u1ea9m cao.<br data-start=\"2106\" data-end=\"2109\" \/>B\u1ea3o qu\u1ea3n n\u01a1i kh\u00f4 r\u00e1o, tho\u00e1ng m\u00e1t \u0111\u1ec3 gi\u1eef \u0111\u1ed9 b\u1ec1n v\u00e0 m\u00e0u s\u1eafc t\u1ef1 nhi\u00ean.<\/p>\n<p data-start=\"2180\" data-end=\"2447\" data-is-last-node=\"\" data-is-only-node=\"\">\ud83c\udf3f<br data-start=\"2182\" data-end=\"2185\" \/><strong data-start=\"2185\" data-end=\"2235\">Tranh \u0110\u1ed3ng Ch\u1ea1m N\u1ed5i Thuy\u1ec1n Bu\u1ed3m \u2013 V\u1ecbnh H\u1ea1 Long<\/strong> \u2013 m\u00f3n <strong data-start=\"2242\" data-end=\"2283\">t\u00e1c ph\u1ea9m ngh\u1ec7 thu\u1eadt th\u1ee7 c\u00f4ng tinh x\u1ea3o<\/strong>, kh\u00f4ng ch\u1ec9 l\u00e0m <strong data-start=\"2299\" data-end=\"2323\">trang tr\u00ed sang tr\u1ecdng<\/strong>, m\u00e0 c\u00f2n l\u00e0 <strong data-start=\"2335\" data-end=\"2396\">bi\u1ec3u t\u01b0\u1ee3ng phong th\u1ee7y mang may m\u1eafn, th\u00e0nh c\u00f4ng v\u00e0 b\u00ecnh an<\/strong>, g\u1eedi g\u1eafm qua \u0111\u00f4i tay ng\u01b0\u1eddi ngh\u1ec7 nh\u00e2n Tonkin Craft.<\/p>\n<\/div>\n<\/div>\n<\/div>\n<\/div>\n<\/div>\n<\/div>\n<\/article>\n","protected":false},"excerpt":{"rendered":"<p>Tranh \u0111\u1ed3ng ch\u1ea1m n\u1ed5i Thuy\u1ec1n Bu\u1ed3m theo y\u00eau c\u1ea7u m\u1ed9c m\u1ea1c, \u0111\u1ed9c l\u1ea1, \u0111\u01a1n gi\u1ea3n, \u0111\u1ed3ng v\u00e0ng theo th\u1eddi gian. S\u1ea3n ph\u1ea9m \u0111\u01b0\u1ee3c ch\u1ebf t\u00e1c c\u1ef1c k\u1ef3 tinh x\u1ea3o tr\u00ean ch\u1ea5t li\u1ec7u \u0111\u1ed3ng \u0111\u1ecf v\u00e0 thau \u0111\u00f2i h\u1ecfi s\u1ef1 t\u1ec9 m\u1ec9 cao trong t\u1eebng \u0111\u01b0\u1eddng n\u00e9t b\u1edfi c\u00e1c ngh\u1ec7 nh\u00e2n.<\/p>\n<p>Th\u00f4ng tin chi ti\u1ebft SP:<\/p>\n<p>&#8211; Ch\u1ea5t li\u1ec7u: \u0110\u1ed3ng \u0111\u1ecf, thau nguy\u00ean ch\u1ea5t<\/p>\n<p>&#8211; K\u00edch th\u01b0\u1edbc: ( chi\u1ec1u d\u00e0i x chi\u1ec1u r\u1ed9ng): size S: 21x17cm<\/p>\n<p>&#8211; Nh\u1eadn l\u00e0m theo m\u1eabu, k\u00edch th\u01b0\u1edbc y\u00eau c\u1ea7u<\/p>\n<p>&#8212;&#8212;&#8212;&#8212;&#8211;<\/p>\n<div dir=\"auto\">\u0110\u1ed3 \u0111\u1ed3ng c\u1ee7a Tonkin Craft \u0111\u00e3 \u0111\u01b0\u1ee3c nghi\u00ean c\u1ee9u, c\u1ea3i ti\u1ebfn m\u1eabu m\u00e3 r\u1ea5t nhi\u1ec1u sao cho \u0111\u01a1n gi\u1ea3n, tinh t\u1ebf v\u00e0 d\u1ec5 d\u00e0ng ph\u00f9 h\u1ee3p v\u1edbi cu\u1ed9c s\u1ed1ng hi\u1ec7n \u0111\u1ea1i.<\/div>\n<div dir=\"auto\">\u0110\u1ed3 \u0111\u1ed3ng s\u1ebd xu\u1ed1ng m\u00e0u theo th\u1eddi gian, v\u00e0 v\u1eabn mang m\u1ed9t v\u1ebb \u0111\u1eb9p \u0111\u1eb7c tr\u01b0ng d\u00f9 kh\u00f4ng s\u00e1ng b\u00f3ng v\u00e0ng nh\u01b0 m\u1edbi. B\u1ea1n c\u00f3 th\u1ec3 \u0111\u00e1nh l\u1ea1i \u0111\u1ed3 \u0111\u1ed3ng b\u1eb1ng chanh ho\u1eb7c gi\u1ea5m \u0111\u1ec3 \u0111\u1ed3 \u0111\u1ed3ng s\u00e1ng h\u01a1n.<\/div>\n","protected":false},"featured_media":2354,"comment_status":"open","ping_status":"closed","template":"","meta":[],"product_brand":[],"product_cat":[146],"product_tag":[72,76,161,148,150,265,264,159,147,149],"class_list":{"0":"post-2094","1":"product","2":"type-product","3":"status-publish","4":"has-post-thumbnail","6":"product_cat-tranh-dong","7":"product_tag-do-dong-noi-that","8":"product_tag-do-dong-thu-cong","9":"product_tag-la-sen","10":"product_tag-tranh-dong","11":"product_tag-tranh-dong-cham-noi","12":"product_tag-tranh-dong-van-mieu","13":"product_tag-tranh-khue-van-cac","14":"product_tag-tranh-phong-thuy","15":"product_tag-tranh-sen","16":"product_tag-tranh-tuong-decor","18":"first","19":"instock","20":"shipping-taxable","21":"product-type-simple"},"aioseo_notices":[],"_links":{"self":[{"href":"https:\/\/tonkincraft.vn\/vn\/wp-json\/wp\/v2\/product\/2094","targetHints":{"allow":["GET"]}}],"collection":[{"href":"https:\/\/tonkincraft.vn\/vn\/wp-json\/wp\/v2\/product"}],"about":[{"href":"https:\/\/tonkincraft.vn\/vn\/wp-json\/wp\/v2\/types\/product"}],"replies":[{"embeddable":true,"href":"https:\/\/tonkincraft.vn\/vn\/wp-json\/wp\/v2\/comments?post=2094"}],"wp:featuredmedia":[{"embeddable":true,"href":"https:\/\/tonkincraft.vn\/vn\/wp-json\/wp\/v2\/media\/2354"}],"wp:attachment":[{"href":"https:\/\/tonkincraft.vn\/vn\/wp-json\/wp\/v2\/media?parent=2094"}],"wp:term":[{"taxonomy":"product_brand","embeddable":true,"href":"https:\/\/tonkincraft.vn\/vn\/wp-json\/wp\/v2\/product_brand?post=2094"},{"taxonomy":"product_cat","embeddable":true,"href":"https:\/\/tonkincraft.vn\/vn\/wp-json\/wp\/v2\/product_cat?post=2094"},{"taxonomy":"product_tag","embeddable":true,"href":"https:\/\/tonkincraft.vn\/vn\/wp-json\/wp\/v2\/product_tag?post=2094"}],"curies":[{"name":"wp","href":"https:\/\/api.w.org\/{rel}","templated":true}]}}