{"id":2093,"date":"2022-09-15T12:50:52","date_gmt":"2022-09-15T05:50:52","guid":{"rendered":"https:\/\/tonkincraft.vn\/vn\/?post_type=product&#038;p=2093"},"modified":"2025-10-10T22:52:32","modified_gmt":"2025-10-10T15:52:32","slug":"tranh-dong-cham-noi-thap-rua-size-nho-tranh-dong-ho-guom","status":"publish","type":"product","link":"https:\/\/tonkincraft.vn\/vn\/product\/tranh-dong-cham-noi-thap-rua-size-nho-tranh-dong-ho-guom\/","title":{"rendered":"Tranh \u0110\u1ed3ng Ch\u1ea1m N\u1ed5i Th\u00e1p R\u00f9a, H\u1ed3 g\u01b0\u01a1m"},"content":{"rendered":"<p data-start=\"0\" data-end=\"89\"><strong data-start=\"0\" data-end=\"87\">Tranh \u0110\u1ed3ng Ch\u1ea1m N\u1ed5i Th\u00e1p R\u00f9a \u2013 Bi\u1ec3u t\u01b0\u1ee3ng c\u1ee7a tinh th\u1ea7n d\u00e2n t\u1ed9c, tr\u00ed tu\u1ec7 v\u00e0 b\u00ecnh an<\/strong><\/p>\n<p data-start=\"91\" data-end=\"352\">L\u1ea5y c\u1ea3m h\u1ee9ng t\u1eeb <strong data-start=\"107\" data-end=\"169\">Th\u00e1p R\u00f9a \u2013 bi\u1ec3u t\u01b0\u1ee3ng v\u0103n h\u00f3a v\u00e0 l\u1ecbch s\u1eed gi\u1eefa l\u00f2ng H\u1ed3 G\u01b0\u01a1m<\/strong>, b\u1ee9c <strong data-start=\"175\" data-end=\"207\">Tranh \u0110\u1ed3ng Ch\u1ea1m N\u1ed5i Th\u00e1p R\u00f9a<\/strong> t\u00e1i hi\u1ec7n v\u1ebb \u0111\u1eb9p <strong data-start=\"224\" data-end=\"246\">c\u1ed5 k\u00ednh, thanh tao<\/strong> c\u1ee7a m\u1ed9t bi\u1ec3u t\u01b0\u1ee3ng thi\u00eang li\u00eang, n\u01a1i g\u1eafn li\u1ec1n v\u1edbi truy\u1ec1n thuy\u1ebft d\u00e2n gian v\u00e0 ni\u1ec1m t\u1ef1 h\u00e0o c\u1ee7a ng\u01b0\u1eddi Vi\u1ec7t.<\/p>\n<p data-start=\"354\" data-end=\"625\">Tr\u00ean n\u1ec1n <strong data-start=\"363\" data-end=\"388\">\u0111\u1ed3ng v\u00e0ng nguy\u00ean ch\u1ea5t<\/strong>, t\u1eebng chi ti\u1ebft <strong data-start=\"404\" data-end=\"456\">th\u00e1p, h\u1ed3 n\u01b0\u1edbc, c\u00e2y c\u1ed5 th\u1ee5 v\u00e0 c\u1ea3nh v\u1eadt xung quanh<\/strong> \u0111\u01b0\u1ee3c <strong data-start=\"462\" data-end=\"489\">ch\u1ea1m n\u1ed5i t\u1ec9 m\u1ec9 th\u1ee7 c\u00f4ng<\/strong> b\u1edfi ngh\u1ec7 nh\u00e2n Tonkin Craft, t\u1ea1o hi\u1ec7u \u1ee9ng \u00e1nh s\u00e1ng s\u1ed1ng \u0111\u1ed9ng, v\u1eeba c\u1ed5 \u0111i\u1ec3n v\u1eeba thanh l\u1ecbch, mang \u0111\u1ebfn c\u1ea3m gi\u00e1c <strong data-start=\"597\" data-end=\"622\">b\u00ecnh y\u00ean v\u00e0 tr\u1ea7m t\u0129nh<\/strong>.<\/p>\n<p data-start=\"627\" data-end=\"654\">\ud83c\udf3f <strong data-start=\"630\" data-end=\"652\">C\u1ea3m h\u1ee9ng &amp; \u00fd ngh\u0129a<\/strong><\/p>\n<ul data-start=\"655\" data-end=\"959\">\n<li data-start=\"655\" data-end=\"745\">\n<p data-start=\"657\" data-end=\"745\"><strong data-start=\"657\" data-end=\"669\">Th\u00e1p R\u00f9a<\/strong>: bi\u1ec3u t\u01b0\u1ee3ng c\u1ee7a <strong data-start=\"686\" data-end=\"742\">tr\u00ed tu\u1ec7, tinh th\u1ea7n ki\u00ean c\u01b0\u1eddng v\u00e0 l\u00f2ng t\u1ef1 h\u00e0o d\u00e2n t\u1ed9c<\/strong>.<\/p>\n<\/li>\n<li data-start=\"746\" data-end=\"959\">\n<p data-start=\"748\" data-end=\"959\"><strong data-start=\"748\" data-end=\"759\">H\u1ed3 G\u01b0\u01a1m<\/strong>: g\u1ee3i nh\u1edb truy\u1ec1n thuy\u1ebft l\u1ecbch s\u1eed, t\u01b0\u1ee3ng tr\u01b0ng cho <strong data-start=\"808\" data-end=\"855\">b\u00ecnh an, tr\u01b0\u1eddng t\u1ed3n v\u00e0 gi\u00e1 tr\u1ecb v\u0103n h\u00f3a Vi\u1ec7t<\/strong>.<br data-start=\"856\" data-end=\"859\" \/>Chi\u1ebfc tranh l\u00e0 l\u1eddi nh\u1eafc nh\u1edf v\u1ec1 <strong data-start=\"890\" data-end=\"940\">ngu\u1ed3n c\u1ed9i, tinh th\u1ea7n d\u00e2n t\u1ed9c v\u00e0 \u00fd ch\u00ed v\u01b0\u01a1n l\u00ean<\/strong> trong cu\u1ed9c s\u1ed1ng.<\/p>\n<\/li>\n<\/ul>\n<p data-start=\"961\" data-end=\"995\">\u2692\ufe0f <strong data-start=\"964\" data-end=\"993\">Ch\u1ebf t\u00e1c th\u1ee7 c\u00f4ng tinh x\u1ea3o<\/strong><\/p>\n<ul data-start=\"996\" data-end=\"1326\">\n<li data-start=\"996\" data-end=\"1138\">\n<p data-start=\"998\" data-end=\"1138\">Th\u1ef1c hi\u1ec7n <strong data-start=\"1008\" data-end=\"1025\">100% th\u1ee7 c\u00f4ng<\/strong> b\u1edfi ngh\u1ec7 nh\u00e2n Tonkin Craft: t\u1eeb <strong data-start=\"1057\" data-end=\"1135\">ch\u1ecdn \u0111\u1ed3ng, t\u1ea1o n\u1ec1n, g\u00f2 n\u1ed5i, ch\u1ea1m kh\u1eafc chi ti\u1ebft \u0111\u1ebfn x\u1eed l\u00fd \u00e1nh \u0111\u1ed3ng t\u1ef1 nhi\u00ean<\/strong>.<\/p>\n<\/li>\n<li data-start=\"1139\" data-end=\"1252\">\n<p data-start=\"1141\" data-end=\"1252\">Kh\u00f4ng khu\u00f4n \u0111\u00fac, kh\u00f4ng c\u00f4ng nghi\u1ec7p \u2013 m\u1ed7i t\u00e1c ph\u1ea9m l\u00e0 <strong data-start=\"1194\" data-end=\"1205\">\u0111\u1ed9c b\u1ea3n<\/strong>, l\u01b0u gi\u1eef h\u1ed3n ngh\u1ec1 g\u00f2 ch\u1ea1m truy\u1ec1n th\u1ed1ng Vi\u1ec7t.<\/p>\n<\/li>\n<li data-start=\"1253\" data-end=\"1326\">\n<p data-start=\"1255\" data-end=\"1326\">\u0110\u1ed3ng \u0111\u01b0\u1ee3c x\u1eed l\u00fd \u0111\u1ec3 gi\u1eef \u00e1nh v\u00e0ng tr\u1ea7m c\u1ed5 \u0111i\u1ec3n, b\u1ec1n \u0111\u1eb9p theo th\u1eddi gian.<\/p>\n<\/li>\n<\/ul>\n<p data-start=\"1328\" data-end=\"1618\">\ud83c\udfa8 <strong data-start=\"1331\" data-end=\"1355\">\u1ee8ng d\u1ee5ng &amp; tr\u01b0ng b\u00e0y<\/strong><br data-start=\"1355\" data-end=\"1358\" \/>Ph\u00f9 h\u1ee3p tr\u01b0ng b\u00e0y trong <strong data-start=\"1382\" data-end=\"1437\">ph\u00f2ng kh\u00e1ch, ph\u00f2ng l\u00e0m vi\u1ec7c ho\u1eb7c kh\u00f4ng gian v\u0103n h\u00f3a<\/strong>, t\u1ea1o \u0111i\u1ec3m nh\u1ea5n sang tr\u1ecdng v\u00e0 \u00fd ngh\u0129a.<br data-start=\"1475\" data-end=\"1478\" \/>L\u00e0 <strong data-start=\"1481\" data-end=\"1500\">m\u00f3n qu\u00e0 cao c\u1ea5p<\/strong>, th\u00edch h\u1ee3p d\u00e0nh t\u1eb7ng \u0111\u1ed1i t\u00e1c, kh\u00e1ch h\u00e0ng, ng\u01b0\u1eddi th\u00e2n \u2013 t\u01b0\u1ee3ng tr\u01b0ng cho <strong data-start=\"1572\" data-end=\"1615\">tr\u00ed tu\u1ec7, b\u00ecnh an v\u00e0 ni\u1ec1m t\u1ef1 h\u00e0o d\u00e2n t\u1ed9c<\/strong>.<\/p>\n<p data-start=\"1620\" data-end=\"1650\">\u2728 <strong data-start=\"1622\" data-end=\"1648\">\u0110\u1eb7c tr\u01b0ng Tonkin Craft<\/strong><\/p>\n<ul data-start=\"1651\" data-end=\"1884\">\n<li data-start=\"1651\" data-end=\"1693\">\n<p data-start=\"1653\" data-end=\"1693\">Th\u1ee7 c\u00f4ng ho\u00e0n to\u00e0n, \u0111\u1ed9c b\u1ea3n, b\u1ec1n v\u1eefng.<\/p>\n<\/li>\n<li data-start=\"1694\" data-end=\"1780\">\n<p data-start=\"1696\" data-end=\"1780\">K\u1ebft h\u1ee3p ngh\u1ec7 thu\u1eadt truy\u1ec1n th\u1ed1ng v\u00e0 th\u1ea9m m\u1ef9 hi\u1ec7n \u0111\u1ea1i, mang gi\u00e1 tr\u1ecb v\u0103n h\u00f3a l\u00e2u d\u00e0i.<\/p>\n<\/li>\n<li data-start=\"1781\" data-end=\"1884\">\n<p data-start=\"1783\" data-end=\"1884\">M\u1ed7i s\u1ea3n ph\u1ea9m l\u00e0 <strong data-start=\"1799\" data-end=\"1829\">t\u00e1c ph\u1ea9m v\u0103n h\u00f3a s\u1ed1ng \u0111\u1ed9ng<\/strong>, kh\u00f4ng ch\u1ec9 trang tr\u00ed m\u00e0 c\u00f2n l\u00e0 bi\u1ec3u t\u01b0\u1ee3ng tinh th\u1ea7n.<\/p>\n<\/li>\n<\/ul>\n<p data-start=\"1886\" data-end=\"2023\">\ud83d\udd38 <strong data-start=\"1889\" data-end=\"1912\">Ch\u1ea5t l\u01b0\u1ee3ng &amp; \u0111\u1ed9 b\u1ec1n<\/strong><br data-start=\"1912\" data-end=\"1915\" \/>\u0110\u1ed3ng Tonkin Craft c\u00e0ng d\u00f9ng c\u00e0ng \u0111\u1eb9p, \u00e1nh v\u00e0ng tr\u1ea7m \u1ea5m t\u1ef1 nhi\u00ean, t\u1ea1o chi\u1ec1u s\u00e2u c\u1ed5 \u0111i\u1ec3n v\u00e0 gi\u00e1 tr\u1ecb l\u00e2u d\u00e0i.<\/p>\n<p data-start=\"2025\" data-end=\"2171\">\ud83d\udca7 <strong data-start=\"2028\" data-end=\"2040\">B\u1ea3o qu\u1ea3n<\/strong><br data-start=\"2040\" data-end=\"2043\" \/>Lau nh\u1eb9 b\u1eb1ng kh\u0103n m\u1ec1m, tr\u00e1nh h\u00f3a ch\u1ea5t m\u1ea1nh v\u00e0 \u0111\u1ed9 \u1ea9m cao.<br data-start=\"2099\" data-end=\"2102\" \/>B\u1ea3o qu\u1ea3n n\u01a1i kh\u00f4 r\u00e1o, tho\u00e1ng m\u00e1t \u0111\u1ec3 gi\u1eef \u0111\u1ed9 b\u1ec1n v\u00e0 m\u00e0u s\u1eafc t\u1ef1 nhi\u00ean.<\/p>\n<p data-start=\"2173\" data-end=\"2394\" data-is-last-node=\"\" data-is-only-node=\"\">\ud83c\udf3f<br data-start=\"2175\" data-end=\"2178\" \/><strong data-start=\"2178\" data-end=\"2210\">Tranh \u0110\u1ed3ng Ch\u1ea1m N\u1ed5i Th\u00e1p R\u00f9a<\/strong> \u2013 t\u00e1c ph\u1ea9m ngh\u1ec7 thu\u1eadt th\u1ee7 c\u00f4ng tinh x\u1ea3o, <strong data-start=\"2252\" data-end=\"2289\">kh\u00f4ng ch\u1ec9 l\u00e0 trang tr\u00ed sang tr\u1ecdng<\/strong>, m\u00e0 c\u00f2n l\u00e0 <strong data-start=\"2301\" data-end=\"2343\">bi\u1ec3u t\u01b0\u1ee3ng v\u0103n h\u00f3a, tr\u00ed tu\u1ec7 v\u00e0 b\u00ecnh an<\/strong>, g\u1eedi g\u1eafm qua \u0111\u00f4i tay ng\u01b0\u1eddi ngh\u1ec7 nh\u00e2n Tonkin Craft.<\/p>\n","protected":false},"excerpt":{"rendered":"<p>Tranh \u0111\u1ed3ng ch\u1ea1m n\u1ed5i Th\u00e1p R\u00f9a theo y\u00eau c\u1ea7u m\u1ed9c m\u1ea1c, \u0111\u1ed9c l\u1ea1, \u0111\u01a1n gi\u1ea3n, \u0111\u1ed3ng v\u00e0ng theo th\u1eddi gian. S\u1ea3n ph\u1ea9m \u0111\u01b0\u1ee3c ch\u1ebf t\u00e1c c\u1ef1c k\u1ef3 tinh x\u1ea3o tr\u00ean ch\u1ea5t li\u1ec7u \u0111\u1ed3ng \u0111\u1ecf v\u00e0 thau \u0111\u00f2i h\u1ecfi s\u1ef1 t\u1ec9 m\u1ec9 cao trong t\u1eebng \u0111\u01b0\u1eddng n\u00e9t b\u1edfi c\u00e1c ngh\u1ec7 nh\u00e2n.<\/p>\n<p>Th\u00f4ng tin chi ti\u1ebft SP:<\/p>\n<p>&#8211; Ch\u1ea5t li\u1ec7u: \u0110\u1ed3ng \u0111\u1ecf, thau nguy\u00ean ch\u1ea5t<\/p>\n<p>&#8211; K\u00edch th\u01b0\u1edbc: ( chi\u1ec1u d\u00e0i x chi\u1ec1u r\u1ed9ng): size S: 21x16cm<\/p>\n<p>&#8211; Nh\u1eadn l\u00e0m theo m\u1eabu, k\u00edch th\u01b0\u1edbc y\u00eau c\u1ea7u<\/p>\n<p>&#8212;&#8212;&#8212;&#8212;&#8211;<\/p>\n<div dir=\"auto\">\u0110\u1ed3 \u0111\u1ed3ng c\u1ee7a Tonkin Craft \u0111\u00e3 \u0111\u01b0\u1ee3c nghi\u00ean c\u1ee9u, c\u1ea3i ti\u1ebfn m\u1eabu m\u00e3 r\u1ea5t nhi\u1ec1u sao cho \u0111\u01a1n gi\u1ea3n, tinh t\u1ebf v\u00e0 d\u1ec5 d\u00e0ng ph\u00f9 h\u1ee3p v\u1edbi cu\u1ed9c s\u1ed1ng hi\u1ec7n \u0111\u1ea1i.<\/div>\n<div dir=\"auto\">\u0110\u1ed3 \u0111\u1ed3ng s\u1ebd xu\u1ed1ng m\u00e0u theo th\u1eddi gian, v\u00e0 v\u1eabn mang m\u1ed9t v\u1ebb \u0111\u1eb9p \u0111\u1eb7c tr\u01b0ng d\u00f9 kh\u00f4ng s\u00e1ng b\u00f3ng v\u00e0ng nh\u01b0 m\u1edbi. B\u1ea1n c\u00f3 th\u1ec3 \u0111\u00e1nh l\u1ea1i \u0111\u1ed3 \u0111\u1ed3ng b\u1eb1ng chanh ho\u1eb7c gi\u1ea5m \u0111\u1ec3 \u0111\u1ed3 \u0111\u1ed3ng s\u00e1ng h\u01a1n.<\/div>\n","protected":false},"featured_media":2077,"comment_status":"open","ping_status":"closed","template":"","meta":[],"product_brand":[],"product_cat":[146],"product_tag":[72,76,161,148,150,265,264,159,147,149],"class_list":{"0":"post-2093","1":"product","2":"type-product","3":"status-publish","4":"has-post-thumbnail","6":"product_cat-tranh-dong","7":"product_tag-do-dong-noi-that","8":"product_tag-do-dong-thu-cong","9":"product_tag-la-sen","10":"product_tag-tranh-dong","11":"product_tag-tranh-dong-cham-noi","12":"product_tag-tranh-dong-van-mieu","13":"product_tag-tranh-khue-van-cac","14":"product_tag-tranh-phong-thuy","15":"product_tag-tranh-sen","16":"product_tag-tranh-tuong-decor","18":"first","19":"instock","20":"shipping-taxable","21":"product-type-simple"},"aioseo_notices":[],"_links":{"self":[{"href":"https:\/\/tonkincraft.vn\/vn\/wp-json\/wp\/v2\/product\/2093","targetHints":{"allow":["GET"]}}],"collection":[{"href":"https:\/\/tonkincraft.vn\/vn\/wp-json\/wp\/v2\/product"}],"about":[{"href":"https:\/\/tonkincraft.vn\/vn\/wp-json\/wp\/v2\/types\/product"}],"replies":[{"embeddable":true,"href":"https:\/\/tonkincraft.vn\/vn\/wp-json\/wp\/v2\/comments?post=2093"}],"wp:featuredmedia":[{"embeddable":true,"href":"https:\/\/tonkincraft.vn\/vn\/wp-json\/wp\/v2\/media\/2077"}],"wp:attachment":[{"href":"https:\/\/tonkincraft.vn\/vn\/wp-json\/wp\/v2\/media?parent=2093"}],"wp:term":[{"taxonomy":"product_brand","embeddable":true,"href":"https:\/\/tonkincraft.vn\/vn\/wp-json\/wp\/v2\/product_brand?post=2093"},{"taxonomy":"product_cat","embeddable":true,"href":"https:\/\/tonkincraft.vn\/vn\/wp-json\/wp\/v2\/product_cat?post=2093"},{"taxonomy":"product_tag","embeddable":true,"href":"https:\/\/tonkincraft.vn\/vn\/wp-json\/wp\/v2\/product_tag?post=2093"}],"curies":[{"name":"wp","href":"https:\/\/api.w.org\/{rel}","templated":true}]}}