{"id":2033,"date":"2022-09-14T00:51:19","date_gmt":"2022-09-13T17:51:19","guid":{"rendered":"https:\/\/tonkincraft.vn\/vn\/?post_type=product&#038;p=2033"},"modified":"2025-10-10T22:23:34","modified_gmt":"2025-10-10T15:23:34","slug":"nhan-dong-hinh-la-oak-thu-cong-sao-chep","status":"publish","type":"product","link":"https:\/\/tonkincraft.vn\/vn\/product\/nhan-dong-hinh-la-oak-thu-cong-sao-chep\/","title":{"rendered":"Nh\u1eabn \u0110\u1ed3ng Hoa Calla Lily Th\u1ee7 C\u00f4ng"},"content":{"rendered":"<article class=\"text-token-text-primary w-full focus:outline-none [--shadow-height:45px] has-data-writing-block:pointer-events-none has-data-writing-block:-mt-(--shadow-height) has-data-writing-block:pt-(--shadow-height) [&amp;:has([data-writing-block])&gt;*]:pointer-events-auto [content-visibility:auto] supports-[content-visibility:auto]:[contain-intrinsic-size:auto_100lvh] scroll-mt-[calc(var(--header-height)+min(200px,max(70px,20svh)))]\" dir=\"auto\" tabindex=\"-1\" data-turn-id=\"request-68e68ec7-8804-8320-808a-e3ebc72c4d84-23\" data-testid=\"conversation-turn-90\" data-scroll-anchor=\"true\" data-turn=\"assistant\">\n<div class=\"text-base my-auto mx-auto pb-10 [--thread-content-margin:--spacing(4)] thread-sm:[--thread-content-margin:--spacing(6)] thread-lg:[--thread-content-margin:--spacing(16)] px-(--thread-content-margin)\">\n<div class=\"[--thread-content-max-width:40rem] thread-lg:[--thread-content-max-width:48rem] mx-auto max-w-(--thread-content-max-width) flex-1 group\/turn-messages focus-visible:outline-hidden relative flex w-full min-w-0 flex-col agent-turn\" tabindex=\"-1\">\n<div class=\"flex max-w-full flex-col grow\">\n<div class=\"min-h-8 text-message relative flex w-full flex-col items-end gap-2 text-start break-words whitespace-normal [.text-message+&amp;]:mt-5\" dir=\"auto\" data-message-author-role=\"assistant\" data-message-id=\"6d33bebe-e0e3-4acc-88ad-ca924daab30e\" data-message-model-slug=\"gpt-5\">\n<div class=\"flex w-full flex-col gap-1 empty:hidden first:pt-[1px]\">\n<div class=\"markdown prose dark:prose-invert w-full break-words light markdown-new-styling\">\n<p data-start=\"0\" data-end=\"70\"><strong data-start=\"0\" data-end=\"68\">Nh\u1eabn \u0110\u1ed3ng Ch\u1ea1m Hoa Calla Lily \u2013 Thanh tao, tinh khi\u1ebft v\u00e0 n\u1eef t\u00ednh<\/strong><\/p>\n<p data-start=\"72\" data-end=\"342\">L\u1ea5y c\u1ea3m h\u1ee9ng t\u1eeb <strong data-start=\"88\" data-end=\"116\">hoa Calla Lily (hoa rum)<\/strong> \u2013 bi\u1ec3u t\u01b0\u1ee3ng c\u1ee7a <strong data-start=\"134\" data-end=\"201\">v\u1ebb \u0111\u1eb9p thanh khi\u1ebft, t\u00ecnh y\u00eau ch\u00e2n th\u00e0nh v\u00e0 l\u00f2ng bi\u1ebft \u01a1n s\u00e2u s\u1eafc<\/strong>, chi\u1ebfc <strong data-start=\"209\" data-end=\"242\">Nh\u1eabn \u0110\u1ed3ng Ch\u1ea1m Hoa Calla Lily<\/strong> l\u00e0 s\u1ef1 k\u1ebft h\u1ee3p tinh t\u1ebf gi\u1eefa <strong data-start=\"270\" data-end=\"306\">ngh\u1ec7 thu\u1eadt th\u1ee7 c\u00f4ng truy\u1ec1n th\u1ed1ng<\/strong> v\u00e0 <strong data-start=\"310\" data-end=\"339\">v\u1ebb \u0111\u1eb9p hi\u1ec7n \u0111\u1ea1i, t\u1ed1i gi\u1ea3n<\/strong>.<\/p>\n<p data-start=\"344\" data-end=\"585\">\u0110\u01b0\u1ee3c <strong data-start=\"349\" data-end=\"379\">ch\u1ebf t\u00e1c ho\u00e0n to\u00e0n b\u1eb1ng tay<\/strong> t\u1eeb <strong data-start=\"383\" data-end=\"408\">\u0111\u1ed3ng v\u00e0ng nguy\u00ean ch\u1ea5t<\/strong>, t\u1eebng c\u00e1nh hoa \u0111\u01b0\u1ee3c <strong data-start=\"429\" data-end=\"446\">g\u00f2 ch\u1ea1m t\u1ec9 m\u1ec9<\/strong>, u\u1ed1n l\u01b0\u1ee3n m\u1ec1m m\u1ea1i nh\u01b0 \u0111ang h\u00e9 n\u1edf. \u00c1nh \u0111\u1ed3ng m\u1edd nh\u1eb9 nh\u00e0ng ph\u1ea3n chi\u1ebfu \u00e1nh s\u00e1ng, t\u00f4n l\u00ean v\u1ebb sang tr\u1ecdng, thanh l\u1ecbch v\u00e0 n\u1eef t\u00ednh c\u1ee7a ng\u01b0\u1eddi \u0111eo.<\/p>\n<p data-start=\"587\" data-end=\"885\">\ud83c\udf38 <strong data-start=\"590\" data-end=\"612\">C\u1ea3m h\u1ee9ng &amp; \u00dd ngh\u0129a<\/strong><br data-start=\"612\" data-end=\"615\" \/>Hoa Calla Lily t\u01b0\u1ee3ng tr\u01b0ng cho <strong data-start=\"646\" data-end=\"700\">s\u1ef1 tinh kh\u00f4i, bi\u1ebft \u01a1n v\u00e0 v\u1ebb \u0111\u1eb9p gi\u1ea3n d\u1ecb m\u00e0 s\u00e2u s\u1eafc<\/strong> \u2013 l\u00e0 h\u00ecnh \u1ea3nh ng\u01b0\u1eddi ph\u1ee5 n\u1eef <strong data-start=\"728\" data-end=\"764\">d\u1ecbu d\u00e0ng, t\u1ef1 tin v\u00e0 \u0111\u1ea7y b\u1ea3n l\u0129nh<\/strong>.<br data-start=\"765\" data-end=\"768\" \/>Chi\u1ebfc nh\u1eabn mang n\u0103ng l\u01b0\u1ee3ng <strong data-start=\"795\" data-end=\"818\">an l\u00e0nh, thanh t\u1ecbnh<\/strong>, nh\u01b0 m\u1ed9t <strong data-start=\"828\" data-end=\"863\">l\u1eddi ch\u00fac b\u00ecnh y\u00ean v\u00e0 y\u00eau th\u01b0\u01a1ng<\/strong> d\u00e0nh cho ng\u01b0\u1eddi \u0111eo.<\/p>\n<p data-start=\"887\" data-end=\"916\">\ud83d\udc57 <strong data-start=\"890\" data-end=\"914\">Ph\u1ed1i c\u00f9ng trang ph\u1ee5c<\/strong><\/p>\n<ul data-start=\"917\" data-end=\"1189\">\n<li data-start=\"917\" data-end=\"993\">\n<p data-start=\"919\" data-end=\"993\"><strong data-start=\"919\" data-end=\"955\">Phong c\u00e1ch thanh l\u1ecbch, t\u1ef1 nhi\u00ean:<\/strong> T\u1ea1o \u0111i\u1ec3m nh\u1ea5n nh\u1eb9 nh\u00e0ng m\u00e0 tinh t\u1ebf.<\/p>\n<\/li>\n<li data-start=\"994\" data-end=\"1086\">\n<p data-start=\"996\" data-end=\"1086\"><strong data-start=\"996\" data-end=\"1048\">K\u1ebft h\u1ee3p v\u1edbi khuy\u00ean tai ho\u1eb7c v\u00f2ng tay Calla Lily:<\/strong> Ho\u00e0n thi\u1ec7n v\u1ebb \u0111\u1eb9p h\u00e0i h\u00f2a, n\u1eef t\u00ednh.<\/p>\n<\/li>\n<li data-start=\"1087\" data-end=\"1189\">\n<p data-start=\"1089\" data-end=\"1189\"><strong data-start=\"1089\" data-end=\"1126\">Trang ph\u1ee5c t\u1ed1i gi\u1ea3n ho\u1eb7c c\u1ed5 \u0111i\u1ec3n:<\/strong> L\u00e0m n\u1ed5i b\u1eadt \u00e1nh v\u00e0ng m\u1ec1m c\u1ee7a \u0111\u1ed3ng v\u00e0 \u0111\u01b0\u1eddng n\u00e9t hoa tinh x\u1ea3o.<\/p>\n<\/li>\n<\/ul>\n<p data-start=\"1191\" data-end=\"1460\">\u2692\ufe0f <strong data-start=\"1194\" data-end=\"1223\">Ch\u1ebf t\u00e1c th\u1ee7 c\u00f4ng tinh x\u1ea3o<\/strong><br data-start=\"1223\" data-end=\"1226\" \/>M\u1ed7i chi\u1ebfc nh\u1eabn \u0111\u01b0\u1ee3c <strong data-start=\"1246\" data-end=\"1290\">g\u00f2, ch\u1ea1m v\u00e0 \u0111\u00e1nh b\u00f3ng ho\u00e0n to\u00e0n th\u1ee7 c\u00f4ng<\/strong>, kh\u00f4ng d\u00f9ng khu\u00f4n \u0111\u00fac, gi\u1eef tr\u1ecdn v\u1eb9n <strong data-start=\"1327\" data-end=\"1374\">v\u1ebb s\u1ed1ng \u0111\u1ed9ng v\u00e0 c\u1ea3m x\u00fac c\u1ee7a ng\u01b0\u1eddi ngh\u1ec7 nh\u00e2n<\/strong>.<br data-start=\"1375\" data-end=\"1378\" \/>B\u1edfi v\u1eady, <strong data-start=\"1387\" data-end=\"1424\">m\u1ed7i chi\u1ebfc l\u00e0 m\u1ed9t t\u00e1c ph\u1ea9m \u0111\u1ed9c b\u1ea3n<\/strong>, mang h\u1ed3n ri\u00eang v\u00e0 c\u00e1 t\u00ednh ri\u00eang.<\/p>\n<p data-start=\"1462\" data-end=\"1650\">\ud83c\udf81 <strong data-start=\"1465\" data-end=\"1488\">\u1ee8ng d\u1ee5ng &amp; Qu\u00e0 t\u1eb7ng<\/strong><br data-start=\"1488\" data-end=\"1491\" \/>Ph\u00f9 h\u1ee3p l\u00e0m <strong data-start=\"1503\" data-end=\"1530\">trang s\u1ee9c \u0111eo h\u1eb1ng ng\u00e0y<\/strong> ho\u1eb7c <strong data-start=\"1536\" data-end=\"1596\">qu\u00e0 t\u1eb7ng \u00fd ngh\u0129a cho m\u1eb9, ch\u1ecb, b\u1ea1n g\u00e1i hay ng\u01b0\u1eddi th\u00e2n y\u00eau<\/strong>, g\u1eedi g\u1eafm <strong data-start=\"1606\" data-end=\"1647\">t\u00ecnh c\u1ea3m, l\u00f2ng bi\u1ebft \u01a1n v\u00e0 s\u1ef1 tr\u00e2n qu\u00fd<\/strong>.<\/p>\n<p data-start=\"1652\" data-end=\"1854\" data-is-last-node=\"\" data-is-only-node=\"\">\u2728<br data-start=\"1653\" data-end=\"1656\" \/><strong data-start=\"1656\" data-end=\"1689\">Nh\u1eabn \u0110\u1ed3ng Ch\u1ea1m Hoa Calla Lily<\/strong> kh\u00f4ng ch\u1ec9 l\u00e0 m\u00f3n trang s\u1ee9c tinh x\u1ea3o, m\u00e0 c\u00f2n l\u00e0 <strong data-start=\"1737\" data-end=\"1796\">bi\u1ec3u t\u01b0\u1ee3ng c\u1ee7a v\u1ebb \u0111\u1eb9p thu\u1ea7n khi\u1ebft v\u00e0 t\u00e2m h\u1ed3n thanh th\u1ea3n<\/strong>, \u0111\u01b0\u1ee3c Tonkin Craft th\u1ed5i h\u1ed3n qua t\u1eebng \u0111\u01b0\u1eddng ch\u1ea1m th\u1ee7 c\u00f4ng.<\/p>\n<\/div>\n<\/div>\n<\/div>\n<\/div>\n<\/div>\n<\/div>\n<\/article>\n","protected":false},"excerpt":{"rendered":"<p data-start=\"63\" data-end=\"284\">L\u1ea5y c\u1ea3m h\u1ee9ng t\u1eeb <strong data-start=\"79\" data-end=\"97\">hoa Calla Lily<\/strong> \u2013 bi\u1ec3u t\u01b0\u1ee3ng c\u1ee7a <strong data-start=\"115\" data-end=\"163\">v\u1ebb \u0111\u1eb9p thu\u1ea7n khi\u1ebft, t\u00ecnh y\u00eau v\u00e0 l\u00f2ng bi\u1ebft \u01a1n<\/strong>, chi\u1ebfc nh\u1eabn \u0111\u01b0\u1ee3c <strong data-start=\"181\" data-end=\"226\">ch\u1ebf t\u00e1c th\u1ee7 c\u00f4ng t\u1eeb \u0111\u1ed3ng v\u00e0ng nguy\u00ean ch\u1ea5t<\/strong>, v\u1edbi c\u00e1nh hoa u\u1ed1n l\u01b0\u1ee3n m\u1ec1m m\u1ea1i, \u00e1nh \u0111\u1ed3ng m\u1edd sang tr\u1ecdng.<\/p>\n<p data-start=\"286\" data-end=\"475\" data-is-last-node=\"\" data-is-only-node=\"\">Thi\u1ebft k\u1ebf <strong data-start=\"295\" data-end=\"329\">n\u1eef t\u00ednh, thanh l\u1ecbch v\u00e0 tinh t\u1ebf<\/strong>, ph\u00f9 h\u1ee3p v\u1edbi nhi\u1ec1u phong c\u00e1ch, l\u00e0 <strong data-start=\"364\" data-end=\"421\">m\u00f3n qu\u00e0 \u00fd ngh\u0129a d\u00e0nh t\u1eb7ng ng\u01b0\u1eddi ph\u1ee5 n\u1eef b\u1ea1n y\u00eau th\u01b0\u01a1ng<\/strong> \u2013 nh\u01b0 <strong data-start=\"428\" data-end=\"475\" data-is-last-node=\"\">l\u1eddi ch\u00fac b\u00ecnh y\u00ean v\u00e0 y\u00eau th\u01b0\u01a1ng ch\u00e2n th\u00e0nh.<\/strong><\/p>\n<p>Th\u00f4ng tin chi ti\u1ebft SP:<\/p>\n<p>\u2013 Ch\u1ea5t li\u1ec7u: \u0110\u1ed3ng thau, \u0111\u1ed3ng \u0111\u1ecf nguy\u00ean ch\u1ea5t<\/p>\n<p>\u2013 Nh\u1eadn l\u00e0m theo m\u1eabu, k\u00edch th\u01b0\u1edbc y\u00eau c\u1ea7u<\/p>\n<p>Kh\u00e1c bi\u1ec7t v\u1edbi nh\u1eefng m\u1eabu v\u00f2ng hi\u1ec7n \u0111\u1ea1i, v\u00f2ng ki\u1ec1ng l\u00e1 t\u1ea1i Tonkin Craft ch\u00ednh l\u00e0 \u201c\u0111\u1eb7c s\u1ea3n\u201d, l\u00e0m t\u00f4n l\u00ean n\u00e9t \u0111\u1eb9p truy\u1ec1n th\u1ed1ng v\u1ed1n c\u00f3 c\u1ee7a t\u00e0 \u00e1o d\u00e0i, \u00e1o l\u1ee5a. V\u1edbi k\u1ebft c\u1ea5u l\u00e0 chi\u1ebfc ki\u1ec1ng m\u1edf v\u00e0 l\u00e1, l\u00e0m \u0111i\u1ec3m nh\u1ea5n cho trang ph\u1ee5c th\u00eam ph\u1ea7n kh\u00e1c bi\u1ec7t v\u00e0 n\u1ed5i b\u1eadt g\u01b0\u01a1ng m\u1eb7t.<\/p>\n","protected":false},"featured_media":1941,"comment_status":"open","ping_status":"closed","template":"","meta":[],"product_brand":[],"product_cat":[283,277],"product_tag":[237,219,216,220,262,221,218,217,259,260],"class_list":{"0":"post-2033","1":"product","2":"type-product","3":"status-publish","4":"has-post-thumbnail","6":"product_cat-bst-hoa-calla-lily","7":"product_cat-nhan","8":"product_tag-kieng-ao-lua","9":"product_tag-kieng-deo-co","10":"product_tag-kieng-dong","11":"product_tag-kieng-hoa-sen","12":"product_tag-nhan-dong","13":"product_tag-phu-kien-dong","14":"product_tag-vong-co","15":"product_tag-vong-dong","16":"product_tag-vong-tay-dong","17":"product_tag-vong-tay-thu-cong","19":"first","20":"instock","21":"shipping-taxable","22":"product-type-simple"},"aioseo_notices":[],"_links":{"self":[{"href":"https:\/\/tonkincraft.vn\/vn\/wp-json\/wp\/v2\/product\/2033","targetHints":{"allow":["GET"]}}],"collection":[{"href":"https:\/\/tonkincraft.vn\/vn\/wp-json\/wp\/v2\/product"}],"about":[{"href":"https:\/\/tonkincraft.vn\/vn\/wp-json\/wp\/v2\/types\/product"}],"replies":[{"embeddable":true,"href":"https:\/\/tonkincraft.vn\/vn\/wp-json\/wp\/v2\/comments?post=2033"}],"wp:featuredmedia":[{"embeddable":true,"href":"https:\/\/tonkincraft.vn\/vn\/wp-json\/wp\/v2\/media\/1941"}],"wp:attachment":[{"href":"https:\/\/tonkincraft.vn\/vn\/wp-json\/wp\/v2\/media?parent=2033"}],"wp:term":[{"taxonomy":"product_brand","embeddable":true,"href":"https:\/\/tonkincraft.vn\/vn\/wp-json\/wp\/v2\/product_brand?post=2033"},{"taxonomy":"product_cat","embeddable":true,"href":"https:\/\/tonkincraft.vn\/vn\/wp-json\/wp\/v2\/product_cat?post=2033"},{"taxonomy":"product_tag","embeddable":true,"href":"https:\/\/tonkincraft.vn\/vn\/wp-json\/wp\/v2\/product_tag?post=2033"}],"curies":[{"name":"wp","href":"https:\/\/api.w.org\/{rel}","templated":true}]}}