{"id":2032,"date":"2022-09-14T00:48:39","date_gmt":"2022-09-13T17:48:39","guid":{"rendered":"https:\/\/tonkincraft.vn\/vn\/?post_type=product&#038;p=2032"},"modified":"2025-10-10T22:24:41","modified_gmt":"2025-10-10T15:24:41","slug":"nhan-dong-hinh-la-oak-thu-cong","status":"publish","type":"product","link":"https:\/\/tonkincraft.vn\/vn\/product\/nhan-dong-hinh-la-oak-thu-cong\/","title":{"rendered":"Nh\u1eabn \u0110\u1ed3ng Ch\u1ea1m C\u1ecf 4 L\u00e1 Th\u1ee7 C\u00f4ng"},"content":{"rendered":"<p data-start=\"0\" data-end=\"60\"><strong data-start=\"0\" data-end=\"58\">Nh\u1eabn \u0110\u1ed3ng Ch\u1ea1m C\u1ecf B\u1ed1n L\u00e1 \u2013 May m\u1eafn, b\u00ecnh an v\u00e0 tinh t\u1ebf<\/strong><\/p>\n<p data-start=\"62\" data-end=\"355\">L\u1ea5y c\u1ea3m h\u1ee9ng t\u1eeb <strong data-start=\"78\" data-end=\"91\">c\u1ecf b\u1ed1n l\u00e1<\/strong> \u2013 bi\u1ec3u t\u01b0\u1ee3ng c\u1ee7a <strong data-start=\"109\" data-end=\"143\">may m\u1eafn, ni\u1ec1m tin v\u00e0 h\u1ea1nh ph\u00fac<\/strong>, chi\u1ebfc <strong data-start=\"151\" data-end=\"179\">Nh\u1eabn \u0110\u1ed3ng Ch\u1ea1m C\u1ecf B\u1ed1n L\u00e1<\/strong> mang trong m\u00ecnh v\u1ebb \u0111\u1eb9p gi\u1ea3n d\u1ecb m\u00e0 \u0111\u1ea7y \u00fd ngh\u0129a. M\u1ed7i chi\u1ebfc l\u00e1 t\u01b0\u1ee3ng tr\u01b0ng cho <strong data-start=\"256\" data-end=\"299\">ni\u1ec1m tin \u2013 hy v\u1ecdng \u2013 t\u00ecnh y\u00eau \u2013 may m\u1eafn<\/strong>, g\u00f3i tr\u1ecdn nh\u1eefng \u0111i\u1ec1u t\u1ed1t l\u00e0nh nh\u1ea5t g\u1eedi \u0111\u1ebfn ng\u01b0\u1eddi \u0111eo.<\/p>\n<p data-start=\"357\" data-end=\"597\">\u0110\u01b0\u1ee3c <strong data-start=\"362\" data-end=\"392\">ch\u1ebf t\u00e1c ho\u00e0n to\u00e0n th\u1ee7 c\u00f4ng<\/strong> t\u1eeb <strong data-start=\"396\" data-end=\"421\">\u0111\u1ed3ng v\u00e0ng nguy\u00ean ch\u1ea5t<\/strong>, m\u1eb7t nh\u1eabn \u0111\u01b0\u1ee3c <strong data-start=\"437\" data-end=\"454\">g\u00f2 ch\u1ea1m t\u1ec9 m\u1ec9<\/strong> v\u1edbi h\u1ecda ti\u1ebft l\u00e1 m\u1ec1m m\u1ea1i, n\u1ed5i kh\u1ed1i tinh t\u1ebf. \u00c1nh \u0111\u1ed3ng m\u1edd \u1ea5m \u00e1p t\u1ea1o n\u00ean n\u00e9t <strong data-start=\"528\" data-end=\"568\">thanh l\u1ecbch, g\u1ea7n g\u0169i nh\u01b0ng sang tr\u1ecdng<\/strong>, ph\u00f9 h\u1ee3p cho c\u1ea3 nam v\u00e0 n\u1eef.<\/p>\n<p data-start=\"599\" data-end=\"861\">\ud83c\udf40 <strong data-start=\"602\" data-end=\"624\">C\u1ea3m h\u1ee9ng &amp; \u00dd ngh\u0129a<\/strong><br data-start=\"624\" data-end=\"627\" \/>C\u1ecf b\u1ed1n l\u00e1 l\u00e0 <strong data-start=\"640\" data-end=\"675\">bi\u1ec3u t\u01b0\u1ee3ng to\u00e0n c\u1ea7u c\u1ee7a may m\u1eafn<\/strong>, hi\u1ebfm g\u1eb7p v\u00e0 qu\u00fd gi\u00e1 nh\u01b0 nh\u1eefng \u0111i\u1ec1u t\u1ed1t l\u00e0nh trong cu\u1ed9c s\u1ed1ng.<br data-start=\"737\" data-end=\"740\" \/>Chi\u1ebfc nh\u1eabn l\u00e0 <strong data-start=\"754\" data-end=\"785\">l\u1eddi ch\u00fac an l\u00e0nh v\u00e0 may m\u1eafn<\/strong>, \u0111\u1ed3ng th\u1eddi nh\u1eafc nh\u1edf ng\u01b0\u1eddi \u0111eo <strong data-start=\"816\" data-end=\"859\">lu\u00f4n gi\u1eef ni\u1ec1m tin v\u00e0 tr\u00e1i tim t\u00edch c\u1ef1c.<\/strong><\/p>\n<p data-start=\"863\" data-end=\"892\">\ud83d\udc57 <strong data-start=\"866\" data-end=\"890\">Ph\u1ed1i c\u00f9ng trang ph\u1ee5c<\/strong><\/p>\n<ul data-start=\"893\" data-end=\"1167\">\n<li data-start=\"893\" data-end=\"955\">\n<p data-start=\"895\" data-end=\"955\"><strong data-start=\"895\" data-end=\"919\">Trang ph\u1ee5c t\u1ed1i gi\u1ea3n:<\/strong> T\u1ea1o \u0111i\u1ec3m nh\u1ea5n nh\u1eb9 nh\u00e0ng, tinh t\u1ebf.<\/p>\n<\/li>\n<li data-start=\"956\" data-end=\"1076\">\n<p data-start=\"958\" data-end=\"1076\"><strong data-start=\"958\" data-end=\"1013\">K\u1ebft h\u1ee3p v\u1edbi v\u00f2ng tay ho\u1eb7c khuy\u00ean tai c\u00f9ng h\u1ecda ti\u1ebft:<\/strong> T\u1ea1o set trang s\u1ee9c h\u00e0i h\u00f2a, mang \u00fd ngh\u0129a phong th\u1ee7y t\u1ed1t l\u00e0nh.<\/p>\n<\/li>\n<li data-start=\"1077\" data-end=\"1167\">\n<p data-start=\"1079\" data-end=\"1167\"><strong data-start=\"1079\" data-end=\"1113\">Phong c\u00e1ch t\u1ef1 nhi\u00ean, hi\u1ec7n \u0111\u1ea1i:<\/strong> D\u1ec5 ph\u1ed1i, \u0111eo h\u1eb1ng ng\u00e0y ho\u1eb7c trong c\u00e1c d\u1ecbp \u0111\u1eb7c bi\u1ec7t.<\/p>\n<\/li>\n<\/ul>\n<p data-start=\"1169\" data-end=\"1443\">\u2692\ufe0f <strong data-start=\"1172\" data-end=\"1201\">Ch\u1ebf t\u00e1c th\u1ee7 c\u00f4ng tinh x\u1ea3o<\/strong><br data-start=\"1201\" data-end=\"1204\" \/>M\u1ed7i chi\u1ebfc nh\u1eabn \u0111\u01b0\u1ee3c <strong data-start=\"1224\" data-end=\"1268\">g\u00f2 \u2013 ch\u1ea1m \u2013 \u0111\u00e1nh b\u00f3ng ho\u00e0n to\u00e0n b\u1eb1ng tay<\/strong>, kh\u00f4ng qua khu\u00f4n \u0111\u00fac, gi\u1eef l\u1ea1i <strong data-start=\"1299\" data-end=\"1352\">\u0111\u01b0\u1eddng n\u00e9t s\u1ed1ng \u0111\u1ed9ng v\u00e0 d\u1ea5u \u1ea5n ri\u00eang c\u1ee7a ngh\u1ec7 nh\u00e2n<\/strong>.<br data-start=\"1353\" data-end=\"1356\" \/>Nh\u1edd v\u1eady, <strong data-start=\"1365\" data-end=\"1403\">m\u1ed7i chi\u1ebfc l\u00e0 m\u1ed9t phi\u00ean b\u1ea3n \u0111\u1ed9c b\u1ea3n<\/strong>, mang n\u0103ng l\u01b0\u1ee3ng v\u00e0 c\u00e2u chuy\u1ec7n ri\u00eang.<\/p>\n<p data-start=\"1445\" data-end=\"1606\">\ud83c\udf81 <strong data-start=\"1448\" data-end=\"1471\">\u1ee8ng d\u1ee5ng &amp; Qu\u00e0 t\u1eb7ng<\/strong><br data-start=\"1471\" data-end=\"1474\" \/>Chi\u1ebfc nh\u1eabn l\u00e0 <strong data-start=\"1488\" data-end=\"1507\">m\u00f3n qu\u00e0 may m\u1eafn<\/strong> d\u00e0nh cho b\u1ea3n th\u00e2n ho\u1eb7c ng\u01b0\u1eddi b\u1ea1n tr\u00e2n qu\u00fd \u2013 g\u1eedi g\u1eafm <strong data-start=\"1560\" data-end=\"1604\">ni\u1ec1m tin, hy v\u1ecdng v\u00e0 l\u1eddi ch\u00fac h\u1ea1nh ph\u00fac.<\/strong><\/p>\n<p data-start=\"1608\" data-end=\"1834\" data-is-last-node=\"\" data-is-only-node=\"\">\u2728<br data-start=\"1609\" data-end=\"1612\" \/><strong data-start=\"1612\" data-end=\"1640\">Nh\u1eabn \u0110\u1ed3ng Ch\u1ea1m C\u1ecf B\u1ed1n L\u00e1<\/strong> kh\u00f4ng ch\u1ec9 l\u00e0 m\u00f3n trang s\u1ee9c th\u1ee7 c\u00f4ng tinh x\u1ea3o, m\u00e0 c\u00f2n l\u00e0 <strong data-start=\"1697\" data-end=\"1758\">bi\u1ec3u t\u01b0\u1ee3ng c\u1ee7a nh\u1eefng \u0111i\u1ec1u t\u1ed1t l\u00e0nh v\u00e0 n\u0103ng l\u01b0\u1ee3ng t\u00edch c\u1ef1c<\/strong>, \u0111\u01b0\u1ee3c Tonkin Craft g\u1eedi g\u1eafm qua t\u1eebng \u0111\u01b0\u1eddng ch\u1ea1m tinh t\u1ebf c\u1ee7a ng\u01b0\u1eddi ngh\u1ec7 nh\u00e2n.<\/p>\n","protected":false},"excerpt":{"rendered":"<p data-start=\"53\" data-end=\"254\">L\u1ea5y c\u1ea3m h\u1ee9ng t\u1eeb <strong data-start=\"69\" data-end=\"82\">c\u1ecf b\u1ed1n l\u00e1<\/strong> \u2013 bi\u1ec3u t\u01b0\u1ee3ng c\u1ee7a <strong data-start=\"100\" data-end=\"142\">ni\u1ec1m tin, hy v\u1ecdng, t\u00ecnh y\u00eau v\u00e0 may m\u1eafn<\/strong>, chi\u1ebfc nh\u1eabn \u0111\u01b0\u1ee3c <strong data-start=\"160\" data-end=\"205\">ch\u1ebf t\u00e1c th\u1ee7 c\u00f4ng t\u1eeb \u0111\u1ed3ng v\u00e0ng nguy\u00ean ch\u1ea5t<\/strong>, v\u1edbi h\u1ecda ti\u1ebft l\u00e1 m\u1ec1m m\u1ea1i, \u00e1nh \u0111\u1ed3ng m\u1edd tinh t\u1ebf.<\/p>\n<p data-start=\"256\" data-end=\"401\" data-is-last-node=\"\" data-is-only-node=\"\">Thi\u1ebft k\u1ebf <strong data-start=\"265\" data-end=\"287\">gi\u1ea3n d\u1ecb m\u00e0 \u00fd ngh\u0129a<\/strong>, ph\u00f9 h\u1ee3p \u0111eo h\u1eb1ng ng\u00e0y ho\u1eb7c l\u00e0m <strong data-start=\"320\" data-end=\"376\">qu\u00e0 t\u1eb7ng mang l\u1eddi ch\u00fac may m\u1eafn, h\u1ea1nh ph\u00fac v\u00e0 b\u00ecnh an<\/strong> d\u00e0nh cho ng\u01b0\u1eddi th\u00e2n y\u00eau.<\/p>\n<p>Th\u00f4ng tin chi ti\u1ebft SP:<\/p>\n<p>\u2013 Ch\u1ea5t li\u1ec7u: \u0110\u1ed3ng thau, \u0111\u1ed3ng \u0111\u1ecf nguy\u00ean ch\u1ea5t<\/p>\n<p>\u2013 Nh\u1eadn l\u00e0m theo m\u1eabu, k\u00edch th\u01b0\u1edbc y\u00eau c\u1ea7u<\/p>\n<p>Kh\u00e1c bi\u1ec7t v\u1edbi nh\u1eefng m\u1eabu v\u00f2ng hi\u1ec7n \u0111\u1ea1i, v\u00f2ng ki\u1ec1ng l\u00e1 t\u1ea1i Tonkin Craft ch\u00ednh l\u00e0 \u201c\u0111\u1eb7c s\u1ea3n\u201d, l\u00e0m t\u00f4n l\u00ean n\u00e9t \u0111\u1eb9p truy\u1ec1n th\u1ed1ng v\u1ed1n c\u00f3 c\u1ee7a t\u00e0 \u00e1o d\u00e0i, \u00e1o l\u1ee5a. V\u1edbi k\u1ebft c\u1ea5u l\u00e0 chi\u1ebfc ki\u1ec1ng m\u1edf v\u00e0 l\u00e1, l\u00e0m \u0111i\u1ec3m nh\u1ea5n cho trang ph\u1ee5c th\u00eam ph\u1ea7n kh\u00e1c bi\u1ec7t v\u00e0 n\u1ed5i b\u1eadt g\u01b0\u01a1ng m\u1eb7t.<\/p>\n","protected":false},"featured_media":2524,"comment_status":"open","ping_status":"closed","template":"","meta":[],"product_brand":[],"product_cat":[277],"product_tag":[237,219,216,220,262,221,218,217,259,260],"class_list":{"0":"post-2032","1":"product","2":"type-product","3":"status-publish","4":"has-post-thumbnail","6":"product_cat-nhan","7":"product_tag-kieng-ao-lua","8":"product_tag-kieng-deo-co","9":"product_tag-kieng-dong","10":"product_tag-kieng-hoa-sen","11":"product_tag-nhan-dong","12":"product_tag-phu-kien-dong","13":"product_tag-vong-co","14":"product_tag-vong-dong","15":"product_tag-vong-tay-dong","16":"product_tag-vong-tay-thu-cong","18":"first","19":"instock","20":"shipping-taxable","21":"product-type-simple"},"aioseo_notices":[],"_links":{"self":[{"href":"https:\/\/tonkincraft.vn\/vn\/wp-json\/wp\/v2\/product\/2032","targetHints":{"allow":["GET"]}}],"collection":[{"href":"https:\/\/tonkincraft.vn\/vn\/wp-json\/wp\/v2\/product"}],"about":[{"href":"https:\/\/tonkincraft.vn\/vn\/wp-json\/wp\/v2\/types\/product"}],"replies":[{"embeddable":true,"href":"https:\/\/tonkincraft.vn\/vn\/wp-json\/wp\/v2\/comments?post=2032"}],"wp:featuredmedia":[{"embeddable":true,"href":"https:\/\/tonkincraft.vn\/vn\/wp-json\/wp\/v2\/media\/2524"}],"wp:attachment":[{"href":"https:\/\/tonkincraft.vn\/vn\/wp-json\/wp\/v2\/media?parent=2032"}],"wp:term":[{"taxonomy":"product_brand","embeddable":true,"href":"https:\/\/tonkincraft.vn\/vn\/wp-json\/wp\/v2\/product_brand?post=2032"},{"taxonomy":"product_cat","embeddable":true,"href":"https:\/\/tonkincraft.vn\/vn\/wp-json\/wp\/v2\/product_cat?post=2032"},{"taxonomy":"product_tag","embeddable":true,"href":"https:\/\/tonkincraft.vn\/vn\/wp-json\/wp\/v2\/product_tag?post=2032"}],"curies":[{"name":"wp","href":"https:\/\/api.w.org\/{rel}","templated":true}]}}