{"id":2023,"date":"2022-09-14T00:43:51","date_gmt":"2022-09-13T17:43:51","guid":{"rendered":"https:\/\/tonkincraft.vn\/vn\/?post_type=product&#038;p=2023"},"modified":"2025-10-10T22:25:38","modified_gmt":"2025-10-10T15:25:38","slug":"nhan-dong-hinh-con-buom","status":"publish","type":"product","link":"https:\/\/tonkincraft.vn\/vn\/product\/nhan-dong-hinh-con-buom\/","title":{"rendered":"Nh\u1eabn \u0110\u1ed3ng H\u1ed3 \u0110i\u1ec7p C\u00e1nh B\u01b0\u1edbm"},"content":{"rendered":"<p data-start=\"0\" data-end=\"63\"><strong data-start=\"0\" data-end=\"61\">Nh\u1eabn \u0110\u1ed3ng Ch\u1ea1m C\u00e1nh B\u01b0\u1edbm \u2013 T\u1ef1 do, tinh kh\u00f4i v\u00e0 chuy\u1ec3n h\u00f3a<\/strong><\/p>\n<p data-start=\"65\" data-end=\"285\">L\u1ea5y c\u1ea3m h\u1ee9ng t\u1eeb <strong data-start=\"81\" data-end=\"103\">h\u00ecnh \u1ea3nh c\u00e1nh b\u01b0\u1edbm<\/strong> \u2013 bi\u1ec3u t\u01b0\u1ee3ng c\u1ee7a <strong data-start=\"121\" data-end=\"172\">s\u1ef1 chuy\u1ec3n m\u00ecnh, t\u00e1i sinh v\u00e0 t\u1ef1 do trong t\u00e2m h\u1ed3n<\/strong>, chi\u1ebfc <strong data-start=\"180\" data-end=\"208\">Nh\u1eabn \u0110\u1ed3ng Ch\u1ea1m C\u00e1nh B\u01b0\u1edbm<\/strong> l\u00e0 l\u1eddi t\u00f4n vinh v\u1ebb \u0111\u1eb9p nh\u1eb9 nh\u00e0ng, t\u1ef1 tin v\u00e0 \u0111\u1ea7y s\u1ee9c s\u1ed1ng c\u1ee7a ng\u01b0\u1eddi ph\u1ee5 n\u1eef.<\/p>\n<p data-start=\"287\" data-end=\"596\">\u0110\u01b0\u1ee3c <strong data-start=\"292\" data-end=\"337\">ch\u1ebf t\u00e1c th\u1ee7 c\u00f4ng t\u1eeb \u0111\u1ed3ng v\u00e0ng nguy\u00ean ch\u1ea5t<\/strong> b\u1edfi ngh\u1ec7 nh\u00e2n Tonkin Craft, t\u1eebng \u0111\u01b0\u1eddng n\u00e9t c\u00e1nh b\u01b0\u1edbm \u0111\u01b0\u1ee3c <strong data-start=\"396\" data-end=\"435\">g\u00f2 ch\u1ea1m tinh t\u1ebf v\u00e0 u\u1ed1n cong m\u1ec1m m\u1ea1i<\/strong>, t\u1ea1o c\u1ea3m gi\u00e1c nh\u01b0 \u0111\u00f4i c\u00e1nh \u0111ang kh\u1ebd rung trong n\u1eafng. \u00c1nh \u0111\u1ed3ng m\u1edd c\u1ed5 \u0111i\u1ec3n ph\u1ea3n chi\u1ebfu \u00e1nh s\u00e1ng nh\u1eb9, mang \u0111\u1ebfn v\u1ebb \u0111\u1eb9p <strong data-start=\"550\" data-end=\"594\">thanh tho\u00e1t, t\u1ef1 nhi\u00ean m\u00e0 v\u1eabn sang tr\u1ecdng.<\/strong><\/p>\n<p data-start=\"598\" data-end=\"906\">\ud83e\udd8b <strong data-start=\"601\" data-end=\"623\">C\u1ea3m h\u1ee9ng &amp; \u00dd ngh\u0129a<\/strong><br data-start=\"623\" data-end=\"626\" \/>B\u01b0\u1edbm l\u00e0 bi\u1ec3u t\u01b0\u1ee3ng c\u1ee7a <strong data-start=\"649\" data-end=\"695\">s\u1ef1 chuy\u1ec3n h\u00f3a, t\u1ef1 do v\u00e0 v\u1ebb \u0111\u1eb9p c\u1ee7a t\u00e2m h\u1ed3n<\/strong> \u2013 nh\u1eafc nh\u1edf ng\u01b0\u1eddi \u0111eo lu\u00f4n <strong data-start=\"722\" data-end=\"806\">v\u01b0\u01a1n m\u00ecnh, s\u1ed1ng tr\u1ecdn v\u1edbi \u0111am m\u00ea v\u00e0 t\u00ecm th\u1ea5y h\u1ea1nh ph\u00fac trong h\u00e0nh tr\u00ecnh \u0111\u1ed5i thay.<\/strong><br data-start=\"806\" data-end=\"809\" \/>Chi\u1ebfc nh\u1eabn l\u00e0 <strong data-start=\"823\" data-end=\"904\">bi\u1ec3u t\u01b0\u1ee3ng c\u1ee7a kh\u1edfi \u0111\u1ea7u m\u1edbi, c\u1ee7a s\u1ee9c m\u1ea1nh n\u1ed9i t\u00e2m v\u00e0 ni\u1ec1m tin v\u00e0o ch\u00ednh m\u00ecnh.<\/strong><\/p>\n<p data-start=\"908\" data-end=\"937\">\ud83d\udc57 <strong data-start=\"911\" data-end=\"935\">Ph\u1ed1i c\u00f9ng trang ph\u1ee5c<\/strong><\/p>\n<ul data-start=\"938\" data-end=\"1189\">\n<li data-start=\"938\" data-end=\"1009\">\n<p data-start=\"940\" data-end=\"1009\"><strong data-start=\"940\" data-end=\"974\">Phong c\u00e1ch n\u1eef t\u00ednh, nh\u1eb9 nh\u00e0ng:<\/strong> T\u00f4n l\u00ean v\u1ebb d\u1ecbu d\u00e0ng v\u00e0 t\u1ef1 nhi\u00ean.<\/p>\n<\/li>\n<li data-start=\"1010\" data-end=\"1085\">\n<p data-start=\"1012\" data-end=\"1085\"><strong data-start=\"1012\" data-end=\"1052\">Trang ph\u1ee5c t\u1ed1i gi\u1ea3n ho\u1eb7c thanh l\u1ecbch:<\/strong> L\u00e0 \u0111i\u1ec3m nh\u1ea5n m\u1ec1m m\u1ea1i, tinh t\u1ebf.<\/p>\n<\/li>\n<li data-start=\"1086\" data-end=\"1189\">\n<p data-start=\"1088\" data-end=\"1189\"><strong data-start=\"1088\" data-end=\"1135\">K\u1ebft h\u1ee3p v\u1edbi v\u00f2ng ho\u1eb7c khuy\u00ean tai c\u00e1nh b\u01b0\u1edbm:<\/strong> T\u1ea1o t\u1ed5ng th\u1ec3 h\u00e0i h\u00f2a, mang n\u00e9t ngh\u1ec7 thu\u1eadt th\u1ee7 c\u00f4ng.<\/p>\n<\/li>\n<\/ul>\n<p data-start=\"1191\" data-end=\"1446\">\u2692\ufe0f <strong data-start=\"1194\" data-end=\"1223\">Ch\u1ebf t\u00e1c th\u1ee7 c\u00f4ng tinh x\u1ea3o<\/strong><br data-start=\"1223\" data-end=\"1226\" \/>M\u1ed7i chi\u1ebfc nh\u1eabn \u0111\u01b0\u1ee3c <strong data-start=\"1246\" data-end=\"1290\">g\u00f2 \u2013 ch\u1ea1m \u2013 \u0111\u00e1nh b\u00f3ng ho\u00e0n to\u00e0n th\u1ee7 c\u00f4ng<\/strong>, kh\u00f4ng qua khu\u00f4n \u0111\u00fac, gi\u1eef l\u1ea1i <strong data-start=\"1321\" data-end=\"1363\">d\u1ea5u v\u1ebft t\u1ef1 nhi\u00ean c\u1ee7a b\u00e0n tay ngh\u1ec7 nh\u00e2n<\/strong>.<br data-start=\"1364\" data-end=\"1367\" \/>V\u00ec v\u1eady, <strong data-start=\"1375\" data-end=\"1399\">m\u1ed7i chi\u1ebfc l\u00e0 \u0111\u1ed9c b\u1ea3n<\/strong>, mang theo n\u0103ng l\u01b0\u1ee3ng v\u00e0 c\u1ea3m x\u00fac ri\u00eang bi\u1ec7t.<\/p>\n<p data-start=\"1448\" data-end=\"1641\">\ud83c\udf81 <strong data-start=\"1451\" data-end=\"1474\">\u1ee8ng d\u1ee5ng &amp; Qu\u00e0 t\u1eb7ng<\/strong><br data-start=\"1474\" data-end=\"1477\" \/>Ph\u00f9 h\u1ee3p l\u00e0m <strong data-start=\"1489\" data-end=\"1516\">trang s\u1ee9c \u0111eo h\u1eb1ng ng\u00e0y<\/strong> ho\u1eb7c <strong data-start=\"1522\" data-end=\"1574\">qu\u00e0 t\u1eb7ng tinh t\u1ebf cho ng\u01b0\u1eddi ph\u1ee5 n\u1eef b\u1ea1n y\u00eau th\u01b0\u01a1ng<\/strong>, g\u1eedi g\u1eafm <strong data-start=\"1584\" data-end=\"1639\">l\u1eddi ch\u00fac t\u1ef1 do, kh\u1edfi \u0111\u1ea7u m\u1edbi v\u00e0 h\u1ea1nh ph\u00fac vi\u00ean m\u00e3n.<\/strong><\/p>\n<p data-start=\"1643\" data-end=\"1842\" data-is-last-node=\"\" data-is-only-node=\"\">\u2728<br data-start=\"1644\" data-end=\"1647\" \/><strong data-start=\"1647\" data-end=\"1675\">Nh\u1eabn \u0110\u1ed3ng Ch\u1ea1m C\u00e1nh B\u01b0\u1edbm<\/strong> kh\u00f4ng ch\u1ec9 l\u00e0 m\u00f3n trang s\u1ee9c th\u1ee7 c\u00f4ng tinh x\u1ea3o, m\u00e0 c\u00f2n l\u00e0 <strong data-start=\"1732\" data-end=\"1777\">bi\u1ec3u t\u01b0\u1ee3ng c\u1ee7a s\u1ef1 t\u1ef1 do v\u00e0 v\u1ebb \u0111\u1eb9p n\u1ed9i t\u00e2m<\/strong>, n\u01a1i Tonkin Craft g\u1eedi g\u1eafm t\u00e2m h\u1ed3n v\u00e0 tinh hoa ngh\u1ec1 g\u00f2 ch\u1ea1m Vi\u1ec7t.<\/p>\n","protected":false},"excerpt":{"rendered":"<p data-start=\"54\" data-end=\"260\">L\u1ea5y c\u1ea3m h\u1ee9ng t\u1eeb <strong data-start=\"70\" data-end=\"83\">c\u00e1nh b\u01b0\u1edbm<\/strong> \u2013 bi\u1ec3u t\u01b0\u1ee3ng c\u1ee7a <strong data-start=\"101\" data-end=\"141\">s\u1ef1 t\u00e1i sinh, t\u1ef1 do v\u00e0 v\u1ebb \u0111\u1eb9p t\u00e2m h\u1ed3n<\/strong>, chi\u1ebfc nh\u1eabn \u0111\u01b0\u1ee3c <strong data-start=\"159\" data-end=\"204\">ch\u1ebf t\u00e1c th\u1ee7 c\u00f4ng t\u1eeb \u0111\u1ed3ng v\u00e0ng nguy\u00ean ch\u1ea5t<\/strong>, v\u1edbi \u0111\u01b0\u1eddng n\u00e9t u\u1ed1n cong m\u1ec1m m\u1ea1i, \u00e1nh \u0111\u1ed3ng m\u1edd tinh t\u1ebf.<\/p>\n<p data-start=\"262\" data-end=\"456\" data-is-last-node=\"\" data-is-only-node=\"\">Thi\u1ebft k\u1ebf <strong data-start=\"271\" data-end=\"308\">nh\u1eb9 nh\u00e0ng, n\u1eef t\u00ednh v\u00e0 thanh tho\u00e1t<\/strong>, l\u00e0 <strong data-start=\"313\" data-end=\"364\">bi\u1ec3u t\u01b0\u1ee3ng c\u1ee7a kh\u1edfi \u0111\u1ea7u m\u1edbi v\u00e0 s\u1ee9c m\u1ea1nh n\u1ed9i t\u00e2m<\/strong>, th\u00edch h\u1ee3p \u0111eo h\u1eb1ng ng\u00e0y ho\u1eb7c l\u00e0m <strong data-start=\"399\" data-end=\"456\" data-is-last-node=\"\">qu\u00e0 t\u1eb7ng \u00fd ngh\u0129a g\u1eedi g\u1eafm l\u1eddi ch\u00fac h\u1ea1nh ph\u00fac v\u00e0 t\u1ef1 do.<\/strong><\/p>\n<p>Th\u00f4ng tin chi ti\u1ebft SP:<\/p>\n<p>\u2013 Ch\u1ea5t li\u1ec7u: \u0110\u1ed3ng thau, \u0111\u1ed3ng \u0111\u1ecf nguy\u00ean ch\u1ea5t<\/p>\n<p>\u2013 Nh\u1eadn l\u00e0m theo m\u1eabu, k\u00edch th\u01b0\u1edbc y\u00eau c\u1ea7u<\/p>\n<p>Kh\u00e1c bi\u1ec7t v\u1edbi nh\u1eefng m\u1eabu v\u00f2ng hi\u1ec7n \u0111\u1ea1i, v\u00f2ng ki\u1ec1ng l\u00e1 t\u1ea1i Tonkin Craft ch\u00ednh l\u00e0 \u201c\u0111\u1eb7c s\u1ea3n\u201d, l\u00e0m t\u00f4n l\u00ean n\u00e9t \u0111\u1eb9p truy\u1ec1n th\u1ed1ng v\u1ed1n c\u00f3 c\u1ee7a t\u00e0 \u00e1o d\u00e0i, \u00e1o l\u1ee5a. V\u1edbi k\u1ebft c\u1ea5u l\u00e0 chi\u1ebfc ki\u1ec1ng m\u1edf v\u00e0 l\u00e1, l\u00e0m \u0111i\u1ec3m nh\u1ea5n cho trang ph\u1ee5c th\u00eam ph\u1ea7n kh\u00e1c bi\u1ec7t v\u00e0 n\u1ed5i b\u1eadt g\u01b0\u01a1ng m\u1eb7t.<\/p>\n","protected":false},"featured_media":2518,"comment_status":"open","ping_status":"closed","template":"","meta":[],"product_brand":[],"product_cat":[277],"product_tag":[237,219,216,220,262,221,218,217,259,260],"class_list":{"0":"post-2023","1":"product","2":"type-product","3":"status-publish","4":"has-post-thumbnail","6":"product_cat-nhan","7":"product_tag-kieng-ao-lua","8":"product_tag-kieng-deo-co","9":"product_tag-kieng-dong","10":"product_tag-kieng-hoa-sen","11":"product_tag-nhan-dong","12":"product_tag-phu-kien-dong","13":"product_tag-vong-co","14":"product_tag-vong-dong","15":"product_tag-vong-tay-dong","16":"product_tag-vong-tay-thu-cong","18":"first","19":"instock","20":"shipping-taxable","21":"product-type-simple"},"aioseo_notices":[],"_links":{"self":[{"href":"https:\/\/tonkincraft.vn\/vn\/wp-json\/wp\/v2\/product\/2023","targetHints":{"allow":["GET"]}}],"collection":[{"href":"https:\/\/tonkincraft.vn\/vn\/wp-json\/wp\/v2\/product"}],"about":[{"href":"https:\/\/tonkincraft.vn\/vn\/wp-json\/wp\/v2\/types\/product"}],"replies":[{"embeddable":true,"href":"https:\/\/tonkincraft.vn\/vn\/wp-json\/wp\/v2\/comments?post=2023"}],"wp:featuredmedia":[{"embeddable":true,"href":"https:\/\/tonkincraft.vn\/vn\/wp-json\/wp\/v2\/media\/2518"}],"wp:attachment":[{"href":"https:\/\/tonkincraft.vn\/vn\/wp-json\/wp\/v2\/media?parent=2023"}],"wp:term":[{"taxonomy":"product_brand","embeddable":true,"href":"https:\/\/tonkincraft.vn\/vn\/wp-json\/wp\/v2\/product_brand?post=2023"},{"taxonomy":"product_cat","embeddable":true,"href":"https:\/\/tonkincraft.vn\/vn\/wp-json\/wp\/v2\/product_cat?post=2023"},{"taxonomy":"product_tag","embeddable":true,"href":"https:\/\/tonkincraft.vn\/vn\/wp-json\/wp\/v2\/product_tag?post=2023"}],"curies":[{"name":"wp","href":"https:\/\/api.w.org\/{rel}","templated":true}]}}