{"id":2022,"date":"2022-09-14T00:41:39","date_gmt":"2022-09-13T17:41:39","guid":{"rendered":"https:\/\/tonkincraft.vn\/vn\/?post_type=product&#038;p=2022"},"modified":"2025-10-10T22:26:37","modified_gmt":"2025-10-10T15:26:37","slug":"nhan-dong-la-ginkgo-cham-tay","status":"publish","type":"product","link":"https:\/\/tonkincraft.vn\/vn\/product\/nhan-dong-la-ginkgo-cham-tay\/","title":{"rendered":"Nh\u1eabn \u0110\u1ed3ng Ch\u1ea1m L\u00e1 B\u1ea1ch Q\u1ee7a"},"content":{"rendered":"<p data-start=\"0\" data-end=\"63\"><strong data-start=\"0\" data-end=\"61\">Nh\u1eabn Ch\u1ea1m L\u00e1 Ginkgo \u2013 B\u00ecnh an, tr\u01b0\u1eddng th\u1ecd v\u00e0 tinh t\u1ebf<\/strong><\/p>\n<p data-start=\"65\" data-end=\"283\">L\u1ea5y c\u1ea3m h\u1ee9ng t\u1eeb <strong data-start=\"81\" data-end=\"105\">l\u00e1 Ginkgo (b\u1ea1ch qu\u1ea3)<\/strong> \u2013 bi\u1ec3u t\u01b0\u1ee3ng c\u1ee7a <strong data-start=\"123\" data-end=\"170\">s\u1ee9c s\u1ed1ng b\u1ec1n b\u1ec9, tr\u00ed tu\u1ec7 v\u00e0 b\u00ecnh an n\u1ed9i t\u1ea1i<\/strong>, chi\u1ebfc <strong data-start=\"178\" data-end=\"206\">Nh\u1eabn \u0110\u1ed3ng Ch\u1ea1m L\u00e1 Ginkgo<\/strong> mang v\u1ebb \u0111\u1eb9p <strong data-start=\"219\" data-end=\"242\">t\u1ed1i gi\u1ea3n m\u00e0 s\u00e2u s\u1eafc<\/strong>, g\u1ee3i c\u1ea3m gi\u00e1c thanh tho\u00e1t v\u00e0 c\u00e2n b\u1eb1ng.<\/p>\n<p data-start=\"285\" data-end=\"576\">\u0110\u01b0\u1ee3c <strong data-start=\"290\" data-end=\"320\">ch\u1ebf t\u00e1c ho\u00e0n to\u00e0n th\u1ee7 c\u00f4ng<\/strong> t\u1eeb <strong data-start=\"324\" data-end=\"349\">\u0111\u1ed3ng v\u00e0ng nguy\u00ean ch\u1ea5t<\/strong>, t\u1eebng \u0111\u01b0\u1eddng g\u00e2n l\u00e1 \u0111\u01b0\u1ee3c <strong data-start=\"374\" data-end=\"391\">g\u00f2 ch\u1ea1m t\u1ec9 m\u1ec9<\/strong> b\u1eb1ng tay, t\u1ea1o n\u00ean b\u1ec1 m\u1eb7t s\u1ed1ng \u0111\u1ed9ng, \u00e1nh \u0111\u1ed3ng m\u1edd nh\u1eb9 nh\u00e0ng ph\u1ea3n chi\u1ebfu \u00e1nh s\u00e1ng t\u1ef1 nhi\u00ean. H\u00ecnh d\u00e1ng u\u1ed1n cong m\u1ec1m m\u1ea1i gi\u00fap nh\u1eabn \u00f4m v\u1eeba v\u1eb7n tay, t\u1ea1o c\u1ea3m gi\u00e1c tho\u1ea3i m\u00e1i khi \u0111eo h\u00e0ng ng\u00e0y.<\/p>\n<p data-start=\"578\" data-end=\"891\">\ud83c\udf43 <strong data-start=\"581\" data-end=\"603\">C\u1ea3m h\u1ee9ng &amp; \u00dd ngh\u0129a<\/strong><br data-start=\"603\" data-end=\"606\" \/>L\u00e1 Ginkgo \u2013 lo\u00e0i c\u00e2y \u0111\u00e3 t\u1ed3n t\u1ea1i h\u00e0ng tr\u0103m tri\u1ec7u n\u0103m \u2013 \u0111\u01b0\u1ee3c xem l\u00e0 <strong data-start=\"672\" data-end=\"731\">bi\u1ec3u t\u01b0\u1ee3ng c\u1ee7a tr\u01b0\u1eddng th\u1ecd, tr\u00ed tu\u1ec7 v\u00e0 s\u1ee9c s\u1ed1ng d\u1ebbo dai.<\/strong><br data-start=\"731\" data-end=\"734\" \/>Trong tri\u1ebft l\u00fd \u00c1 \u0110\u00f4ng, l\u00e1 b\u1ea1ch qu\u1ea3 c\u00f2n mang \u00fd ngh\u0129a <strong data-start=\"786\" data-end=\"809\">c\u00e2n b\u1eb1ng \u00e2m \u2013 d\u01b0\u01a1ng<\/strong>, gi\u00fap ng\u01b0\u1eddi \u0111eo gi\u1eef \u0111\u01b0\u1ee3c s\u1ef1 <strong data-start=\"838\" data-end=\"872\">b\u00ecnh t\u00e2m, s\u00e1ng su\u1ed1t v\u00e0 may m\u1eafn<\/strong> trong cu\u1ed9c s\u1ed1ng.<\/p>\n<p data-start=\"893\" data-end=\"922\">\ud83d\udc57 <strong data-start=\"896\" data-end=\"920\">Ph\u1ed1i c\u00f9ng trang ph\u1ee5c<\/strong><\/p>\n<ul data-start=\"923\" data-end=\"1184\">\n<li data-start=\"923\" data-end=\"990\">\n<p data-start=\"925\" data-end=\"990\"><strong data-start=\"925\" data-end=\"959\">Trang ph\u1ee5c t\u1ef1 nhi\u00ean, t\u1ed1i gi\u1ea3n:<\/strong> T\u00f4n l\u00ean v\u1ebb tinh t\u1ebf, g\u1ea7n g\u0169i.<\/p>\n<\/li>\n<li data-start=\"991\" data-end=\"1070\">\n<p data-start=\"993\" data-end=\"1070\"><strong data-start=\"993\" data-end=\"1029\">Phong c\u00e1ch thanh l\u1ecbch, hi\u1ec7n \u0111\u1ea1i:<\/strong> L\u00e0 \u0111i\u1ec3m nh\u1ea5n nh\u1eb9 nh\u00e0ng nh\u01b0ng \u1ea5n t\u01b0\u1ee3ng.<\/p>\n<\/li>\n<li data-start=\"1071\" data-end=\"1184\">\n<p data-start=\"1073\" data-end=\"1184\"><strong data-start=\"1073\" data-end=\"1122\">K\u1ebft h\u1ee3p v\u1edbi v\u00f2ng tay ho\u1eb7c khuy\u00ean tai c\u00f9ng b\u1ed9:<\/strong> T\u1ea1o n\u00ean t\u1ed5ng th\u1ec3 h\u00e0i h\u00f2a, mang phong c\u00e1ch th\u1ee7 c\u00f4ng \u0111\u1ed9c b\u1ea3n.<\/p>\n<\/li>\n<\/ul>\n<p data-start=\"1186\" data-end=\"1460\">\u2692\ufe0f <strong data-start=\"1189\" data-end=\"1218\">Ch\u1ebf t\u00e1c th\u1ee7 c\u00f4ng tinh x\u1ea3o<\/strong><br data-start=\"1218\" data-end=\"1221\" \/>M\u1ed7i chi\u1ebfc nh\u1eabn \u0111\u01b0\u1ee3c <strong data-start=\"1241\" data-end=\"1285\">g\u00f2 \u2013 ch\u1ea1m \u2013 \u0111\u00e1nh b\u00f3ng ho\u00e0n to\u00e0n b\u1eb1ng tay<\/strong>, kh\u00f4ng qua khu\u00f4n \u0111\u00fac, gi\u1eef l\u1ea1i <strong data-start=\"1316\" data-end=\"1367\">v\u1ebb ch\u00e2n th\u1ef1c c\u1ee7a kim lo\u1ea1i v\u00e0 d\u1ea5u v\u1ebft ngh\u1ec7 nh\u00e2n.<\/strong><br data-start=\"1367\" data-end=\"1370\" \/>V\u00ec v\u1eady, <strong data-start=\"1378\" data-end=\"1417\">m\u1ed7i chi\u1ebfc l\u00e0 m\u1ed9t phi\u00ean b\u1ea3n \u0111\u1ed9c nh\u1ea5t<\/strong>, mang linh h\u1ed3n ri\u00eang c\u1ee7a ng\u01b0\u1eddi l\u00e0m ngh\u1ec1.<\/p>\n<p data-start=\"1462\" data-end=\"1699\">\ud83c\udf81 <strong data-start=\"1465\" data-end=\"1488\">\u1ee8ng d\u1ee5ng &amp; Qu\u00e0 t\u1eb7ng<\/strong><br data-start=\"1488\" data-end=\"1491\" \/>Chi\u1ebfc nh\u1eabn l\u00e0 <strong data-start=\"1505\" data-end=\"1545\">bi\u1ec3u t\u01b0\u1ee3ng c\u1ee7a s\u1ef1 b\u00ecnh an v\u00e0 may m\u1eafn<\/strong>, th\u00edch h\u1ee3p l\u00e0m <strong data-start=\"1561\" data-end=\"1631\">m\u00f3n qu\u00e0 \u00fd ngh\u0129a d\u00e0nh cho b\u1ea3n th\u00e2n, ng\u01b0\u1eddi th\u00e2n, b\u1ea1n b\u00e8 ho\u1eb7c \u0111\u1ed1i t\u00e1c<\/strong>, g\u1eedi g\u1eafm l\u1eddi ch\u00fac v\u1ec1 <strong data-start=\"1653\" data-end=\"1697\">tr\u00ed tu\u1ec7, s\u1ee9c kh\u1ecfe v\u00e0 cu\u1ed9c s\u1ed1ng c\u00e2n b\u1eb1ng.<\/strong><\/p>\n<p data-start=\"1701\" data-end=\"1916\" data-is-last-node=\"\" data-is-only-node=\"\">\u2728<br data-start=\"1702\" data-end=\"1705\" \/><strong data-start=\"1705\" data-end=\"1733\">Nh\u1eabn \u0110\u1ed3ng Ch\u1ea1m L\u00e1 Ginkgo<\/strong> kh\u00f4ng ch\u1ec9 l\u00e0 m\u00f3n trang s\u1ee9c th\u1ee7 c\u00f4ng tinh x\u1ea3o, m\u00e0 c\u00f2n l\u00e0 <strong data-start=\"1790\" data-end=\"1849\">v\u1eadt mang n\u0103ng l\u01b0\u1ee3ng b\u00ecnh y\u00ean v\u00e0 s\u1ef1 b\u1ec1n b\u1ec9 c\u1ee7a th\u1eddi gian<\/strong>, \u0111\u01b0\u1ee3c Tonkin Craft g\u1eedi g\u1eafm qua b\u00e0n tay v\u00e0 t\u00e2m h\u1ed3n ng\u01b0\u1eddi ngh\u1ec7 nh\u00e2n.<\/p>\n","protected":false},"excerpt":{"rendered":"<p data-start=\"56\" data-end=\"279\">L\u1ea5y c\u1ea3m h\u1ee9ng t\u1eeb <strong data-start=\"72\" data-end=\"96\">l\u00e1 Ginkgo (b\u1ea1ch qu\u1ea3)<\/strong> \u2013 bi\u1ec3u t\u01b0\u1ee3ng c\u1ee7a <strong data-start=\"114\" data-end=\"150\">tr\u00ed tu\u1ec7, s\u1ee9c s\u1ed1ng v\u00e0 s\u1ef1 c\u00e2n b\u1eb1ng<\/strong>, chi\u1ebfc nh\u1eabn \u0111\u01b0\u1ee3c <strong data-start=\"168\" data-end=\"213\">ch\u1ebf t\u00e1c th\u1ee7 c\u00f4ng t\u1eeb \u0111\u1ed3ng v\u00e0ng nguy\u00ean ch\u1ea5t<\/strong>, v\u1edbi t\u1eebng \u0111\u01b0\u1eddng g\u00e2n l\u00e1 g\u00f2 ch\u1ea1m tinh x\u1ea3o, \u00e1nh \u0111\u1ed3ng m\u1edd thanh nh\u00e3.<\/p>\n<p data-start=\"281\" data-end=\"480\" data-is-last-node=\"\" data-is-only-node=\"\">Thi\u1ebft k\u1ebf <strong data-start=\"290\" data-end=\"322\">t\u1ed1i gi\u1ea3n, m\u1ec1m m\u1ea1i v\u00e0 tinh t\u1ebf<\/strong>, ph\u00f9 h\u1ee3p v\u1edbi nhi\u1ec1u phong c\u00e1ch, mang \u00fd ngh\u0129a <strong data-start=\"367\" data-end=\"414\">b\u00ecnh an, may m\u1eafn v\u00e0 b\u1ec1n v\u1eefng theo th\u1eddi gian<\/strong> \u2013 m\u00f3n qu\u00e0 \u00fd ngh\u0129a d\u00e0nh t\u1eb7ng cho <strong data-start=\"447\" data-end=\"480\" data-is-last-node=\"\">b\u1ea3n th\u00e2n ho\u1eb7c ng\u01b0\u1eddi th\u00e2n y\u00eau.<\/strong><\/p>\n<p>Th\u00f4ng tin chi ti\u1ebft SP:<\/p>\n<p>\u2013 Ch\u1ea5t li\u1ec7u: \u0110\u1ed3ng thau, \u0111\u1ed3ng \u0111\u1ecf nguy\u00ean ch\u1ea5t\/m\u1ea1 b\u1ea1c<\/p>\n<p>\u2013 Nh\u1eadn l\u00e0m theo m\u1eabu, k\u00edch th\u01b0\u1edbc y\u00eau c\u1ea7u<\/p>\n<p>Kh\u00e1c bi\u1ec7t v\u1edbi nh\u1eefng m\u1eabu v\u00f2ng hi\u1ec7n \u0111\u1ea1i, v\u00f2ng ki\u1ec1ng l\u00e1 t\u1ea1i Tonkin Craft ch\u00ednh l\u00e0 \u201c\u0111\u1eb7c s\u1ea3n\u201d, l\u00e0m t\u00f4n l\u00ean n\u00e9t \u0111\u1eb9p truy\u1ec1n th\u1ed1ng v\u1ed1n c\u00f3 c\u1ee7a t\u00e0 \u00e1o d\u00e0i, \u00e1o l\u1ee5a. V\u1edbi k\u1ebft c\u1ea5u l\u00e0 chi\u1ebfc ki\u1ec1ng m\u1edf v\u00e0 l\u00e1, l\u00e0m \u0111i\u1ec3m nh\u1ea5n cho trang ph\u1ee5c th\u00eam ph\u1ea7n kh\u00e1c bi\u1ec7t v\u00e0 n\u1ed5i b\u1eadt g\u01b0\u01a1ng m\u1eb7t.<\/p>\n","protected":false},"featured_media":1975,"comment_status":"open","ping_status":"closed","template":"","meta":[],"product_brand":[],"product_cat":[280,277],"product_tag":[237,219,216,220,262,221,218,217,259,260],"class_list":{"0":"post-2022","1":"product","2":"type-product","3":"status-publish","4":"has-post-thumbnail","6":"product_cat-bst-la-bach-qua","7":"product_cat-nhan","8":"product_tag-kieng-ao-lua","9":"product_tag-kieng-deo-co","10":"product_tag-kieng-dong","11":"product_tag-kieng-hoa-sen","12":"product_tag-nhan-dong","13":"product_tag-phu-kien-dong","14":"product_tag-vong-co","15":"product_tag-vong-dong","16":"product_tag-vong-tay-dong","17":"product_tag-vong-tay-thu-cong","19":"first","20":"instock","21":"shipping-taxable","22":"product-type-simple"},"aioseo_notices":[],"_links":{"self":[{"href":"https:\/\/tonkincraft.vn\/vn\/wp-json\/wp\/v2\/product\/2022","targetHints":{"allow":["GET"]}}],"collection":[{"href":"https:\/\/tonkincraft.vn\/vn\/wp-json\/wp\/v2\/product"}],"about":[{"href":"https:\/\/tonkincraft.vn\/vn\/wp-json\/wp\/v2\/types\/product"}],"replies":[{"embeddable":true,"href":"https:\/\/tonkincraft.vn\/vn\/wp-json\/wp\/v2\/comments?post=2022"}],"wp:featuredmedia":[{"embeddable":true,"href":"https:\/\/tonkincraft.vn\/vn\/wp-json\/wp\/v2\/media\/1975"}],"wp:attachment":[{"href":"https:\/\/tonkincraft.vn\/vn\/wp-json\/wp\/v2\/media?parent=2022"}],"wp:term":[{"taxonomy":"product_brand","embeddable":true,"href":"https:\/\/tonkincraft.vn\/vn\/wp-json\/wp\/v2\/product_brand?post=2022"},{"taxonomy":"product_cat","embeddable":true,"href":"https:\/\/tonkincraft.vn\/vn\/wp-json\/wp\/v2\/product_cat?post=2022"},{"taxonomy":"product_tag","embeddable":true,"href":"https:\/\/tonkincraft.vn\/vn\/wp-json\/wp\/v2\/product_tag?post=2022"}],"curies":[{"name":"wp","href":"https:\/\/api.w.org\/{rel}","templated":true}]}}