{"id":2015,"date":"2022-09-14T00:36:32","date_gmt":"2022-09-13T17:36:32","guid":{"rendered":"https:\/\/tonkincraft.vn\/vn\/?post_type=product&#038;p=2015"},"modified":"2025-10-08T23:29:39","modified_gmt":"2025-10-08T16:29:39","slug":"vong-tay-cham-vay-rong-dong-vang-do","status":"publish","type":"product","link":"https:\/\/tonkincraft.vn\/vn\/product\/vong-tay-cham-vay-rong-dong-vang-do\/","title":{"rendered":"V\u00f2ng Tay \u0110\u1ed3ng V\u00e0ng, \u0110\u1ecf Ch\u1ea1m V\u1ea3y R\u1ed3ng"},"content":{"rendered":"<h3 data-start=\"208\" data-end=\"285\"><strong data-start=\"212\" data-end=\"285\">V\u00f2ng Tay \u0110\u1ed3ng V\u00e0ng Ch\u1ea1m V\u1ea3y R\u1ed3ng \u2013 Uy nghi, th\u1ecbnh v\u01b0\u1ee3ng v\u00e0 tr\u01b0\u1eddng t\u1ed3n<\/strong><\/h3>\n<p data-start=\"287\" data-end=\"528\">L\u1ea5y c\u1ea3m h\u1ee9ng t\u1eeb h\u00ecnh t\u01b0\u1ee3ng <strong data-start=\"314\" data-end=\"322\">R\u1ed3ng<\/strong> \u2013 linh v\u1eadt cao qu\u00fd b\u1eadc nh\u1ea5t trong v\u0103n h\u00f3a \u00c1 \u0110\u00f4ng, bi\u1ec3u tr\u01b0ng cho <strong data-start=\"388\" data-end=\"441\">quy\u1ec1n uy, th\u1ecbnh v\u01b0\u1ee3ng v\u00e0 n\u0103ng l\u01b0\u1ee3ng d\u01b0\u01a1ng m\u1ea1nh m\u1ebd<\/strong>, chi\u1ebfc <strong data-start=\"449\" data-end=\"485\">V\u00f2ng Tay \u0110\u1ed3ng V\u00e0ng Ch\u1ea1m V\u1ea3y R\u1ed3ng<\/strong> mang v\u1ebb \u0111\u1eb9p v\u1eeba c\u1ed5 \u0111i\u1ec3n, v\u1eeba sang tr\u1ecdng.<\/p>\n<p data-start=\"530\" data-end=\"903\">M\u1ed7i \u0111\u01b0\u1eddng v\u1ea3y \u0111\u01b0\u1ee3c <strong data-start=\"549\" data-end=\"572\">ch\u1ea1m th\u1ee7 c\u00f4ng t\u1ec9 m\u1ec9<\/strong> tr\u00ean n\u1ec1n \u0111\u1ed3ng v\u00e0ng nguy\u00ean ch\u1ea5t, t\u1ea1o n\u00ean hi\u1ec7u \u1ee9ng \u00e1nh s\u00e1ng t\u1ef1 nhi\u00ean nh\u01b0 l\u1edbp v\u1ea3y r\u1ed3ng chuy\u1ec3n s\u1eafc trong n\u1eafng \u2013 m\u1ea1nh m\u1ebd m\u00e0 tinh t\u1ebf, r\u1ef1c r\u1ee1 nh\u01b0ng kh\u00f4ng ph\u00f4 tr\u01b0\u01a1ng.<br data-start=\"731\" data-end=\"734\" \/>Chi\u1ebfc v\u00f2ng l\u00e0 bi\u1ec3u t\u01b0\u1ee3ng cho <strong data-start=\"763\" data-end=\"803\">\u00fd ch\u00ed v\u01b0\u01a1n l\u00ean, may m\u1eafn v\u00e0 s\u1ef1 b\u1ea3o h\u1ed9<\/strong>, mang theo n\u0103ng l\u01b0\u1ee3ng t\u00edch c\u1ef1c c\u1ee7a R\u1ed3ng \u2013 linh v\u1eadt cai qu\u1ea3n m\u01b0a gi\u00f3 v\u00e0 \u0111em l\u1ea1i m\u00f9a m\u00e0ng, t\u00e0i l\u1ed9c.<\/p>\n<hr data-start=\"905\" data-end=\"908\" \/>\n<p data-start=\"910\" data-end=\"935\">\ud83d\udc09 <strong data-start=\"913\" data-end=\"935\">C\u1ea3m h\u1ee9ng &amp; \u00fd ngh\u0129a<\/strong><\/p>\n<p data-start=\"937\" data-end=\"991\">Trong v\u0103n h\u00f3a ph\u01b0\u01a1ng \u0110\u00f4ng, <strong data-start=\"964\" data-end=\"972\">R\u1ed3ng<\/strong> t\u01b0\u1ee3ng tr\u01b0ng cho:<\/p>\n<ul data-start=\"992\" data-end=\"1249\">\n<li data-start=\"992\" data-end=\"1065\">\n<p data-start=\"994\" data-end=\"1065\"><strong data-start=\"994\" data-end=\"1017\">S\u1ee9c m\u1ea1nh v\u00e0 tr\u00ed tu\u1ec7<\/strong>, bi\u1ec3u hi\u1ec7n c\u1ee7a ng\u01b0\u1eddi qu\u00e2n t\u1eed, ng\u01b0\u1eddi l\u00e3nh \u0111\u1ea1o.<\/p>\n<\/li>\n<li data-start=\"1066\" data-end=\"1156\">\n<p data-start=\"1068\" data-end=\"1156\"><strong data-start=\"1068\" data-end=\"1094\">Th\u1ecbnh v\u01b0\u1ee3ng v\u00e0 t\u00e0i l\u1ed9c<\/strong>, mang \u0111\u1ebfn may m\u1eafn, th\u00e0nh c\u00f4ng trong c\u00f4ng vi\u1ec7c v\u00e0 cu\u1ed9c s\u1ed1ng.<\/p>\n<\/li>\n<li data-start=\"1157\" data-end=\"1249\">\n<p data-start=\"1159\" data-end=\"1249\"><strong data-start=\"1159\" data-end=\"1188\">S\u1ef1 tr\u01b0\u1eddng t\u1ed3n v\u00e0 t\u00e1i sinh<\/strong>, t\u01b0\u1ee3ng tr\u01b0ng cho v\u00f2ng tu\u1ea7n ho\u00e0n c\u1ee7a thi\u00ean nhi\u00ean v\u00e0 v\u0169 tr\u1ee5.<\/p>\n<\/li>\n<\/ul>\n<p data-start=\"1251\" data-end=\"1426\">M\u1ed7i \u0111\u01b0\u1eddng ch\u1ea1m v\u1ea3y r\u1ed3ng kh\u00f4ng ch\u1ec9 mang gi\u00e1 tr\u1ecb th\u1ea9m m\u1ef9 m\u00e0 c\u00f2n ch\u1ee9a \u0111\u1ef1ng <strong data-start=\"1323\" data-end=\"1369\">tinh th\u1ea7n linh thi\u00eang v\u00e0 kh\u00ed v\u1eadn c\u00e1t t\u01b0\u1eddng<\/strong>, nh\u01b0 m\u1ed9t l\u1eddi ch\u00fac ph\u00fa qu\u00fd, an khang g\u1eedi \u0111\u1ebfn ng\u01b0\u1eddi \u0111eo.<\/p>\n<hr data-start=\"1428\" data-end=\"1431\" \/>\n<p data-start=\"1433\" data-end=\"1460\">\ud83d\udc54 <strong data-start=\"1436\" data-end=\"1460\">Ph\u1ed1i c\u00f9ng trang ph\u1ee5c<\/strong><\/p>\n<ul data-start=\"1462\" data-end=\"1813\">\n<li data-start=\"1462\" data-end=\"1587\">\n<p data-start=\"1464\" data-end=\"1587\"><strong data-start=\"1464\" data-end=\"1491\">Trang ph\u1ee5c th\u01b0\u1eddng ng\u00e0y:<\/strong> Mix c\u00f9ng s\u01a1 mi, \u00e1o linen ho\u1eb7c \u00e1o v\u1ea3i th\u00f4 \u2013 t\u1ea1o \u0111i\u1ec3m nh\u1ea5n tinh t\u1ebf, sang tr\u1ecdng m\u00e0 v\u1eabn t\u1ef1 nhi\u00ean.<\/p>\n<\/li>\n<li data-start=\"1588\" data-end=\"1704\">\n<p data-start=\"1590\" data-end=\"1704\"><strong data-start=\"1590\" data-end=\"1618\">Trang ph\u1ee5c truy\u1ec1n th\u1ed1ng:<\/strong> Khi k\u1ebft h\u1ee3p c\u00f9ng \u00e1o d\u00e0i ho\u1eb7c vest nam, chi\u1ebfc v\u00f2ng mang d\u00e1ng d\u1ea5p quy\u1ec1n qu\u00fd, ho\u00e0i c\u1ed5.<\/p>\n<\/li>\n<li data-start=\"1705\" data-end=\"1813\">\n<p data-start=\"1707\" data-end=\"1813\"><strong data-start=\"1707\" data-end=\"1731\">Phong c\u00e1ch hi\u1ec7n \u0111\u1ea1i:<\/strong> \u0110eo \u0111\u01a1n ho\u1eb7c k\u1ebft h\u1ee3p nhi\u1ec1u v\u00f2ng, th\u1ec3 hi\u1ec7n c\u00e1 t\u00ednh m\u1ea1nh m\u1ebd, \u0111\u1ed9c l\u1eadp v\u00e0 b\u1ea3n l\u0129nh.<\/p>\n<\/li>\n<\/ul>\n<hr data-start=\"1815\" data-end=\"1818\" \/>\n<p data-start=\"1820\" data-end=\"1852\">\u2692\ufe0f <strong data-start=\"1823\" data-end=\"1852\">Ch\u1ebf t\u00e1c th\u1ee7 c\u00f4ng tinh x\u1ea3o<\/strong><\/p>\n<p data-start=\"1854\" data-end=\"2187\">\u0110\u01b0\u1ee3c <strong data-start=\"1859\" data-end=\"1884\">ch\u1ebf t\u00e1c 100% th\u1ee7 c\u00f4ng<\/strong> b\u1edfi ngh\u1ec7 nh\u00e2n Tonkin Craft qua nhi\u1ec1u c\u00f4ng \u0111o\u1ea1n:<br data-start=\"1932\" data-end=\"1935\" \/>t\u1eeb <strong data-start=\"1938\" data-end=\"2015\">ch\u1ecdn \u0111\u1ed3ng, g\u00f2 t\u1ea1o d\u00e1ng, ch\u1ea1m kh\u1eafc t\u1eebng v\u1ea3y r\u1ed3ng \u0111\u1ebfn \u0111\u00e1nh b\u00f3ng m\u1edd t\u1ef1 nhi\u00ean<\/strong>, t\u1ea5t c\u1ea3 \u0111\u1ec1u \u0111\u01b0\u1ee3c th\u1ef1c hi\u1ec7n b\u1eb1ng tay, kh\u00f4ng qua khu\u00f4n \u0111\u00fac.<br data-start=\"2073\" data-end=\"2076\" \/>Nh\u1edd v\u1eady, <strong data-start=\"2085\" data-end=\"2127\">m\u1ed7i chi\u1ebfc v\u00f2ng l\u00e0 m\u1ed9t t\u00e1c ph\u1ea9m \u0111\u1ed9c b\u1ea3n<\/strong>, mang h\u1ed3n ngh\u1ec1 truy\u1ec1n th\u1ed1ng v\u00e0 h\u01a1i th\u1edf c\u1ee7a kim lo\u1ea1i s\u1ed1ng.<\/p>\n<hr data-start=\"2189\" data-end=\"2192\" \/>\n<p data-start=\"2194\" data-end=\"2220\">\ud83c\udf81 <strong data-start=\"2197\" data-end=\"2220\">\u1ee8ng d\u1ee5ng &amp; qu\u00e0 t\u1eb7ng<\/strong><\/p>\n<p data-start=\"2222\" data-end=\"2474\">L\u00e0 m\u00f3n <strong data-start=\"2229\" data-end=\"2253\">trang s\u1ee9c phong th\u1ee7y<\/strong> ph\u00f9 h\u1ee3p cho c\u1ea3 nam v\u00e0 n\u1eef, mang n\u0103ng l\u01b0\u1ee3ng m\u1ea1nh m\u1ebd v\u00e0 \u00fd ngh\u0129a ch\u00fac ph\u00fac.<br data-start=\"2325\" data-end=\"2328\" \/>Chi\u1ebfc v\u00f2ng \u0111\u1eb7c bi\u1ec7t th\u00edch h\u1ee3p l\u00e0m <strong data-start=\"2362\" data-end=\"2382\">qu\u00e0 t\u1eb7ng cao c\u1ea5p<\/strong> cho \u0111\u1ed1i t\u00e1c, ng\u01b0\u1eddi th\u00e2n hay b\u1ea1n b\u00e8 \u2013 nh\u01b0 l\u1eddi ch\u00fac <strong data-start=\"2433\" data-end=\"2471\">t\u00e0i l\u1ed9c, th\u1ecbnh v\u01b0\u1ee3ng v\u00e0 th\u00e0nh c\u00f4ng<\/strong>.<\/p>\n<hr data-start=\"2476\" data-end=\"2479\" \/>\n<p data-start=\"2481\" data-end=\"2524\">\u2728 <strong data-start=\"2483\" data-end=\"2524\">S\u1ef1 kh\u00e1c bi\u1ec7t c\u1ee7a \u0111\u1ed3 \u0111\u1ed3ng Tonkin Craft<\/strong><\/p>\n<ul data-start=\"2526\" data-end=\"2770\">\n<li data-start=\"2526\" data-end=\"2589\">\n<p data-start=\"2528\" data-end=\"2589\"><strong data-start=\"2528\" data-end=\"2550\">Th\u1ee7 c\u00f4ng ho\u00e0n to\u00e0n<\/strong>, kh\u00f4ng khu\u00f4n \u0111\u00fac, kh\u00f4ng c\u00f4ng nghi\u1ec7p.<\/p>\n<\/li>\n<li data-start=\"2590\" data-end=\"2668\">\n<p data-start=\"2592\" data-end=\"2668\"><strong data-start=\"2592\" data-end=\"2613\">\u0110\u1ed9c b\u1ea3n &amp; tinh t\u1ebf<\/strong>, m\u1ed7i s\u1ea3n ph\u1ea9m mang d\u1ea5u \u1ea5n ri\u00eang c\u1ee7a ng\u01b0\u1eddi ngh\u1ec7 nh\u00e2n.<\/p>\n<\/li>\n<li data-start=\"2669\" data-end=\"2770\">\n<p data-start=\"2671\" data-end=\"2770\"><strong data-start=\"2671\" data-end=\"2711\">K\u1ebft h\u1ee3p h\u00e0i h\u00f2a gi\u1eefa m\u1ef9 thu\u1eadt \u00c1 \u0110\u00f4ng<\/strong> v\u00e0 tinh th\u1ea7n hi\u1ec7n \u0111\u1ea1i, t\u1ea1o n\u00ean gi\u00e1 tr\u1ecb v\u0103n h\u00f3a b\u1ec1n v\u1eefng.<\/p>\n<\/li>\n<\/ul>\n<hr data-start=\"2772\" data-end=\"2775\" \/>\n<p data-start=\"2777\" data-end=\"2803\">\ud83d\udd38 <strong data-start=\"2780\" data-end=\"2803\">Ch\u1ea5t l\u01b0\u1ee3ng &amp; \u0111\u1ed9 b\u1ec1n<\/strong><\/p>\n<p data-start=\"2805\" data-end=\"2950\">\u0110\u1ed3ng Tonkin Craft <strong data-start=\"2823\" data-end=\"2845\">c\u00e0ng d\u00f9ng c\u00e0ng \u0111\u1eb9p<\/strong> \u2013 b\u1ec1 m\u1eb7t \u0111\u1ed3ng d\u1ea7n chuy\u1ec3n sang s\u1eafc <strong data-start=\"2880\" data-end=\"2900\">tr\u1ea7m \u1ea5m, c\u1ed5 \u0111i\u1ec3n<\/strong>, t\u1ea1o chi\u1ec1u s\u00e2u v\u00e0 n\u00e9t s\u1ed1ng \u0111\u1ed9ng theo th\u1eddi gian.<\/p>\n<hr data-start=\"2952\" data-end=\"2955\" \/>\n<p data-start=\"2957\" data-end=\"2983\">\ud83d\udca7 <strong data-start=\"2960\" data-end=\"2983\">Ch\u0103m s\u00f3c &amp; b\u1ea3o qu\u1ea3n<\/strong><\/p>\n<ul data-start=\"2985\" data-end=\"3186\">\n<li data-start=\"2985\" data-end=\"3062\">\n<p data-start=\"2987\" data-end=\"3062\">Khi v\u00f2ng x\u1ec9n m\u00e0u, c\u00f3 th\u1ec3 \u0111\u00e1nh s\u00e1ng b\u1eb1ng <strong data-start=\"3027\" data-end=\"3059\">chanh, gi\u1ea5m ho\u1eb7c baking soda<\/strong>.<\/p>\n<\/li>\n<li data-start=\"3063\" data-end=\"3118\">\n<p data-start=\"3065\" data-end=\"3118\">Tr\u00e1nh ti\u1ebfp x\u00fac v\u1edbi <strong data-start=\"3084\" data-end=\"3115\">n\u01b0\u1edbc hoa, x\u00e0 ph\u00f2ng, m\u1ef9 ph\u1ea9m<\/strong>.<\/p>\n<\/li>\n<li data-start=\"3119\" data-end=\"3186\">\n<p data-start=\"3121\" data-end=\"3186\">B\u1ea3o qu\u1ea3n trong <strong data-start=\"3136\" data-end=\"3167\">h\u1ed9p g\u1ed7 ho\u1eb7c t\u00fai v\u1ea3i kh\u00f4 r\u00e1o<\/strong>, k\u00e8m g\u00f3i h\u00fat \u1ea9m.<\/p>\n<\/li>\n<\/ul>\n<hr data-start=\"3188\" data-end=\"3191\" \/>\n<p data-start=\"3193\" data-end=\"3428\">\ud83c\udf3f<br data-start=\"3195\" data-end=\"3198\" \/><strong data-start=\"3198\" data-end=\"3234\">V\u00f2ng Tay \u0110\u1ed3ng V\u00e0ng Ch\u1ea1m V\u1ea3y R\u1ed3ng<\/strong> kh\u00f4ng ch\u1ec9 l\u00e0 m\u00f3n trang s\u1ee9c th\u1ee7 c\u00f4ng tinh x\u1ea3o, m\u00e0 c\u00f2n l\u00e0 <strong data-start=\"3291\" data-end=\"3353\">bi\u1ec3u t\u01b0\u1ee3ng c\u1ee7a quy\u1ec1n uy, may m\u1eafn v\u00e0 n\u0103ng l\u01b0\u1ee3ng th\u1ecbnh v\u01b0\u1ee3ng<\/strong> \u2013 l\u1eddi ch\u00fac t\u1ed1t l\u00e0nh m\u00e0 Tonkin Craft g\u1eedi g\u1eafm qua b\u00e0n tay ng\u01b0\u1eddi ngh\u1ec7 nh\u00e2n.<\/p>\n","protected":false},"excerpt":{"rendered":"<p data-start=\"3478\" data-end=\"3811\"><strong data-start=\"3478\" data-end=\"3574\">V\u00f2ng Tay \u0110\u1ed3ng V\u00e0ng Ch\u1ea1m V\u1ea3y R\u1ed3ng \u2013 Bi\u1ec3u t\u01b0\u1ee3ng c\u1ee7a quy\u1ec1n uy, th\u1ecbnh v\u01b0\u1ee3ng v\u00e0 s\u1ee9c m\u1ea1nh n\u1ed9i t\u00e2m.<\/strong><br data-start=\"3574\" data-end=\"3577\" \/>Ch\u1ea1m kh\u1eafc th\u1ee7 c\u00f4ng tr\u00ean n\u1ec1n \u0111\u1ed3ng v\u00e0ng nguy\u00ean ch\u1ea5t, t\u1eebng \u0111\u01b0\u1eddng v\u1ea3y r\u1ed3ng \u00e1nh l\u00ean s\u1eafc \u1ea5m huy\u1ec1n b\u00ed, t\u01b0\u1ee3ng tr\u01b0ng cho may m\u1eafn v\u00e0 n\u0103ng l\u01b0\u1ee3ng d\u01b0\u01a1ng c\u00e1t t\u01b0\u1eddng.<br data-start=\"3727\" data-end=\"3730\" \/>M\u1ed9t m\u00f3n trang s\u1ee9c phong th\u1ee7y \u0111\u1ed9c b\u1ea3n, mang l\u1ea1i t\u1ef1 tin v\u00e0 t\u00e0i l\u1ed9c cho ng\u01b0\u1eddi \u0111eo.<\/p>\n<p>Th\u00f4ng tin chi ti\u1ebft SP:<\/p>\n<p>\u2013 Ch\u1ea5t li\u1ec7u: \u0110\u1ed3ng thau, \u0111\u1ed3ng \u0111\u1ecf nguy\u00ean ch\u1ea5t<\/p>\n<p>\u2013 Ph\u01b0\u01a1ng c\u00e1ch ch\u1ebf t\u1ea1o: Th\u1ee7 c\u00f4ng, g\u00f2 tay<\/p>\n<p>\u2013 Xu\u1ea5t x\u1ee9: Vi\u1ec7t Nam<\/p>\n<p>\u2013 M\u00e0u s\u1eafc: v\u00e0ng<\/p>\n<p>\u2013 Nh\u1eadn l\u00e0m theo m\u1eabu, k\u00edch th\u01b0\u1edbc y\u00eau c\u1ea7u<\/p>\n<p>Kh\u00e1c bi\u1ec7t v\u1edbi nh\u1eefng m\u1eabu v\u00f2ng hi\u1ec7n \u0111\u1ea1i, v\u00f2ng ki\u1ec1ng l\u00e1 t\u1ea1i Tonkin Craft ch\u00ednh l\u00e0 \u201c\u0111\u1eb7c s\u1ea3n\u201d, l\u00e0m t\u00f4n l\u00ean n\u00e9t \u0111\u1eb9p truy\u1ec1n th\u1ed1ng v\u1ed1n c\u00f3 c\u1ee7a t\u00e0 \u00e1o d\u00e0i, \u00e1o l\u1ee5a. V\u1edbi k\u1ebft c\u1ea5u l\u00e0 chi\u1ebfc ki\u1ec1ng m\u1edf v\u00e0 l\u00e1, l\u00e0m \u0111i\u1ec3m nh\u1ea5n cho trang ph\u1ee5c th\u00eam ph\u1ea7n kh\u00e1c bi\u1ec7t v\u00e0 n\u1ed5i b\u1eadt g\u01b0\u01a1ng m\u1eb7t.<\/p>\n","protected":false},"featured_media":2017,"comment_status":"open","ping_status":"closed","template":"","meta":[],"product_brand":[],"product_cat":[276],"product_tag":[219,216,220,221,218,217,259,260],"class_list":{"0":"post-2015","1":"product","2":"type-product","3":"status-publish","4":"has-post-thumbnail","6":"product_cat-vong-tay","7":"product_tag-kieng-deo-co","8":"product_tag-kieng-dong","9":"product_tag-kieng-hoa-sen","10":"product_tag-phu-kien-dong","11":"product_tag-vong-co","12":"product_tag-vong-dong","13":"product_tag-vong-tay-dong","14":"product_tag-vong-tay-thu-cong","16":"first","17":"instock","18":"shipping-taxable","19":"product-type-simple"},"aioseo_notices":[],"_links":{"self":[{"href":"https:\/\/tonkincraft.vn\/vn\/wp-json\/wp\/v2\/product\/2015","targetHints":{"allow":["GET"]}}],"collection":[{"href":"https:\/\/tonkincraft.vn\/vn\/wp-json\/wp\/v2\/product"}],"about":[{"href":"https:\/\/tonkincraft.vn\/vn\/wp-json\/wp\/v2\/types\/product"}],"replies":[{"embeddable":true,"href":"https:\/\/tonkincraft.vn\/vn\/wp-json\/wp\/v2\/comments?post=2015"}],"wp:featuredmedia":[{"embeddable":true,"href":"https:\/\/tonkincraft.vn\/vn\/wp-json\/wp\/v2\/media\/2017"}],"wp:attachment":[{"href":"https:\/\/tonkincraft.vn\/vn\/wp-json\/wp\/v2\/media?parent=2015"}],"wp:term":[{"taxonomy":"product_brand","embeddable":true,"href":"https:\/\/tonkincraft.vn\/vn\/wp-json\/wp\/v2\/product_brand?post=2015"},{"taxonomy":"product_cat","embeddable":true,"href":"https:\/\/tonkincraft.vn\/vn\/wp-json\/wp\/v2\/product_cat?post=2015"},{"taxonomy":"product_tag","embeddable":true,"href":"https:\/\/tonkincraft.vn\/vn\/wp-json\/wp\/v2\/product_tag?post=2015"}],"curies":[{"name":"wp","href":"https:\/\/api.w.org\/{rel}","templated":true}]}}