{"id":1973,"date":"2022-09-14T00:00:09","date_gmt":"2022-09-13T17:00:09","guid":{"rendered":"https:\/\/tonkincraft.vn\/vn\/?post_type=product&#038;p=1973"},"modified":"2025-10-10T22:27:45","modified_gmt":"2025-10-10T15:27:45","slug":"nhan-dong-hinh-non-cham-chi","status":"publish","type":"product","link":"https:\/\/tonkincraft.vn\/vn\/product\/nhan-dong-hinh-non-cham-chi\/","title":{"rendered":"Nh\u1eabn \u0110\u1ed3ng Ch\u1ea1m H\u00ecnh N\u00f3n Th\u1ee7 C\u00f4ng"},"content":{"rendered":"<p data-start=\"0\" data-end=\"67\"><strong data-start=\"0\" data-end=\"65\">Nh\u1eabn \u0110\u1ed3ng Ch\u1ea1m H\u00ecnh N\u00f3n \u2013 M\u1ed9c m\u1ea1c, duy\u00ean d\u00e1ng v\u00e0 \u0111\u1eadm h\u1ed3n Vi\u1ec7t<\/strong><\/p>\n<p data-start=\"69\" data-end=\"341\">L\u1ea5y c\u1ea3m h\u1ee9ng t\u1eeb <strong data-start=\"85\" data-end=\"101\">chi\u1ebfc n\u00f3n l\u00e1<\/strong> \u2013 bi\u1ec3u t\u01b0\u1ee3ng quen thu\u1ed9c c\u1ee7a ng\u01b0\u1eddi Vi\u1ec7t Nam, g\u1eafn li\u1ec1n v\u1edbi h\u00ecnh \u1ea3nh ng\u01b0\u1eddi ph\u1ee5 n\u1eef d\u1ecbu d\u00e0ng, ch\u1ecbu th\u01b0\u01a1ng ch\u1ecbu kh\u00f3 \u2013 chi\u1ebfc <strong data-start=\"220\" data-end=\"247\">Nh\u1eabn \u0110\u1ed3ng Ch\u1ea1m H\u00ecnh N\u00f3n<\/strong> l\u00e0 s\u1ef1 k\u1ebft h\u1ee3p gi\u1eefa <strong data-start=\"267\" data-end=\"294\">v\u1ebb \u0111\u1eb9p d\u00e2n gian m\u1ed9c m\u1ea1c<\/strong> v\u00e0 <strong data-start=\"298\" data-end=\"338\">ngh\u1ec7 thu\u1eadt ch\u1ebf t\u00e1c th\u1ee7 c\u00f4ng tinh x\u1ea3o<\/strong>.<\/p>\n<p data-start=\"343\" data-end=\"572\">\u0110\u01b0\u1ee3c <strong data-start=\"348\" data-end=\"403\">g\u00f2 ch\u1ea1m ho\u00e0n to\u00e0n th\u1ee7 c\u00f4ng t\u1eeb \u0111\u1ed3ng v\u00e0ng nguy\u00ean ch\u1ea5t<\/strong>, m\u1eb7t nh\u1eabn m\u00f4 ph\u1ecfng d\u00e1ng n\u00f3n thu nh\u1ecf, t\u1eebng \u0111\u01b0\u1eddng ch\u1ea1m \u0111\u01b0\u1ee3c th\u1ef1c hi\u1ec7n t\u1ec9 m\u1ec9 \u0111\u1ec3 t\u00e1i hi\u1ec7n n\u1ebfp n\u00f3n t\u1ef1 nhi\u00ean, \u00e1nh \u0111\u1ed3ng m\u1edd c\u1ed5 \u0111i\u1ec3n g\u1ee3i c\u1ea3m gi\u00e1c \u1ea5m \u00e1p, g\u1ea7n g\u0169i m\u00e0 thanh l\u1ecbch.<\/p>\n<p data-start=\"574\" data-end=\"864\">\ud83d\udc52 <strong data-start=\"577\" data-end=\"599\">C\u1ea3m h\u1ee9ng &amp; \u00dd ngh\u0129a<\/strong><br data-start=\"599\" data-end=\"602\" \/>Chi\u1ebfc n\u00f3n l\u00e1 l\u00e0 bi\u1ec3u t\u01b0\u1ee3ng c\u1ee7a <strong data-start=\"633\" data-end=\"703\">s\u1ef1 d\u1ecbu d\u00e0ng, ki\u00ean nh\u1eabn v\u00e0 v\u1ebb \u0111\u1eb9p ch\u00e2n ph\u01b0\u01a1ng c\u1ee7a ng\u01b0\u1eddi ph\u1ee5 n\u1eef Vi\u1ec7t<\/strong>.<br data-start=\"704\" data-end=\"707\" \/>Chi\u1ebfc nh\u1eabn nh\u01b0 m\u1ed9t <strong data-start=\"726\" data-end=\"778\">l\u1eddi tri \u00e2n d\u00e0nh cho c\u1ed9i ngu\u1ed3n v\u00e0 b\u1ea3n s\u1eafc d\u00e2n t\u1ed9c<\/strong>, mang theo n\u0103ng l\u01b0\u1ee3ng <strong data-start=\"801\" data-end=\"830\">an y\u00ean, b\u1ec1n b\u1ec9 v\u00e0 m\u1ed9c m\u1ea1c<\/strong> \u2013 nh\u01b0 ch\u00ednh tinh th\u1ea7n Vi\u1ec7t Nam.<\/p>\n<p data-start=\"866\" data-end=\"895\">\ud83d\udc57 <strong data-start=\"869\" data-end=\"893\">Ph\u1ed1i c\u00f9ng trang ph\u1ee5c<\/strong><\/p>\n<ul data-start=\"896\" data-end=\"1124\">\n<li data-start=\"896\" data-end=\"959\">\n<p data-start=\"898\" data-end=\"959\"><strong data-start=\"898\" data-end=\"918\">\u00c1o d\u00e0i, v\u00e1y l\u1ee5a:<\/strong> T\u00f4n l\u00ean n\u00e9t thanh tho\u00e1t, truy\u1ec1n th\u1ed1ng.<\/p>\n<\/li>\n<li data-start=\"960\" data-end=\"1033\">\n<p data-start=\"962\" data-end=\"1033\"><strong data-start=\"962\" data-end=\"986\">Trang ph\u1ee5c t\u1ed1i gi\u1ea3n:<\/strong> T\u1ea1o \u0111i\u1ec3m nh\u1ea5n \u0111\u1ed9c \u0111\u00e1o, mang \u0111\u1eadm ch\u1ea5t \u00c1 \u0110\u00f4ng.<\/p>\n<\/li>\n<li data-start=\"1034\" data-end=\"1124\">\n<p data-start=\"1036\" data-end=\"1124\"><strong data-start=\"1036\" data-end=\"1060\">Phong c\u00e1ch hi\u1ec7n \u0111\u1ea1i:<\/strong> Gi\u00fap ng\u01b0\u1eddi \u0111eo th\u1ec3 hi\u1ec7n c\u00e1 t\u00ednh v\u00e0 t\u00ecnh y\u00eau v\u1edbi v\u0103n h\u00f3a Vi\u1ec7t.<\/p>\n<\/li>\n<\/ul>\n<p data-start=\"1126\" data-end=\"1402\">\u2692\ufe0f <strong data-start=\"1129\" data-end=\"1158\">Ch\u1ebf t\u00e1c th\u1ee7 c\u00f4ng tinh x\u1ea3o<\/strong><br data-start=\"1158\" data-end=\"1161\" \/>M\u1ed7i chi\u1ebfc nh\u1eabn \u0111\u01b0\u1ee3c <strong data-start=\"1181\" data-end=\"1224\">t\u1ea1o h\u00ecnh, g\u00f2 ch\u1ea1m v\u00e0 \u0111\u00e1nh b\u00f3ng b\u1eb1ng tay<\/strong>, kh\u00f4ng khu\u00f4n \u0111\u00fac, gi\u1eef l\u1ea1i <strong data-start=\"1251\" data-end=\"1298\">v\u1ebb ch\u00e2n th\u1ef1c v\u00e0 d\u1ea5u v\u1ebft c\u1ee7a ng\u01b0\u1eddi ngh\u1ec7 nh\u00e2n<\/strong>.<br data-start=\"1299\" data-end=\"1302\" \/>V\u00ec v\u1eady, <strong data-start=\"1310\" data-end=\"1337\">m\u1ed7i s\u1ea3n ph\u1ea9m l\u00e0 \u0111\u1ed9c b\u1ea3n<\/strong>, mang linh h\u1ed3n ri\u00eang, h\u00f2a quy\u1ec7n gi\u1eefa truy\u1ec1n th\u1ed1ng v\u00e0 hi\u1ec7n \u0111\u1ea1i.<\/p>\n<p data-start=\"1404\" data-end=\"1597\">\ud83c\udf81 <strong data-start=\"1407\" data-end=\"1430\">\u1ee8ng d\u1ee5ng &amp; Qu\u00e0 t\u1eb7ng<\/strong><br data-start=\"1430\" data-end=\"1433\" \/>Ph\u00f9 h\u1ee3p l\u00e0m <strong data-start=\"1445\" data-end=\"1472\">trang s\u1ee9c \u0111eo h\u1eb1ng ng\u00e0y<\/strong> ho\u1eb7c <strong data-start=\"1478\" data-end=\"1512\">qu\u00e0 t\u1eb7ng mang \u0111\u1eadm b\u1ea3n s\u1eafc Vi\u1ec7t<\/strong> \u2013 g\u1eedi g\u1eafm <strong data-start=\"1523\" data-end=\"1595\">ni\u1ec1m t\u1ef1 h\u00e0o, s\u1ef1 d\u1ecbu d\u00e0ng v\u00e0 v\u1ebb \u0111\u1eb9p b\u1ec1n b\u1ec9 c\u1ee7a ng\u01b0\u1eddi ph\u1ee5 n\u1eef Vi\u1ec7t Nam.<\/strong><\/p>\n<p data-start=\"1599\" data-end=\"1814\" data-is-last-node=\"\" data-is-only-node=\"\">\u2728<br data-start=\"1600\" data-end=\"1603\" \/><strong data-start=\"1603\" data-end=\"1630\">Nh\u1eabn \u0110\u1ed3ng Ch\u1ea1m H\u00ecnh N\u00f3n<\/strong> kh\u00f4ng ch\u1ec9 l\u00e0 m\u00f3n trang s\u1ee9c th\u1ee7 c\u00f4ng tinh x\u1ea3o, m\u00e0 c\u00f2n l\u00e0 <strong data-start=\"1687\" data-end=\"1746\">bi\u1ec3u t\u01b0\u1ee3ng c\u1ee7a qu\u00ea h\u01b0\u01a1ng, c\u1ee7a n\u00e9t \u0111\u1eb9p truy\u1ec1n th\u1ed1ng Vi\u1ec7t<\/strong>, \u0111\u01b0\u1ee3c Tonkin Craft l\u01b0u gi\u1eef v\u00e0 th\u1ed5i h\u1ed3n qua b\u00e0n tay ng\u01b0\u1eddi ngh\u1ec7 nh\u00e2n.<\/p>\n","protected":false},"excerpt":{"rendered":"<p data-start=\"57\" data-end=\"272\">L\u1ea5y c\u1ea3m h\u1ee9ng t\u1eeb <strong data-start=\"73\" data-end=\"102\">chi\u1ebfc n\u00f3n l\u00e1 truy\u1ec1n th\u1ed1ng<\/strong>, bi\u1ec3u t\u01b0\u1ee3ng c\u1ee7a <strong data-start=\"119\" data-end=\"170\">v\u1ebb \u0111\u1eb9p d\u1ecbu d\u00e0ng v\u00e0 b\u1ec1n b\u1ec9 c\u1ee7a ng\u01b0\u1eddi ph\u1ee5 n\u1eef Vi\u1ec7t<\/strong>, chi\u1ebfc nh\u1eabn \u0111\u01b0\u1ee3c <strong data-start=\"188\" data-end=\"233\">g\u00f2 ch\u1ea1m th\u1ee7 c\u00f4ng t\u1eeb \u0111\u1ed3ng v\u00e0ng nguy\u00ean ch\u1ea5t<\/strong>, m\u00f4 ph\u1ecfng d\u00e1ng n\u00f3n thu nh\u1ecf tinh x\u1ea3o.<\/p>\n<p data-start=\"274\" data-end=\"520\" data-is-last-node=\"\" data-is-only-node=\"\">\u00c1nh \u0111\u1ed3ng m\u1edd c\u1ed5 \u0111i\u1ec3n c\u00f9ng d\u1ea5u v\u1ebft b\u00e0n tay ngh\u1ec7 nh\u00e2n mang l\u1ea1i n\u00e9t <strong data-start=\"338\" data-end=\"370\">\u1ea5m \u00e1p, m\u1ed9c m\u1ea1c v\u00e0 thanh l\u1ecbch<\/strong>, v\u1eeba l\u00e0 <strong data-start=\"379\" data-end=\"400\">trang s\u1ee9c \u0111\u1ed9c b\u1ea3n<\/strong>, v\u1eeba l\u00e0 <strong data-start=\"409\" data-end=\"436\">bi\u1ec3u t\u01b0\u1ee3ng v\u0103n h\u00f3a Vi\u1ec7t<\/strong> \u2013 th\u00edch h\u1ee3p l\u00e0m <strong data-start=\"453\" data-end=\"473\">qu\u00e0 t\u1eb7ng \u00fd ngh\u0129a<\/strong> cho nh\u1eefng ng\u01b0\u1eddi tr\u00e2n qu\u00fd gi\u00e1 tr\u1ecb truy\u1ec1n th\u1ed1ng.<\/p>\n<p>Th\u00f4ng tin chi ti\u1ebft SP:<\/p>\n<p>\u2013 Ch\u1ea5t li\u1ec7u: \u0110\u1ed3ng thau, \u0111\u1ed3ng \u0111\u1ecf nguy\u00ean ch\u1ea5t<\/p>\n<p>\u2013 Nh\u1eadn l\u00e0m theo m\u1eabu, k\u00edch th\u01b0\u1edbc y\u00eau c\u1ea7u<\/p>\n<p>Kh\u00e1c bi\u1ec7t v\u1edbi nh\u1eefng m\u1eabu v\u00f2ng hi\u1ec7n \u0111\u1ea1i, v\u00f2ng ki\u1ec1ng l\u00e1 t\u1ea1i Tonkin Craft ch\u00ednh l\u00e0 \u201c\u0111\u1eb7c s\u1ea3n\u201d, l\u00e0m t\u00f4n l\u00ean n\u00e9t \u0111\u1eb9p truy\u1ec1n th\u1ed1ng v\u1ed1n c\u00f3 c\u1ee7a t\u00e0 \u00e1o d\u00e0i, \u00e1o l\u1ee5a. V\u1edbi k\u1ebft c\u1ea5u l\u00e0 chi\u1ebfc ki\u1ec1ng m\u1edf v\u00e0 l\u00e1, l\u00e0m \u0111i\u1ec3m nh\u1ea5n cho trang ph\u1ee5c th\u00eam ph\u1ea7n kh\u00e1c bi\u1ec7t v\u00e0 n\u1ed5i b\u1eadt g\u01b0\u01a1ng m\u1eb7t.<\/p>\n","protected":false},"featured_media":1936,"comment_status":"open","ping_status":"closed","template":"","meta":[],"product_brand":[],"product_cat":[277],"product_tag":[237,219,216,220,262,221,218,217,259,260],"class_list":{"0":"post-1973","1":"product","2":"type-product","3":"status-publish","4":"has-post-thumbnail","6":"product_cat-nhan","7":"product_tag-kieng-ao-lua","8":"product_tag-kieng-deo-co","9":"product_tag-kieng-dong","10":"product_tag-kieng-hoa-sen","11":"product_tag-nhan-dong","12":"product_tag-phu-kien-dong","13":"product_tag-vong-co","14":"product_tag-vong-dong","15":"product_tag-vong-tay-dong","16":"product_tag-vong-tay-thu-cong","18":"first","19":"instock","20":"shipping-taxable","21":"product-type-simple"},"aioseo_notices":[],"_links":{"self":[{"href":"https:\/\/tonkincraft.vn\/vn\/wp-json\/wp\/v2\/product\/1973","targetHints":{"allow":["GET"]}}],"collection":[{"href":"https:\/\/tonkincraft.vn\/vn\/wp-json\/wp\/v2\/product"}],"about":[{"href":"https:\/\/tonkincraft.vn\/vn\/wp-json\/wp\/v2\/types\/product"}],"replies":[{"embeddable":true,"href":"https:\/\/tonkincraft.vn\/vn\/wp-json\/wp\/v2\/comments?post=1973"}],"wp:featuredmedia":[{"embeddable":true,"href":"https:\/\/tonkincraft.vn\/vn\/wp-json\/wp\/v2\/media\/1936"}],"wp:attachment":[{"href":"https:\/\/tonkincraft.vn\/vn\/wp-json\/wp\/v2\/media?parent=1973"}],"wp:term":[{"taxonomy":"product_brand","embeddable":true,"href":"https:\/\/tonkincraft.vn\/vn\/wp-json\/wp\/v2\/product_brand?post=1973"},{"taxonomy":"product_cat","embeddable":true,"href":"https:\/\/tonkincraft.vn\/vn\/wp-json\/wp\/v2\/product_cat?post=1973"},{"taxonomy":"product_tag","embeddable":true,"href":"https:\/\/tonkincraft.vn\/vn\/wp-json\/wp\/v2\/product_tag?post=1973"}],"curies":[{"name":"wp","href":"https:\/\/api.w.org\/{rel}","templated":true}]}}